{"id":970,"date":"2025-02-25T18:44:50","date_gmt":"2025-02-25T18:44:50","guid":{"rendered":"https:\/\/kojicskineurope.live-website.com\/?post_type=product&#038;p=970"},"modified":"2026-03-01T22:51:00","modified_gmt":"2026-03-01T21:51:00","slug":"silka-lotion-eclaircissant-a-la-papaye-spf6-500ml","status":"publish","type":"product","link":"https:\/\/kojicskin-europe.com\/pt\/silka-lotion-eclaircissant-a-la-papaye-spf6-500ml\/","title":{"rendered":"Lo\u00e7\u00e3o corporal papaia SPF6 500ml - Silka"},"content":{"rendered":"<p>La lotion <strong>clareamento<\/strong> \u00e0 <strong>la papaye SPF6<\/strong> Silka combine l&rsquo;efficacit\u00e9 des<strong> enzimas da papaia<\/strong> e <strong>BHA<\/strong> pour \u00e9liminer les <strong>cellules mortes<\/strong> de la peau, r\u00e9v\u00e9lant une peau<strong> mais claro<\/strong>, <strong>fresco<\/strong> e <strong>rejuvenescido<\/strong>. Les enzymes de papaye offrent un exfoliant <strong>doux<\/strong> qui aide \u00e0 <strong>\u00e9liminer<\/strong> les<strong> cellules mortes<\/strong>, tandis que le BHA <strong>p\u00e9n\u00e8tre profond\u00e9ment<\/strong> dans <strong>les pores pour \u00e9liminer les impuret\u00e9s<\/strong> e <strong>pr\u00e9venir les imperfections<\/strong>.<\/p>\n<p>La vitamine B3, \u00e9galement connue sous le nom de<strong> niacinamida<\/strong>, aide \u00e0 <strong>esclarecer<\/strong> la peau de l&rsquo;<strong>int\u00e9rieur<\/strong>oferecer uma tez <strong>mais claro<\/strong>, <strong>plus uniforme<\/strong> e<strong> plus \u00e9clatant<\/strong>.<\/p>\n<p>Enrichi en hydratants <strong>doux<\/strong> e em <strong>revitalisants<\/strong>, ce produit <strong>alimentos<\/strong> la peau en profondeur, la laissant <strong>suave,<\/strong> <strong>flex\u00edvel<\/strong> e <strong>hidratado<\/strong>. Avec une <strong>protection SPF6,<\/strong> il aide \u00e0 prot\u00e9ger votre peau des effets <strong>n\u00e9fastes<\/strong> de<strong> rayons UV<\/strong>, pr\u00e9venant ainsi le teint sombre et les dommages caus\u00e9s par le soleil.<\/p>\n<p>Enriquecido com <strong>vitamina E<\/strong>, il prot\u00e8ge \u00e9galement contre<strong> le vieillissement<\/strong> pr\u00e9matur\u00e9 d\u00fb au soleil et \u00e0 la <strong>pollution environnementale<\/strong>, assurant une peau <strong>saud\u00e1vel<\/strong> e<strong> prot\u00e9g\u00e9e.<\/strong> Utilisez ce produit r\u00e9guli\u00e8rement pour une peau lumineuse, uniforme et bien prot\u00e9g\u00e9e tout au long de la journ\u00e9e.<\/p>","protected":false},"excerpt":{"rendered":"<ul>\n<li><strong>Preparado e expedido no prazo de 5 dias<\/strong><\/li>\n<li><strong>Papaye et BHA<\/strong>: \u00e9limine les cellules mortes<\/li>\n<li><strong>Vitamine B3<\/strong>: \u00e9claire la peau<\/li>\n<li>Hydratation profonde et protection SPF6<\/li>\n<li><strong>Vitamine E<\/strong>: prot\u00e8ge contre le vieillissement et la pollution<\/li>\n<li><strong>Formato<\/strong> : 500 ml<\/li>\n<\/ul>","protected":false},"featured_media":889,"template":"","meta":{"ocean_post_layout":"","ocean_both_sidebars_style":"","ocean_both_sidebars_content_width":0,"ocean_both_sidebars_sidebars_width":0,"ocean_sidebar":"0","ocean_second_sidebar":"0","ocean_disable_margins":"enable","ocean_add_body_class":"","ocean_shortcode_before_top_bar":"","ocean_shortcode_after_top_bar":"","ocean_shortcode_before_header":"","ocean_shortcode_after_header":"","ocean_has_shortcode":"","ocean_shortcode_after_title":"","ocean_shortcode_before_footer_widgets":"","ocean_shortcode_after_footer_widgets":"","ocean_shortcode_before_footer_bottom":"","ocean_shortcode_after_footer_bottom":"","ocean_display_top_bar":"default","ocean_display_header":"default","ocean_header_style":"","ocean_center_header_left_menu":"0","ocean_custom_header_template":"0","ocean_custom_logo":0,"ocean_custom_retina_logo":0,"ocean_custom_logo_max_width":0,"ocean_custom_logo_tablet_max_width":0,"ocean_custom_logo_mobile_max_width":0,"ocean_custom_logo_max_height":0,"ocean_custom_logo_tablet_max_height":0,"ocean_custom_logo_mobile_max_height":0,"ocean_header_custom_menu":"0","ocean_menu_typo_font_family":"0","ocean_menu_typo_font_subset":"","ocean_menu_typo_font_size":0,"ocean_menu_typo_font_size_tablet":0,"ocean_menu_typo_font_size_mobile":0,"ocean_menu_typo_font_size_unit":"px","ocean_menu_typo_font_weight":"","ocean_menu_typo_font_weight_tablet":"","ocean_menu_typo_font_weight_mobile":"","ocean_menu_typo_transform":"","ocean_menu_typo_transform_tablet":"","ocean_menu_typo_transform_mobile":"","ocean_menu_typo_line_height":0,"ocean_menu_typo_line_height_tablet":0,"ocean_menu_typo_line_height_mobile":0,"ocean_menu_typo_line_height_unit":"","ocean_menu_typo_spacing":0,"ocean_menu_typo_spacing_tablet":0,"ocean_menu_typo_spacing_mobile":0,"ocean_menu_typo_spacing_unit":"","ocean_menu_link_color":"","ocean_menu_link_color_hover":"","ocean_menu_link_color_active":"","ocean_menu_link_background":"","ocean_menu_link_hover_background":"","ocean_menu_link_active_background":"","ocean_menu_social_links_bg":"","ocean_menu_social_hover_links_bg":"","ocean_menu_social_links_color":"","ocean_menu_social_hover_links_color":"","ocean_disable_title":"default","ocean_disable_heading":"default","ocean_post_title":"","ocean_post_subheading":"","ocean_post_title_style":"","ocean_post_title_background_color":"","ocean_post_title_background":0,"ocean_post_title_bg_image_position":"","ocean_post_title_bg_image_attachment":"","ocean_post_title_bg_image_repeat":"","ocean_post_title_bg_image_size":"","ocean_post_title_height":0,"ocean_post_title_bg_overlay":0.5,"ocean_post_title_bg_overlay_color":"","ocean_disable_breadcrumbs":"default","ocean_breadcrumbs_color":"","ocean_breadcrumbs_separator_color":"","ocean_breadcrumbs_links_color":"","ocean_breadcrumbs_links_hover_color":"","ocean_display_footer_widgets":"default","ocean_display_footer_bottom":"default","ocean_custom_footer_template":"0"},"product_brand":[],"product_cat":[31,28],"product_tag":[],"class_list":{"0":"post-970","1":"product","2":"type-product","3":"status-publish","4":"has-post-thumbnail","6":"product_cat-silka-lotions-nettoyants","7":"product_cat-silka","9":"entry","10":"has-media","12":"first","13":"outofstock","14":"taxable","15":"shipping-taxable","16":"purchasable","17":"product-type-simple","18":"has-product-nav","19":"col","20":"span_1_of_3","21":"owp-content-center","22":"owp-thumbs-layout-horizontal","23":"owp-btn-normal","24":"owp-tabs-layout-horizontal","25":"has-no-thumbnails"},"yoast_head":"<!-- This site is optimized with the Yoast SEO plugin v27.3 - https:\/\/yoast.com\/product\/yoast-seo-wordpress\/ -->\n<title>Lotion corporelle \u00e0 la papaye SPF6 500ml - Silka<\/title>\n<meta name=\"description\" content=\"R\u00e9v\u00e9lez une peau claire et rajeunie avec notre soin enzymatique gr\u00e2ce \u00e0 la lotion Silka. Exp\u00e9dition rapide en 5 jours par Kojic Skin - Europe\" \/>\n<meta name=\"robots\" content=\"index, follow, max-snippet:-1, max-image-preview:large, max-video-preview:-1\" \/>\n<link rel=\"canonical\" href=\"https:\/\/kojicskin-europe.com\/pt\/silka-lotion-eclaircissant-a-la-papaye-spf6-500ml\/\" \/>\n<meta property=\"og:locale\" content=\"pt_PT\" \/>\n<meta property=\"og:type\" content=\"article\" \/>\n<meta property=\"og:title\" content=\"Lotion corporelle \u00e0 la papaye SPF6 500ml - Silka\" \/>\n<meta property=\"og:description\" content=\"R\u00e9v\u00e9lez une peau claire et rajeunie avec notre soin enzymatique gr\u00e2ce \u00e0 la lotion Silka. Exp\u00e9dition rapide en 5 jours par Kojic Skin - Europe\" \/>\n<meta property=\"og:url\" content=\"https:\/\/kojicskin-europe.com\/pt\/silka-lotion-eclaircissant-a-la-papaye-spf6-500ml\/\" \/>\n<meta property=\"og:site_name\" content=\"Kojic Skin Europe\" \/>\n<meta property=\"article:modified_time\" content=\"2026-03-01T21:51:00+00:00\" \/>\n<meta property=\"og:image\" content=\"https:\/\/kojicskin-europe.com\/wp-content\/uploads\/2024\/12\/silka-Lotion-elaircissante-visage-corps-papaye-kojic-skin-europe-1.webp\" \/>\n\t<meta property=\"og:image:width\" content=\"800\" \/>\n\t<meta property=\"og:image:height\" content=\"800\" \/>\n\t<meta property=\"og:image:type\" content=\"image\/webp\" \/>\n<meta name=\"twitter:card\" content=\"summary_large_image\" \/>\n<meta name=\"twitter:label1\" content=\"Tempo estimado de leitura\" \/>\n\t<meta name=\"twitter:data1\" content=\"2 minutos\" \/>\n<script type=\"application\/ld+json\" class=\"yoast-schema-graph\">{\"@context\":\"https:\\\/\\\/schema.org\",\"@graph\":[{\"@type\":\"WebPage\",\"@id\":\"https:\\\/\\\/kojicskin-europe.com\\\/silka-lotion-eclaircissant-a-la-papaye-spf6-500ml\\\/\",\"url\":\"https:\\\/\\\/kojicskin-europe.com\\\/silka-lotion-eclaircissant-a-la-papaye-spf6-500ml\\\/\",\"name\":\"Lotion corporelle \u00e0 la papaye SPF6 500ml - Silka\",\"isPartOf\":{\"@id\":\"https:\\\/\\\/kojicskin-europe.com\\\/#website\"},\"primaryImageOfPage\":{\"@id\":\"https:\\\/\\\/kojicskin-europe.com\\\/silka-lotion-eclaircissant-a-la-papaye-spf6-500ml\\\/#primaryimage\"},\"image\":{\"@id\":\"https:\\\/\\\/kojicskin-europe.com\\\/silka-lotion-eclaircissant-a-la-papaye-spf6-500ml\\\/#primaryimage\"},\"thumbnailUrl\":\"https:\\\/\\\/kojicskin-europe.com\\\/wp-content\\\/uploads\\\/2024\\\/12\\\/silka-Lotion-elaircissante-visage-corps-papaye-kojic-skin-europe-1.webp\",\"datePublished\":\"2025-02-25T18:44:50+00:00\",\"dateModified\":\"2026-03-01T21:51:00+00:00\",\"description\":\"R\u00e9v\u00e9lez une peau claire et rajeunie avec notre soin enzymatique gr\u00e2ce \u00e0 la lotion Silka. Exp\u00e9dition rapide en 5 jours par Kojic Skin - Europe\",\"breadcrumb\":{\"@id\":\"https:\\\/\\\/kojicskin-europe.com\\\/silka-lotion-eclaircissant-a-la-papaye-spf6-500ml\\\/#breadcrumb\"},\"inLanguage\":\"pt-PT\",\"potentialAction\":[{\"@type\":\"ReadAction\",\"target\":[\"https:\\\/\\\/kojicskin-europe.com\\\/silka-lotion-eclaircissant-a-la-papaye-spf6-500ml\\\/\"]}]},{\"@type\":\"ImageObject\",\"inLanguage\":\"pt-PT\",\"@id\":\"https:\\\/\\\/kojicskin-europe.com\\\/silka-lotion-eclaircissant-a-la-papaye-spf6-500ml\\\/#primaryimage\",\"url\":\"https:\\\/\\\/kojicskin-europe.com\\\/wp-content\\\/uploads\\\/2024\\\/12\\\/silka-Lotion-elaircissante-visage-corps-papaye-kojic-skin-europe-1.webp\",\"contentUrl\":\"https:\\\/\\\/kojicskin-europe.com\\\/wp-content\\\/uploads\\\/2024\\\/12\\\/silka-Lotion-elaircissante-visage-corps-papaye-kojic-skin-europe-1.webp\",\"width\":800,\"height\":800},{\"@type\":\"BreadcrumbList\",\"@id\":\"https:\\\/\\\/kojicskin-europe.com\\\/silka-lotion-eclaircissant-a-la-papaye-spf6-500ml\\\/#breadcrumb\",\"itemListElement\":[{\"@type\":\"ListItem\",\"position\":1,\"name\":\"Accueil\",\"item\":\"https:\\\/\\\/kojicskin-europe.com\\\/\"},{\"@type\":\"ListItem\",\"position\":2,\"name\":\"Kojie San\",\"item\":\"https:\\\/\\\/kojicskin-europe.com\\\/kojie-san\\\/\"},{\"@type\":\"ListItem\",\"position\":3,\"name\":\"Lotion corporelle \u00e0 la papaye SPF6 500ml &#8211; Silka\"}]},{\"@type\":\"WebSite\",\"@id\":\"https:\\\/\\\/kojicskin-europe.com\\\/#website\",\"url\":\"https:\\\/\\\/kojicskin-europe.com\\\/\",\"name\":\"Kojic Skin Europe\",\"description\":\"\",\"publisher\":{\"@id\":\"https:\\\/\\\/kojicskin-europe.com\\\/#organization\"},\"potentialAction\":[{\"@type\":\"SearchAction\",\"target\":{\"@type\":\"EntryPoint\",\"urlTemplate\":\"https:\\\/\\\/kojicskin-europe.com\\\/?s={search_term_string}\"},\"query-input\":{\"@type\":\"PropertyValueSpecification\",\"valueRequired\":true,\"valueName\":\"search_term_string\"}}],\"inLanguage\":\"pt-PT\"},{\"@type\":\"Organization\",\"@id\":\"https:\\\/\\\/kojicskin-europe.com\\\/#organization\",\"name\":\"Kojic Skin Europe\",\"url\":\"https:\\\/\\\/kojicskin-europe.com\\\/\",\"logo\":{\"@type\":\"ImageObject\",\"inLanguage\":\"pt-PT\",\"@id\":\"https:\\\/\\\/kojicskin-europe.com\\\/#\\\/schema\\\/logo\\\/image\\\/\",\"url\":\"https:\\\/\\\/kojicskin-europe.com\\\/wp-content\\\/uploads\\\/2024\\\/11\\\/kojic-skin-europe-logo.png\",\"contentUrl\":\"https:\\\/\\\/kojicskin-europe.com\\\/wp-content\\\/uploads\\\/2024\\\/11\\\/kojic-skin-europe-logo.png\",\"width\":2078,\"height\":541,\"caption\":\"Kojic Skin Europe\"},\"image\":{\"@id\":\"https:\\\/\\\/kojicskin-europe.com\\\/#\\\/schema\\\/logo\\\/image\\\/\"}}]}<\/script>\n<!-- \/ Yoast SEO plugin. -->","yoast_head_json":{"title":"Lotion corporelle \u00e0 la papaye SPF6 500ml - Silka","description":"R\u00e9v\u00e9lez une peau claire et rajeunie avec notre soin enzymatique gr\u00e2ce \u00e0 la lotion Silka. Exp\u00e9dition rapide en 5 jours par Kojic Skin - Europe","robots":{"index":"index","follow":"follow","max-snippet":"max-snippet:-1","max-image-preview":"max-image-preview:large","max-video-preview":"max-video-preview:-1"},"canonical":"https:\/\/kojicskin-europe.com\/pt\/silka-lotion-eclaircissant-a-la-papaye-spf6-500ml\/","og_locale":"pt_PT","og_type":"article","og_title":"Lotion corporelle \u00e0 la papaye SPF6 500ml - Silka","og_description":"R\u00e9v\u00e9lez une peau claire et rajeunie avec notre soin enzymatique gr\u00e2ce \u00e0 la lotion Silka. Exp\u00e9dition rapide en 5 jours par Kojic Skin - Europe","og_url":"https:\/\/kojicskin-europe.com\/pt\/silka-lotion-eclaircissant-a-la-papaye-spf6-500ml\/","og_site_name":"Kojic Skin Europe","article_modified_time":"2026-03-01T21:51:00+00:00","og_image":[{"width":800,"height":800,"url":"https:\/\/kojicskin-europe.com\/wp-content\/uploads\/2024\/12\/silka-Lotion-elaircissante-visage-corps-papaye-kojic-skin-europe-1.webp","type":"image\/webp"}],"twitter_card":"summary_large_image","twitter_misc":{"Tempo estimado de leitura":"2 minutos"},"schema":{"@context":"https:\/\/schema.org","@graph":[{"@type":"WebPage","@id":"https:\/\/kojicskin-europe.com\/silka-lotion-eclaircissant-a-la-papaye-spf6-500ml\/","url":"https:\/\/kojicskin-europe.com\/silka-lotion-eclaircissant-a-la-papaye-spf6-500ml\/","name":"Lotion corporelle \u00e0 la papaye SPF6 500ml - Silka","isPartOf":{"@id":"https:\/\/kojicskin-europe.com\/#website"},"primaryImageOfPage":{"@id":"https:\/\/kojicskin-europe.com\/silka-lotion-eclaircissant-a-la-papaye-spf6-500ml\/#primaryimage"},"image":{"@id":"https:\/\/kojicskin-europe.com\/silka-lotion-eclaircissant-a-la-papaye-spf6-500ml\/#primaryimage"},"thumbnailUrl":"https:\/\/kojicskin-europe.com\/wp-content\/uploads\/2024\/12\/silka-Lotion-elaircissante-visage-corps-papaye-kojic-skin-europe-1.webp","datePublished":"2025-02-25T18:44:50+00:00","dateModified":"2026-03-01T21:51:00+00:00","description":"R\u00e9v\u00e9lez une peau claire et rajeunie avec notre soin enzymatique gr\u00e2ce \u00e0 la lotion Silka. Exp\u00e9dition rapide en 5 jours par Kojic Skin - Europe","breadcrumb":{"@id":"https:\/\/kojicskin-europe.com\/silka-lotion-eclaircissant-a-la-papaye-spf6-500ml\/#breadcrumb"},"inLanguage":"pt-PT","potentialAction":[{"@type":"ReadAction","target":["https:\/\/kojicskin-europe.com\/silka-lotion-eclaircissant-a-la-papaye-spf6-500ml\/"]}]},{"@type":"ImageObject","inLanguage":"pt-PT","@id":"https:\/\/kojicskin-europe.com\/silka-lotion-eclaircissant-a-la-papaye-spf6-500ml\/#primaryimage","url":"https:\/\/kojicskin-europe.com\/wp-content\/uploads\/2024\/12\/silka-Lotion-elaircissante-visage-corps-papaye-kojic-skin-europe-1.webp","contentUrl":"https:\/\/kojicskin-europe.com\/wp-content\/uploads\/2024\/12\/silka-Lotion-elaircissante-visage-corps-papaye-kojic-skin-europe-1.webp","width":800,"height":800},{"@type":"BreadcrumbList","@id":"https:\/\/kojicskin-europe.com\/silka-lotion-eclaircissant-a-la-papaye-spf6-500ml\/#breadcrumb","itemListElement":[{"@type":"ListItem","position":1,"name":"Accueil","item":"https:\/\/kojicskin-europe.com\/"},{"@type":"ListItem","position":2,"name":"Kojie San","item":"https:\/\/kojicskin-europe.com\/kojie-san\/"},{"@type":"ListItem","position":3,"name":"Lotion corporelle \u00e0 la papaye SPF6 500ml &#8211; Silka"}]},{"@type":"WebSite","@id":"https:\/\/kojicskin-europe.com\/#website","url":"https:\/\/kojicskin-europe.com\/","name":"Pele Kojic Europa","description":"","publisher":{"@id":"https:\/\/kojicskin-europe.com\/#organization"},"potentialAction":[{"@type":"SearchAction","target":{"@type":"EntryPoint","urlTemplate":"https:\/\/kojicskin-europe.com\/?s={search_term_string}"},"query-input":{"@type":"PropertyValueSpecification","valueRequired":true,"valueName":"search_term_string"}}],"inLanguage":"pt-PT"},{"@type":"Organization","@id":"https:\/\/kojicskin-europe.com\/#organization","name":"Pele Kojic Europa","url":"https:\/\/kojicskin-europe.com\/","logo":{"@type":"ImageObject","inLanguage":"pt-PT","@id":"https:\/\/kojicskin-europe.com\/#\/schema\/logo\/image\/","url":"https:\/\/kojicskin-europe.com\/wp-content\/uploads\/2024\/11\/kojic-skin-europe-logo.png","contentUrl":"https:\/\/kojicskin-europe.com\/wp-content\/uploads\/2024\/11\/kojic-skin-europe-logo.png","width":2078,"height":541,"caption":"Kojic Skin Europe"},"image":{"@id":"https:\/\/kojicskin-europe.com\/#\/schema\/logo\/image\/"}}]}},"_links":{"self":[{"href":"https:\/\/kojicskin-europe.com\/pt\/wp-json\/wp\/v2\/product\/970","targetHints":{"allow":["GET"]}}],"collection":[{"href":"https:\/\/kojicskin-europe.com\/pt\/wp-json\/wp\/v2\/product"}],"about":[{"href":"https:\/\/kojicskin-europe.com\/pt\/wp-json\/wp\/v2\/types\/product"}],"version-history":[{"count":0,"href":"https:\/\/kojicskin-europe.com\/pt\/wp-json\/wp\/v2\/product\/970\/revisions"}],"wp:featuredmedia":[{"embeddable":true,"href":"https:\/\/kojicskin-europe.com\/pt\/wp-json\/wp\/v2\/media\/889"}],"wp:attachment":[{"href":"https:\/\/kojicskin-europe.com\/pt\/wp-json\/wp\/v2\/media?parent=970"}],"wp:term":[{"taxonomy":"product_brand","embeddable":true,"href":"https:\/\/kojicskin-europe.com\/pt\/wp-json\/wp\/v2\/product_brand?post=970"},{"taxonomy":"product_cat","embeddable":true,"href":"https:\/\/kojicskin-europe.com\/pt\/wp-json\/wp\/v2\/product_cat?post=970"},{"taxonomy":"product_tag","embeddable":true,"href":"https:\/\/kojicskin-europe.com\/pt\/wp-json\/wp\/v2\/product_tag?post=970"}],"curies":[{"name":"wp","href":"https:\/\/api.w.org\/{rel}","templated":true}]}}