{"id":969,"date":"2025-02-25T18:44:49","date_gmt":"2025-02-25T18:44:49","guid":{"rendered":"https:\/\/kojicskineurope.live-website.com\/?post_type=product&#038;p=969"},"modified":"2026-04-10T12:07:07","modified_gmt":"2026-04-10T10:07:07","slug":"locao-facial-e-corporal-silka-papaia-200ml","status":"publish","type":"product","link":"https:\/\/kojicskin-europe.com\/pt\/silka-lotion-corps-et-visage-a-la-papaye-200ml\/","title":{"rendered":"Lo\u00e7\u00e3o corporal Papaya SPF6 200ml - Silka"},"content":{"rendered":"<p><strong>Revelar uma pele radiante com Silka Papaya Lo\u00e7\u00e3o para o rosto e corpo!<\/strong><\/p>\n<p>A nossa f\u00f3rmula m\u00e1gica combina o poder de <strong>enzimas da papaia<\/strong> e <strong>BHA<\/strong> para ca\u00e7ar <strong>c\u00e9lulas mortas<\/strong>e revelar uma pele <strong>mais brilhante<\/strong>, <strong>fresco<\/strong> e <strong>rejuvenescido<\/strong>. As enzimas da papaia oferecem <strong>esfolia\u00e7\u00e3o suave<\/strong> mas<strong> efetivo<\/strong>O BHA penetra em profundidade para eliminar as impurezas e prevenir as imperfei\u00e7\u00f5es.<\/p>\n<p><strong>Radi\u00e2ncia natural garantida!<\/strong><\/p>\n<p>Com o <strong>vitamina B3<\/strong>ou <strong>niacinamida<\/strong>desfrutar de uma tez radiante <strong>visivelmente mais claro<\/strong>, <strong>uniforme<\/strong> e <strong>deslumbrante<\/strong>iluminado a partir do interior.<\/p>\n<p><strong>Suavidade e hidrata\u00e7\u00e3o<\/strong><\/p>\n<p>Enriquecida com agentes hidratantes e revitalizantes, esta lo\u00e7\u00e3o <strong>nutre intensamente<\/strong> a sua pele, o <strong>deixar macio<\/strong>, <strong>flex\u00edvel<\/strong> e perfeitamente <strong>hidratado<\/strong>. Para al\u00e9m disso, com<strong> SPF6<\/strong>Diga adeus aos efeitos nocivos dos raios UV e aos danos causados pelo sol.<\/p>\n<p><strong>Prote\u00e7\u00e3o refor\u00e7ada<\/strong><\/p>\n<p>Com o <strong>vitamina E<\/strong>a sua pele \u00e9 <strong>protegido<\/strong> contra <strong>envelhecimento<\/strong> devido a<strong> sol<\/strong> e <strong>polui\u00e7\u00e3o<\/strong>. Utilize esta maravilha regularmente para manter a sua pele<strong> brilhante<\/strong>, <strong>uniforme<\/strong> e bem <strong>protegido durante todo o dia<\/strong>.<\/p>\n<p><strong>Escolha Silka e descubra a beleza natural da sua pele!<\/strong><\/p>\n<p>Vendido pela loja oficial da Silka na Europa, Kojic Skin - Europe.<\/p>","protected":false},"excerpt":{"rendered":"<ul>\n<li><strong>Preparado e expedido no prazo de 5 dias<\/strong><\/li>\n<li>Papaia e BHA: elimina as c\u00e9lulas mortas<\/li>\n<li>Pele mais clara, fresca e com aspeto mais jovem<\/li>\n<li>Vitamina B3: uma tez mais clara, mais uniforme e mais luminosa<\/li>\n<li>Hidrata\u00e7\u00e3o e revitaliza\u00e7\u00e3o: pele macia, flex\u00edvel e hidratada<\/li>\n<li>Prote\u00e7\u00e3o SPF6: contra os raios UV e os danos causados pelo sol<\/li>\n<li><strong>Formato <\/strong>: 200 ml<\/li>\n<\/ul>","protected":false},"featured_media":763,"template":"","meta":{"ocean_post_layout":"","ocean_both_sidebars_style":"","ocean_both_sidebars_content_width":0,"ocean_both_sidebars_sidebars_width":0,"ocean_sidebar":"0","ocean_second_sidebar":"0","ocean_disable_margins":"enable","ocean_add_body_class":"","ocean_shortcode_before_top_bar":"","ocean_shortcode_after_top_bar":"","ocean_shortcode_before_header":"","ocean_shortcode_after_header":"","ocean_has_shortcode":"","ocean_shortcode_after_title":"","ocean_shortcode_before_footer_widgets":"","ocean_shortcode_after_footer_widgets":"","ocean_shortcode_before_footer_bottom":"","ocean_shortcode_after_footer_bottom":"","ocean_display_top_bar":"default","ocean_display_header":"default","ocean_header_style":"","ocean_center_header_left_menu":"0","ocean_custom_header_template":"0","ocean_custom_logo":0,"ocean_custom_retina_logo":0,"ocean_custom_logo_max_width":0,"ocean_custom_logo_tablet_max_width":0,"ocean_custom_logo_mobile_max_width":0,"ocean_custom_logo_max_height":0,"ocean_custom_logo_tablet_max_height":0,"ocean_custom_logo_mobile_max_height":0,"ocean_header_custom_menu":"0","ocean_menu_typo_font_family":"0","ocean_menu_typo_font_subset":"","ocean_menu_typo_font_size":0,"ocean_menu_typo_font_size_tablet":0,"ocean_menu_typo_font_size_mobile":0,"ocean_menu_typo_font_size_unit":"px","ocean_menu_typo_font_weight":"","ocean_menu_typo_font_weight_tablet":"","ocean_menu_typo_font_weight_mobile":"","ocean_menu_typo_transform":"","ocean_menu_typo_transform_tablet":"","ocean_menu_typo_transform_mobile":"","ocean_menu_typo_line_height":0,"ocean_menu_typo_line_height_tablet":0,"ocean_menu_typo_line_height_mobile":0,"ocean_menu_typo_line_height_unit":"","ocean_menu_typo_spacing":0,"ocean_menu_typo_spacing_tablet":0,"ocean_menu_typo_spacing_mobile":0,"ocean_menu_typo_spacing_unit":"","ocean_menu_link_color":"","ocean_menu_link_color_hover":"","ocean_menu_link_color_active":"","ocean_menu_link_background":"","ocean_menu_link_hover_background":"","ocean_menu_link_active_background":"","ocean_menu_social_links_bg":"","ocean_menu_social_hover_links_bg":"","ocean_menu_social_links_color":"","ocean_menu_social_hover_links_color":"","ocean_disable_title":"default","ocean_disable_heading":"default","ocean_post_title":"","ocean_post_subheading":"","ocean_post_title_style":"","ocean_post_title_background_color":"","ocean_post_title_background":0,"ocean_post_title_bg_image_position":"","ocean_post_title_bg_image_attachment":"","ocean_post_title_bg_image_repeat":"","ocean_post_title_bg_image_size":"","ocean_post_title_height":0,"ocean_post_title_bg_overlay":0.5,"ocean_post_title_bg_overlay_color":"","ocean_disable_breadcrumbs":"default","ocean_breadcrumbs_color":"","ocean_breadcrumbs_separator_color":"","ocean_breadcrumbs_links_color":"","ocean_breadcrumbs_links_hover_color":"","ocean_display_footer_widgets":"default","ocean_display_footer_bottom":"default","ocean_custom_footer_template":"0"},"product_brand":[],"product_cat":[31,28],"product_tag":[],"class_list":{"0":"post-969","1":"product","2":"type-product","3":"status-publish","4":"has-post-thumbnail","6":"product_cat-silka-lotions-nettoyants","7":"product_cat-silka","9":"entry","10":"has-media","12":"first","13":"instock","14":"taxable","15":"shipping-taxable","16":"purchasable","17":"product-type-simple","18":"has-product-nav","19":"col","20":"span_1_of_3","21":"owp-content-center","22":"owp-thumbs-layout-horizontal","23":"owp-btn-normal","24":"owp-tabs-layout-horizontal","25":"has-no-thumbnails"},"yoast_head":"<!-- This site is optimized with the Yoast SEO plugin v27.3 - https:\/\/yoast.com\/product\/yoast-seo-wordpress\/ -->\n<title>Lotion corporelle SPF6 \u00e0 la papaye 200ml - Silka<\/title>\n<meta name=\"description\" content=\"Lotion papaye Silka : exfoliation douce, teint \u00e9clatant et protection contre le vieillissement pr\u00e9matur\u00e9. Commandez maintenant !\" \/>\n<meta name=\"robots\" content=\"index, follow, max-snippet:-1, max-image-preview:large, max-video-preview:-1\" \/>\n<link rel=\"canonical\" href=\"https:\/\/kojicskin-europe.com\/pt\/locao-facial-e-corporal-silka-papaia-200ml\/\" \/>\n<meta property=\"og:locale\" content=\"pt_PT\" \/>\n<meta property=\"og:type\" content=\"article\" \/>\n<meta property=\"og:title\" content=\"Lotion corporelle SPF6 \u00e0 la papaye 200ml - Silka\" \/>\n<meta property=\"og:description\" content=\"Lotion papaye Silka : exfoliation douce, teint \u00e9clatant et protection contre le vieillissement pr\u00e9matur\u00e9. Commandez maintenant !\" \/>\n<meta property=\"og:url\" content=\"https:\/\/kojicskin-europe.com\/pt\/locao-facial-e-corporal-silka-papaia-200ml\/\" \/>\n<meta property=\"og:site_name\" content=\"Kojic Skin Europe\" \/>\n<meta property=\"article:modified_time\" content=\"2026-04-10T10:07:07+00:00\" \/>\n<meta property=\"og:image\" content=\"https:\/\/kojicskin-europe.com\/wp-content\/uploads\/2024\/12\/silka-Lotion-elaircissante-visage-corps-papaye-kojic-skin-europe.webp\" \/>\n\t<meta property=\"og:image:width\" content=\"800\" \/>\n\t<meta property=\"og:image:height\" content=\"800\" \/>\n\t<meta property=\"og:image:type\" content=\"image\/webp\" \/>\n<meta name=\"twitter:card\" content=\"summary_large_image\" \/>\n<meta name=\"twitter:label1\" content=\"Tempo estimado de leitura\" \/>\n\t<meta name=\"twitter:data1\" content=\"2 minutos\" \/>\n<script type=\"application\/ld+json\" class=\"yoast-schema-graph\">{\"@context\":\"https:\\\/\\\/schema.org\",\"@graph\":[{\"@type\":\"WebPage\",\"@id\":\"https:\\\/\\\/kojicskin-europe.com\\\/silka-lotion-corps-et-visage-a-la-papaye-200ml\\\/\",\"url\":\"https:\\\/\\\/kojicskin-europe.com\\\/silka-lotion-corps-et-visage-a-la-papaye-200ml\\\/\",\"name\":\"Lotion corporelle SPF6 \u00e0 la papaye 200ml - Silka\",\"isPartOf\":{\"@id\":\"https:\\\/\\\/kojicskin-europe.com\\\/#website\"},\"primaryImageOfPage\":{\"@id\":\"https:\\\/\\\/kojicskin-europe.com\\\/silka-lotion-corps-et-visage-a-la-papaye-200ml\\\/#primaryimage\"},\"image\":{\"@id\":\"https:\\\/\\\/kojicskin-europe.com\\\/silka-lotion-corps-et-visage-a-la-papaye-200ml\\\/#primaryimage\"},\"thumbnailUrl\":\"https:\\\/\\\/kojicskin-europe.com\\\/wp-content\\\/uploads\\\/2024\\\/12\\\/silka-Lotion-elaircissante-visage-corps-papaye-kojic-skin-europe.webp\",\"datePublished\":\"2025-02-25T18:44:49+00:00\",\"dateModified\":\"2026-04-10T10:07:07+00:00\",\"description\":\"Lotion papaye Silka : exfoliation douce, teint \u00e9clatant et protection contre le vieillissement pr\u00e9matur\u00e9. Commandez maintenant !\",\"breadcrumb\":{\"@id\":\"https:\\\/\\\/kojicskin-europe.com\\\/silka-lotion-corps-et-visage-a-la-papaye-200ml\\\/#breadcrumb\"},\"inLanguage\":\"pt-PT\",\"potentialAction\":[{\"@type\":\"ReadAction\",\"target\":[\"https:\\\/\\\/kojicskin-europe.com\\\/silka-lotion-corps-et-visage-a-la-papaye-200ml\\\/\"]}]},{\"@type\":\"ImageObject\",\"inLanguage\":\"pt-PT\",\"@id\":\"https:\\\/\\\/kojicskin-europe.com\\\/silka-lotion-corps-et-visage-a-la-papaye-200ml\\\/#primaryimage\",\"url\":\"https:\\\/\\\/kojicskin-europe.com\\\/wp-content\\\/uploads\\\/2024\\\/12\\\/silka-Lotion-elaircissante-visage-corps-papaye-kojic-skin-europe.webp\",\"contentUrl\":\"https:\\\/\\\/kojicskin-europe.com\\\/wp-content\\\/uploads\\\/2024\\\/12\\\/silka-Lotion-elaircissante-visage-corps-papaye-kojic-skin-europe.webp\",\"width\":800,\"height\":800},{\"@type\":\"BreadcrumbList\",\"@id\":\"https:\\\/\\\/kojicskin-europe.com\\\/silka-lotion-corps-et-visage-a-la-papaye-200ml\\\/#breadcrumb\",\"itemListElement\":[{\"@type\":\"ListItem\",\"position\":1,\"name\":\"Accueil\",\"item\":\"https:\\\/\\\/kojicskin-europe.com\\\/\"},{\"@type\":\"ListItem\",\"position\":2,\"name\":\"Kojie San\",\"item\":\"https:\\\/\\\/kojicskin-europe.com\\\/kojie-san\\\/\"},{\"@type\":\"ListItem\",\"position\":3,\"name\":\"Lotion corporelle SPF6 \u00e0 la papaye 200ml &#8211; Silka\"}]},{\"@type\":\"WebSite\",\"@id\":\"https:\\\/\\\/kojicskin-europe.com\\\/#website\",\"url\":\"https:\\\/\\\/kojicskin-europe.com\\\/\",\"name\":\"Kojic Skin Europe\",\"description\":\"\",\"publisher\":{\"@id\":\"https:\\\/\\\/kojicskin-europe.com\\\/#organization\"},\"potentialAction\":[{\"@type\":\"SearchAction\",\"target\":{\"@type\":\"EntryPoint\",\"urlTemplate\":\"https:\\\/\\\/kojicskin-europe.com\\\/?s={search_term_string}\"},\"query-input\":{\"@type\":\"PropertyValueSpecification\",\"valueRequired\":true,\"valueName\":\"search_term_string\"}}],\"inLanguage\":\"pt-PT\"},{\"@type\":\"Organization\",\"@id\":\"https:\\\/\\\/kojicskin-europe.com\\\/#organization\",\"name\":\"Kojic Skin Europe\",\"url\":\"https:\\\/\\\/kojicskin-europe.com\\\/\",\"logo\":{\"@type\":\"ImageObject\",\"inLanguage\":\"pt-PT\",\"@id\":\"https:\\\/\\\/kojicskin-europe.com\\\/#\\\/schema\\\/logo\\\/image\\\/\",\"url\":\"https:\\\/\\\/kojicskin-europe.com\\\/wp-content\\\/uploads\\\/2024\\\/11\\\/kojic-skin-europe-logo.png\",\"contentUrl\":\"https:\\\/\\\/kojicskin-europe.com\\\/wp-content\\\/uploads\\\/2024\\\/11\\\/kojic-skin-europe-logo.png\",\"width\":2078,\"height\":541,\"caption\":\"Kojic Skin Europe\"},\"image\":{\"@id\":\"https:\\\/\\\/kojicskin-europe.com\\\/#\\\/schema\\\/logo\\\/image\\\/\"}}]}<\/script>\n<!-- \/ Yoast SEO plugin. -->","yoast_head_json":{"title":"Lo\u00e7\u00e3o corporal Papaya SPF6 200ml - Silka","description":"Lo\u00e7\u00e3o de papaia Silka: esfolia\u00e7\u00e3o suave, tez radiante e prote\u00e7\u00e3o contra o envelhecimento prematuro. Encomendar agora!","robots":{"index":"index","follow":"follow","max-snippet":"max-snippet:-1","max-image-preview":"max-image-preview:large","max-video-preview":"max-video-preview:-1"},"canonical":"https:\/\/kojicskin-europe.com\/pt\/locao-facial-e-corporal-silka-papaia-200ml\/","og_locale":"pt_PT","og_type":"article","og_title":"Lotion corporelle SPF6 \u00e0 la papaye 200ml - Silka","og_description":"Lotion papaye Silka : exfoliation douce, teint \u00e9clatant et protection contre le vieillissement pr\u00e9matur\u00e9. Commandez maintenant !","og_url":"https:\/\/kojicskin-europe.com\/pt\/locao-facial-e-corporal-silka-papaia-200ml\/","og_site_name":"Kojic Skin Europe","article_modified_time":"2026-04-10T10:07:07+00:00","og_image":[{"width":800,"height":800,"url":"https:\/\/kojicskin-europe.com\/wp-content\/uploads\/2024\/12\/silka-Lotion-elaircissante-visage-corps-papaye-kojic-skin-europe.webp","type":"image\/webp"}],"twitter_card":"summary_large_image","twitter_misc":{"Tempo estimado de leitura":"2 minutos"},"schema":{"@context":"https:\/\/schema.org","@graph":[{"@type":"WebPage","@id":"https:\/\/kojicskin-europe.com\/silka-lotion-corps-et-visage-a-la-papaye-200ml\/","url":"https:\/\/kojicskin-europe.com\/silka-lotion-corps-et-visage-a-la-papaye-200ml\/","name":"Lo\u00e7\u00e3o corporal Papaya SPF6 200ml - Silka","isPartOf":{"@id":"https:\/\/kojicskin-europe.com\/#website"},"primaryImageOfPage":{"@id":"https:\/\/kojicskin-europe.com\/silka-lotion-corps-et-visage-a-la-papaye-200ml\/#primaryimage"},"image":{"@id":"https:\/\/kojicskin-europe.com\/silka-lotion-corps-et-visage-a-la-papaye-200ml\/#primaryimage"},"thumbnailUrl":"https:\/\/kojicskin-europe.com\/wp-content\/uploads\/2024\/12\/silka-Lotion-elaircissante-visage-corps-papaye-kojic-skin-europe.webp","datePublished":"2025-02-25T18:44:49+00:00","dateModified":"2026-04-10T10:07:07+00:00","description":"Lo\u00e7\u00e3o de papaia Silka: esfolia\u00e7\u00e3o suave, tez radiante e prote\u00e7\u00e3o contra o envelhecimento prematuro. Encomendar agora!","breadcrumb":{"@id":"https:\/\/kojicskin-europe.com\/silka-lotion-corps-et-visage-a-la-papaye-200ml\/#breadcrumb"},"inLanguage":"pt-PT","potentialAction":[{"@type":"ReadAction","target":["https:\/\/kojicskin-europe.com\/silka-lotion-corps-et-visage-a-la-papaye-200ml\/"]}]},{"@type":"ImageObject","inLanguage":"pt-PT","@id":"https:\/\/kojicskin-europe.com\/silka-lotion-corps-et-visage-a-la-papaye-200ml\/#primaryimage","url":"https:\/\/kojicskin-europe.com\/wp-content\/uploads\/2024\/12\/silka-Lotion-elaircissante-visage-corps-papaye-kojic-skin-europe.webp","contentUrl":"https:\/\/kojicskin-europe.com\/wp-content\/uploads\/2024\/12\/silka-Lotion-elaircissante-visage-corps-papaye-kojic-skin-europe.webp","width":800,"height":800},{"@type":"BreadcrumbList","@id":"https:\/\/kojicskin-europe.com\/silka-lotion-corps-et-visage-a-la-papaye-200ml\/#breadcrumb","itemListElement":[{"@type":"ListItem","position":1,"name":"Accueil","item":"https:\/\/kojicskin-europe.com\/"},{"@type":"ListItem","position":2,"name":"Kojie San","item":"https:\/\/kojicskin-europe.com\/kojie-san\/"},{"@type":"ListItem","position":3,"name":"Lotion corporelle SPF6 \u00e0 la papaye 200ml &#8211; Silka"}]},{"@type":"WebSite","@id":"https:\/\/kojicskin-europe.com\/#website","url":"https:\/\/kojicskin-europe.com\/","name":"Pele Kojic Europa","description":"","publisher":{"@id":"https:\/\/kojicskin-europe.com\/#organization"},"potentialAction":[{"@type":"SearchAction","target":{"@type":"EntryPoint","urlTemplate":"https:\/\/kojicskin-europe.com\/?s={search_term_string}"},"query-input":{"@type":"PropertyValueSpecification","valueRequired":true,"valueName":"search_term_string"}}],"inLanguage":"pt-PT"},{"@type":"Organization","@id":"https:\/\/kojicskin-europe.com\/#organization","name":"Pele Kojic Europa","url":"https:\/\/kojicskin-europe.com\/","logo":{"@type":"ImageObject","inLanguage":"pt-PT","@id":"https:\/\/kojicskin-europe.com\/#\/schema\/logo\/image\/","url":"https:\/\/kojicskin-europe.com\/wp-content\/uploads\/2024\/11\/kojic-skin-europe-logo.png","contentUrl":"https:\/\/kojicskin-europe.com\/wp-content\/uploads\/2024\/11\/kojic-skin-europe-logo.png","width":2078,"height":541,"caption":"Kojic Skin Europe"},"image":{"@id":"https:\/\/kojicskin-europe.com\/#\/schema\/logo\/image\/"}}]}},"_links":{"self":[{"href":"https:\/\/kojicskin-europe.com\/pt\/wp-json\/wp\/v2\/product\/969","targetHints":{"allow":["GET"]}}],"collection":[{"href":"https:\/\/kojicskin-europe.com\/pt\/wp-json\/wp\/v2\/product"}],"about":[{"href":"https:\/\/kojicskin-europe.com\/pt\/wp-json\/wp\/v2\/types\/product"}],"version-history":[{"count":0,"href":"https:\/\/kojicskin-europe.com\/pt\/wp-json\/wp\/v2\/product\/969\/revisions"}],"wp:featuredmedia":[{"embeddable":true,"href":"https:\/\/kojicskin-europe.com\/pt\/wp-json\/wp\/v2\/media\/763"}],"wp:attachment":[{"href":"https:\/\/kojicskin-europe.com\/pt\/wp-json\/wp\/v2\/media?parent=969"}],"wp:term":[{"taxonomy":"product_brand","embeddable":true,"href":"https:\/\/kojicskin-europe.com\/pt\/wp-json\/wp\/v2\/product_brand?post=969"},{"taxonomy":"product_cat","embeddable":true,"href":"https:\/\/kojicskin-europe.com\/pt\/wp-json\/wp\/v2\/product_cat?post=969"},{"taxonomy":"product_tag","embeddable":true,"href":"https:\/\/kojicskin-europe.com\/pt\/wp-json\/wp\/v2\/product_tag?post=969"}],"curies":[{"name":"wp","href":"https:\/\/api.w.org\/{rel}","templated":true}]}}