{"id":931,"date":"2025-02-25T18:44:35","date_gmt":"2025-02-25T18:44:35","guid":{"rendered":"https:\/\/kojicskineurope.live-website.com\/?post_type=product&#038;p=931"},"modified":"2026-03-11T15:51:25","modified_gmt":"2026-03-11T14:51:25","slug":"silka-gel-douche-a-la-papaye-premium-500ml","status":"publish","type":"product","link":"https:\/\/kojicskin-europe.com\/pt\/silka-gel-douche-a-la-papaye-premium-500ml\/","title":{"rendered":"Gel de duche Luxe Papaya 500ml - Silka"},"content":{"rendered":"<p><strong>PREPARADO E EXPEDIDO NO PRAZO DE 5 DIAS<\/strong><\/p>\n<p>D\u00e9couvrez le Gel Douche Blanchissant Premium Silka Skin 500 ml, sp\u00e9cialement formul\u00e9 pour <strong>blanchir<\/strong> et prendre<strong> soin de votre peau<\/strong>. Gr\u00e2ce \u00e0 sa <strong>formule douce<\/strong> e <strong>sans savon<\/strong>, il g\u00e9n\u00e8re une <strong>mousse riche<\/strong> e<strong> cr\u00e9meuse<\/strong>, vous offrant<strong> une sensation de luxe<\/strong> \u00e0 chaque utilisation.<\/p>\n<p>L&rsquo;enzyme de<strong> papaye int\u00e9gr\u00e9e<\/strong> aide \u00e0<strong> remover c\u00e9lulas mortas<\/strong>revelando um <strong>peau plus claire<\/strong> e <strong>mais brilhante<\/strong>.<\/p>\n<p>Enriquecido com<strong> vitamine E,<\/strong> il <strong>hidratar<\/strong> e<strong> prot\u00e8ge<\/strong> a sua pele, o<strong> rendant plus douce<\/strong> e <strong>plus \u00e9lastique<\/strong>.<\/p>\n<p>De plus, son<strong> parfum frais et agr\u00e9able<\/strong> vous procure une <strong>sensation de bien-\u00eatre<\/strong> e <strong>fra\u00eecheur durable<\/strong> tout au long de la journ\u00e9e. Transformez votre <strong>routine de douche<\/strong> en une exp\u00e9rience luxueuse et b\u00e9n\u00e9fique pour votre peau avec ce gel douche exceptionnel.<\/p>","protected":false},"excerpt":{"rendered":"<ul>\n<li><strong>Preparado e expedido no prazo de 5 dias<\/strong><\/li>\n<li>Gel Douche Blanchissant Premium Silka Skin 500 ml<\/li>\n<li>Formule douce et sans savon: mousse riche et cr\u00e9meuse<\/li>\n<li>Enzyme de papaye: \u00e9limine les cellules mortes, r\u00e9v\u00e8le une peau plus claire et lumineuse<\/li>\n<li>Vitamine E: hydrate et prot\u00e8ge, rend la peau plus douce et \u00e9lastique<\/li>\n<li>Poids : 500 mL<\/li>\n<\/ul>","protected":false},"featured_media":793,"template":"","meta":{"ocean_post_layout":"","ocean_both_sidebars_style":"","ocean_both_sidebars_content_width":0,"ocean_both_sidebars_sidebars_width":0,"ocean_sidebar":"0","ocean_second_sidebar":"0","ocean_disable_margins":"enable","ocean_add_body_class":"","ocean_shortcode_before_top_bar":"","ocean_shortcode_after_top_bar":"","ocean_shortcode_before_header":"","ocean_shortcode_after_header":"","ocean_has_shortcode":"","ocean_shortcode_after_title":"","ocean_shortcode_before_footer_widgets":"","ocean_shortcode_after_footer_widgets":"","ocean_shortcode_before_footer_bottom":"","ocean_shortcode_after_footer_bottom":"","ocean_display_top_bar":"default","ocean_display_header":"default","ocean_header_style":"","ocean_center_header_left_menu":"0","ocean_custom_header_template":"0","ocean_custom_logo":0,"ocean_custom_retina_logo":0,"ocean_custom_logo_max_width":0,"ocean_custom_logo_tablet_max_width":0,"ocean_custom_logo_mobile_max_width":0,"ocean_custom_logo_max_height":0,"ocean_custom_logo_tablet_max_height":0,"ocean_custom_logo_mobile_max_height":0,"ocean_header_custom_menu":"0","ocean_menu_typo_font_family":"0","ocean_menu_typo_font_subset":"","ocean_menu_typo_font_size":0,"ocean_menu_typo_font_size_tablet":0,"ocean_menu_typo_font_size_mobile":0,"ocean_menu_typo_font_size_unit":"px","ocean_menu_typo_font_weight":"","ocean_menu_typo_font_weight_tablet":"","ocean_menu_typo_font_weight_mobile":"","ocean_menu_typo_transform":"","ocean_menu_typo_transform_tablet":"","ocean_menu_typo_transform_mobile":"","ocean_menu_typo_line_height":0,"ocean_menu_typo_line_height_tablet":0,"ocean_menu_typo_line_height_mobile":0,"ocean_menu_typo_line_height_unit":"","ocean_menu_typo_spacing":0,"ocean_menu_typo_spacing_tablet":0,"ocean_menu_typo_spacing_mobile":0,"ocean_menu_typo_spacing_unit":"","ocean_menu_link_color":"","ocean_menu_link_color_hover":"","ocean_menu_link_color_active":"","ocean_menu_link_background":"","ocean_menu_link_hover_background":"","ocean_menu_link_active_background":"","ocean_menu_social_links_bg":"","ocean_menu_social_hover_links_bg":"","ocean_menu_social_links_color":"","ocean_menu_social_hover_links_color":"","ocean_disable_title":"default","ocean_disable_heading":"default","ocean_post_title":"","ocean_post_subheading":"","ocean_post_title_style":"","ocean_post_title_background_color":"","ocean_post_title_background":0,"ocean_post_title_bg_image_position":"","ocean_post_title_bg_image_attachment":"","ocean_post_title_bg_image_repeat":"","ocean_post_title_bg_image_size":"","ocean_post_title_height":0,"ocean_post_title_bg_overlay":0.5,"ocean_post_title_bg_overlay_color":"","ocean_disable_breadcrumbs":"default","ocean_breadcrumbs_color":"","ocean_breadcrumbs_separator_color":"","ocean_breadcrumbs_links_color":"","ocean_breadcrumbs_links_hover_color":"","ocean_display_footer_widgets":"default","ocean_display_footer_bottom":"default","ocean_custom_footer_template":"0"},"product_brand":[],"product_cat":[29,28],"product_tag":[],"class_list":{"0":"post-931","1":"product","2":"type-product","3":"status-publish","4":"has-post-thumbnail","6":"product_cat-silka-savons-gels-douche","7":"product_cat-silka","9":"entry","10":"has-media","12":"first","13":"outofstock","14":"taxable","15":"shipping-taxable","16":"purchasable","17":"product-type-simple","18":"has-product-nav","19":"col","20":"span_1_of_3","21":"owp-content-center","22":"owp-thumbs-layout-horizontal","23":"owp-btn-normal","24":"owp-tabs-layout-horizontal","25":"has-no-thumbnails"},"yoast_head":"<!-- This site is optimized with the Yoast SEO plugin v27.3 - https:\/\/yoast.com\/product\/yoast-seo-wordpress\/ -->\n<title>Gel douche \u00e0 la papaye &quot;Premium&quot; 50 ml - Silka<\/title>\n<meta name=\"description\" content=\"Pr\u00eat \u00e0 transformer votre routine de douche en exp\u00e9rience luxueuse ? Commandez le gel douche \u00e0 la papaye d\u00e8s aujourd&#039;hui !\" \/>\n<meta name=\"robots\" content=\"index, follow, max-snippet:-1, max-image-preview:large, max-video-preview:-1\" \/>\n<link rel=\"canonical\" href=\"https:\/\/kojicskin-europe.com\/pt\/silka-gel-douche-a-la-papaye-premium-500ml\/\" \/>\n<meta property=\"og:locale\" content=\"pt_PT\" \/>\n<meta property=\"og:type\" content=\"article\" \/>\n<meta property=\"og:title\" content=\"Gel douche \u00e0 la papaye &quot;Premium&quot; 50 ml - Silka\" \/>\n<meta property=\"og:description\" content=\"Pr\u00eat \u00e0 transformer votre routine de douche en exp\u00e9rience luxueuse ? Commandez le gel douche \u00e0 la papaye d\u00e8s aujourd&#039;hui !\" \/>\n<meta property=\"og:url\" content=\"https:\/\/kojicskin-europe.com\/pt\/silka-gel-douche-a-la-papaye-premium-500ml\/\" \/>\n<meta property=\"og:site_name\" content=\"Kojic Skin Europe\" \/>\n<meta property=\"article:modified_time\" content=\"2026-03-11T14:51:25+00:00\" \/>\n<meta property=\"og:image\" content=\"https:\/\/kojicskin-europe.com\/wp-content\/uploads\/2024\/12\/silka-Gel-douche-eclaircissant-Papaya-kojic-skin-europe.webp\" \/>\n\t<meta property=\"og:image:width\" content=\"800\" \/>\n\t<meta property=\"og:image:height\" content=\"800\" \/>\n\t<meta property=\"og:image:type\" content=\"image\/webp\" \/>\n<meta name=\"twitter:card\" content=\"summary_large_image\" \/>\n<meta name=\"twitter:label1\" content=\"Tempo estimado de leitura\" \/>\n\t<meta name=\"twitter:data1\" content=\"1 minuto\" \/>\n<script type=\"application\/ld+json\" class=\"yoast-schema-graph\">{\"@context\":\"https:\\\/\\\/schema.org\",\"@graph\":[{\"@type\":\"WebPage\",\"@id\":\"https:\\\/\\\/kojicskin-europe.com\\\/silka-gel-douche-a-la-papaye-premium-500ml\\\/\",\"url\":\"https:\\\/\\\/kojicskin-europe.com\\\/silka-gel-douche-a-la-papaye-premium-500ml\\\/\",\"name\":\"Gel douche \u00e0 la papaye \\\"Premium\\\" 50 ml - Silka\",\"isPartOf\":{\"@id\":\"https:\\\/\\\/kojicskin-europe.com\\\/#website\"},\"primaryImageOfPage\":{\"@id\":\"https:\\\/\\\/kojicskin-europe.com\\\/silka-gel-douche-a-la-papaye-premium-500ml\\\/#primaryimage\"},\"image\":{\"@id\":\"https:\\\/\\\/kojicskin-europe.com\\\/silka-gel-douche-a-la-papaye-premium-500ml\\\/#primaryimage\"},\"thumbnailUrl\":\"https:\\\/\\\/kojicskin-europe.com\\\/wp-content\\\/uploads\\\/2024\\\/12\\\/silka-Gel-douche-eclaircissant-Papaya-kojic-skin-europe.webp\",\"datePublished\":\"2025-02-25T18:44:35+00:00\",\"dateModified\":\"2026-03-11T14:51:25+00:00\",\"description\":\"Pr\u00eat \u00e0 transformer votre routine de douche en exp\u00e9rience luxueuse ? Commandez le gel douche \u00e0 la papaye d\u00e8s aujourd'hui !\",\"breadcrumb\":{\"@id\":\"https:\\\/\\\/kojicskin-europe.com\\\/silka-gel-douche-a-la-papaye-premium-500ml\\\/#breadcrumb\"},\"inLanguage\":\"pt-PT\",\"potentialAction\":[{\"@type\":\"ReadAction\",\"target\":[\"https:\\\/\\\/kojicskin-europe.com\\\/silka-gel-douche-a-la-papaye-premium-500ml\\\/\"]}]},{\"@type\":\"ImageObject\",\"inLanguage\":\"pt-PT\",\"@id\":\"https:\\\/\\\/kojicskin-europe.com\\\/silka-gel-douche-a-la-papaye-premium-500ml\\\/#primaryimage\",\"url\":\"https:\\\/\\\/kojicskin-europe.com\\\/wp-content\\\/uploads\\\/2024\\\/12\\\/silka-Gel-douche-eclaircissant-Papaya-kojic-skin-europe.webp\",\"contentUrl\":\"https:\\\/\\\/kojicskin-europe.com\\\/wp-content\\\/uploads\\\/2024\\\/12\\\/silka-Gel-douche-eclaircissant-Papaya-kojic-skin-europe.webp\",\"width\":800,\"height\":800,\"caption\":\"silka-Gel-douche-eclaircissant-Papaya-kojic-skin-europe\"},{\"@type\":\"BreadcrumbList\",\"@id\":\"https:\\\/\\\/kojicskin-europe.com\\\/silka-gel-douche-a-la-papaye-premium-500ml\\\/#breadcrumb\",\"itemListElement\":[{\"@type\":\"ListItem\",\"position\":1,\"name\":\"Accueil\",\"item\":\"https:\\\/\\\/kojicskin-europe.com\\\/\"},{\"@type\":\"ListItem\",\"position\":2,\"name\":\"Kojie San\",\"item\":\"https:\\\/\\\/kojicskin-europe.com\\\/kojie-san\\\/\"},{\"@type\":\"ListItem\",\"position\":3,\"name\":\"Gel douche \u00e0 la papaye \u00ab\u00a0Luxe\u00a0\u00bb 500ml &#8211; Silka\"}]},{\"@type\":\"WebSite\",\"@id\":\"https:\\\/\\\/kojicskin-europe.com\\\/#website\",\"url\":\"https:\\\/\\\/kojicskin-europe.com\\\/\",\"name\":\"Kojic Skin Europe\",\"description\":\"\",\"publisher\":{\"@id\":\"https:\\\/\\\/kojicskin-europe.com\\\/#organization\"},\"potentialAction\":[{\"@type\":\"SearchAction\",\"target\":{\"@type\":\"EntryPoint\",\"urlTemplate\":\"https:\\\/\\\/kojicskin-europe.com\\\/?s={search_term_string}\"},\"query-input\":{\"@type\":\"PropertyValueSpecification\",\"valueRequired\":true,\"valueName\":\"search_term_string\"}}],\"inLanguage\":\"pt-PT\"},{\"@type\":\"Organization\",\"@id\":\"https:\\\/\\\/kojicskin-europe.com\\\/#organization\",\"name\":\"Kojic Skin Europe\",\"url\":\"https:\\\/\\\/kojicskin-europe.com\\\/\",\"logo\":{\"@type\":\"ImageObject\",\"inLanguage\":\"pt-PT\",\"@id\":\"https:\\\/\\\/kojicskin-europe.com\\\/#\\\/schema\\\/logo\\\/image\\\/\",\"url\":\"https:\\\/\\\/kojicskin-europe.com\\\/wp-content\\\/uploads\\\/2024\\\/11\\\/kojic-skin-europe-logo.png\",\"contentUrl\":\"https:\\\/\\\/kojicskin-europe.com\\\/wp-content\\\/uploads\\\/2024\\\/11\\\/kojic-skin-europe-logo.png\",\"width\":2078,\"height\":541,\"caption\":\"Kojic Skin Europe\"},\"image\":{\"@id\":\"https:\\\/\\\/kojicskin-europe.com\\\/#\\\/schema\\\/logo\\\/image\\\/\"}}]}<\/script>\n<!-- \/ Yoast SEO plugin. -->","yoast_head_json":{"title":"Gel douche \u00e0 la papaye \"Premium\" 50 ml - Silka","description":"Pr\u00eat \u00e0 transformer votre routine de douche en exp\u00e9rience luxueuse ? Commandez le gel douche \u00e0 la papaye d\u00e8s aujourd'hui !","robots":{"index":"index","follow":"follow","max-snippet":"max-snippet:-1","max-image-preview":"max-image-preview:large","max-video-preview":"max-video-preview:-1"},"canonical":"https:\/\/kojicskin-europe.com\/pt\/silka-gel-douche-a-la-papaye-premium-500ml\/","og_locale":"pt_PT","og_type":"article","og_title":"Gel douche \u00e0 la papaye \"Premium\" 50 ml - Silka","og_description":"Pr\u00eat \u00e0 transformer votre routine de douche en exp\u00e9rience luxueuse ? Commandez le gel douche \u00e0 la papaye d\u00e8s aujourd'hui !","og_url":"https:\/\/kojicskin-europe.com\/pt\/silka-gel-douche-a-la-papaye-premium-500ml\/","og_site_name":"Kojic Skin Europe","article_modified_time":"2026-03-11T14:51:25+00:00","og_image":[{"width":800,"height":800,"url":"https:\/\/kojicskin-europe.com\/wp-content\/uploads\/2024\/12\/silka-Gel-douche-eclaircissant-Papaya-kojic-skin-europe.webp","type":"image\/webp"}],"twitter_card":"summary_large_image","twitter_misc":{"Tempo estimado de leitura":"1 minuto"},"schema":{"@context":"https:\/\/schema.org","@graph":[{"@type":"WebPage","@id":"https:\/\/kojicskin-europe.com\/silka-gel-douche-a-la-papaye-premium-500ml\/","url":"https:\/\/kojicskin-europe.com\/silka-gel-douche-a-la-papaye-premium-500ml\/","name":"Gel douche \u00e0 la papaye \"Premium\" 50 ml - Silka","isPartOf":{"@id":"https:\/\/kojicskin-europe.com\/#website"},"primaryImageOfPage":{"@id":"https:\/\/kojicskin-europe.com\/silka-gel-douche-a-la-papaye-premium-500ml\/#primaryimage"},"image":{"@id":"https:\/\/kojicskin-europe.com\/silka-gel-douche-a-la-papaye-premium-500ml\/#primaryimage"},"thumbnailUrl":"https:\/\/kojicskin-europe.com\/wp-content\/uploads\/2024\/12\/silka-Gel-douche-eclaircissant-Papaya-kojic-skin-europe.webp","datePublished":"2025-02-25T18:44:35+00:00","dateModified":"2026-03-11T14:51:25+00:00","description":"Pr\u00eat \u00e0 transformer votre routine de douche en exp\u00e9rience luxueuse ? Commandez le gel douche \u00e0 la papaye d\u00e8s aujourd'hui !","breadcrumb":{"@id":"https:\/\/kojicskin-europe.com\/silka-gel-douche-a-la-papaye-premium-500ml\/#breadcrumb"},"inLanguage":"pt-PT","potentialAction":[{"@type":"ReadAction","target":["https:\/\/kojicskin-europe.com\/silka-gel-douche-a-la-papaye-premium-500ml\/"]}]},{"@type":"ImageObject","inLanguage":"pt-PT","@id":"https:\/\/kojicskin-europe.com\/silka-gel-douche-a-la-papaye-premium-500ml\/#primaryimage","url":"https:\/\/kojicskin-europe.com\/wp-content\/uploads\/2024\/12\/silka-Gel-douche-eclaircissant-Papaya-kojic-skin-europe.webp","contentUrl":"https:\/\/kojicskin-europe.com\/wp-content\/uploads\/2024\/12\/silka-Gel-douche-eclaircissant-Papaya-kojic-skin-europe.webp","width":800,"height":800,"caption":"silka-Gel-douche-eclaircissant-Papaya-kojic-skin-europe"},{"@type":"BreadcrumbList","@id":"https:\/\/kojicskin-europe.com\/silka-gel-douche-a-la-papaye-premium-500ml\/#breadcrumb","itemListElement":[{"@type":"ListItem","position":1,"name":"Accueil","item":"https:\/\/kojicskin-europe.com\/"},{"@type":"ListItem","position":2,"name":"Kojie San","item":"https:\/\/kojicskin-europe.com\/kojie-san\/"},{"@type":"ListItem","position":3,"name":"Gel douche \u00e0 la papaye \u00ab\u00a0Luxe\u00a0\u00bb 500ml &#8211; Silka"}]},{"@type":"WebSite","@id":"https:\/\/kojicskin-europe.com\/#website","url":"https:\/\/kojicskin-europe.com\/","name":"Pele Kojic Europa","description":"","publisher":{"@id":"https:\/\/kojicskin-europe.com\/#organization"},"potentialAction":[{"@type":"SearchAction","target":{"@type":"EntryPoint","urlTemplate":"https:\/\/kojicskin-europe.com\/?s={search_term_string}"},"query-input":{"@type":"PropertyValueSpecification","valueRequired":true,"valueName":"search_term_string"}}],"inLanguage":"pt-PT"},{"@type":"Organization","@id":"https:\/\/kojicskin-europe.com\/#organization","name":"Pele Kojic Europa","url":"https:\/\/kojicskin-europe.com\/","logo":{"@type":"ImageObject","inLanguage":"pt-PT","@id":"https:\/\/kojicskin-europe.com\/#\/schema\/logo\/image\/","url":"https:\/\/kojicskin-europe.com\/wp-content\/uploads\/2024\/11\/kojic-skin-europe-logo.png","contentUrl":"https:\/\/kojicskin-europe.com\/wp-content\/uploads\/2024\/11\/kojic-skin-europe-logo.png","width":2078,"height":541,"caption":"Kojic Skin Europe"},"image":{"@id":"https:\/\/kojicskin-europe.com\/#\/schema\/logo\/image\/"}}]}},"_links":{"self":[{"href":"https:\/\/kojicskin-europe.com\/pt\/wp-json\/wp\/v2\/product\/931","targetHints":{"allow":["GET"]}}],"collection":[{"href":"https:\/\/kojicskin-europe.com\/pt\/wp-json\/wp\/v2\/product"}],"about":[{"href":"https:\/\/kojicskin-europe.com\/pt\/wp-json\/wp\/v2\/types\/product"}],"version-history":[{"count":0,"href":"https:\/\/kojicskin-europe.com\/pt\/wp-json\/wp\/v2\/product\/931\/revisions"}],"wp:featuredmedia":[{"embeddable":true,"href":"https:\/\/kojicskin-europe.com\/pt\/wp-json\/wp\/v2\/media\/793"}],"wp:attachment":[{"href":"https:\/\/kojicskin-europe.com\/pt\/wp-json\/wp\/v2\/media?parent=931"}],"wp:term":[{"taxonomy":"product_brand","embeddable":true,"href":"https:\/\/kojicskin-europe.com\/pt\/wp-json\/wp\/v2\/product_brand?post=931"},{"taxonomy":"product_cat","embeddable":true,"href":"https:\/\/kojicskin-europe.com\/pt\/wp-json\/wp\/v2\/product_cat?post=931"},{"taxonomy":"product_tag","embeddable":true,"href":"https:\/\/kojicskin-europe.com\/pt\/wp-json\/wp\/v2\/product_tag?post=931"}],"curies":[{"name":"wp","href":"https:\/\/api.w.org\/{rel}","templated":true}]}}