{"id":921,"date":"2025-02-25T18:44:33","date_gmt":"2025-02-25T18:44:33","guid":{"rendered":"https:\/\/kojicskineurope.live-website.com\/?post_type=product&#038;p=921"},"modified":"2026-04-08T11:46:38","modified_gmt":"2026-04-08T09:46:38","slug":"3-sabonetes-clareadores-kojie-san-3x100g","status":"publish","type":"product","link":"https:\/\/kojicskin-europe.com\/pt\/3-savons-eclaircissants-kojie-san-3x100g\/","title":{"rendered":"3 sabonetes iluminadores 3x100g - Kojie San"},"content":{"rendered":"<p>Adequado para<strong> todos os tipos de pele<\/strong>a<strong> sabonete iluminador<\/strong> O Kojie San efetivo \u00e9 um p<strong>regulador da pigmenta\u00e7\u00e3o uissant<\/strong> que ter\u00e1 um efeito profundo sobre<strong> melanociclos<\/strong> para restaurar a <strong>equil\u00edbrio<\/strong>. Aplicado diariamente, ajuda a<strong>epiderme<\/strong> para combater<strong> manchas escuras<\/strong> e <strong>problemas de hiperpigmenta\u00e7\u00e3o.<\/strong> para o utilizar corretamente, \u00e9 necess\u00e1rio :<\/p>\n<ul>\n<li><strong>Utiliza\u00e7\u00e3o di\u00e1ria<\/strong> como <strong>sab\u00e3o comum<\/strong> para o rosto e o corpo.<\/li>\n<li><strong>Hidratar a pele com cuidado<\/strong>gra\u00e7as a um<strong> lo\u00e7\u00e3o hidratante<\/strong> (ver o nosso <strong>cremes e lo\u00e7\u00f5es<\/strong>)<\/li>\n<\/ul>\n<p>Na Kojic Skin - Europe, somos apaixonados pelo <strong>beleza<\/strong> e o <strong>bem-estar<\/strong>oferecer solu\u00e7\u00f5es de sa\u00fade <strong>pele de alta qualidade<\/strong>. Essayez notre pack 3 savons \u00e9claircissants de 100g et transformez votre routine de beaut\u00e9 d\u00e8s aujourd\u2019hui !<\/p>\n<p>Os sabonetes Kojie San ajudam a prevenir <strong>produ\u00e7\u00e3o de melanina<\/strong>fabrico <strong>a<\/strong> <strong>pele mais clara e luminosa<\/strong>. S\u00e3o particularmente eficazes na redu\u00e7\u00e3o de <strong>manchas escuras<\/strong>a <strong>sardas<\/strong>, l'<strong>acne<\/strong>a <strong>estrias<\/strong>t<strong>tons de pele desiguais<\/strong> e outros problemas de pele.<\/p>\n<p>Perfeito para quem procura <strong>pele radiante<\/strong> e <strong>um aspeto uniforme<\/strong>gra\u00e7as \u00e0 efic\u00e1cia excecional do<strong>\u00e1cido k\u00f3jico<\/strong> presentes nos nossos produtos, num formato pr\u00e1tico. D\u00ea \u00e0 sua pele os cuidados que ela merece!<\/p>","protected":false},"excerpt":{"rendered":"<ul>\n<li><strong><u>PREPARADO E EXPEDIDO NO PRAZO DE 5 DIAS<\/u><\/strong><\/li>\n<li>Produto 100 % genu\u00edno da Kojie San<\/li>\n<li>Produtos \u00e0 base de \u00e1cido k\u00f3jico<\/li>\n<li>Ajuda a prevenir a produ\u00e7\u00e3o de melanina<\/li>\n<li>Eficaz contra manchas castanhas, sardas, acne...<\/li>\n<li><strong>Formato<\/strong>3x100g<\/li>\n<\/ul>","protected":false},"featured_media":9372,"template":"","meta":{"ocean_post_layout":"","ocean_both_sidebars_style":"","ocean_both_sidebars_content_width":0,"ocean_both_sidebars_sidebars_width":0,"ocean_sidebar":"0","ocean_second_sidebar":"0","ocean_disable_margins":"enable","ocean_add_body_class":"","ocean_shortcode_before_top_bar":"","ocean_shortcode_after_top_bar":"","ocean_shortcode_before_header":"","ocean_shortcode_after_header":"","ocean_has_shortcode":"","ocean_shortcode_after_title":"","ocean_shortcode_before_footer_widgets":"","ocean_shortcode_after_footer_widgets":"","ocean_shortcode_before_footer_bottom":"","ocean_shortcode_after_footer_bottom":"","ocean_display_top_bar":"default","ocean_display_header":"default","ocean_header_style":"","ocean_center_header_left_menu":"0","ocean_custom_header_template":"0","ocean_custom_logo":0,"ocean_custom_retina_logo":0,"ocean_custom_logo_max_width":0,"ocean_custom_logo_tablet_max_width":0,"ocean_custom_logo_mobile_max_width":0,"ocean_custom_logo_max_height":0,"ocean_custom_logo_tablet_max_height":0,"ocean_custom_logo_mobile_max_height":0,"ocean_header_custom_menu":"0","ocean_menu_typo_font_family":"0","ocean_menu_typo_font_subset":"","ocean_menu_typo_font_size":0,"ocean_menu_typo_font_size_tablet":0,"ocean_menu_typo_font_size_mobile":0,"ocean_menu_typo_font_size_unit":"px","ocean_menu_typo_font_weight":"","ocean_menu_typo_font_weight_tablet":"","ocean_menu_typo_font_weight_mobile":"","ocean_menu_typo_transform":"","ocean_menu_typo_transform_tablet":"","ocean_menu_typo_transform_mobile":"","ocean_menu_typo_line_height":0,"ocean_menu_typo_line_height_tablet":0,"ocean_menu_typo_line_height_mobile":0,"ocean_menu_typo_line_height_unit":"","ocean_menu_typo_spacing":0,"ocean_menu_typo_spacing_tablet":0,"ocean_menu_typo_spacing_mobile":0,"ocean_menu_typo_spacing_unit":"","ocean_menu_link_color":"","ocean_menu_link_color_hover":"","ocean_menu_link_color_active":"","ocean_menu_link_background":"","ocean_menu_link_hover_background":"","ocean_menu_link_active_background":"","ocean_menu_social_links_bg":"","ocean_menu_social_hover_links_bg":"","ocean_menu_social_links_color":"","ocean_menu_social_hover_links_color":"","ocean_disable_title":"default","ocean_disable_heading":"default","ocean_post_title":"","ocean_post_subheading":"","ocean_post_title_style":"","ocean_post_title_background_color":"","ocean_post_title_background":0,"ocean_post_title_bg_image_position":"","ocean_post_title_bg_image_attachment":"","ocean_post_title_bg_image_repeat":"","ocean_post_title_bg_image_size":"","ocean_post_title_height":0,"ocean_post_title_bg_overlay":0.5,"ocean_post_title_bg_overlay_color":"","ocean_disable_breadcrumbs":"default","ocean_breadcrumbs_color":"","ocean_breadcrumbs_separator_color":"","ocean_breadcrumbs_links_color":"","ocean_breadcrumbs_links_hover_color":"","ocean_display_footer_widgets":"default","ocean_display_footer_bottom":"default","ocean_custom_footer_template":"0"},"product_brand":[],"product_cat":[23,17],"product_tag":[],"class_list":{"0":"post-921","1":"product","2":"type-product","3":"status-publish","4":"has-post-thumbnail","6":"product_cat-kojie-san","7":"product_cat-kojie-san-savons","9":"entry","10":"has-media","12":"first","13":"outofstock","14":"taxable","15":"shipping-taxable","16":"purchasable","17":"product-type-simple","18":"has-product-nav","19":"col","20":"span_1_of_3","21":"owp-content-center","22":"owp-thumbs-layout-horizontal","23":"owp-btn-normal","24":"owp-tabs-layout-horizontal","25":"has-no-thumbnails"},"yoast_head":"<!-- This site is optimized with the Yoast SEO plugin v27.3 - https:\/\/yoast.com\/product\/yoast-seo-wordpress\/ -->\n<title>3 savons \u00e9claircissants 3x100g - Kojie San<\/title>\n<meta name=\"description\" content=\"Envie de lutter contre les taches brunes et l&#039;hyperpigmentation ? Essayez le pack de 3 savons Kojie San d\u00e8s aujourd&#039;hui !\" \/>\n<meta name=\"robots\" content=\"index, follow, max-snippet:-1, max-image-preview:large, max-video-preview:-1\" \/>\n<link rel=\"canonical\" href=\"https:\/\/kojicskin-europe.com\/pt\/3-sabonetes-clareadores-kojie-san-3x100g\/\" \/>\n<meta property=\"og:locale\" content=\"pt_PT\" \/>\n<meta property=\"og:type\" content=\"article\" \/>\n<meta property=\"og:title\" content=\"3 savons \u00e9claircissants 3x100g - Kojie San\" \/>\n<meta property=\"og:description\" content=\"Envie de lutter contre les taches brunes et l&#039;hyperpigmentation ? Essayez le pack de 3 savons Kojie San d\u00e8s aujourd&#039;hui !\" \/>\n<meta property=\"og:url\" content=\"https:\/\/kojicskin-europe.com\/pt\/3-sabonetes-clareadores-kojie-san-3x100g\/\" \/>\n<meta property=\"og:site_name\" content=\"Kojic Skin Europe\" \/>\n<meta property=\"article:modified_time\" content=\"2026-04-08T09:46:38+00:00\" \/>\n<meta property=\"og:image\" content=\"https:\/\/kojicskin-europe.com\/wp-content\/uploads\/2024\/09\/kojic-skin-europe3-Savons-Eclaircissants-kojie-san.webp\" \/>\n\t<meta property=\"og:image:width\" content=\"800\" \/>\n\t<meta property=\"og:image:height\" content=\"800\" \/>\n\t<meta property=\"og:image:type\" content=\"image\/webp\" \/>\n<meta name=\"twitter:card\" content=\"summary_large_image\" \/>\n<meta name=\"twitter:label1\" content=\"Tempo estimado de leitura\" \/>\n\t<meta name=\"twitter:data1\" content=\"2 minutos\" \/>\n<script type=\"application\/ld+json\" class=\"yoast-schema-graph\">{\"@context\":\"https:\\\/\\\/schema.org\",\"@graph\":[{\"@type\":\"WebPage\",\"@id\":\"https:\\\/\\\/kojicskin-europe.com\\\/3-savons-eclaircissants-kojie-san-3x100g\\\/\",\"url\":\"https:\\\/\\\/kojicskin-europe.com\\\/3-savons-eclaircissants-kojie-san-3x100g\\\/\",\"name\":\"3 savons \u00e9claircissants 3x100g - Kojie San\",\"isPartOf\":{\"@id\":\"https:\\\/\\\/kojicskin-europe.com\\\/#website\"},\"primaryImageOfPage\":{\"@id\":\"https:\\\/\\\/kojicskin-europe.com\\\/3-savons-eclaircissants-kojie-san-3x100g\\\/#primaryimage\"},\"image\":{\"@id\":\"https:\\\/\\\/kojicskin-europe.com\\\/3-savons-eclaircissants-kojie-san-3x100g\\\/#primaryimage\"},\"thumbnailUrl\":\"https:\\\/\\\/kojicskin-europe.com\\\/wp-content\\\/uploads\\\/2024\\\/09\\\/kojic-skin-europe3-Savons-Eclaircissants-kojie-san.webp\",\"datePublished\":\"2025-02-25T18:44:33+00:00\",\"dateModified\":\"2026-04-08T09:46:38+00:00\",\"description\":\"Envie de lutter contre les taches brunes et l'hyperpigmentation ? Essayez le pack de 3 savons Kojie San d\u00e8s aujourd'hui !\",\"breadcrumb\":{\"@id\":\"https:\\\/\\\/kojicskin-europe.com\\\/3-savons-eclaircissants-kojie-san-3x100g\\\/#breadcrumb\"},\"inLanguage\":\"pt-PT\",\"potentialAction\":[{\"@type\":\"ReadAction\",\"target\":[\"https:\\\/\\\/kojicskin-europe.com\\\/3-savons-eclaircissants-kojie-san-3x100g\\\/\"]}]},{\"@type\":\"ImageObject\",\"inLanguage\":\"pt-PT\",\"@id\":\"https:\\\/\\\/kojicskin-europe.com\\\/3-savons-eclaircissants-kojie-san-3x100g\\\/#primaryimage\",\"url\":\"https:\\\/\\\/kojicskin-europe.com\\\/wp-content\\\/uploads\\\/2024\\\/09\\\/kojic-skin-europe3-Savons-Eclaircissants-kojie-san.webp\",\"contentUrl\":\"https:\\\/\\\/kojicskin-europe.com\\\/wp-content\\\/uploads\\\/2024\\\/09\\\/kojic-skin-europe3-Savons-Eclaircissants-kojie-san.webp\",\"width\":800,\"height\":800,\"caption\":\"Kojic Skin Europe 3 savons Kojie San\"},{\"@type\":\"BreadcrumbList\",\"@id\":\"https:\\\/\\\/kojicskin-europe.com\\\/3-savons-eclaircissants-kojie-san-3x100g\\\/#breadcrumb\",\"itemListElement\":[{\"@type\":\"ListItem\",\"position\":1,\"name\":\"Accueil\",\"item\":\"https:\\\/\\\/kojicskin-europe.com\\\/\"},{\"@type\":\"ListItem\",\"position\":2,\"name\":\"Kojie San\",\"item\":\"https:\\\/\\\/kojicskin-europe.com\\\/kojie-san\\\/\"},{\"@type\":\"ListItem\",\"position\":3,\"name\":\"3 savons \u00e9claircissants 3x100g &#8211; Kojie San\"}]},{\"@type\":\"WebSite\",\"@id\":\"https:\\\/\\\/kojicskin-europe.com\\\/#website\",\"url\":\"https:\\\/\\\/kojicskin-europe.com\\\/\",\"name\":\"Kojic Skin Europe\",\"description\":\"\",\"publisher\":{\"@id\":\"https:\\\/\\\/kojicskin-europe.com\\\/#organization\"},\"potentialAction\":[{\"@type\":\"SearchAction\",\"target\":{\"@type\":\"EntryPoint\",\"urlTemplate\":\"https:\\\/\\\/kojicskin-europe.com\\\/?s={search_term_string}\"},\"query-input\":{\"@type\":\"PropertyValueSpecification\",\"valueRequired\":true,\"valueName\":\"search_term_string\"}}],\"inLanguage\":\"pt-PT\"},{\"@type\":\"Organization\",\"@id\":\"https:\\\/\\\/kojicskin-europe.com\\\/#organization\",\"name\":\"Kojic Skin Europe\",\"url\":\"https:\\\/\\\/kojicskin-europe.com\\\/\",\"logo\":{\"@type\":\"ImageObject\",\"inLanguage\":\"pt-PT\",\"@id\":\"https:\\\/\\\/kojicskin-europe.com\\\/#\\\/schema\\\/logo\\\/image\\\/\",\"url\":\"https:\\\/\\\/kojicskin-europe.com\\\/wp-content\\\/uploads\\\/2024\\\/11\\\/kojic-skin-europe-logo.png\",\"contentUrl\":\"https:\\\/\\\/kojicskin-europe.com\\\/wp-content\\\/uploads\\\/2024\\\/11\\\/kojic-skin-europe-logo.png\",\"width\":2078,\"height\":541,\"caption\":\"Kojic Skin Europe\"},\"image\":{\"@id\":\"https:\\\/\\\/kojicskin-europe.com\\\/#\\\/schema\\\/logo\\\/image\\\/\"}}]}<\/script>\n<!-- \/ Yoast SEO plugin. -->","yoast_head_json":{"title":"3 sabonetes iluminadores 3x100g - Kojie San","description":"Quer combater as manchas castanhas e a hiperpigmenta\u00e7\u00e3o? Experimente hoje mesmo o conjunto de 3 sabonetes Kojie San!","robots":{"index":"index","follow":"follow","max-snippet":"max-snippet:-1","max-image-preview":"max-image-preview:large","max-video-preview":"max-video-preview:-1"},"canonical":"https:\/\/kojicskin-europe.com\/pt\/3-sabonetes-clareadores-kojie-san-3x100g\/","og_locale":"pt_PT","og_type":"article","og_title":"3 savons \u00e9claircissants 3x100g - Kojie San","og_description":"Envie de lutter contre les taches brunes et l'hyperpigmentation ? Essayez le pack de 3 savons Kojie San d\u00e8s aujourd'hui !","og_url":"https:\/\/kojicskin-europe.com\/pt\/3-sabonetes-clareadores-kojie-san-3x100g\/","og_site_name":"Kojic Skin Europe","article_modified_time":"2026-04-08T09:46:38+00:00","og_image":[{"width":800,"height":800,"url":"https:\/\/kojicskin-europe.com\/wp-content\/uploads\/2024\/09\/kojic-skin-europe3-Savons-Eclaircissants-kojie-san.webp","type":"image\/webp"}],"twitter_card":"summary_large_image","twitter_misc":{"Tempo estimado de leitura":"2 minutos"},"schema":{"@context":"https:\/\/schema.org","@graph":[{"@type":"WebPage","@id":"https:\/\/kojicskin-europe.com\/3-savons-eclaircissants-kojie-san-3x100g\/","url":"https:\/\/kojicskin-europe.com\/3-savons-eclaircissants-kojie-san-3x100g\/","name":"3 sabonetes iluminadores 3x100g - Kojie San","isPartOf":{"@id":"https:\/\/kojicskin-europe.com\/#website"},"primaryImageOfPage":{"@id":"https:\/\/kojicskin-europe.com\/3-savons-eclaircissants-kojie-san-3x100g\/#primaryimage"},"image":{"@id":"https:\/\/kojicskin-europe.com\/3-savons-eclaircissants-kojie-san-3x100g\/#primaryimage"},"thumbnailUrl":"https:\/\/kojicskin-europe.com\/wp-content\/uploads\/2024\/09\/kojic-skin-europe3-Savons-Eclaircissants-kojie-san.webp","datePublished":"2025-02-25T18:44:33+00:00","dateModified":"2026-04-08T09:46:38+00:00","description":"Quer combater as manchas castanhas e a hiperpigmenta\u00e7\u00e3o? Experimente hoje mesmo o conjunto de 3 sabonetes Kojie San!","breadcrumb":{"@id":"https:\/\/kojicskin-europe.com\/3-savons-eclaircissants-kojie-san-3x100g\/#breadcrumb"},"inLanguage":"pt-PT","potentialAction":[{"@type":"ReadAction","target":["https:\/\/kojicskin-europe.com\/3-savons-eclaircissants-kojie-san-3x100g\/"]}]},{"@type":"ImageObject","inLanguage":"pt-PT","@id":"https:\/\/kojicskin-europe.com\/3-savons-eclaircissants-kojie-san-3x100g\/#primaryimage","url":"https:\/\/kojicskin-europe.com\/wp-content\/uploads\/2024\/09\/kojic-skin-europe3-Savons-Eclaircissants-kojie-san.webp","contentUrl":"https:\/\/kojicskin-europe.com\/wp-content\/uploads\/2024\/09\/kojic-skin-europe3-Savons-Eclaircissants-kojie-san.webp","width":800,"height":800,"caption":"Kojic Skin Europe 3 savons Kojie San"},{"@type":"BreadcrumbList","@id":"https:\/\/kojicskin-europe.com\/3-savons-eclaircissants-kojie-san-3x100g\/#breadcrumb","itemListElement":[{"@type":"ListItem","position":1,"name":"Accueil","item":"https:\/\/kojicskin-europe.com\/"},{"@type":"ListItem","position":2,"name":"Kojie San","item":"https:\/\/kojicskin-europe.com\/kojie-san\/"},{"@type":"ListItem","position":3,"name":"3 savons \u00e9claircissants 3x100g &#8211; Kojie San"}]},{"@type":"WebSite","@id":"https:\/\/kojicskin-europe.com\/#website","url":"https:\/\/kojicskin-europe.com\/","name":"Pele Kojic Europa","description":"","publisher":{"@id":"https:\/\/kojicskin-europe.com\/#organization"},"potentialAction":[{"@type":"SearchAction","target":{"@type":"EntryPoint","urlTemplate":"https:\/\/kojicskin-europe.com\/?s={search_term_string}"},"query-input":{"@type":"PropertyValueSpecification","valueRequired":true,"valueName":"search_term_string"}}],"inLanguage":"pt-PT"},{"@type":"Organization","@id":"https:\/\/kojicskin-europe.com\/#organization","name":"Pele Kojic Europa","url":"https:\/\/kojicskin-europe.com\/","logo":{"@type":"ImageObject","inLanguage":"pt-PT","@id":"https:\/\/kojicskin-europe.com\/#\/schema\/logo\/image\/","url":"https:\/\/kojicskin-europe.com\/wp-content\/uploads\/2024\/11\/kojic-skin-europe-logo.png","contentUrl":"https:\/\/kojicskin-europe.com\/wp-content\/uploads\/2024\/11\/kojic-skin-europe-logo.png","width":2078,"height":541,"caption":"Kojic Skin Europe"},"image":{"@id":"https:\/\/kojicskin-europe.com\/#\/schema\/logo\/image\/"}}]}},"_links":{"self":[{"href":"https:\/\/kojicskin-europe.com\/pt\/wp-json\/wp\/v2\/product\/921","targetHints":{"allow":["GET"]}}],"collection":[{"href":"https:\/\/kojicskin-europe.com\/pt\/wp-json\/wp\/v2\/product"}],"about":[{"href":"https:\/\/kojicskin-europe.com\/pt\/wp-json\/wp\/v2\/types\/product"}],"version-history":[{"count":0,"href":"https:\/\/kojicskin-europe.com\/pt\/wp-json\/wp\/v2\/product\/921\/revisions"}],"wp:featuredmedia":[{"embeddable":true,"href":"https:\/\/kojicskin-europe.com\/pt\/wp-json\/wp\/v2\/media\/9372"}],"wp:attachment":[{"href":"https:\/\/kojicskin-europe.com\/pt\/wp-json\/wp\/v2\/media?parent=921"}],"wp:term":[{"taxonomy":"product_brand","embeddable":true,"href":"https:\/\/kojicskin-europe.com\/pt\/wp-json\/wp\/v2\/product_brand?post=921"},{"taxonomy":"product_cat","embeddable":true,"href":"https:\/\/kojicskin-europe.com\/pt\/wp-json\/wp\/v2\/product_cat?post=921"},{"taxonomy":"product_tag","embeddable":true,"href":"https:\/\/kojicskin-europe.com\/pt\/wp-json\/wp\/v2\/product_tag?post=921"}],"curies":[{"name":"wp","href":"https:\/\/api.w.org\/{rel}","templated":true}]}}