{"id":744,"date":"2024-12-28T13:47:02","date_gmt":"2024-12-28T13:47:02","guid":{"rendered":"http:\/\/kojic-skin-europe.local\/?post_type=product&#038;p=744"},"modified":"2026-04-10T18:37:13","modified_gmt":"2026-04-10T16:37:13","slug":"silka-nettoyant-moussant-pour-visage-a-la-papaye-50ml","status":"publish","type":"product","link":"https:\/\/kojicskin-europe.com\/pt\/silka-nettoyant-moussant-pour-visage-a-la-papaye-50ml\/","title":{"rendered":"Espuma de limpeza facial de papaia 50ml - Silka"},"content":{"rendered":"<p>Le <strong>Lavagem facial com espuma de papaia Silka<\/strong> est con\u00e7u pour offrir une <strong>combinaison puissante de vitamines et d&rsquo;antioxydants<\/strong> afin d&rsquo;<strong>\u00e9claircir votre teint<\/strong> tout en le gardant <strong>souple et \u00e9clatant<\/strong>. Ce produit est formul\u00e9 avec des <strong>enzimas da papaia<\/strong>, connues pour leurs <strong>propri\u00e9t\u00e9s exfoliantes naturelles<\/strong>, ainsi que de l&rsquo;<strong>extrato de folha de uva-ursina<\/strong>, et des <strong>vitaminas B3, B5 e C<\/strong> que <strong>nourrissent et revitalisent la peau<\/strong>.<\/p>\n<p>Gra\u00e7as \u00e0 sua <strong>formule efficace<\/strong>, il nettoie votre peau en profondeur sans la dess\u00e9cher, \u00e9liminant les <strong>polluants et les impuret\u00e9s<\/strong> accumul\u00e9es au quotidien. En utilisant r\u00e9guli\u00e8rement ce nettoyant, vous contribuez \u00e0 <strong>\u00e9claircir votre teint<\/strong> e <strong>pr\u00e9server la jeunesse de votre peau<\/strong>.<\/p>\n<p>Offrez-vous ce tube pratique de <strong>50 ml<\/strong> de <strong>Lavagem facial com espuma de papaia Silka<\/strong> para um <strong>peau radieuse et bien entretenue<\/strong>.<\/p>","protected":false},"excerpt":{"rendered":"<ul>\n<li><strong>Preparado e expedido no prazo de 5 dias<\/strong><\/li>\n<li>Le nettoyant visage moussant \u00e0 la papaye Silka combine vitamines et antioxydants pour un teint plus clair et \u00e9clatant.<\/li>\n<li>Formul\u00e9 avec des enzymes de papaye exfoliantes et des extraits de feuille de busserole, ainsi que des vitamines B3, B5 et C pour nourrir et revitaliser la peau.<\/li>\n<li>Nettoie en profondeur sans dess\u00e9cher, \u00e9liminant polluants et impuret\u00e9s quotidiennes.<\/li>\n<li>Utilisation r\u00e9guli\u00e8re pour \u00e9claircir le teint et pr\u00e9server la jeunesse de la peau.<\/li>\n<li>Tube pratique de 50 ml pour une peau radieuse et bien entretenue.<\/li>\n<li><strong>Formato<\/strong> : 50 ml<\/li>\n<\/ul>","protected":false},"featured_media":745,"template":"","meta":{"ocean_post_layout":"","ocean_both_sidebars_style":"","ocean_both_sidebars_content_width":0,"ocean_both_sidebars_sidebars_width":0,"ocean_sidebar":"0","ocean_second_sidebar":"0","ocean_disable_margins":"enable","ocean_add_body_class":"","ocean_shortcode_before_top_bar":"","ocean_shortcode_after_top_bar":"","ocean_shortcode_before_header":"","ocean_shortcode_after_header":"","ocean_has_shortcode":"","ocean_shortcode_after_title":"","ocean_shortcode_before_footer_widgets":"","ocean_shortcode_after_footer_widgets":"","ocean_shortcode_before_footer_bottom":"","ocean_shortcode_after_footer_bottom":"","ocean_display_top_bar":"default","ocean_display_header":"default","ocean_header_style":"","ocean_center_header_left_menu":"0","ocean_custom_header_template":"0","ocean_custom_logo":0,"ocean_custom_retina_logo":0,"ocean_custom_logo_max_width":0,"ocean_custom_logo_tablet_max_width":0,"ocean_custom_logo_mobile_max_width":0,"ocean_custom_logo_max_height":0,"ocean_custom_logo_tablet_max_height":0,"ocean_custom_logo_mobile_max_height":0,"ocean_header_custom_menu":"0","ocean_menu_typo_font_family":"0","ocean_menu_typo_font_subset":"","ocean_menu_typo_font_size":0,"ocean_menu_typo_font_size_tablet":0,"ocean_menu_typo_font_size_mobile":0,"ocean_menu_typo_font_size_unit":"px","ocean_menu_typo_font_weight":"","ocean_menu_typo_font_weight_tablet":"","ocean_menu_typo_font_weight_mobile":"","ocean_menu_typo_transform":"","ocean_menu_typo_transform_tablet":"","ocean_menu_typo_transform_mobile":"","ocean_menu_typo_line_height":0,"ocean_menu_typo_line_height_tablet":0,"ocean_menu_typo_line_height_mobile":0,"ocean_menu_typo_line_height_unit":"","ocean_menu_typo_spacing":0,"ocean_menu_typo_spacing_tablet":0,"ocean_menu_typo_spacing_mobile":0,"ocean_menu_typo_spacing_unit":"","ocean_menu_link_color":"","ocean_menu_link_color_hover":"","ocean_menu_link_color_active":"","ocean_menu_link_background":"","ocean_menu_link_hover_background":"","ocean_menu_link_active_background":"","ocean_menu_social_links_bg":"","ocean_menu_social_hover_links_bg":"","ocean_menu_social_links_color":"","ocean_menu_social_hover_links_color":"","ocean_disable_title":"default","ocean_disable_heading":"default","ocean_post_title":"","ocean_post_subheading":"","ocean_post_title_style":"","ocean_post_title_background_color":"","ocean_post_title_background":0,"ocean_post_title_bg_image_position":"","ocean_post_title_bg_image_attachment":"","ocean_post_title_bg_image_repeat":"","ocean_post_title_bg_image_size":"","ocean_post_title_height":0,"ocean_post_title_bg_overlay":0.5,"ocean_post_title_bg_overlay_color":"","ocean_disable_breadcrumbs":"default","ocean_breadcrumbs_color":"","ocean_breadcrumbs_separator_color":"","ocean_breadcrumbs_links_color":"","ocean_breadcrumbs_links_hover_color":"","ocean_display_footer_widgets":"default","ocean_display_footer_bottom":"default","ocean_custom_footer_template":"0"},"product_brand":[],"product_cat":[31,28],"product_tag":[],"class_list":{"0":"post-744","1":"product","2":"type-product","3":"status-publish","4":"has-post-thumbnail","6":"product_cat-silka-lotions-nettoyants","7":"product_cat-silka","9":"entry","10":"has-media","12":"first","13":"instock","14":"taxable","15":"shipping-taxable","16":"purchasable","17":"product-type-simple","18":"has-product-nav","19":"col","20":"span_1_of_3","21":"owp-content-center","22":"owp-thumbs-layout-horizontal","23":"owp-btn-normal","24":"owp-tabs-layout-horizontal","25":"has-no-thumbnails"},"yoast_head":"<!-- This site is optimized with the Yoast SEO plugin v27.3 - https:\/\/yoast.com\/product\/yoast-seo-wordpress\/ -->\n<title>Nettoyant moussant pour visage \u00e0 la papaye 50ml - Silka<\/title>\n<meta name=\"description\" content=\"Envie d&#039;un teint plus clair et \u00e9clatant ? Essayez le nettoyant visage moussant \u00e0 la papaye Silka ! Achetez-le d\u00e8s maintenant sur Kojic Skin - Europe !\" \/>\n<meta name=\"robots\" content=\"index, follow, max-snippet:-1, max-image-preview:large, max-video-preview:-1\" \/>\n<link rel=\"canonical\" href=\"https:\/\/kojicskin-europe.com\/pt\/silka-nettoyant-moussant-pour-visage-a-la-papaye-50ml\/\" \/>\n<meta property=\"og:locale\" content=\"pt_PT\" \/>\n<meta property=\"og:type\" content=\"article\" \/>\n<meta property=\"og:title\" content=\"Nettoyant moussant pour visage \u00e0 la papaye 50ml - Silka\" \/>\n<meta property=\"og:description\" content=\"Envie d&#039;un teint plus clair et \u00e9clatant ? Essayez le nettoyant visage moussant \u00e0 la papaye Silka ! Achetez-le d\u00e8s maintenant sur Kojic Skin - Europe !\" \/>\n<meta property=\"og:url\" content=\"https:\/\/kojicskin-europe.com\/pt\/silka-nettoyant-moussant-pour-visage-a-la-papaye-50ml\/\" \/>\n<meta property=\"og:site_name\" content=\"Kojic Skin Europe\" \/>\n<meta property=\"article:modified_time\" content=\"2026-04-10T16:37:13+00:00\" \/>\n<meta property=\"og:image\" content=\"https:\/\/kojicskin-europe.com\/wp-content\/uploads\/2024\/12\/silka-nettoyant-moussant-eclaircissant-visage-papaye-kojic-skin-europe.webp\" \/>\n\t<meta property=\"og:image:width\" content=\"800\" \/>\n\t<meta property=\"og:image:height\" content=\"800\" \/>\n\t<meta property=\"og:image:type\" content=\"image\/webp\" \/>\n<meta name=\"twitter:card\" content=\"summary_large_image\" \/>\n<meta name=\"twitter:label1\" content=\"Tempo estimado de leitura\" \/>\n\t<meta name=\"twitter:data1\" content=\"1 minuto\" \/>\n<script type=\"application\/ld+json\" class=\"yoast-schema-graph\">{\"@context\":\"https:\\\/\\\/schema.org\",\"@graph\":[{\"@type\":\"WebPage\",\"@id\":\"https:\\\/\\\/kojicskin-europe.com\\\/silka-nettoyant-moussant-pour-visage-a-la-papaye-50ml\\\/\",\"url\":\"https:\\\/\\\/kojicskin-europe.com\\\/silka-nettoyant-moussant-pour-visage-a-la-papaye-50ml\\\/\",\"name\":\"Nettoyant moussant pour visage \u00e0 la papaye 50ml - Silka\",\"isPartOf\":{\"@id\":\"https:\\\/\\\/kojicskin-europe.com\\\/#website\"},\"primaryImageOfPage\":{\"@id\":\"https:\\\/\\\/kojicskin-europe.com\\\/silka-nettoyant-moussant-pour-visage-a-la-papaye-50ml\\\/#primaryimage\"},\"image\":{\"@id\":\"https:\\\/\\\/kojicskin-europe.com\\\/silka-nettoyant-moussant-pour-visage-a-la-papaye-50ml\\\/#primaryimage\"},\"thumbnailUrl\":\"https:\\\/\\\/kojicskin-europe.com\\\/wp-content\\\/uploads\\\/2024\\\/12\\\/silka-nettoyant-moussant-eclaircissant-visage-papaye-kojic-skin-europe.webp\",\"datePublished\":\"2024-12-28T13:47:02+00:00\",\"dateModified\":\"2026-04-10T16:37:13+00:00\",\"description\":\"Envie d'un teint plus clair et \u00e9clatant ? Essayez le nettoyant visage moussant \u00e0 la papaye Silka ! Achetez-le d\u00e8s maintenant sur Kojic Skin - Europe !\",\"breadcrumb\":{\"@id\":\"https:\\\/\\\/kojicskin-europe.com\\\/silka-nettoyant-moussant-pour-visage-a-la-papaye-50ml\\\/#breadcrumb\"},\"inLanguage\":\"pt-PT\",\"potentialAction\":[{\"@type\":\"ReadAction\",\"target\":[\"https:\\\/\\\/kojicskin-europe.com\\\/silka-nettoyant-moussant-pour-visage-a-la-papaye-50ml\\\/\"]}]},{\"@type\":\"ImageObject\",\"inLanguage\":\"pt-PT\",\"@id\":\"https:\\\/\\\/kojicskin-europe.com\\\/silka-nettoyant-moussant-pour-visage-a-la-papaye-50ml\\\/#primaryimage\",\"url\":\"https:\\\/\\\/kojicskin-europe.com\\\/wp-content\\\/uploads\\\/2024\\\/12\\\/silka-nettoyant-moussant-eclaircissant-visage-papaye-kojic-skin-europe.webp\",\"contentUrl\":\"https:\\\/\\\/kojicskin-europe.com\\\/wp-content\\\/uploads\\\/2024\\\/12\\\/silka-nettoyant-moussant-eclaircissant-visage-papaye-kojic-skin-europe.webp\",\"width\":800,\"height\":800,\"caption\":\"Silka, nettoyant moussant pour visage vendu par Kojic Skin Europe\"},{\"@type\":\"BreadcrumbList\",\"@id\":\"https:\\\/\\\/kojicskin-europe.com\\\/silka-nettoyant-moussant-pour-visage-a-la-papaye-50ml\\\/#breadcrumb\",\"itemListElement\":[{\"@type\":\"ListItem\",\"position\":1,\"name\":\"Accueil\",\"item\":\"https:\\\/\\\/kojicskin-europe.com\\\/\"},{\"@type\":\"ListItem\",\"position\":2,\"name\":\"Kojie San\",\"item\":\"https:\\\/\\\/kojicskin-europe.com\\\/kojie-san\\\/\"},{\"@type\":\"ListItem\",\"position\":3,\"name\":\"Nettoyant moussant pour visage \u00e0 la papaye 50ml &#8211; Silka\"}]},{\"@type\":\"WebSite\",\"@id\":\"https:\\\/\\\/kojicskin-europe.com\\\/#website\",\"url\":\"https:\\\/\\\/kojicskin-europe.com\\\/\",\"name\":\"Kojic Skin Europe\",\"description\":\"\",\"publisher\":{\"@id\":\"https:\\\/\\\/kojicskin-europe.com\\\/#organization\"},\"potentialAction\":[{\"@type\":\"SearchAction\",\"target\":{\"@type\":\"EntryPoint\",\"urlTemplate\":\"https:\\\/\\\/kojicskin-europe.com\\\/?s={search_term_string}\"},\"query-input\":{\"@type\":\"PropertyValueSpecification\",\"valueRequired\":true,\"valueName\":\"search_term_string\"}}],\"inLanguage\":\"pt-PT\"},{\"@type\":\"Organization\",\"@id\":\"https:\\\/\\\/kojicskin-europe.com\\\/#organization\",\"name\":\"Kojic Skin Europe\",\"url\":\"https:\\\/\\\/kojicskin-europe.com\\\/\",\"logo\":{\"@type\":\"ImageObject\",\"inLanguage\":\"pt-PT\",\"@id\":\"https:\\\/\\\/kojicskin-europe.com\\\/#\\\/schema\\\/logo\\\/image\\\/\",\"url\":\"https:\\\/\\\/kojicskin-europe.com\\\/wp-content\\\/uploads\\\/2024\\\/11\\\/kojic-skin-europe-logo.png\",\"contentUrl\":\"https:\\\/\\\/kojicskin-europe.com\\\/wp-content\\\/uploads\\\/2024\\\/11\\\/kojic-skin-europe-logo.png\",\"width\":2078,\"height\":541,\"caption\":\"Kojic Skin Europe\"},\"image\":{\"@id\":\"https:\\\/\\\/kojicskin-europe.com\\\/#\\\/schema\\\/logo\\\/image\\\/\"}}]}<\/script>\n<!-- \/ Yoast SEO plugin. -->","yoast_head_json":{"title":"Nettoyant moussant pour visage \u00e0 la papaye 50ml - Silka","description":"Envie d'un teint plus clair et \u00e9clatant ? Essayez le nettoyant visage moussant \u00e0 la papaye Silka ! Achetez-le d\u00e8s maintenant sur Kojic Skin - Europe !","robots":{"index":"index","follow":"follow","max-snippet":"max-snippet:-1","max-image-preview":"max-image-preview:large","max-video-preview":"max-video-preview:-1"},"canonical":"https:\/\/kojicskin-europe.com\/pt\/silka-nettoyant-moussant-pour-visage-a-la-papaye-50ml\/","og_locale":"pt_PT","og_type":"article","og_title":"Nettoyant moussant pour visage \u00e0 la papaye 50ml - Silka","og_description":"Envie d'un teint plus clair et \u00e9clatant ? Essayez le nettoyant visage moussant \u00e0 la papaye Silka ! Achetez-le d\u00e8s maintenant sur Kojic Skin - Europe !","og_url":"https:\/\/kojicskin-europe.com\/pt\/silka-nettoyant-moussant-pour-visage-a-la-papaye-50ml\/","og_site_name":"Kojic Skin Europe","article_modified_time":"2026-04-10T16:37:13+00:00","og_image":[{"width":800,"height":800,"url":"https:\/\/kojicskin-europe.com\/wp-content\/uploads\/2024\/12\/silka-nettoyant-moussant-eclaircissant-visage-papaye-kojic-skin-europe.webp","type":"image\/webp"}],"twitter_card":"summary_large_image","twitter_misc":{"Tempo estimado de leitura":"1 minuto"},"schema":{"@context":"https:\/\/schema.org","@graph":[{"@type":"WebPage","@id":"https:\/\/kojicskin-europe.com\/silka-nettoyant-moussant-pour-visage-a-la-papaye-50ml\/","url":"https:\/\/kojicskin-europe.com\/silka-nettoyant-moussant-pour-visage-a-la-papaye-50ml\/","name":"Nettoyant moussant pour visage \u00e0 la papaye 50ml - Silka","isPartOf":{"@id":"https:\/\/kojicskin-europe.com\/#website"},"primaryImageOfPage":{"@id":"https:\/\/kojicskin-europe.com\/silka-nettoyant-moussant-pour-visage-a-la-papaye-50ml\/#primaryimage"},"image":{"@id":"https:\/\/kojicskin-europe.com\/silka-nettoyant-moussant-pour-visage-a-la-papaye-50ml\/#primaryimage"},"thumbnailUrl":"https:\/\/kojicskin-europe.com\/wp-content\/uploads\/2024\/12\/silka-nettoyant-moussant-eclaircissant-visage-papaye-kojic-skin-europe.webp","datePublished":"2024-12-28T13:47:02+00:00","dateModified":"2026-04-10T16:37:13+00:00","description":"Envie d'un teint plus clair et \u00e9clatant ? Essayez le nettoyant visage moussant \u00e0 la papaye Silka ! Achetez-le d\u00e8s maintenant sur Kojic Skin - Europe !","breadcrumb":{"@id":"https:\/\/kojicskin-europe.com\/silka-nettoyant-moussant-pour-visage-a-la-papaye-50ml\/#breadcrumb"},"inLanguage":"pt-PT","potentialAction":[{"@type":"ReadAction","target":["https:\/\/kojicskin-europe.com\/silka-nettoyant-moussant-pour-visage-a-la-papaye-50ml\/"]}]},{"@type":"ImageObject","inLanguage":"pt-PT","@id":"https:\/\/kojicskin-europe.com\/silka-nettoyant-moussant-pour-visage-a-la-papaye-50ml\/#primaryimage","url":"https:\/\/kojicskin-europe.com\/wp-content\/uploads\/2024\/12\/silka-nettoyant-moussant-eclaircissant-visage-papaye-kojic-skin-europe.webp","contentUrl":"https:\/\/kojicskin-europe.com\/wp-content\/uploads\/2024\/12\/silka-nettoyant-moussant-eclaircissant-visage-papaye-kojic-skin-europe.webp","width":800,"height":800,"caption":"Silka, nettoyant moussant pour visage vendu par Kojic Skin Europe"},{"@type":"BreadcrumbList","@id":"https:\/\/kojicskin-europe.com\/silka-nettoyant-moussant-pour-visage-a-la-papaye-50ml\/#breadcrumb","itemListElement":[{"@type":"ListItem","position":1,"name":"Accueil","item":"https:\/\/kojicskin-europe.com\/"},{"@type":"ListItem","position":2,"name":"Kojie San","item":"https:\/\/kojicskin-europe.com\/kojie-san\/"},{"@type":"ListItem","position":3,"name":"Nettoyant moussant pour visage \u00e0 la papaye 50ml &#8211; Silka"}]},{"@type":"WebSite","@id":"https:\/\/kojicskin-europe.com\/#website","url":"https:\/\/kojicskin-europe.com\/","name":"Pele Kojic Europa","description":"","publisher":{"@id":"https:\/\/kojicskin-europe.com\/#organization"},"potentialAction":[{"@type":"SearchAction","target":{"@type":"EntryPoint","urlTemplate":"https:\/\/kojicskin-europe.com\/?s={search_term_string}"},"query-input":{"@type":"PropertyValueSpecification","valueRequired":true,"valueName":"search_term_string"}}],"inLanguage":"pt-PT"},{"@type":"Organization","@id":"https:\/\/kojicskin-europe.com\/#organization","name":"Pele Kojic Europa","url":"https:\/\/kojicskin-europe.com\/","logo":{"@type":"ImageObject","inLanguage":"pt-PT","@id":"https:\/\/kojicskin-europe.com\/#\/schema\/logo\/image\/","url":"https:\/\/kojicskin-europe.com\/wp-content\/uploads\/2024\/11\/kojic-skin-europe-logo.png","contentUrl":"https:\/\/kojicskin-europe.com\/wp-content\/uploads\/2024\/11\/kojic-skin-europe-logo.png","width":2078,"height":541,"caption":"Kojic Skin Europe"},"image":{"@id":"https:\/\/kojicskin-europe.com\/#\/schema\/logo\/image\/"}}]}},"_links":{"self":[{"href":"https:\/\/kojicskin-europe.com\/pt\/wp-json\/wp\/v2\/product\/744","targetHints":{"allow":["GET"]}}],"collection":[{"href":"https:\/\/kojicskin-europe.com\/pt\/wp-json\/wp\/v2\/product"}],"about":[{"href":"https:\/\/kojicskin-europe.com\/pt\/wp-json\/wp\/v2\/types\/product"}],"version-history":[{"count":0,"href":"https:\/\/kojicskin-europe.com\/pt\/wp-json\/wp\/v2\/product\/744\/revisions"}],"wp:featuredmedia":[{"embeddable":true,"href":"https:\/\/kojicskin-europe.com\/pt\/wp-json\/wp\/v2\/media\/745"}],"wp:attachment":[{"href":"https:\/\/kojicskin-europe.com\/pt\/wp-json\/wp\/v2\/media?parent=744"}],"wp:term":[{"taxonomy":"product_brand","embeddable":true,"href":"https:\/\/kojicskin-europe.com\/pt\/wp-json\/wp\/v2\/product_brand?post=744"},{"taxonomy":"product_cat","embeddable":true,"href":"https:\/\/kojicskin-europe.com\/pt\/wp-json\/wp\/v2\/product_cat?post=744"},{"taxonomy":"product_tag","embeddable":true,"href":"https:\/\/kojicskin-europe.com\/pt\/wp-json\/wp\/v2\/product_tag?post=744"}],"curies":[{"name":"wp","href":"https:\/\/api.w.org\/{rel}","templated":true}]}}