{"id":739,"date":"2024-12-28T13:36:44","date_gmt":"2024-12-28T13:36:44","guid":{"rendered":"http:\/\/kojic-skin-europe.local\/?post_type=product&#038;p=739"},"modified":"2026-04-10T18:37:25","modified_gmt":"2026-04-10T16:37:25","slug":"silka-creme-eclaircissante-visage-a-la-papaye-8g","status":"publish","type":"product","link":"https:\/\/kojicskin-europe.com\/pt\/silka-creme-eclaircissante-visage-a-la-papaye-8g\/","title":{"rendered":"Creme facial de papaia 8g - Silka"},"content":{"rendered":"<p>Cette cr\u00e8me dissimule d\u00e9licatement les <strong>manchas escuras<\/strong> e <strong>imperfei\u00e7\u00f5es<\/strong>, offrant un <strong>teint uniforme<\/strong>, <strong>mat<\/strong> e <strong>blanc nacr\u00e9<\/strong>. Enriquecido com <strong>enzimas da papaia<\/strong> e em <strong>vitamina B3<\/strong>ajuda a <strong>\u00e9liminer les imperfections ind\u00e9sirables<\/strong> e <strong>\u00e9claircir la peau de l&rsquo;int\u00e9rieur<\/strong>.<\/p>\n<p>O <strong>enzimas da papaia<\/strong> exfolient en douceur, \u00e9liminant les <strong>cellules mortes<\/strong> e promover <strong>renouvellement cellulaire sain<\/strong>enquanto o <strong>vitamina B3<\/strong>ou <strong>niacinamida<\/strong>reduz o aparecimento de <strong>manchas escuras<\/strong> e melhora<strong>luminosidade natural<\/strong> de la peau. La <strong>vitamina E<\/strong>, quant \u00e0 elle, maintient les <strong>niveaux d&rsquo;hydratation optimaux<\/strong>, assurant que votre peau reste <strong>douce et souple<\/strong> tout au long de la journ\u00e9e.<\/p>\n<p>De plus, elle prot\u00e8ge la peau des <strong>agress\u00f5es externas<\/strong>, telles que la <strong>polui\u00e7\u00e3o<\/strong>, en formant une <strong>barri\u00e8re protectrice<\/strong>. Utilis\u00e9e r\u00e9guli\u00e8rement, cette cr\u00e8me transforme votre teint, le rendant plus <strong>claro<\/strong>, <strong>uniforme<\/strong> e <strong>\u00e9clatant de sant\u00e9<\/strong><\/p>","protected":false},"excerpt":{"rendered":"<ul>\n<li><strong>Preparado e expedido no prazo de 5 dias<\/strong><\/li>\n<li>Dissimule les taches brunes et imperfections pour un teint uniforme, mat et blanc nacr\u00e9.<\/li>\n<li>Enrichie en enzymes de papaye et vitamine B3, pour \u00e9claircir la peau et r\u00e9duire les taches sombres.<\/li>\n<li>Exfolie en douceur et favorise le renouvellement cellulaire.<\/li>\n<li>Maintient une hydratation optimale avec la vitamine E.<\/li>\n<li>Utilisation r\u00e9guli\u00e8re pour une peau plus claire, uniforme et \u00e9clatante de sant\u00e9.<\/li>\n<li><strong>Formato<\/strong> :\u00a0 8 grammes<\/li>\n<\/ul>","protected":false},"featured_media":740,"template":"","meta":{"ocean_post_layout":"","ocean_both_sidebars_style":"","ocean_both_sidebars_content_width":0,"ocean_both_sidebars_sidebars_width":0,"ocean_sidebar":"0","ocean_second_sidebar":"0","ocean_disable_margins":"enable","ocean_add_body_class":"","ocean_shortcode_before_top_bar":"","ocean_shortcode_after_top_bar":"","ocean_shortcode_before_header":"","ocean_shortcode_after_header":"","ocean_has_shortcode":"","ocean_shortcode_after_title":"","ocean_shortcode_before_footer_widgets":"","ocean_shortcode_after_footer_widgets":"","ocean_shortcode_before_footer_bottom":"","ocean_shortcode_after_footer_bottom":"","ocean_display_top_bar":"default","ocean_display_header":"default","ocean_header_style":"","ocean_center_header_left_menu":"0","ocean_custom_header_template":"0","ocean_custom_logo":0,"ocean_custom_retina_logo":0,"ocean_custom_logo_max_width":0,"ocean_custom_logo_tablet_max_width":0,"ocean_custom_logo_mobile_max_width":0,"ocean_custom_logo_max_height":0,"ocean_custom_logo_tablet_max_height":0,"ocean_custom_logo_mobile_max_height":0,"ocean_header_custom_menu":"0","ocean_menu_typo_font_family":"0","ocean_menu_typo_font_subset":"","ocean_menu_typo_font_size":0,"ocean_menu_typo_font_size_tablet":0,"ocean_menu_typo_font_size_mobile":0,"ocean_menu_typo_font_size_unit":"px","ocean_menu_typo_font_weight":"","ocean_menu_typo_font_weight_tablet":"","ocean_menu_typo_font_weight_mobile":"","ocean_menu_typo_transform":"","ocean_menu_typo_transform_tablet":"","ocean_menu_typo_transform_mobile":"","ocean_menu_typo_line_height":0,"ocean_menu_typo_line_height_tablet":0,"ocean_menu_typo_line_height_mobile":0,"ocean_menu_typo_line_height_unit":"","ocean_menu_typo_spacing":0,"ocean_menu_typo_spacing_tablet":0,"ocean_menu_typo_spacing_mobile":0,"ocean_menu_typo_spacing_unit":"","ocean_menu_link_color":"","ocean_menu_link_color_hover":"","ocean_menu_link_color_active":"","ocean_menu_link_background":"","ocean_menu_link_hover_background":"","ocean_menu_link_active_background":"","ocean_menu_social_links_bg":"","ocean_menu_social_hover_links_bg":"","ocean_menu_social_links_color":"","ocean_menu_social_hover_links_color":"","ocean_disable_title":"default","ocean_disable_heading":"default","ocean_post_title":"","ocean_post_subheading":"","ocean_post_title_style":"","ocean_post_title_background_color":"","ocean_post_title_background":0,"ocean_post_title_bg_image_position":"","ocean_post_title_bg_image_attachment":"","ocean_post_title_bg_image_repeat":"","ocean_post_title_bg_image_size":"","ocean_post_title_height":0,"ocean_post_title_bg_overlay":0.5,"ocean_post_title_bg_overlay_color":"","ocean_disable_breadcrumbs":"default","ocean_breadcrumbs_color":"","ocean_breadcrumbs_separator_color":"","ocean_breadcrumbs_links_color":"","ocean_breadcrumbs_links_hover_color":"","ocean_display_footer_widgets":"default","ocean_display_footer_bottom":"default","ocean_custom_footer_template":"0"},"product_brand":[],"product_cat":[30,28],"product_tag":[],"class_list":{"0":"post-739","1":"product","2":"type-product","3":"status-publish","4":"has-post-thumbnail","6":"product_cat-silka-cremes-deodorants","7":"product_cat-silka","9":"entry","10":"has-media","12":"first","13":"instock","14":"taxable","15":"shipping-taxable","16":"purchasable","17":"product-type-simple","18":"has-product-nav","19":"col","20":"span_1_of_3","21":"owp-content-center","22":"owp-thumbs-layout-horizontal","23":"owp-btn-normal","24":"owp-tabs-layout-horizontal"},"yoast_head":"<!-- This site is optimized with the Yoast SEO plugin v27.3 - https:\/\/yoast.com\/product\/yoast-seo-wordpress\/ -->\n<title>Cr\u00e8me pour visage \u00e0 la papaye 8g - Silka<\/title>\n<meta name=\"description\" content=\"Envie d&#039;une peau douce et prot\u00e9g\u00e9e ? Testez notre cr\u00e8me qui dissimule les taches brunes ! Achetez-la d\u00e8s maintenant sur Kojic Skin - Europe !\" \/>\n<meta name=\"robots\" content=\"index, follow, max-snippet:-1, max-image-preview:large, max-video-preview:-1\" \/>\n<link rel=\"canonical\" href=\"https:\/\/kojicskin-europe.com\/pt\/silka-creme-eclaircissante-visage-a-la-papaye-8g\/\" \/>\n<meta property=\"og:locale\" content=\"pt_PT\" \/>\n<meta property=\"og:type\" content=\"article\" \/>\n<meta property=\"og:title\" content=\"Cr\u00e8me pour visage \u00e0 la papaye 8g - Silka\" \/>\n<meta property=\"og:description\" content=\"Envie d&#039;une peau douce et prot\u00e9g\u00e9e ? Testez notre cr\u00e8me qui dissimule les taches brunes ! Achetez-la d\u00e8s maintenant sur Kojic Skin - Europe !\" \/>\n<meta property=\"og:url\" content=\"https:\/\/kojicskin-europe.com\/pt\/silka-creme-eclaircissante-visage-a-la-papaye-8g\/\" \/>\n<meta property=\"og:site_name\" content=\"Kojic Skin Europe\" \/>\n<meta property=\"article:modified_time\" content=\"2026-04-10T16:37:25+00:00\" \/>\n<meta property=\"og:image\" content=\"https:\/\/kojicskin-europe.com\/wp-content\/uploads\/2024\/12\/silka-creme-eclaircissant-perles-papaye-kojic-skin-europe-boite-duo.webp\" \/>\n\t<meta property=\"og:image:width\" content=\"800\" \/>\n\t<meta property=\"og:image:height\" content=\"800\" \/>\n\t<meta property=\"og:image:type\" content=\"image\/webp\" \/>\n<meta name=\"twitter:card\" content=\"summary_large_image\" \/>\n<meta name=\"twitter:label1\" content=\"Tempo estimado de leitura\" \/>\n\t<meta name=\"twitter:data1\" content=\"1 minuto\" \/>\n<script type=\"application\/ld+json\" class=\"yoast-schema-graph\">{\"@context\":\"https:\\\/\\\/schema.org\",\"@graph\":[{\"@type\":\"WebPage\",\"@id\":\"https:\\\/\\\/kojicskin-europe.com\\\/silka-creme-eclaircissante-visage-a-la-papaye-8g\\\/\",\"url\":\"https:\\\/\\\/kojicskin-europe.com\\\/silka-creme-eclaircissante-visage-a-la-papaye-8g\\\/\",\"name\":\"Cr\u00e8me pour visage \u00e0 la papaye 8g - Silka\",\"isPartOf\":{\"@id\":\"https:\\\/\\\/kojicskin-europe.com\\\/#website\"},\"primaryImageOfPage\":{\"@id\":\"https:\\\/\\\/kojicskin-europe.com\\\/silka-creme-eclaircissante-visage-a-la-papaye-8g\\\/#primaryimage\"},\"image\":{\"@id\":\"https:\\\/\\\/kojicskin-europe.com\\\/silka-creme-eclaircissante-visage-a-la-papaye-8g\\\/#primaryimage\"},\"thumbnailUrl\":\"https:\\\/\\\/kojicskin-europe.com\\\/wp-content\\\/uploads\\\/2024\\\/12\\\/silka-creme-eclaircissant-perles-papaye-kojic-skin-europe-boite-duo.webp\",\"datePublished\":\"2024-12-28T13:36:44+00:00\",\"dateModified\":\"2026-04-10T16:37:25+00:00\",\"description\":\"Envie d'une peau douce et prot\u00e9g\u00e9e ? Testez notre cr\u00e8me qui dissimule les taches brunes ! Achetez-la d\u00e8s maintenant sur Kojic Skin - Europe !\",\"breadcrumb\":{\"@id\":\"https:\\\/\\\/kojicskin-europe.com\\\/silka-creme-eclaircissante-visage-a-la-papaye-8g\\\/#breadcrumb\"},\"inLanguage\":\"pt-PT\",\"potentialAction\":[{\"@type\":\"ReadAction\",\"target\":[\"https:\\\/\\\/kojicskin-europe.com\\\/silka-creme-eclaircissante-visage-a-la-papaye-8g\\\/\"]}]},{\"@type\":\"ImageObject\",\"inLanguage\":\"pt-PT\",\"@id\":\"https:\\\/\\\/kojicskin-europe.com\\\/silka-creme-eclaircissante-visage-a-la-papaye-8g\\\/#primaryimage\",\"url\":\"https:\\\/\\\/kojicskin-europe.com\\\/wp-content\\\/uploads\\\/2024\\\/12\\\/silka-creme-eclaircissant-perles-papaye-kojic-skin-europe-boite-duo.webp\",\"contentUrl\":\"https:\\\/\\\/kojicskin-europe.com\\\/wp-content\\\/uploads\\\/2024\\\/12\\\/silka-creme-eclaircissant-perles-papaye-kojic-skin-europe-boite-duo.webp\",\"width\":800,\"height\":800,\"caption\":\"cr\u00e8me \u00e9claircissant \u00e0 la papaye silka vendu par kojic skin europe\"},{\"@type\":\"BreadcrumbList\",\"@id\":\"https:\\\/\\\/kojicskin-europe.com\\\/silka-creme-eclaircissante-visage-a-la-papaye-8g\\\/#breadcrumb\",\"itemListElement\":[{\"@type\":\"ListItem\",\"position\":1,\"name\":\"Accueil\",\"item\":\"https:\\\/\\\/kojicskin-europe.com\\\/\"},{\"@type\":\"ListItem\",\"position\":2,\"name\":\"Kojie San\",\"item\":\"https:\\\/\\\/kojicskin-europe.com\\\/kojie-san\\\/\"},{\"@type\":\"ListItem\",\"position\":3,\"name\":\"Cr\u00e8me pour visage \u00e0 la papaye 8g &#8211; Silka\"}]},{\"@type\":\"WebSite\",\"@id\":\"https:\\\/\\\/kojicskin-europe.com\\\/#website\",\"url\":\"https:\\\/\\\/kojicskin-europe.com\\\/\",\"name\":\"Kojic Skin Europe\",\"description\":\"\",\"publisher\":{\"@id\":\"https:\\\/\\\/kojicskin-europe.com\\\/#organization\"},\"potentialAction\":[{\"@type\":\"SearchAction\",\"target\":{\"@type\":\"EntryPoint\",\"urlTemplate\":\"https:\\\/\\\/kojicskin-europe.com\\\/?s={search_term_string}\"},\"query-input\":{\"@type\":\"PropertyValueSpecification\",\"valueRequired\":true,\"valueName\":\"search_term_string\"}}],\"inLanguage\":\"pt-PT\"},{\"@type\":\"Organization\",\"@id\":\"https:\\\/\\\/kojicskin-europe.com\\\/#organization\",\"name\":\"Kojic Skin Europe\",\"url\":\"https:\\\/\\\/kojicskin-europe.com\\\/\",\"logo\":{\"@type\":\"ImageObject\",\"inLanguage\":\"pt-PT\",\"@id\":\"https:\\\/\\\/kojicskin-europe.com\\\/#\\\/schema\\\/logo\\\/image\\\/\",\"url\":\"https:\\\/\\\/kojicskin-europe.com\\\/wp-content\\\/uploads\\\/2024\\\/11\\\/kojic-skin-europe-logo.png\",\"contentUrl\":\"https:\\\/\\\/kojicskin-europe.com\\\/wp-content\\\/uploads\\\/2024\\\/11\\\/kojic-skin-europe-logo.png\",\"width\":2078,\"height\":541,\"caption\":\"Kojic Skin Europe\"},\"image\":{\"@id\":\"https:\\\/\\\/kojicskin-europe.com\\\/#\\\/schema\\\/logo\\\/image\\\/\"}}]}<\/script>\n<!-- \/ Yoast SEO plugin. -->","yoast_head_json":{"title":"Cr\u00e8me pour visage \u00e0 la papaye 8g - Silka","description":"Envie d'une peau douce et prot\u00e9g\u00e9e ? Testez notre cr\u00e8me qui dissimule les taches brunes ! Achetez-la d\u00e8s maintenant sur Kojic Skin - Europe !","robots":{"index":"index","follow":"follow","max-snippet":"max-snippet:-1","max-image-preview":"max-image-preview:large","max-video-preview":"max-video-preview:-1"},"canonical":"https:\/\/kojicskin-europe.com\/pt\/silka-creme-eclaircissante-visage-a-la-papaye-8g\/","og_locale":"pt_PT","og_type":"article","og_title":"Cr\u00e8me pour visage \u00e0 la papaye 8g - Silka","og_description":"Envie d'une peau douce et prot\u00e9g\u00e9e ? Testez notre cr\u00e8me qui dissimule les taches brunes ! Achetez-la d\u00e8s maintenant sur Kojic Skin - Europe !","og_url":"https:\/\/kojicskin-europe.com\/pt\/silka-creme-eclaircissante-visage-a-la-papaye-8g\/","og_site_name":"Kojic Skin Europe","article_modified_time":"2026-04-10T16:37:25+00:00","og_image":[{"width":800,"height":800,"url":"https:\/\/kojicskin-europe.com\/wp-content\/uploads\/2024\/12\/silka-creme-eclaircissant-perles-papaye-kojic-skin-europe-boite-duo.webp","type":"image\/webp"}],"twitter_card":"summary_large_image","twitter_misc":{"Tempo estimado de leitura":"1 minuto"},"schema":{"@context":"https:\/\/schema.org","@graph":[{"@type":"WebPage","@id":"https:\/\/kojicskin-europe.com\/silka-creme-eclaircissante-visage-a-la-papaye-8g\/","url":"https:\/\/kojicskin-europe.com\/silka-creme-eclaircissante-visage-a-la-papaye-8g\/","name":"Cr\u00e8me pour visage \u00e0 la papaye 8g - Silka","isPartOf":{"@id":"https:\/\/kojicskin-europe.com\/#website"},"primaryImageOfPage":{"@id":"https:\/\/kojicskin-europe.com\/silka-creme-eclaircissante-visage-a-la-papaye-8g\/#primaryimage"},"image":{"@id":"https:\/\/kojicskin-europe.com\/silka-creme-eclaircissante-visage-a-la-papaye-8g\/#primaryimage"},"thumbnailUrl":"https:\/\/kojicskin-europe.com\/wp-content\/uploads\/2024\/12\/silka-creme-eclaircissant-perles-papaye-kojic-skin-europe-boite-duo.webp","datePublished":"2024-12-28T13:36:44+00:00","dateModified":"2026-04-10T16:37:25+00:00","description":"Envie d'une peau douce et prot\u00e9g\u00e9e ? Testez notre cr\u00e8me qui dissimule les taches brunes ! Achetez-la d\u00e8s maintenant sur Kojic Skin - Europe !","breadcrumb":{"@id":"https:\/\/kojicskin-europe.com\/silka-creme-eclaircissante-visage-a-la-papaye-8g\/#breadcrumb"},"inLanguage":"pt-PT","potentialAction":[{"@type":"ReadAction","target":["https:\/\/kojicskin-europe.com\/silka-creme-eclaircissante-visage-a-la-papaye-8g\/"]}]},{"@type":"ImageObject","inLanguage":"pt-PT","@id":"https:\/\/kojicskin-europe.com\/silka-creme-eclaircissante-visage-a-la-papaye-8g\/#primaryimage","url":"https:\/\/kojicskin-europe.com\/wp-content\/uploads\/2024\/12\/silka-creme-eclaircissant-perles-papaye-kojic-skin-europe-boite-duo.webp","contentUrl":"https:\/\/kojicskin-europe.com\/wp-content\/uploads\/2024\/12\/silka-creme-eclaircissant-perles-papaye-kojic-skin-europe-boite-duo.webp","width":800,"height":800,"caption":"cr\u00e8me \u00e9claircissant \u00e0 la papaye silka vendu par kojic skin europe"},{"@type":"BreadcrumbList","@id":"https:\/\/kojicskin-europe.com\/silka-creme-eclaircissante-visage-a-la-papaye-8g\/#breadcrumb","itemListElement":[{"@type":"ListItem","position":1,"name":"Accueil","item":"https:\/\/kojicskin-europe.com\/"},{"@type":"ListItem","position":2,"name":"Kojie San","item":"https:\/\/kojicskin-europe.com\/kojie-san\/"},{"@type":"ListItem","position":3,"name":"Cr\u00e8me pour visage \u00e0 la papaye 8g &#8211; Silka"}]},{"@type":"WebSite","@id":"https:\/\/kojicskin-europe.com\/#website","url":"https:\/\/kojicskin-europe.com\/","name":"Pele Kojic Europa","description":"","publisher":{"@id":"https:\/\/kojicskin-europe.com\/#organization"},"potentialAction":[{"@type":"SearchAction","target":{"@type":"EntryPoint","urlTemplate":"https:\/\/kojicskin-europe.com\/?s={search_term_string}"},"query-input":{"@type":"PropertyValueSpecification","valueRequired":true,"valueName":"search_term_string"}}],"inLanguage":"pt-PT"},{"@type":"Organization","@id":"https:\/\/kojicskin-europe.com\/#organization","name":"Pele Kojic Europa","url":"https:\/\/kojicskin-europe.com\/","logo":{"@type":"ImageObject","inLanguage":"pt-PT","@id":"https:\/\/kojicskin-europe.com\/#\/schema\/logo\/image\/","url":"https:\/\/kojicskin-europe.com\/wp-content\/uploads\/2024\/11\/kojic-skin-europe-logo.png","contentUrl":"https:\/\/kojicskin-europe.com\/wp-content\/uploads\/2024\/11\/kojic-skin-europe-logo.png","width":2078,"height":541,"caption":"Kojic Skin Europe"},"image":{"@id":"https:\/\/kojicskin-europe.com\/#\/schema\/logo\/image\/"}}]}},"_links":{"self":[{"href":"https:\/\/kojicskin-europe.com\/pt\/wp-json\/wp\/v2\/product\/739","targetHints":{"allow":["GET"]}}],"collection":[{"href":"https:\/\/kojicskin-europe.com\/pt\/wp-json\/wp\/v2\/product"}],"about":[{"href":"https:\/\/kojicskin-europe.com\/pt\/wp-json\/wp\/v2\/types\/product"}],"version-history":[{"count":0,"href":"https:\/\/kojicskin-europe.com\/pt\/wp-json\/wp\/v2\/product\/739\/revisions"}],"wp:featuredmedia":[{"embeddable":true,"href":"https:\/\/kojicskin-europe.com\/pt\/wp-json\/wp\/v2\/media\/740"}],"wp:attachment":[{"href":"https:\/\/kojicskin-europe.com\/pt\/wp-json\/wp\/v2\/media?parent=739"}],"wp:term":[{"taxonomy":"product_brand","embeddable":true,"href":"https:\/\/kojicskin-europe.com\/pt\/wp-json\/wp\/v2\/product_brand?post=739"},{"taxonomy":"product_cat","embeddable":true,"href":"https:\/\/kojicskin-europe.com\/pt\/wp-json\/wp\/v2\/product_cat?post=739"},{"taxonomy":"product_tag","embeddable":true,"href":"https:\/\/kojicskin-europe.com\/pt\/wp-json\/wp\/v2\/product_tag?post=739"}],"curies":[{"name":"wp","href":"https:\/\/api.w.org\/{rel}","templated":true}]}}