{"id":39557,"date":"2026-03-31T23:27:52","date_gmt":"2026-03-31T21:27:52","guid":{"rendered":"https:\/\/kojicskin-europe.com\/?post_type=product&#038;p=39557"},"modified":"2026-04-17T13:39:29","modified_gmt":"2026-04-17T11:39:29","slug":"nettoyant-visage-extra-cool-fraicheur-energisante-125g-kojie-san","status":"publish","type":"product","link":"https:\/\/kojicskin-europe.com\/pt\/nettoyant-visage-extra-cool-fraicheur-energisante-125g-kojie-san\/","title":{"rendered":"Nettoyant visage Extra Cool 125g \u2013 Kojie San"},"content":{"rendered":"<p data-start=\"4427\" data-end=\"4595\">Adapt\u00e9 \u00e0 un <strong data-start=\"4439\" data-end=\"4458\">usage quotidien<\/strong>, le nettoyant visage <strong data-start=\"4480\" data-end=\"4508\">Kojie San Men Extra Cool<\/strong> nettoie efficacement la peau tout en procurant une <strong data-start=\"4560\" data-end=\"4594\">sensation de fra\u00eecheur intense<\/strong>.<\/p>\n<p data-start=\"4597\" data-end=\"4790\">Sa formule \u00e9limine les <strong data-start=\"4620\" data-end=\"4653\">impuret\u00e9s et l\u2019exc\u00e8s de s\u00e9bum<\/strong>, laissant la peau <strong data-start=\"4672\" data-end=\"4697\">propre et revitalis\u00e9e<\/strong>. Id\u00e9al apr\u00e8s le sport ou en fin de journ\u00e9e, il apporte un <strong data-start=\"4756\" data-end=\"4789\">effet rafra\u00eechissant imm\u00e9diat<\/strong>.<\/p>\n<p data-start=\"4792\" data-end=\"4945\">Utilis\u00e9 r\u00e9guli\u00e8rement, il aide \u00e0 maintenir une peau <strong data-start=\"4844\" data-end=\"4865\">nette et tonifi\u00e9e<\/strong>. Sa texture l\u00e9g\u00e8re convient parfaitement aux <strong data-start=\"4911\" data-end=\"4944\">routines simples et efficaces<\/strong>.<\/p>\n<p data-start=\"4947\" data-end=\"5015\">Parfait pour une peau <strong data-start=\"4969\" data-end=\"5001\">fra\u00eeche, propre et \u00e9nergis\u00e9e<\/strong> au quotidien.<\/p>","protected":false},"excerpt":{"rendered":"<ul>\n<li><strong><u>PREPARADO E EXPEDIDO NO PRAZO DE 5 DIAS<\/u><\/strong><\/li>\n<li>Nettoie efficacement la peau et \u00e9limine les impuret\u00e9s<\/li>\n<li>Procure une sensation de fra\u00eecheur intense imm\u00e9diate<\/li>\n<li>Revitalise la peau pour un effet tonique au quotidien<\/li>\n<li>Id\u00e9al pour une routine dynamique et rafra\u00eechissante<\/li>\n<li><strong>Format:<\/strong> 125 grammes<\/li>\n<\/ul>","protected":false},"featured_media":41483,"template":"","meta":{"ocean_post_layout":"","ocean_both_sidebars_style":"","ocean_both_sidebars_content_width":0,"ocean_both_sidebars_sidebars_width":0,"ocean_sidebar":"0","ocean_second_sidebar":"0","ocean_disable_margins":"enable","ocean_add_body_class":"","ocean_shortcode_before_top_bar":"","ocean_shortcode_after_top_bar":"","ocean_shortcode_before_header":"","ocean_shortcode_after_header":"","ocean_has_shortcode":"","ocean_shortcode_after_title":"","ocean_shortcode_before_footer_widgets":"","ocean_shortcode_after_footer_widgets":"","ocean_shortcode_before_footer_bottom":"","ocean_shortcode_after_footer_bottom":"","ocean_display_top_bar":"default","ocean_display_header":"default","ocean_header_style":"","ocean_center_header_left_menu":"0","ocean_custom_header_template":"0","ocean_custom_logo":0,"ocean_custom_retina_logo":0,"ocean_custom_logo_max_width":0,"ocean_custom_logo_tablet_max_width":0,"ocean_custom_logo_mobile_max_width":0,"ocean_custom_logo_max_height":0,"ocean_custom_logo_tablet_max_height":0,"ocean_custom_logo_mobile_max_height":0,"ocean_header_custom_menu":"0","ocean_menu_typo_font_family":"0","ocean_menu_typo_font_subset":"","ocean_menu_typo_font_size":0,"ocean_menu_typo_font_size_tablet":0,"ocean_menu_typo_font_size_mobile":0,"ocean_menu_typo_font_size_unit":"px","ocean_menu_typo_font_weight":"","ocean_menu_typo_font_weight_tablet":"","ocean_menu_typo_font_weight_mobile":"","ocean_menu_typo_transform":"","ocean_menu_typo_transform_tablet":"","ocean_menu_typo_transform_mobile":"","ocean_menu_typo_line_height":0,"ocean_menu_typo_line_height_tablet":0,"ocean_menu_typo_line_height_mobile":0,"ocean_menu_typo_line_height_unit":"","ocean_menu_typo_spacing":0,"ocean_menu_typo_spacing_tablet":0,"ocean_menu_typo_spacing_mobile":0,"ocean_menu_typo_spacing_unit":"","ocean_menu_link_color":"","ocean_menu_link_color_hover":"","ocean_menu_link_color_active":"","ocean_menu_link_background":"","ocean_menu_link_hover_background":"","ocean_menu_link_active_background":"","ocean_menu_social_links_bg":"","ocean_menu_social_hover_links_bg":"","ocean_menu_social_links_color":"","ocean_menu_social_hover_links_color":"","ocean_disable_title":"default","ocean_disable_heading":"default","ocean_post_title":"","ocean_post_subheading":"","ocean_post_title_style":"","ocean_post_title_background_color":"","ocean_post_title_background":0,"ocean_post_title_bg_image_position":"","ocean_post_title_bg_image_attachment":"","ocean_post_title_bg_image_repeat":"","ocean_post_title_bg_image_size":"","ocean_post_title_height":0,"ocean_post_title_bg_overlay":0.5,"ocean_post_title_bg_overlay_color":"","ocean_disable_breadcrumbs":"default","ocean_breadcrumbs_color":"","ocean_breadcrumbs_separator_color":"","ocean_breadcrumbs_links_color":"","ocean_breadcrumbs_links_hover_color":"","ocean_display_footer_widgets":"default","ocean_display_footer_bottom":"default","ocean_custom_footer_template":"0"},"product_brand":[],"product_cat":[18,23],"product_tag":[],"class_list":{"0":"post-39557","1":"product","2":"type-product","3":"status-publish","4":"has-post-thumbnail","6":"product_cat-kojie-san-cremes-lotions","7":"product_cat-kojie-san","9":"entry","10":"has-media","12":"first","13":"instock","14":"taxable","15":"shipping-taxable","16":"purchasable","17":"product-type-simple","18":"has-product-nav","19":"col","20":"span_1_of_3","21":"owp-content-center","22":"owp-thumbs-layout-horizontal","23":"owp-btn-normal","24":"owp-tabs-layout-horizontal","25":"has-no-thumbnails"},"yoast_head":"<!-- This site is optimized with the Yoast SEO plugin v27.4 - https:\/\/yoast.com\/product\/yoast-seo-wordpress\/ -->\n<title>Nettoyant visage Extra Cool 125g \u2013 Kojie San - Kojic Skin Europe<\/title>\n<meta name=\"robots\" content=\"index, follow, max-snippet:-1, max-image-preview:large, max-video-preview:-1\" \/>\n<link rel=\"canonical\" href=\"https:\/\/kojicskin-europe.com\/pt\/nettoyant-visage-extra-cool-fraicheur-energisante-125g-kojie-san\/\" \/>\n<meta property=\"og:locale\" content=\"pt_PT\" \/>\n<meta property=\"og:type\" content=\"article\" \/>\n<meta property=\"og:title\" content=\"Nettoyant visage Extra Cool 125g \u2013 Kojie San - Kojic Skin Europe\" \/>\n<meta property=\"og:description\" content=\"PR\u00c9PAR\u00c9 &amp; EXPEDI\u00c9 SOUS\u00a05 JOURS  Nettoie efficacement la peau et \u00e9limine les impuret\u00e9s  Procure une sensation de fra\u00eecheur intense imm\u00e9diate  Revitalise la peau pour un effet tonique au quotidien  Id\u00e9al pour une routine dynamique et rafra\u00eechissante  Format: 125 grammes\" \/>\n<meta property=\"og:url\" content=\"https:\/\/kojicskin-europe.com\/pt\/nettoyant-visage-extra-cool-fraicheur-energisante-125g-kojie-san\/\" \/>\n<meta property=\"og:site_name\" content=\"Kojic Skin Europe\" \/>\n<meta property=\"article:modified_time\" content=\"2026-04-17T11:39:29+00:00\" \/>\n<meta property=\"og:image\" content=\"https:\/\/kojicskin-europe.com\/wp-content\/uploads\/2026\/03\/kojie-san-gel-nettoyant-visage-extra-cool-hommes-125g.jpg\" \/>\n\t<meta property=\"og:image:width\" content=\"800\" \/>\n\t<meta property=\"og:image:height\" content=\"800\" \/>\n\t<meta property=\"og:image:type\" content=\"image\/jpeg\" \/>\n<meta name=\"twitter:card\" content=\"summary_large_image\" \/>\n<meta name=\"twitter:label1\" content=\"Tempo estimado de leitura\" \/>\n\t<meta name=\"twitter:data1\" content=\"1 minuto\" \/>\n<script type=\"application\/ld+json\" class=\"yoast-schema-graph\">{\"@context\":\"https:\\\/\\\/schema.org\",\"@graph\":[{\"@type\":\"WebPage\",\"@id\":\"https:\\\/\\\/kojicskin-europe.com\\\/nettoyant-visage-extra-cool-fraicheur-energisante-125g-kojie-san\\\/\",\"url\":\"https:\\\/\\\/kojicskin-europe.com\\\/nettoyant-visage-extra-cool-fraicheur-energisante-125g-kojie-san\\\/\",\"name\":\"Nettoyant visage Extra Cool 125g \u2013 Kojie San - Kojic Skin Europe\",\"isPartOf\":{\"@id\":\"https:\\\/\\\/kojicskin-europe.com\\\/#website\"},\"primaryImageOfPage\":{\"@id\":\"https:\\\/\\\/kojicskin-europe.com\\\/nettoyant-visage-extra-cool-fraicheur-energisante-125g-kojie-san\\\/#primaryimage\"},\"image\":{\"@id\":\"https:\\\/\\\/kojicskin-europe.com\\\/nettoyant-visage-extra-cool-fraicheur-energisante-125g-kojie-san\\\/#primaryimage\"},\"thumbnailUrl\":\"https:\\\/\\\/kojicskin-europe.com\\\/wp-content\\\/uploads\\\/2026\\\/03\\\/kojie-san-gel-nettoyant-visage-extra-cool-hommes-125g.jpg\",\"datePublished\":\"2026-03-31T21:27:52+00:00\",\"dateModified\":\"2026-04-17T11:39:29+00:00\",\"breadcrumb\":{\"@id\":\"https:\\\/\\\/kojicskin-europe.com\\\/nettoyant-visage-extra-cool-fraicheur-energisante-125g-kojie-san\\\/#breadcrumb\"},\"inLanguage\":\"pt-PT\",\"potentialAction\":[{\"@type\":\"ReadAction\",\"target\":[\"https:\\\/\\\/kojicskin-europe.com\\\/nettoyant-visage-extra-cool-fraicheur-energisante-125g-kojie-san\\\/\"]}]},{\"@type\":\"ImageObject\",\"inLanguage\":\"pt-PT\",\"@id\":\"https:\\\/\\\/kojicskin-europe.com\\\/nettoyant-visage-extra-cool-fraicheur-energisante-125g-kojie-san\\\/#primaryimage\",\"url\":\"https:\\\/\\\/kojicskin-europe.com\\\/wp-content\\\/uploads\\\/2026\\\/03\\\/kojie-san-gel-nettoyant-visage-extra-cool-hommes-125g.jpg\",\"contentUrl\":\"https:\\\/\\\/kojicskin-europe.com\\\/wp-content\\\/uploads\\\/2026\\\/03\\\/kojie-san-gel-nettoyant-visage-extra-cool-hommes-125g.jpg\",\"width\":800,\"height\":800},{\"@type\":\"BreadcrumbList\",\"@id\":\"https:\\\/\\\/kojicskin-europe.com\\\/nettoyant-visage-extra-cool-fraicheur-energisante-125g-kojie-san\\\/#breadcrumb\",\"itemListElement\":[{\"@type\":\"ListItem\",\"position\":1,\"name\":\"Accueil\",\"item\":\"https:\\\/\\\/kojicskin-europe.com\\\/\"},{\"@type\":\"ListItem\",\"position\":2,\"name\":\"Kojie San\",\"item\":\"https:\\\/\\\/kojicskin-europe.com\\\/kojie-san\\\/\"},{\"@type\":\"ListItem\",\"position\":3,\"name\":\"Nettoyant visage Extra Cool 125g \u2013 Kojie San\"}]},{\"@type\":\"WebSite\",\"@id\":\"https:\\\/\\\/kojicskin-europe.com\\\/#website\",\"url\":\"https:\\\/\\\/kojicskin-europe.com\\\/\",\"name\":\"Kojic Skin Europe\",\"description\":\"\",\"publisher\":{\"@id\":\"https:\\\/\\\/kojicskin-europe.com\\\/#organization\"},\"potentialAction\":[{\"@type\":\"SearchAction\",\"target\":{\"@type\":\"EntryPoint\",\"urlTemplate\":\"https:\\\/\\\/kojicskin-europe.com\\\/?s={search_term_string}\"},\"query-input\":{\"@type\":\"PropertyValueSpecification\",\"valueRequired\":true,\"valueName\":\"search_term_string\"}}],\"inLanguage\":\"pt-PT\"},{\"@type\":\"Organization\",\"@id\":\"https:\\\/\\\/kojicskin-europe.com\\\/#organization\",\"name\":\"Kojic Skin Europe\",\"url\":\"https:\\\/\\\/kojicskin-europe.com\\\/\",\"logo\":{\"@type\":\"ImageObject\",\"inLanguage\":\"pt-PT\",\"@id\":\"https:\\\/\\\/kojicskin-europe.com\\\/#\\\/schema\\\/logo\\\/image\\\/\",\"url\":\"https:\\\/\\\/kojicskin-europe.com\\\/wp-content\\\/uploads\\\/2024\\\/11\\\/kojic-skin-europe-logo.png\",\"contentUrl\":\"https:\\\/\\\/kojicskin-europe.com\\\/wp-content\\\/uploads\\\/2024\\\/11\\\/kojic-skin-europe-logo.png\",\"width\":2078,\"height\":541,\"caption\":\"Kojic Skin Europe\"},\"image\":{\"@id\":\"https:\\\/\\\/kojicskin-europe.com\\\/#\\\/schema\\\/logo\\\/image\\\/\"}}]}<\/script>\n<!-- \/ Yoast SEO plugin. -->","yoast_head_json":{"title":"Nettoyant visage Extra Cool 125g \u2013 Kojie San - Kojic Skin Europe","robots":{"index":"index","follow":"follow","max-snippet":"max-snippet:-1","max-image-preview":"max-image-preview:large","max-video-preview":"max-video-preview:-1"},"canonical":"https:\/\/kojicskin-europe.com\/pt\/nettoyant-visage-extra-cool-fraicheur-energisante-125g-kojie-san\/","og_locale":"pt_PT","og_type":"article","og_title":"Nettoyant visage Extra Cool 125g \u2013 Kojie San - Kojic Skin Europe","og_description":"PR\u00c9PAR\u00c9 &amp; EXPEDI\u00c9 SOUS\u00a05 JOURS  Nettoie efficacement la peau et \u00e9limine les impuret\u00e9s  Procure une sensation de fra\u00eecheur intense imm\u00e9diate  Revitalise la peau pour un effet tonique au quotidien  Id\u00e9al pour une routine dynamique et rafra\u00eechissante  Format: 125 grammes","og_url":"https:\/\/kojicskin-europe.com\/pt\/nettoyant-visage-extra-cool-fraicheur-energisante-125g-kojie-san\/","og_site_name":"Kojic Skin Europe","article_modified_time":"2026-04-17T11:39:29+00:00","og_image":[{"width":800,"height":800,"url":"https:\/\/kojicskin-europe.com\/wp-content\/uploads\/2026\/03\/kojie-san-gel-nettoyant-visage-extra-cool-hommes-125g.jpg","type":"image\/jpeg"}],"twitter_card":"summary_large_image","twitter_misc":{"Tempo estimado de leitura":"1 minuto"},"schema":{"@context":"https:\/\/schema.org","@graph":[{"@type":"WebPage","@id":"https:\/\/kojicskin-europe.com\/nettoyant-visage-extra-cool-fraicheur-energisante-125g-kojie-san\/","url":"https:\/\/kojicskin-europe.com\/nettoyant-visage-extra-cool-fraicheur-energisante-125g-kojie-san\/","name":"Nettoyant visage Extra Cool 125g \u2013 Kojie San - Kojic Skin Europe","isPartOf":{"@id":"https:\/\/kojicskin-europe.com\/#website"},"primaryImageOfPage":{"@id":"https:\/\/kojicskin-europe.com\/nettoyant-visage-extra-cool-fraicheur-energisante-125g-kojie-san\/#primaryimage"},"image":{"@id":"https:\/\/kojicskin-europe.com\/nettoyant-visage-extra-cool-fraicheur-energisante-125g-kojie-san\/#primaryimage"},"thumbnailUrl":"https:\/\/kojicskin-europe.com\/wp-content\/uploads\/2026\/03\/kojie-san-gel-nettoyant-visage-extra-cool-hommes-125g.jpg","datePublished":"2026-03-31T21:27:52+00:00","dateModified":"2026-04-17T11:39:29+00:00","breadcrumb":{"@id":"https:\/\/kojicskin-europe.com\/nettoyant-visage-extra-cool-fraicheur-energisante-125g-kojie-san\/#breadcrumb"},"inLanguage":"pt-PT","potentialAction":[{"@type":"ReadAction","target":["https:\/\/kojicskin-europe.com\/nettoyant-visage-extra-cool-fraicheur-energisante-125g-kojie-san\/"]}]},{"@type":"ImageObject","inLanguage":"pt-PT","@id":"https:\/\/kojicskin-europe.com\/nettoyant-visage-extra-cool-fraicheur-energisante-125g-kojie-san\/#primaryimage","url":"https:\/\/kojicskin-europe.com\/wp-content\/uploads\/2026\/03\/kojie-san-gel-nettoyant-visage-extra-cool-hommes-125g.jpg","contentUrl":"https:\/\/kojicskin-europe.com\/wp-content\/uploads\/2026\/03\/kojie-san-gel-nettoyant-visage-extra-cool-hommes-125g.jpg","width":800,"height":800},{"@type":"BreadcrumbList","@id":"https:\/\/kojicskin-europe.com\/nettoyant-visage-extra-cool-fraicheur-energisante-125g-kojie-san\/#breadcrumb","itemListElement":[{"@type":"ListItem","position":1,"name":"Accueil","item":"https:\/\/kojicskin-europe.com\/"},{"@type":"ListItem","position":2,"name":"Kojie San","item":"https:\/\/kojicskin-europe.com\/kojie-san\/"},{"@type":"ListItem","position":3,"name":"Nettoyant visage Extra Cool 125g \u2013 Kojie San"}]},{"@type":"WebSite","@id":"https:\/\/kojicskin-europe.com\/#website","url":"https:\/\/kojicskin-europe.com\/","name":"Pele Kojic Europa","description":"","publisher":{"@id":"https:\/\/kojicskin-europe.com\/#organization"},"potentialAction":[{"@type":"SearchAction","target":{"@type":"EntryPoint","urlTemplate":"https:\/\/kojicskin-europe.com\/?s={search_term_string}"},"query-input":{"@type":"PropertyValueSpecification","valueRequired":true,"valueName":"search_term_string"}}],"inLanguage":"pt-PT"},{"@type":"Organization","@id":"https:\/\/kojicskin-europe.com\/#organization","name":"Pele Kojic Europa","url":"https:\/\/kojicskin-europe.com\/","logo":{"@type":"ImageObject","inLanguage":"pt-PT","@id":"https:\/\/kojicskin-europe.com\/#\/schema\/logo\/image\/","url":"https:\/\/kojicskin-europe.com\/wp-content\/uploads\/2024\/11\/kojic-skin-europe-logo.png","contentUrl":"https:\/\/kojicskin-europe.com\/wp-content\/uploads\/2024\/11\/kojic-skin-europe-logo.png","width":2078,"height":541,"caption":"Kojic Skin Europe"},"image":{"@id":"https:\/\/kojicskin-europe.com\/#\/schema\/logo\/image\/"}}]}},"_links":{"self":[{"href":"https:\/\/kojicskin-europe.com\/pt\/wp-json\/wp\/v2\/product\/39557","targetHints":{"allow":["GET"]}}],"collection":[{"href":"https:\/\/kojicskin-europe.com\/pt\/wp-json\/wp\/v2\/product"}],"about":[{"href":"https:\/\/kojicskin-europe.com\/pt\/wp-json\/wp\/v2\/types\/product"}],"version-history":[{"count":1,"href":"https:\/\/kojicskin-europe.com\/pt\/wp-json\/wp\/v2\/product\/39557\/revisions"}],"predecessor-version":[{"id":41486,"href":"https:\/\/kojicskin-europe.com\/pt\/wp-json\/wp\/v2\/product\/39557\/revisions\/41486"}],"wp:featuredmedia":[{"embeddable":true,"href":"https:\/\/kojicskin-europe.com\/pt\/wp-json\/wp\/v2\/media\/41483"}],"wp:attachment":[{"href":"https:\/\/kojicskin-europe.com\/pt\/wp-json\/wp\/v2\/media?parent=39557"}],"wp:term":[{"taxonomy":"product_brand","embeddable":true,"href":"https:\/\/kojicskin-europe.com\/pt\/wp-json\/wp\/v2\/product_brand?post=39557"},{"taxonomy":"product_cat","embeddable":true,"href":"https:\/\/kojicskin-europe.com\/pt\/wp-json\/wp\/v2\/product_cat?post=39557"},{"taxonomy":"product_tag","embeddable":true,"href":"https:\/\/kojicskin-europe.com\/pt\/wp-json\/wp\/v2\/product_tag?post=39557"}],"curies":[{"name":"wp","href":"https:\/\/api.w.org\/{rel}","templated":true}]}}