{"id":39552,"date":"2026-03-31T23:08:22","date_gmt":"2026-03-31T21:08:22","guid":{"rendered":"https:\/\/kojicskin-europe.com\/?post_type=product&#038;p=39552"},"modified":"2026-04-07T09:16:29","modified_gmt":"2026-04-07T07:16:29","slug":"savon-eclaircissant-acide-salicylique-purete-intense-100g-kojie-san","status":"publish","type":"product","link":"https:\/\/kojicskin-europe.com\/pt\/savon-eclaircissant-acide-salicylique-purete-intense-100g-kojie-san\/","title":{"rendered":"Savon \u00e9claircissant Acide Salicylique Puret\u00e9 Intense 100g \u2013 Kojie San"},"content":{"rendered":"<p data-start=\"3656\" data-end=\"3848\"><!--StartFragment --><\/p>\n<p>Adapt\u00e9 \u00e0 tous les types de peaux, le savon \u00e9claircissant <strong>Kojie San \u00e0 l\u2019acide salicylique<\/strong> est con\u00e7u pour purifier la peau en profondeur tout en am\u00e9liorant l\u2019uniformit\u00e9 du teint. <strong>L\u2019acide salicylique acc\u00e9l\u00e8re la capacit\u00e9 de la peau \u00e0 renouveler sa surface cutan\u00e9e, r\u00e9v\u00e9lant un teint plus lumineux, plus lisse et plus uniforme, tout en att\u00e9nuant les marques de pigmentation.<\/strong><\/p>\n<p><strong>Cet acide salicylique est enrichi d\u2019infusions d\u2019\u00e9corces de saule blanc<\/strong>, une source naturelle reconnue pour ses propri\u00e9t\u00e9s purifiantes et apaisantes.<\/p>\n<p>En d\u00e9sobstruant les pores, l\u2019acide salicylique aide \u00e0 r\u00e9duire les imperfections et \u00e0 limiter l\u2019exc\u00e8s de s\u00e9bum. Associ\u00e9 \u00e0 l\u2019acide kojique, il contribue \u00e0 \u00e9claircir la peau et \u00e0 am\u00e9liorer son homog\u00e9n\u00e9it\u00e9.<\/p>\n<p>Utilis\u00e9 r\u00e9guli\u00e8rement, il aide \u00e0 retrouver une peau plus nette, plus saine et plus \u00e9quilibr\u00e9e. Les savons Kojie San agissent \u00e9galement sur les taches et irr\u00e9gularit\u00e9s du teint.<\/p>\n<p><strong>Id\u00e9al pour les peaux \u00e0 imperfections, il laisse la peau propre, fra\u00eeche et clarifi\u00e9e<\/strong><!--EndFragment --><\/p>","protected":false},"excerpt":{"rendered":"<ul>\n<li><strong><u>PREPARADO E EXPEDIDO NO PRAZO DE 5 DIAS<\/u><\/strong><\/li>\n<li>Purifie la peau en profondeur et nettoie les pores<\/li>\n<li>Aide \u00e0 r\u00e9duire les boutons, points noirs et imperfections<\/li>\n<li>R\u00e9gule l\u2019exc\u00e8s de s\u00e9bum pour une peau plus nette<\/li>\n<li>Id\u00e9al pour les peaux grasses ou \u00e0 imperfections<\/li>\n<li><strong>Format:<\/strong> 100 grammes<\/li>\n<\/ul>","protected":false},"featured_media":39592,"template":"","meta":{"ocean_post_layout":"","ocean_both_sidebars_style":"","ocean_both_sidebars_content_width":0,"ocean_both_sidebars_sidebars_width":0,"ocean_sidebar":"0","ocean_second_sidebar":"0","ocean_disable_margins":"enable","ocean_add_body_class":"","ocean_shortcode_before_top_bar":"","ocean_shortcode_after_top_bar":"","ocean_shortcode_before_header":"","ocean_shortcode_after_header":"","ocean_has_shortcode":"","ocean_shortcode_after_title":"","ocean_shortcode_before_footer_widgets":"","ocean_shortcode_after_footer_widgets":"","ocean_shortcode_before_footer_bottom":"","ocean_shortcode_after_footer_bottom":"","ocean_display_top_bar":"default","ocean_display_header":"default","ocean_header_style":"","ocean_center_header_left_menu":"0","ocean_custom_header_template":"0","ocean_custom_logo":0,"ocean_custom_retina_logo":0,"ocean_custom_logo_max_width":0,"ocean_custom_logo_tablet_max_width":0,"ocean_custom_logo_mobile_max_width":0,"ocean_custom_logo_max_height":0,"ocean_custom_logo_tablet_max_height":0,"ocean_custom_logo_mobile_max_height":0,"ocean_header_custom_menu":"0","ocean_menu_typo_font_family":"0","ocean_menu_typo_font_subset":"","ocean_menu_typo_font_size":0,"ocean_menu_typo_font_size_tablet":0,"ocean_menu_typo_font_size_mobile":0,"ocean_menu_typo_font_size_unit":"px","ocean_menu_typo_font_weight":"","ocean_menu_typo_font_weight_tablet":"","ocean_menu_typo_font_weight_mobile":"","ocean_menu_typo_transform":"","ocean_menu_typo_transform_tablet":"","ocean_menu_typo_transform_mobile":"","ocean_menu_typo_line_height":0,"ocean_menu_typo_line_height_tablet":0,"ocean_menu_typo_line_height_mobile":0,"ocean_menu_typo_line_height_unit":"","ocean_menu_typo_spacing":0,"ocean_menu_typo_spacing_tablet":0,"ocean_menu_typo_spacing_mobile":0,"ocean_menu_typo_spacing_unit":"","ocean_menu_link_color":"","ocean_menu_link_color_hover":"","ocean_menu_link_color_active":"","ocean_menu_link_background":"","ocean_menu_link_hover_background":"","ocean_menu_link_active_background":"","ocean_menu_social_links_bg":"","ocean_menu_social_hover_links_bg":"","ocean_menu_social_links_color":"","ocean_menu_social_hover_links_color":"","ocean_disable_title":"default","ocean_disable_heading":"default","ocean_post_title":"","ocean_post_subheading":"","ocean_post_title_style":"","ocean_post_title_background_color":"","ocean_post_title_background":0,"ocean_post_title_bg_image_position":"","ocean_post_title_bg_image_attachment":"","ocean_post_title_bg_image_repeat":"","ocean_post_title_bg_image_size":"","ocean_post_title_height":0,"ocean_post_title_bg_overlay":0.5,"ocean_post_title_bg_overlay_color":"","ocean_disable_breadcrumbs":"default","ocean_breadcrumbs_color":"","ocean_breadcrumbs_separator_color":"","ocean_breadcrumbs_links_color":"","ocean_breadcrumbs_links_hover_color":"","ocean_display_footer_widgets":"default","ocean_display_footer_bottom":"default","ocean_custom_footer_template":"0"},"product_brand":[],"product_cat":[23,17],"product_tag":[],"class_list":{"0":"post-39552","1":"product","2":"type-product","3":"status-publish","4":"has-post-thumbnail","6":"product_cat-kojie-san","7":"product_cat-kojie-san-savons","9":"entry","10":"has-media","12":"first","13":"instock","14":"taxable","15":"shipping-taxable","16":"purchasable","17":"product-type-simple","18":"has-product-nav","19":"col","20":"span_1_of_3","21":"owp-content-center","22":"owp-thumbs-layout-horizontal","23":"owp-btn-normal","24":"owp-tabs-layout-horizontal","25":"has-no-thumbnails"},"yoast_head":"<!-- This site is optimized with the Yoast SEO plugin v27.3 - https:\/\/yoast.com\/product\/yoast-seo-wordpress\/ -->\n<title>Savon \u00e9claircissant Acide Salicylique Puret\u00e9 Intense 100g \u2013 Kojie San<\/title>\n<meta name=\"description\" content=\"Sp\u00e9cialement adapt\u00e9 aux peaux mixtes \u00e0 grasses, ce savon Kojie San r\u00e9duit les pores et unifie le teint en douceur.\" \/>\n<meta name=\"robots\" content=\"index, follow, max-snippet:-1, max-image-preview:large, max-video-preview:-1\" \/>\n<link rel=\"canonical\" href=\"https:\/\/kojicskin-europe.com\/pt\/savon-eclaircissant-acide-salicylique-purete-intense-100g-kojie-san\/\" \/>\n<meta property=\"og:locale\" content=\"pt_PT\" \/>\n<meta property=\"og:type\" content=\"article\" \/>\n<meta property=\"og:title\" content=\"Savon \u00e9claircissant Acide Salicylique Puret\u00e9 Intense 100g \u2013 Kojie San\" \/>\n<meta property=\"og:description\" content=\"Sp\u00e9cialement adapt\u00e9 aux peaux mixtes \u00e0 grasses, ce savon Kojie San r\u00e9duit les pores et unifie le teint en douceur.\" \/>\n<meta property=\"og:url\" content=\"https:\/\/kojicskin-europe.com\/pt\/savon-eclaircissant-acide-salicylique-purete-intense-100g-kojie-san\/\" \/>\n<meta property=\"og:site_name\" content=\"Kojic Skin Europe\" \/>\n<meta property=\"article:modified_time\" content=\"2026-04-07T07:16:29+00:00\" \/>\n<meta property=\"og:image\" content=\"https:\/\/kojicskin-europe.com\/wp-content\/uploads\/2026\/03\/kojie-san-savon-eclaircissant-a-lacide-salicylique-100g.webp\" \/>\n\t<meta property=\"og:image:width\" content=\"800\" \/>\n\t<meta property=\"og:image:height\" content=\"800\" \/>\n\t<meta property=\"og:image:type\" content=\"image\/webp\" \/>\n<meta name=\"twitter:card\" content=\"summary_large_image\" \/>\n<meta name=\"twitter:label1\" content=\"Tempo estimado de leitura\" \/>\n\t<meta name=\"twitter:data1\" content=\"1 minuto\" \/>\n<script type=\"application\/ld+json\" class=\"yoast-schema-graph\">{\"@context\":\"https:\\\/\\\/schema.org\",\"@graph\":[{\"@type\":\"WebPage\",\"@id\":\"https:\\\/\\\/kojicskin-europe.com\\\/savon-eclaircissant-acide-salicylique-purete-intense-100g-kojie-san\\\/\",\"url\":\"https:\\\/\\\/kojicskin-europe.com\\\/savon-eclaircissant-acide-salicylique-purete-intense-100g-kojie-san\\\/\",\"name\":\"Savon \u00e9claircissant Acide Salicylique Puret\u00e9 Intense 100g \u2013 Kojie San\",\"isPartOf\":{\"@id\":\"https:\\\/\\\/kojicskin-europe.com\\\/#website\"},\"primaryImageOfPage\":{\"@id\":\"https:\\\/\\\/kojicskin-europe.com\\\/savon-eclaircissant-acide-salicylique-purete-intense-100g-kojie-san\\\/#primaryimage\"},\"image\":{\"@id\":\"https:\\\/\\\/kojicskin-europe.com\\\/savon-eclaircissant-acide-salicylique-purete-intense-100g-kojie-san\\\/#primaryimage\"},\"thumbnailUrl\":\"https:\\\/\\\/kojicskin-europe.com\\\/wp-content\\\/uploads\\\/2026\\\/03\\\/kojie-san-savon-eclaircissant-a-lacide-salicylique-100g.webp\",\"datePublished\":\"2026-03-31T21:08:22+00:00\",\"dateModified\":\"2026-04-07T07:16:29+00:00\",\"description\":\"Sp\u00e9cialement adapt\u00e9 aux peaux mixtes \u00e0 grasses, ce savon Kojie San r\u00e9duit les pores et unifie le teint en douceur.\",\"breadcrumb\":{\"@id\":\"https:\\\/\\\/kojicskin-europe.com\\\/savon-eclaircissant-acide-salicylique-purete-intense-100g-kojie-san\\\/#breadcrumb\"},\"inLanguage\":\"pt-PT\",\"potentialAction\":[{\"@type\":\"ReadAction\",\"target\":[\"https:\\\/\\\/kojicskin-europe.com\\\/savon-eclaircissant-acide-salicylique-purete-intense-100g-kojie-san\\\/\"]}]},{\"@type\":\"ImageObject\",\"inLanguage\":\"pt-PT\",\"@id\":\"https:\\\/\\\/kojicskin-europe.com\\\/savon-eclaircissant-acide-salicylique-purete-intense-100g-kojie-san\\\/#primaryimage\",\"url\":\"https:\\\/\\\/kojicskin-europe.com\\\/wp-content\\\/uploads\\\/2026\\\/03\\\/kojie-san-savon-eclaircissant-a-lacide-salicylique-100g.webp\",\"contentUrl\":\"https:\\\/\\\/kojicskin-europe.com\\\/wp-content\\\/uploads\\\/2026\\\/03\\\/kojie-san-savon-eclaircissant-a-lacide-salicylique-100g.webp\",\"width\":800,\"height\":800},{\"@type\":\"BreadcrumbList\",\"@id\":\"https:\\\/\\\/kojicskin-europe.com\\\/savon-eclaircissant-acide-salicylique-purete-intense-100g-kojie-san\\\/#breadcrumb\",\"itemListElement\":[{\"@type\":\"ListItem\",\"position\":1,\"name\":\"Accueil\",\"item\":\"https:\\\/\\\/kojicskin-europe.com\\\/\"},{\"@type\":\"ListItem\",\"position\":2,\"name\":\"Kojie San\",\"item\":\"https:\\\/\\\/kojicskin-europe.com\\\/kojie-san\\\/\"},{\"@type\":\"ListItem\",\"position\":3,\"name\":\"Savon \u00e9claircissant Acide Salicylique Puret\u00e9 Intense 100g \u2013 Kojie San\"}]},{\"@type\":\"WebSite\",\"@id\":\"https:\\\/\\\/kojicskin-europe.com\\\/#website\",\"url\":\"https:\\\/\\\/kojicskin-europe.com\\\/\",\"name\":\"Kojic Skin Europe\",\"description\":\"\",\"publisher\":{\"@id\":\"https:\\\/\\\/kojicskin-europe.com\\\/#organization\"},\"potentialAction\":[{\"@type\":\"SearchAction\",\"target\":{\"@type\":\"EntryPoint\",\"urlTemplate\":\"https:\\\/\\\/kojicskin-europe.com\\\/?s={search_term_string}\"},\"query-input\":{\"@type\":\"PropertyValueSpecification\",\"valueRequired\":true,\"valueName\":\"search_term_string\"}}],\"inLanguage\":\"pt-PT\"},{\"@type\":\"Organization\",\"@id\":\"https:\\\/\\\/kojicskin-europe.com\\\/#organization\",\"name\":\"Kojic Skin Europe\",\"url\":\"https:\\\/\\\/kojicskin-europe.com\\\/\",\"logo\":{\"@type\":\"ImageObject\",\"inLanguage\":\"pt-PT\",\"@id\":\"https:\\\/\\\/kojicskin-europe.com\\\/#\\\/schema\\\/logo\\\/image\\\/\",\"url\":\"https:\\\/\\\/kojicskin-europe.com\\\/wp-content\\\/uploads\\\/2024\\\/11\\\/kojic-skin-europe-logo.png\",\"contentUrl\":\"https:\\\/\\\/kojicskin-europe.com\\\/wp-content\\\/uploads\\\/2024\\\/11\\\/kojic-skin-europe-logo.png\",\"width\":2078,\"height\":541,\"caption\":\"Kojic Skin Europe\"},\"image\":{\"@id\":\"https:\\\/\\\/kojicskin-europe.com\\\/#\\\/schema\\\/logo\\\/image\\\/\"}}]}<\/script>\n<!-- \/ Yoast SEO plugin. -->","yoast_head_json":{"title":"Savon \u00e9claircissant Acide Salicylique Puret\u00e9 Intense 100g \u2013 Kojie San","description":"Sp\u00e9cialement adapt\u00e9 aux peaux mixtes \u00e0 grasses, ce savon Kojie San r\u00e9duit les pores et unifie le teint en douceur.","robots":{"index":"index","follow":"follow","max-snippet":"max-snippet:-1","max-image-preview":"max-image-preview:large","max-video-preview":"max-video-preview:-1"},"canonical":"https:\/\/kojicskin-europe.com\/pt\/savon-eclaircissant-acide-salicylique-purete-intense-100g-kojie-san\/","og_locale":"pt_PT","og_type":"article","og_title":"Savon \u00e9claircissant Acide Salicylique Puret\u00e9 Intense 100g \u2013 Kojie San","og_description":"Sp\u00e9cialement adapt\u00e9 aux peaux mixtes \u00e0 grasses, ce savon Kojie San r\u00e9duit les pores et unifie le teint en douceur.","og_url":"https:\/\/kojicskin-europe.com\/pt\/savon-eclaircissant-acide-salicylique-purete-intense-100g-kojie-san\/","og_site_name":"Kojic Skin Europe","article_modified_time":"2026-04-07T07:16:29+00:00","og_image":[{"width":800,"height":800,"url":"https:\/\/kojicskin-europe.com\/wp-content\/uploads\/2026\/03\/kojie-san-savon-eclaircissant-a-lacide-salicylique-100g.webp","type":"image\/webp"}],"twitter_card":"summary_large_image","twitter_misc":{"Tempo estimado de leitura":"1 minuto"},"schema":{"@context":"https:\/\/schema.org","@graph":[{"@type":"WebPage","@id":"https:\/\/kojicskin-europe.com\/savon-eclaircissant-acide-salicylique-purete-intense-100g-kojie-san\/","url":"https:\/\/kojicskin-europe.com\/savon-eclaircissant-acide-salicylique-purete-intense-100g-kojie-san\/","name":"Savon \u00e9claircissant Acide Salicylique Puret\u00e9 Intense 100g \u2013 Kojie San","isPartOf":{"@id":"https:\/\/kojicskin-europe.com\/#website"},"primaryImageOfPage":{"@id":"https:\/\/kojicskin-europe.com\/savon-eclaircissant-acide-salicylique-purete-intense-100g-kojie-san\/#primaryimage"},"image":{"@id":"https:\/\/kojicskin-europe.com\/savon-eclaircissant-acide-salicylique-purete-intense-100g-kojie-san\/#primaryimage"},"thumbnailUrl":"https:\/\/kojicskin-europe.com\/wp-content\/uploads\/2026\/03\/kojie-san-savon-eclaircissant-a-lacide-salicylique-100g.webp","datePublished":"2026-03-31T21:08:22+00:00","dateModified":"2026-04-07T07:16:29+00:00","description":"Sp\u00e9cialement adapt\u00e9 aux peaux mixtes \u00e0 grasses, ce savon Kojie San r\u00e9duit les pores et unifie le teint en douceur.","breadcrumb":{"@id":"https:\/\/kojicskin-europe.com\/savon-eclaircissant-acide-salicylique-purete-intense-100g-kojie-san\/#breadcrumb"},"inLanguage":"pt-PT","potentialAction":[{"@type":"ReadAction","target":["https:\/\/kojicskin-europe.com\/savon-eclaircissant-acide-salicylique-purete-intense-100g-kojie-san\/"]}]},{"@type":"ImageObject","inLanguage":"pt-PT","@id":"https:\/\/kojicskin-europe.com\/savon-eclaircissant-acide-salicylique-purete-intense-100g-kojie-san\/#primaryimage","url":"https:\/\/kojicskin-europe.com\/wp-content\/uploads\/2026\/03\/kojie-san-savon-eclaircissant-a-lacide-salicylique-100g.webp","contentUrl":"https:\/\/kojicskin-europe.com\/wp-content\/uploads\/2026\/03\/kojie-san-savon-eclaircissant-a-lacide-salicylique-100g.webp","width":800,"height":800},{"@type":"BreadcrumbList","@id":"https:\/\/kojicskin-europe.com\/savon-eclaircissant-acide-salicylique-purete-intense-100g-kojie-san\/#breadcrumb","itemListElement":[{"@type":"ListItem","position":1,"name":"Accueil","item":"https:\/\/kojicskin-europe.com\/"},{"@type":"ListItem","position":2,"name":"Kojie San","item":"https:\/\/kojicskin-europe.com\/kojie-san\/"},{"@type":"ListItem","position":3,"name":"Savon \u00e9claircissant Acide Salicylique Puret\u00e9 Intense 100g \u2013 Kojie San"}]},{"@type":"WebSite","@id":"https:\/\/kojicskin-europe.com\/#website","url":"https:\/\/kojicskin-europe.com\/","name":"Pele Kojic Europa","description":"","publisher":{"@id":"https:\/\/kojicskin-europe.com\/#organization"},"potentialAction":[{"@type":"SearchAction","target":{"@type":"EntryPoint","urlTemplate":"https:\/\/kojicskin-europe.com\/?s={search_term_string}"},"query-input":{"@type":"PropertyValueSpecification","valueRequired":true,"valueName":"search_term_string"}}],"inLanguage":"pt-PT"},{"@type":"Organization","@id":"https:\/\/kojicskin-europe.com\/#organization","name":"Pele Kojic Europa","url":"https:\/\/kojicskin-europe.com\/","logo":{"@type":"ImageObject","inLanguage":"pt-PT","@id":"https:\/\/kojicskin-europe.com\/#\/schema\/logo\/image\/","url":"https:\/\/kojicskin-europe.com\/wp-content\/uploads\/2024\/11\/kojic-skin-europe-logo.png","contentUrl":"https:\/\/kojicskin-europe.com\/wp-content\/uploads\/2024\/11\/kojic-skin-europe-logo.png","width":2078,"height":541,"caption":"Kojic Skin Europe"},"image":{"@id":"https:\/\/kojicskin-europe.com\/#\/schema\/logo\/image\/"}}]}},"_links":{"self":[{"href":"https:\/\/kojicskin-europe.com\/pt\/wp-json\/wp\/v2\/product\/39552","targetHints":{"allow":["GET"]}}],"collection":[{"href":"https:\/\/kojicskin-europe.com\/pt\/wp-json\/wp\/v2\/product"}],"about":[{"href":"https:\/\/kojicskin-europe.com\/pt\/wp-json\/wp\/v2\/types\/product"}],"version-history":[{"count":0,"href":"https:\/\/kojicskin-europe.com\/pt\/wp-json\/wp\/v2\/product\/39552\/revisions"}],"wp:featuredmedia":[{"embeddable":true,"href":"https:\/\/kojicskin-europe.com\/pt\/wp-json\/wp\/v2\/media\/39592"}],"wp:attachment":[{"href":"https:\/\/kojicskin-europe.com\/pt\/wp-json\/wp\/v2\/media?parent=39552"}],"wp:term":[{"taxonomy":"product_brand","embeddable":true,"href":"https:\/\/kojicskin-europe.com\/pt\/wp-json\/wp\/v2\/product_brand?post=39552"},{"taxonomy":"product_cat","embeddable":true,"href":"https:\/\/kojicskin-europe.com\/pt\/wp-json\/wp\/v2\/product_cat?post=39552"},{"taxonomy":"product_tag","embeddable":true,"href":"https:\/\/kojicskin-europe.com\/pt\/wp-json\/wp\/v2\/product_tag?post=39552"}],"curies":[{"name":"wp","href":"https:\/\/api.w.org\/{rel}","templated":true}]}}