{"id":39537,"date":"2026-03-31T22:31:41","date_gmt":"2026-03-31T20:31:41","guid":{"rendered":"https:\/\/kojicskin-europe.com\/?post_type=product&#038;p=39537"},"modified":"2026-04-05T12:10:01","modified_gmt":"2026-04-05T10:10:01","slug":"savon-eclaircissant-vitamine-c-eclat-lumineux-100g-kojie-san","status":"publish","type":"product","link":"https:\/\/kojicskin-europe.com\/pt\/savon-eclaircissant-vitamine-c-eclat-lumineux-100g-kojie-san\/","title":{"rendered":"Savon \u00e9claircissant Vitamine C \u00c9clat Lumineux 100g \u2013 Kojie San"},"content":{"rendered":"<p data-start=\"1281\" data-end=\"1533\"><!--StartFragment --><\/p>\n<p>Adapt\u00e9 \u00e0 tous les types de peaux, le savon \u00e9claircissant <strong>Kojie San Vitamine C<\/strong> associe l\u2019acide kojique \u00e0 la vitamine C pour r\u00e9v\u00e9ler un teint plus lumineux et \u00e9clatant. <strong>Le savon Kojie San \u00e0 la vitamine C nettoie en profondeur la peau jusqu\u2019aux pores, la nourrit pour la rendre \u00e9clatante, att\u00e9nue les taches d\u2019hyperpigmentation et maintient une hydratation optimale.<\/strong> Il agit en profondeur pour am\u00e9liorer l\u2019uniformit\u00e9 de la peau.<\/p>\n<p>Utilis\u00e9 quotidiennement, il aide \u00e0 att\u00e9nuer les taches pigmentaires et \u00e0 raviver les peaux ternes ou fatigu\u00e9es. Sa formule contribue \u00e9galement \u00e0 prot\u00e9ger la peau des agressions ext\u00e9rieures.<\/p>\n<p>Les savons Kojie San aident \u00e0 r\u00e9guler la production de m\u00e9lanine, rendant la peau plus claire et homog\u00e8ne. Cette version est id\u00e9ale pour celles et ceux qui recherchent un effet glow visible.<\/p>\n<p>Parfait pour retrouver une peau fra\u00eeche, lumineuse et revitalis\u00e9e.<\/p>\n<p data-start=\"1281\" data-end=\"1533\"><!--EndFragment --><\/p>","protected":false},"excerpt":{"rendered":"<ul>\n<li><strong><u>PREPARADO E EXPEDIDO NO PRAZO DE 5 DIAS<\/u><\/strong><\/li>\n<li>Booste l\u2019\u00e9clat naturel du teint d\u00e8s les premi\u00e8res utilisations<\/li>\n<li>Aide \u00e0 uniformiser la peau et raviver les teints ternes<\/li>\n<li>Prot\u00e8ge la peau gr\u00e2ce \u00e0 une action antioxydante<\/li>\n<li>Id\u00e9al pour les peaux fatigu\u00e9es ou en manque d\u2019\u00e9clat<\/li>\n<li><strong>Format:<\/strong> 100 grammes<\/li>\n<\/ul>","protected":false},"featured_media":39589,"template":"","meta":{"ocean_post_layout":"","ocean_both_sidebars_style":"","ocean_both_sidebars_content_width":0,"ocean_both_sidebars_sidebars_width":0,"ocean_sidebar":"0","ocean_second_sidebar":"0","ocean_disable_margins":"enable","ocean_add_body_class":"","ocean_shortcode_before_top_bar":"","ocean_shortcode_after_top_bar":"","ocean_shortcode_before_header":"","ocean_shortcode_after_header":"","ocean_has_shortcode":"","ocean_shortcode_after_title":"","ocean_shortcode_before_footer_widgets":"","ocean_shortcode_after_footer_widgets":"","ocean_shortcode_before_footer_bottom":"","ocean_shortcode_after_footer_bottom":"","ocean_display_top_bar":"default","ocean_display_header":"default","ocean_header_style":"","ocean_center_header_left_menu":"0","ocean_custom_header_template":"0","ocean_custom_logo":0,"ocean_custom_retina_logo":0,"ocean_custom_logo_max_width":0,"ocean_custom_logo_tablet_max_width":0,"ocean_custom_logo_mobile_max_width":0,"ocean_custom_logo_max_height":0,"ocean_custom_logo_tablet_max_height":0,"ocean_custom_logo_mobile_max_height":0,"ocean_header_custom_menu":"0","ocean_menu_typo_font_family":"0","ocean_menu_typo_font_subset":"","ocean_menu_typo_font_size":0,"ocean_menu_typo_font_size_tablet":0,"ocean_menu_typo_font_size_mobile":0,"ocean_menu_typo_font_size_unit":"px","ocean_menu_typo_font_weight":"","ocean_menu_typo_font_weight_tablet":"","ocean_menu_typo_font_weight_mobile":"","ocean_menu_typo_transform":"","ocean_menu_typo_transform_tablet":"","ocean_menu_typo_transform_mobile":"","ocean_menu_typo_line_height":0,"ocean_menu_typo_line_height_tablet":0,"ocean_menu_typo_line_height_mobile":0,"ocean_menu_typo_line_height_unit":"","ocean_menu_typo_spacing":0,"ocean_menu_typo_spacing_tablet":0,"ocean_menu_typo_spacing_mobile":0,"ocean_menu_typo_spacing_unit":"","ocean_menu_link_color":"","ocean_menu_link_color_hover":"","ocean_menu_link_color_active":"","ocean_menu_link_background":"","ocean_menu_link_hover_background":"","ocean_menu_link_active_background":"","ocean_menu_social_links_bg":"","ocean_menu_social_hover_links_bg":"","ocean_menu_social_links_color":"","ocean_menu_social_hover_links_color":"","ocean_disable_title":"default","ocean_disable_heading":"default","ocean_post_title":"","ocean_post_subheading":"","ocean_post_title_style":"","ocean_post_title_background_color":"","ocean_post_title_background":0,"ocean_post_title_bg_image_position":"","ocean_post_title_bg_image_attachment":"","ocean_post_title_bg_image_repeat":"","ocean_post_title_bg_image_size":"","ocean_post_title_height":0,"ocean_post_title_bg_overlay":0.5,"ocean_post_title_bg_overlay_color":"","ocean_disable_breadcrumbs":"default","ocean_breadcrumbs_color":"","ocean_breadcrumbs_separator_color":"","ocean_breadcrumbs_links_color":"","ocean_breadcrumbs_links_hover_color":"","ocean_display_footer_widgets":"default","ocean_display_footer_bottom":"default","ocean_custom_footer_template":"0"},"product_brand":[],"product_cat":[23,17],"product_tag":[],"class_list":{"0":"post-39537","1":"product","2":"type-product","3":"status-publish","4":"has-post-thumbnail","6":"product_cat-kojie-san","7":"product_cat-kojie-san-savons","9":"entry","10":"has-media","12":"first","13":"instock","14":"taxable","15":"shipping-taxable","16":"purchasable","17":"product-type-simple","18":"has-product-nav","19":"col","20":"span_1_of_3","21":"owp-content-center","22":"owp-thumbs-layout-horizontal","23":"owp-btn-normal","24":"owp-tabs-layout-horizontal","25":"has-no-thumbnails"},"yoast_head":"<!-- This site is optimized with the Yoast SEO plugin v27.3 - https:\/\/yoast.com\/product\/yoast-seo-wordpress\/ -->\n<title>Savon \u00e9claircissant Vitamine C \u00c9clat Lumineux 100g \u2013 Kojie San<\/title>\n<meta name=\"description\" content=\"Taches, teint terne, pores\u2026 Le savon Kojie San Vit. C r\u00e9v\u00e8le une peau lumineuse et homog\u00e8ne au quotidien.\" \/>\n<meta name=\"robots\" content=\"index, follow, max-snippet:-1, max-image-preview:large, max-video-preview:-1\" \/>\n<link rel=\"canonical\" href=\"https:\/\/kojicskin-europe.com\/pt\/savon-eclaircissant-vitamine-c-eclat-lumineux-100g-kojie-san\/\" \/>\n<meta property=\"og:locale\" content=\"pt_PT\" \/>\n<meta property=\"og:type\" content=\"article\" \/>\n<meta property=\"og:title\" content=\"Savon \u00e9claircissant Vitamine C \u00c9clat Lumineux 100g \u2013 Kojie San\" \/>\n<meta property=\"og:description\" content=\"Taches, teint terne, pores\u2026 Le savon Kojie San Vit. C r\u00e9v\u00e8le une peau lumineuse et homog\u00e8ne au quotidien.\" \/>\n<meta property=\"og:url\" content=\"https:\/\/kojicskin-europe.com\/pt\/savon-eclaircissant-vitamine-c-eclat-lumineux-100g-kojie-san\/\" \/>\n<meta property=\"og:site_name\" content=\"Kojic Skin Europe\" \/>\n<meta property=\"article:modified_time\" content=\"2026-04-05T10:10:01+00:00\" \/>\n<meta property=\"og:image\" content=\"https:\/\/kojicskin-europe.com\/wp-content\/uploads\/2026\/03\/kojie-san-savon-eclaircissant-a-la-vitamine-c-100g.webp\" \/>\n\t<meta property=\"og:image:width\" content=\"800\" \/>\n\t<meta property=\"og:image:height\" content=\"800\" \/>\n\t<meta property=\"og:image:type\" content=\"image\/webp\" \/>\n<meta name=\"twitter:card\" content=\"summary_large_image\" \/>\n<meta name=\"twitter:label1\" content=\"Tempo estimado de leitura\" \/>\n\t<meta name=\"twitter:data1\" content=\"1 minuto\" \/>\n<script type=\"application\/ld+json\" class=\"yoast-schema-graph\">{\"@context\":\"https:\\\/\\\/schema.org\",\"@graph\":[{\"@type\":\"WebPage\",\"@id\":\"https:\\\/\\\/kojicskin-europe.com\\\/savon-eclaircissant-vitamine-c-eclat-lumineux-100g-kojie-san\\\/\",\"url\":\"https:\\\/\\\/kojicskin-europe.com\\\/savon-eclaircissant-vitamine-c-eclat-lumineux-100g-kojie-san\\\/\",\"name\":\"Savon \u00e9claircissant Vitamine C \u00c9clat Lumineux 100g \u2013 Kojie San\",\"isPartOf\":{\"@id\":\"https:\\\/\\\/kojicskin-europe.com\\\/#website\"},\"primaryImageOfPage\":{\"@id\":\"https:\\\/\\\/kojicskin-europe.com\\\/savon-eclaircissant-vitamine-c-eclat-lumineux-100g-kojie-san\\\/#primaryimage\"},\"image\":{\"@id\":\"https:\\\/\\\/kojicskin-europe.com\\\/savon-eclaircissant-vitamine-c-eclat-lumineux-100g-kojie-san\\\/#primaryimage\"},\"thumbnailUrl\":\"https:\\\/\\\/kojicskin-europe.com\\\/wp-content\\\/uploads\\\/2026\\\/03\\\/kojie-san-savon-eclaircissant-a-la-vitamine-c-100g.webp\",\"datePublished\":\"2026-03-31T20:31:41+00:00\",\"dateModified\":\"2026-04-05T10:10:01+00:00\",\"description\":\"Taches, teint terne, pores\u2026 Le savon Kojie San Vit. C r\u00e9v\u00e8le une peau lumineuse et homog\u00e8ne au quotidien.\",\"breadcrumb\":{\"@id\":\"https:\\\/\\\/kojicskin-europe.com\\\/savon-eclaircissant-vitamine-c-eclat-lumineux-100g-kojie-san\\\/#breadcrumb\"},\"inLanguage\":\"pt-PT\",\"potentialAction\":[{\"@type\":\"ReadAction\",\"target\":[\"https:\\\/\\\/kojicskin-europe.com\\\/savon-eclaircissant-vitamine-c-eclat-lumineux-100g-kojie-san\\\/\"]}]},{\"@type\":\"ImageObject\",\"inLanguage\":\"pt-PT\",\"@id\":\"https:\\\/\\\/kojicskin-europe.com\\\/savon-eclaircissant-vitamine-c-eclat-lumineux-100g-kojie-san\\\/#primaryimage\",\"url\":\"https:\\\/\\\/kojicskin-europe.com\\\/wp-content\\\/uploads\\\/2026\\\/03\\\/kojie-san-savon-eclaircissant-a-la-vitamine-c-100g.webp\",\"contentUrl\":\"https:\\\/\\\/kojicskin-europe.com\\\/wp-content\\\/uploads\\\/2026\\\/03\\\/kojie-san-savon-eclaircissant-a-la-vitamine-c-100g.webp\",\"width\":800,\"height\":800},{\"@type\":\"BreadcrumbList\",\"@id\":\"https:\\\/\\\/kojicskin-europe.com\\\/savon-eclaircissant-vitamine-c-eclat-lumineux-100g-kojie-san\\\/#breadcrumb\",\"itemListElement\":[{\"@type\":\"ListItem\",\"position\":1,\"name\":\"Accueil\",\"item\":\"https:\\\/\\\/kojicskin-europe.com\\\/\"},{\"@type\":\"ListItem\",\"position\":2,\"name\":\"Kojie San\",\"item\":\"https:\\\/\\\/kojicskin-europe.com\\\/kojie-san\\\/\"},{\"@type\":\"ListItem\",\"position\":3,\"name\":\"Savon \u00e9claircissant Vitamine C \u00c9clat Lumineux 100g \u2013 Kojie San\"}]},{\"@type\":\"WebSite\",\"@id\":\"https:\\\/\\\/kojicskin-europe.com\\\/#website\",\"url\":\"https:\\\/\\\/kojicskin-europe.com\\\/\",\"name\":\"Kojic Skin Europe\",\"description\":\"\",\"publisher\":{\"@id\":\"https:\\\/\\\/kojicskin-europe.com\\\/#organization\"},\"potentialAction\":[{\"@type\":\"SearchAction\",\"target\":{\"@type\":\"EntryPoint\",\"urlTemplate\":\"https:\\\/\\\/kojicskin-europe.com\\\/?s={search_term_string}\"},\"query-input\":{\"@type\":\"PropertyValueSpecification\",\"valueRequired\":true,\"valueName\":\"search_term_string\"}}],\"inLanguage\":\"pt-PT\"},{\"@type\":\"Organization\",\"@id\":\"https:\\\/\\\/kojicskin-europe.com\\\/#organization\",\"name\":\"Kojic Skin Europe\",\"url\":\"https:\\\/\\\/kojicskin-europe.com\\\/\",\"logo\":{\"@type\":\"ImageObject\",\"inLanguage\":\"pt-PT\",\"@id\":\"https:\\\/\\\/kojicskin-europe.com\\\/#\\\/schema\\\/logo\\\/image\\\/\",\"url\":\"https:\\\/\\\/kojicskin-europe.com\\\/wp-content\\\/uploads\\\/2024\\\/11\\\/kojic-skin-europe-logo.png\",\"contentUrl\":\"https:\\\/\\\/kojicskin-europe.com\\\/wp-content\\\/uploads\\\/2024\\\/11\\\/kojic-skin-europe-logo.png\",\"width\":2078,\"height\":541,\"caption\":\"Kojic Skin Europe\"},\"image\":{\"@id\":\"https:\\\/\\\/kojicskin-europe.com\\\/#\\\/schema\\\/logo\\\/image\\\/\"}}]}<\/script>\n<!-- \/ Yoast SEO plugin. -->","yoast_head_json":{"title":"Savon \u00e9claircissant Vitamine C \u00c9clat Lumineux 100g \u2013 Kojie San","description":"Taches, teint terne, pores\u2026 Le savon Kojie San Vit. C r\u00e9v\u00e8le une peau lumineuse et homog\u00e8ne au quotidien.","robots":{"index":"index","follow":"follow","max-snippet":"max-snippet:-1","max-image-preview":"max-image-preview:large","max-video-preview":"max-video-preview:-1"},"canonical":"https:\/\/kojicskin-europe.com\/pt\/savon-eclaircissant-vitamine-c-eclat-lumineux-100g-kojie-san\/","og_locale":"pt_PT","og_type":"article","og_title":"Savon \u00e9claircissant Vitamine C \u00c9clat Lumineux 100g \u2013 Kojie San","og_description":"Taches, teint terne, pores\u2026 Le savon Kojie San Vit. C r\u00e9v\u00e8le une peau lumineuse et homog\u00e8ne au quotidien.","og_url":"https:\/\/kojicskin-europe.com\/pt\/savon-eclaircissant-vitamine-c-eclat-lumineux-100g-kojie-san\/","og_site_name":"Kojic Skin Europe","article_modified_time":"2026-04-05T10:10:01+00:00","og_image":[{"width":800,"height":800,"url":"https:\/\/kojicskin-europe.com\/wp-content\/uploads\/2026\/03\/kojie-san-savon-eclaircissant-a-la-vitamine-c-100g.webp","type":"image\/webp"}],"twitter_card":"summary_large_image","twitter_misc":{"Tempo estimado de leitura":"1 minuto"},"schema":{"@context":"https:\/\/schema.org","@graph":[{"@type":"WebPage","@id":"https:\/\/kojicskin-europe.com\/savon-eclaircissant-vitamine-c-eclat-lumineux-100g-kojie-san\/","url":"https:\/\/kojicskin-europe.com\/savon-eclaircissant-vitamine-c-eclat-lumineux-100g-kojie-san\/","name":"Savon \u00e9claircissant Vitamine C \u00c9clat Lumineux 100g \u2013 Kojie San","isPartOf":{"@id":"https:\/\/kojicskin-europe.com\/#website"},"primaryImageOfPage":{"@id":"https:\/\/kojicskin-europe.com\/savon-eclaircissant-vitamine-c-eclat-lumineux-100g-kojie-san\/#primaryimage"},"image":{"@id":"https:\/\/kojicskin-europe.com\/savon-eclaircissant-vitamine-c-eclat-lumineux-100g-kojie-san\/#primaryimage"},"thumbnailUrl":"https:\/\/kojicskin-europe.com\/wp-content\/uploads\/2026\/03\/kojie-san-savon-eclaircissant-a-la-vitamine-c-100g.webp","datePublished":"2026-03-31T20:31:41+00:00","dateModified":"2026-04-05T10:10:01+00:00","description":"Taches, teint terne, pores\u2026 Le savon Kojie San Vit. C r\u00e9v\u00e8le une peau lumineuse et homog\u00e8ne au quotidien.","breadcrumb":{"@id":"https:\/\/kojicskin-europe.com\/savon-eclaircissant-vitamine-c-eclat-lumineux-100g-kojie-san\/#breadcrumb"},"inLanguage":"pt-PT","potentialAction":[{"@type":"ReadAction","target":["https:\/\/kojicskin-europe.com\/savon-eclaircissant-vitamine-c-eclat-lumineux-100g-kojie-san\/"]}]},{"@type":"ImageObject","inLanguage":"pt-PT","@id":"https:\/\/kojicskin-europe.com\/savon-eclaircissant-vitamine-c-eclat-lumineux-100g-kojie-san\/#primaryimage","url":"https:\/\/kojicskin-europe.com\/wp-content\/uploads\/2026\/03\/kojie-san-savon-eclaircissant-a-la-vitamine-c-100g.webp","contentUrl":"https:\/\/kojicskin-europe.com\/wp-content\/uploads\/2026\/03\/kojie-san-savon-eclaircissant-a-la-vitamine-c-100g.webp","width":800,"height":800},{"@type":"BreadcrumbList","@id":"https:\/\/kojicskin-europe.com\/savon-eclaircissant-vitamine-c-eclat-lumineux-100g-kojie-san\/#breadcrumb","itemListElement":[{"@type":"ListItem","position":1,"name":"Accueil","item":"https:\/\/kojicskin-europe.com\/"},{"@type":"ListItem","position":2,"name":"Kojie San","item":"https:\/\/kojicskin-europe.com\/kojie-san\/"},{"@type":"ListItem","position":3,"name":"Savon \u00e9claircissant Vitamine C \u00c9clat Lumineux 100g \u2013 Kojie San"}]},{"@type":"WebSite","@id":"https:\/\/kojicskin-europe.com\/#website","url":"https:\/\/kojicskin-europe.com\/","name":"Pele Kojic Europa","description":"","publisher":{"@id":"https:\/\/kojicskin-europe.com\/#organization"},"potentialAction":[{"@type":"SearchAction","target":{"@type":"EntryPoint","urlTemplate":"https:\/\/kojicskin-europe.com\/?s={search_term_string}"},"query-input":{"@type":"PropertyValueSpecification","valueRequired":true,"valueName":"search_term_string"}}],"inLanguage":"pt-PT"},{"@type":"Organization","@id":"https:\/\/kojicskin-europe.com\/#organization","name":"Pele Kojic Europa","url":"https:\/\/kojicskin-europe.com\/","logo":{"@type":"ImageObject","inLanguage":"pt-PT","@id":"https:\/\/kojicskin-europe.com\/#\/schema\/logo\/image\/","url":"https:\/\/kojicskin-europe.com\/wp-content\/uploads\/2024\/11\/kojic-skin-europe-logo.png","contentUrl":"https:\/\/kojicskin-europe.com\/wp-content\/uploads\/2024\/11\/kojic-skin-europe-logo.png","width":2078,"height":541,"caption":"Kojic Skin Europe"},"image":{"@id":"https:\/\/kojicskin-europe.com\/#\/schema\/logo\/image\/"}}]}},"_links":{"self":[{"href":"https:\/\/kojicskin-europe.com\/pt\/wp-json\/wp\/v2\/product\/39537","targetHints":{"allow":["GET"]}}],"collection":[{"href":"https:\/\/kojicskin-europe.com\/pt\/wp-json\/wp\/v2\/product"}],"about":[{"href":"https:\/\/kojicskin-europe.com\/pt\/wp-json\/wp\/v2\/types\/product"}],"version-history":[{"count":5,"href":"https:\/\/kojicskin-europe.com\/pt\/wp-json\/wp\/v2\/product\/39537\/revisions"}],"predecessor-version":[{"id":39593,"href":"https:\/\/kojicskin-europe.com\/pt\/wp-json\/wp\/v2\/product\/39537\/revisions\/39593"}],"wp:featuredmedia":[{"embeddable":true,"href":"https:\/\/kojicskin-europe.com\/pt\/wp-json\/wp\/v2\/media\/39589"}],"wp:attachment":[{"href":"https:\/\/kojicskin-europe.com\/pt\/wp-json\/wp\/v2\/media?parent=39537"}],"wp:term":[{"taxonomy":"product_brand","embeddable":true,"href":"https:\/\/kojicskin-europe.com\/pt\/wp-json\/wp\/v2\/product_brand?post=39537"},{"taxonomy":"product_cat","embeddable":true,"href":"https:\/\/kojicskin-europe.com\/pt\/wp-json\/wp\/v2\/product_cat?post=39537"},{"taxonomy":"product_tag","embeddable":true,"href":"https:\/\/kojicskin-europe.com\/pt\/wp-json\/wp\/v2\/product_tag?post=39537"}],"curies":[{"name":"wp","href":"https:\/\/api.w.org\/{rel}","templated":true}]}}