{"id":35651,"date":"2026-02-17T23:15:30","date_gmt":"2026-02-17T22:15:30","guid":{"rendered":"https:\/\/kojicskin-europe.com\/?post_type=product&#038;p=35651"},"modified":"2026-02-19T14:31:59","modified_gmt":"2026-02-19T13:31:59","slug":"coffret-decouverte-dream-white","status":"publish","type":"product","link":"https:\/\/kojicskin-europe.com\/pt\/coffret-decouverte-dream-white\/","title":{"rendered":"Coffret \u00ab\u00a0Dream White Glow Ritual\u00a0\u00bb"},"content":{"rendered":"<p>Offrez \u00e0 votre peau une routine experte avec le coffret <strong>D\u00e9couverte Dream White<\/strong>, con\u00e7u pour agir sur les signes visibles de l\u2019\u00e2ge tout en r\u00e9v\u00e9lant l\u2019\u00e9clat naturel du teint.<\/p>\n<p>Gr\u00e2ce \u00e0 l\u2019association de soins compl\u00e9mentaires, la peau est nettoy\u00e9e en douceur, tonifi\u00e9e et intens\u00e9ment hydrat\u00e9e. Jour apr\u00e8s jour, elle para\u00eet plus lisse, plus souple et visiblement plus lumineuse.<\/p>\n<p>Cette routine compl\u00e8te accompagne la peau matin et soir pour un r\u00e9sultat optimal et durable.<\/p>\n<p>A l&rsquo;int\u00e9rieur de ces coffrets, vous trouverez les produits suivants :<\/p>\n<ul>\n<li><a href=\"https:\/\/kojicskin-europe.com\/pt\/pack-2-savons-anti-age-dream-white-kojie-san-2x135g\/\">Savon anti-\u00e2ge Dream White 135g \u2014 Kojie San<\/a><\/li>\n<li><a href=\"https:\/\/kojicskin-europe.com\/pt\/creme-de-dia-anti-envelhecimento-dream-white-30g\/\">Cr\u00e8me de jour anti-\u00e2ge Dream White 30g \u2014 Kojie San<\/a><\/li>\n<li><a href=\"https:\/\/kojicskin-europe.com\/pt\/creme-de-noite-anti-envelhecimento-dream-white-30g\/\">Cr\u00e8me de nuit anti-\u00e2ge Dream White 30g \u2014 Kojie San<\/a><\/li>\n<li><a href=\"https:\/\/kojicskin-europe.com\/pt\/tonico-facial-anti-envelhecimento-100ml-kojie-san\/\">Lotion tonifiante Dream White anti-\u00e2ge 100ml \u2014 Kojie San<\/a><\/li>\n<\/ul>","protected":false},"excerpt":{"rendered":"<ul>\n<li><strong>PREPARADO E EXPEDIDO NO PRAZO DE 5 DIAS<\/strong><\/li>\n<li>Routine anti-\u00e2ge compl\u00e8te visage<\/li>\n<li>Aide \u00e0 lisser et illuminer le teint pour une hydratation jour &amp; nuit<\/li>\n<li>Am\u00e9liore l\u2019\u00e9lasticit\u00e9 de la peau<\/li>\n<li>Teint plus uniforme et \u00e9clatant<\/li>\n<li>Id\u00e9al pour d\u00e9couvrir la gamme Dream White<\/li>\n<\/ul>","protected":false},"featured_media":35797,"template":"","meta":{"ocean_post_layout":"","ocean_both_sidebars_style":"","ocean_both_sidebars_content_width":0,"ocean_both_sidebars_sidebars_width":0,"ocean_sidebar":"0","ocean_second_sidebar":"0","ocean_disable_margins":"enable","ocean_add_body_class":"","ocean_shortcode_before_top_bar":"","ocean_shortcode_after_top_bar":"","ocean_shortcode_before_header":"","ocean_shortcode_after_header":"","ocean_has_shortcode":"","ocean_shortcode_after_title":"","ocean_shortcode_before_footer_widgets":"","ocean_shortcode_after_footer_widgets":"","ocean_shortcode_before_footer_bottom":"","ocean_shortcode_after_footer_bottom":"","ocean_display_top_bar":"default","ocean_display_header":"default","ocean_header_style":"","ocean_center_header_left_menu":"0","ocean_custom_header_template":"0","ocean_custom_logo":0,"ocean_custom_retina_logo":0,"ocean_custom_logo_max_width":0,"ocean_custom_logo_tablet_max_width":0,"ocean_custom_logo_mobile_max_width":0,"ocean_custom_logo_max_height":0,"ocean_custom_logo_tablet_max_height":0,"ocean_custom_logo_mobile_max_height":0,"ocean_header_custom_menu":"0","ocean_menu_typo_font_family":"0","ocean_menu_typo_font_subset":"","ocean_menu_typo_font_size":0,"ocean_menu_typo_font_size_tablet":0,"ocean_menu_typo_font_size_mobile":0,"ocean_menu_typo_font_size_unit":"px","ocean_menu_typo_font_weight":"","ocean_menu_typo_font_weight_tablet":"","ocean_menu_typo_font_weight_mobile":"","ocean_menu_typo_transform":"","ocean_menu_typo_transform_tablet":"","ocean_menu_typo_transform_mobile":"","ocean_menu_typo_line_height":0,"ocean_menu_typo_line_height_tablet":0,"ocean_menu_typo_line_height_mobile":0,"ocean_menu_typo_line_height_unit":"","ocean_menu_typo_spacing":0,"ocean_menu_typo_spacing_tablet":0,"ocean_menu_typo_spacing_mobile":0,"ocean_menu_typo_spacing_unit":"","ocean_menu_link_color":"","ocean_menu_link_color_hover":"","ocean_menu_link_color_active":"","ocean_menu_link_background":"","ocean_menu_link_hover_background":"","ocean_menu_link_active_background":"","ocean_menu_social_links_bg":"","ocean_menu_social_hover_links_bg":"","ocean_menu_social_links_color":"","ocean_menu_social_hover_links_color":"","ocean_disable_title":"default","ocean_disable_heading":"default","ocean_post_title":"","ocean_post_subheading":"","ocean_post_title_style":"","ocean_post_title_background_color":"","ocean_post_title_background":0,"ocean_post_title_bg_image_position":"","ocean_post_title_bg_image_attachment":"","ocean_post_title_bg_image_repeat":"","ocean_post_title_bg_image_size":"","ocean_post_title_height":0,"ocean_post_title_bg_overlay":0.5,"ocean_post_title_bg_overlay_color":"","ocean_disable_breadcrumbs":"default","ocean_breadcrumbs_color":"","ocean_breadcrumbs_separator_color":"","ocean_breadcrumbs_links_color":"","ocean_breadcrumbs_links_hover_color":"","ocean_display_footer_widgets":"default","ocean_display_footer_bottom":"default","ocean_custom_footer_template":"0"},"product_brand":[],"product_cat":[143],"product_tag":[],"class_list":{"0":"post-35651","1":"product","2":"type-product","3":"status-publish","4":"has-post-thumbnail","6":"product_cat-coffrets-kojie-san-silka","8":"entry","9":"has-media","11":"first","12":"instock","13":"sale","14":"taxable","15":"shipping-taxable","16":"purchasable","17":"product-type-simple","18":"has-product-nav","19":"col","20":"span_1_of_3","21":"owp-content-center","22":"owp-thumbs-layout-horizontal","23":"owp-btn-normal","24":"owp-tabs-layout-horizontal","25":"has-no-thumbnails"},"yoast_head":"<!-- This site is optimized with the Yoast SEO plugin v27.3 - https:\/\/yoast.com\/product\/yoast-seo-wordpress\/ -->\n<title>Coffret &quot;Dream White Glow Ritual&quot; - Kojic Skin Europe<\/title>\n<meta name=\"description\" content=\"Routine anti\u2011\u00e2ge compl\u00e8te Dream White : nettoie, tonifie et hydrate pour une peau plus lisse, souple et lumineuse jour apr\u00e8s jour.\" \/>\n<meta name=\"robots\" content=\"index, follow, max-snippet:-1, max-image-preview:large, max-video-preview:-1\" \/>\n<link rel=\"canonical\" href=\"https:\/\/kojicskin-europe.com\/pt\/coffret-decouverte-dream-white\/\" \/>\n<meta property=\"og:locale\" content=\"pt_PT\" \/>\n<meta property=\"og:type\" content=\"article\" \/>\n<meta property=\"og:title\" content=\"Coffret &quot;Dream White Glow Ritual&quot; - Kojic Skin Europe\" \/>\n<meta property=\"og:description\" content=\"Routine anti\u2011\u00e2ge compl\u00e8te Dream White : nettoie, tonifie et hydrate pour une peau plus lisse, souple et lumineuse jour apr\u00e8s jour.\" \/>\n<meta property=\"og:url\" content=\"https:\/\/kojicskin-europe.com\/pt\/coffret-decouverte-dream-white\/\" \/>\n<meta property=\"og:site_name\" content=\"Kojic Skin Europe\" \/>\n<meta property=\"article:modified_time\" content=\"2026-02-19T13:31:59+00:00\" \/>\n<meta property=\"og:image\" content=\"https:\/\/kojicskin-europe.com\/wp-content\/uploads\/2026\/02\/Dream-White-Glow-Ritual-kojie-san-1.png\" \/>\n\t<meta property=\"og:image:width\" content=\"800\" \/>\n\t<meta property=\"og:image:height\" content=\"800\" \/>\n\t<meta property=\"og:image:type\" content=\"image\/png\" \/>\n<meta name=\"twitter:card\" content=\"summary_large_image\" \/>\n<meta name=\"twitter:label1\" content=\"Tempo estimado de leitura\" \/>\n\t<meta name=\"twitter:data1\" content=\"1 minuto\" \/>\n<script type=\"application\/ld+json\" class=\"yoast-schema-graph\">{\"@context\":\"https:\\\/\\\/schema.org\",\"@graph\":[{\"@type\":\"WebPage\",\"@id\":\"https:\\\/\\\/kojicskin-europe.com\\\/coffret-decouverte-dream-white\\\/\",\"url\":\"https:\\\/\\\/kojicskin-europe.com\\\/coffret-decouverte-dream-white\\\/\",\"name\":\"Coffret \\\"Dream White Glow Ritual\\\" - Kojic Skin Europe\",\"isPartOf\":{\"@id\":\"https:\\\/\\\/kojicskin-europe.com\\\/#website\"},\"primaryImageOfPage\":{\"@id\":\"https:\\\/\\\/kojicskin-europe.com\\\/coffret-decouverte-dream-white\\\/#primaryimage\"},\"image\":{\"@id\":\"https:\\\/\\\/kojicskin-europe.com\\\/coffret-decouverte-dream-white\\\/#primaryimage\"},\"thumbnailUrl\":\"https:\\\/\\\/kojicskin-europe.com\\\/wp-content\\\/uploads\\\/2026\\\/02\\\/Dream-White-Glow-Ritual-kojie-san-1.png\",\"datePublished\":\"2026-02-17T22:15:30+00:00\",\"dateModified\":\"2026-02-19T13:31:59+00:00\",\"description\":\"Routine anti\u2011\u00e2ge compl\u00e8te Dream White : nettoie, tonifie et hydrate pour une peau plus lisse, souple et lumineuse jour apr\u00e8s jour.\",\"breadcrumb\":{\"@id\":\"https:\\\/\\\/kojicskin-europe.com\\\/coffret-decouverte-dream-white\\\/#breadcrumb\"},\"inLanguage\":\"pt-PT\",\"potentialAction\":[{\"@type\":\"ReadAction\",\"target\":[\"https:\\\/\\\/kojicskin-europe.com\\\/coffret-decouverte-dream-white\\\/\"]}]},{\"@type\":\"ImageObject\",\"inLanguage\":\"pt-PT\",\"@id\":\"https:\\\/\\\/kojicskin-europe.com\\\/coffret-decouverte-dream-white\\\/#primaryimage\",\"url\":\"https:\\\/\\\/kojicskin-europe.com\\\/wp-content\\\/uploads\\\/2026\\\/02\\\/Dream-White-Glow-Ritual-kojie-san-1.png\",\"contentUrl\":\"https:\\\/\\\/kojicskin-europe.com\\\/wp-content\\\/uploads\\\/2026\\\/02\\\/Dream-White-Glow-Ritual-kojie-san-1.png\",\"width\":800,\"height\":800},{\"@type\":\"BreadcrumbList\",\"@id\":\"https:\\\/\\\/kojicskin-europe.com\\\/coffret-decouverte-dream-white\\\/#breadcrumb\",\"itemListElement\":[{\"@type\":\"ListItem\",\"position\":1,\"name\":\"Accueil\",\"item\":\"https:\\\/\\\/kojicskin-europe.com\\\/\"},{\"@type\":\"ListItem\",\"position\":2,\"name\":\"Kojie San\",\"item\":\"https:\\\/\\\/kojicskin-europe.com\\\/kojie-san\\\/\"},{\"@type\":\"ListItem\",\"position\":3,\"name\":\"Coffret \u00ab\u00a0Dream White Glow Ritual\u00a0\u00bb\"}]},{\"@type\":\"WebSite\",\"@id\":\"https:\\\/\\\/kojicskin-europe.com\\\/#website\",\"url\":\"https:\\\/\\\/kojicskin-europe.com\\\/\",\"name\":\"Kojic Skin Europe\",\"description\":\"\",\"publisher\":{\"@id\":\"https:\\\/\\\/kojicskin-europe.com\\\/#organization\"},\"potentialAction\":[{\"@type\":\"SearchAction\",\"target\":{\"@type\":\"EntryPoint\",\"urlTemplate\":\"https:\\\/\\\/kojicskin-europe.com\\\/?s={search_term_string}\"},\"query-input\":{\"@type\":\"PropertyValueSpecification\",\"valueRequired\":true,\"valueName\":\"search_term_string\"}}],\"inLanguage\":\"pt-PT\"},{\"@type\":\"Organization\",\"@id\":\"https:\\\/\\\/kojicskin-europe.com\\\/#organization\",\"name\":\"Kojic Skin Europe\",\"url\":\"https:\\\/\\\/kojicskin-europe.com\\\/\",\"logo\":{\"@type\":\"ImageObject\",\"inLanguage\":\"pt-PT\",\"@id\":\"https:\\\/\\\/kojicskin-europe.com\\\/#\\\/schema\\\/logo\\\/image\\\/\",\"url\":\"https:\\\/\\\/kojicskin-europe.com\\\/wp-content\\\/uploads\\\/2024\\\/11\\\/kojic-skin-europe-logo.png\",\"contentUrl\":\"https:\\\/\\\/kojicskin-europe.com\\\/wp-content\\\/uploads\\\/2024\\\/11\\\/kojic-skin-europe-logo.png\",\"width\":2078,\"height\":541,\"caption\":\"Kojic Skin Europe\"},\"image\":{\"@id\":\"https:\\\/\\\/kojicskin-europe.com\\\/#\\\/schema\\\/logo\\\/image\\\/\"}}]}<\/script>\n<!-- \/ Yoast SEO plugin. -->","yoast_head_json":{"title":"Coffret \"Dream White Glow Ritual\" - Kojic Skin Europe","description":"Routine anti\u2011\u00e2ge compl\u00e8te Dream White : nettoie, tonifie et hydrate pour une peau plus lisse, souple et lumineuse jour apr\u00e8s jour.","robots":{"index":"index","follow":"follow","max-snippet":"max-snippet:-1","max-image-preview":"max-image-preview:large","max-video-preview":"max-video-preview:-1"},"canonical":"https:\/\/kojicskin-europe.com\/pt\/coffret-decouverte-dream-white\/","og_locale":"pt_PT","og_type":"article","og_title":"Coffret \"Dream White Glow Ritual\" - Kojic Skin Europe","og_description":"Routine anti\u2011\u00e2ge compl\u00e8te Dream White : nettoie, tonifie et hydrate pour une peau plus lisse, souple et lumineuse jour apr\u00e8s jour.","og_url":"https:\/\/kojicskin-europe.com\/pt\/coffret-decouverte-dream-white\/","og_site_name":"Kojic Skin Europe","article_modified_time":"2026-02-19T13:31:59+00:00","og_image":[{"width":800,"height":800,"url":"https:\/\/kojicskin-europe.com\/wp-content\/uploads\/2026\/02\/Dream-White-Glow-Ritual-kojie-san-1.png","type":"image\/png"}],"twitter_card":"summary_large_image","twitter_misc":{"Tempo estimado de leitura":"1 minuto"},"schema":{"@context":"https:\/\/schema.org","@graph":[{"@type":"WebPage","@id":"https:\/\/kojicskin-europe.com\/coffret-decouverte-dream-white\/","url":"https:\/\/kojicskin-europe.com\/coffret-decouverte-dream-white\/","name":"Coffret \"Dream White Glow Ritual\" - Kojic Skin Europe","isPartOf":{"@id":"https:\/\/kojicskin-europe.com\/#website"},"primaryImageOfPage":{"@id":"https:\/\/kojicskin-europe.com\/coffret-decouverte-dream-white\/#primaryimage"},"image":{"@id":"https:\/\/kojicskin-europe.com\/coffret-decouverte-dream-white\/#primaryimage"},"thumbnailUrl":"https:\/\/kojicskin-europe.com\/wp-content\/uploads\/2026\/02\/Dream-White-Glow-Ritual-kojie-san-1.png","datePublished":"2026-02-17T22:15:30+00:00","dateModified":"2026-02-19T13:31:59+00:00","description":"Routine anti\u2011\u00e2ge compl\u00e8te Dream White : nettoie, tonifie et hydrate pour une peau plus lisse, souple et lumineuse jour apr\u00e8s jour.","breadcrumb":{"@id":"https:\/\/kojicskin-europe.com\/coffret-decouverte-dream-white\/#breadcrumb"},"inLanguage":"pt-PT","potentialAction":[{"@type":"ReadAction","target":["https:\/\/kojicskin-europe.com\/coffret-decouverte-dream-white\/"]}]},{"@type":"ImageObject","inLanguage":"pt-PT","@id":"https:\/\/kojicskin-europe.com\/coffret-decouverte-dream-white\/#primaryimage","url":"https:\/\/kojicskin-europe.com\/wp-content\/uploads\/2026\/02\/Dream-White-Glow-Ritual-kojie-san-1.png","contentUrl":"https:\/\/kojicskin-europe.com\/wp-content\/uploads\/2026\/02\/Dream-White-Glow-Ritual-kojie-san-1.png","width":800,"height":800},{"@type":"BreadcrumbList","@id":"https:\/\/kojicskin-europe.com\/coffret-decouverte-dream-white\/#breadcrumb","itemListElement":[{"@type":"ListItem","position":1,"name":"Accueil","item":"https:\/\/kojicskin-europe.com\/"},{"@type":"ListItem","position":2,"name":"Kojie San","item":"https:\/\/kojicskin-europe.com\/kojie-san\/"},{"@type":"ListItem","position":3,"name":"Coffret \u00ab\u00a0Dream White Glow Ritual\u00a0\u00bb"}]},{"@type":"WebSite","@id":"https:\/\/kojicskin-europe.com\/#website","url":"https:\/\/kojicskin-europe.com\/","name":"Pele Kojic Europa","description":"","publisher":{"@id":"https:\/\/kojicskin-europe.com\/#organization"},"potentialAction":[{"@type":"SearchAction","target":{"@type":"EntryPoint","urlTemplate":"https:\/\/kojicskin-europe.com\/?s={search_term_string}"},"query-input":{"@type":"PropertyValueSpecification","valueRequired":true,"valueName":"search_term_string"}}],"inLanguage":"pt-PT"},{"@type":"Organization","@id":"https:\/\/kojicskin-europe.com\/#organization","name":"Pele Kojic Europa","url":"https:\/\/kojicskin-europe.com\/","logo":{"@type":"ImageObject","inLanguage":"pt-PT","@id":"https:\/\/kojicskin-europe.com\/#\/schema\/logo\/image\/","url":"https:\/\/kojicskin-europe.com\/wp-content\/uploads\/2024\/11\/kojic-skin-europe-logo.png","contentUrl":"https:\/\/kojicskin-europe.com\/wp-content\/uploads\/2024\/11\/kojic-skin-europe-logo.png","width":2078,"height":541,"caption":"Kojic Skin Europe"},"image":{"@id":"https:\/\/kojicskin-europe.com\/#\/schema\/logo\/image\/"}}]}},"_links":{"self":[{"href":"https:\/\/kojicskin-europe.com\/pt\/wp-json\/wp\/v2\/product\/35651","targetHints":{"allow":["GET"]}}],"collection":[{"href":"https:\/\/kojicskin-europe.com\/pt\/wp-json\/wp\/v2\/product"}],"about":[{"href":"https:\/\/kojicskin-europe.com\/pt\/wp-json\/wp\/v2\/types\/product"}],"version-history":[{"count":0,"href":"https:\/\/kojicskin-europe.com\/pt\/wp-json\/wp\/v2\/product\/35651\/revisions"}],"wp:featuredmedia":[{"embeddable":true,"href":"https:\/\/kojicskin-europe.com\/pt\/wp-json\/wp\/v2\/media\/35797"}],"wp:attachment":[{"href":"https:\/\/kojicskin-europe.com\/pt\/wp-json\/wp\/v2\/media?parent=35651"}],"wp:term":[{"taxonomy":"product_brand","embeddable":true,"href":"https:\/\/kojicskin-europe.com\/pt\/wp-json\/wp\/v2\/product_brand?post=35651"},{"taxonomy":"product_cat","embeddable":true,"href":"https:\/\/kojicskin-europe.com\/pt\/wp-json\/wp\/v2\/product_cat?post=35651"},{"taxonomy":"product_tag","embeddable":true,"href":"https:\/\/kojicskin-europe.com\/pt\/wp-json\/wp\/v2\/product_tag?post=35651"}],"curies":[{"name":"wp","href":"https:\/\/api.w.org\/{rel}","templated":true}]}}