{"id":1483,"date":"2025-03-15T12:35:40","date_gmt":"2025-03-15T12:35:40","guid":{"rendered":"https:\/\/kojicskineurope.live-website.com\/?post_type=product&#038;p=1483"},"modified":"2026-02-04T01:37:11","modified_gmt":"2026-02-04T00:37:11","slug":"sabonete-iluminador-de-manteiga-de-karite-135g-silka","status":"publish","type":"product","link":"https:\/\/kojicskin-europe.com\/pt\/savon-eclaircissant-au-beurre-de-karite-135g-silka\/","title":{"rendered":"Sabonete Clareador de Manteiga de Karit\u00e9 135g - Silka"},"content":{"rendered":"<p>O sabonete branqueador Silka foi concebido para <strong>iluminar e hidratar<\/strong> a sua pele, oferecendo uma experi\u00eancia de cuidados de pele <strong>delicado e agrad\u00e1vel<\/strong>. Formulado com <strong>vitamina E<\/strong>Trabalha em profundidade para <strong>nutrir e revitalizar<\/strong> a sua pele, favorecendo a sua <strong>luminosidade natural<\/strong>. Gra\u00e7as \u00e0s propriedades not\u00e1veis do <strong>manteiga de karit\u00e9<\/strong>conhecida pela sua <strong>propriedades suavizantes e reparadoras<\/strong>Este sab\u00e3o ajuda a <strong>acalmar e hidratar<\/strong> pele seca, proporcionando <strong>conforto e flexibilidade<\/strong>.<\/p>\n<p>A <strong>utiliza\u00e7\u00e3o regular<\/strong> deste sabonete ajuda a tornar a sua pele <strong>visivelmente mais macia, suave e radiante de sa\u00fade<\/strong>. Para al\u00e9m da sua <strong>benef\u00edcios para a pele<\/strong>envolve-nos numa <strong>fragr\u00e2ncia delicada e calmante de manteiga de karit\u00e9<\/strong>transformando cada utiliza\u00e7\u00e3o numa <strong>um momento de prazer sensorial<\/strong>. Trate a sua pele com <strong>luxuoso<\/strong> que combina <strong>eficiente e suave<\/strong> !<\/p>","protected":false},"excerpt":{"rendered":"<ul>\n<li><strong>Preparado e expedido no prazo de 5 dias<\/strong><\/li>\n<li>Iluminador e hidratante: o sabonete branqueador Silka ilumina e hidrata a pele, proporcionando uma experi\u00eancia de cuidados suave e agrad\u00e1vel.<\/li>\n<li>Nutritivo e revitalizante: enriquecido com vitamina E, nutre em profundidade e ajuda a revelar a luminosidade natural da pele.<\/li>\n<li>Propriedades suavizantes: Gra\u00e7as \u00e0 manteiga de karit\u00e9, hidrata, acalma e suaviza a pele seca, proporcionando conforto e elasticidade.<\/li>\n<li>Uma pele embelezada e uma fragr\u00e2ncia delicada<\/li>\n<li><strong>Formato<\/strong> Peso : 135 gramas<\/li>\n<\/ul>","protected":false},"featured_media":1575,"template":"","meta":{"ocean_post_layout":"","ocean_both_sidebars_style":"","ocean_both_sidebars_content_width":0,"ocean_both_sidebars_sidebars_width":0,"ocean_sidebar":"0","ocean_second_sidebar":"0","ocean_disable_margins":"enable","ocean_add_body_class":"","ocean_shortcode_before_top_bar":"","ocean_shortcode_after_top_bar":"","ocean_shortcode_before_header":"","ocean_shortcode_after_header":"","ocean_has_shortcode":"","ocean_shortcode_after_title":"","ocean_shortcode_before_footer_widgets":"","ocean_shortcode_after_footer_widgets":"","ocean_shortcode_before_footer_bottom":"","ocean_shortcode_after_footer_bottom":"","ocean_display_top_bar":"default","ocean_display_header":"default","ocean_header_style":"","ocean_center_header_left_menu":"0","ocean_custom_header_template":"0","ocean_custom_logo":0,"ocean_custom_retina_logo":0,"ocean_custom_logo_max_width":0,"ocean_custom_logo_tablet_max_width":0,"ocean_custom_logo_mobile_max_width":0,"ocean_custom_logo_max_height":0,"ocean_custom_logo_tablet_max_height":0,"ocean_custom_logo_mobile_max_height":0,"ocean_header_custom_menu":"0","ocean_menu_typo_font_family":"0","ocean_menu_typo_font_subset":"","ocean_menu_typo_font_size":0,"ocean_menu_typo_font_size_tablet":0,"ocean_menu_typo_font_size_mobile":0,"ocean_menu_typo_font_size_unit":"px","ocean_menu_typo_font_weight":"","ocean_menu_typo_font_weight_tablet":"","ocean_menu_typo_font_weight_mobile":"","ocean_menu_typo_transform":"","ocean_menu_typo_transform_tablet":"","ocean_menu_typo_transform_mobile":"","ocean_menu_typo_line_height":0,"ocean_menu_typo_line_height_tablet":0,"ocean_menu_typo_line_height_mobile":0,"ocean_menu_typo_line_height_unit":"","ocean_menu_typo_spacing":0,"ocean_menu_typo_spacing_tablet":0,"ocean_menu_typo_spacing_mobile":0,"ocean_menu_typo_spacing_unit":"","ocean_menu_link_color":"","ocean_menu_link_color_hover":"","ocean_menu_link_color_active":"","ocean_menu_link_background":"","ocean_menu_link_hover_background":"","ocean_menu_link_active_background":"","ocean_menu_social_links_bg":"","ocean_menu_social_hover_links_bg":"","ocean_menu_social_links_color":"","ocean_menu_social_hover_links_color":"","ocean_disable_title":"default","ocean_disable_heading":"default","ocean_post_title":"","ocean_post_subheading":"","ocean_post_title_style":"","ocean_post_title_background_color":"","ocean_post_title_background":0,"ocean_post_title_bg_image_position":"","ocean_post_title_bg_image_attachment":"","ocean_post_title_bg_image_repeat":"","ocean_post_title_bg_image_size":"","ocean_post_title_height":0,"ocean_post_title_bg_overlay":0.5,"ocean_post_title_bg_overlay_color":"","ocean_disable_breadcrumbs":"default","ocean_breadcrumbs_color":"","ocean_breadcrumbs_separator_color":"","ocean_breadcrumbs_links_color":"","ocean_breadcrumbs_links_hover_color":"","ocean_display_footer_widgets":"default","ocean_display_footer_bottom":"default","ocean_custom_footer_template":"0"},"product_brand":[],"product_cat":[29,28],"product_tag":[],"class_list":{"0":"post-1483","1":"product","2":"type-product","3":"status-publish","4":"has-post-thumbnail","6":"product_cat-silka-savons-gels-douche","7":"product_cat-silka","9":"entry","10":"has-media","12":"first","13":"outofstock","14":"taxable","15":"shipping-taxable","16":"purchasable","17":"product-type-simple","18":"has-product-nav","19":"col","20":"span_1_of_3","21":"owp-content-center","22":"owp-thumbs-layout-horizontal","23":"owp-btn-normal","24":"owp-tabs-layout-horizontal","25":"has-no-thumbnails"},"yoast_head":"<!-- This site is optimized with the Yoast SEO plugin v27.3 - https:\/\/yoast.com\/product\/yoast-seo-wordpress\/ -->\n<title>Savon \u00e9claircissant au beurre de karit\u00e9 135g - Silka<\/title>\n<meta name=\"description\" content=\"Vous cherchez une peau plus claire et \u00e9clatante ? D\u00e9couvrez notre m\u00e9thode naturelle avec l&#039;enzyme de papaye d\u00e8s maintenant !\" \/>\n<meta name=\"robots\" content=\"index, follow, max-snippet:-1, max-image-preview:large, max-video-preview:-1\" \/>\n<link rel=\"canonical\" href=\"https:\/\/kojicskin-europe.com\/pt\/sabonete-iluminador-de-manteiga-de-karite-135g-silka\/\" \/>\n<meta property=\"og:locale\" content=\"pt_PT\" \/>\n<meta property=\"og:type\" content=\"article\" \/>\n<meta property=\"og:title\" content=\"Savon \u00e9claircissant au beurre de karit\u00e9 135g - Silka\" \/>\n<meta property=\"og:description\" content=\"Vous cherchez une peau plus claire et \u00e9clatante ? D\u00e9couvrez notre m\u00e9thode naturelle avec l&#039;enzyme de papaye d\u00e8s maintenant !\" \/>\n<meta property=\"og:url\" content=\"https:\/\/kojicskin-europe.com\/pt\/sabonete-iluminador-de-manteiga-de-karite-135g-silka\/\" \/>\n<meta property=\"og:site_name\" content=\"Kojic Skin Europe\" \/>\n<meta property=\"article:modified_time\" content=\"2026-02-04T00:37:11+00:00\" \/>\n<meta property=\"og:image\" content=\"https:\/\/kojicskin-europe.com\/wp-content\/uploads\/2025\/03\/silka-savon-eclaircissant-beurre-karite.jpg\" \/>\n\t<meta property=\"og:image:width\" content=\"800\" \/>\n\t<meta property=\"og:image:height\" content=\"800\" \/>\n\t<meta property=\"og:image:type\" content=\"image\/jpeg\" \/>\n<meta name=\"twitter:card\" content=\"summary_large_image\" \/>\n<meta name=\"twitter:label1\" content=\"Tempo estimado de leitura\" \/>\n\t<meta name=\"twitter:data1\" content=\"1 minuto\" \/>\n<script type=\"application\/ld+json\" class=\"yoast-schema-graph\">{\"@context\":\"https:\\\/\\\/schema.org\",\"@graph\":[{\"@type\":\"WebPage\",\"@id\":\"https:\\\/\\\/kojicskin-europe.com\\\/savon-eclaircissant-au-beurre-de-karite-135g-silka\\\/\",\"url\":\"https:\\\/\\\/kojicskin-europe.com\\\/savon-eclaircissant-au-beurre-de-karite-135g-silka\\\/\",\"name\":\"Savon \u00e9claircissant au beurre de karit\u00e9 135g - Silka\",\"isPartOf\":{\"@id\":\"https:\\\/\\\/kojicskin-europe.com\\\/#website\"},\"primaryImageOfPage\":{\"@id\":\"https:\\\/\\\/kojicskin-europe.com\\\/savon-eclaircissant-au-beurre-de-karite-135g-silka\\\/#primaryimage\"},\"image\":{\"@id\":\"https:\\\/\\\/kojicskin-europe.com\\\/savon-eclaircissant-au-beurre-de-karite-135g-silka\\\/#primaryimage\"},\"thumbnailUrl\":\"https:\\\/\\\/kojicskin-europe.com\\\/wp-content\\\/uploads\\\/2025\\\/03\\\/silka-savon-eclaircissant-beurre-karite.jpg\",\"datePublished\":\"2025-03-15T12:35:40+00:00\",\"dateModified\":\"2026-02-04T00:37:11+00:00\",\"description\":\"Vous cherchez une peau plus claire et \u00e9clatante ? D\u00e9couvrez notre m\u00e9thode naturelle avec l'enzyme de papaye d\u00e8s maintenant !\",\"breadcrumb\":{\"@id\":\"https:\\\/\\\/kojicskin-europe.com\\\/savon-eclaircissant-au-beurre-de-karite-135g-silka\\\/#breadcrumb\"},\"inLanguage\":\"pt-PT\",\"potentialAction\":[{\"@type\":\"ReadAction\",\"target\":[\"https:\\\/\\\/kojicskin-europe.com\\\/savon-eclaircissant-au-beurre-de-karite-135g-silka\\\/\"]}]},{\"@type\":\"ImageObject\",\"inLanguage\":\"pt-PT\",\"@id\":\"https:\\\/\\\/kojicskin-europe.com\\\/savon-eclaircissant-au-beurre-de-karite-135g-silka\\\/#primaryimage\",\"url\":\"https:\\\/\\\/kojicskin-europe.com\\\/wp-content\\\/uploads\\\/2025\\\/03\\\/silka-savon-eclaircissant-beurre-karite.jpg\",\"contentUrl\":\"https:\\\/\\\/kojicskin-europe.com\\\/wp-content\\\/uploads\\\/2025\\\/03\\\/silka-savon-eclaircissant-beurre-karite.jpg\",\"width\":800,\"height\":800},{\"@type\":\"BreadcrumbList\",\"@id\":\"https:\\\/\\\/kojicskin-europe.com\\\/savon-eclaircissant-au-beurre-de-karite-135g-silka\\\/#breadcrumb\",\"itemListElement\":[{\"@type\":\"ListItem\",\"position\":1,\"name\":\"Accueil\",\"item\":\"https:\\\/\\\/kojicskin-europe.com\\\/\"},{\"@type\":\"ListItem\",\"position\":2,\"name\":\"Kojie San\",\"item\":\"https:\\\/\\\/kojicskin-europe.com\\\/kojie-san\\\/\"},{\"@type\":\"ListItem\",\"position\":3,\"name\":\"Savon \u00e9claircissant au beurre de karit\u00e9 135g &#8211; Silka\"}]},{\"@type\":\"WebSite\",\"@id\":\"https:\\\/\\\/kojicskin-europe.com\\\/#website\",\"url\":\"https:\\\/\\\/kojicskin-europe.com\\\/\",\"name\":\"Kojic Skin Europe\",\"description\":\"\",\"publisher\":{\"@id\":\"https:\\\/\\\/kojicskin-europe.com\\\/#organization\"},\"potentialAction\":[{\"@type\":\"SearchAction\",\"target\":{\"@type\":\"EntryPoint\",\"urlTemplate\":\"https:\\\/\\\/kojicskin-europe.com\\\/?s={search_term_string}\"},\"query-input\":{\"@type\":\"PropertyValueSpecification\",\"valueRequired\":true,\"valueName\":\"search_term_string\"}}],\"inLanguage\":\"pt-PT\"},{\"@type\":\"Organization\",\"@id\":\"https:\\\/\\\/kojicskin-europe.com\\\/#organization\",\"name\":\"Kojic Skin Europe\",\"url\":\"https:\\\/\\\/kojicskin-europe.com\\\/\",\"logo\":{\"@type\":\"ImageObject\",\"inLanguage\":\"pt-PT\",\"@id\":\"https:\\\/\\\/kojicskin-europe.com\\\/#\\\/schema\\\/logo\\\/image\\\/\",\"url\":\"https:\\\/\\\/kojicskin-europe.com\\\/wp-content\\\/uploads\\\/2024\\\/11\\\/kojic-skin-europe-logo.png\",\"contentUrl\":\"https:\\\/\\\/kojicskin-europe.com\\\/wp-content\\\/uploads\\\/2024\\\/11\\\/kojic-skin-europe-logo.png\",\"width\":2078,\"height\":541,\"caption\":\"Kojic Skin Europe\"},\"image\":{\"@id\":\"https:\\\/\\\/kojicskin-europe.com\\\/#\\\/schema\\\/logo\\\/image\\\/\"}}]}<\/script>\n<!-- \/ Yoast SEO plugin. -->","yoast_head_json":{"title":"Sabonete Clareador de Manteiga de Karit\u00e9 135g - Silka","description":"Procura uma pele mais clara e radiante? Descubra j\u00e1 o nosso m\u00e9todo natural com enzima de papaia!","robots":{"index":"index","follow":"follow","max-snippet":"max-snippet:-1","max-image-preview":"max-image-preview:large","max-video-preview":"max-video-preview:-1"},"canonical":"https:\/\/kojicskin-europe.com\/pt\/sabonete-iluminador-de-manteiga-de-karite-135g-silka\/","og_locale":"pt_PT","og_type":"article","og_title":"Savon \u00e9claircissant au beurre de karit\u00e9 135g - Silka","og_description":"Vous cherchez une peau plus claire et \u00e9clatante ? D\u00e9couvrez notre m\u00e9thode naturelle avec l'enzyme de papaye d\u00e8s maintenant !","og_url":"https:\/\/kojicskin-europe.com\/pt\/sabonete-iluminador-de-manteiga-de-karite-135g-silka\/","og_site_name":"Kojic Skin Europe","article_modified_time":"2026-02-04T00:37:11+00:00","og_image":[{"width":800,"height":800,"url":"https:\/\/kojicskin-europe.com\/wp-content\/uploads\/2025\/03\/silka-savon-eclaircissant-beurre-karite.jpg","type":"image\/jpeg"}],"twitter_card":"summary_large_image","twitter_misc":{"Tempo estimado de leitura":"1 minuto"},"schema":{"@context":"https:\/\/schema.org","@graph":[{"@type":"WebPage","@id":"https:\/\/kojicskin-europe.com\/savon-eclaircissant-au-beurre-de-karite-135g-silka\/","url":"https:\/\/kojicskin-europe.com\/savon-eclaircissant-au-beurre-de-karite-135g-silka\/","name":"Sabonete Clareador de Manteiga de Karit\u00e9 135g - Silka","isPartOf":{"@id":"https:\/\/kojicskin-europe.com\/#website"},"primaryImageOfPage":{"@id":"https:\/\/kojicskin-europe.com\/savon-eclaircissant-au-beurre-de-karite-135g-silka\/#primaryimage"},"image":{"@id":"https:\/\/kojicskin-europe.com\/savon-eclaircissant-au-beurre-de-karite-135g-silka\/#primaryimage"},"thumbnailUrl":"https:\/\/kojicskin-europe.com\/wp-content\/uploads\/2025\/03\/silka-savon-eclaircissant-beurre-karite.jpg","datePublished":"2025-03-15T12:35:40+00:00","dateModified":"2026-02-04T00:37:11+00:00","description":"Procura uma pele mais clara e radiante? Descubra j\u00e1 o nosso m\u00e9todo natural com enzima de papaia!","breadcrumb":{"@id":"https:\/\/kojicskin-europe.com\/savon-eclaircissant-au-beurre-de-karite-135g-silka\/#breadcrumb"},"inLanguage":"pt-PT","potentialAction":[{"@type":"ReadAction","target":["https:\/\/kojicskin-europe.com\/savon-eclaircissant-au-beurre-de-karite-135g-silka\/"]}]},{"@type":"ImageObject","inLanguage":"pt-PT","@id":"https:\/\/kojicskin-europe.com\/savon-eclaircissant-au-beurre-de-karite-135g-silka\/#primaryimage","url":"https:\/\/kojicskin-europe.com\/wp-content\/uploads\/2025\/03\/silka-savon-eclaircissant-beurre-karite.jpg","contentUrl":"https:\/\/kojicskin-europe.com\/wp-content\/uploads\/2025\/03\/silka-savon-eclaircissant-beurre-karite.jpg","width":800,"height":800},{"@type":"BreadcrumbList","@id":"https:\/\/kojicskin-europe.com\/savon-eclaircissant-au-beurre-de-karite-135g-silka\/#breadcrumb","itemListElement":[{"@type":"ListItem","position":1,"name":"Accueil","item":"https:\/\/kojicskin-europe.com\/"},{"@type":"ListItem","position":2,"name":"Kojie San","item":"https:\/\/kojicskin-europe.com\/kojie-san\/"},{"@type":"ListItem","position":3,"name":"Savon \u00e9claircissant au beurre de karit\u00e9 135g &#8211; Silka"}]},{"@type":"WebSite","@id":"https:\/\/kojicskin-europe.com\/#website","url":"https:\/\/kojicskin-europe.com\/","name":"Pele Kojic Europa","description":"","publisher":{"@id":"https:\/\/kojicskin-europe.com\/#organization"},"potentialAction":[{"@type":"SearchAction","target":{"@type":"EntryPoint","urlTemplate":"https:\/\/kojicskin-europe.com\/?s={search_term_string}"},"query-input":{"@type":"PropertyValueSpecification","valueRequired":true,"valueName":"search_term_string"}}],"inLanguage":"pt-PT"},{"@type":"Organization","@id":"https:\/\/kojicskin-europe.com\/#organization","name":"Pele Kojic Europa","url":"https:\/\/kojicskin-europe.com\/","logo":{"@type":"ImageObject","inLanguage":"pt-PT","@id":"https:\/\/kojicskin-europe.com\/#\/schema\/logo\/image\/","url":"https:\/\/kojicskin-europe.com\/wp-content\/uploads\/2024\/11\/kojic-skin-europe-logo.png","contentUrl":"https:\/\/kojicskin-europe.com\/wp-content\/uploads\/2024\/11\/kojic-skin-europe-logo.png","width":2078,"height":541,"caption":"Kojic Skin Europe"},"image":{"@id":"https:\/\/kojicskin-europe.com\/#\/schema\/logo\/image\/"}}]}},"_links":{"self":[{"href":"https:\/\/kojicskin-europe.com\/pt\/wp-json\/wp\/v2\/product\/1483","targetHints":{"allow":["GET"]}}],"collection":[{"href":"https:\/\/kojicskin-europe.com\/pt\/wp-json\/wp\/v2\/product"}],"about":[{"href":"https:\/\/kojicskin-europe.com\/pt\/wp-json\/wp\/v2\/types\/product"}],"version-history":[{"count":0,"href":"https:\/\/kojicskin-europe.com\/pt\/wp-json\/wp\/v2\/product\/1483\/revisions"}],"wp:featuredmedia":[{"embeddable":true,"href":"https:\/\/kojicskin-europe.com\/pt\/wp-json\/wp\/v2\/media\/1575"}],"wp:attachment":[{"href":"https:\/\/kojicskin-europe.com\/pt\/wp-json\/wp\/v2\/media?parent=1483"}],"wp:term":[{"taxonomy":"product_brand","embeddable":true,"href":"https:\/\/kojicskin-europe.com\/pt\/wp-json\/wp\/v2\/product_brand?post=1483"},{"taxonomy":"product_cat","embeddable":true,"href":"https:\/\/kojicskin-europe.com\/pt\/wp-json\/wp\/v2\/product_cat?post=1483"},{"taxonomy":"product_tag","embeddable":true,"href":"https:\/\/kojicskin-europe.com\/pt\/wp-json\/wp\/v2\/product_tag?post=1483"}],"curies":[{"name":"wp","href":"https:\/\/api.w.org\/{rel}","templated":true}]}}