{"id":973,"date":"2025-02-25T18:44:50","date_gmt":"2025-02-25T18:44:50","guid":{"rendered":"https:\/\/kojicskineurope.live-website.com\/?post_type=product&#038;p=973"},"modified":"2026-03-22T18:00:36","modified_gmt":"2026-03-22T17:00:36","slug":"dream-white-anti-verouderingszeep-135g-kojie-san","status":"publish","type":"product","link":"https:\/\/kojicskin-europe.com\/nl_be\/savon-anti-age-dream-white-135g-kojie-san\/","title":{"rendered":"Dream White\" anti-verouderingszeep 135g - Kojie San"},"content":{"rendered":"<p><strong>Verander je huidverzorgingsroutine met Kojie San's Dream White Anti-Aging Soap - 135g, verkocht door de offici\u00eble Kojic Skin - Europe shop.<\/strong><\/p>\n<p>Ontdek de luxe ervaring van <strong>Vanille Zoetheid<\/strong> elke keer dat je deze verhelderende, antiverouderende zeep gebruikt. Deze zeep is speciaal ontwikkeld om je huid te verhelderen en de tekenen van veroudering te vertragen, en is verrijkt met <strong>collageen<\/strong> en <strong>elastine<\/strong> om je huid te helpen herstellen en verjongen.<\/p>\n<p><strong>Belangrijkste voordelen:<\/strong><\/p>\n<ul>\n<li><strong>Verlicht<\/strong> : Geniet van een stralende, egale huid dankzij kojinezuur, een krachtig ingredi\u00ebnt dat de celvernieuwing stimuleert.<\/li>\n<li><strong>Anti-veroudering<\/strong> Actieve ingredi\u00ebnten zoals collageen en elastine helpen fijne lijntjes en rimpels te vervagen, waardoor de huid er steviger en jonger uitziet.<\/li>\n<li><strong>Hydratatie<\/strong> Deze zeep is samengesteld om intensief te hydrateren en maakt je huid zacht en soepel.<\/li>\n<li><strong>Betoverende geur<\/strong> De zachte vanillegeur verandert je huidverzorgingsroutine in een moment van puur genot.<\/li>\n<\/ul>\n<p><strong>Nul-pigment lichttechnologie<\/strong> Dit unieke huidbleeksysteem zorgt ervoor dat kojinezuur effectief door je huid wordt geabsorbeerd en geactiveerd, specifiek gericht op bruine vlekken, littekens, melasma en hyperpigmentatie.<\/p>\n<p>Trakteer jezelf op een stralende, jeugdige huid met Kojie San Dream White Anti-Ageing Soap. Vertrouw op <strong>Kojic huid - Europa<\/strong>je huidverzorgingsspecialist. <strong>Nu kopen<\/strong> om je huidverzorgingsroutine te veranderen en een stralende, stevige en jonger uitziende huid te onthullen.<\/p>","protected":false},"excerpt":{"rendered":"<ul>\n<li><strong><u>KLAARGEMAAKT &amp; VERZONDEN BINNEN 5 DAGEN<\/u><\/strong><\/li>\n<li>Warme, zoete vanillegeur.<\/li>\n<li>Verhelderend en antiverouderend.<\/li>\n<li>Verrijkt met collageen en elastine voor herstel en verjonging.<\/li>\n<li>Kojizuur bevordert de celvernieuwing.<\/li>\n<li>Pigmentvrije lichttechnologie voor een egale teint.<\/li>\n<li>Vermindert de tekenen van veroudering, maakt de huid gladder en helderder.<\/li>\n<li><strong>Formaat<\/strong>Gewicht : 135 gram<\/li>\n<\/ul>","protected":false},"featured_media":998,"template":"","meta":{"ocean_post_layout":"","ocean_both_sidebars_style":"","ocean_both_sidebars_content_width":0,"ocean_both_sidebars_sidebars_width":0,"ocean_sidebar":"0","ocean_second_sidebar":"0","ocean_disable_margins":"enable","ocean_add_body_class":"","ocean_shortcode_before_top_bar":"","ocean_shortcode_after_top_bar":"","ocean_shortcode_before_header":"","ocean_shortcode_after_header":"","ocean_has_shortcode":"","ocean_shortcode_after_title":"","ocean_shortcode_before_footer_widgets":"","ocean_shortcode_after_footer_widgets":"","ocean_shortcode_before_footer_bottom":"","ocean_shortcode_after_footer_bottom":"","ocean_display_top_bar":"default","ocean_display_header":"default","ocean_header_style":"","ocean_center_header_left_menu":"0","ocean_custom_header_template":"0","ocean_custom_logo":0,"ocean_custom_retina_logo":0,"ocean_custom_logo_max_width":0,"ocean_custom_logo_tablet_max_width":0,"ocean_custom_logo_mobile_max_width":0,"ocean_custom_logo_max_height":0,"ocean_custom_logo_tablet_max_height":0,"ocean_custom_logo_mobile_max_height":0,"ocean_header_custom_menu":"0","ocean_menu_typo_font_family":"0","ocean_menu_typo_font_subset":"","ocean_menu_typo_font_size":0,"ocean_menu_typo_font_size_tablet":0,"ocean_menu_typo_font_size_mobile":0,"ocean_menu_typo_font_size_unit":"px","ocean_menu_typo_font_weight":"","ocean_menu_typo_font_weight_tablet":"","ocean_menu_typo_font_weight_mobile":"","ocean_menu_typo_transform":"","ocean_menu_typo_transform_tablet":"","ocean_menu_typo_transform_mobile":"","ocean_menu_typo_line_height":0,"ocean_menu_typo_line_height_tablet":0,"ocean_menu_typo_line_height_mobile":0,"ocean_menu_typo_line_height_unit":"","ocean_menu_typo_spacing":0,"ocean_menu_typo_spacing_tablet":0,"ocean_menu_typo_spacing_mobile":0,"ocean_menu_typo_spacing_unit":"","ocean_menu_link_color":"","ocean_menu_link_color_hover":"","ocean_menu_link_color_active":"","ocean_menu_link_background":"","ocean_menu_link_hover_background":"","ocean_menu_link_active_background":"","ocean_menu_social_links_bg":"","ocean_menu_social_hover_links_bg":"","ocean_menu_social_links_color":"","ocean_menu_social_hover_links_color":"","ocean_disable_title":"default","ocean_disable_heading":"default","ocean_post_title":"","ocean_post_subheading":"","ocean_post_title_style":"","ocean_post_title_background_color":"","ocean_post_title_background":0,"ocean_post_title_bg_image_position":"","ocean_post_title_bg_image_attachment":"","ocean_post_title_bg_image_repeat":"","ocean_post_title_bg_image_size":"","ocean_post_title_height":0,"ocean_post_title_bg_overlay":0.5,"ocean_post_title_bg_overlay_color":"","ocean_disable_breadcrumbs":"default","ocean_breadcrumbs_color":"","ocean_breadcrumbs_separator_color":"","ocean_breadcrumbs_links_color":"","ocean_breadcrumbs_links_hover_color":"","ocean_display_footer_widgets":"default","ocean_display_footer_bottom":"default","ocean_custom_footer_template":"0"},"product_brand":[],"product_cat":[23,17],"product_tag":[],"class_list":{"0":"post-973","1":"product","2":"type-product","3":"status-publish","4":"has-post-thumbnail","6":"product_cat-kojie-san","7":"product_cat-kojie-san-savons","9":"entry","10":"has-media","12":"first","13":"instock","14":"taxable","15":"shipping-taxable","16":"purchasable","17":"product-type-simple","18":"has-product-nav","19":"col","20":"span_1_of_3","21":"owp-content-center","22":"owp-thumbs-layout-horizontal","23":"owp-btn-normal","24":"owp-tabs-layout-horizontal"},"yoast_head":"<!-- This site is optimized with the Yoast SEO plugin v27.3 - https:\/\/yoast.com\/product\/yoast-seo-wordpress\/ -->\n<title>Savon anti-\u00e2ge &quot;Dream White&quot; 135g - Kojie San<\/title>\n<meta name=\"description\" content=\"Savon \u00e9claircissant anti-\u00e2ge Dream White : Collag\u00e8ne, \u00e9lastine et acide kojique pour une peau plus jeune. Commandez sur Kojic Skin - Europe d\u00e9s maintenant !\" \/>\n<meta name=\"robots\" content=\"index, follow, max-snippet:-1, max-image-preview:large, max-video-preview:-1\" \/>\n<link rel=\"canonical\" href=\"https:\/\/kojicskin-europe.com\/nl_be\/dream-white-anti-verouderingszeep-135g-kojie-san\/\" \/>\n<meta property=\"og:locale\" content=\"nl_BE\" \/>\n<meta property=\"og:type\" content=\"article\" \/>\n<meta property=\"og:title\" content=\"Savon anti-\u00e2ge &quot;Dream White&quot; 135g - Kojie San\" \/>\n<meta property=\"og:description\" content=\"Savon \u00e9claircissant anti-\u00e2ge Dream White : Collag\u00e8ne, \u00e9lastine et acide kojique pour une peau plus jeune. Commandez sur Kojic Skin - Europe d\u00e9s maintenant !\" \/>\n<meta property=\"og:url\" content=\"https:\/\/kojicskin-europe.com\/nl_be\/dream-white-anti-verouderingszeep-135g-kojie-san\/\" \/>\n<meta property=\"og:site_name\" content=\"Kojic Skin Europe\" \/>\n<meta property=\"article:modified_time\" content=\"2026-03-22T17:00:36+00:00\" \/>\n<meta property=\"og:image\" content=\"https:\/\/kojicskin-europe.com\/wp-content\/uploads\/2025\/02\/savon-anti-age-dream-white-kojie-san-135g-2.webp\" \/>\n\t<meta property=\"og:image:width\" content=\"800\" \/>\n\t<meta property=\"og:image:height\" content=\"800\" \/>\n\t<meta property=\"og:image:type\" content=\"image\/webp\" \/>\n<meta name=\"twitter:card\" content=\"summary_large_image\" \/>\n<meta name=\"twitter:label1\" content=\"Geschatte leestijd\" \/>\n\t<meta name=\"twitter:data1\" content=\"2 minuten\" \/>\n<script type=\"application\/ld+json\" class=\"yoast-schema-graph\">{\"@context\":\"https:\\\/\\\/schema.org\",\"@graph\":[{\"@type\":\"WebPage\",\"@id\":\"https:\\\/\\\/kojicskin-europe.com\\\/savon-anti-age-dream-white-135g-kojie-san\\\/\",\"url\":\"https:\\\/\\\/kojicskin-europe.com\\\/savon-anti-age-dream-white-135g-kojie-san\\\/\",\"name\":\"Savon anti-\u00e2ge \\\"Dream White\\\" 135g - Kojie San\",\"isPartOf\":{\"@id\":\"https:\\\/\\\/kojicskin-europe.com\\\/#website\"},\"primaryImageOfPage\":{\"@id\":\"https:\\\/\\\/kojicskin-europe.com\\\/savon-anti-age-dream-white-135g-kojie-san\\\/#primaryimage\"},\"image\":{\"@id\":\"https:\\\/\\\/kojicskin-europe.com\\\/savon-anti-age-dream-white-135g-kojie-san\\\/#primaryimage\"},\"thumbnailUrl\":\"https:\\\/\\\/kojicskin-europe.com\\\/wp-content\\\/uploads\\\/2025\\\/02\\\/savon-anti-age-dream-white-kojie-san-135g-2.webp\",\"datePublished\":\"2025-02-25T18:44:50+00:00\",\"dateModified\":\"2026-03-22T17:00:36+00:00\",\"description\":\"Savon \u00e9claircissant anti-\u00e2ge Dream White : Collag\u00e8ne, \u00e9lastine et acide kojique pour une peau plus jeune. Commandez sur Kojic Skin - Europe d\u00e9s maintenant !\",\"breadcrumb\":{\"@id\":\"https:\\\/\\\/kojicskin-europe.com\\\/savon-anti-age-dream-white-135g-kojie-san\\\/#breadcrumb\"},\"inLanguage\":\"nl-BE\",\"potentialAction\":[{\"@type\":\"ReadAction\",\"target\":[\"https:\\\/\\\/kojicskin-europe.com\\\/savon-anti-age-dream-white-135g-kojie-san\\\/\"]}]},{\"@type\":\"ImageObject\",\"inLanguage\":\"nl-BE\",\"@id\":\"https:\\\/\\\/kojicskin-europe.com\\\/savon-anti-age-dream-white-135g-kojie-san\\\/#primaryimage\",\"url\":\"https:\\\/\\\/kojicskin-europe.com\\\/wp-content\\\/uploads\\\/2025\\\/02\\\/savon-anti-age-dream-white-kojie-san-135g-2.webp\",\"contentUrl\":\"https:\\\/\\\/kojicskin-europe.com\\\/wp-content\\\/uploads\\\/2025\\\/02\\\/savon-anti-age-dream-white-kojie-san-135g-2.webp\",\"width\":800,\"height\":800},{\"@type\":\"BreadcrumbList\",\"@id\":\"https:\\\/\\\/kojicskin-europe.com\\\/savon-anti-age-dream-white-135g-kojie-san\\\/#breadcrumb\",\"itemListElement\":[{\"@type\":\"ListItem\",\"position\":1,\"name\":\"Accueil\",\"item\":\"https:\\\/\\\/kojicskin-europe.com\\\/\"},{\"@type\":\"ListItem\",\"position\":2,\"name\":\"Kojie San\",\"item\":\"https:\\\/\\\/kojicskin-europe.com\\\/kojie-san\\\/\"},{\"@type\":\"ListItem\",\"position\":3,\"name\":\"Savon anti-\u00e2ge \u00ab\u00a0Dream White\u00a0\u00bb 135g &#8211; Kojie San\"}]},{\"@type\":\"WebSite\",\"@id\":\"https:\\\/\\\/kojicskin-europe.com\\\/#website\",\"url\":\"https:\\\/\\\/kojicskin-europe.com\\\/\",\"name\":\"Kojic Skin Europe\",\"description\":\"\",\"publisher\":{\"@id\":\"https:\\\/\\\/kojicskin-europe.com\\\/#organization\"},\"potentialAction\":[{\"@type\":\"SearchAction\",\"target\":{\"@type\":\"EntryPoint\",\"urlTemplate\":\"https:\\\/\\\/kojicskin-europe.com\\\/?s={search_term_string}\"},\"query-input\":{\"@type\":\"PropertyValueSpecification\",\"valueRequired\":true,\"valueName\":\"search_term_string\"}}],\"inLanguage\":\"nl-BE\"},{\"@type\":\"Organization\",\"@id\":\"https:\\\/\\\/kojicskin-europe.com\\\/#organization\",\"name\":\"Kojic Skin Europe\",\"url\":\"https:\\\/\\\/kojicskin-europe.com\\\/\",\"logo\":{\"@type\":\"ImageObject\",\"inLanguage\":\"nl-BE\",\"@id\":\"https:\\\/\\\/kojicskin-europe.com\\\/#\\\/schema\\\/logo\\\/image\\\/\",\"url\":\"https:\\\/\\\/kojicskin-europe.com\\\/wp-content\\\/uploads\\\/2024\\\/11\\\/kojic-skin-europe-logo.png\",\"contentUrl\":\"https:\\\/\\\/kojicskin-europe.com\\\/wp-content\\\/uploads\\\/2024\\\/11\\\/kojic-skin-europe-logo.png\",\"width\":2078,\"height\":541,\"caption\":\"Kojic Skin Europe\"},\"image\":{\"@id\":\"https:\\\/\\\/kojicskin-europe.com\\\/#\\\/schema\\\/logo\\\/image\\\/\"}}]}<\/script>\n<!-- \/ Yoast SEO plugin. -->","yoast_head_json":{"title":"Dream White anti-verouderingszeep 135g - Kojie San","description":"Dream White anti-ageing oplichtende zeep: Collageen, elastine en kojinezuur voor een jonger uitziende huid. Bestel nu bij Kojic Skin - Europa!","robots":{"index":"index","follow":"follow","max-snippet":"max-snippet:-1","max-image-preview":"max-image-preview:large","max-video-preview":"max-video-preview:-1"},"canonical":"https:\/\/kojicskin-europe.com\/nl_be\/dream-white-anti-verouderingszeep-135g-kojie-san\/","og_locale":"nl_BE","og_type":"article","og_title":"Savon anti-\u00e2ge \"Dream White\" 135g - Kojie San","og_description":"Savon \u00e9claircissant anti-\u00e2ge Dream White : Collag\u00e8ne, \u00e9lastine et acide kojique pour une peau plus jeune. Commandez sur Kojic Skin - Europe d\u00e9s maintenant !","og_url":"https:\/\/kojicskin-europe.com\/nl_be\/dream-white-anti-verouderingszeep-135g-kojie-san\/","og_site_name":"Kojic Skin Europe","article_modified_time":"2026-03-22T17:00:36+00:00","og_image":[{"width":800,"height":800,"url":"https:\/\/kojicskin-europe.com\/wp-content\/uploads\/2025\/02\/savon-anti-age-dream-white-kojie-san-135g-2.webp","type":"image\/webp"}],"twitter_card":"summary_large_image","twitter_misc":{"Geschatte leestijd":"2 minuten"},"schema":{"@context":"https:\/\/schema.org","@graph":[{"@type":"WebPage","@id":"https:\/\/kojicskin-europe.com\/savon-anti-age-dream-white-135g-kojie-san\/","url":"https:\/\/kojicskin-europe.com\/savon-anti-age-dream-white-135g-kojie-san\/","name":"Dream White anti-verouderingszeep 135g - Kojie San","isPartOf":{"@id":"https:\/\/kojicskin-europe.com\/#website"},"primaryImageOfPage":{"@id":"https:\/\/kojicskin-europe.com\/savon-anti-age-dream-white-135g-kojie-san\/#primaryimage"},"image":{"@id":"https:\/\/kojicskin-europe.com\/savon-anti-age-dream-white-135g-kojie-san\/#primaryimage"},"thumbnailUrl":"https:\/\/kojicskin-europe.com\/wp-content\/uploads\/2025\/02\/savon-anti-age-dream-white-kojie-san-135g-2.webp","datePublished":"2025-02-25T18:44:50+00:00","dateModified":"2026-03-22T17:00:36+00:00","description":"Dream White anti-ageing oplichtende zeep: Collageen, elastine en kojinezuur voor een jonger uitziende huid. Bestel nu bij Kojic Skin - Europa!","breadcrumb":{"@id":"https:\/\/kojicskin-europe.com\/savon-anti-age-dream-white-135g-kojie-san\/#breadcrumb"},"inLanguage":"nl-BE","potentialAction":[{"@type":"ReadAction","target":["https:\/\/kojicskin-europe.com\/savon-anti-age-dream-white-135g-kojie-san\/"]}]},{"@type":"ImageObject","inLanguage":"nl-BE","@id":"https:\/\/kojicskin-europe.com\/savon-anti-age-dream-white-135g-kojie-san\/#primaryimage","url":"https:\/\/kojicskin-europe.com\/wp-content\/uploads\/2025\/02\/savon-anti-age-dream-white-kojie-san-135g-2.webp","contentUrl":"https:\/\/kojicskin-europe.com\/wp-content\/uploads\/2025\/02\/savon-anti-age-dream-white-kojie-san-135g-2.webp","width":800,"height":800},{"@type":"BreadcrumbList","@id":"https:\/\/kojicskin-europe.com\/savon-anti-age-dream-white-135g-kojie-san\/#breadcrumb","itemListElement":[{"@type":"ListItem","position":1,"name":"Accueil","item":"https:\/\/kojicskin-europe.com\/"},{"@type":"ListItem","position":2,"name":"Kojie San","item":"https:\/\/kojicskin-europe.com\/kojie-san\/"},{"@type":"ListItem","position":3,"name":"Savon anti-\u00e2ge \u00ab\u00a0Dream White\u00a0\u00bb 135g &#8211; Kojie San"}]},{"@type":"WebSite","@id":"https:\/\/kojicskin-europe.com\/#website","url":"https:\/\/kojicskin-europe.com\/","name":"Kojic Huid Europa","description":"","publisher":{"@id":"https:\/\/kojicskin-europe.com\/#organization"},"potentialAction":[{"@type":"SearchAction","target":{"@type":"EntryPoint","urlTemplate":"https:\/\/kojicskin-europe.com\/?s={search_term_string}"},"query-input":{"@type":"PropertyValueSpecification","valueRequired":true,"valueName":"search_term_string"}}],"inLanguage":"nl-BE"},{"@type":"Organization","@id":"https:\/\/kojicskin-europe.com\/#organization","name":"Kojic Huid Europa","url":"https:\/\/kojicskin-europe.com\/","logo":{"@type":"ImageObject","inLanguage":"nl-BE","@id":"https:\/\/kojicskin-europe.com\/#\/schema\/logo\/image\/","url":"https:\/\/kojicskin-europe.com\/wp-content\/uploads\/2024\/11\/kojic-skin-europe-logo.png","contentUrl":"https:\/\/kojicskin-europe.com\/wp-content\/uploads\/2024\/11\/kojic-skin-europe-logo.png","width":2078,"height":541,"caption":"Kojic Skin Europe"},"image":{"@id":"https:\/\/kojicskin-europe.com\/#\/schema\/logo\/image\/"}}]}},"_links":{"self":[{"href":"https:\/\/kojicskin-europe.com\/nl_be\/wp-json\/wp\/v2\/product\/973","targetHints":{"allow":["GET"]}}],"collection":[{"href":"https:\/\/kojicskin-europe.com\/nl_be\/wp-json\/wp\/v2\/product"}],"about":[{"href":"https:\/\/kojicskin-europe.com\/nl_be\/wp-json\/wp\/v2\/types\/product"}],"version-history":[{"count":0,"href":"https:\/\/kojicskin-europe.com\/nl_be\/wp-json\/wp\/v2\/product\/973\/revisions"}],"wp:featuredmedia":[{"embeddable":true,"href":"https:\/\/kojicskin-europe.com\/nl_be\/wp-json\/wp\/v2\/media\/998"}],"wp:attachment":[{"href":"https:\/\/kojicskin-europe.com\/nl_be\/wp-json\/wp\/v2\/media?parent=973"}],"wp:term":[{"taxonomy":"product_brand","embeddable":true,"href":"https:\/\/kojicskin-europe.com\/nl_be\/wp-json\/wp\/v2\/product_brand?post=973"},{"taxonomy":"product_cat","embeddable":true,"href":"https:\/\/kojicskin-europe.com\/nl_be\/wp-json\/wp\/v2\/product_cat?post=973"},{"taxonomy":"product_tag","embeddable":true,"href":"https:\/\/kojicskin-europe.com\/nl_be\/wp-json\/wp\/v2\/product_tag?post=973"}],"curies":[{"name":"wp","href":"https:\/\/api.w.org\/{rel}","templated":true}]}}