{"id":39547,"date":"2026-03-31T22:57:44","date_gmt":"2026-03-31T20:57:44","guid":{"rendered":"https:\/\/kojicskin-europe.com\/?post_type=product&#038;p=39547"},"modified":"2026-04-16T07:05:46","modified_gmt":"2026-04-16T05:05:46","slug":"savon-eclaircissant-acide-glycolique-peau-lisse-100g-kojie-san","status":"publish","type":"product","link":"https:\/\/kojicskin-europe.com\/nl_be\/savon-eclaircissant-acide-glycolique-peau-lisse-100g-kojie-san\/","title":{"rendered":"Savon \u00e9claircissant Acide Glycolique Peau Lisse 100g \u2013 Kojie San"},"content":{"rendered":"<p data-start=\"2108\" data-end=\"2302\"><!--StartFragment --><\/p>\n<p>Adapt\u00e9 \u00e0 tous les types de peaux, le savon \u00e9claircissant <strong>Kojie San \u00e0 l\u2019acide glycolique<\/strong> combine exfoliation douce et \u00e9claircissement pour am\u00e9liorer visiblement la qualit\u00e9 de la peau. <strong>L\u2019acide glycolique aide \u00e0 \u00e9liminer les cellules mortes \u00e0 la surface de la peau<\/strong>, favorisant ainsi un teint plus lisse et plus lumineux.<\/p>\n<p><strong>Le savon est formul\u00e9 \u00e0 partir d\u2019acide glycolique naturellement pr\u00e9sent dans certains fruits comme la canne \u00e0 sucre ou le raisin, ainsi que dans un l\u00e9gume riche en sucres naturels : la betterave.<\/strong> Cette origine v\u00e9g\u00e9tale lui conf\u00e8re une exfoliation efficace mais respectueuse de la peau.<\/p>\n<p>Pendant que l\u2019acide glycolique renouvelle la surface cutan\u00e9e, <strong>l\u2019acide kojique agit sur les taches et l\u2019uniformit\u00e9 du teint<\/strong>. Utilis\u00e9 r\u00e9guli\u00e8rement, il stimule le renouvellement cellulaire et am\u00e9liore la texture globale de la peau.<\/p>\n<p>Les savons Kojie San contribuent \u00e0 r\u00e9duire la production de m\u00e9lanine, pour une peau plus claire et plus homog\u00e8ne. Cette version est particuli\u00e8rement adapt\u00e9e aux peaux \u00e0 texture irr\u00e9guli\u00e8re.<!--EndFragment --><\/p>","protected":false},"excerpt":{"rendered":"<ul>\n<li><strong><u>KLAARGEMAAKT &amp; VERZONDEN BINNEN 5 DAGEN<\/u><\/strong><\/li>\n<li>Exfolie en douceur pour \u00e9liminer les cellules mortes<\/li>\n<li>Lisse visiblement le grain de peau et affine la texture<\/li>\n<li>Favorise le renouvellement cutan\u00e9 pour un teint uniforme<\/li>\n<li>Id\u00e9al pour les peaux \u00e0 texture irr\u00e9guli\u00e8re ou marqu\u00e9e<\/li>\n<li><strong>Formaat:<\/strong> 100 grammes<\/li>\n<\/ul>","protected":false},"featured_media":39591,"template":"","meta":{"ocean_post_layout":"","ocean_both_sidebars_style":"","ocean_both_sidebars_content_width":0,"ocean_both_sidebars_sidebars_width":0,"ocean_sidebar":"0","ocean_second_sidebar":"0","ocean_disable_margins":"enable","ocean_add_body_class":"","ocean_shortcode_before_top_bar":"","ocean_shortcode_after_top_bar":"","ocean_shortcode_before_header":"","ocean_shortcode_after_header":"","ocean_has_shortcode":"","ocean_shortcode_after_title":"","ocean_shortcode_before_footer_widgets":"","ocean_shortcode_after_footer_widgets":"","ocean_shortcode_before_footer_bottom":"","ocean_shortcode_after_footer_bottom":"","ocean_display_top_bar":"default","ocean_display_header":"default","ocean_header_style":"","ocean_center_header_left_menu":"0","ocean_custom_header_template":"0","ocean_custom_logo":0,"ocean_custom_retina_logo":0,"ocean_custom_logo_max_width":0,"ocean_custom_logo_tablet_max_width":0,"ocean_custom_logo_mobile_max_width":0,"ocean_custom_logo_max_height":0,"ocean_custom_logo_tablet_max_height":0,"ocean_custom_logo_mobile_max_height":0,"ocean_header_custom_menu":"0","ocean_menu_typo_font_family":"0","ocean_menu_typo_font_subset":"","ocean_menu_typo_font_size":0,"ocean_menu_typo_font_size_tablet":0,"ocean_menu_typo_font_size_mobile":0,"ocean_menu_typo_font_size_unit":"px","ocean_menu_typo_font_weight":"","ocean_menu_typo_font_weight_tablet":"","ocean_menu_typo_font_weight_mobile":"","ocean_menu_typo_transform":"","ocean_menu_typo_transform_tablet":"","ocean_menu_typo_transform_mobile":"","ocean_menu_typo_line_height":0,"ocean_menu_typo_line_height_tablet":0,"ocean_menu_typo_line_height_mobile":0,"ocean_menu_typo_line_height_unit":"","ocean_menu_typo_spacing":0,"ocean_menu_typo_spacing_tablet":0,"ocean_menu_typo_spacing_mobile":0,"ocean_menu_typo_spacing_unit":"","ocean_menu_link_color":"","ocean_menu_link_color_hover":"","ocean_menu_link_color_active":"","ocean_menu_link_background":"","ocean_menu_link_hover_background":"","ocean_menu_link_active_background":"","ocean_menu_social_links_bg":"","ocean_menu_social_hover_links_bg":"","ocean_menu_social_links_color":"","ocean_menu_social_hover_links_color":"","ocean_disable_title":"default","ocean_disable_heading":"default","ocean_post_title":"","ocean_post_subheading":"","ocean_post_title_style":"","ocean_post_title_background_color":"","ocean_post_title_background":0,"ocean_post_title_bg_image_position":"","ocean_post_title_bg_image_attachment":"","ocean_post_title_bg_image_repeat":"","ocean_post_title_bg_image_size":"","ocean_post_title_height":0,"ocean_post_title_bg_overlay":0.5,"ocean_post_title_bg_overlay_color":"","ocean_disable_breadcrumbs":"default","ocean_breadcrumbs_color":"","ocean_breadcrumbs_separator_color":"","ocean_breadcrumbs_links_color":"","ocean_breadcrumbs_links_hover_color":"","ocean_display_footer_widgets":"default","ocean_display_footer_bottom":"default","ocean_custom_footer_template":"0"},"product_brand":[],"product_cat":[23,17],"product_tag":[],"class_list":{"0":"post-39547","1":"product","2":"type-product","3":"status-publish","4":"has-post-thumbnail","6":"product_cat-kojie-san","7":"product_cat-kojie-san-savons","9":"entry","10":"has-media","12":"first","13":"instock","14":"taxable","15":"shipping-taxable","16":"purchasable","17":"product-type-simple","18":"has-product-nav","19":"col","20":"span_1_of_3","21":"owp-content-center","22":"owp-thumbs-layout-horizontal","23":"owp-btn-normal","24":"owp-tabs-layout-horizontal","25":"has-no-thumbnails"},"yoast_head":"<!-- This site is optimized with the Yoast SEO plugin v27.4 - https:\/\/yoast.com\/product\/yoast-seo-wordpress\/ -->\n<title>Savon \u00e9claircissant Acide Glycolique Peau Lisse 100g \u2013 Kojie San<\/title>\n<meta name=\"description\" content=\"Texture irr\u00e9guli\u00e8re, taches, teint terne ? L&#039;acide glycolique + kojique renouvelle et unifie votre peau en douceur.\" \/>\n<meta name=\"robots\" content=\"index, follow, max-snippet:-1, max-image-preview:large, max-video-preview:-1\" \/>\n<link rel=\"canonical\" href=\"https:\/\/kojicskin-europe.com\/nl_be\/savon-eclaircissant-acide-glycolique-peau-lisse-100g-kojie-san\/\" \/>\n<meta property=\"og:locale\" content=\"nl_BE\" \/>\n<meta property=\"og:type\" content=\"article\" \/>\n<meta property=\"og:title\" content=\"Savon \u00e9claircissant Acide Glycolique Peau Lisse 100g \u2013 Kojie San\" \/>\n<meta property=\"og:description\" content=\"Texture irr\u00e9guli\u00e8re, taches, teint terne ? L&#039;acide glycolique + kojique renouvelle et unifie votre peau en douceur.\" \/>\n<meta property=\"og:url\" content=\"https:\/\/kojicskin-europe.com\/nl_be\/savon-eclaircissant-acide-glycolique-peau-lisse-100g-kojie-san\/\" \/>\n<meta property=\"og:site_name\" content=\"Kojic Skin Europe\" \/>\n<meta property=\"article:modified_time\" content=\"2026-04-16T05:05:46+00:00\" \/>\n<meta property=\"og:image\" content=\"https:\/\/kojicskin-europe.com\/wp-content\/uploads\/2026\/03\/Kojie-San-Savon-Eclaircissant-Acide-Glycolique-100g.webp\" \/>\n\t<meta property=\"og:image:width\" content=\"800\" \/>\n\t<meta property=\"og:image:height\" content=\"800\" \/>\n\t<meta property=\"og:image:type\" content=\"image\/webp\" \/>\n<meta name=\"twitter:card\" content=\"summary_large_image\" \/>\n<meta name=\"twitter:label1\" content=\"Geschatte leestijd\" \/>\n\t<meta name=\"twitter:data1\" content=\"2 minuten\" \/>\n<script type=\"application\/ld+json\" class=\"yoast-schema-graph\">{\"@context\":\"https:\\\/\\\/schema.org\",\"@graph\":[{\"@type\":\"WebPage\",\"@id\":\"https:\\\/\\\/kojicskin-europe.com\\\/savon-eclaircissant-acide-glycolique-peau-lisse-100g-kojie-san\\\/\",\"url\":\"https:\\\/\\\/kojicskin-europe.com\\\/savon-eclaircissant-acide-glycolique-peau-lisse-100g-kojie-san\\\/\",\"name\":\"Savon \u00e9claircissant Acide Glycolique Peau Lisse 100g \u2013 Kojie San\",\"isPartOf\":{\"@id\":\"https:\\\/\\\/kojicskin-europe.com\\\/#website\"},\"primaryImageOfPage\":{\"@id\":\"https:\\\/\\\/kojicskin-europe.com\\\/savon-eclaircissant-acide-glycolique-peau-lisse-100g-kojie-san\\\/#primaryimage\"},\"image\":{\"@id\":\"https:\\\/\\\/kojicskin-europe.com\\\/savon-eclaircissant-acide-glycolique-peau-lisse-100g-kojie-san\\\/#primaryimage\"},\"thumbnailUrl\":\"https:\\\/\\\/kojicskin-europe.com\\\/wp-content\\\/uploads\\\/2026\\\/03\\\/Kojie-San-Savon-Eclaircissant-Acide-Glycolique-100g.webp\",\"datePublished\":\"2026-03-31T20:57:44+00:00\",\"dateModified\":\"2026-04-16T05:05:46+00:00\",\"description\":\"Texture irr\u00e9guli\u00e8re, taches, teint terne ? L'acide glycolique + kojique renouvelle et unifie votre peau en douceur.\",\"breadcrumb\":{\"@id\":\"https:\\\/\\\/kojicskin-europe.com\\\/savon-eclaircissant-acide-glycolique-peau-lisse-100g-kojie-san\\\/#breadcrumb\"},\"inLanguage\":\"nl-BE\",\"potentialAction\":[{\"@type\":\"ReadAction\",\"target\":[\"https:\\\/\\\/kojicskin-europe.com\\\/savon-eclaircissant-acide-glycolique-peau-lisse-100g-kojie-san\\\/\"]}]},{\"@type\":\"ImageObject\",\"inLanguage\":\"nl-BE\",\"@id\":\"https:\\\/\\\/kojicskin-europe.com\\\/savon-eclaircissant-acide-glycolique-peau-lisse-100g-kojie-san\\\/#primaryimage\",\"url\":\"https:\\\/\\\/kojicskin-europe.com\\\/wp-content\\\/uploads\\\/2026\\\/03\\\/Kojie-San-Savon-Eclaircissant-Acide-Glycolique-100g.webp\",\"contentUrl\":\"https:\\\/\\\/kojicskin-europe.com\\\/wp-content\\\/uploads\\\/2026\\\/03\\\/Kojie-San-Savon-Eclaircissant-Acide-Glycolique-100g.webp\",\"width\":800,\"height\":800},{\"@type\":\"BreadcrumbList\",\"@id\":\"https:\\\/\\\/kojicskin-europe.com\\\/savon-eclaircissant-acide-glycolique-peau-lisse-100g-kojie-san\\\/#breadcrumb\",\"itemListElement\":[{\"@type\":\"ListItem\",\"position\":1,\"name\":\"Accueil\",\"item\":\"https:\\\/\\\/kojicskin-europe.com\\\/\"},{\"@type\":\"ListItem\",\"position\":2,\"name\":\"Kojie San\",\"item\":\"https:\\\/\\\/kojicskin-europe.com\\\/kojie-san\\\/\"},{\"@type\":\"ListItem\",\"position\":3,\"name\":\"Savon \u00e9claircissant Acide Glycolique Peau Lisse 100g \u2013 Kojie San\"}]},{\"@type\":\"WebSite\",\"@id\":\"https:\\\/\\\/kojicskin-europe.com\\\/#website\",\"url\":\"https:\\\/\\\/kojicskin-europe.com\\\/\",\"name\":\"Kojic Skin Europe\",\"description\":\"\",\"publisher\":{\"@id\":\"https:\\\/\\\/kojicskin-europe.com\\\/#organization\"},\"potentialAction\":[{\"@type\":\"SearchAction\",\"target\":{\"@type\":\"EntryPoint\",\"urlTemplate\":\"https:\\\/\\\/kojicskin-europe.com\\\/?s={search_term_string}\"},\"query-input\":{\"@type\":\"PropertyValueSpecification\",\"valueRequired\":true,\"valueName\":\"search_term_string\"}}],\"inLanguage\":\"nl-BE\"},{\"@type\":\"Organization\",\"@id\":\"https:\\\/\\\/kojicskin-europe.com\\\/#organization\",\"name\":\"Kojic Skin Europe\",\"url\":\"https:\\\/\\\/kojicskin-europe.com\\\/\",\"logo\":{\"@type\":\"ImageObject\",\"inLanguage\":\"nl-BE\",\"@id\":\"https:\\\/\\\/kojicskin-europe.com\\\/#\\\/schema\\\/logo\\\/image\\\/\",\"url\":\"https:\\\/\\\/kojicskin-europe.com\\\/wp-content\\\/uploads\\\/2024\\\/11\\\/kojic-skin-europe-logo.png\",\"contentUrl\":\"https:\\\/\\\/kojicskin-europe.com\\\/wp-content\\\/uploads\\\/2024\\\/11\\\/kojic-skin-europe-logo.png\",\"width\":2078,\"height\":541,\"caption\":\"Kojic Skin Europe\"},\"image\":{\"@id\":\"https:\\\/\\\/kojicskin-europe.com\\\/#\\\/schema\\\/logo\\\/image\\\/\"}}]}<\/script>\n<!-- \/ Yoast SEO plugin. -->","yoast_head_json":{"title":"Savon \u00e9claircissant Acide Glycolique Peau Lisse 100g \u2013 Kojie San","description":"Texture irr\u00e9guli\u00e8re, taches, teint terne ? L'acide glycolique + kojique renouvelle et unifie votre peau en douceur.","robots":{"index":"index","follow":"follow","max-snippet":"max-snippet:-1","max-image-preview":"max-image-preview:large","max-video-preview":"max-video-preview:-1"},"canonical":"https:\/\/kojicskin-europe.com\/nl_be\/savon-eclaircissant-acide-glycolique-peau-lisse-100g-kojie-san\/","og_locale":"nl_BE","og_type":"article","og_title":"Savon \u00e9claircissant Acide Glycolique Peau Lisse 100g \u2013 Kojie San","og_description":"Texture irr\u00e9guli\u00e8re, taches, teint terne ? L'acide glycolique + kojique renouvelle et unifie votre peau en douceur.","og_url":"https:\/\/kojicskin-europe.com\/nl_be\/savon-eclaircissant-acide-glycolique-peau-lisse-100g-kojie-san\/","og_site_name":"Kojic Skin Europe","article_modified_time":"2026-04-16T05:05:46+00:00","og_image":[{"width":800,"height":800,"url":"https:\/\/kojicskin-europe.com\/wp-content\/uploads\/2026\/03\/Kojie-San-Savon-Eclaircissant-Acide-Glycolique-100g.webp","type":"image\/webp"}],"twitter_card":"summary_large_image","twitter_misc":{"Geschatte leestijd":"2 minuten"},"schema":{"@context":"https:\/\/schema.org","@graph":[{"@type":"WebPage","@id":"https:\/\/kojicskin-europe.com\/savon-eclaircissant-acide-glycolique-peau-lisse-100g-kojie-san\/","url":"https:\/\/kojicskin-europe.com\/savon-eclaircissant-acide-glycolique-peau-lisse-100g-kojie-san\/","name":"Savon \u00e9claircissant Acide Glycolique Peau Lisse 100g \u2013 Kojie San","isPartOf":{"@id":"https:\/\/kojicskin-europe.com\/#website"},"primaryImageOfPage":{"@id":"https:\/\/kojicskin-europe.com\/savon-eclaircissant-acide-glycolique-peau-lisse-100g-kojie-san\/#primaryimage"},"image":{"@id":"https:\/\/kojicskin-europe.com\/savon-eclaircissant-acide-glycolique-peau-lisse-100g-kojie-san\/#primaryimage"},"thumbnailUrl":"https:\/\/kojicskin-europe.com\/wp-content\/uploads\/2026\/03\/Kojie-San-Savon-Eclaircissant-Acide-Glycolique-100g.webp","datePublished":"2026-03-31T20:57:44+00:00","dateModified":"2026-04-16T05:05:46+00:00","description":"Texture irr\u00e9guli\u00e8re, taches, teint terne ? L'acide glycolique + kojique renouvelle et unifie votre peau en douceur.","breadcrumb":{"@id":"https:\/\/kojicskin-europe.com\/savon-eclaircissant-acide-glycolique-peau-lisse-100g-kojie-san\/#breadcrumb"},"inLanguage":"nl-BE","potentialAction":[{"@type":"ReadAction","target":["https:\/\/kojicskin-europe.com\/savon-eclaircissant-acide-glycolique-peau-lisse-100g-kojie-san\/"]}]},{"@type":"ImageObject","inLanguage":"nl-BE","@id":"https:\/\/kojicskin-europe.com\/savon-eclaircissant-acide-glycolique-peau-lisse-100g-kojie-san\/#primaryimage","url":"https:\/\/kojicskin-europe.com\/wp-content\/uploads\/2026\/03\/Kojie-San-Savon-Eclaircissant-Acide-Glycolique-100g.webp","contentUrl":"https:\/\/kojicskin-europe.com\/wp-content\/uploads\/2026\/03\/Kojie-San-Savon-Eclaircissant-Acide-Glycolique-100g.webp","width":800,"height":800},{"@type":"BreadcrumbList","@id":"https:\/\/kojicskin-europe.com\/savon-eclaircissant-acide-glycolique-peau-lisse-100g-kojie-san\/#breadcrumb","itemListElement":[{"@type":"ListItem","position":1,"name":"Accueil","item":"https:\/\/kojicskin-europe.com\/"},{"@type":"ListItem","position":2,"name":"Kojie San","item":"https:\/\/kojicskin-europe.com\/kojie-san\/"},{"@type":"ListItem","position":3,"name":"Savon \u00e9claircissant Acide Glycolique Peau Lisse 100g \u2013 Kojie San"}]},{"@type":"WebSite","@id":"https:\/\/kojicskin-europe.com\/#website","url":"https:\/\/kojicskin-europe.com\/","name":"Kojic Huid Europa","description":"","publisher":{"@id":"https:\/\/kojicskin-europe.com\/#organization"},"potentialAction":[{"@type":"SearchAction","target":{"@type":"EntryPoint","urlTemplate":"https:\/\/kojicskin-europe.com\/?s={search_term_string}"},"query-input":{"@type":"PropertyValueSpecification","valueRequired":true,"valueName":"search_term_string"}}],"inLanguage":"nl-BE"},{"@type":"Organization","@id":"https:\/\/kojicskin-europe.com\/#organization","name":"Kojic Huid Europa","url":"https:\/\/kojicskin-europe.com\/","logo":{"@type":"ImageObject","inLanguage":"nl-BE","@id":"https:\/\/kojicskin-europe.com\/#\/schema\/logo\/image\/","url":"https:\/\/kojicskin-europe.com\/wp-content\/uploads\/2024\/11\/kojic-skin-europe-logo.png","contentUrl":"https:\/\/kojicskin-europe.com\/wp-content\/uploads\/2024\/11\/kojic-skin-europe-logo.png","width":2078,"height":541,"caption":"Kojic Skin Europe"},"image":{"@id":"https:\/\/kojicskin-europe.com\/#\/schema\/logo\/image\/"}}]}},"_links":{"self":[{"href":"https:\/\/kojicskin-europe.com\/nl_be\/wp-json\/wp\/v2\/product\/39547","targetHints":{"allow":["GET"]}}],"collection":[{"href":"https:\/\/kojicskin-europe.com\/nl_be\/wp-json\/wp\/v2\/product"}],"about":[{"href":"https:\/\/kojicskin-europe.com\/nl_be\/wp-json\/wp\/v2\/types\/product"}],"version-history":[{"count":1,"href":"https:\/\/kojicskin-europe.com\/nl_be\/wp-json\/wp\/v2\/product\/39547\/revisions"}],"predecessor-version":[{"id":41206,"href":"https:\/\/kojicskin-europe.com\/nl_be\/wp-json\/wp\/v2\/product\/39547\/revisions\/41206"}],"wp:featuredmedia":[{"embeddable":true,"href":"https:\/\/kojicskin-europe.com\/nl_be\/wp-json\/wp\/v2\/media\/39591"}],"wp:attachment":[{"href":"https:\/\/kojicskin-europe.com\/nl_be\/wp-json\/wp\/v2\/media?parent=39547"}],"wp:term":[{"taxonomy":"product_brand","embeddable":true,"href":"https:\/\/kojicskin-europe.com\/nl_be\/wp-json\/wp\/v2\/product_brand?post=39547"},{"taxonomy":"product_cat","embeddable":true,"href":"https:\/\/kojicskin-europe.com\/nl_be\/wp-json\/wp\/v2\/product_cat?post=39547"},{"taxonomy":"product_tag","embeddable":true,"href":"https:\/\/kojicskin-europe.com\/nl_be\/wp-json\/wp\/v2\/product_tag?post=39547"}],"curies":[{"name":"wp","href":"https:\/\/api.w.org\/{rel}","templated":true}]}}