{"id":35654,"date":"2026-02-17T23:22:57","date_gmt":"2026-02-17T22:22:57","guid":{"rendered":"https:\/\/kojicskin-europe.com\/?post_type=product&#038;p=35654"},"modified":"2026-02-19T14:35:22","modified_gmt":"2026-02-19T13:35:22","slug":"coffret-sun-shield-radiance-set","status":"publish","type":"product","link":"https:\/\/kojicskin-europe.com\/nl_be\/coffret-sun-shield-radiance-set\/","title":{"rendered":"Coffret Sun Shield Radiance Set"},"content":{"rendered":"<p>Le coffret <strong>Protection Solaire \u00c9clat<\/strong> est pens\u00e9 pour pr\u00e9server la beaut\u00e9 et la jeunesse de la peau face aux agressions ext\u00e9rieures.<\/p>\n<p>Gr\u00e2ce \u00e0 sa combinaison de soins protecteurs et hydratants, il aide \u00e0 maintenir une peau douce, confortable et visiblement plus lumineuse. Cette routine est id\u00e9ale pour accompagner la peau lors des journ\u00e9es ensoleill\u00e9es ou en cas d\u2019exposition r\u00e9guli\u00e8re.<\/p>\n<p>Un rituel simple pour prot\u00e9ger efficacement tout en conservant un teint \u00e9clatant.<\/p>\n<p>A l&rsquo;int\u00e9rieur de ces coffrets, vous trouverez les produits suivants :<\/p>\n<ul>\n<li><a href=\"https:\/\/kojicskin-europe.com\/nl_be\/zonnebrandcreme-spf-50-kojie-san-50g\/\">Cr\u00e8me solaire teint\u00e9e SPF50+ 50g \u2014 Kojie San<\/a><\/li>\n<li><a href=\"https:\/\/kojicskin-europe.com\/nl_be\/silka-papaya-oplichtende-creme-spf50-30ml\/\">Cr\u00e8me de jour papaye SPF50+ 30ml \u2014 Silka<\/a><\/li>\n<li><a href=\"https:\/\/kojicskin-europe.com\/nl_be\/silka-deodorant-roll-on-a-la-papaye-40ml\/\">D\u00e9odorant papaye 40ml \u2014 Silka<\/a><\/li>\n<li><a href=\"https:\/\/kojicskin-europe.com\/nl_be\/savon-eclaircissant-kojie-san-65g\/\">Verhelderende zeep 65g - Kojie San<\/a><\/li>\n<\/ul>","protected":false},"excerpt":{"rendered":"<ul>\n<li><strong>KLAARGEMAAKT &amp; VERZONDEN BINNEN 5 DAGEN<\/strong><\/li>\n<li>Haute protection SPF50 au quotidien<\/li>\n<li>Aide \u00e0 pr\u00e9venir les effets du soleil<\/li>\n<li>Hydrate et prot\u00e8ge la peau et favorise un teint lumineux<\/li>\n<li>Sensation de confort durable<\/li>\n<li>Id\u00e9al en p\u00e9riode d\u2019exposition<\/li>\n<\/ul>","protected":false},"featured_media":35822,"template":"","meta":{"ocean_post_layout":"","ocean_both_sidebars_style":"","ocean_both_sidebars_content_width":0,"ocean_both_sidebars_sidebars_width":0,"ocean_sidebar":"0","ocean_second_sidebar":"0","ocean_disable_margins":"enable","ocean_add_body_class":"","ocean_shortcode_before_top_bar":"","ocean_shortcode_after_top_bar":"","ocean_shortcode_before_header":"","ocean_shortcode_after_header":"","ocean_has_shortcode":"","ocean_shortcode_after_title":"","ocean_shortcode_before_footer_widgets":"","ocean_shortcode_after_footer_widgets":"","ocean_shortcode_before_footer_bottom":"","ocean_shortcode_after_footer_bottom":"","ocean_display_top_bar":"default","ocean_display_header":"default","ocean_header_style":"","ocean_center_header_left_menu":"0","ocean_custom_header_template":"0","ocean_custom_logo":0,"ocean_custom_retina_logo":0,"ocean_custom_logo_max_width":0,"ocean_custom_logo_tablet_max_width":0,"ocean_custom_logo_mobile_max_width":0,"ocean_custom_logo_max_height":0,"ocean_custom_logo_tablet_max_height":0,"ocean_custom_logo_mobile_max_height":0,"ocean_header_custom_menu":"0","ocean_menu_typo_font_family":"0","ocean_menu_typo_font_subset":"","ocean_menu_typo_font_size":0,"ocean_menu_typo_font_size_tablet":0,"ocean_menu_typo_font_size_mobile":0,"ocean_menu_typo_font_size_unit":"px","ocean_menu_typo_font_weight":"","ocean_menu_typo_font_weight_tablet":"","ocean_menu_typo_font_weight_mobile":"","ocean_menu_typo_transform":"","ocean_menu_typo_transform_tablet":"","ocean_menu_typo_transform_mobile":"","ocean_menu_typo_line_height":0,"ocean_menu_typo_line_height_tablet":0,"ocean_menu_typo_line_height_mobile":0,"ocean_menu_typo_line_height_unit":"","ocean_menu_typo_spacing":0,"ocean_menu_typo_spacing_tablet":0,"ocean_menu_typo_spacing_mobile":0,"ocean_menu_typo_spacing_unit":"","ocean_menu_link_color":"","ocean_menu_link_color_hover":"","ocean_menu_link_color_active":"","ocean_menu_link_background":"","ocean_menu_link_hover_background":"","ocean_menu_link_active_background":"","ocean_menu_social_links_bg":"","ocean_menu_social_hover_links_bg":"","ocean_menu_social_links_color":"","ocean_menu_social_hover_links_color":"","ocean_disable_title":"default","ocean_disable_heading":"default","ocean_post_title":"","ocean_post_subheading":"","ocean_post_title_style":"","ocean_post_title_background_color":"","ocean_post_title_background":0,"ocean_post_title_bg_image_position":"","ocean_post_title_bg_image_attachment":"","ocean_post_title_bg_image_repeat":"","ocean_post_title_bg_image_size":"","ocean_post_title_height":0,"ocean_post_title_bg_overlay":0.5,"ocean_post_title_bg_overlay_color":"","ocean_disable_breadcrumbs":"default","ocean_breadcrumbs_color":"","ocean_breadcrumbs_separator_color":"","ocean_breadcrumbs_links_color":"","ocean_breadcrumbs_links_hover_color":"","ocean_display_footer_widgets":"default","ocean_display_footer_bottom":"default","ocean_custom_footer_template":"0"},"product_brand":[],"product_cat":[143],"product_tag":[],"class_list":{"0":"post-35654","1":"product","2":"type-product","3":"status-publish","4":"has-post-thumbnail","6":"product_cat-coffrets-kojie-san-silka","8":"entry","9":"has-media","11":"first","12":"instock","13":"sale","14":"taxable","15":"shipping-taxable","16":"purchasable","17":"product-type-simple","18":"has-product-nav","19":"col","20":"span_1_of_3","21":"owp-content-center","22":"owp-thumbs-layout-horizontal","23":"owp-btn-normal","24":"owp-tabs-layout-horizontal","25":"has-no-thumbnails"},"yoast_head":"<!-- This site is optimized with the Yoast SEO plugin v27.3 - https:\/\/yoast.com\/product\/yoast-seo-wordpress\/ -->\n<title>Coffret Sun Shield Radiance Set - Kojic Skin Europe<\/title>\n<meta name=\"description\" content=\"Coffret Protection Solaire \u00c9clat : prot\u00e8ge, hydrate et illumine la peau pour un teint doux et \u00e9clatant au soleil.\" \/>\n<meta name=\"robots\" content=\"index, follow, max-snippet:-1, max-image-preview:large, max-video-preview:-1\" \/>\n<link rel=\"canonical\" href=\"https:\/\/kojicskin-europe.com\/nl_be\/coffret-sun-shield-radiance-set\/\" \/>\n<meta property=\"og:locale\" content=\"nl_BE\" \/>\n<meta property=\"og:type\" content=\"article\" \/>\n<meta property=\"og:title\" content=\"Coffret Sun Shield Radiance Set - Kojic Skin Europe\" \/>\n<meta property=\"og:description\" content=\"Coffret Protection Solaire \u00c9clat : prot\u00e8ge, hydrate et illumine la peau pour un teint doux et \u00e9clatant au soleil.\" \/>\n<meta property=\"og:url\" content=\"https:\/\/kojicskin-europe.com\/nl_be\/coffret-sun-shield-radiance-set\/\" \/>\n<meta property=\"og:site_name\" content=\"Kojic Skin Europe\" \/>\n<meta property=\"article:modified_time\" content=\"2026-02-19T13:35:22+00:00\" \/>\n<meta property=\"og:image\" content=\"https:\/\/kojicskin-europe.com\/wp-content\/uploads\/2026\/02\/Sun-Shield-Radiance-Set-kojie-san.png\" \/>\n\t<meta property=\"og:image:width\" content=\"800\" \/>\n\t<meta property=\"og:image:height\" content=\"800\" \/>\n\t<meta property=\"og:image:type\" content=\"image\/png\" \/>\n<meta name=\"twitter:card\" content=\"summary_large_image\" \/>\n<meta name=\"twitter:label1\" content=\"Geschatte leestijd\" \/>\n\t<meta name=\"twitter:data1\" content=\"1 minuut\" \/>\n<script type=\"application\/ld+json\" class=\"yoast-schema-graph\">{\"@context\":\"https:\\\/\\\/schema.org\",\"@graph\":[{\"@type\":\"WebPage\",\"@id\":\"https:\\\/\\\/kojicskin-europe.com\\\/coffret-sun-shield-radiance-set\\\/\",\"url\":\"https:\\\/\\\/kojicskin-europe.com\\\/coffret-sun-shield-radiance-set\\\/\",\"name\":\"Coffret Sun Shield Radiance Set - Kojic Skin Europe\",\"isPartOf\":{\"@id\":\"https:\\\/\\\/kojicskin-europe.com\\\/#website\"},\"primaryImageOfPage\":{\"@id\":\"https:\\\/\\\/kojicskin-europe.com\\\/coffret-sun-shield-radiance-set\\\/#primaryimage\"},\"image\":{\"@id\":\"https:\\\/\\\/kojicskin-europe.com\\\/coffret-sun-shield-radiance-set\\\/#primaryimage\"},\"thumbnailUrl\":\"https:\\\/\\\/kojicskin-europe.com\\\/wp-content\\\/uploads\\\/2026\\\/02\\\/Sun-Shield-Radiance-Set-kojie-san.png\",\"datePublished\":\"2026-02-17T22:22:57+00:00\",\"dateModified\":\"2026-02-19T13:35:22+00:00\",\"description\":\"Coffret Protection Solaire \u00c9clat : prot\u00e8ge, hydrate et illumine la peau pour un teint doux et \u00e9clatant au soleil.\",\"breadcrumb\":{\"@id\":\"https:\\\/\\\/kojicskin-europe.com\\\/coffret-sun-shield-radiance-set\\\/#breadcrumb\"},\"inLanguage\":\"nl-BE\",\"potentialAction\":[{\"@type\":\"ReadAction\",\"target\":[\"https:\\\/\\\/kojicskin-europe.com\\\/coffret-sun-shield-radiance-set\\\/\"]}]},{\"@type\":\"ImageObject\",\"inLanguage\":\"nl-BE\",\"@id\":\"https:\\\/\\\/kojicskin-europe.com\\\/coffret-sun-shield-radiance-set\\\/#primaryimage\",\"url\":\"https:\\\/\\\/kojicskin-europe.com\\\/wp-content\\\/uploads\\\/2026\\\/02\\\/Sun-Shield-Radiance-Set-kojie-san.png\",\"contentUrl\":\"https:\\\/\\\/kojicskin-europe.com\\\/wp-content\\\/uploads\\\/2026\\\/02\\\/Sun-Shield-Radiance-Set-kojie-san.png\",\"width\":800,\"height\":800},{\"@type\":\"BreadcrumbList\",\"@id\":\"https:\\\/\\\/kojicskin-europe.com\\\/coffret-sun-shield-radiance-set\\\/#breadcrumb\",\"itemListElement\":[{\"@type\":\"ListItem\",\"position\":1,\"name\":\"Accueil\",\"item\":\"https:\\\/\\\/kojicskin-europe.com\\\/\"},{\"@type\":\"ListItem\",\"position\":2,\"name\":\"Kojie San\",\"item\":\"https:\\\/\\\/kojicskin-europe.com\\\/kojie-san\\\/\"},{\"@type\":\"ListItem\",\"position\":3,\"name\":\"Coffret Sun Shield Radiance Set\"}]},{\"@type\":\"WebSite\",\"@id\":\"https:\\\/\\\/kojicskin-europe.com\\\/#website\",\"url\":\"https:\\\/\\\/kojicskin-europe.com\\\/\",\"name\":\"Kojic Skin Europe\",\"description\":\"\",\"publisher\":{\"@id\":\"https:\\\/\\\/kojicskin-europe.com\\\/#organization\"},\"potentialAction\":[{\"@type\":\"SearchAction\",\"target\":{\"@type\":\"EntryPoint\",\"urlTemplate\":\"https:\\\/\\\/kojicskin-europe.com\\\/?s={search_term_string}\"},\"query-input\":{\"@type\":\"PropertyValueSpecification\",\"valueRequired\":true,\"valueName\":\"search_term_string\"}}],\"inLanguage\":\"nl-BE\"},{\"@type\":\"Organization\",\"@id\":\"https:\\\/\\\/kojicskin-europe.com\\\/#organization\",\"name\":\"Kojic Skin Europe\",\"url\":\"https:\\\/\\\/kojicskin-europe.com\\\/\",\"logo\":{\"@type\":\"ImageObject\",\"inLanguage\":\"nl-BE\",\"@id\":\"https:\\\/\\\/kojicskin-europe.com\\\/#\\\/schema\\\/logo\\\/image\\\/\",\"url\":\"https:\\\/\\\/kojicskin-europe.com\\\/wp-content\\\/uploads\\\/2024\\\/11\\\/kojic-skin-europe-logo.png\",\"contentUrl\":\"https:\\\/\\\/kojicskin-europe.com\\\/wp-content\\\/uploads\\\/2024\\\/11\\\/kojic-skin-europe-logo.png\",\"width\":2078,\"height\":541,\"caption\":\"Kojic Skin Europe\"},\"image\":{\"@id\":\"https:\\\/\\\/kojicskin-europe.com\\\/#\\\/schema\\\/logo\\\/image\\\/\"}}]}<\/script>\n<!-- \/ Yoast SEO plugin. -->","yoast_head_json":{"title":"Coffret Sun Shield Radiance Set - Kojic Skin Europe","description":"Coffret Protection Solaire \u00c9clat : prot\u00e8ge, hydrate et illumine la peau pour un teint doux et \u00e9clatant au soleil.","robots":{"index":"index","follow":"follow","max-snippet":"max-snippet:-1","max-image-preview":"max-image-preview:large","max-video-preview":"max-video-preview:-1"},"canonical":"https:\/\/kojicskin-europe.com\/nl_be\/coffret-sun-shield-radiance-set\/","og_locale":"nl_BE","og_type":"article","og_title":"Coffret Sun Shield Radiance Set - Kojic Skin Europe","og_description":"Coffret Protection Solaire \u00c9clat : prot\u00e8ge, hydrate et illumine la peau pour un teint doux et \u00e9clatant au soleil.","og_url":"https:\/\/kojicskin-europe.com\/nl_be\/coffret-sun-shield-radiance-set\/","og_site_name":"Kojic Skin Europe","article_modified_time":"2026-02-19T13:35:22+00:00","og_image":[{"width":800,"height":800,"url":"https:\/\/kojicskin-europe.com\/wp-content\/uploads\/2026\/02\/Sun-Shield-Radiance-Set-kojie-san.png","type":"image\/png"}],"twitter_card":"summary_large_image","twitter_misc":{"Geschatte leestijd":"1 minuut"},"schema":{"@context":"https:\/\/schema.org","@graph":[{"@type":"WebPage","@id":"https:\/\/kojicskin-europe.com\/coffret-sun-shield-radiance-set\/","url":"https:\/\/kojicskin-europe.com\/coffret-sun-shield-radiance-set\/","name":"Coffret Sun Shield Radiance Set - Kojic Skin Europe","isPartOf":{"@id":"https:\/\/kojicskin-europe.com\/#website"},"primaryImageOfPage":{"@id":"https:\/\/kojicskin-europe.com\/coffret-sun-shield-radiance-set\/#primaryimage"},"image":{"@id":"https:\/\/kojicskin-europe.com\/coffret-sun-shield-radiance-set\/#primaryimage"},"thumbnailUrl":"https:\/\/kojicskin-europe.com\/wp-content\/uploads\/2026\/02\/Sun-Shield-Radiance-Set-kojie-san.png","datePublished":"2026-02-17T22:22:57+00:00","dateModified":"2026-02-19T13:35:22+00:00","description":"Coffret Protection Solaire \u00c9clat : prot\u00e8ge, hydrate et illumine la peau pour un teint doux et \u00e9clatant au soleil.","breadcrumb":{"@id":"https:\/\/kojicskin-europe.com\/coffret-sun-shield-radiance-set\/#breadcrumb"},"inLanguage":"nl-BE","potentialAction":[{"@type":"ReadAction","target":["https:\/\/kojicskin-europe.com\/coffret-sun-shield-radiance-set\/"]}]},{"@type":"ImageObject","inLanguage":"nl-BE","@id":"https:\/\/kojicskin-europe.com\/coffret-sun-shield-radiance-set\/#primaryimage","url":"https:\/\/kojicskin-europe.com\/wp-content\/uploads\/2026\/02\/Sun-Shield-Radiance-Set-kojie-san.png","contentUrl":"https:\/\/kojicskin-europe.com\/wp-content\/uploads\/2026\/02\/Sun-Shield-Radiance-Set-kojie-san.png","width":800,"height":800},{"@type":"BreadcrumbList","@id":"https:\/\/kojicskin-europe.com\/coffret-sun-shield-radiance-set\/#breadcrumb","itemListElement":[{"@type":"ListItem","position":1,"name":"Accueil","item":"https:\/\/kojicskin-europe.com\/"},{"@type":"ListItem","position":2,"name":"Kojie San","item":"https:\/\/kojicskin-europe.com\/kojie-san\/"},{"@type":"ListItem","position":3,"name":"Coffret Sun Shield Radiance Set"}]},{"@type":"WebSite","@id":"https:\/\/kojicskin-europe.com\/#website","url":"https:\/\/kojicskin-europe.com\/","name":"Kojic Huid Europa","description":"","publisher":{"@id":"https:\/\/kojicskin-europe.com\/#organization"},"potentialAction":[{"@type":"SearchAction","target":{"@type":"EntryPoint","urlTemplate":"https:\/\/kojicskin-europe.com\/?s={search_term_string}"},"query-input":{"@type":"PropertyValueSpecification","valueRequired":true,"valueName":"search_term_string"}}],"inLanguage":"nl-BE"},{"@type":"Organization","@id":"https:\/\/kojicskin-europe.com\/#organization","name":"Kojic Huid Europa","url":"https:\/\/kojicskin-europe.com\/","logo":{"@type":"ImageObject","inLanguage":"nl-BE","@id":"https:\/\/kojicskin-europe.com\/#\/schema\/logo\/image\/","url":"https:\/\/kojicskin-europe.com\/wp-content\/uploads\/2024\/11\/kojic-skin-europe-logo.png","contentUrl":"https:\/\/kojicskin-europe.com\/wp-content\/uploads\/2024\/11\/kojic-skin-europe-logo.png","width":2078,"height":541,"caption":"Kojic Skin Europe"},"image":{"@id":"https:\/\/kojicskin-europe.com\/#\/schema\/logo\/image\/"}}]}},"_links":{"self":[{"href":"https:\/\/kojicskin-europe.com\/nl_be\/wp-json\/wp\/v2\/product\/35654","targetHints":{"allow":["GET"]}}],"collection":[{"href":"https:\/\/kojicskin-europe.com\/nl_be\/wp-json\/wp\/v2\/product"}],"about":[{"href":"https:\/\/kojicskin-europe.com\/nl_be\/wp-json\/wp\/v2\/types\/product"}],"version-history":[{"count":0,"href":"https:\/\/kojicskin-europe.com\/nl_be\/wp-json\/wp\/v2\/product\/35654\/revisions"}],"wp:featuredmedia":[{"embeddable":true,"href":"https:\/\/kojicskin-europe.com\/nl_be\/wp-json\/wp\/v2\/media\/35822"}],"wp:attachment":[{"href":"https:\/\/kojicskin-europe.com\/nl_be\/wp-json\/wp\/v2\/media?parent=35654"}],"wp:term":[{"taxonomy":"product_brand","embeddable":true,"href":"https:\/\/kojicskin-europe.com\/nl_be\/wp-json\/wp\/v2\/product_brand?post=35654"},{"taxonomy":"product_cat","embeddable":true,"href":"https:\/\/kojicskin-europe.com\/nl_be\/wp-json\/wp\/v2\/product_cat?post=35654"},{"taxonomy":"product_tag","embeddable":true,"href":"https:\/\/kojicskin-europe.com\/nl_be\/wp-json\/wp\/v2\/product_tag?post=35654"}],"curies":[{"name":"wp","href":"https:\/\/api.w.org\/{rel}","templated":true}]}}