{"id":149,"date":"2024-09-14T15:27:07","date_gmt":"2024-09-14T15:27:07","guid":{"rendered":"http:\/\/kojic-skin-europe.local\/?post_type=product&#038;p=149"},"modified":"2026-04-12T23:29:47","modified_gmt":"2026-04-12T21:29:47","slug":"creme-de-nuit-visage-anti-age-dream-white-30g","status":"publish","type":"product","link":"https:\/\/kojicskin-europe.com\/nl_be\/creme-de-nuit-visage-anti-age-dream-white-30g\/","title":{"rendered":"Anti-verouderende nachtcr\u00e8me 30g - Kojie San"},"content":{"rendered":"<p>Cr\u00e8me visage de nuit anti-\u00e2ge \u00e9claircissante. Les principaux ingr\u00e9dients actifs sont <strong>l&rsquo;acide kojique<\/strong>, <strong>le collag\u00e8ne<\/strong> en <strong>l&rsquo;\u00e9lastine<\/strong>.<\/p>\n<p>La cr\u00e8me de nuit \u00e9claircissante pour le visage Kojie San est une<strong> formule de soin intensive<\/strong>, <strong>lichte<\/strong> en <strong>non grasse<\/strong>. Elle contient un m\u00e9lange d\u2019<strong>natuurlijke extracten<\/strong> en<strong>kojinezuur<\/strong> <strong>de grande qualit\u00e9<\/strong>, reconnu pour son <strong>remarquable effet blanchissant<\/strong>. Elle vous aide \u00e0 <strong>de huid lichter maken<\/strong> en <strong>r\u00e9duire la formation de taches sombres lors du gommage<\/strong>, <strong>hydrateren<\/strong> en <strong>herstelt<\/strong> \u00e9galement<strong> de huid<\/strong> et l&rsquo;am\u00e8ne sur une <strong>peau saine<\/strong> en <strong>ros\u00e2tre<\/strong>.<\/p>\n<p>Un hydratant concentr\u00e9 qui aide \u00e0 <strong>revitaliser<\/strong> en <strong>nourrir la peau<\/strong> pendant le sommeil. Les effets combin\u00e9s des <strong>regeneratieve eigenschappen<\/strong> de la jeunesse du complexe de <strong>peptides de lait (MPC)<\/strong> en<strong> revitalisants lissants<\/strong> aident \u00e0 fournir une <strong>hydratation<\/strong> en een <strong>fermet\u00e9 nourrissantes<\/strong> au<strong> visage<\/strong> en <strong>au cou<\/strong>, laissant la peau lisse et radieuse le matin. Il aide \u00e0 diminuer <strong>l&rsquo;apparence des ridules<\/strong> en <strong>des rides<\/strong>.<\/p>\n<p><strong>Quelle est la diff\u00e9rence entre la cr\u00e8me Dream White Kojie San et la cr\u00e8me classique Kojie San ?<\/strong> Elles poss\u00e8dent <strong>les m\u00eames ingr\u00e9dients<\/strong>, mais la cr\u00e8me <strong>\u00ab\u00a0Dream White\u00a0\u00bb<\/strong> est une <strong>gamme anti-\u00e2ge<\/strong> met <strong>du collag\u00e8ne<\/strong> en <strong>l&rsquo;\u00e9lastine en plus<\/strong> . C&rsquo;est pourquoi les r\u00e9sultats sont <strong>visibles plus rapidement<\/strong> que la cr\u00e8me classique.<\/p>","protected":false},"excerpt":{"rendered":"<ul>\n<li><strong>KLAARGEMAAKT &amp; VERZONDEN BINNEN 5 DAGEN<\/strong><\/li>\n<li><strong>Date d&rsquo;expiration : 11 juillet 2026<\/strong><\/li>\n<li>Cr\u00e8me de nuit anti-\u00e2ge \u00e9claircissante<\/li>\n<li>Ingr\u00e9dients actifs : acide kojique, collag\u00e8ne, \u00e9lastine<\/li>\n<li>\u00c9claircit la peau, r\u00e9duit les taches sombres<\/li>\n<li>Hydrate et restaure pour une peau saine et ros\u00e2tre<\/li>\n<li>R\u00e9duit ridules et rides pour une peau lisse et radieuse<\/li>\n<li><strong>Formaat<\/strong> : 30g<\/li>\n<\/ul>","protected":false},"featured_media":33232,"template":"","meta":{"ocean_post_layout":"","ocean_both_sidebars_style":"","ocean_both_sidebars_content_width":0,"ocean_both_sidebars_sidebars_width":0,"ocean_sidebar":"0","ocean_second_sidebar":"0","ocean_disable_margins":"enable","ocean_add_body_class":"","ocean_shortcode_before_top_bar":"","ocean_shortcode_after_top_bar":"","ocean_shortcode_before_header":"","ocean_shortcode_after_header":"","ocean_has_shortcode":"","ocean_shortcode_after_title":"","ocean_shortcode_before_footer_widgets":"","ocean_shortcode_after_footer_widgets":"","ocean_shortcode_before_footer_bottom":"","ocean_shortcode_after_footer_bottom":"","ocean_display_top_bar":"default","ocean_display_header":"default","ocean_header_style":"","ocean_center_header_left_menu":"0","ocean_custom_header_template":"0","ocean_custom_logo":0,"ocean_custom_retina_logo":0,"ocean_custom_logo_max_width":0,"ocean_custom_logo_tablet_max_width":0,"ocean_custom_logo_mobile_max_width":0,"ocean_custom_logo_max_height":0,"ocean_custom_logo_tablet_max_height":0,"ocean_custom_logo_mobile_max_height":0,"ocean_header_custom_menu":"0","ocean_menu_typo_font_family":"0","ocean_menu_typo_font_subset":"","ocean_menu_typo_font_size":0,"ocean_menu_typo_font_size_tablet":0,"ocean_menu_typo_font_size_mobile":0,"ocean_menu_typo_font_size_unit":"px","ocean_menu_typo_font_weight":"","ocean_menu_typo_font_weight_tablet":"","ocean_menu_typo_font_weight_mobile":"","ocean_menu_typo_transform":"","ocean_menu_typo_transform_tablet":"","ocean_menu_typo_transform_mobile":"","ocean_menu_typo_line_height":0,"ocean_menu_typo_line_height_tablet":0,"ocean_menu_typo_line_height_mobile":0,"ocean_menu_typo_line_height_unit":"","ocean_menu_typo_spacing":0,"ocean_menu_typo_spacing_tablet":0,"ocean_menu_typo_spacing_mobile":0,"ocean_menu_typo_spacing_unit":"","ocean_menu_link_color":"","ocean_menu_link_color_hover":"","ocean_menu_link_color_active":"","ocean_menu_link_background":"","ocean_menu_link_hover_background":"","ocean_menu_link_active_background":"","ocean_menu_social_links_bg":"","ocean_menu_social_hover_links_bg":"","ocean_menu_social_links_color":"","ocean_menu_social_hover_links_color":"","ocean_disable_title":"default","ocean_disable_heading":"default","ocean_post_title":"","ocean_post_subheading":"","ocean_post_title_style":"","ocean_post_title_background_color":"","ocean_post_title_background":0,"ocean_post_title_bg_image_position":"","ocean_post_title_bg_image_attachment":"","ocean_post_title_bg_image_repeat":"","ocean_post_title_bg_image_size":"","ocean_post_title_height":0,"ocean_post_title_bg_overlay":0,"ocean_post_title_bg_overlay_color":"","ocean_disable_breadcrumbs":"default","ocean_breadcrumbs_color":"","ocean_breadcrumbs_separator_color":"","ocean_breadcrumbs_links_color":"","ocean_breadcrumbs_links_hover_color":"","ocean_display_footer_widgets":"default","ocean_display_footer_bottom":"default","ocean_custom_footer_template":"0"},"product_brand":[],"product_cat":[18,23],"product_tag":[],"class_list":{"0":"post-149","1":"product","2":"type-product","3":"status-publish","4":"has-post-thumbnail","6":"product_cat-kojie-san-cremes-lotions","7":"product_cat-kojie-san","9":"entry","10":"has-media","12":"first","13":"instock","14":"sale","15":"taxable","16":"shipping-taxable","17":"purchasable","18":"product-type-simple","19":"has-product-nav","20":"col","21":"span_1_of_3","22":"owp-content-center","23":"owp-thumbs-layout-horizontal","24":"owp-btn-normal","25":"owp-tabs-layout-horizontal","26":"has-no-thumbnails"},"yoast_head":"<!-- This site is optimized with the Yoast SEO plugin v27.3 - https:\/\/yoast.com\/product\/yoast-seo-wordpress\/ -->\n<title>Cr\u00e8me de nuit visage anti-\u00e2ge 30g - Kojie San<\/title>\n<meta name=\"description\" content=\"Envie d&#039;une peau \u00e9clatante et rajeunie au r\u00e9veil ? D\u00e9couvrez notre cr\u00e8me de nuit anti-\u00e2ge \u00e9claircissante \u00e0 l&#039;acide kojique, collag\u00e8ne et \u00e9lastine.\" \/>\n<meta name=\"robots\" content=\"index, follow, max-snippet:-1, max-image-preview:large, max-video-preview:-1\" \/>\n<link rel=\"canonical\" href=\"https:\/\/kojicskin-europe.com\/nl_be\/creme-de-nuit-visage-anti-age-dream-white-30g\/\" \/>\n<meta property=\"og:locale\" content=\"nl_BE\" \/>\n<meta property=\"og:type\" content=\"article\" \/>\n<meta property=\"og:title\" content=\"Cr\u00e8me de nuit visage anti-\u00e2ge 30g - Kojie San\" \/>\n<meta property=\"og:description\" content=\"Envie d&#039;une peau \u00e9clatante et rajeunie au r\u00e9veil ? D\u00e9couvrez notre cr\u00e8me de nuit anti-\u00e2ge \u00e9claircissante \u00e0 l&#039;acide kojique, collag\u00e8ne et \u00e9lastine.\" \/>\n<meta property=\"og:url\" content=\"https:\/\/kojicskin-europe.com\/nl_be\/creme-de-nuit-visage-anti-age-dream-white-30g\/\" \/>\n<meta property=\"og:site_name\" content=\"Kojic Skin Europe\" \/>\n<meta property=\"article:modified_time\" content=\"2026-04-12T21:29:47+00:00\" \/>\n<meta property=\"og:image\" content=\"https:\/\/kojicskin-europe.com\/wp-content\/uploads\/2024\/09\/creme_nuit_dreamwhite_kojie-san-dates-courtes2.png\" \/>\n\t<meta property=\"og:image:width\" content=\"800\" \/>\n\t<meta property=\"og:image:height\" content=\"800\" \/>\n\t<meta property=\"og:image:type\" content=\"image\/png\" \/>\n<meta name=\"twitter:card\" content=\"summary_large_image\" \/>\n<meta name=\"twitter:label1\" content=\"Geschatte leestijd\" \/>\n\t<meta name=\"twitter:data1\" content=\"2 minuten\" \/>\n<script type=\"application\/ld+json\" class=\"yoast-schema-graph\">{\"@context\":\"https:\\\/\\\/schema.org\",\"@graph\":[{\"@type\":\"WebPage\",\"@id\":\"https:\\\/\\\/kojicskin-europe.com\\\/creme-de-nuit-visage-anti-age-dream-white-30g\\\/\",\"url\":\"https:\\\/\\\/kojicskin-europe.com\\\/creme-de-nuit-visage-anti-age-dream-white-30g\\\/\",\"name\":\"Cr\u00e8me de nuit visage anti-\u00e2ge 30g - Kojie San\",\"isPartOf\":{\"@id\":\"https:\\\/\\\/kojicskin-europe.com\\\/#website\"},\"primaryImageOfPage\":{\"@id\":\"https:\\\/\\\/kojicskin-europe.com\\\/creme-de-nuit-visage-anti-age-dream-white-30g\\\/#primaryimage\"},\"image\":{\"@id\":\"https:\\\/\\\/kojicskin-europe.com\\\/creme-de-nuit-visage-anti-age-dream-white-30g\\\/#primaryimage\"},\"thumbnailUrl\":\"https:\\\/\\\/kojicskin-europe.com\\\/wp-content\\\/uploads\\\/2024\\\/09\\\/creme_nuit_dreamwhite_kojie-san-dates-courtes2.png\",\"datePublished\":\"2024-09-14T15:27:07+00:00\",\"dateModified\":\"2026-04-12T21:29:47+00:00\",\"description\":\"Envie d'une peau \u00e9clatante et rajeunie au r\u00e9veil ? D\u00e9couvrez notre cr\u00e8me de nuit anti-\u00e2ge \u00e9claircissante \u00e0 l'acide kojique, collag\u00e8ne et \u00e9lastine.\",\"breadcrumb\":{\"@id\":\"https:\\\/\\\/kojicskin-europe.com\\\/creme-de-nuit-visage-anti-age-dream-white-30g\\\/#breadcrumb\"},\"inLanguage\":\"nl-BE\",\"potentialAction\":[{\"@type\":\"ReadAction\",\"target\":[\"https:\\\/\\\/kojicskin-europe.com\\\/creme-de-nuit-visage-anti-age-dream-white-30g\\\/\"]}]},{\"@type\":\"ImageObject\",\"inLanguage\":\"nl-BE\",\"@id\":\"https:\\\/\\\/kojicskin-europe.com\\\/creme-de-nuit-visage-anti-age-dream-white-30g\\\/#primaryimage\",\"url\":\"https:\\\/\\\/kojicskin-europe.com\\\/wp-content\\\/uploads\\\/2024\\\/09\\\/creme_nuit_dreamwhite_kojie-san-dates-courtes2.png\",\"contentUrl\":\"https:\\\/\\\/kojicskin-europe.com\\\/wp-content\\\/uploads\\\/2024\\\/09\\\/creme_nuit_dreamwhite_kojie-san-dates-courtes2.png\",\"width\":800,\"height\":800},{\"@type\":\"BreadcrumbList\",\"@id\":\"https:\\\/\\\/kojicskin-europe.com\\\/creme-de-nuit-visage-anti-age-dream-white-30g\\\/#breadcrumb\",\"itemListElement\":[{\"@type\":\"ListItem\",\"position\":1,\"name\":\"Accueil\",\"item\":\"https:\\\/\\\/kojicskin-europe.com\\\/\"},{\"@type\":\"ListItem\",\"position\":2,\"name\":\"Kojie San\",\"item\":\"https:\\\/\\\/kojicskin-europe.com\\\/kojie-san\\\/\"},{\"@type\":\"ListItem\",\"position\":3,\"name\":\"Cr\u00e8me de nuit visage anti-\u00e2ge 30g &#8211; Kojie San\"}]},{\"@type\":\"WebSite\",\"@id\":\"https:\\\/\\\/kojicskin-europe.com\\\/#website\",\"url\":\"https:\\\/\\\/kojicskin-europe.com\\\/\",\"name\":\"Kojic Skin Europe\",\"description\":\"\",\"publisher\":{\"@id\":\"https:\\\/\\\/kojicskin-europe.com\\\/#organization\"},\"potentialAction\":[{\"@type\":\"SearchAction\",\"target\":{\"@type\":\"EntryPoint\",\"urlTemplate\":\"https:\\\/\\\/kojicskin-europe.com\\\/?s={search_term_string}\"},\"query-input\":{\"@type\":\"PropertyValueSpecification\",\"valueRequired\":true,\"valueName\":\"search_term_string\"}}],\"inLanguage\":\"nl-BE\"},{\"@type\":\"Organization\",\"@id\":\"https:\\\/\\\/kojicskin-europe.com\\\/#organization\",\"name\":\"Kojic Skin Europe\",\"url\":\"https:\\\/\\\/kojicskin-europe.com\\\/\",\"logo\":{\"@type\":\"ImageObject\",\"inLanguage\":\"nl-BE\",\"@id\":\"https:\\\/\\\/kojicskin-europe.com\\\/#\\\/schema\\\/logo\\\/image\\\/\",\"url\":\"https:\\\/\\\/kojicskin-europe.com\\\/wp-content\\\/uploads\\\/2024\\\/11\\\/kojic-skin-europe-logo.png\",\"contentUrl\":\"https:\\\/\\\/kojicskin-europe.com\\\/wp-content\\\/uploads\\\/2024\\\/11\\\/kojic-skin-europe-logo.png\",\"width\":2078,\"height\":541,\"caption\":\"Kojic Skin Europe\"},\"image\":{\"@id\":\"https:\\\/\\\/kojicskin-europe.com\\\/#\\\/schema\\\/logo\\\/image\\\/\"}}]}<\/script>\n<!-- \/ Yoast SEO plugin. -->","yoast_head_json":{"title":"Cr\u00e8me de nuit visage anti-\u00e2ge 30g - Kojie San","description":"Envie d'une peau \u00e9clatante et rajeunie au r\u00e9veil ? D\u00e9couvrez notre cr\u00e8me de nuit anti-\u00e2ge \u00e9claircissante \u00e0 l'acide kojique, collag\u00e8ne et \u00e9lastine.","robots":{"index":"index","follow":"follow","max-snippet":"max-snippet:-1","max-image-preview":"max-image-preview:large","max-video-preview":"max-video-preview:-1"},"canonical":"https:\/\/kojicskin-europe.com\/nl_be\/creme-de-nuit-visage-anti-age-dream-white-30g\/","og_locale":"nl_BE","og_type":"article","og_title":"Cr\u00e8me de nuit visage anti-\u00e2ge 30g - Kojie San","og_description":"Envie d'une peau \u00e9clatante et rajeunie au r\u00e9veil ? D\u00e9couvrez notre cr\u00e8me de nuit anti-\u00e2ge \u00e9claircissante \u00e0 l'acide kojique, collag\u00e8ne et \u00e9lastine.","og_url":"https:\/\/kojicskin-europe.com\/nl_be\/creme-de-nuit-visage-anti-age-dream-white-30g\/","og_site_name":"Kojic Skin Europe","article_modified_time":"2026-04-12T21:29:47+00:00","og_image":[{"width":800,"height":800,"url":"https:\/\/kojicskin-europe.com\/wp-content\/uploads\/2024\/09\/creme_nuit_dreamwhite_kojie-san-dates-courtes2.png","type":"image\/png"}],"twitter_card":"summary_large_image","twitter_misc":{"Geschatte leestijd":"2 minuten"},"schema":{"@context":"https:\/\/schema.org","@graph":[{"@type":"WebPage","@id":"https:\/\/kojicskin-europe.com\/creme-de-nuit-visage-anti-age-dream-white-30g\/","url":"https:\/\/kojicskin-europe.com\/creme-de-nuit-visage-anti-age-dream-white-30g\/","name":"Cr\u00e8me de nuit visage anti-\u00e2ge 30g - Kojie San","isPartOf":{"@id":"https:\/\/kojicskin-europe.com\/#website"},"primaryImageOfPage":{"@id":"https:\/\/kojicskin-europe.com\/creme-de-nuit-visage-anti-age-dream-white-30g\/#primaryimage"},"image":{"@id":"https:\/\/kojicskin-europe.com\/creme-de-nuit-visage-anti-age-dream-white-30g\/#primaryimage"},"thumbnailUrl":"https:\/\/kojicskin-europe.com\/wp-content\/uploads\/2024\/09\/creme_nuit_dreamwhite_kojie-san-dates-courtes2.png","datePublished":"2024-09-14T15:27:07+00:00","dateModified":"2026-04-12T21:29:47+00:00","description":"Envie d'une peau \u00e9clatante et rajeunie au r\u00e9veil ? D\u00e9couvrez notre cr\u00e8me de nuit anti-\u00e2ge \u00e9claircissante \u00e0 l'acide kojique, collag\u00e8ne et \u00e9lastine.","breadcrumb":{"@id":"https:\/\/kojicskin-europe.com\/creme-de-nuit-visage-anti-age-dream-white-30g\/#breadcrumb"},"inLanguage":"nl-BE","potentialAction":[{"@type":"ReadAction","target":["https:\/\/kojicskin-europe.com\/creme-de-nuit-visage-anti-age-dream-white-30g\/"]}]},{"@type":"ImageObject","inLanguage":"nl-BE","@id":"https:\/\/kojicskin-europe.com\/creme-de-nuit-visage-anti-age-dream-white-30g\/#primaryimage","url":"https:\/\/kojicskin-europe.com\/wp-content\/uploads\/2024\/09\/creme_nuit_dreamwhite_kojie-san-dates-courtes2.png","contentUrl":"https:\/\/kojicskin-europe.com\/wp-content\/uploads\/2024\/09\/creme_nuit_dreamwhite_kojie-san-dates-courtes2.png","width":800,"height":800},{"@type":"BreadcrumbList","@id":"https:\/\/kojicskin-europe.com\/creme-de-nuit-visage-anti-age-dream-white-30g\/#breadcrumb","itemListElement":[{"@type":"ListItem","position":1,"name":"Accueil","item":"https:\/\/kojicskin-europe.com\/"},{"@type":"ListItem","position":2,"name":"Kojie San","item":"https:\/\/kojicskin-europe.com\/kojie-san\/"},{"@type":"ListItem","position":3,"name":"Cr\u00e8me de nuit visage anti-\u00e2ge 30g &#8211; Kojie San"}]},{"@type":"WebSite","@id":"https:\/\/kojicskin-europe.com\/#website","url":"https:\/\/kojicskin-europe.com\/","name":"Kojic Huid Europa","description":"","publisher":{"@id":"https:\/\/kojicskin-europe.com\/#organization"},"potentialAction":[{"@type":"SearchAction","target":{"@type":"EntryPoint","urlTemplate":"https:\/\/kojicskin-europe.com\/?s={search_term_string}"},"query-input":{"@type":"PropertyValueSpecification","valueRequired":true,"valueName":"search_term_string"}}],"inLanguage":"nl-BE"},{"@type":"Organization","@id":"https:\/\/kojicskin-europe.com\/#organization","name":"Kojic Huid Europa","url":"https:\/\/kojicskin-europe.com\/","logo":{"@type":"ImageObject","inLanguage":"nl-BE","@id":"https:\/\/kojicskin-europe.com\/#\/schema\/logo\/image\/","url":"https:\/\/kojicskin-europe.com\/wp-content\/uploads\/2024\/11\/kojic-skin-europe-logo.png","contentUrl":"https:\/\/kojicskin-europe.com\/wp-content\/uploads\/2024\/11\/kojic-skin-europe-logo.png","width":2078,"height":541,"caption":"Kojic Skin Europe"},"image":{"@id":"https:\/\/kojicskin-europe.com\/#\/schema\/logo\/image\/"}}]}},"_links":{"self":[{"href":"https:\/\/kojicskin-europe.com\/nl_be\/wp-json\/wp\/v2\/product\/149","targetHints":{"allow":["GET"]}}],"collection":[{"href":"https:\/\/kojicskin-europe.com\/nl_be\/wp-json\/wp\/v2\/product"}],"about":[{"href":"https:\/\/kojicskin-europe.com\/nl_be\/wp-json\/wp\/v2\/types\/product"}],"version-history":[{"count":0,"href":"https:\/\/kojicskin-europe.com\/nl_be\/wp-json\/wp\/v2\/product\/149\/revisions"}],"wp:featuredmedia":[{"embeddable":true,"href":"https:\/\/kojicskin-europe.com\/nl_be\/wp-json\/wp\/v2\/media\/33232"}],"wp:attachment":[{"href":"https:\/\/kojicskin-europe.com\/nl_be\/wp-json\/wp\/v2\/media?parent=149"}],"wp:term":[{"taxonomy":"product_brand","embeddable":true,"href":"https:\/\/kojicskin-europe.com\/nl_be\/wp-json\/wp\/v2\/product_brand?post=149"},{"taxonomy":"product_cat","embeddable":true,"href":"https:\/\/kojicskin-europe.com\/nl_be\/wp-json\/wp\/v2\/product_cat?post=149"},{"taxonomy":"product_tag","embeddable":true,"href":"https:\/\/kojicskin-europe.com\/nl_be\/wp-json\/wp\/v2\/product_tag?post=149"}],"curies":[{"name":"wp","href":"https:\/\/api.w.org\/{rel}","templated":true}]}}