{"id":966,"date":"2025-02-25T18:44:49","date_gmt":"2025-02-25T18:44:49","guid":{"rendered":"https:\/\/kojicskineurope.live-website.com\/?post_type=product&#038;p=966"},"modified":"2026-03-15T00:09:50","modified_gmt":"2026-03-14T23:09:50","slug":"silka-nettoyant-visage-a-la-papaye-verte-150ml","status":"publish","type":"product","link":"https:\/\/kojicskin-europe.com\/nl\/silka-nettoyant-visage-a-la-papaye-verte-150ml\/","title":{"rendered":"Groene Papaja Gezichtsreiniger 150ml - Silka"},"content":{"rendered":"<p>Le nettoyant de visage Silka \u00e0 la papaye verte est formul\u00e9 de mani\u00e8re efficace pour <strong>\u00e9liminer en douceur les impuret\u00e9s<\/strong> <strong>et la salet\u00e9<\/strong> de votre peau, la rendant <strong>visiblement plus fra\u00eeche<\/strong> en <strong>plus propre.<\/strong> Verrijkt met<strong> extrait de papaye<\/strong> en <strong>en vitamine B3<\/strong>het helpt om <strong>\u00e9liminer les imperfections cutan\u00e9es tenaces<\/strong> terwijl <strong>\u00e9claircissant naturellement le teint<\/strong>.<\/p>\n<p>De <strong>papaja-enzymen<\/strong> exfolient en douceur, \u00e9liminant<strong> les cellules mortes<\/strong> en het bevorderen van <strong>renouvellement<\/strong> <strong>cellulaire sain<\/strong>terwijl de <strong>vitamine B3<\/strong>ook bekend als <strong>niacinamide<\/strong>vermindert de zichtbaarheid van <strong>donkere vlekken<\/strong> en verbetert<strong>huidradiance<\/strong>. Sa <strong>formule au pH\u00e9quilibr\u00e9<\/strong> contribue \u00e0<strong> herstellen<\/strong> en <strong>maintenir le pH naturel de la peau<\/strong>, assurant ainsi une <strong>protection optimale<\/strong> contre les agressions ext\u00e9rieures.<\/p>\n<p>Avec une utilisation continue, votre peau sera <strong>visiblement plus fra\u00eeche<\/strong>, <strong>plus jeune<\/strong> en<strong> \u00e9clatante de sant\u00e9<\/strong>, r\u00e9v\u00e9lant <strong>un teint radieux<\/strong> en <strong>uniform<\/strong><\/p>","protected":false},"excerpt":{"rendered":"<ul>\n<li><strong>Binnen 5 dagen klaargemaakt en verzonden<\/strong><\/li>\n<li>Nettoyant visage \u00e0 la papaye verte<\/li>\n<li>\u00c9limine en douceur impuret\u00e9s et salet\u00e9<\/li>\n<li>Extrait de papaye et vitamine B3: \u00e9claircit et \u00e9limine imperfections<\/li>\n<li>Formule au pH \u00e9quilibr\u00e9: restaure le pH naturel<\/li>\n<li><b>Formaat <\/b>: 150 ml<\/li>\n<\/ul>","protected":false},"featured_media":771,"template":"","meta":{"ocean_post_layout":"","ocean_both_sidebars_style":"","ocean_both_sidebars_content_width":0,"ocean_both_sidebars_sidebars_width":0,"ocean_sidebar":"0","ocean_second_sidebar":"0","ocean_disable_margins":"enable","ocean_add_body_class":"","ocean_shortcode_before_top_bar":"","ocean_shortcode_after_top_bar":"","ocean_shortcode_before_header":"","ocean_shortcode_after_header":"","ocean_has_shortcode":"","ocean_shortcode_after_title":"","ocean_shortcode_before_footer_widgets":"","ocean_shortcode_after_footer_widgets":"","ocean_shortcode_before_footer_bottom":"","ocean_shortcode_after_footer_bottom":"","ocean_display_top_bar":"default","ocean_display_header":"default","ocean_header_style":"","ocean_center_header_left_menu":"0","ocean_custom_header_template":"0","ocean_custom_logo":0,"ocean_custom_retina_logo":0,"ocean_custom_logo_max_width":0,"ocean_custom_logo_tablet_max_width":0,"ocean_custom_logo_mobile_max_width":0,"ocean_custom_logo_max_height":0,"ocean_custom_logo_tablet_max_height":0,"ocean_custom_logo_mobile_max_height":0,"ocean_header_custom_menu":"0","ocean_menu_typo_font_family":"0","ocean_menu_typo_font_subset":"","ocean_menu_typo_font_size":0,"ocean_menu_typo_font_size_tablet":0,"ocean_menu_typo_font_size_mobile":0,"ocean_menu_typo_font_size_unit":"px","ocean_menu_typo_font_weight":"","ocean_menu_typo_font_weight_tablet":"","ocean_menu_typo_font_weight_mobile":"","ocean_menu_typo_transform":"","ocean_menu_typo_transform_tablet":"","ocean_menu_typo_transform_mobile":"","ocean_menu_typo_line_height":0,"ocean_menu_typo_line_height_tablet":0,"ocean_menu_typo_line_height_mobile":0,"ocean_menu_typo_line_height_unit":"","ocean_menu_typo_spacing":0,"ocean_menu_typo_spacing_tablet":0,"ocean_menu_typo_spacing_mobile":0,"ocean_menu_typo_spacing_unit":"","ocean_menu_link_color":"","ocean_menu_link_color_hover":"","ocean_menu_link_color_active":"","ocean_menu_link_background":"","ocean_menu_link_hover_background":"","ocean_menu_link_active_background":"","ocean_menu_social_links_bg":"","ocean_menu_social_hover_links_bg":"","ocean_menu_social_links_color":"","ocean_menu_social_hover_links_color":"","ocean_disable_title":"default","ocean_disable_heading":"default","ocean_post_title":"","ocean_post_subheading":"","ocean_post_title_style":"","ocean_post_title_background_color":"","ocean_post_title_background":0,"ocean_post_title_bg_image_position":"","ocean_post_title_bg_image_attachment":"","ocean_post_title_bg_image_repeat":"","ocean_post_title_bg_image_size":"","ocean_post_title_height":0,"ocean_post_title_bg_overlay":0.5,"ocean_post_title_bg_overlay_color":"","ocean_disable_breadcrumbs":"default","ocean_breadcrumbs_color":"","ocean_breadcrumbs_separator_color":"","ocean_breadcrumbs_links_color":"","ocean_breadcrumbs_links_hover_color":"","ocean_display_footer_widgets":"default","ocean_display_footer_bottom":"default","ocean_custom_footer_template":"0"},"product_brand":[],"product_cat":[31,28],"product_tag":[],"class_list":{"0":"post-966","1":"product","2":"type-product","3":"status-publish","4":"has-post-thumbnail","6":"product_cat-silka-lotions-nettoyants","7":"product_cat-silka","9":"entry","10":"has-media","12":"first","13":"instock","14":"taxable","15":"shipping-taxable","16":"purchasable","17":"product-type-simple","18":"has-product-nav","19":"col","20":"span_1_of_3","21":"owp-content-center","22":"owp-thumbs-layout-horizontal","23":"owp-btn-normal","24":"owp-tabs-layout-horizontal"},"yoast_head":"<!-- This site is optimized with the Yoast SEO plugin v27.3 - https:\/\/yoast.com\/product\/yoast-seo-wordpress\/ -->\n<title>Nettoyant visage \u00e0 la papaye verte 150ml - Silka<\/title>\n<meta name=\"description\" content=\"Pr\u00eat \u00e0 obtenir une peau \u00e9clatante et pure avec le nettoyant \u00e0 la papaye verte Silka ? Commandez maintenant et voyez la diff\u00e9rence !\" \/>\n<meta name=\"robots\" content=\"index, follow, max-snippet:-1, max-image-preview:large, max-video-preview:-1\" \/>\n<link rel=\"canonical\" href=\"https:\/\/kojicskin-europe.com\/nl\/silka-nettoyant-visage-a-la-papaye-verte-150ml\/\" \/>\n<meta property=\"og:locale\" content=\"nl_NL\" \/>\n<meta property=\"og:type\" content=\"article\" \/>\n<meta property=\"og:title\" content=\"Nettoyant visage \u00e0 la papaye verte 150ml - Silka\" \/>\n<meta property=\"og:description\" content=\"Pr\u00eat \u00e0 obtenir une peau \u00e9clatante et pure avec le nettoyant \u00e0 la papaye verte Silka ? Commandez maintenant et voyez la diff\u00e9rence !\" \/>\n<meta property=\"og:url\" content=\"https:\/\/kojicskin-europe.com\/nl\/silka-nettoyant-visage-a-la-papaye-verte-150ml\/\" \/>\n<meta property=\"og:site_name\" content=\"Kojic Skin Europe\" \/>\n<meta property=\"article:modified_time\" content=\"2026-03-14T23:09:50+00:00\" \/>\n<meta property=\"og:image\" content=\"https:\/\/kojicskin-europe.com\/wp-content\/uploads\/2024\/12\/silka-eclaircisseur-papaye-verte-visage-kojic-skin-europe.webp\" \/>\n\t<meta property=\"og:image:width\" content=\"800\" \/>\n\t<meta property=\"og:image:height\" content=\"800\" \/>\n\t<meta property=\"og:image:type\" content=\"image\/webp\" \/>\n<meta name=\"twitter:card\" content=\"summary_large_image\" \/>\n<meta name=\"twitter:label1\" content=\"Geschatte leestijd\" \/>\n\t<meta name=\"twitter:data1\" content=\"1 minuut\" \/>\n<script type=\"application\/ld+json\" class=\"yoast-schema-graph\">{\"@context\":\"https:\\\/\\\/schema.org\",\"@graph\":[{\"@type\":\"WebPage\",\"@id\":\"https:\\\/\\\/kojicskin-europe.com\\\/silka-nettoyant-visage-a-la-papaye-verte-150ml\\\/\",\"url\":\"https:\\\/\\\/kojicskin-europe.com\\\/silka-nettoyant-visage-a-la-papaye-verte-150ml\\\/\",\"name\":\"Nettoyant visage \u00e0 la papaye verte 150ml - Silka\",\"isPartOf\":{\"@id\":\"https:\\\/\\\/kojicskin-europe.com\\\/#website\"},\"primaryImageOfPage\":{\"@id\":\"https:\\\/\\\/kojicskin-europe.com\\\/silka-nettoyant-visage-a-la-papaye-verte-150ml\\\/#primaryimage\"},\"image\":{\"@id\":\"https:\\\/\\\/kojicskin-europe.com\\\/silka-nettoyant-visage-a-la-papaye-verte-150ml\\\/#primaryimage\"},\"thumbnailUrl\":\"https:\\\/\\\/kojicskin-europe.com\\\/wp-content\\\/uploads\\\/2024\\\/12\\\/silka-eclaircisseur-papaye-verte-visage-kojic-skin-europe.webp\",\"datePublished\":\"2025-02-25T18:44:49+00:00\",\"dateModified\":\"2026-03-14T23:09:50+00:00\",\"description\":\"Pr\u00eat \u00e0 obtenir une peau \u00e9clatante et pure avec le nettoyant \u00e0 la papaye verte Silka ? Commandez maintenant et voyez la diff\u00e9rence !\",\"breadcrumb\":{\"@id\":\"https:\\\/\\\/kojicskin-europe.com\\\/silka-nettoyant-visage-a-la-papaye-verte-150ml\\\/#breadcrumb\"},\"inLanguage\":\"nl-NL\",\"potentialAction\":[{\"@type\":\"ReadAction\",\"target\":[\"https:\\\/\\\/kojicskin-europe.com\\\/silka-nettoyant-visage-a-la-papaye-verte-150ml\\\/\"]}]},{\"@type\":\"ImageObject\",\"inLanguage\":\"nl-NL\",\"@id\":\"https:\\\/\\\/kojicskin-europe.com\\\/silka-nettoyant-visage-a-la-papaye-verte-150ml\\\/#primaryimage\",\"url\":\"https:\\\/\\\/kojicskin-europe.com\\\/wp-content\\\/uploads\\\/2024\\\/12\\\/silka-eclaircisseur-papaye-verte-visage-kojic-skin-europe.webp\",\"contentUrl\":\"https:\\\/\\\/kojicskin-europe.com\\\/wp-content\\\/uploads\\\/2024\\\/12\\\/silka-eclaircisseur-papaye-verte-visage-kojic-skin-europe.webp\",\"width\":800,\"height\":800,\"caption\":\"silka-eclaircisseur-papaye-verte-visage-kojic-skin-europe\"},{\"@type\":\"BreadcrumbList\",\"@id\":\"https:\\\/\\\/kojicskin-europe.com\\\/silka-nettoyant-visage-a-la-papaye-verte-150ml\\\/#breadcrumb\",\"itemListElement\":[{\"@type\":\"ListItem\",\"position\":1,\"name\":\"Accueil\",\"item\":\"https:\\\/\\\/kojicskin-europe.com\\\/\"},{\"@type\":\"ListItem\",\"position\":2,\"name\":\"Kojie San\",\"item\":\"https:\\\/\\\/kojicskin-europe.com\\\/kojie-san\\\/\"},{\"@type\":\"ListItem\",\"position\":3,\"name\":\"Nettoyant visage \u00e0 la papaye verte 150ml &#8211; Silka\"}]},{\"@type\":\"WebSite\",\"@id\":\"https:\\\/\\\/kojicskin-europe.com\\\/#website\",\"url\":\"https:\\\/\\\/kojicskin-europe.com\\\/\",\"name\":\"Kojic Skin Europe\",\"description\":\"\",\"publisher\":{\"@id\":\"https:\\\/\\\/kojicskin-europe.com\\\/#organization\"},\"potentialAction\":[{\"@type\":\"SearchAction\",\"target\":{\"@type\":\"EntryPoint\",\"urlTemplate\":\"https:\\\/\\\/kojicskin-europe.com\\\/?s={search_term_string}\"},\"query-input\":{\"@type\":\"PropertyValueSpecification\",\"valueRequired\":true,\"valueName\":\"search_term_string\"}}],\"inLanguage\":\"nl-NL\"},{\"@type\":\"Organization\",\"@id\":\"https:\\\/\\\/kojicskin-europe.com\\\/#organization\",\"name\":\"Kojic Skin Europe\",\"url\":\"https:\\\/\\\/kojicskin-europe.com\\\/\",\"logo\":{\"@type\":\"ImageObject\",\"inLanguage\":\"nl-NL\",\"@id\":\"https:\\\/\\\/kojicskin-europe.com\\\/#\\\/schema\\\/logo\\\/image\\\/\",\"url\":\"https:\\\/\\\/kojicskin-europe.com\\\/wp-content\\\/uploads\\\/2024\\\/11\\\/kojic-skin-europe-logo.png\",\"contentUrl\":\"https:\\\/\\\/kojicskin-europe.com\\\/wp-content\\\/uploads\\\/2024\\\/11\\\/kojic-skin-europe-logo.png\",\"width\":2078,\"height\":541,\"caption\":\"Kojic Skin Europe\"},\"image\":{\"@id\":\"https:\\\/\\\/kojicskin-europe.com\\\/#\\\/schema\\\/logo\\\/image\\\/\"}}]}<\/script>\n<!-- \/ Yoast SEO plugin. -->","yoast_head_json":{"title":"Nettoyant visage \u00e0 la papaye verte 150ml - Silka","description":"Pr\u00eat \u00e0 obtenir une peau \u00e9clatante et pure avec le nettoyant \u00e0 la papaye verte Silka ? Commandez maintenant et voyez la diff\u00e9rence !","robots":{"index":"index","follow":"follow","max-snippet":"max-snippet:-1","max-image-preview":"max-image-preview:large","max-video-preview":"max-video-preview:-1"},"canonical":"https:\/\/kojicskin-europe.com\/nl\/silka-nettoyant-visage-a-la-papaye-verte-150ml\/","og_locale":"nl_NL","og_type":"article","og_title":"Nettoyant visage \u00e0 la papaye verte 150ml - Silka","og_description":"Pr\u00eat \u00e0 obtenir une peau \u00e9clatante et pure avec le nettoyant \u00e0 la papaye verte Silka ? Commandez maintenant et voyez la diff\u00e9rence !","og_url":"https:\/\/kojicskin-europe.com\/nl\/silka-nettoyant-visage-a-la-papaye-verte-150ml\/","og_site_name":"Kojic Skin Europe","article_modified_time":"2026-03-14T23:09:50+00:00","og_image":[{"width":800,"height":800,"url":"https:\/\/kojicskin-europe.com\/wp-content\/uploads\/2024\/12\/silka-eclaircisseur-papaye-verte-visage-kojic-skin-europe.webp","type":"image\/webp"}],"twitter_card":"summary_large_image","twitter_misc":{"Geschatte leestijd":"1 minuut"},"schema":{"@context":"https:\/\/schema.org","@graph":[{"@type":"WebPage","@id":"https:\/\/kojicskin-europe.com\/silka-nettoyant-visage-a-la-papaye-verte-150ml\/","url":"https:\/\/kojicskin-europe.com\/silka-nettoyant-visage-a-la-papaye-verte-150ml\/","name":"Nettoyant visage \u00e0 la papaye verte 150ml - Silka","isPartOf":{"@id":"https:\/\/kojicskin-europe.com\/#website"},"primaryImageOfPage":{"@id":"https:\/\/kojicskin-europe.com\/silka-nettoyant-visage-a-la-papaye-verte-150ml\/#primaryimage"},"image":{"@id":"https:\/\/kojicskin-europe.com\/silka-nettoyant-visage-a-la-papaye-verte-150ml\/#primaryimage"},"thumbnailUrl":"https:\/\/kojicskin-europe.com\/wp-content\/uploads\/2024\/12\/silka-eclaircisseur-papaye-verte-visage-kojic-skin-europe.webp","datePublished":"2025-02-25T18:44:49+00:00","dateModified":"2026-03-14T23:09:50+00:00","description":"Pr\u00eat \u00e0 obtenir une peau \u00e9clatante et pure avec le nettoyant \u00e0 la papaye verte Silka ? Commandez maintenant et voyez la diff\u00e9rence !","breadcrumb":{"@id":"https:\/\/kojicskin-europe.com\/silka-nettoyant-visage-a-la-papaye-verte-150ml\/#breadcrumb"},"inLanguage":"nl-NL","potentialAction":[{"@type":"ReadAction","target":["https:\/\/kojicskin-europe.com\/silka-nettoyant-visage-a-la-papaye-verte-150ml\/"]}]},{"@type":"ImageObject","inLanguage":"nl-NL","@id":"https:\/\/kojicskin-europe.com\/silka-nettoyant-visage-a-la-papaye-verte-150ml\/#primaryimage","url":"https:\/\/kojicskin-europe.com\/wp-content\/uploads\/2024\/12\/silka-eclaircisseur-papaye-verte-visage-kojic-skin-europe.webp","contentUrl":"https:\/\/kojicskin-europe.com\/wp-content\/uploads\/2024\/12\/silka-eclaircisseur-papaye-verte-visage-kojic-skin-europe.webp","width":800,"height":800,"caption":"silka-eclaircisseur-papaye-verte-visage-kojic-skin-europe"},{"@type":"BreadcrumbList","@id":"https:\/\/kojicskin-europe.com\/silka-nettoyant-visage-a-la-papaye-verte-150ml\/#breadcrumb","itemListElement":[{"@type":"ListItem","position":1,"name":"Accueil","item":"https:\/\/kojicskin-europe.com\/"},{"@type":"ListItem","position":2,"name":"Kojie San","item":"https:\/\/kojicskin-europe.com\/kojie-san\/"},{"@type":"ListItem","position":3,"name":"Nettoyant visage \u00e0 la papaye verte 150ml &#8211; Silka"}]},{"@type":"WebSite","@id":"https:\/\/kojicskin-europe.com\/#website","url":"https:\/\/kojicskin-europe.com\/","name":"Kojic Huid Europa","description":"","publisher":{"@id":"https:\/\/kojicskin-europe.com\/#organization"},"potentialAction":[{"@type":"SearchAction","target":{"@type":"EntryPoint","urlTemplate":"https:\/\/kojicskin-europe.com\/?s={search_term_string}"},"query-input":{"@type":"PropertyValueSpecification","valueRequired":true,"valueName":"search_term_string"}}],"inLanguage":"nl-NL"},{"@type":"Organization","@id":"https:\/\/kojicskin-europe.com\/#organization","name":"Kojic Huid Europa","url":"https:\/\/kojicskin-europe.com\/","logo":{"@type":"ImageObject","inLanguage":"nl-NL","@id":"https:\/\/kojicskin-europe.com\/#\/schema\/logo\/image\/","url":"https:\/\/kojicskin-europe.com\/wp-content\/uploads\/2024\/11\/kojic-skin-europe-logo.png","contentUrl":"https:\/\/kojicskin-europe.com\/wp-content\/uploads\/2024\/11\/kojic-skin-europe-logo.png","width":2078,"height":541,"caption":"Kojic Skin Europe"},"image":{"@id":"https:\/\/kojicskin-europe.com\/#\/schema\/logo\/image\/"}}]}},"_links":{"self":[{"href":"https:\/\/kojicskin-europe.com\/nl\/wp-json\/wp\/v2\/product\/966","targetHints":{"allow":["GET"]}}],"collection":[{"href":"https:\/\/kojicskin-europe.com\/nl\/wp-json\/wp\/v2\/product"}],"about":[{"href":"https:\/\/kojicskin-europe.com\/nl\/wp-json\/wp\/v2\/types\/product"}],"version-history":[{"count":0,"href":"https:\/\/kojicskin-europe.com\/nl\/wp-json\/wp\/v2\/product\/966\/revisions"}],"wp:featuredmedia":[{"embeddable":true,"href":"https:\/\/kojicskin-europe.com\/nl\/wp-json\/wp\/v2\/media\/771"}],"wp:attachment":[{"href":"https:\/\/kojicskin-europe.com\/nl\/wp-json\/wp\/v2\/media?parent=966"}],"wp:term":[{"taxonomy":"product_brand","embeddable":true,"href":"https:\/\/kojicskin-europe.com\/nl\/wp-json\/wp\/v2\/product_brand?post=966"},{"taxonomy":"product_cat","embeddable":true,"href":"https:\/\/kojicskin-europe.com\/nl\/wp-json\/wp\/v2\/product_cat?post=966"},{"taxonomy":"product_tag","embeddable":true,"href":"https:\/\/kojicskin-europe.com\/nl\/wp-json\/wp\/v2\/product_tag?post=966"}],"curies":[{"name":"wp","href":"https:\/\/api.w.org\/{rel}","templated":true}]}}