{"id":963,"date":"2025-02-25T18:44:48","date_gmt":"2025-02-25T18:44:48","guid":{"rendered":"https:\/\/kojicskineurope.live-website.com\/?post_type=product&#038;p=963"},"modified":"2026-03-27T11:41:01","modified_gmt":"2026-03-27T10:41:01","slug":"silka-deodorant-roll-on-groene-papaja-40ml","status":"publish","type":"product","link":"https:\/\/kojicskin-europe.com\/nl\/silka-deodorant-roll-on-a-la-papaye-verte-40ml\/","title":{"rendered":"Groene Papaja Roll-on Deodorant 40ml - Silka"},"content":{"rendered":"<p>Dankzij de verrijkte formule <strong>in papaja-enzymen<\/strong> en in <strong>vitamine B3<\/strong>Roll-on deodorant met groene papaja van Silka<strong> helpt de okselhuid te verlichten<\/strong>. De <strong>papaja-enzymen<\/strong>bekend om hun <strong>zachte exfoli\u00ebrende eigenschappen<\/strong>act <strong>cellen elimineren<\/strong> voor een gezonde teint. <strong>uniformer<\/strong> en <strong>licht<\/strong>.<\/p>\n<p><strong>Vitamine B3,<\/strong> of<strong> niacinamide<\/strong>staat bekend om <strong>donkere vlekken verminderen<\/strong> en een<strong>natuurlijke glans verbeteren<\/strong> van <strong>de huid<\/strong>. De formule <strong>uniek en niet vet<\/strong> is ontworpen om <strong>effectief elimineren<\/strong> geuren veroorzaakt door transpiratie, terwijl de vorming van <strong>huidirritaties<\/strong>zelfs op <strong>gevoelige huid<\/strong>.<\/p>\n<p>Door deze cr\u00e8me regelmatig te gebruiken, kun je genieten van een okselhuid die er weer als nieuw uitziet. <strong>zichtbaar duidelijker<\/strong>, <strong>zacht en beschermd<\/strong>zorgen voor rotsvast vertrouwen <strong>de hele dag<\/strong>.<\/p>\n<p>Product verkocht door Kojic Skin - Europa boetiek.<\/p>","protected":false},"excerpt":{"rendered":"<ul>\n<li><strong>Binnen 5 dagen klaargemaakt en verzonden<\/strong><\/li>\n<li>Roll-on deodorant met groene papaja<\/li>\n<li>Verheldert de okselhuid<\/li>\n<li>Papaja-enzymen: zachte scrub, verwijdert dode cellen<\/li>\n<li>Vitamine B3 (niacinamide): vermindert donkere vlekken, verbetert de glans<\/li>\n<li>Niet-vette formule: elimineert geurtjes en voorkomt irritatie<\/li>\n<li><strong>Formaat<\/strong>\u00a0: 40 ml<\/li>\n<\/ul>","protected":false},"featured_media":785,"template":"","meta":{"ocean_post_layout":"","ocean_both_sidebars_style":"","ocean_both_sidebars_content_width":0,"ocean_both_sidebars_sidebars_width":0,"ocean_sidebar":"0","ocean_second_sidebar":"0","ocean_disable_margins":"enable","ocean_add_body_class":"","ocean_shortcode_before_top_bar":"","ocean_shortcode_after_top_bar":"","ocean_shortcode_before_header":"","ocean_shortcode_after_header":"","ocean_has_shortcode":"","ocean_shortcode_after_title":"","ocean_shortcode_before_footer_widgets":"","ocean_shortcode_after_footer_widgets":"","ocean_shortcode_before_footer_bottom":"","ocean_shortcode_after_footer_bottom":"","ocean_display_top_bar":"default","ocean_display_header":"default","ocean_header_style":"","ocean_center_header_left_menu":"0","ocean_custom_header_template":"0","ocean_custom_logo":0,"ocean_custom_retina_logo":0,"ocean_custom_logo_max_width":0,"ocean_custom_logo_tablet_max_width":0,"ocean_custom_logo_mobile_max_width":0,"ocean_custom_logo_max_height":0,"ocean_custom_logo_tablet_max_height":0,"ocean_custom_logo_mobile_max_height":0,"ocean_header_custom_menu":"0","ocean_menu_typo_font_family":"0","ocean_menu_typo_font_subset":"","ocean_menu_typo_font_size":0,"ocean_menu_typo_font_size_tablet":0,"ocean_menu_typo_font_size_mobile":0,"ocean_menu_typo_font_size_unit":"px","ocean_menu_typo_font_weight":"","ocean_menu_typo_font_weight_tablet":"","ocean_menu_typo_font_weight_mobile":"","ocean_menu_typo_transform":"","ocean_menu_typo_transform_tablet":"","ocean_menu_typo_transform_mobile":"","ocean_menu_typo_line_height":0,"ocean_menu_typo_line_height_tablet":0,"ocean_menu_typo_line_height_mobile":0,"ocean_menu_typo_line_height_unit":"","ocean_menu_typo_spacing":0,"ocean_menu_typo_spacing_tablet":0,"ocean_menu_typo_spacing_mobile":0,"ocean_menu_typo_spacing_unit":"","ocean_menu_link_color":"","ocean_menu_link_color_hover":"","ocean_menu_link_color_active":"","ocean_menu_link_background":"","ocean_menu_link_hover_background":"","ocean_menu_link_active_background":"","ocean_menu_social_links_bg":"","ocean_menu_social_hover_links_bg":"","ocean_menu_social_links_color":"","ocean_menu_social_hover_links_color":"","ocean_disable_title":"default","ocean_disable_heading":"default","ocean_post_title":"","ocean_post_subheading":"","ocean_post_title_style":"","ocean_post_title_background_color":"","ocean_post_title_background":0,"ocean_post_title_bg_image_position":"","ocean_post_title_bg_image_attachment":"","ocean_post_title_bg_image_repeat":"","ocean_post_title_bg_image_size":"","ocean_post_title_height":0,"ocean_post_title_bg_overlay":0.5,"ocean_post_title_bg_overlay_color":"","ocean_disable_breadcrumbs":"default","ocean_breadcrumbs_color":"","ocean_breadcrumbs_separator_color":"","ocean_breadcrumbs_links_color":"","ocean_breadcrumbs_links_hover_color":"","ocean_display_footer_widgets":"default","ocean_display_footer_bottom":"default","ocean_custom_footer_template":"0"},"product_brand":[],"product_cat":[30,28],"product_tag":[],"class_list":{"0":"post-963","1":"product","2":"type-product","3":"status-publish","4":"has-post-thumbnail","6":"product_cat-silka-cremes-deodorants","7":"product_cat-silka","9":"entry","10":"has-media","12":"first","13":"instock","14":"taxable","15":"shipping-taxable","16":"purchasable","17":"product-type-simple","18":"has-product-nav","19":"col","20":"span_1_of_3","21":"owp-content-center","22":"owp-thumbs-layout-horizontal","23":"owp-btn-normal","24":"owp-tabs-layout-horizontal","25":"has-no-thumbnails"},"yoast_head":"<!-- This site is optimized with the Yoast SEO plugin v27.3 - https:\/\/yoast.com\/product\/yoast-seo-wordpress\/ -->\n<title>D\u00e9odorant &quot;Roll-on&quot; \u00e0 la papaye verte 40ml - Silka<\/title>\n<meta name=\"description\" content=\"Envie d&#039;une peau des aisselles douce et lumineuse ? Essayez le d\u00e9odorant \u00e0 la papaye verte Silka d\u00e9s aujourd&#039;hui !\" \/>\n<meta name=\"robots\" content=\"index, follow, max-snippet:-1, max-image-preview:large, max-video-preview:-1\" \/>\n<link rel=\"canonical\" href=\"https:\/\/kojicskin-europe.com\/nl\/silka-deodorant-roll-on-groene-papaja-40ml\/\" \/>\n<meta property=\"og:locale\" content=\"nl_NL\" \/>\n<meta property=\"og:type\" content=\"article\" \/>\n<meta property=\"og:title\" content=\"D\u00e9odorant &quot;Roll-on&quot; \u00e0 la papaye verte 40ml - Silka\" \/>\n<meta property=\"og:description\" content=\"Envie d&#039;une peau des aisselles douce et lumineuse ? Essayez le d\u00e9odorant \u00e0 la papaye verte Silka d\u00e9s aujourd&#039;hui !\" \/>\n<meta property=\"og:url\" content=\"https:\/\/kojicskin-europe.com\/nl\/silka-deodorant-roll-on-groene-papaja-40ml\/\" \/>\n<meta property=\"og:site_name\" content=\"Kojic Skin Europe\" \/>\n<meta property=\"article:modified_time\" content=\"2026-03-27T10:41:01+00:00\" \/>\n<meta property=\"og:image\" content=\"https:\/\/kojicskin-europe.com\/wp-content\/uploads\/2024\/12\/silka-deodorant-eclaircissant-papaye-verte-kojic-skin-europe.webp\" \/>\n\t<meta property=\"og:image:width\" content=\"800\" \/>\n\t<meta property=\"og:image:height\" content=\"800\" \/>\n\t<meta property=\"og:image:type\" content=\"image\/webp\" \/>\n<meta name=\"twitter:card\" content=\"summary_large_image\" \/>\n<meta name=\"twitter:label1\" content=\"Geschatte leestijd\" \/>\n\t<meta name=\"twitter:data1\" content=\"1 minuut\" \/>\n<script type=\"application\/ld+json\" class=\"yoast-schema-graph\">{\"@context\":\"https:\\\/\\\/schema.org\",\"@graph\":[{\"@type\":\"WebPage\",\"@id\":\"https:\\\/\\\/kojicskin-europe.com\\\/silka-deodorant-roll-on-a-la-papaye-verte-40ml\\\/\",\"url\":\"https:\\\/\\\/kojicskin-europe.com\\\/silka-deodorant-roll-on-a-la-papaye-verte-40ml\\\/\",\"name\":\"D\u00e9odorant \\\"Roll-on\\\" \u00e0 la papaye verte 40ml - Silka\",\"isPartOf\":{\"@id\":\"https:\\\/\\\/kojicskin-europe.com\\\/#website\"},\"primaryImageOfPage\":{\"@id\":\"https:\\\/\\\/kojicskin-europe.com\\\/silka-deodorant-roll-on-a-la-papaye-verte-40ml\\\/#primaryimage\"},\"image\":{\"@id\":\"https:\\\/\\\/kojicskin-europe.com\\\/silka-deodorant-roll-on-a-la-papaye-verte-40ml\\\/#primaryimage\"},\"thumbnailUrl\":\"https:\\\/\\\/kojicskin-europe.com\\\/wp-content\\\/uploads\\\/2024\\\/12\\\/silka-deodorant-eclaircissant-papaye-verte-kojic-skin-europe.webp\",\"datePublished\":\"2025-02-25T18:44:48+00:00\",\"dateModified\":\"2026-03-27T10:41:01+00:00\",\"description\":\"Envie d'une peau des aisselles douce et lumineuse ? Essayez le d\u00e9odorant \u00e0 la papaye verte Silka d\u00e9s aujourd'hui !\",\"breadcrumb\":{\"@id\":\"https:\\\/\\\/kojicskin-europe.com\\\/silka-deodorant-roll-on-a-la-papaye-verte-40ml\\\/#breadcrumb\"},\"inLanguage\":\"nl-NL\",\"potentialAction\":[{\"@type\":\"ReadAction\",\"target\":[\"https:\\\/\\\/kojicskin-europe.com\\\/silka-deodorant-roll-on-a-la-papaye-verte-40ml\\\/\"]}]},{\"@type\":\"ImageObject\",\"inLanguage\":\"nl-NL\",\"@id\":\"https:\\\/\\\/kojicskin-europe.com\\\/silka-deodorant-roll-on-a-la-papaye-verte-40ml\\\/#primaryimage\",\"url\":\"https:\\\/\\\/kojicskin-europe.com\\\/wp-content\\\/uploads\\\/2024\\\/12\\\/silka-deodorant-eclaircissant-papaye-verte-kojic-skin-europe.webp\",\"contentUrl\":\"https:\\\/\\\/kojicskin-europe.com\\\/wp-content\\\/uploads\\\/2024\\\/12\\\/silka-deodorant-eclaircissant-papaye-verte-kojic-skin-europe.webp\",\"width\":800,\"height\":800},{\"@type\":\"BreadcrumbList\",\"@id\":\"https:\\\/\\\/kojicskin-europe.com\\\/silka-deodorant-roll-on-a-la-papaye-verte-40ml\\\/#breadcrumb\",\"itemListElement\":[{\"@type\":\"ListItem\",\"position\":1,\"name\":\"Accueil\",\"item\":\"https:\\\/\\\/kojicskin-europe.com\\\/\"},{\"@type\":\"ListItem\",\"position\":2,\"name\":\"Kojie San\",\"item\":\"https:\\\/\\\/kojicskin-europe.com\\\/kojie-san\\\/\"},{\"@type\":\"ListItem\",\"position\":3,\"name\":\"D\u00e9odorant \u00ab\u00a0Roll-on\u00a0\u00bb \u00e0 la papaye verte 40ml &#8211; Silka\"}]},{\"@type\":\"WebSite\",\"@id\":\"https:\\\/\\\/kojicskin-europe.com\\\/#website\",\"url\":\"https:\\\/\\\/kojicskin-europe.com\\\/\",\"name\":\"Kojic Skin Europe\",\"description\":\"\",\"publisher\":{\"@id\":\"https:\\\/\\\/kojicskin-europe.com\\\/#organization\"},\"potentialAction\":[{\"@type\":\"SearchAction\",\"target\":{\"@type\":\"EntryPoint\",\"urlTemplate\":\"https:\\\/\\\/kojicskin-europe.com\\\/?s={search_term_string}\"},\"query-input\":{\"@type\":\"PropertyValueSpecification\",\"valueRequired\":true,\"valueName\":\"search_term_string\"}}],\"inLanguage\":\"nl-NL\"},{\"@type\":\"Organization\",\"@id\":\"https:\\\/\\\/kojicskin-europe.com\\\/#organization\",\"name\":\"Kojic Skin Europe\",\"url\":\"https:\\\/\\\/kojicskin-europe.com\\\/\",\"logo\":{\"@type\":\"ImageObject\",\"inLanguage\":\"nl-NL\",\"@id\":\"https:\\\/\\\/kojicskin-europe.com\\\/#\\\/schema\\\/logo\\\/image\\\/\",\"url\":\"https:\\\/\\\/kojicskin-europe.com\\\/wp-content\\\/uploads\\\/2024\\\/11\\\/kojic-skin-europe-logo.png\",\"contentUrl\":\"https:\\\/\\\/kojicskin-europe.com\\\/wp-content\\\/uploads\\\/2024\\\/11\\\/kojic-skin-europe-logo.png\",\"width\":2078,\"height\":541,\"caption\":\"Kojic Skin Europe\"},\"image\":{\"@id\":\"https:\\\/\\\/kojicskin-europe.com\\\/#\\\/schema\\\/logo\\\/image\\\/\"}}]}<\/script>\n<!-- \/ Yoast SEO plugin. -->","yoast_head_json":{"title":"Groene Papaja Roll-on Deodorant 40ml - Silka","description":"Op zoek naar een zachte, stralende okselhuid? Probeer dan vandaag nog Silka groene papaja deodorant!","robots":{"index":"index","follow":"follow","max-snippet":"max-snippet:-1","max-image-preview":"max-image-preview:large","max-video-preview":"max-video-preview:-1"},"canonical":"https:\/\/kojicskin-europe.com\/nl\/silka-deodorant-roll-on-groene-papaja-40ml\/","og_locale":"nl_NL","og_type":"article","og_title":"D\u00e9odorant \"Roll-on\" \u00e0 la papaye verte 40ml - Silka","og_description":"Envie d'une peau des aisselles douce et lumineuse ? Essayez le d\u00e9odorant \u00e0 la papaye verte Silka d\u00e9s aujourd'hui !","og_url":"https:\/\/kojicskin-europe.com\/nl\/silka-deodorant-roll-on-groene-papaja-40ml\/","og_site_name":"Kojic Skin Europe","article_modified_time":"2026-03-27T10:41:01+00:00","og_image":[{"width":800,"height":800,"url":"https:\/\/kojicskin-europe.com\/wp-content\/uploads\/2024\/12\/silka-deodorant-eclaircissant-papaye-verte-kojic-skin-europe.webp","type":"image\/webp"}],"twitter_card":"summary_large_image","twitter_misc":{"Geschatte leestijd":"1 minuut"},"schema":{"@context":"https:\/\/schema.org","@graph":[{"@type":"WebPage","@id":"https:\/\/kojicskin-europe.com\/silka-deodorant-roll-on-a-la-papaye-verte-40ml\/","url":"https:\/\/kojicskin-europe.com\/silka-deodorant-roll-on-a-la-papaye-verte-40ml\/","name":"Groene Papaja Roll-on Deodorant 40ml - Silka","isPartOf":{"@id":"https:\/\/kojicskin-europe.com\/#website"},"primaryImageOfPage":{"@id":"https:\/\/kojicskin-europe.com\/silka-deodorant-roll-on-a-la-papaye-verte-40ml\/#primaryimage"},"image":{"@id":"https:\/\/kojicskin-europe.com\/silka-deodorant-roll-on-a-la-papaye-verte-40ml\/#primaryimage"},"thumbnailUrl":"https:\/\/kojicskin-europe.com\/wp-content\/uploads\/2024\/12\/silka-deodorant-eclaircissant-papaye-verte-kojic-skin-europe.webp","datePublished":"2025-02-25T18:44:48+00:00","dateModified":"2026-03-27T10:41:01+00:00","description":"Op zoek naar een zachte, stralende okselhuid? Probeer dan vandaag nog Silka groene papaja deodorant!","breadcrumb":{"@id":"https:\/\/kojicskin-europe.com\/silka-deodorant-roll-on-a-la-papaye-verte-40ml\/#breadcrumb"},"inLanguage":"nl-NL","potentialAction":[{"@type":"ReadAction","target":["https:\/\/kojicskin-europe.com\/silka-deodorant-roll-on-a-la-papaye-verte-40ml\/"]}]},{"@type":"ImageObject","inLanguage":"nl-NL","@id":"https:\/\/kojicskin-europe.com\/silka-deodorant-roll-on-a-la-papaye-verte-40ml\/#primaryimage","url":"https:\/\/kojicskin-europe.com\/wp-content\/uploads\/2024\/12\/silka-deodorant-eclaircissant-papaye-verte-kojic-skin-europe.webp","contentUrl":"https:\/\/kojicskin-europe.com\/wp-content\/uploads\/2024\/12\/silka-deodorant-eclaircissant-papaye-verte-kojic-skin-europe.webp","width":800,"height":800},{"@type":"BreadcrumbList","@id":"https:\/\/kojicskin-europe.com\/silka-deodorant-roll-on-a-la-papaye-verte-40ml\/#breadcrumb","itemListElement":[{"@type":"ListItem","position":1,"name":"Accueil","item":"https:\/\/kojicskin-europe.com\/"},{"@type":"ListItem","position":2,"name":"Kojie San","item":"https:\/\/kojicskin-europe.com\/kojie-san\/"},{"@type":"ListItem","position":3,"name":"D\u00e9odorant \u00ab\u00a0Roll-on\u00a0\u00bb \u00e0 la papaye verte 40ml &#8211; Silka"}]},{"@type":"WebSite","@id":"https:\/\/kojicskin-europe.com\/#website","url":"https:\/\/kojicskin-europe.com\/","name":"Kojic Huid Europa","description":"","publisher":{"@id":"https:\/\/kojicskin-europe.com\/#organization"},"potentialAction":[{"@type":"SearchAction","target":{"@type":"EntryPoint","urlTemplate":"https:\/\/kojicskin-europe.com\/?s={search_term_string}"},"query-input":{"@type":"PropertyValueSpecification","valueRequired":true,"valueName":"search_term_string"}}],"inLanguage":"nl-NL"},{"@type":"Organization","@id":"https:\/\/kojicskin-europe.com\/#organization","name":"Kojic Huid Europa","url":"https:\/\/kojicskin-europe.com\/","logo":{"@type":"ImageObject","inLanguage":"nl-NL","@id":"https:\/\/kojicskin-europe.com\/#\/schema\/logo\/image\/","url":"https:\/\/kojicskin-europe.com\/wp-content\/uploads\/2024\/11\/kojic-skin-europe-logo.png","contentUrl":"https:\/\/kojicskin-europe.com\/wp-content\/uploads\/2024\/11\/kojic-skin-europe-logo.png","width":2078,"height":541,"caption":"Kojic Skin Europe"},"image":{"@id":"https:\/\/kojicskin-europe.com\/#\/schema\/logo\/image\/"}}]}},"_links":{"self":[{"href":"https:\/\/kojicskin-europe.com\/nl\/wp-json\/wp\/v2\/product\/963","targetHints":{"allow":["GET"]}}],"collection":[{"href":"https:\/\/kojicskin-europe.com\/nl\/wp-json\/wp\/v2\/product"}],"about":[{"href":"https:\/\/kojicskin-europe.com\/nl\/wp-json\/wp\/v2\/types\/product"}],"version-history":[{"count":0,"href":"https:\/\/kojicskin-europe.com\/nl\/wp-json\/wp\/v2\/product\/963\/revisions"}],"wp:featuredmedia":[{"embeddable":true,"href":"https:\/\/kojicskin-europe.com\/nl\/wp-json\/wp\/v2\/media\/785"}],"wp:attachment":[{"href":"https:\/\/kojicskin-europe.com\/nl\/wp-json\/wp\/v2\/media?parent=963"}],"wp:term":[{"taxonomy":"product_brand","embeddable":true,"href":"https:\/\/kojicskin-europe.com\/nl\/wp-json\/wp\/v2\/product_brand?post=963"},{"taxonomy":"product_cat","embeddable":true,"href":"https:\/\/kojicskin-europe.com\/nl\/wp-json\/wp\/v2\/product_cat?post=963"},{"taxonomy":"product_tag","embeddable":true,"href":"https:\/\/kojicskin-europe.com\/nl\/wp-json\/wp\/v2\/product_tag?post=963"}],"curies":[{"name":"wp","href":"https:\/\/api.w.org\/{rel}","templated":true}]}}