{"id":39549,"date":"2026-03-31T23:05:17","date_gmt":"2026-03-31T21:05:17","guid":{"rendered":"https:\/\/kojicskin-europe.com\/?post_type=product&#038;p=39549"},"modified":"2026-04-04T12:04:15","modified_gmt":"2026-04-04T10:04:15","slug":"savon-eclaircissant-niacinamide-teint-parfait-100g-kojie-san","status":"publish","type":"product","link":"https:\/\/kojicskin-europe.com\/nl\/savon-eclaircissant-niacinamide-teint-parfait-100g-kojie-san\/","title":{"rendered":"Savon \u00e9claircissant Niacinamide Teint Parfait 100g \u2013 Kojie San"},"content":{"rendered":"<p data-start=\"2884\" data-end=\"3053\">Geschikt voor <strong data-start=\"2893\" data-end=\"2920\">alle huidtypes<\/strong>, le savon \u00e9claircissant <strong data-start=\"2945\" data-end=\"2970\">Kojie San Niacinamide<\/strong> helpen <strong data-start=\"2978\" data-end=\"3022\">am\u00e9liorer l\u2019apparence globale de la peau<\/strong> terwijl <strong data-start=\"3031\" data-end=\"3052\">unifiant le teint<\/strong>.<\/p>\n<p data-start=\"3055\" data-end=\"3269\">Gr\u00e2ce \u00e0 la <strong data-start=\"3066\" data-end=\"3081\">niacinamide<\/strong>, il contribue \u00e0 <strong data-start=\"3098\" data-end=\"3131\">r\u00e9duire l\u2019apparence des pores<\/strong>, \u00e0 <strong data-start=\"3135\" data-end=\"3155\">r\u00e9guler le s\u00e9bum<\/strong> et \u00e0 am\u00e9liorer la <strong data-start=\"3174\" data-end=\"3193\">texture cutan\u00e9e<\/strong>. Associ\u00e9 \u00e0 <strong data-start=\"3205\" data-end=\"3224\">kojinezuur<\/strong>, il agit \u00e9galement sur <strong data-start=\"3248\" data-end=\"3268\">l\u2019\u00e9clat du teint<\/strong>.<\/p>\n<p data-start=\"3271\" data-end=\"3447\">Utilis\u00e9 quotidiennement, il aide \u00e0 rendre la peau <strong data-start=\"3321\" data-end=\"3369\">plus nette, plus \u00e9quilibr\u00e9e et plus homog\u00e8ne<\/strong>. Les savons Kojie San participent \u00e0 la <strong data-start=\"3409\" data-end=\"3446\">r\u00e9duction des taches pigmentaires<\/strong>.<\/p>\n<p data-start=\"3449\" data-end=\"3554\">Id\u00e9al pour les <strong data-start=\"3464\" data-end=\"3490\">peaux mixtes \u00e0 grasses<\/strong>, il laisse la peau <strong data-start=\"3510\" data-end=\"3553\">plus lisse et visiblement plus uniforme<\/strong>.<\/p>","protected":false},"excerpt":{"rendered":"<ul>\n<li><strong><u>KLAARGEMAAKT &amp; VERZONDEN BINNEN 5 DAGEN<\/u><\/strong><\/li>\n<li>Am\u00e9liore visiblement la qualit\u00e9 et la texture de la peau<\/li>\n<li>Aide \u00e0 resserrer les pores et \u00e0 \u00e9quilibrer le s\u00e9bum<\/li>\n<li>Unifie le teint tout en r\u00e9duisant les irr\u00e9gularit\u00e9s<\/li>\n<li>Id\u00e9al pour les peaux mixtes \u00e0 grasses<\/li>\n<li><strong>Formaat:<\/strong> 100 grammes<\/li>\n<\/ul>","protected":false},"featured_media":39590,"template":"","meta":{"ocean_post_layout":"","ocean_both_sidebars_style":"","ocean_both_sidebars_content_width":0,"ocean_both_sidebars_sidebars_width":0,"ocean_sidebar":"0","ocean_second_sidebar":"0","ocean_disable_margins":"enable","ocean_add_body_class":"","ocean_shortcode_before_top_bar":"","ocean_shortcode_after_top_bar":"","ocean_shortcode_before_header":"","ocean_shortcode_after_header":"","ocean_has_shortcode":"","ocean_shortcode_after_title":"","ocean_shortcode_before_footer_widgets":"","ocean_shortcode_after_footer_widgets":"","ocean_shortcode_before_footer_bottom":"","ocean_shortcode_after_footer_bottom":"","ocean_display_top_bar":"default","ocean_display_header":"default","ocean_header_style":"","ocean_center_header_left_menu":"0","ocean_custom_header_template":"0","ocean_custom_logo":0,"ocean_custom_retina_logo":0,"ocean_custom_logo_max_width":0,"ocean_custom_logo_tablet_max_width":0,"ocean_custom_logo_mobile_max_width":0,"ocean_custom_logo_max_height":0,"ocean_custom_logo_tablet_max_height":0,"ocean_custom_logo_mobile_max_height":0,"ocean_header_custom_menu":"0","ocean_menu_typo_font_family":"0","ocean_menu_typo_font_subset":"","ocean_menu_typo_font_size":0,"ocean_menu_typo_font_size_tablet":0,"ocean_menu_typo_font_size_mobile":0,"ocean_menu_typo_font_size_unit":"px","ocean_menu_typo_font_weight":"","ocean_menu_typo_font_weight_tablet":"","ocean_menu_typo_font_weight_mobile":"","ocean_menu_typo_transform":"","ocean_menu_typo_transform_tablet":"","ocean_menu_typo_transform_mobile":"","ocean_menu_typo_line_height":0,"ocean_menu_typo_line_height_tablet":0,"ocean_menu_typo_line_height_mobile":0,"ocean_menu_typo_line_height_unit":"","ocean_menu_typo_spacing":0,"ocean_menu_typo_spacing_tablet":0,"ocean_menu_typo_spacing_mobile":0,"ocean_menu_typo_spacing_unit":"","ocean_menu_link_color":"","ocean_menu_link_color_hover":"","ocean_menu_link_color_active":"","ocean_menu_link_background":"","ocean_menu_link_hover_background":"","ocean_menu_link_active_background":"","ocean_menu_social_links_bg":"","ocean_menu_social_hover_links_bg":"","ocean_menu_social_links_color":"","ocean_menu_social_hover_links_color":"","ocean_disable_title":"default","ocean_disable_heading":"default","ocean_post_title":"","ocean_post_subheading":"","ocean_post_title_style":"","ocean_post_title_background_color":"","ocean_post_title_background":0,"ocean_post_title_bg_image_position":"","ocean_post_title_bg_image_attachment":"","ocean_post_title_bg_image_repeat":"","ocean_post_title_bg_image_size":"","ocean_post_title_height":0,"ocean_post_title_bg_overlay":0.5,"ocean_post_title_bg_overlay_color":"","ocean_disable_breadcrumbs":"default","ocean_breadcrumbs_color":"","ocean_breadcrumbs_separator_color":"","ocean_breadcrumbs_links_color":"","ocean_breadcrumbs_links_hover_color":"","ocean_display_footer_widgets":"default","ocean_display_footer_bottom":"default","ocean_custom_footer_template":"0"},"product_brand":[],"product_cat":[23,17],"product_tag":[],"class_list":{"0":"post-39549","1":"product","2":"type-product","3":"status-publish","4":"has-post-thumbnail","6":"product_cat-kojie-san","7":"product_cat-kojie-san-savons","9":"entry","10":"has-media","12":"first","13":"instock","14":"taxable","15":"shipping-taxable","16":"purchasable","17":"product-type-simple","18":"has-product-nav","19":"col","20":"span_1_of_3","21":"owp-content-center","22":"owp-thumbs-layout-horizontal","23":"owp-btn-normal","24":"owp-tabs-layout-horizontal","25":"has-no-thumbnails"},"yoast_head":"<!-- This site is optimized with the Yoast SEO plugin v27.3 - https:\/\/yoast.com\/product\/yoast-seo-wordpress\/ -->\n<title>Savon \u00e9claircissant Niacinamide Teint Parfait 100g \u2013 Kojie San<\/title>\n<meta name=\"description\" content=\"Sp\u00e9cialement adapt\u00e9 aux peaux mixtes \u00e0 grasses, ce savon Kojie San r\u00e9duit les pores et unifie le teint en douceur.\" \/>\n<meta name=\"robots\" content=\"index, follow, max-snippet:-1, max-image-preview:large, max-video-preview:-1\" \/>\n<link rel=\"canonical\" href=\"https:\/\/kojicskin-europe.com\/nl\/savon-eclaircissant-niacinamide-teint-parfait-100g-kojie-san\/\" \/>\n<meta property=\"og:locale\" content=\"nl_NL\" \/>\n<meta property=\"og:type\" content=\"article\" \/>\n<meta property=\"og:title\" content=\"Savon \u00e9claircissant Niacinamide Teint Parfait 100g \u2013 Kojie San\" \/>\n<meta property=\"og:description\" content=\"Sp\u00e9cialement adapt\u00e9 aux peaux mixtes \u00e0 grasses, ce savon Kojie San r\u00e9duit les pores et unifie le teint en douceur.\" \/>\n<meta property=\"og:url\" content=\"https:\/\/kojicskin-europe.com\/nl\/savon-eclaircissant-niacinamide-teint-parfait-100g-kojie-san\/\" \/>\n<meta property=\"og:site_name\" content=\"Kojic Skin Europe\" \/>\n<meta property=\"article:modified_time\" content=\"2026-04-04T10:04:15+00:00\" \/>\n<meta property=\"og:image\" content=\"https:\/\/kojicskin-europe.com\/wp-content\/uploads\/2026\/03\/kojie-san-savon-eclaircissant-a-la-niacinamide-100g.webp\" \/>\n\t<meta property=\"og:image:width\" content=\"800\" \/>\n\t<meta property=\"og:image:height\" content=\"800\" \/>\n\t<meta property=\"og:image:type\" content=\"image\/webp\" \/>\n<meta name=\"twitter:card\" content=\"summary_large_image\" \/>\n<meta name=\"twitter:label1\" content=\"Geschatte leestijd\" \/>\n\t<meta name=\"twitter:data1\" content=\"1 minuut\" \/>\n<script type=\"application\/ld+json\" class=\"yoast-schema-graph\">{\"@context\":\"https:\\\/\\\/schema.org\",\"@graph\":[{\"@type\":\"WebPage\",\"@id\":\"https:\\\/\\\/kojicskin-europe.com\\\/savon-eclaircissant-niacinamide-teint-parfait-100g-kojie-san\\\/\",\"url\":\"https:\\\/\\\/kojicskin-europe.com\\\/savon-eclaircissant-niacinamide-teint-parfait-100g-kojie-san\\\/\",\"name\":\"Savon \u00e9claircissant Niacinamide Teint Parfait 100g \u2013 Kojie San\",\"isPartOf\":{\"@id\":\"https:\\\/\\\/kojicskin-europe.com\\\/#website\"},\"primaryImageOfPage\":{\"@id\":\"https:\\\/\\\/kojicskin-europe.com\\\/savon-eclaircissant-niacinamide-teint-parfait-100g-kojie-san\\\/#primaryimage\"},\"image\":{\"@id\":\"https:\\\/\\\/kojicskin-europe.com\\\/savon-eclaircissant-niacinamide-teint-parfait-100g-kojie-san\\\/#primaryimage\"},\"thumbnailUrl\":\"https:\\\/\\\/kojicskin-europe.com\\\/wp-content\\\/uploads\\\/2026\\\/03\\\/kojie-san-savon-eclaircissant-a-la-niacinamide-100g.webp\",\"datePublished\":\"2026-03-31T21:05:17+00:00\",\"dateModified\":\"2026-04-04T10:04:15+00:00\",\"description\":\"Sp\u00e9cialement adapt\u00e9 aux peaux mixtes \u00e0 grasses, ce savon Kojie San r\u00e9duit les pores et unifie le teint en douceur.\",\"breadcrumb\":{\"@id\":\"https:\\\/\\\/kojicskin-europe.com\\\/savon-eclaircissant-niacinamide-teint-parfait-100g-kojie-san\\\/#breadcrumb\"},\"inLanguage\":\"nl-NL\",\"potentialAction\":[{\"@type\":\"ReadAction\",\"target\":[\"https:\\\/\\\/kojicskin-europe.com\\\/savon-eclaircissant-niacinamide-teint-parfait-100g-kojie-san\\\/\"]}]},{\"@type\":\"ImageObject\",\"inLanguage\":\"nl-NL\",\"@id\":\"https:\\\/\\\/kojicskin-europe.com\\\/savon-eclaircissant-niacinamide-teint-parfait-100g-kojie-san\\\/#primaryimage\",\"url\":\"https:\\\/\\\/kojicskin-europe.com\\\/wp-content\\\/uploads\\\/2026\\\/03\\\/kojie-san-savon-eclaircissant-a-la-niacinamide-100g.webp\",\"contentUrl\":\"https:\\\/\\\/kojicskin-europe.com\\\/wp-content\\\/uploads\\\/2026\\\/03\\\/kojie-san-savon-eclaircissant-a-la-niacinamide-100g.webp\",\"width\":800,\"height\":800},{\"@type\":\"BreadcrumbList\",\"@id\":\"https:\\\/\\\/kojicskin-europe.com\\\/savon-eclaircissant-niacinamide-teint-parfait-100g-kojie-san\\\/#breadcrumb\",\"itemListElement\":[{\"@type\":\"ListItem\",\"position\":1,\"name\":\"Accueil\",\"item\":\"https:\\\/\\\/kojicskin-europe.com\\\/\"},{\"@type\":\"ListItem\",\"position\":2,\"name\":\"Kojie San\",\"item\":\"https:\\\/\\\/kojicskin-europe.com\\\/kojie-san\\\/\"},{\"@type\":\"ListItem\",\"position\":3,\"name\":\"Savon \u00e9claircissant Niacinamide Teint Parfait 100g \u2013 Kojie San\"}]},{\"@type\":\"WebSite\",\"@id\":\"https:\\\/\\\/kojicskin-europe.com\\\/#website\",\"url\":\"https:\\\/\\\/kojicskin-europe.com\\\/\",\"name\":\"Kojic Skin Europe\",\"description\":\"\",\"publisher\":{\"@id\":\"https:\\\/\\\/kojicskin-europe.com\\\/#organization\"},\"potentialAction\":[{\"@type\":\"SearchAction\",\"target\":{\"@type\":\"EntryPoint\",\"urlTemplate\":\"https:\\\/\\\/kojicskin-europe.com\\\/?s={search_term_string}\"},\"query-input\":{\"@type\":\"PropertyValueSpecification\",\"valueRequired\":true,\"valueName\":\"search_term_string\"}}],\"inLanguage\":\"nl-NL\"},{\"@type\":\"Organization\",\"@id\":\"https:\\\/\\\/kojicskin-europe.com\\\/#organization\",\"name\":\"Kojic Skin Europe\",\"url\":\"https:\\\/\\\/kojicskin-europe.com\\\/\",\"logo\":{\"@type\":\"ImageObject\",\"inLanguage\":\"nl-NL\",\"@id\":\"https:\\\/\\\/kojicskin-europe.com\\\/#\\\/schema\\\/logo\\\/image\\\/\",\"url\":\"https:\\\/\\\/kojicskin-europe.com\\\/wp-content\\\/uploads\\\/2024\\\/11\\\/kojic-skin-europe-logo.png\",\"contentUrl\":\"https:\\\/\\\/kojicskin-europe.com\\\/wp-content\\\/uploads\\\/2024\\\/11\\\/kojic-skin-europe-logo.png\",\"width\":2078,\"height\":541,\"caption\":\"Kojic Skin Europe\"},\"image\":{\"@id\":\"https:\\\/\\\/kojicskin-europe.com\\\/#\\\/schema\\\/logo\\\/image\\\/\"}}]}<\/script>\n<!-- \/ Yoast SEO plugin. -->","yoast_head_json":{"title":"Savon \u00e9claircissant Niacinamide Teint Parfait 100g \u2013 Kojie San","description":"Sp\u00e9cialement adapt\u00e9 aux peaux mixtes \u00e0 grasses, ce savon Kojie San r\u00e9duit les pores et unifie le teint en douceur.","robots":{"index":"index","follow":"follow","max-snippet":"max-snippet:-1","max-image-preview":"max-image-preview:large","max-video-preview":"max-video-preview:-1"},"canonical":"https:\/\/kojicskin-europe.com\/nl\/savon-eclaircissant-niacinamide-teint-parfait-100g-kojie-san\/","og_locale":"nl_NL","og_type":"article","og_title":"Savon \u00e9claircissant Niacinamide Teint Parfait 100g \u2013 Kojie San","og_description":"Sp\u00e9cialement adapt\u00e9 aux peaux mixtes \u00e0 grasses, ce savon Kojie San r\u00e9duit les pores et unifie le teint en douceur.","og_url":"https:\/\/kojicskin-europe.com\/nl\/savon-eclaircissant-niacinamide-teint-parfait-100g-kojie-san\/","og_site_name":"Kojic Skin Europe","article_modified_time":"2026-04-04T10:04:15+00:00","og_image":[{"width":800,"height":800,"url":"https:\/\/kojicskin-europe.com\/wp-content\/uploads\/2026\/03\/kojie-san-savon-eclaircissant-a-la-niacinamide-100g.webp","type":"image\/webp"}],"twitter_card":"summary_large_image","twitter_misc":{"Geschatte leestijd":"1 minuut"},"schema":{"@context":"https:\/\/schema.org","@graph":[{"@type":"WebPage","@id":"https:\/\/kojicskin-europe.com\/savon-eclaircissant-niacinamide-teint-parfait-100g-kojie-san\/","url":"https:\/\/kojicskin-europe.com\/savon-eclaircissant-niacinamide-teint-parfait-100g-kojie-san\/","name":"Savon \u00e9claircissant Niacinamide Teint Parfait 100g \u2013 Kojie San","isPartOf":{"@id":"https:\/\/kojicskin-europe.com\/#website"},"primaryImageOfPage":{"@id":"https:\/\/kojicskin-europe.com\/savon-eclaircissant-niacinamide-teint-parfait-100g-kojie-san\/#primaryimage"},"image":{"@id":"https:\/\/kojicskin-europe.com\/savon-eclaircissant-niacinamide-teint-parfait-100g-kojie-san\/#primaryimage"},"thumbnailUrl":"https:\/\/kojicskin-europe.com\/wp-content\/uploads\/2026\/03\/kojie-san-savon-eclaircissant-a-la-niacinamide-100g.webp","datePublished":"2026-03-31T21:05:17+00:00","dateModified":"2026-04-04T10:04:15+00:00","description":"Sp\u00e9cialement adapt\u00e9 aux peaux mixtes \u00e0 grasses, ce savon Kojie San r\u00e9duit les pores et unifie le teint en douceur.","breadcrumb":{"@id":"https:\/\/kojicskin-europe.com\/savon-eclaircissant-niacinamide-teint-parfait-100g-kojie-san\/#breadcrumb"},"inLanguage":"nl-NL","potentialAction":[{"@type":"ReadAction","target":["https:\/\/kojicskin-europe.com\/savon-eclaircissant-niacinamide-teint-parfait-100g-kojie-san\/"]}]},{"@type":"ImageObject","inLanguage":"nl-NL","@id":"https:\/\/kojicskin-europe.com\/savon-eclaircissant-niacinamide-teint-parfait-100g-kojie-san\/#primaryimage","url":"https:\/\/kojicskin-europe.com\/wp-content\/uploads\/2026\/03\/kojie-san-savon-eclaircissant-a-la-niacinamide-100g.webp","contentUrl":"https:\/\/kojicskin-europe.com\/wp-content\/uploads\/2026\/03\/kojie-san-savon-eclaircissant-a-la-niacinamide-100g.webp","width":800,"height":800},{"@type":"BreadcrumbList","@id":"https:\/\/kojicskin-europe.com\/savon-eclaircissant-niacinamide-teint-parfait-100g-kojie-san\/#breadcrumb","itemListElement":[{"@type":"ListItem","position":1,"name":"Accueil","item":"https:\/\/kojicskin-europe.com\/"},{"@type":"ListItem","position":2,"name":"Kojie San","item":"https:\/\/kojicskin-europe.com\/kojie-san\/"},{"@type":"ListItem","position":3,"name":"Savon \u00e9claircissant Niacinamide Teint Parfait 100g \u2013 Kojie San"}]},{"@type":"WebSite","@id":"https:\/\/kojicskin-europe.com\/#website","url":"https:\/\/kojicskin-europe.com\/","name":"Kojic Huid Europa","description":"","publisher":{"@id":"https:\/\/kojicskin-europe.com\/#organization"},"potentialAction":[{"@type":"SearchAction","target":{"@type":"EntryPoint","urlTemplate":"https:\/\/kojicskin-europe.com\/?s={search_term_string}"},"query-input":{"@type":"PropertyValueSpecification","valueRequired":true,"valueName":"search_term_string"}}],"inLanguage":"nl-NL"},{"@type":"Organization","@id":"https:\/\/kojicskin-europe.com\/#organization","name":"Kojic Huid Europa","url":"https:\/\/kojicskin-europe.com\/","logo":{"@type":"ImageObject","inLanguage":"nl-NL","@id":"https:\/\/kojicskin-europe.com\/#\/schema\/logo\/image\/","url":"https:\/\/kojicskin-europe.com\/wp-content\/uploads\/2024\/11\/kojic-skin-europe-logo.png","contentUrl":"https:\/\/kojicskin-europe.com\/wp-content\/uploads\/2024\/11\/kojic-skin-europe-logo.png","width":2078,"height":541,"caption":"Kojic Skin Europe"},"image":{"@id":"https:\/\/kojicskin-europe.com\/#\/schema\/logo\/image\/"}}]}},"_links":{"self":[{"href":"https:\/\/kojicskin-europe.com\/nl\/wp-json\/wp\/v2\/product\/39549","targetHints":{"allow":["GET"]}}],"collection":[{"href":"https:\/\/kojicskin-europe.com\/nl\/wp-json\/wp\/v2\/product"}],"about":[{"href":"https:\/\/kojicskin-europe.com\/nl\/wp-json\/wp\/v2\/types\/product"}],"version-history":[{"count":1,"href":"https:\/\/kojicskin-europe.com\/nl\/wp-json\/wp\/v2\/product\/39549\/revisions"}],"predecessor-version":[{"id":39551,"href":"https:\/\/kojicskin-europe.com\/nl\/wp-json\/wp\/v2\/product\/39549\/revisions\/39551"}],"wp:featuredmedia":[{"embeddable":true,"href":"https:\/\/kojicskin-europe.com\/nl\/wp-json\/wp\/v2\/media\/39590"}],"wp:attachment":[{"href":"https:\/\/kojicskin-europe.com\/nl\/wp-json\/wp\/v2\/media?parent=39549"}],"wp:term":[{"taxonomy":"product_brand","embeddable":true,"href":"https:\/\/kojicskin-europe.com\/nl\/wp-json\/wp\/v2\/product_brand?post=39549"},{"taxonomy":"product_cat","embeddable":true,"href":"https:\/\/kojicskin-europe.com\/nl\/wp-json\/wp\/v2\/product_cat?post=39549"},{"taxonomy":"product_tag","embeddable":true,"href":"https:\/\/kojicskin-europe.com\/nl\/wp-json\/wp\/v2\/product_tag?post=39549"}],"curies":[{"name":"wp","href":"https:\/\/api.w.org\/{rel}","templated":true}]}}