{"id":153,"date":"2024-09-14T15:27:08","date_gmt":"2024-09-14T15:27:08","guid":{"rendered":"http:\/\/kojic-skin-europe.local\/?post_type=product&#038;p=153"},"modified":"2026-04-11T15:58:35","modified_gmt":"2026-04-11T13:58:35","slug":"pak-2-anti-verouderingszepen-dream-white-kojie-san-2x135g","status":"publish","type":"product","link":"https:\/\/kojicskin-europe.com\/nl\/pack-2-savons-anti-age-dream-white-kojie-san-2x135g\/","title":{"rendered":"2 \"Dream White\" anti-verouderingszepen 2x135g - Kojie San"},"content":{"rendered":"<p><strong>Verander je huidverzorgingsroutine met de Dream White Anti-Aging Soap 2 Pack - 2x135g<\/strong><\/p>\n<p><strong>Ontdek de Dream White Anti-Ageing Soap 2 Pack<\/strong> \"Anti-Aging Zeep, een uitzonderlijk product van <strong>Kojie San<\/strong>verkocht door <strong>Kojic Huid Europa<\/strong>de offici\u00eble Europese verkoper van het gerenommeerde Aziatische merk. Dompel jezelf onder in de zoete geur van vanille met deze verhelderende en antiverouderende zepen, ontworpen om je huid te verhelderen en de tekenen van veroudering te vertragen.<\/p>\n<p><strong>Voordelen van het product:<\/strong><\/p>\n<ul>\n<li><strong>Verrijkt met collageen en elastine<\/strong> Kojie San Dream White Soap helpt je huid herstellen en verjongen.<\/li>\n<li><strong>Kojizuur<\/strong> Zorgt voor celvernieuwing en onthult een heldere, egale huid.<\/li>\n<li><strong>Vanille geur<\/strong> Baden in de warme, zoete geur van vanille voor een aangename behandelingservaring.<\/li>\n<li><strong>Verlichtend effect<\/strong> Ontworpen om je huid te verlichten en de tekenen van veroudering te verminderen.<\/li>\n<\/ul>\n<p><strong>Waarom kiezen voor Kojie San's Dream White Anti-Ageing Soap 2 Pack?<\/strong><\/p>\n<ul>\n<li><strong>Authentieke kwaliteit<\/strong> Product verkocht door Kojic Skin Europe, de exclusieve distributeur van het merk Kojie San in Europa, dat authentieke producten van hoge kwaliteit garandeert.<\/li>\n<li><strong>Herstel en verjonging<\/strong> Dankzij actieve ingredi\u00ebnten zoals collageen en elastine helpt deze zeep je huid te herstellen en te verjongen.<\/li>\n<li><strong>Celvernieuwing<\/strong> Kojizuur zorgt voor effectieve celvernieuwing, helpt de huid te verhelderen en egaliseert de teint.<\/li>\n<\/ul>\n<p><strong>Vertrouw op Kojic Skin Europe<\/strong><\/p>","protected":false},"excerpt":{"rendered":"<ul>\n<li><strong>KLAARGEMAAKT &amp; VERZONDEN BINNEN 5 DAGEN<\/strong><\/li>\n<li><strong>Date d&rsquo;expiration : 16 mai 2026<\/strong><\/li>\n<li>Echt 100 % product van Kojie San<\/li>\n<li>Product op basis van kojinezuur, collageen en elastine<\/li>\n<li>Product verkocht in verpakkingen<\/li>\n<li>Vedu by Kojic Skin - Europa, de offici\u00eble Kojie San winkel.<\/li>\n<li><strong>Formaat<\/strong> : 2x135g<\/li>\n<\/ul>","protected":false},"featured_media":32947,"template":"","meta":{"ocean_post_layout":"","ocean_both_sidebars_style":"","ocean_both_sidebars_content_width":0,"ocean_both_sidebars_sidebars_width":0,"ocean_sidebar":"0","ocean_second_sidebar":"0","ocean_disable_margins":"enable","ocean_add_body_class":"","ocean_shortcode_before_top_bar":"","ocean_shortcode_after_top_bar":"","ocean_shortcode_before_header":"","ocean_shortcode_after_header":"","ocean_has_shortcode":"","ocean_shortcode_after_title":"","ocean_shortcode_before_footer_widgets":"","ocean_shortcode_after_footer_widgets":"","ocean_shortcode_before_footer_bottom":"","ocean_shortcode_after_footer_bottom":"","ocean_display_top_bar":"default","ocean_display_header":"default","ocean_header_style":"","ocean_center_header_left_menu":"0","ocean_custom_header_template":"0","ocean_custom_logo":0,"ocean_custom_retina_logo":0,"ocean_custom_logo_max_width":0,"ocean_custom_logo_tablet_max_width":0,"ocean_custom_logo_mobile_max_width":0,"ocean_custom_logo_max_height":0,"ocean_custom_logo_tablet_max_height":0,"ocean_custom_logo_mobile_max_height":0,"ocean_header_custom_menu":"0","ocean_menu_typo_font_family":"0","ocean_menu_typo_font_subset":"","ocean_menu_typo_font_size":0,"ocean_menu_typo_font_size_tablet":0,"ocean_menu_typo_font_size_mobile":0,"ocean_menu_typo_font_size_unit":"px","ocean_menu_typo_font_weight":"","ocean_menu_typo_font_weight_tablet":"","ocean_menu_typo_font_weight_mobile":"","ocean_menu_typo_transform":"","ocean_menu_typo_transform_tablet":"","ocean_menu_typo_transform_mobile":"","ocean_menu_typo_line_height":0,"ocean_menu_typo_line_height_tablet":0,"ocean_menu_typo_line_height_mobile":0,"ocean_menu_typo_line_height_unit":"","ocean_menu_typo_spacing":0,"ocean_menu_typo_spacing_tablet":0,"ocean_menu_typo_spacing_mobile":0,"ocean_menu_typo_spacing_unit":"","ocean_menu_link_color":"","ocean_menu_link_color_hover":"","ocean_menu_link_color_active":"","ocean_menu_link_background":"","ocean_menu_link_hover_background":"","ocean_menu_link_active_background":"","ocean_menu_social_links_bg":"","ocean_menu_social_hover_links_bg":"","ocean_menu_social_links_color":"","ocean_menu_social_hover_links_color":"","ocean_disable_title":"default","ocean_disable_heading":"default","ocean_post_title":"","ocean_post_subheading":"","ocean_post_title_style":"","ocean_post_title_background_color":"","ocean_post_title_background":0,"ocean_post_title_bg_image_position":"","ocean_post_title_bg_image_attachment":"","ocean_post_title_bg_image_repeat":"","ocean_post_title_bg_image_size":"","ocean_post_title_height":0,"ocean_post_title_bg_overlay":0,"ocean_post_title_bg_overlay_color":"","ocean_disable_breadcrumbs":"default","ocean_breadcrumbs_color":"","ocean_breadcrumbs_separator_color":"","ocean_breadcrumbs_links_color":"","ocean_breadcrumbs_links_hover_color":"","ocean_display_footer_widgets":"default","ocean_display_footer_bottom":"default","ocean_custom_footer_template":"0"},"product_brand":[],"product_cat":[23,17],"product_tag":[],"class_list":{"0":"post-153","1":"product","2":"type-product","3":"status-publish","4":"has-post-thumbnail","6":"product_cat-kojie-san","7":"product_cat-kojie-san-savons","9":"entry","10":"has-media","12":"first","13":"instock","14":"sale","15":"taxable","16":"shipping-taxable","17":"purchasable","18":"product-type-simple","19":"has-product-nav","20":"col","21":"span_1_of_3","22":"owp-content-center","23":"owp-thumbs-layout-horizontal","24":"owp-btn-normal","25":"owp-tabs-layout-horizontal","26":"has-no-thumbnails"},"yoast_head":"<!-- This site is optimized with the Yoast SEO plugin v27.3 - https:\/\/yoast.com\/product\/yoast-seo-wordpress\/ -->\n<title>2 savons anti-\u00e2ge &quot;Dream White&quot; 2x135g - Kojie San<\/title>\n<meta name=\"description\" content=\"Envie d&#039;illuminer votre peau et ralentir les signes de l&#039;\u00e2ge ? D\u00e9couvrez le Pack 2 Savons anti-\u00e2ge Dream White vendu par Kojic Skin Europe !\" \/>\n<meta name=\"robots\" content=\"index, follow, max-snippet:-1, max-image-preview:large, max-video-preview:-1\" \/>\n<link rel=\"canonical\" href=\"https:\/\/kojicskin-europe.com\/nl\/pak-2-anti-verouderingszepen-dream-white-kojie-san-2x135g\/\" \/>\n<meta property=\"og:locale\" content=\"nl_NL\" \/>\n<meta property=\"og:type\" content=\"article\" \/>\n<meta property=\"og:title\" content=\"2 savons anti-\u00e2ge &quot;Dream White&quot; 2x135g - Kojie San\" \/>\n<meta property=\"og:description\" content=\"Envie d&#039;illuminer votre peau et ralentir les signes de l&#039;\u00e2ge ? D\u00e9couvrez le Pack 2 Savons anti-\u00e2ge Dream White vendu par Kojic Skin Europe !\" \/>\n<meta property=\"og:url\" content=\"https:\/\/kojicskin-europe.com\/nl\/pak-2-anti-verouderingszepen-dream-white-kojie-san-2x135g\/\" \/>\n<meta property=\"og:site_name\" content=\"Kojic Skin Europe\" \/>\n<meta property=\"article:modified_time\" content=\"2026-04-11T13:58:35+00:00\" \/>\n<meta property=\"og:image\" content=\"https:\/\/kojicskin-europe.com\/wp-content\/uploads\/2025\/02\/2-savons-135g-dream-white-kojie-san-date-courte-1.png\" \/>\n\t<meta property=\"og:image:width\" content=\"800\" \/>\n\t<meta property=\"og:image:height\" content=\"800\" \/>\n\t<meta property=\"og:image:type\" content=\"image\/png\" \/>\n<meta name=\"twitter:card\" content=\"summary_large_image\" \/>\n<meta name=\"twitter:label1\" content=\"Geschatte leestijd\" \/>\n\t<meta name=\"twitter:data1\" content=\"2 minuten\" \/>\n<script type=\"application\/ld+json\" class=\"yoast-schema-graph\">{\"@context\":\"https:\\\/\\\/schema.org\",\"@graph\":[{\"@type\":\"WebPage\",\"@id\":\"https:\\\/\\\/kojicskin-europe.com\\\/pack-2-savons-anti-age-dream-white-kojie-san-2x135g\\\/\",\"url\":\"https:\\\/\\\/kojicskin-europe.com\\\/pack-2-savons-anti-age-dream-white-kojie-san-2x135g\\\/\",\"name\":\"2 savons anti-\u00e2ge \\\"Dream White\\\" 2x135g - Kojie San\",\"isPartOf\":{\"@id\":\"https:\\\/\\\/kojicskin-europe.com\\\/#website\"},\"primaryImageOfPage\":{\"@id\":\"https:\\\/\\\/kojicskin-europe.com\\\/pack-2-savons-anti-age-dream-white-kojie-san-2x135g\\\/#primaryimage\"},\"image\":{\"@id\":\"https:\\\/\\\/kojicskin-europe.com\\\/pack-2-savons-anti-age-dream-white-kojie-san-2x135g\\\/#primaryimage\"},\"thumbnailUrl\":\"https:\\\/\\\/kojicskin-europe.com\\\/wp-content\\\/uploads\\\/2025\\\/02\\\/2-savons-135g-dream-white-kojie-san-date-courte-1.png\",\"datePublished\":\"2024-09-14T15:27:08+00:00\",\"dateModified\":\"2026-04-11T13:58:35+00:00\",\"description\":\"Envie d'illuminer votre peau et ralentir les signes de l'\u00e2ge ? D\u00e9couvrez le Pack 2 Savons anti-\u00e2ge Dream White vendu par Kojic Skin Europe !\",\"breadcrumb\":{\"@id\":\"https:\\\/\\\/kojicskin-europe.com\\\/pack-2-savons-anti-age-dream-white-kojie-san-2x135g\\\/#breadcrumb\"},\"inLanguage\":\"nl-NL\",\"potentialAction\":[{\"@type\":\"ReadAction\",\"target\":[\"https:\\\/\\\/kojicskin-europe.com\\\/pack-2-savons-anti-age-dream-white-kojie-san-2x135g\\\/\"]}]},{\"@type\":\"ImageObject\",\"inLanguage\":\"nl-NL\",\"@id\":\"https:\\\/\\\/kojicskin-europe.com\\\/pack-2-savons-anti-age-dream-white-kojie-san-2x135g\\\/#primaryimage\",\"url\":\"https:\\\/\\\/kojicskin-europe.com\\\/wp-content\\\/uploads\\\/2025\\\/02\\\/2-savons-135g-dream-white-kojie-san-date-courte-1.png\",\"contentUrl\":\"https:\\\/\\\/kojicskin-europe.com\\\/wp-content\\\/uploads\\\/2025\\\/02\\\/2-savons-135g-dream-white-kojie-san-date-courte-1.png\",\"width\":800,\"height\":800},{\"@type\":\"BreadcrumbList\",\"@id\":\"https:\\\/\\\/kojicskin-europe.com\\\/pack-2-savons-anti-age-dream-white-kojie-san-2x135g\\\/#breadcrumb\",\"itemListElement\":[{\"@type\":\"ListItem\",\"position\":1,\"name\":\"Accueil\",\"item\":\"https:\\\/\\\/kojicskin-europe.com\\\/\"},{\"@type\":\"ListItem\",\"position\":2,\"name\":\"Kojie San\",\"item\":\"https:\\\/\\\/kojicskin-europe.com\\\/kojie-san\\\/\"},{\"@type\":\"ListItem\",\"position\":3,\"name\":\"2 savons anti-\u00e2ge \u00ab\u00a0Dream White\u00a0\u00bb 2x135g &#8211; Kojie San\"}]},{\"@type\":\"WebSite\",\"@id\":\"https:\\\/\\\/kojicskin-europe.com\\\/#website\",\"url\":\"https:\\\/\\\/kojicskin-europe.com\\\/\",\"name\":\"Kojic Skin Europe\",\"description\":\"\",\"publisher\":{\"@id\":\"https:\\\/\\\/kojicskin-europe.com\\\/#organization\"},\"potentialAction\":[{\"@type\":\"SearchAction\",\"target\":{\"@type\":\"EntryPoint\",\"urlTemplate\":\"https:\\\/\\\/kojicskin-europe.com\\\/?s={search_term_string}\"},\"query-input\":{\"@type\":\"PropertyValueSpecification\",\"valueRequired\":true,\"valueName\":\"search_term_string\"}}],\"inLanguage\":\"nl-NL\"},{\"@type\":\"Organization\",\"@id\":\"https:\\\/\\\/kojicskin-europe.com\\\/#organization\",\"name\":\"Kojic Skin Europe\",\"url\":\"https:\\\/\\\/kojicskin-europe.com\\\/\",\"logo\":{\"@type\":\"ImageObject\",\"inLanguage\":\"nl-NL\",\"@id\":\"https:\\\/\\\/kojicskin-europe.com\\\/#\\\/schema\\\/logo\\\/image\\\/\",\"url\":\"https:\\\/\\\/kojicskin-europe.com\\\/wp-content\\\/uploads\\\/2024\\\/11\\\/kojic-skin-europe-logo.png\",\"contentUrl\":\"https:\\\/\\\/kojicskin-europe.com\\\/wp-content\\\/uploads\\\/2024\\\/11\\\/kojic-skin-europe-logo.png\",\"width\":2078,\"height\":541,\"caption\":\"Kojic Skin Europe\"},\"image\":{\"@id\":\"https:\\\/\\\/kojicskin-europe.com\\\/#\\\/schema\\\/logo\\\/image\\\/\"}}]}<\/script>\n<!-- \/ Yoast SEO plugin. -->","yoast_head_json":{"title":"2 \"Dream White\" anti-verouderingszepen 2x135g - Kojie San","description":"Wil je je huid opfleuren en de tekenen van veroudering vertragen? Ontdek de Dream White anti-ageing zeep 2 pack verkocht door Kojic Skin Europe!","robots":{"index":"index","follow":"follow","max-snippet":"max-snippet:-1","max-image-preview":"max-image-preview:large","max-video-preview":"max-video-preview:-1"},"canonical":"https:\/\/kojicskin-europe.com\/nl\/pak-2-anti-verouderingszepen-dream-white-kojie-san-2x135g\/","og_locale":"nl_NL","og_type":"article","og_title":"2 savons anti-\u00e2ge \"Dream White\" 2x135g - Kojie San","og_description":"Envie d'illuminer votre peau et ralentir les signes de l'\u00e2ge ? D\u00e9couvrez le Pack 2 Savons anti-\u00e2ge Dream White vendu par Kojic Skin Europe !","og_url":"https:\/\/kojicskin-europe.com\/nl\/pak-2-anti-verouderingszepen-dream-white-kojie-san-2x135g\/","og_site_name":"Kojic Skin Europe","article_modified_time":"2026-04-11T13:58:35+00:00","og_image":[{"width":800,"height":800,"url":"https:\/\/kojicskin-europe.com\/wp-content\/uploads\/2025\/02\/2-savons-135g-dream-white-kojie-san-date-courte-1.png","type":"image\/png"}],"twitter_card":"summary_large_image","twitter_misc":{"Geschatte leestijd":"2 minuten"},"schema":{"@context":"https:\/\/schema.org","@graph":[{"@type":"WebPage","@id":"https:\/\/kojicskin-europe.com\/pack-2-savons-anti-age-dream-white-kojie-san-2x135g\/","url":"https:\/\/kojicskin-europe.com\/pack-2-savons-anti-age-dream-white-kojie-san-2x135g\/","name":"2 \"Dream White\" anti-verouderingszepen 2x135g - Kojie San","isPartOf":{"@id":"https:\/\/kojicskin-europe.com\/#website"},"primaryImageOfPage":{"@id":"https:\/\/kojicskin-europe.com\/pack-2-savons-anti-age-dream-white-kojie-san-2x135g\/#primaryimage"},"image":{"@id":"https:\/\/kojicskin-europe.com\/pack-2-savons-anti-age-dream-white-kojie-san-2x135g\/#primaryimage"},"thumbnailUrl":"https:\/\/kojicskin-europe.com\/wp-content\/uploads\/2025\/02\/2-savons-135g-dream-white-kojie-san-date-courte-1.png","datePublished":"2024-09-14T15:27:08+00:00","dateModified":"2026-04-11T13:58:35+00:00","description":"Wil je je huid opfleuren en de tekenen van veroudering vertragen? Ontdek de Dream White anti-ageing zeep 2 pack verkocht door Kojic Skin Europe!","breadcrumb":{"@id":"https:\/\/kojicskin-europe.com\/pack-2-savons-anti-age-dream-white-kojie-san-2x135g\/#breadcrumb"},"inLanguage":"nl-NL","potentialAction":[{"@type":"ReadAction","target":["https:\/\/kojicskin-europe.com\/pack-2-savons-anti-age-dream-white-kojie-san-2x135g\/"]}]},{"@type":"ImageObject","inLanguage":"nl-NL","@id":"https:\/\/kojicskin-europe.com\/pack-2-savons-anti-age-dream-white-kojie-san-2x135g\/#primaryimage","url":"https:\/\/kojicskin-europe.com\/wp-content\/uploads\/2025\/02\/2-savons-135g-dream-white-kojie-san-date-courte-1.png","contentUrl":"https:\/\/kojicskin-europe.com\/wp-content\/uploads\/2025\/02\/2-savons-135g-dream-white-kojie-san-date-courte-1.png","width":800,"height":800},{"@type":"BreadcrumbList","@id":"https:\/\/kojicskin-europe.com\/pack-2-savons-anti-age-dream-white-kojie-san-2x135g\/#breadcrumb","itemListElement":[{"@type":"ListItem","position":1,"name":"Accueil","item":"https:\/\/kojicskin-europe.com\/"},{"@type":"ListItem","position":2,"name":"Kojie San","item":"https:\/\/kojicskin-europe.com\/kojie-san\/"},{"@type":"ListItem","position":3,"name":"2 savons anti-\u00e2ge \u00ab\u00a0Dream White\u00a0\u00bb 2x135g &#8211; Kojie San"}]},{"@type":"WebSite","@id":"https:\/\/kojicskin-europe.com\/#website","url":"https:\/\/kojicskin-europe.com\/","name":"Kojic Huid Europa","description":"","publisher":{"@id":"https:\/\/kojicskin-europe.com\/#organization"},"potentialAction":[{"@type":"SearchAction","target":{"@type":"EntryPoint","urlTemplate":"https:\/\/kojicskin-europe.com\/?s={search_term_string}"},"query-input":{"@type":"PropertyValueSpecification","valueRequired":true,"valueName":"search_term_string"}}],"inLanguage":"nl-NL"},{"@type":"Organization","@id":"https:\/\/kojicskin-europe.com\/#organization","name":"Kojic Huid Europa","url":"https:\/\/kojicskin-europe.com\/","logo":{"@type":"ImageObject","inLanguage":"nl-NL","@id":"https:\/\/kojicskin-europe.com\/#\/schema\/logo\/image\/","url":"https:\/\/kojicskin-europe.com\/wp-content\/uploads\/2024\/11\/kojic-skin-europe-logo.png","contentUrl":"https:\/\/kojicskin-europe.com\/wp-content\/uploads\/2024\/11\/kojic-skin-europe-logo.png","width":2078,"height":541,"caption":"Kojic Skin Europe"},"image":{"@id":"https:\/\/kojicskin-europe.com\/#\/schema\/logo\/image\/"}}]}},"_links":{"self":[{"href":"https:\/\/kojicskin-europe.com\/nl\/wp-json\/wp\/v2\/product\/153","targetHints":{"allow":["GET"]}}],"collection":[{"href":"https:\/\/kojicskin-europe.com\/nl\/wp-json\/wp\/v2\/product"}],"about":[{"href":"https:\/\/kojicskin-europe.com\/nl\/wp-json\/wp\/v2\/types\/product"}],"version-history":[{"count":0,"href":"https:\/\/kojicskin-europe.com\/nl\/wp-json\/wp\/v2\/product\/153\/revisions"}],"wp:featuredmedia":[{"embeddable":true,"href":"https:\/\/kojicskin-europe.com\/nl\/wp-json\/wp\/v2\/media\/32947"}],"wp:attachment":[{"href":"https:\/\/kojicskin-europe.com\/nl\/wp-json\/wp\/v2\/media?parent=153"}],"wp:term":[{"taxonomy":"product_brand","embeddable":true,"href":"https:\/\/kojicskin-europe.com\/nl\/wp-json\/wp\/v2\/product_brand?post=153"},{"taxonomy":"product_cat","embeddable":true,"href":"https:\/\/kojicskin-europe.com\/nl\/wp-json\/wp\/v2\/product_cat?post=153"},{"taxonomy":"product_tag","embeddable":true,"href":"https:\/\/kojicskin-europe.com\/nl\/wp-json\/wp\/v2\/product_tag?post=153"}],"curies":[{"name":"wp","href":"https:\/\/api.w.org\/{rel}","templated":true}]}}