{"id":152,"date":"2024-09-14T15:27:08","date_gmt":"2024-09-14T15:27:08","guid":{"rendered":"http:\/\/kojic-skin-europe.local\/?post_type=product&#038;p=152"},"modified":"2026-04-13T09:37:43","modified_gmt":"2026-04-13T07:37:43","slug":"dream-white-antiverouderende-dagcreme-30g","status":"publish","type":"product","link":"https:\/\/kojicskin-europe.com\/nl\/creme-jour-anti-age-dream-white-30g\/","title":{"rendered":"SFP30\" anti-verouderende dagcr\u00e8me 30g - Kojie San"},"content":{"rendered":"<p><strong>Kojie San anti-ageing verhelderende gezichtscr\u00e8me met SPF30 zonbescherming - Perfect voor een stralende, beschermde huid<\/strong><\/p>\n<p>La <strong>anti-aging gezichtscr\u00e8me<\/strong> Kojie San is een innovatief huidverzorgingsproduct met een dubbele verhelderende en beschermende werking dankzij de formule verrijkt met <strong>SPF30 bescherming tegen de zon<\/strong>. Deze cr\u00e8me is de ideale keuze voor wie een heldere huid wil en tegelijkertijd wil beschermen tegen schadelijke UV-stralen.<\/p>\n<p><strong>Belangrijkste actieve ingredi\u00ebnten :<\/strong><\/p>\n<ul>\n<li><strong>Kojizuur<\/strong> Dit product staat bekend om zijn uitzonderlijke witmakende werking en helpt de huid lichter te maken en donkere vlekken te verminderen.<\/li>\n<li><strong>Collageen<\/strong> Helpt de huid stevig en elastisch te houden, waardoor rimpels minder zichtbaar worden.<\/li>\n<li><strong>Elastine<\/strong> Draagt bij aan de elasticiteit en soepelheid van de huid, voor een langdurig jeugdig effect.<\/li>\n<\/ul>\n<p><strong>Waarom kiezen voor Kojie San gezichtscr\u00e8me?<\/strong><\/p>\n<ul>\n<li><strong>Intensieve formule<\/strong> Een lichte, niet-vette cr\u00e8me met een mix van natuurlijke extracten en hoogwaardig kojizuur.<\/li>\n<li><strong>Whitening effect<\/strong> Vermindert de vorming van donkere vlekken tijdens het scrubben en verbetert de egaliteit van de teint.<\/li>\n<li><strong>Hydratatie en herstel<\/strong> Hydrateert diep en herstelt de huid voor een gezondere, frissere uitstraling.<\/li>\n<li><strong>Dubbele anti-verouderingswerking<\/strong> Bevat collageen en elastine voor sneller zichtbare resultaten dan traditionele cr\u00e8me.<\/li>\n<\/ul>\n<p><strong>Verschil tussen Dream White Kojie San cr\u00e8me en klassieke Kojie San cr\u00e8me:<\/strong><\/p>\n<ul>\n<li>La <strong>Droomwit cr\u00e8me<\/strong> is een anti-verouderingslijn verrijkt met collageen en elastine, die snellere, effectievere resultaten biedt. Het heeft dezelfde basisingredi\u00ebnten als de klassieke cr\u00e8me, maar met extra voordelen om de tekenen van veroudering tegen te gaan.<\/li>\n<\/ul>\n<p><strong>Origineel product verkocht door Kojic Skin Europe :<\/strong><\/p>\n<ul>\n<li><strong>Kojic Huid Europa<\/strong> is de offici\u00eble Europese verkoper van het gerenommeerde Aziatische merk <strong>Kojie San<\/strong>garandeert authentieke producten van hoge kwaliteit.<\/li>\n<\/ul>","protected":false},"excerpt":{"rendered":"<ul>\n<li><strong><u>KLAARGEMAAKT &amp; VERZONDEN BINNEN 5 DAGEN<\/u><\/strong><\/li>\n<li><strong>Date d&rsquo;expiration : entre avril et juillet 2026<\/strong><\/li>\n<li>Echt 100 % product van Kojie San<\/li>\n<li>Zonbescherming en oplichtende verzorging gecombineerd.<\/li>\n<li>Product op basis van kojinezuur, collageen en elastine voor een stevigere, stralende huid.<\/li>\n<li>Verkocht door Kojic Skin - Europe, de offici\u00eble Kojie San winkel in Europa.<\/li>\n<li><strong>Formaat<\/strong> : 30g<\/li>\n<\/ul>","protected":false},"featured_media":32944,"template":"","meta":{"ocean_post_layout":"","ocean_both_sidebars_style":"","ocean_both_sidebars_content_width":0,"ocean_both_sidebars_sidebars_width":0,"ocean_sidebar":"0","ocean_second_sidebar":"0","ocean_disable_margins":"enable","ocean_add_body_class":"","ocean_shortcode_before_top_bar":"","ocean_shortcode_after_top_bar":"","ocean_shortcode_before_header":"","ocean_shortcode_after_header":"","ocean_has_shortcode":"","ocean_shortcode_after_title":"","ocean_shortcode_before_footer_widgets":"","ocean_shortcode_after_footer_widgets":"","ocean_shortcode_before_footer_bottom":"","ocean_shortcode_after_footer_bottom":"","ocean_display_top_bar":"default","ocean_display_header":"default","ocean_header_style":"","ocean_center_header_left_menu":"0","ocean_custom_header_template":"0","ocean_custom_logo":0,"ocean_custom_retina_logo":0,"ocean_custom_logo_max_width":0,"ocean_custom_logo_tablet_max_width":0,"ocean_custom_logo_mobile_max_width":0,"ocean_custom_logo_max_height":0,"ocean_custom_logo_tablet_max_height":0,"ocean_custom_logo_mobile_max_height":0,"ocean_header_custom_menu":"0","ocean_menu_typo_font_family":"0","ocean_menu_typo_font_subset":"","ocean_menu_typo_font_size":0,"ocean_menu_typo_font_size_tablet":0,"ocean_menu_typo_font_size_mobile":0,"ocean_menu_typo_font_size_unit":"px","ocean_menu_typo_font_weight":"","ocean_menu_typo_font_weight_tablet":"","ocean_menu_typo_font_weight_mobile":"","ocean_menu_typo_transform":"","ocean_menu_typo_transform_tablet":"","ocean_menu_typo_transform_mobile":"","ocean_menu_typo_line_height":0,"ocean_menu_typo_line_height_tablet":0,"ocean_menu_typo_line_height_mobile":0,"ocean_menu_typo_line_height_unit":"","ocean_menu_typo_spacing":0,"ocean_menu_typo_spacing_tablet":0,"ocean_menu_typo_spacing_mobile":0,"ocean_menu_typo_spacing_unit":"","ocean_menu_link_color":"","ocean_menu_link_color_hover":"","ocean_menu_link_color_active":"","ocean_menu_link_background":"","ocean_menu_link_hover_background":"","ocean_menu_link_active_background":"","ocean_menu_social_links_bg":"","ocean_menu_social_hover_links_bg":"","ocean_menu_social_links_color":"","ocean_menu_social_hover_links_color":"","ocean_disable_title":"default","ocean_disable_heading":"default","ocean_post_title":"","ocean_post_subheading":"","ocean_post_title_style":"","ocean_post_title_background_color":"","ocean_post_title_background":0,"ocean_post_title_bg_image_position":"","ocean_post_title_bg_image_attachment":"","ocean_post_title_bg_image_repeat":"","ocean_post_title_bg_image_size":"","ocean_post_title_height":0,"ocean_post_title_bg_overlay":0,"ocean_post_title_bg_overlay_color":"","ocean_disable_breadcrumbs":"default","ocean_breadcrumbs_color":"","ocean_breadcrumbs_separator_color":"","ocean_breadcrumbs_links_color":"","ocean_breadcrumbs_links_hover_color":"","ocean_display_footer_widgets":"default","ocean_display_footer_bottom":"default","ocean_custom_footer_template":"0"},"product_brand":[],"product_cat":[18,23],"product_tag":[],"class_list":{"0":"post-152","1":"product","2":"type-product","3":"status-publish","4":"has-post-thumbnail","6":"product_cat-kojie-san-cremes-lotions","7":"product_cat-kojie-san","9":"entry","10":"has-media","12":"first","13":"instock","14":"sale","15":"taxable","16":"shipping-taxable","17":"purchasable","18":"product-type-simple","19":"has-product-nav","20":"col","21":"span_1_of_3","22":"owp-content-center","23":"owp-thumbs-layout-horizontal","24":"owp-btn-normal","25":"owp-tabs-layout-horizontal","26":"has-no-thumbnails"},"yoast_head":"<!-- This site is optimized with the Yoast SEO plugin v27.3 - https:\/\/yoast.com\/product\/yoast-seo-wordpress\/ -->\n<title>Cr\u00e8me de jour anti-\u00e2ge &quot;SFP30&quot; 30g - Kojie San<\/title>\n<meta name=\"description\" content=\"Comment obtenir un teint plus clair et uniforme tout en r\u00e9duisant les rides ? Essayez la cr\u00e8me visage Kojie San enrichie en collag\u00e8ne et \u00e9lastine !\" \/>\n<meta name=\"robots\" content=\"index, follow, max-snippet:-1, max-image-preview:large, max-video-preview:-1\" \/>\n<link rel=\"canonical\" href=\"https:\/\/kojicskin-europe.com\/nl\/dream-white-antiverouderende-dagcreme-30g\/\" \/>\n<meta property=\"og:locale\" content=\"nl_NL\" \/>\n<meta property=\"og:type\" content=\"article\" \/>\n<meta property=\"og:title\" content=\"Cr\u00e8me de jour anti-\u00e2ge &quot;SFP30&quot; 30g - Kojie San\" \/>\n<meta property=\"og:description\" content=\"Comment obtenir un teint plus clair et uniforme tout en r\u00e9duisant les rides ? Essayez la cr\u00e8me visage Kojie San enrichie en collag\u00e8ne et \u00e9lastine !\" \/>\n<meta property=\"og:url\" content=\"https:\/\/kojicskin-europe.com\/nl\/dream-white-antiverouderende-dagcreme-30g\/\" \/>\n<meta property=\"og:site_name\" content=\"Kojic Skin Europe\" \/>\n<meta property=\"article:modified_time\" content=\"2026-04-13T07:37:43+00:00\" \/>\n<meta property=\"og:image\" content=\"https:\/\/kojicskin-europe.com\/wp-content\/uploads\/2025\/02\/creme-de-jour-dream-white-65g-kojie-san-date-courte-1.png\" \/>\n\t<meta property=\"og:image:width\" content=\"800\" \/>\n\t<meta property=\"og:image:height\" content=\"800\" \/>\n\t<meta property=\"og:image:type\" content=\"image\/png\" \/>\n<meta name=\"twitter:card\" content=\"summary_large_image\" \/>\n<meta name=\"twitter:label1\" content=\"Geschatte leestijd\" \/>\n\t<meta name=\"twitter:data1\" content=\"2 minuten\" \/>\n<script type=\"application\/ld+json\" class=\"yoast-schema-graph\">{\"@context\":\"https:\\\/\\\/schema.org\",\"@graph\":[{\"@type\":\"WebPage\",\"@id\":\"https:\\\/\\\/kojicskin-europe.com\\\/creme-jour-anti-age-dream-white-30g\\\/\",\"url\":\"https:\\\/\\\/kojicskin-europe.com\\\/creme-jour-anti-age-dream-white-30g\\\/\",\"name\":\"Cr\u00e8me de jour anti-\u00e2ge \\\"SFP30\\\" 30g - Kojie San\",\"isPartOf\":{\"@id\":\"https:\\\/\\\/kojicskin-europe.com\\\/#website\"},\"primaryImageOfPage\":{\"@id\":\"https:\\\/\\\/kojicskin-europe.com\\\/creme-jour-anti-age-dream-white-30g\\\/#primaryimage\"},\"image\":{\"@id\":\"https:\\\/\\\/kojicskin-europe.com\\\/creme-jour-anti-age-dream-white-30g\\\/#primaryimage\"},\"thumbnailUrl\":\"https:\\\/\\\/kojicskin-europe.com\\\/wp-content\\\/uploads\\\/2025\\\/02\\\/creme-de-jour-dream-white-65g-kojie-san-date-courte-1.png\",\"datePublished\":\"2024-09-14T15:27:08+00:00\",\"dateModified\":\"2026-04-13T07:37:43+00:00\",\"description\":\"Comment obtenir un teint plus clair et uniforme tout en r\u00e9duisant les rides ? Essayez la cr\u00e8me visage Kojie San enrichie en collag\u00e8ne et \u00e9lastine !\",\"breadcrumb\":{\"@id\":\"https:\\\/\\\/kojicskin-europe.com\\\/creme-jour-anti-age-dream-white-30g\\\/#breadcrumb\"},\"inLanguage\":\"nl-NL\",\"potentialAction\":[{\"@type\":\"ReadAction\",\"target\":[\"https:\\\/\\\/kojicskin-europe.com\\\/creme-jour-anti-age-dream-white-30g\\\/\"]}]},{\"@type\":\"ImageObject\",\"inLanguage\":\"nl-NL\",\"@id\":\"https:\\\/\\\/kojicskin-europe.com\\\/creme-jour-anti-age-dream-white-30g\\\/#primaryimage\",\"url\":\"https:\\\/\\\/kojicskin-europe.com\\\/wp-content\\\/uploads\\\/2025\\\/02\\\/creme-de-jour-dream-white-65g-kojie-san-date-courte-1.png\",\"contentUrl\":\"https:\\\/\\\/kojicskin-europe.com\\\/wp-content\\\/uploads\\\/2025\\\/02\\\/creme-de-jour-dream-white-65g-kojie-san-date-courte-1.png\",\"width\":800,\"height\":800},{\"@type\":\"BreadcrumbList\",\"@id\":\"https:\\\/\\\/kojicskin-europe.com\\\/creme-jour-anti-age-dream-white-30g\\\/#breadcrumb\",\"itemListElement\":[{\"@type\":\"ListItem\",\"position\":1,\"name\":\"Accueil\",\"item\":\"https:\\\/\\\/kojicskin-europe.com\\\/\"},{\"@type\":\"ListItem\",\"position\":2,\"name\":\"Kojie San\",\"item\":\"https:\\\/\\\/kojicskin-europe.com\\\/kojie-san\\\/\"},{\"@type\":\"ListItem\",\"position\":3,\"name\":\"Cr\u00e8me de jour anti-\u00e2ge \u00ab\u00a0SFP30\u00a0\u00bb 30g &#8211; Kojie San\"}]},{\"@type\":\"WebSite\",\"@id\":\"https:\\\/\\\/kojicskin-europe.com\\\/#website\",\"url\":\"https:\\\/\\\/kojicskin-europe.com\\\/\",\"name\":\"Kojic Skin Europe\",\"description\":\"\",\"publisher\":{\"@id\":\"https:\\\/\\\/kojicskin-europe.com\\\/#organization\"},\"potentialAction\":[{\"@type\":\"SearchAction\",\"target\":{\"@type\":\"EntryPoint\",\"urlTemplate\":\"https:\\\/\\\/kojicskin-europe.com\\\/?s={search_term_string}\"},\"query-input\":{\"@type\":\"PropertyValueSpecification\",\"valueRequired\":true,\"valueName\":\"search_term_string\"}}],\"inLanguage\":\"nl-NL\"},{\"@type\":\"Organization\",\"@id\":\"https:\\\/\\\/kojicskin-europe.com\\\/#organization\",\"name\":\"Kojic Skin Europe\",\"url\":\"https:\\\/\\\/kojicskin-europe.com\\\/\",\"logo\":{\"@type\":\"ImageObject\",\"inLanguage\":\"nl-NL\",\"@id\":\"https:\\\/\\\/kojicskin-europe.com\\\/#\\\/schema\\\/logo\\\/image\\\/\",\"url\":\"https:\\\/\\\/kojicskin-europe.com\\\/wp-content\\\/uploads\\\/2024\\\/11\\\/kojic-skin-europe-logo.png\",\"contentUrl\":\"https:\\\/\\\/kojicskin-europe.com\\\/wp-content\\\/uploads\\\/2024\\\/11\\\/kojic-skin-europe-logo.png\",\"width\":2078,\"height\":541,\"caption\":\"Kojic Skin Europe\"},\"image\":{\"@id\":\"https:\\\/\\\/kojicskin-europe.com\\\/#\\\/schema\\\/logo\\\/image\\\/\"}}]}<\/script>\n<!-- \/ Yoast SEO plugin. -->","yoast_head_json":{"title":"SFP30\" anti-verouderende dagcr\u00e8me 30g - Kojie San","description":"Hoe krijg je een heldere, egale teint en hoe verminder je rimpels? Probeer Kojie San gezichtscr\u00e8me verrijkt met collageen en elastine!","robots":{"index":"index","follow":"follow","max-snippet":"max-snippet:-1","max-image-preview":"max-image-preview:large","max-video-preview":"max-video-preview:-1"},"canonical":"https:\/\/kojicskin-europe.com\/nl\/dream-white-antiverouderende-dagcreme-30g\/","og_locale":"nl_NL","og_type":"article","og_title":"Cr\u00e8me de jour anti-\u00e2ge \"SFP30\" 30g - Kojie San","og_description":"Comment obtenir un teint plus clair et uniforme tout en r\u00e9duisant les rides ? Essayez la cr\u00e8me visage Kojie San enrichie en collag\u00e8ne et \u00e9lastine !","og_url":"https:\/\/kojicskin-europe.com\/nl\/dream-white-antiverouderende-dagcreme-30g\/","og_site_name":"Kojic Skin Europe","article_modified_time":"2026-04-13T07:37:43+00:00","og_image":[{"width":800,"height":800,"url":"https:\/\/kojicskin-europe.com\/wp-content\/uploads\/2025\/02\/creme-de-jour-dream-white-65g-kojie-san-date-courte-1.png","type":"image\/png"}],"twitter_card":"summary_large_image","twitter_misc":{"Geschatte leestijd":"2 minuten"},"schema":{"@context":"https:\/\/schema.org","@graph":[{"@type":"WebPage","@id":"https:\/\/kojicskin-europe.com\/creme-jour-anti-age-dream-white-30g\/","url":"https:\/\/kojicskin-europe.com\/creme-jour-anti-age-dream-white-30g\/","name":"SFP30\" anti-verouderende dagcr\u00e8me 30g - Kojie San","isPartOf":{"@id":"https:\/\/kojicskin-europe.com\/#website"},"primaryImageOfPage":{"@id":"https:\/\/kojicskin-europe.com\/creme-jour-anti-age-dream-white-30g\/#primaryimage"},"image":{"@id":"https:\/\/kojicskin-europe.com\/creme-jour-anti-age-dream-white-30g\/#primaryimage"},"thumbnailUrl":"https:\/\/kojicskin-europe.com\/wp-content\/uploads\/2025\/02\/creme-de-jour-dream-white-65g-kojie-san-date-courte-1.png","datePublished":"2024-09-14T15:27:08+00:00","dateModified":"2026-04-13T07:37:43+00:00","description":"Hoe krijg je een heldere, egale teint en hoe verminder je rimpels? Probeer Kojie San gezichtscr\u00e8me verrijkt met collageen en elastine!","breadcrumb":{"@id":"https:\/\/kojicskin-europe.com\/creme-jour-anti-age-dream-white-30g\/#breadcrumb"},"inLanguage":"nl-NL","potentialAction":[{"@type":"ReadAction","target":["https:\/\/kojicskin-europe.com\/creme-jour-anti-age-dream-white-30g\/"]}]},{"@type":"ImageObject","inLanguage":"nl-NL","@id":"https:\/\/kojicskin-europe.com\/creme-jour-anti-age-dream-white-30g\/#primaryimage","url":"https:\/\/kojicskin-europe.com\/wp-content\/uploads\/2025\/02\/creme-de-jour-dream-white-65g-kojie-san-date-courte-1.png","contentUrl":"https:\/\/kojicskin-europe.com\/wp-content\/uploads\/2025\/02\/creme-de-jour-dream-white-65g-kojie-san-date-courte-1.png","width":800,"height":800},{"@type":"BreadcrumbList","@id":"https:\/\/kojicskin-europe.com\/creme-jour-anti-age-dream-white-30g\/#breadcrumb","itemListElement":[{"@type":"ListItem","position":1,"name":"Accueil","item":"https:\/\/kojicskin-europe.com\/"},{"@type":"ListItem","position":2,"name":"Kojie San","item":"https:\/\/kojicskin-europe.com\/kojie-san\/"},{"@type":"ListItem","position":3,"name":"Cr\u00e8me de jour anti-\u00e2ge \u00ab\u00a0SFP30\u00a0\u00bb 30g &#8211; Kojie San"}]},{"@type":"WebSite","@id":"https:\/\/kojicskin-europe.com\/#website","url":"https:\/\/kojicskin-europe.com\/","name":"Kojic Huid Europa","description":"","publisher":{"@id":"https:\/\/kojicskin-europe.com\/#organization"},"potentialAction":[{"@type":"SearchAction","target":{"@type":"EntryPoint","urlTemplate":"https:\/\/kojicskin-europe.com\/?s={search_term_string}"},"query-input":{"@type":"PropertyValueSpecification","valueRequired":true,"valueName":"search_term_string"}}],"inLanguage":"nl-NL"},{"@type":"Organization","@id":"https:\/\/kojicskin-europe.com\/#organization","name":"Kojic Huid Europa","url":"https:\/\/kojicskin-europe.com\/","logo":{"@type":"ImageObject","inLanguage":"nl-NL","@id":"https:\/\/kojicskin-europe.com\/#\/schema\/logo\/image\/","url":"https:\/\/kojicskin-europe.com\/wp-content\/uploads\/2024\/11\/kojic-skin-europe-logo.png","contentUrl":"https:\/\/kojicskin-europe.com\/wp-content\/uploads\/2024\/11\/kojic-skin-europe-logo.png","width":2078,"height":541,"caption":"Kojic Skin Europe"},"image":{"@id":"https:\/\/kojicskin-europe.com\/#\/schema\/logo\/image\/"}}]}},"_links":{"self":[{"href":"https:\/\/kojicskin-europe.com\/nl\/wp-json\/wp\/v2\/product\/152","targetHints":{"allow":["GET"]}}],"collection":[{"href":"https:\/\/kojicskin-europe.com\/nl\/wp-json\/wp\/v2\/product"}],"about":[{"href":"https:\/\/kojicskin-europe.com\/nl\/wp-json\/wp\/v2\/types\/product"}],"version-history":[{"count":0,"href":"https:\/\/kojicskin-europe.com\/nl\/wp-json\/wp\/v2\/product\/152\/revisions"}],"wp:featuredmedia":[{"embeddable":true,"href":"https:\/\/kojicskin-europe.com\/nl\/wp-json\/wp\/v2\/media\/32944"}],"wp:attachment":[{"href":"https:\/\/kojicskin-europe.com\/nl\/wp-json\/wp\/v2\/media?parent=152"}],"wp:term":[{"taxonomy":"product_brand","embeddable":true,"href":"https:\/\/kojicskin-europe.com\/nl\/wp-json\/wp\/v2\/product_brand?post=152"},{"taxonomy":"product_cat","embeddable":true,"href":"https:\/\/kojicskin-europe.com\/nl\/wp-json\/wp\/v2\/product_cat?post=152"},{"taxonomy":"product_tag","embeddable":true,"href":"https:\/\/kojicskin-europe.com\/nl\/wp-json\/wp\/v2\/product_tag?post=152"}],"curies":[{"name":"wp","href":"https:\/\/api.w.org\/{rel}","templated":true}]}}