{"id":142,"date":"2024-09-14T15:27:06","date_gmt":"2024-09-14T15:27:06","guid":{"rendered":"http:\/\/kojic-skin-europe.local\/?post_type=product&#038;p=142"},"modified":"2026-04-15T00:46:00","modified_gmt":"2026-04-14T22:46:00","slug":"creme-eclaircissante-visage-spf15-22g-kojie-san","status":"publish","type":"product","link":"https:\/\/kojicskin-europe.com\/nl\/creme-eclaircissante-visage-spf15-22g-kojie-san\/","title":{"rendered":"SPF15 Gezichtsverhelderende Cr\u00e8me 22g - Kojie San"},"content":{"rendered":"<p><strong>Cr\u00e8me \u00e9claircissante visage avec protection solaire SPF 15<\/strong>. <strong>L&rsquo;ingr\u00e9dient actif principal <\/strong>est<strong> kojinezuur,<\/strong> avec des <strong>UVA\/UVB-filters<\/strong> pour prot\u00e9ger la peau des facteurs <strong>environnementaux agressifs<\/strong> qui peuvent <strong>endommager la peau<\/strong>. <strong>Hydrate la peau<\/strong>, la gardant <strong>douce, lisse<\/strong> et bien <strong>hydrat\u00e9e jusqu&rsquo;\u00e0 24 heures<\/strong>.<\/p>\n<p>La lotion \u00e9claircissante pour le corps Kojie San<strong> contient un m\u00e9lange d\u2019huiles naturelles<\/strong>, <strong>d&rsquo;acide de Kojic<\/strong> en <strong>de cynorrhodon<\/strong>bekend om hun effect<strong> calmant et \u00e9claircissant<\/strong>. \u00c9galement enrichie en <strong>collag\u00e8ne et vitamine E<\/strong>, qui aide \u00e0 garder<strong> une peau saine et jeune<\/strong>. <strong>Prot\u00e8ge du soleil<\/strong> en<strong> des coups de soleil agressifs<\/strong> (Indice de Protection Solaire : 15).<\/p>\n<p>Nul-pigment lichttechnologie. <strong>Un syst\u00e8me unique d&rsquo;\u00e9claircissement de la peau<\/strong> die de <strong>krachtig actief ingredi\u00ebnt<\/strong> pour s&rsquo;assurer qu&rsquo;il est absorb\u00e9 et activ\u00e9 par votre peau et les zones o\u00f9 il est le plus n\u00e9cessaire. Le mode d&rsquo;action puissant <strong>cible les taches brunes<\/strong>, <strong>les taches de vieillesse<\/strong>,<strong> littekens<\/strong>,<strong> le m\u00e9lasma et l&rsquo;hyperpigmentation<\/strong>, vous donnant un teint<strong> plus clair et uniforme<\/strong>.<\/p>","protected":false},"excerpt":{"rendered":"<ul>\n<li><strong>KLAARGEMAAKT &amp; VERZONDEN BINNEN 5 DAGEN<\/strong><\/li>\n<li>Hoofdingredi\u00ebnt: kojinezuur<\/li>\n<li>Filtres UVA\/UVB pour prot\u00e9ger des agressions ext\u00e9rieures<\/li>\n<li>Hydrate pendant 24 heures pour une peau douce et lisse<\/li>\n<li>\u00c9claircit, calme et prot\u00e8ge la peau<\/li>\n<li>Enrichie en collag\u00e8ne et vitamine E pour une peau saine et jeune<\/li>\n<li>Cible les taches, cicatrices et hyperpigmentation pour un teint uniforme<\/li>\n<li><strong>Formaat<\/strong> : 22g<\/li>\n<\/ul>","protected":false},"featured_media":497,"template":"","meta":{"ocean_post_layout":"","ocean_both_sidebars_style":"","ocean_both_sidebars_content_width":0,"ocean_both_sidebars_sidebars_width":0,"ocean_sidebar":"0","ocean_second_sidebar":"0","ocean_disable_margins":"enable","ocean_add_body_class":"","ocean_shortcode_before_top_bar":"","ocean_shortcode_after_top_bar":"","ocean_shortcode_before_header":"","ocean_shortcode_after_header":"","ocean_has_shortcode":"","ocean_shortcode_after_title":"","ocean_shortcode_before_footer_widgets":"","ocean_shortcode_after_footer_widgets":"","ocean_shortcode_before_footer_bottom":"","ocean_shortcode_after_footer_bottom":"","ocean_display_top_bar":"default","ocean_display_header":"default","ocean_header_style":"","ocean_center_header_left_menu":"0","ocean_custom_header_template":"0","ocean_custom_logo":0,"ocean_custom_retina_logo":0,"ocean_custom_logo_max_width":0,"ocean_custom_logo_tablet_max_width":0,"ocean_custom_logo_mobile_max_width":0,"ocean_custom_logo_max_height":0,"ocean_custom_logo_tablet_max_height":0,"ocean_custom_logo_mobile_max_height":0,"ocean_header_custom_menu":"0","ocean_menu_typo_font_family":"0","ocean_menu_typo_font_subset":"","ocean_menu_typo_font_size":0,"ocean_menu_typo_font_size_tablet":0,"ocean_menu_typo_font_size_mobile":0,"ocean_menu_typo_font_size_unit":"px","ocean_menu_typo_font_weight":"","ocean_menu_typo_font_weight_tablet":"","ocean_menu_typo_font_weight_mobile":"","ocean_menu_typo_transform":"","ocean_menu_typo_transform_tablet":"","ocean_menu_typo_transform_mobile":"","ocean_menu_typo_line_height":0,"ocean_menu_typo_line_height_tablet":0,"ocean_menu_typo_line_height_mobile":0,"ocean_menu_typo_line_height_unit":"","ocean_menu_typo_spacing":0,"ocean_menu_typo_spacing_tablet":0,"ocean_menu_typo_spacing_mobile":0,"ocean_menu_typo_spacing_unit":"","ocean_menu_link_color":"","ocean_menu_link_color_hover":"","ocean_menu_link_color_active":"","ocean_menu_link_background":"","ocean_menu_link_hover_background":"","ocean_menu_link_active_background":"","ocean_menu_social_links_bg":"","ocean_menu_social_hover_links_bg":"","ocean_menu_social_links_color":"","ocean_menu_social_hover_links_color":"","ocean_disable_title":"default","ocean_disable_heading":"default","ocean_post_title":"","ocean_post_subheading":"","ocean_post_title_style":"","ocean_post_title_background_color":"","ocean_post_title_background":0,"ocean_post_title_bg_image_position":"","ocean_post_title_bg_image_attachment":"","ocean_post_title_bg_image_repeat":"","ocean_post_title_bg_image_size":"","ocean_post_title_height":0,"ocean_post_title_bg_overlay":0,"ocean_post_title_bg_overlay_color":"","ocean_disable_breadcrumbs":"default","ocean_breadcrumbs_color":"","ocean_breadcrumbs_separator_color":"","ocean_breadcrumbs_links_color":"","ocean_breadcrumbs_links_hover_color":"","ocean_display_footer_widgets":"default","ocean_display_footer_bottom":"default","ocean_custom_footer_template":"0"},"product_brand":[],"product_cat":[18,23],"product_tag":[],"class_list":{"0":"post-142","1":"product","2":"type-product","3":"status-publish","4":"has-post-thumbnail","6":"product_cat-kojie-san-cremes-lotions","7":"product_cat-kojie-san","9":"entry","10":"has-media","12":"first","13":"instock","14":"taxable","15":"shipping-taxable","16":"purchasable","17":"product-type-simple","18":"has-product-nav","19":"col","20":"span_1_of_3","21":"owp-content-center","22":"owp-thumbs-layout-horizontal","23":"owp-btn-normal","24":"owp-tabs-layout-horizontal"},"yoast_head":"<!-- This site is optimized with the Yoast SEO plugin v27.4 - https:\/\/yoast.com\/product\/yoast-seo-wordpress\/ -->\n<title>Cr\u00e8me \u00e9claircissante visage &quot;SPF15&quot; 22g - Kojie San - Kojic Skin Europe<\/title>\n<meta name=\"description\" content=\"Envie d&#039;un teint \u00e9clatant et prot\u00e9g\u00e9 ? Essayez notre cr\u00e8me visage \u00e9claircissante SPF 15 \u00e0 l&#039;acide kojique et filtres UVA\/UVB !\" \/>\n<meta name=\"robots\" content=\"index, follow, max-snippet:-1, max-image-preview:large, max-video-preview:-1\" \/>\n<link rel=\"canonical\" href=\"https:\/\/kojicskin-europe.com\/nl\/creme-eclaircissante-visage-spf15-22g-kojie-san\/\" \/>\n<meta property=\"og:locale\" content=\"nl_NL\" \/>\n<meta property=\"og:type\" content=\"article\" \/>\n<meta property=\"og:title\" content=\"Cr\u00e8me \u00e9claircissante visage &quot;SPF15&quot; 22g - Kojie San - Kojic Skin Europe\" \/>\n<meta property=\"og:description\" content=\"Envie d&#039;un teint \u00e9clatant et prot\u00e9g\u00e9 ? Essayez notre cr\u00e8me visage \u00e9claircissante SPF 15 \u00e0 l&#039;acide kojique et filtres UVA\/UVB !\" \/>\n<meta property=\"og:url\" content=\"https:\/\/kojicskin-europe.com\/nl\/creme-eclaircissante-visage-spf15-22g-kojie-san\/\" \/>\n<meta property=\"og:site_name\" content=\"Kojic Skin Europe\" \/>\n<meta property=\"article:modified_time\" content=\"2026-04-14T22:46:00+00:00\" \/>\n<meta property=\"og:image\" content=\"https:\/\/kojicskin-europe.com\/wp-content\/uploads\/2024\/09\/kojie-san-Creme-eclaircissante-visage-avec-Protection-Solaire-SPF15-kojic-skin-europe.webp\" \/>\n\t<meta property=\"og:image:width\" content=\"800\" \/>\n\t<meta property=\"og:image:height\" content=\"800\" \/>\n\t<meta property=\"og:image:type\" content=\"image\/webp\" \/>\n<meta name=\"twitter:card\" content=\"summary_large_image\" \/>\n<meta name=\"twitter:label1\" content=\"Geschatte leestijd\" \/>\n\t<meta name=\"twitter:data1\" content=\"2 minuten\" \/>\n<script type=\"application\/ld+json\" class=\"yoast-schema-graph\">{\"@context\":\"https:\\\/\\\/schema.org\",\"@graph\":[{\"@type\":\"WebPage\",\"@id\":\"https:\\\/\\\/kojicskin-europe.com\\\/creme-eclaircissante-visage-spf15-22g-kojie-san\\\/\",\"url\":\"https:\\\/\\\/kojicskin-europe.com\\\/creme-eclaircissante-visage-spf15-22g-kojie-san\\\/\",\"name\":\"Cr\u00e8me \u00e9claircissante visage \\\"SPF15\\\" 22g - Kojie San - Kojic Skin Europe\",\"isPartOf\":{\"@id\":\"https:\\\/\\\/kojicskin-europe.com\\\/#website\"},\"primaryImageOfPage\":{\"@id\":\"https:\\\/\\\/kojicskin-europe.com\\\/creme-eclaircissante-visage-spf15-22g-kojie-san\\\/#primaryimage\"},\"image\":{\"@id\":\"https:\\\/\\\/kojicskin-europe.com\\\/creme-eclaircissante-visage-spf15-22g-kojie-san\\\/#primaryimage\"},\"thumbnailUrl\":\"https:\\\/\\\/kojicskin-europe.com\\\/wp-content\\\/uploads\\\/2024\\\/09\\\/kojie-san-Creme-eclaircissante-visage-avec-Protection-Solaire-SPF15-kojic-skin-europe.webp\",\"datePublished\":\"2024-09-14T15:27:06+00:00\",\"dateModified\":\"2026-04-14T22:46:00+00:00\",\"description\":\"Envie d'un teint \u00e9clatant et prot\u00e9g\u00e9 ? Essayez notre cr\u00e8me visage \u00e9claircissante SPF 15 \u00e0 l'acide kojique et filtres UVA\\\/UVB !\",\"breadcrumb\":{\"@id\":\"https:\\\/\\\/kojicskin-europe.com\\\/creme-eclaircissante-visage-spf15-22g-kojie-san\\\/#breadcrumb\"},\"inLanguage\":\"nl-NL\",\"potentialAction\":[{\"@type\":\"ReadAction\",\"target\":[\"https:\\\/\\\/kojicskin-europe.com\\\/creme-eclaircissante-visage-spf15-22g-kojie-san\\\/\"]}]},{\"@type\":\"ImageObject\",\"inLanguage\":\"nl-NL\",\"@id\":\"https:\\\/\\\/kojicskin-europe.com\\\/creme-eclaircissante-visage-spf15-22g-kojie-san\\\/#primaryimage\",\"url\":\"https:\\\/\\\/kojicskin-europe.com\\\/wp-content\\\/uploads\\\/2024\\\/09\\\/kojie-san-Creme-eclaircissante-visage-avec-Protection-Solaire-SPF15-kojic-skin-europe.webp\",\"contentUrl\":\"https:\\\/\\\/kojicskin-europe.com\\\/wp-content\\\/uploads\\\/2024\\\/09\\\/kojie-san-Creme-eclaircissante-visage-avec-Protection-Solaire-SPF15-kojic-skin-europe.webp\",\"width\":800,\"height\":800},{\"@type\":\"BreadcrumbList\",\"@id\":\"https:\\\/\\\/kojicskin-europe.com\\\/creme-eclaircissante-visage-spf15-22g-kojie-san\\\/#breadcrumb\",\"itemListElement\":[{\"@type\":\"ListItem\",\"position\":1,\"name\":\"Accueil\",\"item\":\"https:\\\/\\\/kojicskin-europe.com\\\/\"},{\"@type\":\"ListItem\",\"position\":2,\"name\":\"Kojie San\",\"item\":\"https:\\\/\\\/kojicskin-europe.com\\\/kojie-san\\\/\"},{\"@type\":\"ListItem\",\"position\":3,\"name\":\"Cr\u00e8me \u00e9claircissante visage \u00ab\u00a0SPF15\u00a0\u00bb 22g &#8211; Kojie San\"}]},{\"@type\":\"WebSite\",\"@id\":\"https:\\\/\\\/kojicskin-europe.com\\\/#website\",\"url\":\"https:\\\/\\\/kojicskin-europe.com\\\/\",\"name\":\"Kojic Skin Europe\",\"description\":\"\",\"publisher\":{\"@id\":\"https:\\\/\\\/kojicskin-europe.com\\\/#organization\"},\"potentialAction\":[{\"@type\":\"SearchAction\",\"target\":{\"@type\":\"EntryPoint\",\"urlTemplate\":\"https:\\\/\\\/kojicskin-europe.com\\\/?s={search_term_string}\"},\"query-input\":{\"@type\":\"PropertyValueSpecification\",\"valueRequired\":true,\"valueName\":\"search_term_string\"}}],\"inLanguage\":\"nl-NL\"},{\"@type\":\"Organization\",\"@id\":\"https:\\\/\\\/kojicskin-europe.com\\\/#organization\",\"name\":\"Kojic Skin Europe\",\"url\":\"https:\\\/\\\/kojicskin-europe.com\\\/\",\"logo\":{\"@type\":\"ImageObject\",\"inLanguage\":\"nl-NL\",\"@id\":\"https:\\\/\\\/kojicskin-europe.com\\\/#\\\/schema\\\/logo\\\/image\\\/\",\"url\":\"https:\\\/\\\/kojicskin-europe.com\\\/wp-content\\\/uploads\\\/2024\\\/11\\\/kojic-skin-europe-logo.png\",\"contentUrl\":\"https:\\\/\\\/kojicskin-europe.com\\\/wp-content\\\/uploads\\\/2024\\\/11\\\/kojic-skin-europe-logo.png\",\"width\":2078,\"height\":541,\"caption\":\"Kojic Skin Europe\"},\"image\":{\"@id\":\"https:\\\/\\\/kojicskin-europe.com\\\/#\\\/schema\\\/logo\\\/image\\\/\"}}]}<\/script>\n<!-- \/ Yoast SEO plugin. -->","yoast_head_json":{"title":"Cr\u00e8me \u00e9claircissante visage \"SPF15\" 22g - Kojie San - Kojic Skin Europe","description":"Envie d'un teint \u00e9clatant et prot\u00e9g\u00e9 ? Essayez notre cr\u00e8me visage \u00e9claircissante SPF 15 \u00e0 l'acide kojique et filtres UVA\/UVB !","robots":{"index":"index","follow":"follow","max-snippet":"max-snippet:-1","max-image-preview":"max-image-preview:large","max-video-preview":"max-video-preview:-1"},"canonical":"https:\/\/kojicskin-europe.com\/nl\/creme-eclaircissante-visage-spf15-22g-kojie-san\/","og_locale":"nl_NL","og_type":"article","og_title":"Cr\u00e8me \u00e9claircissante visage \"SPF15\" 22g - Kojie San - Kojic Skin Europe","og_description":"Envie d'un teint \u00e9clatant et prot\u00e9g\u00e9 ? Essayez notre cr\u00e8me visage \u00e9claircissante SPF 15 \u00e0 l'acide kojique et filtres UVA\/UVB !","og_url":"https:\/\/kojicskin-europe.com\/nl\/creme-eclaircissante-visage-spf15-22g-kojie-san\/","og_site_name":"Kojic Skin Europe","article_modified_time":"2026-04-14T22:46:00+00:00","og_image":[{"width":800,"height":800,"url":"https:\/\/kojicskin-europe.com\/wp-content\/uploads\/2024\/09\/kojie-san-Creme-eclaircissante-visage-avec-Protection-Solaire-SPF15-kojic-skin-europe.webp","type":"image\/webp"}],"twitter_card":"summary_large_image","twitter_misc":{"Geschatte leestijd":"2 minuten"},"schema":{"@context":"https:\/\/schema.org","@graph":[{"@type":"WebPage","@id":"https:\/\/kojicskin-europe.com\/creme-eclaircissante-visage-spf15-22g-kojie-san\/","url":"https:\/\/kojicskin-europe.com\/creme-eclaircissante-visage-spf15-22g-kojie-san\/","name":"Cr\u00e8me \u00e9claircissante visage \"SPF15\" 22g - Kojie San - Kojic Skin Europe","isPartOf":{"@id":"https:\/\/kojicskin-europe.com\/#website"},"primaryImageOfPage":{"@id":"https:\/\/kojicskin-europe.com\/creme-eclaircissante-visage-spf15-22g-kojie-san\/#primaryimage"},"image":{"@id":"https:\/\/kojicskin-europe.com\/creme-eclaircissante-visage-spf15-22g-kojie-san\/#primaryimage"},"thumbnailUrl":"https:\/\/kojicskin-europe.com\/wp-content\/uploads\/2024\/09\/kojie-san-Creme-eclaircissante-visage-avec-Protection-Solaire-SPF15-kojic-skin-europe.webp","datePublished":"2024-09-14T15:27:06+00:00","dateModified":"2026-04-14T22:46:00+00:00","description":"Envie d'un teint \u00e9clatant et prot\u00e9g\u00e9 ? Essayez notre cr\u00e8me visage \u00e9claircissante SPF 15 \u00e0 l'acide kojique et filtres UVA\/UVB !","breadcrumb":{"@id":"https:\/\/kojicskin-europe.com\/creme-eclaircissante-visage-spf15-22g-kojie-san\/#breadcrumb"},"inLanguage":"nl-NL","potentialAction":[{"@type":"ReadAction","target":["https:\/\/kojicskin-europe.com\/creme-eclaircissante-visage-spf15-22g-kojie-san\/"]}]},{"@type":"ImageObject","inLanguage":"nl-NL","@id":"https:\/\/kojicskin-europe.com\/creme-eclaircissante-visage-spf15-22g-kojie-san\/#primaryimage","url":"https:\/\/kojicskin-europe.com\/wp-content\/uploads\/2024\/09\/kojie-san-Creme-eclaircissante-visage-avec-Protection-Solaire-SPF15-kojic-skin-europe.webp","contentUrl":"https:\/\/kojicskin-europe.com\/wp-content\/uploads\/2024\/09\/kojie-san-Creme-eclaircissante-visage-avec-Protection-Solaire-SPF15-kojic-skin-europe.webp","width":800,"height":800},{"@type":"BreadcrumbList","@id":"https:\/\/kojicskin-europe.com\/creme-eclaircissante-visage-spf15-22g-kojie-san\/#breadcrumb","itemListElement":[{"@type":"ListItem","position":1,"name":"Accueil","item":"https:\/\/kojicskin-europe.com\/"},{"@type":"ListItem","position":2,"name":"Kojie San","item":"https:\/\/kojicskin-europe.com\/kojie-san\/"},{"@type":"ListItem","position":3,"name":"Cr\u00e8me \u00e9claircissante visage \u00ab\u00a0SPF15\u00a0\u00bb 22g &#8211; Kojie San"}]},{"@type":"WebSite","@id":"https:\/\/kojicskin-europe.com\/#website","url":"https:\/\/kojicskin-europe.com\/","name":"Kojic Huid Europa","description":"","publisher":{"@id":"https:\/\/kojicskin-europe.com\/#organization"},"potentialAction":[{"@type":"SearchAction","target":{"@type":"EntryPoint","urlTemplate":"https:\/\/kojicskin-europe.com\/?s={search_term_string}"},"query-input":{"@type":"PropertyValueSpecification","valueRequired":true,"valueName":"search_term_string"}}],"inLanguage":"nl-NL"},{"@type":"Organization","@id":"https:\/\/kojicskin-europe.com\/#organization","name":"Kojic Huid Europa","url":"https:\/\/kojicskin-europe.com\/","logo":{"@type":"ImageObject","inLanguage":"nl-NL","@id":"https:\/\/kojicskin-europe.com\/#\/schema\/logo\/image\/","url":"https:\/\/kojicskin-europe.com\/wp-content\/uploads\/2024\/11\/kojic-skin-europe-logo.png","contentUrl":"https:\/\/kojicskin-europe.com\/wp-content\/uploads\/2024\/11\/kojic-skin-europe-logo.png","width":2078,"height":541,"caption":"Kojic Skin Europe"},"image":{"@id":"https:\/\/kojicskin-europe.com\/#\/schema\/logo\/image\/"}}]}},"_links":{"self":[{"href":"https:\/\/kojicskin-europe.com\/nl\/wp-json\/wp\/v2\/product\/142","targetHints":{"allow":["GET"]}}],"collection":[{"href":"https:\/\/kojicskin-europe.com\/nl\/wp-json\/wp\/v2\/product"}],"about":[{"href":"https:\/\/kojicskin-europe.com\/nl\/wp-json\/wp\/v2\/types\/product"}],"version-history":[{"count":0,"href":"https:\/\/kojicskin-europe.com\/nl\/wp-json\/wp\/v2\/product\/142\/revisions"}],"wp:featuredmedia":[{"embeddable":true,"href":"https:\/\/kojicskin-europe.com\/nl\/wp-json\/wp\/v2\/media\/497"}],"wp:attachment":[{"href":"https:\/\/kojicskin-europe.com\/nl\/wp-json\/wp\/v2\/media?parent=142"}],"wp:term":[{"taxonomy":"product_brand","embeddable":true,"href":"https:\/\/kojicskin-europe.com\/nl\/wp-json\/wp\/v2\/product_brand?post=142"},{"taxonomy":"product_cat","embeddable":true,"href":"https:\/\/kojicskin-europe.com\/nl\/wp-json\/wp\/v2\/product_cat?post=142"},{"taxonomy":"product_tag","embeddable":true,"href":"https:\/\/kojicskin-europe.com\/nl\/wp-json\/wp\/v2\/product_tag?post=142"}],"curies":[{"name":"wp","href":"https:\/\/api.w.org\/{rel}","templated":true}]}}