{"id":10,"date":"2024-11-25T17:40:29","date_gmt":"2024-11-25T17:40:29","guid":{"rendered":"http:\/\/kojic-skin-europe.local\/?page_id=10"},"modified":"2026-03-30T10:07:24","modified_gmt":"2026-03-30T08:07:24","slug":"terugbetalingen-en-retourbeleid","status":"publish","type":"page","link":"https:\/\/kojicskin-europe.com\/nl\/politique-remboursements-retours\/","title":{"rendered":"Restituties en retourbeleid"},"content":{"rendered":"<div data-elementor-type=\"wp-page\" data-elementor-id=\"10\" class=\"elementor elementor-10\" data-elementor-post-type=\"page\">\n\t\t\t\t<div class=\"elementor-element elementor-element-67c15a80 e-flex e-con-boxed e-con e-parent\" data-id=\"67c15a80\" data-element_type=\"container\" data-e-type=\"container\">\n\t\t\t\t\t<div class=\"e-con-inner\">\n\t\t\t\t<div class=\"elementor-element elementor-element-9e79178 elementor-widget elementor-widget-heading\" data-id=\"9e79178\" data-element_type=\"widget\" data-e-type=\"widget\" data-widget_type=\"heading.default\">\n\t\t\t\t<div class=\"elementor-widget-container\">\n\t\t\t\t\t<h1 class=\"elementor-heading-title elementor-size-default\">Restituties en retourbeleid<\/h1>\t\t\t\t<\/div>\n\t\t\t\t<\/div>\n\t\t\t\t<div class=\"elementor-element elementor-element-30c2ea45 elementor-widget elementor-widget-text-editor\" data-id=\"30c2ea45\" data-element_type=\"widget\" data-e-type=\"widget\" data-widget_type=\"text-editor.default\">\n\t\t\t\t<div class=\"elementor-widget-container\">\n\t\t\t\t\t\t\t\t\t<p><span style=\"font-weight: 400;\">In overeenstemming met de bepalingen van artikel L.121-21 van de Franse consumentenwet heeft u een herroepingstermijn van <\/span><b>14 dagen<\/b><span style=\"font-weight: 400;\"> vanaf de datum van ontvangst van uw producten om uw herroepingsrecht uit te oefenen zonder opgave van redenen of betaling van een boete (exclusief retourkosten).&nbsp;<\/span><\/p>\n<p><span style=\"font-weight: 400;\">Retourzendingen moeten worden ingediend binnen<\/span><b> in hun oorspronkelijke staat en compleet <\/b><span style=\"font-weight: 400;\">(verpakking, accessoires, instructies). In dit geval bent u aansprakelijk.&nbsp;<\/span><\/p>\n<p>La soci\u00e9t\u00e9 Kojic Skin Europe ne saurait \u00eatre tenue responsable des modifications de livraison d\u00e9cid\u00e9es unilat\u00e9ralement par le transporteur (changement de point relais, reprogrammation, retard, etc.).<\/p><p>En cas de non\u2011retrait du colis dans les d\u00e9lais impartis par le transporteur, et si un remboursement ou un renvoi de commande est demand\u00e9, les frais d\u2019exp\u00e9dition; aller et retour,&nbsp; restent int\u00e9gralement \u00e0 la charge du client.<\/p>\n<p><span style=\"font-weight: 400;\">Eventuele schade aan het product bij deze gelegenheid kan van dien aard zijn dat het herroepingsrecht vervalt.<\/span><b>Jij bent verantwoordelijk voor de kosten van het retourneren van de goederen.<\/b><\/p>\n<p><span style=\"font-weight: 400;\">In geval van uitoefening van het herroepingsrecht zal Kojic Skin - Europe de betaalde bedragen terugbetalen binnen een termijn van <\/span><b>14 dagen<\/b><span style=\"font-weight: 400;\"> na kennisgeving van uw verzoek en met hetzelfde betaalmiddel als voor de bestelling is gebruikt.&nbsp;<\/span><\/p>\n<p>Neem voor alle retourzendingen contact op met onze klantenservice via e-mail op contact@kojicskin-.&nbsp;<span style=\"font-size: 14px;\">europe.com. Zodra wij onze goedkeuring hebben gegeven, heb je 14 dagen de tijd om het artikel aan ons te retourneren.<\/span><\/p>\n<p><span style=\"font-size: 14px;\">Producten moeten in de originele, ongeopende verpakking worden geretourneerd en mogen op geen enkele manier beschadigd zijn.&nbsp;<\/span><span style=\"font-size: 14px;\">mag niet gebruikt zijn. Zodra het artikel is ontvangen, krijg je binnen 14 dagen je geld terug.<\/span><\/p>\t\t\t\t\t\t\t\t<\/div>\n\t\t\t\t<\/div>\n\t\t\t\t<div class=\"elementor-element elementor-element-234b6f2 elementor-widget elementor-widget-heading\" data-id=\"234b6f2\" data-element_type=\"widget\" data-e-type=\"widget\" data-widget_type=\"heading.default\">\n\t\t\t\t<div class=\"elementor-widget-container\">\n\t\t\t\t\t<h2 class=\"elementor-heading-title elementor-size-default\">BELANGRIJK! <\/h2>\t\t\t\t<\/div>\n\t\t\t\t<\/div>\n\t\t\t\t<div class=\"elementor-element elementor-element-87c3e5e elementor-widget elementor-widget-text-editor\" data-id=\"87c3e5e\" data-element_type=\"widget\" data-e-type=\"widget\" data-widget_type=\"text-editor.default\">\n\t\t\t\t<div class=\"elementor-widget-container\">\n\t\t\t\t\t\t\t\t\t<p>Vul ALLE informatie over je adres in wanneer je betaalt (gebouw, toegang, code, intercom, enz.) om ervoor te zorgen dat je bestelling correct wordt geleverd. Vanaf nu worden niet-geleverde bestellingen als gevolg van een adresfout of gebrek aan informatie van jouw kant niet meer volledig vergoed (je moet nog steeds portokosten betalen, zelfs als het pakket niet wordt geleverd).<\/p><p class=\"font_8 wixui-rich-text__text\"><span class=\"wixui-rich-text__text\">Het retouradres is :\u00a0<br class=\"wixui-rich-text__text\" \/>Kojic huid - Europa<br class=\"wixui-rich-text__text\" \/>87 La Guyonni\u00e8re<\/span><\/p><p class=\"font_8 wixui-rich-text__text\"><span class=\"wixui-rich-text__text\">53110 ST JULIEN DU TERROUX, <\/span><span class=\"wixui-rich-text__text\">FRANKRIJK<\/span><\/p><p>Bedankt voor uw begrip.<\/p>\t\t\t\t\t\t\t\t<\/div>\n\t\t\t\t<\/div>\n\t\t\t\t\t<\/div>\n\t\t\t\t<\/div>\n\t\t\t\t<\/div>","protected":false},"excerpt":{"rendered":"<p>Politique en mati\u00e8re de remboursements et de retours Conform\u00e9ment aux dispositions de l&rsquo;article L.121-21 du Code de la Consommation, vous disposez d&rsquo;un d\u00e9lai de r\u00e9tractation de 14 jours \u00e0 compter de la r\u00e9ception de vos produits pour exercer votre droit de r\u00e9traction sans avoir \u00e0 justifier de motifs ni \u00e0 payer de p\u00e9nalit\u00e9 (hors frais [&hellip;]<\/p>\n","protected":false},"author":1,"featured_media":0,"parent":0,"menu_order":0,"comment_status":"closed","ping_status":"closed","template":"","meta":{"ocean_post_layout":"","ocean_both_sidebars_style":"","ocean_both_sidebars_content_width":0,"ocean_both_sidebars_sidebars_width":0,"ocean_sidebar":"","ocean_second_sidebar":"","ocean_disable_margins":"enable","ocean_add_body_class":"","ocean_shortcode_before_top_bar":"","ocean_shortcode_after_top_bar":"","ocean_shortcode_before_header":"","ocean_shortcode_after_header":"","ocean_has_shortcode":"","ocean_shortcode_after_title":"","ocean_shortcode_before_footer_widgets":"","ocean_shortcode_after_footer_widgets":"","ocean_shortcode_before_footer_bottom":"","ocean_shortcode_after_footer_bottom":"","ocean_display_top_bar":"default","ocean_display_header":"default","ocean_header_style":"","ocean_center_header_left_menu":"","ocean_custom_header_template":"","ocean_custom_logo":0,"ocean_custom_retina_logo":0,"ocean_custom_logo_max_width":0,"ocean_custom_logo_tablet_max_width":0,"ocean_custom_logo_mobile_max_width":0,"ocean_custom_logo_max_height":0,"ocean_custom_logo_tablet_max_height":0,"ocean_custom_logo_mobile_max_height":0,"ocean_header_custom_menu":"","ocean_menu_typo_font_family":"","ocean_menu_typo_font_subset":"","ocean_menu_typo_font_size":0,"ocean_menu_typo_font_size_tablet":0,"ocean_menu_typo_font_size_mobile":0,"ocean_menu_typo_font_size_unit":"px","ocean_menu_typo_font_weight":"","ocean_menu_typo_font_weight_tablet":"","ocean_menu_typo_font_weight_mobile":"","ocean_menu_typo_transform":"","ocean_menu_typo_transform_tablet":"","ocean_menu_typo_transform_mobile":"","ocean_menu_typo_line_height":0,"ocean_menu_typo_line_height_tablet":0,"ocean_menu_typo_line_height_mobile":0,"ocean_menu_typo_line_height_unit":"","ocean_menu_typo_spacing":0,"ocean_menu_typo_spacing_tablet":0,"ocean_menu_typo_spacing_mobile":0,"ocean_menu_typo_spacing_unit":"","ocean_menu_link_color":"","ocean_menu_link_color_hover":"","ocean_menu_link_color_active":"","ocean_menu_link_background":"","ocean_menu_link_hover_background":"","ocean_menu_link_active_background":"","ocean_menu_social_links_bg":"","ocean_menu_social_hover_links_bg":"","ocean_menu_social_links_color":"","ocean_menu_social_hover_links_color":"","ocean_disable_title":"default","ocean_disable_heading":"default","ocean_post_title":"","ocean_post_subheading":"","ocean_post_title_style":"","ocean_post_title_background_color":"","ocean_post_title_background":0,"ocean_post_title_bg_image_position":"","ocean_post_title_bg_image_attachment":"","ocean_post_title_bg_image_repeat":"","ocean_post_title_bg_image_size":"","ocean_post_title_height":0,"ocean_post_title_bg_overlay":0.5,"ocean_post_title_bg_overlay_color":"","ocean_disable_breadcrumbs":"default","ocean_breadcrumbs_color":"","ocean_breadcrumbs_separator_color":"","ocean_breadcrumbs_links_color":"","ocean_breadcrumbs_links_hover_color":"","ocean_display_footer_widgets":"default","ocean_display_footer_bottom":"default","ocean_custom_footer_template":"","footnotes":""},"class_list":["post-10","page","type-page","status-publish","hentry","entry","owp-thumbs-layout-horizontal","owp-btn-normal","owp-tabs-layout-horizontal","has-no-thumbnails","has-product-nav"],"yoast_head":"<!-- This site is optimized with the Yoast SEO plugin v27.3 - https:\/\/yoast.com\/product\/yoast-seo-wordpress\/ -->\n<title>Politique en mati\u00e8re de remboursements et de retours - Kojic Skin Europe<\/title>\n<meta name=\"robots\" content=\"index, follow, max-snippet:-1, max-image-preview:large, max-video-preview:-1\" \/>\n<link rel=\"canonical\" href=\"https:\/\/kojicskin-europe.com\/nl\/terugbetalingen-en-retourbeleid\/\" \/>\n<meta property=\"og:locale\" content=\"nl_NL\" \/>\n<meta property=\"og:type\" content=\"article\" \/>\n<meta property=\"og:title\" content=\"Politique en mati\u00e8re de remboursements et de retours - Kojic Skin Europe\" \/>\n<meta property=\"og:description\" content=\"Politique en mati\u00e8re de remboursements et de retours Conform\u00e9ment aux dispositions de l&rsquo;article L.121-21 du Code de la Consommation, vous disposez d&rsquo;un d\u00e9lai de r\u00e9tractation de 14 jours \u00e0 compter de la r\u00e9ception de vos produits pour exercer votre droit de r\u00e9traction sans avoir \u00e0 justifier de motifs ni \u00e0 payer de p\u00e9nalit\u00e9 (hors frais [&hellip;]\" \/>\n<meta property=\"og:url\" content=\"https:\/\/kojicskin-europe.com\/nl\/terugbetalingen-en-retourbeleid\/\" \/>\n<meta property=\"og:site_name\" content=\"Kojic Skin Europe\" \/>\n<meta property=\"article:modified_time\" content=\"2026-03-30T08:07:24+00:00\" \/>\n<meta name=\"twitter:card\" content=\"summary_large_image\" \/>\n<meta name=\"twitter:label1\" content=\"Geschatte leestijd\" \/>\n\t<meta name=\"twitter:data1\" content=\"2 minuten\" \/>\n<script type=\"application\/ld+json\" class=\"yoast-schema-graph\">{\"@context\":\"https:\\\/\\\/schema.org\",\"@graph\":[{\"@type\":\"WebPage\",\"@id\":\"https:\\\/\\\/kojicskin-europe.com\\\/politique-remboursements-retours\\\/\",\"url\":\"https:\\\/\\\/kojicskin-europe.com\\\/politique-remboursements-retours\\\/\",\"name\":\"Politique en mati\u00e8re de remboursements et de retours - Kojic Skin Europe\",\"isPartOf\":{\"@id\":\"https:\\\/\\\/kojicskin-europe.com\\\/#website\"},\"datePublished\":\"2024-11-25T17:40:29+00:00\",\"dateModified\":\"2026-03-30T08:07:24+00:00\",\"breadcrumb\":{\"@id\":\"https:\\\/\\\/kojicskin-europe.com\\\/politique-remboursements-retours\\\/#breadcrumb\"},\"inLanguage\":\"nl-NL\",\"potentialAction\":[{\"@type\":\"ReadAction\",\"target\":[\"https:\\\/\\\/kojicskin-europe.com\\\/politique-remboursements-retours\\\/\"]}]},{\"@type\":\"BreadcrumbList\",\"@id\":\"https:\\\/\\\/kojicskin-europe.com\\\/politique-remboursements-retours\\\/#breadcrumb\",\"itemListElement\":[{\"@type\":\"ListItem\",\"position\":1,\"name\":\"Accueil\",\"item\":\"https:\\\/\\\/kojicskin-europe.com\\\/\"},{\"@type\":\"ListItem\",\"position\":2,\"name\":\"Politique en mati\u00e8re de remboursements et de retours\"}]},{\"@type\":\"WebSite\",\"@id\":\"https:\\\/\\\/kojicskin-europe.com\\\/#website\",\"url\":\"https:\\\/\\\/kojicskin-europe.com\\\/\",\"name\":\"Kojic Skin Europe\",\"description\":\"\",\"publisher\":{\"@id\":\"https:\\\/\\\/kojicskin-europe.com\\\/#organization\"},\"potentialAction\":[{\"@type\":\"SearchAction\",\"target\":{\"@type\":\"EntryPoint\",\"urlTemplate\":\"https:\\\/\\\/kojicskin-europe.com\\\/?s={search_term_string}\"},\"query-input\":{\"@type\":\"PropertyValueSpecification\",\"valueRequired\":true,\"valueName\":\"search_term_string\"}}],\"inLanguage\":\"nl-NL\"},{\"@type\":\"Organization\",\"@id\":\"https:\\\/\\\/kojicskin-europe.com\\\/#organization\",\"name\":\"Kojic Skin Europe\",\"url\":\"https:\\\/\\\/kojicskin-europe.com\\\/\",\"logo\":{\"@type\":\"ImageObject\",\"inLanguage\":\"nl-NL\",\"@id\":\"https:\\\/\\\/kojicskin-europe.com\\\/#\\\/schema\\\/logo\\\/image\\\/\",\"url\":\"https:\\\/\\\/kojicskin-europe.com\\\/wp-content\\\/uploads\\\/2024\\\/11\\\/kojic-skin-europe-logo.png\",\"contentUrl\":\"https:\\\/\\\/kojicskin-europe.com\\\/wp-content\\\/uploads\\\/2024\\\/11\\\/kojic-skin-europe-logo.png\",\"width\":2078,\"height\":541,\"caption\":\"Kojic Skin Europe\"},\"image\":{\"@id\":\"https:\\\/\\\/kojicskin-europe.com\\\/#\\\/schema\\\/logo\\\/image\\\/\"}}]}<\/script>\n<!-- \/ Yoast SEO plugin. -->","yoast_head_json":{"title":"Beleid voor terugbetalingen en retourzendingen - Kojic Skin Europe","robots":{"index":"index","follow":"follow","max-snippet":"max-snippet:-1","max-image-preview":"max-image-preview:large","max-video-preview":"max-video-preview:-1"},"canonical":"https:\/\/kojicskin-europe.com\/nl\/terugbetalingen-en-retourbeleid\/","og_locale":"nl_NL","og_type":"article","og_title":"Politique en mati\u00e8re de remboursements et de retours - Kojic Skin Europe","og_description":"Politique en mati\u00e8re de remboursements et de retours Conform\u00e9ment aux dispositions de l&rsquo;article L.121-21 du Code de la Consommation, vous disposez d&rsquo;un d\u00e9lai de r\u00e9tractation de 14 jours \u00e0 compter de la r\u00e9ception de vos produits pour exercer votre droit de r\u00e9traction sans avoir \u00e0 justifier de motifs ni \u00e0 payer de p\u00e9nalit\u00e9 (hors frais [&hellip;]","og_url":"https:\/\/kojicskin-europe.com\/nl\/terugbetalingen-en-retourbeleid\/","og_site_name":"Kojic Skin Europe","article_modified_time":"2026-03-30T08:07:24+00:00","twitter_card":"summary_large_image","twitter_misc":{"Geschatte leestijd":"2 minuten"},"schema":{"@context":"https:\/\/schema.org","@graph":[{"@type":"WebPage","@id":"https:\/\/kojicskin-europe.com\/politique-remboursements-retours\/","url":"https:\/\/kojicskin-europe.com\/politique-remboursements-retours\/","name":"Beleid voor terugbetalingen en retourzendingen - Kojic Skin Europe","isPartOf":{"@id":"https:\/\/kojicskin-europe.com\/#website"},"datePublished":"2024-11-25T17:40:29+00:00","dateModified":"2026-03-30T08:07:24+00:00","breadcrumb":{"@id":"https:\/\/kojicskin-europe.com\/politique-remboursements-retours\/#breadcrumb"},"inLanguage":"nl-NL","potentialAction":[{"@type":"ReadAction","target":["https:\/\/kojicskin-europe.com\/politique-remboursements-retours\/"]}]},{"@type":"BreadcrumbList","@id":"https:\/\/kojicskin-europe.com\/politique-remboursements-retours\/#breadcrumb","itemListElement":[{"@type":"ListItem","position":1,"name":"Accueil","item":"https:\/\/kojicskin-europe.com\/"},{"@type":"ListItem","position":2,"name":"Politique en mati\u00e8re de remboursements et de retours"}]},{"@type":"WebSite","@id":"https:\/\/kojicskin-europe.com\/#website","url":"https:\/\/kojicskin-europe.com\/","name":"Kojic Huid Europa","description":"","publisher":{"@id":"https:\/\/kojicskin-europe.com\/#organization"},"potentialAction":[{"@type":"SearchAction","target":{"@type":"EntryPoint","urlTemplate":"https:\/\/kojicskin-europe.com\/?s={search_term_string}"},"query-input":{"@type":"PropertyValueSpecification","valueRequired":true,"valueName":"search_term_string"}}],"inLanguage":"nl-NL"},{"@type":"Organization","@id":"https:\/\/kojicskin-europe.com\/#organization","name":"Kojic Huid Europa","url":"https:\/\/kojicskin-europe.com\/","logo":{"@type":"ImageObject","inLanguage":"nl-NL","@id":"https:\/\/kojicskin-europe.com\/#\/schema\/logo\/image\/","url":"https:\/\/kojicskin-europe.com\/wp-content\/uploads\/2024\/11\/kojic-skin-europe-logo.png","contentUrl":"https:\/\/kojicskin-europe.com\/wp-content\/uploads\/2024\/11\/kojic-skin-europe-logo.png","width":2078,"height":541,"caption":"Kojic Skin Europe"},"image":{"@id":"https:\/\/kojicskin-europe.com\/#\/schema\/logo\/image\/"}}]}},"_links":{"self":[{"href":"https:\/\/kojicskin-europe.com\/nl\/wp-json\/wp\/v2\/pages\/10","targetHints":{"allow":["GET"]}}],"collection":[{"href":"https:\/\/kojicskin-europe.com\/nl\/wp-json\/wp\/v2\/pages"}],"about":[{"href":"https:\/\/kojicskin-europe.com\/nl\/wp-json\/wp\/v2\/types\/page"}],"author":[{"embeddable":true,"href":"https:\/\/kojicskin-europe.com\/nl\/wp-json\/wp\/v2\/users\/1"}],"replies":[{"embeddable":true,"href":"https:\/\/kojicskin-europe.com\/nl\/wp-json\/wp\/v2\/comments?post=10"}],"version-history":[{"count":0,"href":"https:\/\/kojicskin-europe.com\/nl\/wp-json\/wp\/v2\/pages\/10\/revisions"}],"wp:attachment":[{"href":"https:\/\/kojicskin-europe.com\/nl\/wp-json\/wp\/v2\/media?parent=10"}],"curies":[{"name":"wp","href":"https:\/\/api.w.org\/{rel}","templated":true}]}}