{"id":974,"date":"2025-02-25T18:44:51","date_gmt":"2025-02-25T18:44:51","guid":{"rendered":"https:\/\/kojicskineurope.live-website.com\/?post_type=product&#038;p=974"},"modified":"2026-02-04T00:39:04","modified_gmt":"2026-02-03T23:39:04","slug":"sapone-extra-fresco-per-viso-e-corpo-kojie-san-135g","status":"publish","type":"product","link":"https:\/\/kojicskin-europe.com\/it\/savon-visage-et-corps-extra-fresh-kojie-san-135g\/","title":{"rendered":"Sapone da uomo \"extra fresco\" per viso e corpo 135 g - Kojie San"},"content":{"rendered":"<p>Migliorate la vostra routine di cura della pelle con il sapone Kojie san Men Extra Fresh, una soluzione appositamente studiata per il viso e il corpo. <strong>per una pulizia profonda<\/strong> e\u00a0<strong>rinfrescare la pelle degli uomini<\/strong>.<\/p>\n<p>Questa formula unica \u00e8 arricchita con<strong>\u00a0Cellula attiva<\/strong>contribuendo a\u00a0<strong>migliorare la compattezza della pelle<\/strong>\u00a0e <strong>per restringere i pori<\/strong>. Il nostro sapone \u00e8 <strong>sviluppato meticolosamente<\/strong> per le esigenze di cura di <strong>pelle degli uomini,<\/strong> <strong>con un forte effetto idratante<\/strong>.<\/p>\n<p>Scoprite i benefici ringiovanenti della crema, che lascia la pelle morbida ed elastica. <strong>pelle fresca<\/strong> e con <strong>un aspetto giovanile<\/strong>. Migliorate la vostra routine di pulizia quotidiana con Kojie San Men Extra Fresh per un'esperienza di benessere e di benessere. <strong>sensazione di vitalit\u00e0<\/strong> e <strong>fiducia.<\/strong><\/p>","protected":false},"excerpt":{"rendered":"<ul>\n<li><strong><u>PREPARATO E SPEDITO ENTRO 5 GIORNI<\/u><\/strong><\/li>\n<li>Deterge in profondit\u00e0 e rinfresca.<\/li>\n<li>Tecnologia Cell Active per migliorare la compattezza e restringere i pori.<\/li>\n<li>Effetto idratante, benefici di ringiovanimento.<\/li>\n<li>Lascia la pelle fresca e giovane.<\/li>\n<li>Ideale per la toelettatura quotidiana, dona vitalit\u00e0 e sicurezza.<\/li>\n<li><strong>Formato<\/strong> Peso: 135 grammi<\/li>\n<\/ul>","protected":false},"featured_media":999,"template":"","meta":{"ocean_post_layout":"","ocean_both_sidebars_style":"","ocean_both_sidebars_content_width":0,"ocean_both_sidebars_sidebars_width":0,"ocean_sidebar":"0","ocean_second_sidebar":"0","ocean_disable_margins":"enable","ocean_add_body_class":"","ocean_shortcode_before_top_bar":"","ocean_shortcode_after_top_bar":"","ocean_shortcode_before_header":"","ocean_shortcode_after_header":"","ocean_has_shortcode":"","ocean_shortcode_after_title":"","ocean_shortcode_before_footer_widgets":"","ocean_shortcode_after_footer_widgets":"","ocean_shortcode_before_footer_bottom":"","ocean_shortcode_after_footer_bottom":"","ocean_display_top_bar":"default","ocean_display_header":"default","ocean_header_style":"","ocean_center_header_left_menu":"0","ocean_custom_header_template":"0","ocean_custom_logo":0,"ocean_custom_retina_logo":0,"ocean_custom_logo_max_width":0,"ocean_custom_logo_tablet_max_width":0,"ocean_custom_logo_mobile_max_width":0,"ocean_custom_logo_max_height":0,"ocean_custom_logo_tablet_max_height":0,"ocean_custom_logo_mobile_max_height":0,"ocean_header_custom_menu":"0","ocean_menu_typo_font_family":"0","ocean_menu_typo_font_subset":"","ocean_menu_typo_font_size":0,"ocean_menu_typo_font_size_tablet":0,"ocean_menu_typo_font_size_mobile":0,"ocean_menu_typo_font_size_unit":"px","ocean_menu_typo_font_weight":"","ocean_menu_typo_font_weight_tablet":"","ocean_menu_typo_font_weight_mobile":"","ocean_menu_typo_transform":"","ocean_menu_typo_transform_tablet":"","ocean_menu_typo_transform_mobile":"","ocean_menu_typo_line_height":0,"ocean_menu_typo_line_height_tablet":0,"ocean_menu_typo_line_height_mobile":0,"ocean_menu_typo_line_height_unit":"","ocean_menu_typo_spacing":0,"ocean_menu_typo_spacing_tablet":0,"ocean_menu_typo_spacing_mobile":0,"ocean_menu_typo_spacing_unit":"","ocean_menu_link_color":"","ocean_menu_link_color_hover":"","ocean_menu_link_color_active":"","ocean_menu_link_background":"","ocean_menu_link_hover_background":"","ocean_menu_link_active_background":"","ocean_menu_social_links_bg":"","ocean_menu_social_hover_links_bg":"","ocean_menu_social_links_color":"","ocean_menu_social_hover_links_color":"","ocean_disable_title":"default","ocean_disable_heading":"default","ocean_post_title":"","ocean_post_subheading":"","ocean_post_title_style":"","ocean_post_title_background_color":"","ocean_post_title_background":0,"ocean_post_title_bg_image_position":"","ocean_post_title_bg_image_attachment":"","ocean_post_title_bg_image_repeat":"","ocean_post_title_bg_image_size":"","ocean_post_title_height":0,"ocean_post_title_bg_overlay":0.5,"ocean_post_title_bg_overlay_color":"","ocean_disable_breadcrumbs":"default","ocean_breadcrumbs_color":"","ocean_breadcrumbs_separator_color":"","ocean_breadcrumbs_links_color":"","ocean_breadcrumbs_links_hover_color":"","ocean_display_footer_widgets":"default","ocean_display_footer_bottom":"default","ocean_custom_footer_template":"0"},"product_brand":[],"product_cat":[23,17],"product_tag":[],"class_list":{"0":"post-974","1":"product","2":"type-product","3":"status-publish","4":"has-post-thumbnail","6":"product_cat-kojie-san","7":"product_cat-kojie-san-savons","9":"entry","10":"has-media","12":"first","13":"outofstock","14":"taxable","15":"shipping-taxable","16":"purchasable","17":"product-type-simple","18":"has-product-nav","19":"col","20":"span_1_of_3","21":"owp-content-center","22":"owp-thumbs-layout-horizontal","23":"owp-btn-normal","24":"owp-tabs-layout-horizontal","25":"has-no-thumbnails"},"yoast_head":"<!-- This site is optimized with the Yoast SEO plugin v27.3 - https:\/\/yoast.com\/product\/yoast-seo-wordpress\/ -->\n<title>Savon pour visage et corps Men &quot;extra fresh&quot; 135g - Kojie San<\/title>\n<meta name=\"description\" content=\"Kojie San Men Extra Fresh : Essayez notre savon hydratant pour une peau fra\u00eeche et jeune. Ajoutez-le \u00e0 votre routine de soin d\u00e8s aujourd&#039;hui!\" \/>\n<meta name=\"robots\" content=\"index, follow, max-snippet:-1, max-image-preview:large, max-video-preview:-1\" \/>\n<link rel=\"canonical\" href=\"https:\/\/kojicskin-europe.com\/it\/sapone-extra-fresco-per-viso-e-corpo-kojie-san-135g\/\" \/>\n<meta property=\"og:locale\" content=\"it_IT\" \/>\n<meta property=\"og:type\" content=\"article\" \/>\n<meta property=\"og:title\" content=\"Savon pour visage et corps Men &quot;extra fresh&quot; 135g - Kojie San\" \/>\n<meta property=\"og:description\" content=\"Kojie San Men Extra Fresh : Essayez notre savon hydratant pour une peau fra\u00eeche et jeune. Ajoutez-le \u00e0 votre routine de soin d\u00e8s aujourd&#039;hui!\" \/>\n<meta property=\"og:url\" content=\"https:\/\/kojicskin-europe.com\/it\/sapone-extra-fresco-per-viso-e-corpo-kojie-san-135g\/\" \/>\n<meta property=\"og:site_name\" content=\"Kojic Skin Europe\" \/>\n<meta property=\"article:modified_time\" content=\"2026-02-03T23:39:04+00:00\" \/>\n<meta property=\"og:image\" content=\"https:\/\/kojicskin-europe.com\/wp-content\/uploads\/2025\/02\/savon-extra-fresh-anti-age-dream-white-kojie-san-135g-.webp\" \/>\n\t<meta property=\"og:image:width\" content=\"800\" \/>\n\t<meta property=\"og:image:height\" content=\"800\" \/>\n\t<meta property=\"og:image:type\" content=\"image\/webp\" \/>\n<meta name=\"twitter:card\" content=\"summary_large_image\" \/>\n<meta name=\"twitter:label1\" content=\"Tempo di lettura stimato\" \/>\n\t<meta name=\"twitter:data1\" content=\"1 minuto\" \/>\n<script type=\"application\/ld+json\" class=\"yoast-schema-graph\">{\"@context\":\"https:\\\/\\\/schema.org\",\"@graph\":[{\"@type\":\"WebPage\",\"@id\":\"https:\\\/\\\/kojicskin-europe.com\\\/savon-visage-et-corps-extra-fresh-kojie-san-135g\\\/\",\"url\":\"https:\\\/\\\/kojicskin-europe.com\\\/savon-visage-et-corps-extra-fresh-kojie-san-135g\\\/\",\"name\":\"Savon pour visage et corps Men \\\"extra fresh\\\" 135g - Kojie San\",\"isPartOf\":{\"@id\":\"https:\\\/\\\/kojicskin-europe.com\\\/#website\"},\"primaryImageOfPage\":{\"@id\":\"https:\\\/\\\/kojicskin-europe.com\\\/savon-visage-et-corps-extra-fresh-kojie-san-135g\\\/#primaryimage\"},\"image\":{\"@id\":\"https:\\\/\\\/kojicskin-europe.com\\\/savon-visage-et-corps-extra-fresh-kojie-san-135g\\\/#primaryimage\"},\"thumbnailUrl\":\"https:\\\/\\\/kojicskin-europe.com\\\/wp-content\\\/uploads\\\/2025\\\/02\\\/savon-extra-fresh-anti-age-dream-white-kojie-san-135g-.webp\",\"datePublished\":\"2025-02-25T18:44:51+00:00\",\"dateModified\":\"2026-02-03T23:39:04+00:00\",\"description\":\"Kojie San Men Extra Fresh : Essayez notre savon hydratant pour une peau fra\u00eeche et jeune. Ajoutez-le \u00e0 votre routine de soin d\u00e8s aujourd'hui!\",\"breadcrumb\":{\"@id\":\"https:\\\/\\\/kojicskin-europe.com\\\/savon-visage-et-corps-extra-fresh-kojie-san-135g\\\/#breadcrumb\"},\"inLanguage\":\"it-IT\",\"potentialAction\":[{\"@type\":\"ReadAction\",\"target\":[\"https:\\\/\\\/kojicskin-europe.com\\\/savon-visage-et-corps-extra-fresh-kojie-san-135g\\\/\"]}]},{\"@type\":\"ImageObject\",\"inLanguage\":\"it-IT\",\"@id\":\"https:\\\/\\\/kojicskin-europe.com\\\/savon-visage-et-corps-extra-fresh-kojie-san-135g\\\/#primaryimage\",\"url\":\"https:\\\/\\\/kojicskin-europe.com\\\/wp-content\\\/uploads\\\/2025\\\/02\\\/savon-extra-fresh-anti-age-dream-white-kojie-san-135g-.webp\",\"contentUrl\":\"https:\\\/\\\/kojicskin-europe.com\\\/wp-content\\\/uploads\\\/2025\\\/02\\\/savon-extra-fresh-anti-age-dream-white-kojie-san-135g-.webp\",\"width\":800,\"height\":800},{\"@type\":\"BreadcrumbList\",\"@id\":\"https:\\\/\\\/kojicskin-europe.com\\\/savon-visage-et-corps-extra-fresh-kojie-san-135g\\\/#breadcrumb\",\"itemListElement\":[{\"@type\":\"ListItem\",\"position\":1,\"name\":\"Accueil\",\"item\":\"https:\\\/\\\/kojicskin-europe.com\\\/\"},{\"@type\":\"ListItem\",\"position\":2,\"name\":\"Kojie San\",\"item\":\"https:\\\/\\\/kojicskin-europe.com\\\/kojie-san\\\/\"},{\"@type\":\"ListItem\",\"position\":3,\"name\":\"Savon pour visage et corps Men \u00ab\u00a0extra fresh\u00a0\u00bb 135g &#8211; Kojie San\"}]},{\"@type\":\"WebSite\",\"@id\":\"https:\\\/\\\/kojicskin-europe.com\\\/#website\",\"url\":\"https:\\\/\\\/kojicskin-europe.com\\\/\",\"name\":\"Kojic Skin Europe\",\"description\":\"\",\"publisher\":{\"@id\":\"https:\\\/\\\/kojicskin-europe.com\\\/#organization\"},\"potentialAction\":[{\"@type\":\"SearchAction\",\"target\":{\"@type\":\"EntryPoint\",\"urlTemplate\":\"https:\\\/\\\/kojicskin-europe.com\\\/?s={search_term_string}\"},\"query-input\":{\"@type\":\"PropertyValueSpecification\",\"valueRequired\":true,\"valueName\":\"search_term_string\"}}],\"inLanguage\":\"it-IT\"},{\"@type\":\"Organization\",\"@id\":\"https:\\\/\\\/kojicskin-europe.com\\\/#organization\",\"name\":\"Kojic Skin Europe\",\"url\":\"https:\\\/\\\/kojicskin-europe.com\\\/\",\"logo\":{\"@type\":\"ImageObject\",\"inLanguage\":\"it-IT\",\"@id\":\"https:\\\/\\\/kojicskin-europe.com\\\/#\\\/schema\\\/logo\\\/image\\\/\",\"url\":\"https:\\\/\\\/kojicskin-europe.com\\\/wp-content\\\/uploads\\\/2024\\\/11\\\/kojic-skin-europe-logo.png\",\"contentUrl\":\"https:\\\/\\\/kojicskin-europe.com\\\/wp-content\\\/uploads\\\/2024\\\/11\\\/kojic-skin-europe-logo.png\",\"width\":2078,\"height\":541,\"caption\":\"Kojic Skin Europe\"},\"image\":{\"@id\":\"https:\\\/\\\/kojicskin-europe.com\\\/#\\\/schema\\\/logo\\\/image\\\/\"}}]}<\/script>\n<!-- \/ Yoast SEO plugin. -->","yoast_head_json":{"title":"Sapone da uomo \"extra fresco\" per viso e corpo 135 g - Kojie San","description":"Kojie San Men Extra Fresh: provate il nostro sapone idratante per una pelle fresca e giovane. Aggiungetelo alla vostra routine di cura della pelle oggi stesso!","robots":{"index":"index","follow":"follow","max-snippet":"max-snippet:-1","max-image-preview":"max-image-preview:large","max-video-preview":"max-video-preview:-1"},"canonical":"https:\/\/kojicskin-europe.com\/it\/sapone-extra-fresco-per-viso-e-corpo-kojie-san-135g\/","og_locale":"it_IT","og_type":"article","og_title":"Savon pour visage et corps Men \"extra fresh\" 135g - Kojie San","og_description":"Kojie San Men Extra Fresh : Essayez notre savon hydratant pour une peau fra\u00eeche et jeune. Ajoutez-le \u00e0 votre routine de soin d\u00e8s aujourd'hui!","og_url":"https:\/\/kojicskin-europe.com\/it\/sapone-extra-fresco-per-viso-e-corpo-kojie-san-135g\/","og_site_name":"Kojic Skin Europe","article_modified_time":"2026-02-03T23:39:04+00:00","og_image":[{"width":800,"height":800,"url":"https:\/\/kojicskin-europe.com\/wp-content\/uploads\/2025\/02\/savon-extra-fresh-anti-age-dream-white-kojie-san-135g-.webp","type":"image\/webp"}],"twitter_card":"summary_large_image","twitter_misc":{"Tempo di lettura stimato":"1 minuto"},"schema":{"@context":"https:\/\/schema.org","@graph":[{"@type":"WebPage","@id":"https:\/\/kojicskin-europe.com\/savon-visage-et-corps-extra-fresh-kojie-san-135g\/","url":"https:\/\/kojicskin-europe.com\/savon-visage-et-corps-extra-fresh-kojie-san-135g\/","name":"Sapone da uomo \"extra fresco\" per viso e corpo 135 g - Kojie San","isPartOf":{"@id":"https:\/\/kojicskin-europe.com\/#website"},"primaryImageOfPage":{"@id":"https:\/\/kojicskin-europe.com\/savon-visage-et-corps-extra-fresh-kojie-san-135g\/#primaryimage"},"image":{"@id":"https:\/\/kojicskin-europe.com\/savon-visage-et-corps-extra-fresh-kojie-san-135g\/#primaryimage"},"thumbnailUrl":"https:\/\/kojicskin-europe.com\/wp-content\/uploads\/2025\/02\/savon-extra-fresh-anti-age-dream-white-kojie-san-135g-.webp","datePublished":"2025-02-25T18:44:51+00:00","dateModified":"2026-02-03T23:39:04+00:00","description":"Kojie San Men Extra Fresh: provate il nostro sapone idratante per una pelle fresca e giovane. Aggiungetelo alla vostra routine di cura della pelle oggi stesso!","breadcrumb":{"@id":"https:\/\/kojicskin-europe.com\/savon-visage-et-corps-extra-fresh-kojie-san-135g\/#breadcrumb"},"inLanguage":"it-IT","potentialAction":[{"@type":"ReadAction","target":["https:\/\/kojicskin-europe.com\/savon-visage-et-corps-extra-fresh-kojie-san-135g\/"]}]},{"@type":"ImageObject","inLanguage":"it-IT","@id":"https:\/\/kojicskin-europe.com\/savon-visage-et-corps-extra-fresh-kojie-san-135g\/#primaryimage","url":"https:\/\/kojicskin-europe.com\/wp-content\/uploads\/2025\/02\/savon-extra-fresh-anti-age-dream-white-kojie-san-135g-.webp","contentUrl":"https:\/\/kojicskin-europe.com\/wp-content\/uploads\/2025\/02\/savon-extra-fresh-anti-age-dream-white-kojie-san-135g-.webp","width":800,"height":800},{"@type":"BreadcrumbList","@id":"https:\/\/kojicskin-europe.com\/savon-visage-et-corps-extra-fresh-kojie-san-135g\/#breadcrumb","itemListElement":[{"@type":"ListItem","position":1,"name":"Accueil","item":"https:\/\/kojicskin-europe.com\/"},{"@type":"ListItem","position":2,"name":"Kojie San","item":"https:\/\/kojicskin-europe.com\/kojie-san\/"},{"@type":"ListItem","position":3,"name":"Savon pour visage et corps Men \u00ab\u00a0extra fresh\u00a0\u00bb 135g &#8211; Kojie San"}]},{"@type":"WebSite","@id":"https:\/\/kojicskin-europe.com\/#website","url":"https:\/\/kojicskin-europe.com\/","name":"Pelle kojica Europa","description":"","publisher":{"@id":"https:\/\/kojicskin-europe.com\/#organization"},"potentialAction":[{"@type":"SearchAction","target":{"@type":"EntryPoint","urlTemplate":"https:\/\/kojicskin-europe.com\/?s={search_term_string}"},"query-input":{"@type":"PropertyValueSpecification","valueRequired":true,"valueName":"search_term_string"}}],"inLanguage":"it-IT"},{"@type":"Organization","@id":"https:\/\/kojicskin-europe.com\/#organization","name":"Pelle kojica Europa","url":"https:\/\/kojicskin-europe.com\/","logo":{"@type":"ImageObject","inLanguage":"it-IT","@id":"https:\/\/kojicskin-europe.com\/#\/schema\/logo\/image\/","url":"https:\/\/kojicskin-europe.com\/wp-content\/uploads\/2024\/11\/kojic-skin-europe-logo.png","contentUrl":"https:\/\/kojicskin-europe.com\/wp-content\/uploads\/2024\/11\/kojic-skin-europe-logo.png","width":2078,"height":541,"caption":"Kojic Skin Europe"},"image":{"@id":"https:\/\/kojicskin-europe.com\/#\/schema\/logo\/image\/"}}]}},"_links":{"self":[{"href":"https:\/\/kojicskin-europe.com\/it\/wp-json\/wp\/v2\/product\/974","targetHints":{"allow":["GET"]}}],"collection":[{"href":"https:\/\/kojicskin-europe.com\/it\/wp-json\/wp\/v2\/product"}],"about":[{"href":"https:\/\/kojicskin-europe.com\/it\/wp-json\/wp\/v2\/types\/product"}],"version-history":[{"count":0,"href":"https:\/\/kojicskin-europe.com\/it\/wp-json\/wp\/v2\/product\/974\/revisions"}],"wp:featuredmedia":[{"embeddable":true,"href":"https:\/\/kojicskin-europe.com\/it\/wp-json\/wp\/v2\/media\/999"}],"wp:attachment":[{"href":"https:\/\/kojicskin-europe.com\/it\/wp-json\/wp\/v2\/media?parent=974"}],"wp:term":[{"taxonomy":"product_brand","embeddable":true,"href":"https:\/\/kojicskin-europe.com\/it\/wp-json\/wp\/v2\/product_brand?post=974"},{"taxonomy":"product_cat","embeddable":true,"href":"https:\/\/kojicskin-europe.com\/it\/wp-json\/wp\/v2\/product_cat?post=974"},{"taxonomy":"product_tag","embeddable":true,"href":"https:\/\/kojicskin-europe.com\/it\/wp-json\/wp\/v2\/product_tag?post=974"}],"curies":[{"name":"wp","href":"https:\/\/api.w.org\/{rel}","templated":true}]}}