{"id":929,"date":"2025-02-25T18:44:35","date_gmt":"2025-02-25T18:44:35","guid":{"rendered":"https:\/\/kojicskineurope.live-website.com\/?post_type=product&#038;p=929"},"modified":"2026-03-14T21:31:56","modified_gmt":"2026-03-14T20:31:56","slug":"silka-3-saponi-schiarenti-alla-papaya-3x90g","status":"publish","type":"product","link":"https:\/\/kojicskin-europe.com\/it\/silka-3-savons-eclaircissants-a-la-papaye-3x90g\/","title":{"rendered":"3 Saponi alla papaya 3x90g - Silka"},"content":{"rendered":"<p><strong>Scoprite un metodo naturale ed efficace<\/strong> per ottenere la pelle <strong>visibilmente pi\u00f9 chiara e luminosa<\/strong>. <strong>Set di 3 saponi Silka da 90 g<\/strong>arricchito in <strong>enzima della papaya<\/strong>un potente ingrediente naturale, aiuta a <strong>rimuovere le cellule morte della pelle<\/strong>che incoraggia <strong>rinnovamento cellulare<\/strong> per una carnagione <strong>pi\u00f9 giovane e luminoso<\/strong>.<\/p>\n<p><strong>Vitamina E<\/strong>noto per la sua <strong>propriet\u00e0 idratanti e antiossidanti<\/strong>viene aggiunto per migliorare la <strong>morbidezza<\/strong>il <strong>flessibilit\u00e0<\/strong> e il <strong>la resilienza della pelle<\/strong> in <strong>proteggere dalle aggressioni esterne e dai segni dell'invecchiamento<\/strong>. Suono <strong>delicata fragranza fruttata<\/strong> fornisce <strong>sensazione di freschezza<\/strong> per tutto il giorno, trasformando ogni utilizzo in una vera e propria esperienza. <strong>momento di piacere<\/strong>.<\/p>\n<p>Per <strong>risultati ottimali<\/strong>utilizzare questo prodotto <strong>regolarmente<\/strong> e osservare la pelle che diventa gradualmente <strong>Pi\u00f9 liscia, pi\u00f9 chiara e pi\u00f9 sana.<\/strong><\/p>","protected":false},"excerpt":{"rendered":"<ul>\n<li><strong>Preparato e spedito entro 5 giorni<\/strong><\/li>\n<li>Metodo naturale per una pelle pi\u00f9 chiara e luminosa<\/li>\n<li>Enzima della papaya: elimina le cellule morte, rinnovamento cellulare<\/li>\n<li>Vitamina E: idratante e antiossidante, morbidezza e protezione<\/li>\n<li>Delicata fragranza fruttata: una sensazione di freschezza<\/li>\n<li><strong>Formato<\/strong> 3\u00d790 grammi<\/li>\n<\/ul>","protected":false},"featured_media":800,"template":"","meta":{"ocean_post_layout":"","ocean_both_sidebars_style":"","ocean_both_sidebars_content_width":0,"ocean_both_sidebars_sidebars_width":0,"ocean_sidebar":"0","ocean_second_sidebar":"0","ocean_disable_margins":"enable","ocean_add_body_class":"","ocean_shortcode_before_top_bar":"","ocean_shortcode_after_top_bar":"","ocean_shortcode_before_header":"","ocean_shortcode_after_header":"","ocean_has_shortcode":"","ocean_shortcode_after_title":"","ocean_shortcode_before_footer_widgets":"","ocean_shortcode_after_footer_widgets":"","ocean_shortcode_before_footer_bottom":"","ocean_shortcode_after_footer_bottom":"","ocean_display_top_bar":"default","ocean_display_header":"default","ocean_header_style":"","ocean_center_header_left_menu":"0","ocean_custom_header_template":"0","ocean_custom_logo":0,"ocean_custom_retina_logo":0,"ocean_custom_logo_max_width":0,"ocean_custom_logo_tablet_max_width":0,"ocean_custom_logo_mobile_max_width":0,"ocean_custom_logo_max_height":0,"ocean_custom_logo_tablet_max_height":0,"ocean_custom_logo_mobile_max_height":0,"ocean_header_custom_menu":"0","ocean_menu_typo_font_family":"0","ocean_menu_typo_font_subset":"","ocean_menu_typo_font_size":0,"ocean_menu_typo_font_size_tablet":0,"ocean_menu_typo_font_size_mobile":0,"ocean_menu_typo_font_size_unit":"px","ocean_menu_typo_font_weight":"","ocean_menu_typo_font_weight_tablet":"","ocean_menu_typo_font_weight_mobile":"","ocean_menu_typo_transform":"","ocean_menu_typo_transform_tablet":"","ocean_menu_typo_transform_mobile":"","ocean_menu_typo_line_height":0,"ocean_menu_typo_line_height_tablet":0,"ocean_menu_typo_line_height_mobile":0,"ocean_menu_typo_line_height_unit":"","ocean_menu_typo_spacing":0,"ocean_menu_typo_spacing_tablet":0,"ocean_menu_typo_spacing_mobile":0,"ocean_menu_typo_spacing_unit":"","ocean_menu_link_color":"","ocean_menu_link_color_hover":"","ocean_menu_link_color_active":"","ocean_menu_link_background":"","ocean_menu_link_hover_background":"","ocean_menu_link_active_background":"","ocean_menu_social_links_bg":"","ocean_menu_social_hover_links_bg":"","ocean_menu_social_links_color":"","ocean_menu_social_hover_links_color":"","ocean_disable_title":"default","ocean_disable_heading":"default","ocean_post_title":"","ocean_post_subheading":"","ocean_post_title_style":"","ocean_post_title_background_color":"","ocean_post_title_background":0,"ocean_post_title_bg_image_position":"","ocean_post_title_bg_image_attachment":"","ocean_post_title_bg_image_repeat":"","ocean_post_title_bg_image_size":"","ocean_post_title_height":0,"ocean_post_title_bg_overlay":0.5,"ocean_post_title_bg_overlay_color":"","ocean_disable_breadcrumbs":"default","ocean_breadcrumbs_color":"","ocean_breadcrumbs_separator_color":"","ocean_breadcrumbs_links_color":"","ocean_breadcrumbs_links_hover_color":"","ocean_display_footer_widgets":"default","ocean_display_footer_bottom":"default","ocean_custom_footer_template":"0"},"product_brand":[],"product_cat":[29,28],"product_tag":[],"class_list":{"0":"post-929","1":"product","2":"type-product","3":"status-publish","4":"has-post-thumbnail","6":"product_cat-silka-savons-gels-douche","7":"product_cat-silka","9":"entry","10":"has-media","12":"first","13":"outofstock","14":"taxable","15":"shipping-taxable","16":"purchasable","17":"product-type-simple","18":"has-product-nav","19":"col","20":"span_1_of_3","21":"owp-content-center","22":"owp-thumbs-layout-horizontal","23":"owp-btn-normal","24":"owp-tabs-layout-horizontal","25":"has-no-thumbnails"},"yoast_head":"<!-- This site is optimized with the Yoast SEO plugin v27.3 - https:\/\/yoast.com\/product\/yoast-seo-wordpress\/ -->\n<title>3 Savons \u00e0 la papaye 3x90g - Silka<\/title>\n<meta name=\"description\" content=\"Vous cherchez une peau plus claire et \u00e9clatante ? D\u00e9couvrez notre m\u00e9thode naturelle avec l&#039;enzyme de papaye d\u00e8s maintenant !\" \/>\n<meta name=\"robots\" content=\"index, follow, max-snippet:-1, max-image-preview:large, max-video-preview:-1\" \/>\n<link rel=\"canonical\" href=\"https:\/\/kojicskin-europe.com\/it\/silka-3-saponi-schiarenti-alla-papaya-3x90g\/\" \/>\n<meta property=\"og:locale\" content=\"it_IT\" \/>\n<meta property=\"og:type\" content=\"article\" \/>\n<meta property=\"og:title\" content=\"3 Savons \u00e0 la papaye 3x90g - Silka\" \/>\n<meta property=\"og:description\" content=\"Vous cherchez une peau plus claire et \u00e9clatante ? D\u00e9couvrez notre m\u00e9thode naturelle avec l&#039;enzyme de papaye d\u00e8s maintenant !\" \/>\n<meta property=\"og:url\" content=\"https:\/\/kojicskin-europe.com\/it\/silka-3-saponi-schiarenti-alla-papaya-3x90g\/\" \/>\n<meta property=\"og:site_name\" content=\"Kojic Skin Europe\" \/>\n<meta property=\"article:modified_time\" content=\"2026-03-14T20:31:56+00:00\" \/>\n<meta property=\"og:image\" content=\"https:\/\/kojicskin-europe.com\/wp-content\/uploads\/2024\/12\/silka-savon-eclaircissant-papaye-3x-kojic-skin-europe.webp\" \/>\n\t<meta property=\"og:image:width\" content=\"800\" \/>\n\t<meta property=\"og:image:height\" content=\"800\" \/>\n\t<meta property=\"og:image:type\" content=\"image\/webp\" \/>\n<meta name=\"twitter:card\" content=\"summary_large_image\" \/>\n<meta name=\"twitter:label1\" content=\"Tempo di lettura stimato\" \/>\n\t<meta name=\"twitter:data1\" content=\"1 minuto\" \/>\n<script type=\"application\/ld+json\" class=\"yoast-schema-graph\">{\"@context\":\"https:\\\/\\\/schema.org\",\"@graph\":[{\"@type\":\"WebPage\",\"@id\":\"https:\\\/\\\/kojicskin-europe.com\\\/silka-3-savons-eclaircissants-a-la-papaye-3x90g\\\/\",\"url\":\"https:\\\/\\\/kojicskin-europe.com\\\/silka-3-savons-eclaircissants-a-la-papaye-3x90g\\\/\",\"name\":\"3 Savons \u00e0 la papaye 3x90g - Silka\",\"isPartOf\":{\"@id\":\"https:\\\/\\\/kojicskin-europe.com\\\/#website\"},\"primaryImageOfPage\":{\"@id\":\"https:\\\/\\\/kojicskin-europe.com\\\/silka-3-savons-eclaircissants-a-la-papaye-3x90g\\\/#primaryimage\"},\"image\":{\"@id\":\"https:\\\/\\\/kojicskin-europe.com\\\/silka-3-savons-eclaircissants-a-la-papaye-3x90g\\\/#primaryimage\"},\"thumbnailUrl\":\"https:\\\/\\\/kojicskin-europe.com\\\/wp-content\\\/uploads\\\/2024\\\/12\\\/silka-savon-eclaircissant-papaye-3x-kojic-skin-europe.webp\",\"datePublished\":\"2025-02-25T18:44:35+00:00\",\"dateModified\":\"2026-03-14T20:31:56+00:00\",\"description\":\"Vous cherchez une peau plus claire et \u00e9clatante ? D\u00e9couvrez notre m\u00e9thode naturelle avec l'enzyme de papaye d\u00e8s maintenant !\",\"breadcrumb\":{\"@id\":\"https:\\\/\\\/kojicskin-europe.com\\\/silka-3-savons-eclaircissants-a-la-papaye-3x90g\\\/#breadcrumb\"},\"inLanguage\":\"it-IT\",\"potentialAction\":[{\"@type\":\"ReadAction\",\"target\":[\"https:\\\/\\\/kojicskin-europe.com\\\/silka-3-savons-eclaircissants-a-la-papaye-3x90g\\\/\"]}]},{\"@type\":\"ImageObject\",\"inLanguage\":\"it-IT\",\"@id\":\"https:\\\/\\\/kojicskin-europe.com\\\/silka-3-savons-eclaircissants-a-la-papaye-3x90g\\\/#primaryimage\",\"url\":\"https:\\\/\\\/kojicskin-europe.com\\\/wp-content\\\/uploads\\\/2024\\\/12\\\/silka-savon-eclaircissant-papaye-3x-kojic-skin-europe.webp\",\"contentUrl\":\"https:\\\/\\\/kojicskin-europe.com\\\/wp-content\\\/uploads\\\/2024\\\/12\\\/silka-savon-eclaircissant-papaye-3x-kojic-skin-europe.webp\",\"width\":800,\"height\":800},{\"@type\":\"BreadcrumbList\",\"@id\":\"https:\\\/\\\/kojicskin-europe.com\\\/silka-3-savons-eclaircissants-a-la-papaye-3x90g\\\/#breadcrumb\",\"itemListElement\":[{\"@type\":\"ListItem\",\"position\":1,\"name\":\"Accueil\",\"item\":\"https:\\\/\\\/kojicskin-europe.com\\\/\"},{\"@type\":\"ListItem\",\"position\":2,\"name\":\"Kojie San\",\"item\":\"https:\\\/\\\/kojicskin-europe.com\\\/kojie-san\\\/\"},{\"@type\":\"ListItem\",\"position\":3,\"name\":\"3 Savons \u00e0 la papaye 3x90g &#8211; Silka\"}]},{\"@type\":\"WebSite\",\"@id\":\"https:\\\/\\\/kojicskin-europe.com\\\/#website\",\"url\":\"https:\\\/\\\/kojicskin-europe.com\\\/\",\"name\":\"Kojic Skin Europe\",\"description\":\"\",\"publisher\":{\"@id\":\"https:\\\/\\\/kojicskin-europe.com\\\/#organization\"},\"potentialAction\":[{\"@type\":\"SearchAction\",\"target\":{\"@type\":\"EntryPoint\",\"urlTemplate\":\"https:\\\/\\\/kojicskin-europe.com\\\/?s={search_term_string}\"},\"query-input\":{\"@type\":\"PropertyValueSpecification\",\"valueRequired\":true,\"valueName\":\"search_term_string\"}}],\"inLanguage\":\"it-IT\"},{\"@type\":\"Organization\",\"@id\":\"https:\\\/\\\/kojicskin-europe.com\\\/#organization\",\"name\":\"Kojic Skin Europe\",\"url\":\"https:\\\/\\\/kojicskin-europe.com\\\/\",\"logo\":{\"@type\":\"ImageObject\",\"inLanguage\":\"it-IT\",\"@id\":\"https:\\\/\\\/kojicskin-europe.com\\\/#\\\/schema\\\/logo\\\/image\\\/\",\"url\":\"https:\\\/\\\/kojicskin-europe.com\\\/wp-content\\\/uploads\\\/2024\\\/11\\\/kojic-skin-europe-logo.png\",\"contentUrl\":\"https:\\\/\\\/kojicskin-europe.com\\\/wp-content\\\/uploads\\\/2024\\\/11\\\/kojic-skin-europe-logo.png\",\"width\":2078,\"height\":541,\"caption\":\"Kojic Skin Europe\"},\"image\":{\"@id\":\"https:\\\/\\\/kojicskin-europe.com\\\/#\\\/schema\\\/logo\\\/image\\\/\"}}]}<\/script>\n<!-- \/ Yoast SEO plugin. -->","yoast_head_json":{"title":"3 Saponi alla papaya 3x90g - Silka","description":"Cercate una pelle pi\u00f9 chiara e luminosa? Scoprite subito il nostro metodo naturale con l'enzima della papaya!","robots":{"index":"index","follow":"follow","max-snippet":"max-snippet:-1","max-image-preview":"max-image-preview:large","max-video-preview":"max-video-preview:-1"},"canonical":"https:\/\/kojicskin-europe.com\/it\/silka-3-saponi-schiarenti-alla-papaya-3x90g\/","og_locale":"it_IT","og_type":"article","og_title":"3 Savons \u00e0 la papaye 3x90g - Silka","og_description":"Vous cherchez une peau plus claire et \u00e9clatante ? D\u00e9couvrez notre m\u00e9thode naturelle avec l'enzyme de papaye d\u00e8s maintenant !","og_url":"https:\/\/kojicskin-europe.com\/it\/silka-3-saponi-schiarenti-alla-papaya-3x90g\/","og_site_name":"Kojic Skin Europe","article_modified_time":"2026-03-14T20:31:56+00:00","og_image":[{"width":800,"height":800,"url":"https:\/\/kojicskin-europe.com\/wp-content\/uploads\/2024\/12\/silka-savon-eclaircissant-papaye-3x-kojic-skin-europe.webp","type":"image\/webp"}],"twitter_card":"summary_large_image","twitter_misc":{"Tempo di lettura stimato":"1 minuto"},"schema":{"@context":"https:\/\/schema.org","@graph":[{"@type":"WebPage","@id":"https:\/\/kojicskin-europe.com\/silka-3-savons-eclaircissants-a-la-papaye-3x90g\/","url":"https:\/\/kojicskin-europe.com\/silka-3-savons-eclaircissants-a-la-papaye-3x90g\/","name":"3 Saponi alla papaya 3x90g - Silka","isPartOf":{"@id":"https:\/\/kojicskin-europe.com\/#website"},"primaryImageOfPage":{"@id":"https:\/\/kojicskin-europe.com\/silka-3-savons-eclaircissants-a-la-papaye-3x90g\/#primaryimage"},"image":{"@id":"https:\/\/kojicskin-europe.com\/silka-3-savons-eclaircissants-a-la-papaye-3x90g\/#primaryimage"},"thumbnailUrl":"https:\/\/kojicskin-europe.com\/wp-content\/uploads\/2024\/12\/silka-savon-eclaircissant-papaye-3x-kojic-skin-europe.webp","datePublished":"2025-02-25T18:44:35+00:00","dateModified":"2026-03-14T20:31:56+00:00","description":"Cercate una pelle pi\u00f9 chiara e luminosa? Scoprite subito il nostro metodo naturale con l'enzima della papaya!","breadcrumb":{"@id":"https:\/\/kojicskin-europe.com\/silka-3-savons-eclaircissants-a-la-papaye-3x90g\/#breadcrumb"},"inLanguage":"it-IT","potentialAction":[{"@type":"ReadAction","target":["https:\/\/kojicskin-europe.com\/silka-3-savons-eclaircissants-a-la-papaye-3x90g\/"]}]},{"@type":"ImageObject","inLanguage":"it-IT","@id":"https:\/\/kojicskin-europe.com\/silka-3-savons-eclaircissants-a-la-papaye-3x90g\/#primaryimage","url":"https:\/\/kojicskin-europe.com\/wp-content\/uploads\/2024\/12\/silka-savon-eclaircissant-papaye-3x-kojic-skin-europe.webp","contentUrl":"https:\/\/kojicskin-europe.com\/wp-content\/uploads\/2024\/12\/silka-savon-eclaircissant-papaye-3x-kojic-skin-europe.webp","width":800,"height":800},{"@type":"BreadcrumbList","@id":"https:\/\/kojicskin-europe.com\/silka-3-savons-eclaircissants-a-la-papaye-3x90g\/#breadcrumb","itemListElement":[{"@type":"ListItem","position":1,"name":"Accueil","item":"https:\/\/kojicskin-europe.com\/"},{"@type":"ListItem","position":2,"name":"Kojie San","item":"https:\/\/kojicskin-europe.com\/kojie-san\/"},{"@type":"ListItem","position":3,"name":"3 Savons \u00e0 la papaye 3x90g &#8211; Silka"}]},{"@type":"WebSite","@id":"https:\/\/kojicskin-europe.com\/#website","url":"https:\/\/kojicskin-europe.com\/","name":"Pelle kojica Europa","description":"","publisher":{"@id":"https:\/\/kojicskin-europe.com\/#organization"},"potentialAction":[{"@type":"SearchAction","target":{"@type":"EntryPoint","urlTemplate":"https:\/\/kojicskin-europe.com\/?s={search_term_string}"},"query-input":{"@type":"PropertyValueSpecification","valueRequired":true,"valueName":"search_term_string"}}],"inLanguage":"it-IT"},{"@type":"Organization","@id":"https:\/\/kojicskin-europe.com\/#organization","name":"Pelle kojica Europa","url":"https:\/\/kojicskin-europe.com\/","logo":{"@type":"ImageObject","inLanguage":"it-IT","@id":"https:\/\/kojicskin-europe.com\/#\/schema\/logo\/image\/","url":"https:\/\/kojicskin-europe.com\/wp-content\/uploads\/2024\/11\/kojic-skin-europe-logo.png","contentUrl":"https:\/\/kojicskin-europe.com\/wp-content\/uploads\/2024\/11\/kojic-skin-europe-logo.png","width":2078,"height":541,"caption":"Kojic Skin Europe"},"image":{"@id":"https:\/\/kojicskin-europe.com\/#\/schema\/logo\/image\/"}}]}},"_links":{"self":[{"href":"https:\/\/kojicskin-europe.com\/it\/wp-json\/wp\/v2\/product\/929","targetHints":{"allow":["GET"]}}],"collection":[{"href":"https:\/\/kojicskin-europe.com\/it\/wp-json\/wp\/v2\/product"}],"about":[{"href":"https:\/\/kojicskin-europe.com\/it\/wp-json\/wp\/v2\/types\/product"}],"version-history":[{"count":0,"href":"https:\/\/kojicskin-europe.com\/it\/wp-json\/wp\/v2\/product\/929\/revisions"}],"wp:featuredmedia":[{"embeddable":true,"href":"https:\/\/kojicskin-europe.com\/it\/wp-json\/wp\/v2\/media\/800"}],"wp:attachment":[{"href":"https:\/\/kojicskin-europe.com\/it\/wp-json\/wp\/v2\/media?parent=929"}],"wp:term":[{"taxonomy":"product_brand","embeddable":true,"href":"https:\/\/kojicskin-europe.com\/it\/wp-json\/wp\/v2\/product_brand?post=929"},{"taxonomy":"product_cat","embeddable":true,"href":"https:\/\/kojicskin-europe.com\/it\/wp-json\/wp\/v2\/product_cat?post=929"},{"taxonomy":"product_tag","embeddable":true,"href":"https:\/\/kojicskin-europe.com\/it\/wp-json\/wp\/v2\/product_tag?post=929"}],"curies":[{"name":"wp","href":"https:\/\/api.w.org\/{rel}","templated":true}]}}