{"id":914,"date":"2025-02-25T18:44:31","date_gmt":"2025-02-25T18:44:31","guid":{"rendered":"https:\/\/kojicskineurope.live-website.com\/?post_type=product&#038;p=914"},"modified":"2026-04-10T20:11:27","modified_gmt":"2026-04-10T18:11:27","slug":"kojie-san-crema-anti-macchie-30g","status":"publish","type":"product","link":"https:\/\/kojicskin-europe.com\/it\/creme-anti-imperfections-kojie-san-30g\/","title":{"rendered":"Dream White 30g Crema viso anti-macchie - Kojie San"},"content":{"rendered":"<p><strong>Scoprire la crema anti-macchie Kojie San Dream White<\/strong>un prodotto di punta del rinomato marchio asiatico <strong>Kojie San<\/strong>ora disponibile in Europa grazie a <strong>Pelle kojica Europa<\/strong>il venditore ufficiale. Questa crema rigenerante \u00e8 appositamente formulata per aiutare a ridurre le macchie scure sul viso e altre imperfezioni cutanee, offrendo una soluzione efficace per una pelle pi\u00f9 chiara e luminosa.<\/p>\n<p><strong>Formula innovativa:<\/strong><\/p>\n<ul>\n<li><strong>Potenti principi attivi<\/strong> La crema Kojie San Dream White contiene acido cogico e cheratopeel, principi attivi che sbiancano, esfoliano e idratano. Questi ingredienti lavorano in sinergia per rimuovere delicatamente le cellule morte e rivelare una pelle pi\u00f9 giovane.<\/li>\n<li><strong>Effetto sbiancante<\/strong> L'acido kojico \u00e8 noto per il suo eccellente effetto sbiancante, che aiuta a ridurre le macchie scure e a uniformare il tono della pelle.<\/li>\n<li><strong>Esfoliazione delicata<\/strong> Keratopeel: Keratopeel esfolia lo strato superiore delle cellule della pelle, migliorandone la consistenza e l'aspetto.<\/li>\n<\/ul>\n<p><strong>Vantaggi della crema Kojie San Dream White:<\/strong><\/p>\n<ul>\n<li><strong>Riduzione delle imperfezioni<\/strong> Mira a ridurre efficacemente le macchie scure, le cicatrici da acne e altre imperfezioni della pelle.<\/li>\n<li><strong>Idratazione e rigenerazione<\/strong> Arricchita con cheratopeel, la crema idrata profondamente la pelle e ne favorisce la rigenerazione.<\/li>\n<li><strong>Un tono della pelle pi\u00f9 luminoso e uniforme<\/strong> Utilizzata regolarmente, questa crema rivela una pelle pi\u00f9 chiara, luminosa e giovane.<\/li>\n<\/ul>\n<p><strong>Perch\u00e9 scegliere Kojie San Dream White?<\/strong><\/p>\n<ul>\n<li><strong>Venditore ufficiale<\/strong> Kojic Skin Europe \u00e8 il distributore esclusivo del marchio Kojie San in Europa e garantisce prodotti autentici e di alta qualit\u00e0.<\/li>\n<li><strong>Rinomato marchio asiatico<\/strong> Kojie San \u00e8 un marchio affidabile, rinomato per i suoi prodotti efficaci e innovativi per la cura della pelle.<\/li>\n<\/ul>\n<p><strong>Istruzioni per l'uso : <\/strong>Applicare la crema Kojie San Dream White sulla pelle pulita e asciutta, prestando particolare attenzione alle zone con imperfezioni. Utilizzare quotidianamente per ottenere risultati ottimali.<\/p>\n<p>&nbsp;<\/p>","protected":false},"excerpt":{"rendered":"<ul>\n<li><strong><u>PREPARATO E SPEDITO ENTRO 5 GIORNI<\/u><\/strong><\/li>\n<li><strong>Date d&rsquo;expiration : 6 mai 2026<\/strong><\/li>\n<li>Prodotto originale 100 % di Kojie San<\/li>\n<li>Prodotti a base di acido cogico<\/li>\n<li>Riduce le macchie scure e altre imperfezioni della pelle.<\/li>\n<li>Venduto da Kojic Skin Europe, distributore esclusivo del marchio asiatico Kojie San in Europa.<\/li>\n<li><strong>Formato<\/strong> : 30g<\/li>\n<\/ul>","protected":false},"featured_media":33234,"template":"","meta":{"ocean_post_layout":"","ocean_both_sidebars_style":"","ocean_both_sidebars_content_width":0,"ocean_both_sidebars_sidebars_width":0,"ocean_sidebar":"0","ocean_second_sidebar":"0","ocean_disable_margins":"enable","ocean_add_body_class":"","ocean_shortcode_before_top_bar":"","ocean_shortcode_after_top_bar":"","ocean_shortcode_before_header":"","ocean_shortcode_after_header":"","ocean_has_shortcode":"","ocean_shortcode_after_title":"","ocean_shortcode_before_footer_widgets":"","ocean_shortcode_after_footer_widgets":"","ocean_shortcode_before_footer_bottom":"","ocean_shortcode_after_footer_bottom":"","ocean_display_top_bar":"default","ocean_display_header":"default","ocean_header_style":"","ocean_center_header_left_menu":"0","ocean_custom_header_template":"0","ocean_custom_logo":0,"ocean_custom_retina_logo":0,"ocean_custom_logo_max_width":0,"ocean_custom_logo_tablet_max_width":0,"ocean_custom_logo_mobile_max_width":0,"ocean_custom_logo_max_height":0,"ocean_custom_logo_tablet_max_height":0,"ocean_custom_logo_mobile_max_height":0,"ocean_header_custom_menu":"0","ocean_menu_typo_font_family":"0","ocean_menu_typo_font_subset":"","ocean_menu_typo_font_size":0,"ocean_menu_typo_font_size_tablet":0,"ocean_menu_typo_font_size_mobile":0,"ocean_menu_typo_font_size_unit":"px","ocean_menu_typo_font_weight":"","ocean_menu_typo_font_weight_tablet":"","ocean_menu_typo_font_weight_mobile":"","ocean_menu_typo_transform":"","ocean_menu_typo_transform_tablet":"","ocean_menu_typo_transform_mobile":"","ocean_menu_typo_line_height":0,"ocean_menu_typo_line_height_tablet":0,"ocean_menu_typo_line_height_mobile":0,"ocean_menu_typo_line_height_unit":"","ocean_menu_typo_spacing":0,"ocean_menu_typo_spacing_tablet":0,"ocean_menu_typo_spacing_mobile":0,"ocean_menu_typo_spacing_unit":"","ocean_menu_link_color":"","ocean_menu_link_color_hover":"","ocean_menu_link_color_active":"","ocean_menu_link_background":"","ocean_menu_link_hover_background":"","ocean_menu_link_active_background":"","ocean_menu_social_links_bg":"","ocean_menu_social_hover_links_bg":"","ocean_menu_social_links_color":"","ocean_menu_social_hover_links_color":"","ocean_disable_title":"default","ocean_disable_heading":"default","ocean_post_title":"","ocean_post_subheading":"","ocean_post_title_style":"","ocean_post_title_background_color":"","ocean_post_title_background":0,"ocean_post_title_bg_image_position":"","ocean_post_title_bg_image_attachment":"","ocean_post_title_bg_image_repeat":"","ocean_post_title_bg_image_size":"","ocean_post_title_height":0,"ocean_post_title_bg_overlay":0.5,"ocean_post_title_bg_overlay_color":"","ocean_disable_breadcrumbs":"default","ocean_breadcrumbs_color":"","ocean_breadcrumbs_separator_color":"","ocean_breadcrumbs_links_color":"","ocean_breadcrumbs_links_hover_color":"","ocean_display_footer_widgets":"default","ocean_display_footer_bottom":"default","ocean_custom_footer_template":"0"},"product_brand":[],"product_cat":[18,23],"product_tag":[],"class_list":{"0":"post-914","1":"product","2":"type-product","3":"status-publish","4":"has-post-thumbnail","6":"product_cat-kojie-san-cremes-lotions","7":"product_cat-kojie-san","9":"entry","10":"has-media","12":"first","13":"instock","14":"sale","15":"taxable","16":"shipping-taxable","17":"purchasable","18":"product-type-simple","19":"has-product-nav","20":"col","21":"span_1_of_3","22":"owp-content-center","23":"owp-thumbs-layout-horizontal","24":"owp-btn-normal","25":"owp-tabs-layout-horizontal","26":"has-no-thumbnails"},"yoast_head":"<!-- This site is optimized with the Yoast SEO plugin v27.3 - https:\/\/yoast.com\/product\/yoast-seo-wordpress\/ -->\n<title>Cr\u00e8me visage &quot;anti imperfections&quot; Dream White 30g - Kojie San<\/title>\n<meta name=\"description\" content=\"Votre peau a-t-elle besoin de r\u00e9g\u00e9n\u00e9ration et d&#039;hydratation ? Commandez et testez notre cr\u00e8me Kojie San Dream White sur notre site web.\" \/>\n<meta name=\"robots\" content=\"index, follow, max-snippet:-1, max-image-preview:large, max-video-preview:-1\" \/>\n<link rel=\"canonical\" href=\"https:\/\/kojicskin-europe.com\/it\/kojie-san-crema-anti-macchie-30g\/\" \/>\n<meta property=\"og:locale\" content=\"it_IT\" \/>\n<meta property=\"og:type\" content=\"article\" \/>\n<meta property=\"og:title\" content=\"Cr\u00e8me visage &quot;anti imperfections&quot; Dream White 30g - Kojie San\" \/>\n<meta property=\"og:description\" content=\"Votre peau a-t-elle besoin de r\u00e9g\u00e9n\u00e9ration et d&#039;hydratation ? Commandez et testez notre cr\u00e8me Kojie San Dream White sur notre site web.\" \/>\n<meta property=\"og:url\" content=\"https:\/\/kojicskin-europe.com\/it\/kojie-san-crema-anti-macchie-30g\/\" \/>\n<meta property=\"og:site_name\" content=\"Kojic Skin Europe\" \/>\n<meta property=\"article:modified_time\" content=\"2026-04-10T18:11:27+00:00\" \/>\n<meta property=\"og:image\" content=\"https:\/\/kojicskin-europe.com\/wp-content\/uploads\/2025\/02\/creme_correctrice_dreamwhite_kojie-san-dates-courtes2.png\" \/>\n\t<meta property=\"og:image:width\" content=\"800\" \/>\n\t<meta property=\"og:image:height\" content=\"800\" \/>\n\t<meta property=\"og:image:type\" content=\"image\/png\" \/>\n<meta name=\"twitter:card\" content=\"summary_large_image\" \/>\n<meta name=\"twitter:label1\" content=\"Tempo di lettura stimato\" \/>\n\t<meta name=\"twitter:data1\" content=\"2 minuti\" \/>\n<script type=\"application\/ld+json\" class=\"yoast-schema-graph\">{\"@context\":\"https:\\\/\\\/schema.org\",\"@graph\":[{\"@type\":\"WebPage\",\"@id\":\"https:\\\/\\\/kojicskin-europe.com\\\/creme-anti-imperfections-kojie-san-30g\\\/\",\"url\":\"https:\\\/\\\/kojicskin-europe.com\\\/creme-anti-imperfections-kojie-san-30g\\\/\",\"name\":\"Cr\u00e8me visage \\\"anti imperfections\\\" Dream White 30g - Kojie San\",\"isPartOf\":{\"@id\":\"https:\\\/\\\/kojicskin-europe.com\\\/#website\"},\"primaryImageOfPage\":{\"@id\":\"https:\\\/\\\/kojicskin-europe.com\\\/creme-anti-imperfections-kojie-san-30g\\\/#primaryimage\"},\"image\":{\"@id\":\"https:\\\/\\\/kojicskin-europe.com\\\/creme-anti-imperfections-kojie-san-30g\\\/#primaryimage\"},\"thumbnailUrl\":\"https:\\\/\\\/kojicskin-europe.com\\\/wp-content\\\/uploads\\\/2025\\\/02\\\/creme_correctrice_dreamwhite_kojie-san-dates-courtes2.png\",\"datePublished\":\"2025-02-25T18:44:31+00:00\",\"dateModified\":\"2026-04-10T18:11:27+00:00\",\"description\":\"Votre peau a-t-elle besoin de r\u00e9g\u00e9n\u00e9ration et d'hydratation ? Commandez et testez notre cr\u00e8me Kojie San Dream White sur notre site web.\",\"breadcrumb\":{\"@id\":\"https:\\\/\\\/kojicskin-europe.com\\\/creme-anti-imperfections-kojie-san-30g\\\/#breadcrumb\"},\"inLanguage\":\"it-IT\",\"potentialAction\":[{\"@type\":\"ReadAction\",\"target\":[\"https:\\\/\\\/kojicskin-europe.com\\\/creme-anti-imperfections-kojie-san-30g\\\/\"]}]},{\"@type\":\"ImageObject\",\"inLanguage\":\"it-IT\",\"@id\":\"https:\\\/\\\/kojicskin-europe.com\\\/creme-anti-imperfections-kojie-san-30g\\\/#primaryimage\",\"url\":\"https:\\\/\\\/kojicskin-europe.com\\\/wp-content\\\/uploads\\\/2025\\\/02\\\/creme_correctrice_dreamwhite_kojie-san-dates-courtes2.png\",\"contentUrl\":\"https:\\\/\\\/kojicskin-europe.com\\\/wp-content\\\/uploads\\\/2025\\\/02\\\/creme_correctrice_dreamwhite_kojie-san-dates-courtes2.png\",\"width\":800,\"height\":800},{\"@type\":\"BreadcrumbList\",\"@id\":\"https:\\\/\\\/kojicskin-europe.com\\\/creme-anti-imperfections-kojie-san-30g\\\/#breadcrumb\",\"itemListElement\":[{\"@type\":\"ListItem\",\"position\":1,\"name\":\"Accueil\",\"item\":\"https:\\\/\\\/kojicskin-europe.com\\\/\"},{\"@type\":\"ListItem\",\"position\":2,\"name\":\"Kojie San\",\"item\":\"https:\\\/\\\/kojicskin-europe.com\\\/kojie-san\\\/\"},{\"@type\":\"ListItem\",\"position\":3,\"name\":\"Cr\u00e8me visage \u00ab\u00a0anti imperfections\u00a0\u00bb Dream White 30g &#8211; Kojie San\"}]},{\"@type\":\"WebSite\",\"@id\":\"https:\\\/\\\/kojicskin-europe.com\\\/#website\",\"url\":\"https:\\\/\\\/kojicskin-europe.com\\\/\",\"name\":\"Kojic Skin Europe\",\"description\":\"\",\"publisher\":{\"@id\":\"https:\\\/\\\/kojicskin-europe.com\\\/#organization\"},\"potentialAction\":[{\"@type\":\"SearchAction\",\"target\":{\"@type\":\"EntryPoint\",\"urlTemplate\":\"https:\\\/\\\/kojicskin-europe.com\\\/?s={search_term_string}\"},\"query-input\":{\"@type\":\"PropertyValueSpecification\",\"valueRequired\":true,\"valueName\":\"search_term_string\"}}],\"inLanguage\":\"it-IT\"},{\"@type\":\"Organization\",\"@id\":\"https:\\\/\\\/kojicskin-europe.com\\\/#organization\",\"name\":\"Kojic Skin Europe\",\"url\":\"https:\\\/\\\/kojicskin-europe.com\\\/\",\"logo\":{\"@type\":\"ImageObject\",\"inLanguage\":\"it-IT\",\"@id\":\"https:\\\/\\\/kojicskin-europe.com\\\/#\\\/schema\\\/logo\\\/image\\\/\",\"url\":\"https:\\\/\\\/kojicskin-europe.com\\\/wp-content\\\/uploads\\\/2024\\\/11\\\/kojic-skin-europe-logo.png\",\"contentUrl\":\"https:\\\/\\\/kojicskin-europe.com\\\/wp-content\\\/uploads\\\/2024\\\/11\\\/kojic-skin-europe-logo.png\",\"width\":2078,\"height\":541,\"caption\":\"Kojic Skin Europe\"},\"image\":{\"@id\":\"https:\\\/\\\/kojicskin-europe.com\\\/#\\\/schema\\\/logo\\\/image\\\/\"}}]}<\/script>\n<!-- \/ Yoast SEO plugin. -->","yoast_head_json":{"title":"Dream White Crema viso anti-macchie 30 g - Kojie San","description":"La vostra pelle ha bisogno di rigenerazione e idratazione? Ordinate e provate la nostra crema Kojie San Dream White sul nostro sito.","robots":{"index":"index","follow":"follow","max-snippet":"max-snippet:-1","max-image-preview":"max-image-preview:large","max-video-preview":"max-video-preview:-1"},"canonical":"https:\/\/kojicskin-europe.com\/it\/kojie-san-crema-anti-macchie-30g\/","og_locale":"it_IT","og_type":"article","og_title":"Cr\u00e8me visage \"anti imperfections\" Dream White 30g - Kojie San","og_description":"Votre peau a-t-elle besoin de r\u00e9g\u00e9n\u00e9ration et d'hydratation ? Commandez et testez notre cr\u00e8me Kojie San Dream White sur notre site web.","og_url":"https:\/\/kojicskin-europe.com\/it\/kojie-san-crema-anti-macchie-30g\/","og_site_name":"Kojic Skin Europe","article_modified_time":"2026-04-10T18:11:27+00:00","og_image":[{"width":800,"height":800,"url":"https:\/\/kojicskin-europe.com\/wp-content\/uploads\/2025\/02\/creme_correctrice_dreamwhite_kojie-san-dates-courtes2.png","type":"image\/png"}],"twitter_card":"summary_large_image","twitter_misc":{"Tempo di lettura stimato":"2 minuti"},"schema":{"@context":"https:\/\/schema.org","@graph":[{"@type":"WebPage","@id":"https:\/\/kojicskin-europe.com\/creme-anti-imperfections-kojie-san-30g\/","url":"https:\/\/kojicskin-europe.com\/creme-anti-imperfections-kojie-san-30g\/","name":"Dream White Crema viso anti-macchie 30 g - Kojie San","isPartOf":{"@id":"https:\/\/kojicskin-europe.com\/#website"},"primaryImageOfPage":{"@id":"https:\/\/kojicskin-europe.com\/creme-anti-imperfections-kojie-san-30g\/#primaryimage"},"image":{"@id":"https:\/\/kojicskin-europe.com\/creme-anti-imperfections-kojie-san-30g\/#primaryimage"},"thumbnailUrl":"https:\/\/kojicskin-europe.com\/wp-content\/uploads\/2025\/02\/creme_correctrice_dreamwhite_kojie-san-dates-courtes2.png","datePublished":"2025-02-25T18:44:31+00:00","dateModified":"2026-04-10T18:11:27+00:00","description":"La vostra pelle ha bisogno di rigenerazione e idratazione? Ordinate e provate la nostra crema Kojie San Dream White sul nostro sito.","breadcrumb":{"@id":"https:\/\/kojicskin-europe.com\/creme-anti-imperfections-kojie-san-30g\/#breadcrumb"},"inLanguage":"it-IT","potentialAction":[{"@type":"ReadAction","target":["https:\/\/kojicskin-europe.com\/creme-anti-imperfections-kojie-san-30g\/"]}]},{"@type":"ImageObject","inLanguage":"it-IT","@id":"https:\/\/kojicskin-europe.com\/creme-anti-imperfections-kojie-san-30g\/#primaryimage","url":"https:\/\/kojicskin-europe.com\/wp-content\/uploads\/2025\/02\/creme_correctrice_dreamwhite_kojie-san-dates-courtes2.png","contentUrl":"https:\/\/kojicskin-europe.com\/wp-content\/uploads\/2025\/02\/creme_correctrice_dreamwhite_kojie-san-dates-courtes2.png","width":800,"height":800},{"@type":"BreadcrumbList","@id":"https:\/\/kojicskin-europe.com\/creme-anti-imperfections-kojie-san-30g\/#breadcrumb","itemListElement":[{"@type":"ListItem","position":1,"name":"Accueil","item":"https:\/\/kojicskin-europe.com\/"},{"@type":"ListItem","position":2,"name":"Kojie San","item":"https:\/\/kojicskin-europe.com\/kojie-san\/"},{"@type":"ListItem","position":3,"name":"Cr\u00e8me visage \u00ab\u00a0anti imperfections\u00a0\u00bb Dream White 30g &#8211; Kojie San"}]},{"@type":"WebSite","@id":"https:\/\/kojicskin-europe.com\/#website","url":"https:\/\/kojicskin-europe.com\/","name":"Pelle kojica Europa","description":"","publisher":{"@id":"https:\/\/kojicskin-europe.com\/#organization"},"potentialAction":[{"@type":"SearchAction","target":{"@type":"EntryPoint","urlTemplate":"https:\/\/kojicskin-europe.com\/?s={search_term_string}"},"query-input":{"@type":"PropertyValueSpecification","valueRequired":true,"valueName":"search_term_string"}}],"inLanguage":"it-IT"},{"@type":"Organization","@id":"https:\/\/kojicskin-europe.com\/#organization","name":"Pelle kojica Europa","url":"https:\/\/kojicskin-europe.com\/","logo":{"@type":"ImageObject","inLanguage":"it-IT","@id":"https:\/\/kojicskin-europe.com\/#\/schema\/logo\/image\/","url":"https:\/\/kojicskin-europe.com\/wp-content\/uploads\/2024\/11\/kojic-skin-europe-logo.png","contentUrl":"https:\/\/kojicskin-europe.com\/wp-content\/uploads\/2024\/11\/kojic-skin-europe-logo.png","width":2078,"height":541,"caption":"Kojic Skin Europe"},"image":{"@id":"https:\/\/kojicskin-europe.com\/#\/schema\/logo\/image\/"}}]}},"_links":{"self":[{"href":"https:\/\/kojicskin-europe.com\/it\/wp-json\/wp\/v2\/product\/914","targetHints":{"allow":["GET"]}}],"collection":[{"href":"https:\/\/kojicskin-europe.com\/it\/wp-json\/wp\/v2\/product"}],"about":[{"href":"https:\/\/kojicskin-europe.com\/it\/wp-json\/wp\/v2\/types\/product"}],"version-history":[{"count":0,"href":"https:\/\/kojicskin-europe.com\/it\/wp-json\/wp\/v2\/product\/914\/revisions"}],"wp:featuredmedia":[{"embeddable":true,"href":"https:\/\/kojicskin-europe.com\/it\/wp-json\/wp\/v2\/media\/33234"}],"wp:attachment":[{"href":"https:\/\/kojicskin-europe.com\/it\/wp-json\/wp\/v2\/media?parent=914"}],"wp:term":[{"taxonomy":"product_brand","embeddable":true,"href":"https:\/\/kojicskin-europe.com\/it\/wp-json\/wp\/v2\/product_brand?post=914"},{"taxonomy":"product_cat","embeddable":true,"href":"https:\/\/kojicskin-europe.com\/it\/wp-json\/wp\/v2\/product_cat?post=914"},{"taxonomy":"product_tag","embeddable":true,"href":"https:\/\/kojicskin-europe.com\/it\/wp-json\/wp\/v2\/product_tag?post=914"}],"curies":[{"name":"wp","href":"https:\/\/api.w.org\/{rel}","templated":true}]}}