{"id":158,"date":"2024-09-14T15:27:10","date_gmt":"2024-09-14T15:27:10","guid":{"rendered":"http:\/\/kojic-skin-europe.local\/?post_type=product&#038;p=158"},"modified":"2026-03-24T13:56:22","modified_gmt":"2026-03-24T12:56:22","slug":"kojie-san-body-wash-gel-doccia-schiarente-300ml","status":"publish","type":"product","link":"https:\/\/kojicskin-europe.com\/it\/gel-douche-eclaircissant-kojie-san-body-wash-300ml\/","title":{"rendered":"Gel doccia schiarente per il corpo 300 ml - Kojie San"},"content":{"rendered":"<p><strong>Kojie-San Skin Brightening Body Wash \u00e8 rinfrescante per tutto il corpo.<\/strong><\/p>\n<ul>\n<li>Deterge e illumina efficacemente la pelle.<\/li>\n<li>Si prende cura della pelle, mantenendola morbida, elastica e ben idratata fino a 24 ore.<\/li>\n<li>Deterge delicatamente lo strato esterno della pelle per preservarne la naturale idratazione.<\/li>\n<li>Tecnologia della luce senza pigmenti<\/li>\n<\/ul>\n<p>Un unico<strong>schiaritura<\/strong> che lega efficacemente i potenti ingredienti per assicurarne l'assorbimento e l'attivazione nella pelle, dove sono pi\u00f9 necessari. Questa potente modalit\u00e0 d'azione agisce su <strong>macchie marroni<\/strong>il <strong>macchie dell'et\u00e0<\/strong>il<strong> cicatrici,<\/strong> il <strong>melasma<\/strong> e il<strong>iperpigmentazione<\/strong>n per darvi un <strong>una carnagione pi\u00f9 chiara e uniforme<\/strong> !<\/p>\n<ul>\n<li>Adatto a tutti i tipi di pelle<\/li>\n<li>Per ottenere risultati ottimali, utilizzare due volte al giorno<\/li>\n<li>Dermatologicamente testato<\/li>\n<li>Senza parabeni<\/li>\n<\/ul>\n<p><strong>Istruzioni per l'uso<\/strong> Spruzzare un po' di detergente per il corpo sulla mano, fare la schiuma e massaggiare su tutta la pelle. Risciacquare con acqua.<\/p>\n<p>Solo per uso esterno. In caso di contatto con gli occhi, sciacquare abbondantemente con acqua. Non adatto ai bambini di et\u00e0 inferiore ai 3 anni.<\/p>\n<p><strong>Osservazioni : <\/strong>Provare sempre un nuovo prodotto prima sulla parte interna del polso o del braccio. Attendere qualche ora. Se si verifica un'irritazione, interrompere l'uso.<\/p>","protected":false},"excerpt":{"rendered":"<ul>\n<li><strong><u>PREPARATO E SPEDITO ENTRO 5 GIORNI<\/u><\/strong><\/li>\n<li>Prodotto originale 100 % di Kojie San<\/li>\n<li>Rinfresca e illumina efficacemente la pelle<\/li>\n<li>Include un'esclusiva tecnologia luminosa priva di pigmenti per un'illuminazione mirata.<\/li>\n<li>Agisce su macchie brune, cicatrici, melasma e iperpigmentazione.<\/li>\n<li>Dermatologicamente testato e senza parabeni.<\/li>\n<li>Adatto a tutti i tipi di pelle, per uso quotidiano.<\/li>\n<li><strong>Formato<\/strong> 300 ml<\/li>\n<\/ul>","protected":false},"featured_media":445,"template":"","meta":{"ocean_post_layout":"","ocean_both_sidebars_style":"","ocean_both_sidebars_content_width":0,"ocean_both_sidebars_sidebars_width":0,"ocean_sidebar":"0","ocean_second_sidebar":"0","ocean_disable_margins":"enable","ocean_add_body_class":"","ocean_shortcode_before_top_bar":"","ocean_shortcode_after_top_bar":"","ocean_shortcode_before_header":"","ocean_shortcode_after_header":"","ocean_has_shortcode":"","ocean_shortcode_after_title":"","ocean_shortcode_before_footer_widgets":"","ocean_shortcode_after_footer_widgets":"","ocean_shortcode_before_footer_bottom":"","ocean_shortcode_after_footer_bottom":"","ocean_display_top_bar":"default","ocean_display_header":"default","ocean_header_style":"","ocean_center_header_left_menu":"0","ocean_custom_header_template":"0","ocean_custom_logo":0,"ocean_custom_retina_logo":0,"ocean_custom_logo_max_width":0,"ocean_custom_logo_tablet_max_width":0,"ocean_custom_logo_mobile_max_width":0,"ocean_custom_logo_max_height":0,"ocean_custom_logo_tablet_max_height":0,"ocean_custom_logo_mobile_max_height":0,"ocean_header_custom_menu":"0","ocean_menu_typo_font_family":"0","ocean_menu_typo_font_subset":"","ocean_menu_typo_font_size":0,"ocean_menu_typo_font_size_tablet":0,"ocean_menu_typo_font_size_mobile":0,"ocean_menu_typo_font_size_unit":"px","ocean_menu_typo_font_weight":"","ocean_menu_typo_font_weight_tablet":"","ocean_menu_typo_font_weight_mobile":"","ocean_menu_typo_transform":"","ocean_menu_typo_transform_tablet":"","ocean_menu_typo_transform_mobile":"","ocean_menu_typo_line_height":0,"ocean_menu_typo_line_height_tablet":0,"ocean_menu_typo_line_height_mobile":0,"ocean_menu_typo_line_height_unit":"","ocean_menu_typo_spacing":0,"ocean_menu_typo_spacing_tablet":0,"ocean_menu_typo_spacing_mobile":0,"ocean_menu_typo_spacing_unit":"","ocean_menu_link_color":"","ocean_menu_link_color_hover":"","ocean_menu_link_color_active":"","ocean_menu_link_background":"","ocean_menu_link_hover_background":"","ocean_menu_link_active_background":"","ocean_menu_social_links_bg":"","ocean_menu_social_hover_links_bg":"","ocean_menu_social_links_color":"","ocean_menu_social_hover_links_color":"","ocean_disable_title":"default","ocean_disable_heading":"default","ocean_post_title":"","ocean_post_subheading":"","ocean_post_title_style":"","ocean_post_title_background_color":"","ocean_post_title_background":0,"ocean_post_title_bg_image_position":"","ocean_post_title_bg_image_attachment":"","ocean_post_title_bg_image_repeat":"","ocean_post_title_bg_image_size":"","ocean_post_title_height":0,"ocean_post_title_bg_overlay":0,"ocean_post_title_bg_overlay_color":"","ocean_disable_breadcrumbs":"default","ocean_breadcrumbs_color":"","ocean_breadcrumbs_separator_color":"","ocean_breadcrumbs_links_color":"","ocean_breadcrumbs_links_hover_color":"","ocean_display_footer_widgets":"default","ocean_display_footer_bottom":"default","ocean_custom_footer_template":"0"},"product_brand":[],"product_cat":[18,23],"product_tag":[],"class_list":{"0":"post-158","1":"product","2":"type-product","3":"status-publish","4":"has-post-thumbnail","6":"product_cat-kojie-san-cremes-lotions","7":"product_cat-kojie-san","9":"entry","10":"has-media","12":"first","13":"outofstock","14":"taxable","15":"shipping-taxable","16":"purchasable","17":"product-type-simple","18":"has-product-nav","19":"col","20":"span_1_of_3","21":"owp-content-center","22":"owp-thumbs-layout-horizontal","23":"owp-btn-normal","24":"owp-tabs-layout-horizontal","25":"has-no-thumbnails"},"yoast_head":"<!-- This site is optimized with the Yoast SEO plugin v27.3 - https:\/\/yoast.com\/product\/yoast-seo-wordpress\/ -->\n<title>Gel douche \u00e9claircissant &quot;Body Wash&quot; 300ml - Kojie San<\/title>\n<meta name=\"robots\" content=\"index, follow, max-snippet:-1, max-image-preview:large, max-video-preview:-1\" \/>\n<link rel=\"canonical\" href=\"https:\/\/kojicskin-europe.com\/it\/kojie-san-body-wash-gel-doccia-schiarente-300ml\/\" \/>\n<meta property=\"og:locale\" content=\"it_IT\" \/>\n<meta property=\"og:type\" content=\"article\" \/>\n<meta property=\"og:title\" content=\"Gel douche \u00e9claircissant &quot;Body Wash&quot; 300ml - Kojie San\" \/>\n<meta property=\"og:description\" content=\"PR\u00c9PAR\u00c9 &amp; EXPEDI\u00c9 SOUS\u00a05 JOURS  Produit 100 % authentique de la marque Kojie San  Rafra\u00eechit et \u00e9claircit efficacement la peau  Inclut une technologie unique de lumi\u00e8re sans pigment pour un \u00e9claircissement cibl\u00e9.  Agit sur les taches brunes, cicatrices, m\u00e9lasma, et hyperpigmentation.  Test\u00e9 dermatologiquement et sans paraben.  Convient \u00e0 tous types de peau, pour une utilisation quotidienne.  Format : 300 ml\" \/>\n<meta property=\"og:url\" content=\"https:\/\/kojicskin-europe.com\/it\/kojie-san-body-wash-gel-doccia-schiarente-300ml\/\" \/>\n<meta property=\"og:site_name\" content=\"Kojic Skin Europe\" \/>\n<meta property=\"article:modified_time\" content=\"2026-03-24T12:56:22+00:00\" \/>\n<meta property=\"og:image\" content=\"https:\/\/kojicskin-europe.com\/wp-content\/uploads\/2024\/09\/kojic-skin-europe-lotion-corps-eclaircissante-kojie-san.png\" \/>\n\t<meta property=\"og:image:width\" content=\"800\" \/>\n\t<meta property=\"og:image:height\" content=\"800\" \/>\n\t<meta property=\"og:image:type\" content=\"image\/png\" \/>\n<meta name=\"twitter:card\" content=\"summary_large_image\" \/>\n<meta name=\"twitter:label1\" content=\"Tempo di lettura stimato\" \/>\n\t<meta name=\"twitter:data1\" content=\"2 minuti\" \/>\n<script type=\"application\/ld+json\" class=\"yoast-schema-graph\">{\"@context\":\"https:\\\/\\\/schema.org\",\"@graph\":[{\"@type\":\"WebPage\",\"@id\":\"https:\\\/\\\/kojicskin-europe.com\\\/gel-douche-eclaircissant-kojie-san-body-wash-300ml\\\/\",\"url\":\"https:\\\/\\\/kojicskin-europe.com\\\/gel-douche-eclaircissant-kojie-san-body-wash-300ml\\\/\",\"name\":\"Gel douche \u00e9claircissant \\\"Body Wash\\\" 300ml - Kojie San\",\"isPartOf\":{\"@id\":\"https:\\\/\\\/kojicskin-europe.com\\\/#website\"},\"primaryImageOfPage\":{\"@id\":\"https:\\\/\\\/kojicskin-europe.com\\\/gel-douche-eclaircissant-kojie-san-body-wash-300ml\\\/#primaryimage\"},\"image\":{\"@id\":\"https:\\\/\\\/kojicskin-europe.com\\\/gel-douche-eclaircissant-kojie-san-body-wash-300ml\\\/#primaryimage\"},\"thumbnailUrl\":\"https:\\\/\\\/kojicskin-europe.com\\\/wp-content\\\/uploads\\\/2024\\\/09\\\/kojic-skin-europe-lotion-corps-eclaircissante-kojie-san.png\",\"datePublished\":\"2024-09-14T15:27:10+00:00\",\"dateModified\":\"2026-03-24T12:56:22+00:00\",\"breadcrumb\":{\"@id\":\"https:\\\/\\\/kojicskin-europe.com\\\/gel-douche-eclaircissant-kojie-san-body-wash-300ml\\\/#breadcrumb\"},\"inLanguage\":\"it-IT\",\"potentialAction\":[{\"@type\":\"ReadAction\",\"target\":[\"https:\\\/\\\/kojicskin-europe.com\\\/gel-douche-eclaircissant-kojie-san-body-wash-300ml\\\/\"]}]},{\"@type\":\"ImageObject\",\"inLanguage\":\"it-IT\",\"@id\":\"https:\\\/\\\/kojicskin-europe.com\\\/gel-douche-eclaircissant-kojie-san-body-wash-300ml\\\/#primaryimage\",\"url\":\"https:\\\/\\\/kojicskin-europe.com\\\/wp-content\\\/uploads\\\/2024\\\/09\\\/kojic-skin-europe-lotion-corps-eclaircissante-kojie-san.png\",\"contentUrl\":\"https:\\\/\\\/kojicskin-europe.com\\\/wp-content\\\/uploads\\\/2024\\\/09\\\/kojic-skin-europe-lotion-corps-eclaircissante-kojie-san.png\",\"width\":800,\"height\":800,\"caption\":\"Kojie San Lotion corps eclaircissante\"},{\"@type\":\"BreadcrumbList\",\"@id\":\"https:\\\/\\\/kojicskin-europe.com\\\/gel-douche-eclaircissant-kojie-san-body-wash-300ml\\\/#breadcrumb\",\"itemListElement\":[{\"@type\":\"ListItem\",\"position\":1,\"name\":\"Accueil\",\"item\":\"https:\\\/\\\/kojicskin-europe.com\\\/\"},{\"@type\":\"ListItem\",\"position\":2,\"name\":\"Kojie San\",\"item\":\"https:\\\/\\\/kojicskin-europe.com\\\/kojie-san\\\/\"},{\"@type\":\"ListItem\",\"position\":3,\"name\":\"Gel douche \u00e9claircissant \u00ab\u00a0Body Wash\u00a0\u00bb 300ml &#8211; Kojie San\"}]},{\"@type\":\"WebSite\",\"@id\":\"https:\\\/\\\/kojicskin-europe.com\\\/#website\",\"url\":\"https:\\\/\\\/kojicskin-europe.com\\\/\",\"name\":\"Kojic Skin Europe\",\"description\":\"\",\"publisher\":{\"@id\":\"https:\\\/\\\/kojicskin-europe.com\\\/#organization\"},\"potentialAction\":[{\"@type\":\"SearchAction\",\"target\":{\"@type\":\"EntryPoint\",\"urlTemplate\":\"https:\\\/\\\/kojicskin-europe.com\\\/?s={search_term_string}\"},\"query-input\":{\"@type\":\"PropertyValueSpecification\",\"valueRequired\":true,\"valueName\":\"search_term_string\"}}],\"inLanguage\":\"it-IT\"},{\"@type\":\"Organization\",\"@id\":\"https:\\\/\\\/kojicskin-europe.com\\\/#organization\",\"name\":\"Kojic Skin Europe\",\"url\":\"https:\\\/\\\/kojicskin-europe.com\\\/\",\"logo\":{\"@type\":\"ImageObject\",\"inLanguage\":\"it-IT\",\"@id\":\"https:\\\/\\\/kojicskin-europe.com\\\/#\\\/schema\\\/logo\\\/image\\\/\",\"url\":\"https:\\\/\\\/kojicskin-europe.com\\\/wp-content\\\/uploads\\\/2024\\\/11\\\/kojic-skin-europe-logo.png\",\"contentUrl\":\"https:\\\/\\\/kojicskin-europe.com\\\/wp-content\\\/uploads\\\/2024\\\/11\\\/kojic-skin-europe-logo.png\",\"width\":2078,\"height\":541,\"caption\":\"Kojic Skin Europe\"},\"image\":{\"@id\":\"https:\\\/\\\/kojicskin-europe.com\\\/#\\\/schema\\\/logo\\\/image\\\/\"}}]}<\/script>\n<!-- \/ Yoast SEO plugin. -->","yoast_head_json":{"title":"Gel doccia schiarente per il corpo 300 ml - Kojie San","robots":{"index":"index","follow":"follow","max-snippet":"max-snippet:-1","max-image-preview":"max-image-preview:large","max-video-preview":"max-video-preview:-1"},"canonical":"https:\/\/kojicskin-europe.com\/it\/kojie-san-body-wash-gel-doccia-schiarente-300ml\/","og_locale":"it_IT","og_type":"article","og_title":"Gel douche \u00e9claircissant \"Body Wash\" 300ml - Kojie San","og_description":"PR\u00c9PAR\u00c9 &amp; EXPEDI\u00c9 SOUS\u00a05 JOURS  Produit 100 % authentique de la marque Kojie San  Rafra\u00eechit et \u00e9claircit efficacement la peau  Inclut une technologie unique de lumi\u00e8re sans pigment pour un \u00e9claircissement cibl\u00e9.  Agit sur les taches brunes, cicatrices, m\u00e9lasma, et hyperpigmentation.  Test\u00e9 dermatologiquement et sans paraben.  Convient \u00e0 tous types de peau, pour une utilisation quotidienne.  Format : 300 ml","og_url":"https:\/\/kojicskin-europe.com\/it\/kojie-san-body-wash-gel-doccia-schiarente-300ml\/","og_site_name":"Kojic Skin Europe","article_modified_time":"2026-03-24T12:56:22+00:00","og_image":[{"width":800,"height":800,"url":"https:\/\/kojicskin-europe.com\/wp-content\/uploads\/2024\/09\/kojic-skin-europe-lotion-corps-eclaircissante-kojie-san.png","type":"image\/png"}],"twitter_card":"summary_large_image","twitter_misc":{"Tempo di lettura stimato":"2 minuti"},"schema":{"@context":"https:\/\/schema.org","@graph":[{"@type":"WebPage","@id":"https:\/\/kojicskin-europe.com\/gel-douche-eclaircissant-kojie-san-body-wash-300ml\/","url":"https:\/\/kojicskin-europe.com\/gel-douche-eclaircissant-kojie-san-body-wash-300ml\/","name":"Gel doccia schiarente per il corpo 300 ml - Kojie San","isPartOf":{"@id":"https:\/\/kojicskin-europe.com\/#website"},"primaryImageOfPage":{"@id":"https:\/\/kojicskin-europe.com\/gel-douche-eclaircissant-kojie-san-body-wash-300ml\/#primaryimage"},"image":{"@id":"https:\/\/kojicskin-europe.com\/gel-douche-eclaircissant-kojie-san-body-wash-300ml\/#primaryimage"},"thumbnailUrl":"https:\/\/kojicskin-europe.com\/wp-content\/uploads\/2024\/09\/kojic-skin-europe-lotion-corps-eclaircissante-kojie-san.png","datePublished":"2024-09-14T15:27:10+00:00","dateModified":"2026-03-24T12:56:22+00:00","breadcrumb":{"@id":"https:\/\/kojicskin-europe.com\/gel-douche-eclaircissant-kojie-san-body-wash-300ml\/#breadcrumb"},"inLanguage":"it-IT","potentialAction":[{"@type":"ReadAction","target":["https:\/\/kojicskin-europe.com\/gel-douche-eclaircissant-kojie-san-body-wash-300ml\/"]}]},{"@type":"ImageObject","inLanguage":"it-IT","@id":"https:\/\/kojicskin-europe.com\/gel-douche-eclaircissant-kojie-san-body-wash-300ml\/#primaryimage","url":"https:\/\/kojicskin-europe.com\/wp-content\/uploads\/2024\/09\/kojic-skin-europe-lotion-corps-eclaircissante-kojie-san.png","contentUrl":"https:\/\/kojicskin-europe.com\/wp-content\/uploads\/2024\/09\/kojic-skin-europe-lotion-corps-eclaircissante-kojie-san.png","width":800,"height":800,"caption":"Kojie San Lotion corps eclaircissante"},{"@type":"BreadcrumbList","@id":"https:\/\/kojicskin-europe.com\/gel-douche-eclaircissant-kojie-san-body-wash-300ml\/#breadcrumb","itemListElement":[{"@type":"ListItem","position":1,"name":"Accueil","item":"https:\/\/kojicskin-europe.com\/"},{"@type":"ListItem","position":2,"name":"Kojie San","item":"https:\/\/kojicskin-europe.com\/kojie-san\/"},{"@type":"ListItem","position":3,"name":"Gel douche \u00e9claircissant \u00ab\u00a0Body Wash\u00a0\u00bb 300ml &#8211; Kojie San"}]},{"@type":"WebSite","@id":"https:\/\/kojicskin-europe.com\/#website","url":"https:\/\/kojicskin-europe.com\/","name":"Pelle kojica Europa","description":"","publisher":{"@id":"https:\/\/kojicskin-europe.com\/#organization"},"potentialAction":[{"@type":"SearchAction","target":{"@type":"EntryPoint","urlTemplate":"https:\/\/kojicskin-europe.com\/?s={search_term_string}"},"query-input":{"@type":"PropertyValueSpecification","valueRequired":true,"valueName":"search_term_string"}}],"inLanguage":"it-IT"},{"@type":"Organization","@id":"https:\/\/kojicskin-europe.com\/#organization","name":"Pelle kojica Europa","url":"https:\/\/kojicskin-europe.com\/","logo":{"@type":"ImageObject","inLanguage":"it-IT","@id":"https:\/\/kojicskin-europe.com\/#\/schema\/logo\/image\/","url":"https:\/\/kojicskin-europe.com\/wp-content\/uploads\/2024\/11\/kojic-skin-europe-logo.png","contentUrl":"https:\/\/kojicskin-europe.com\/wp-content\/uploads\/2024\/11\/kojic-skin-europe-logo.png","width":2078,"height":541,"caption":"Kojic Skin Europe"},"image":{"@id":"https:\/\/kojicskin-europe.com\/#\/schema\/logo\/image\/"}}]}},"_links":{"self":[{"href":"https:\/\/kojicskin-europe.com\/it\/wp-json\/wp\/v2\/product\/158","targetHints":{"allow":["GET"]}}],"collection":[{"href":"https:\/\/kojicskin-europe.com\/it\/wp-json\/wp\/v2\/product"}],"about":[{"href":"https:\/\/kojicskin-europe.com\/it\/wp-json\/wp\/v2\/types\/product"}],"version-history":[{"count":0,"href":"https:\/\/kojicskin-europe.com\/it\/wp-json\/wp\/v2\/product\/158\/revisions"}],"wp:featuredmedia":[{"embeddable":true,"href":"https:\/\/kojicskin-europe.com\/it\/wp-json\/wp\/v2\/media\/445"}],"wp:attachment":[{"href":"https:\/\/kojicskin-europe.com\/it\/wp-json\/wp\/v2\/media?parent=158"}],"wp:term":[{"taxonomy":"product_brand","embeddable":true,"href":"https:\/\/kojicskin-europe.com\/it\/wp-json\/wp\/v2\/product_brand?post=158"},{"taxonomy":"product_cat","embeddable":true,"href":"https:\/\/kojicskin-europe.com\/it\/wp-json\/wp\/v2\/product_cat?post=158"},{"taxonomy":"product_tag","embeddable":true,"href":"https:\/\/kojicskin-europe.com\/it\/wp-json\/wp\/v2\/product_tag?post=158"}],"curies":[{"name":"wp","href":"https:\/\/api.w.org\/{rel}","templated":true}]}}