{"id":149,"date":"2024-09-14T15:27:07","date_gmt":"2024-09-14T15:27:07","guid":{"rendered":"http:\/\/kojic-skin-europe.local\/?post_type=product&#038;p=149"},"modified":"2026-04-02T20:36:07","modified_gmt":"2026-04-02T18:36:07","slug":"dream-white-crema-notte-antieta-30g","status":"publish","type":"product","link":"https:\/\/kojicskin-europe.com\/it\/creme-de-nuit-visage-anti-age-dream-white-30g\/","title":{"rendered":"Crema notte anti-et\u00e0 30 g - Kojie San"},"content":{"rendered":"<p>Crema da notte anti-et\u00e0. I principali ingredienti attivi sono <strong>acido cogico<\/strong>, <strong>collagene<\/strong> e <strong>elastina<\/strong>.<\/p>\n<p>La crema viso schiarente notturna Kojie San \u00e8 un prodotto unico nel suo genere.<strong> formula per la terapia intensiva<\/strong>, <strong>leggero<\/strong> e <strong>non unge<\/strong>. Contiene una miscela di<strong>estratti naturali<\/strong> e<strong>acido cogico<\/strong> <strong>alta qualit\u00e0<\/strong>rinomato per la sua <strong>notevole effetto sbiancante<\/strong>. Vi aiuta a <strong>schiarire la pelle<\/strong> e <strong>riducono la formazione di macchie scure durante l'esfoliazione<\/strong>, <strong>idrato<\/strong> e <strong>ripristina<\/strong> anche<strong> la pelle<\/strong> e lo porta a un <strong>pelle sana<\/strong> e <strong>rosato<\/strong>.<\/p>\n<p>Un idratante concentrato che aiuta <strong>rivitalizzare<\/strong> e <strong>nutrire la pelle<\/strong> durante il sonno. Gli effetti combinati di <strong>propriet\u00e0 rigenerative<\/strong> la giovent\u00f9 del <strong>peptidi del latte (MPC)<\/strong> e<strong> balsami liscianti<\/strong> aiutare a fornire <strong>idratazione<\/strong> e un <strong>tonicit\u00e0 nutriente<\/strong> a<strong> viso<\/strong> e <strong>collo<\/strong>lasciando la pelle liscia e luminosa al mattino. Aiuta a ridurre <strong>la comparsa di rughe sottili<\/strong> e <strong>rughe<\/strong>.<\/p>\n<p><strong>Qual \u00e8 la differenza tra la crema Kojie San Dream White e la crema Kojie San classic?<\/strong> Hanno <strong>gli stessi ingredienti<\/strong>ma la crema <strong>\"Sogno Bianco<\/strong> \u00e8 un <strong>gamma antiet\u00e0<\/strong> con <strong>collagene<\/strong> e <strong>elastina extra<\/strong> . Ecco perch\u00e9 i risultati sono <strong>visibile pi\u00f9 rapidamente<\/strong> della crema classica.<\/p>","protected":false},"excerpt":{"rendered":"<ul>\n<li><strong>PREPARATO E SPEDITO ENTRO 5 GIORNI<\/strong><\/li>\n<li><strong>Date d&rsquo;expiration : 11 juillet 2026<\/strong><\/li>\n<li>Crema notte anti-et\u00e0<\/li>\n<li>Principi attivi: acido cogico, collagene, elastina<\/li>\n<li>Illumina la pelle, riduce le macchie scure<\/li>\n<li>Idrata e ripristina una pelle sana e rosea<\/li>\n<li>Riduce le linee sottili e le rughe per una pelle liscia e luminosa<\/li>\n<li><strong>Formato<\/strong> : 30g<\/li>\n<\/ul>","protected":false},"featured_media":33232,"template":"","meta":{"ocean_post_layout":"","ocean_both_sidebars_style":"","ocean_both_sidebars_content_width":0,"ocean_both_sidebars_sidebars_width":0,"ocean_sidebar":"0","ocean_second_sidebar":"0","ocean_disable_margins":"enable","ocean_add_body_class":"","ocean_shortcode_before_top_bar":"","ocean_shortcode_after_top_bar":"","ocean_shortcode_before_header":"","ocean_shortcode_after_header":"","ocean_has_shortcode":"","ocean_shortcode_after_title":"","ocean_shortcode_before_footer_widgets":"","ocean_shortcode_after_footer_widgets":"","ocean_shortcode_before_footer_bottom":"","ocean_shortcode_after_footer_bottom":"","ocean_display_top_bar":"default","ocean_display_header":"default","ocean_header_style":"","ocean_center_header_left_menu":"0","ocean_custom_header_template":"0","ocean_custom_logo":0,"ocean_custom_retina_logo":0,"ocean_custom_logo_max_width":0,"ocean_custom_logo_tablet_max_width":0,"ocean_custom_logo_mobile_max_width":0,"ocean_custom_logo_max_height":0,"ocean_custom_logo_tablet_max_height":0,"ocean_custom_logo_mobile_max_height":0,"ocean_header_custom_menu":"0","ocean_menu_typo_font_family":"0","ocean_menu_typo_font_subset":"","ocean_menu_typo_font_size":0,"ocean_menu_typo_font_size_tablet":0,"ocean_menu_typo_font_size_mobile":0,"ocean_menu_typo_font_size_unit":"px","ocean_menu_typo_font_weight":"","ocean_menu_typo_font_weight_tablet":"","ocean_menu_typo_font_weight_mobile":"","ocean_menu_typo_transform":"","ocean_menu_typo_transform_tablet":"","ocean_menu_typo_transform_mobile":"","ocean_menu_typo_line_height":0,"ocean_menu_typo_line_height_tablet":0,"ocean_menu_typo_line_height_mobile":0,"ocean_menu_typo_line_height_unit":"","ocean_menu_typo_spacing":0,"ocean_menu_typo_spacing_tablet":0,"ocean_menu_typo_spacing_mobile":0,"ocean_menu_typo_spacing_unit":"","ocean_menu_link_color":"","ocean_menu_link_color_hover":"","ocean_menu_link_color_active":"","ocean_menu_link_background":"","ocean_menu_link_hover_background":"","ocean_menu_link_active_background":"","ocean_menu_social_links_bg":"","ocean_menu_social_hover_links_bg":"","ocean_menu_social_links_color":"","ocean_menu_social_hover_links_color":"","ocean_disable_title":"default","ocean_disable_heading":"default","ocean_post_title":"","ocean_post_subheading":"","ocean_post_title_style":"","ocean_post_title_background_color":"","ocean_post_title_background":0,"ocean_post_title_bg_image_position":"","ocean_post_title_bg_image_attachment":"","ocean_post_title_bg_image_repeat":"","ocean_post_title_bg_image_size":"","ocean_post_title_height":0,"ocean_post_title_bg_overlay":0,"ocean_post_title_bg_overlay_color":"","ocean_disable_breadcrumbs":"default","ocean_breadcrumbs_color":"","ocean_breadcrumbs_separator_color":"","ocean_breadcrumbs_links_color":"","ocean_breadcrumbs_links_hover_color":"","ocean_display_footer_widgets":"default","ocean_display_footer_bottom":"default","ocean_custom_footer_template":"0"},"product_brand":[],"product_cat":[18,23],"product_tag":[],"class_list":{"0":"post-149","1":"product","2":"type-product","3":"status-publish","4":"has-post-thumbnail","6":"product_cat-kojie-san-cremes-lotions","7":"product_cat-kojie-san","9":"entry","10":"has-media","12":"first","13":"instock","14":"sale","15":"taxable","16":"shipping-taxable","17":"purchasable","18":"product-type-simple","19":"has-product-nav","20":"col","21":"span_1_of_3","22":"owp-content-center","23":"owp-thumbs-layout-horizontal","24":"owp-btn-normal","25":"owp-tabs-layout-horizontal","26":"has-no-thumbnails"},"yoast_head":"<!-- This site is optimized with the Yoast SEO plugin v27.3 - https:\/\/yoast.com\/product\/yoast-seo-wordpress\/ -->\n<title>Cr\u00e8me de nuit visage anti-\u00e2ge 30g - Kojie San<\/title>\n<meta name=\"description\" content=\"Envie d&#039;une peau \u00e9clatante et rajeunie au r\u00e9veil ? D\u00e9couvrez notre cr\u00e8me de nuit anti-\u00e2ge \u00e9claircissante \u00e0 l&#039;acide kojique, collag\u00e8ne et \u00e9lastine.\" \/>\n<meta name=\"robots\" content=\"index, follow, max-snippet:-1, max-image-preview:large, max-video-preview:-1\" \/>\n<link rel=\"canonical\" href=\"https:\/\/kojicskin-europe.com\/it\/dream-white-crema-notte-antieta-30g\/\" \/>\n<meta property=\"og:locale\" content=\"it_IT\" \/>\n<meta property=\"og:type\" content=\"article\" \/>\n<meta property=\"og:title\" content=\"Cr\u00e8me de nuit visage anti-\u00e2ge 30g - Kojie San\" \/>\n<meta property=\"og:description\" content=\"Envie d&#039;une peau \u00e9clatante et rajeunie au r\u00e9veil ? D\u00e9couvrez notre cr\u00e8me de nuit anti-\u00e2ge \u00e9claircissante \u00e0 l&#039;acide kojique, collag\u00e8ne et \u00e9lastine.\" \/>\n<meta property=\"og:url\" content=\"https:\/\/kojicskin-europe.com\/it\/dream-white-crema-notte-antieta-30g\/\" \/>\n<meta property=\"og:site_name\" content=\"Kojic Skin Europe\" \/>\n<meta property=\"article:modified_time\" content=\"2026-04-02T18:36:07+00:00\" \/>\n<meta property=\"og:image\" content=\"https:\/\/kojicskin-europe.com\/wp-content\/uploads\/2024\/09\/creme_nuit_dreamwhite_kojie-san-dates-courtes2.png\" \/>\n\t<meta property=\"og:image:width\" content=\"800\" \/>\n\t<meta property=\"og:image:height\" content=\"800\" \/>\n\t<meta property=\"og:image:type\" content=\"image\/png\" \/>\n<meta name=\"twitter:card\" content=\"summary_large_image\" \/>\n<meta name=\"twitter:label1\" content=\"Tempo di lettura stimato\" \/>\n\t<meta name=\"twitter:data1\" content=\"2 minuti\" \/>\n<script type=\"application\/ld+json\" class=\"yoast-schema-graph\">{\"@context\":\"https:\\\/\\\/schema.org\",\"@graph\":[{\"@type\":\"WebPage\",\"@id\":\"https:\\\/\\\/kojicskin-europe.com\\\/creme-de-nuit-visage-anti-age-dream-white-30g\\\/\",\"url\":\"https:\\\/\\\/kojicskin-europe.com\\\/creme-de-nuit-visage-anti-age-dream-white-30g\\\/\",\"name\":\"Cr\u00e8me de nuit visage anti-\u00e2ge 30g - Kojie San\",\"isPartOf\":{\"@id\":\"https:\\\/\\\/kojicskin-europe.com\\\/#website\"},\"primaryImageOfPage\":{\"@id\":\"https:\\\/\\\/kojicskin-europe.com\\\/creme-de-nuit-visage-anti-age-dream-white-30g\\\/#primaryimage\"},\"image\":{\"@id\":\"https:\\\/\\\/kojicskin-europe.com\\\/creme-de-nuit-visage-anti-age-dream-white-30g\\\/#primaryimage\"},\"thumbnailUrl\":\"https:\\\/\\\/kojicskin-europe.com\\\/wp-content\\\/uploads\\\/2024\\\/09\\\/creme_nuit_dreamwhite_kojie-san-dates-courtes2.png\",\"datePublished\":\"2024-09-14T15:27:07+00:00\",\"dateModified\":\"2026-04-02T18:36:07+00:00\",\"description\":\"Envie d'une peau \u00e9clatante et rajeunie au r\u00e9veil ? D\u00e9couvrez notre cr\u00e8me de nuit anti-\u00e2ge \u00e9claircissante \u00e0 l'acide kojique, collag\u00e8ne et \u00e9lastine.\",\"breadcrumb\":{\"@id\":\"https:\\\/\\\/kojicskin-europe.com\\\/creme-de-nuit-visage-anti-age-dream-white-30g\\\/#breadcrumb\"},\"inLanguage\":\"it-IT\",\"potentialAction\":[{\"@type\":\"ReadAction\",\"target\":[\"https:\\\/\\\/kojicskin-europe.com\\\/creme-de-nuit-visage-anti-age-dream-white-30g\\\/\"]}]},{\"@type\":\"ImageObject\",\"inLanguage\":\"it-IT\",\"@id\":\"https:\\\/\\\/kojicskin-europe.com\\\/creme-de-nuit-visage-anti-age-dream-white-30g\\\/#primaryimage\",\"url\":\"https:\\\/\\\/kojicskin-europe.com\\\/wp-content\\\/uploads\\\/2024\\\/09\\\/creme_nuit_dreamwhite_kojie-san-dates-courtes2.png\",\"contentUrl\":\"https:\\\/\\\/kojicskin-europe.com\\\/wp-content\\\/uploads\\\/2024\\\/09\\\/creme_nuit_dreamwhite_kojie-san-dates-courtes2.png\",\"width\":800,\"height\":800},{\"@type\":\"BreadcrumbList\",\"@id\":\"https:\\\/\\\/kojicskin-europe.com\\\/creme-de-nuit-visage-anti-age-dream-white-30g\\\/#breadcrumb\",\"itemListElement\":[{\"@type\":\"ListItem\",\"position\":1,\"name\":\"Accueil\",\"item\":\"https:\\\/\\\/kojicskin-europe.com\\\/\"},{\"@type\":\"ListItem\",\"position\":2,\"name\":\"Kojie San\",\"item\":\"https:\\\/\\\/kojicskin-europe.com\\\/kojie-san\\\/\"},{\"@type\":\"ListItem\",\"position\":3,\"name\":\"Cr\u00e8me de nuit visage anti-\u00e2ge 30g &#8211; Kojie San\"}]},{\"@type\":\"WebSite\",\"@id\":\"https:\\\/\\\/kojicskin-europe.com\\\/#website\",\"url\":\"https:\\\/\\\/kojicskin-europe.com\\\/\",\"name\":\"Kojic Skin Europe\",\"description\":\"\",\"publisher\":{\"@id\":\"https:\\\/\\\/kojicskin-europe.com\\\/#organization\"},\"potentialAction\":[{\"@type\":\"SearchAction\",\"target\":{\"@type\":\"EntryPoint\",\"urlTemplate\":\"https:\\\/\\\/kojicskin-europe.com\\\/?s={search_term_string}\"},\"query-input\":{\"@type\":\"PropertyValueSpecification\",\"valueRequired\":true,\"valueName\":\"search_term_string\"}}],\"inLanguage\":\"it-IT\"},{\"@type\":\"Organization\",\"@id\":\"https:\\\/\\\/kojicskin-europe.com\\\/#organization\",\"name\":\"Kojic Skin Europe\",\"url\":\"https:\\\/\\\/kojicskin-europe.com\\\/\",\"logo\":{\"@type\":\"ImageObject\",\"inLanguage\":\"it-IT\",\"@id\":\"https:\\\/\\\/kojicskin-europe.com\\\/#\\\/schema\\\/logo\\\/image\\\/\",\"url\":\"https:\\\/\\\/kojicskin-europe.com\\\/wp-content\\\/uploads\\\/2024\\\/11\\\/kojic-skin-europe-logo.png\",\"contentUrl\":\"https:\\\/\\\/kojicskin-europe.com\\\/wp-content\\\/uploads\\\/2024\\\/11\\\/kojic-skin-europe-logo.png\",\"width\":2078,\"height\":541,\"caption\":\"Kojic Skin Europe\"},\"image\":{\"@id\":\"https:\\\/\\\/kojicskin-europe.com\\\/#\\\/schema\\\/logo\\\/image\\\/\"}}]}<\/script>\n<!-- \/ Yoast SEO plugin. -->","yoast_head_json":{"title":"Crema notte anti-et\u00e0 30 g - Kojie San","description":"Volete svegliarvi con una pelle radiosa e pi\u00f9 giovane? Scoprite la nostra crema notte illuminante anti-et\u00e0 con acido cogico, collagene ed elastina.","robots":{"index":"index","follow":"follow","max-snippet":"max-snippet:-1","max-image-preview":"max-image-preview:large","max-video-preview":"max-video-preview:-1"},"canonical":"https:\/\/kojicskin-europe.com\/it\/dream-white-crema-notte-antieta-30g\/","og_locale":"it_IT","og_type":"article","og_title":"Cr\u00e8me de nuit visage anti-\u00e2ge 30g - Kojie San","og_description":"Envie d'une peau \u00e9clatante et rajeunie au r\u00e9veil ? D\u00e9couvrez notre cr\u00e8me de nuit anti-\u00e2ge \u00e9claircissante \u00e0 l'acide kojique, collag\u00e8ne et \u00e9lastine.","og_url":"https:\/\/kojicskin-europe.com\/it\/dream-white-crema-notte-antieta-30g\/","og_site_name":"Kojic Skin Europe","article_modified_time":"2026-04-02T18:36:07+00:00","og_image":[{"width":800,"height":800,"url":"https:\/\/kojicskin-europe.com\/wp-content\/uploads\/2024\/09\/creme_nuit_dreamwhite_kojie-san-dates-courtes2.png","type":"image\/png"}],"twitter_card":"summary_large_image","twitter_misc":{"Tempo di lettura stimato":"2 minuti"},"schema":{"@context":"https:\/\/schema.org","@graph":[{"@type":"WebPage","@id":"https:\/\/kojicskin-europe.com\/creme-de-nuit-visage-anti-age-dream-white-30g\/","url":"https:\/\/kojicskin-europe.com\/creme-de-nuit-visage-anti-age-dream-white-30g\/","name":"Crema notte anti-et\u00e0 30 g - Kojie San","isPartOf":{"@id":"https:\/\/kojicskin-europe.com\/#website"},"primaryImageOfPage":{"@id":"https:\/\/kojicskin-europe.com\/creme-de-nuit-visage-anti-age-dream-white-30g\/#primaryimage"},"image":{"@id":"https:\/\/kojicskin-europe.com\/creme-de-nuit-visage-anti-age-dream-white-30g\/#primaryimage"},"thumbnailUrl":"https:\/\/kojicskin-europe.com\/wp-content\/uploads\/2024\/09\/creme_nuit_dreamwhite_kojie-san-dates-courtes2.png","datePublished":"2024-09-14T15:27:07+00:00","dateModified":"2026-04-02T18:36:07+00:00","description":"Volete svegliarvi con una pelle radiosa e pi\u00f9 giovane? Scoprite la nostra crema notte illuminante anti-et\u00e0 con acido cogico, collagene ed elastina.","breadcrumb":{"@id":"https:\/\/kojicskin-europe.com\/creme-de-nuit-visage-anti-age-dream-white-30g\/#breadcrumb"},"inLanguage":"it-IT","potentialAction":[{"@type":"ReadAction","target":["https:\/\/kojicskin-europe.com\/creme-de-nuit-visage-anti-age-dream-white-30g\/"]}]},{"@type":"ImageObject","inLanguage":"it-IT","@id":"https:\/\/kojicskin-europe.com\/creme-de-nuit-visage-anti-age-dream-white-30g\/#primaryimage","url":"https:\/\/kojicskin-europe.com\/wp-content\/uploads\/2024\/09\/creme_nuit_dreamwhite_kojie-san-dates-courtes2.png","contentUrl":"https:\/\/kojicskin-europe.com\/wp-content\/uploads\/2024\/09\/creme_nuit_dreamwhite_kojie-san-dates-courtes2.png","width":800,"height":800},{"@type":"BreadcrumbList","@id":"https:\/\/kojicskin-europe.com\/creme-de-nuit-visage-anti-age-dream-white-30g\/#breadcrumb","itemListElement":[{"@type":"ListItem","position":1,"name":"Accueil","item":"https:\/\/kojicskin-europe.com\/"},{"@type":"ListItem","position":2,"name":"Kojie San","item":"https:\/\/kojicskin-europe.com\/kojie-san\/"},{"@type":"ListItem","position":3,"name":"Cr\u00e8me de nuit visage anti-\u00e2ge 30g &#8211; Kojie San"}]},{"@type":"WebSite","@id":"https:\/\/kojicskin-europe.com\/#website","url":"https:\/\/kojicskin-europe.com\/","name":"Pelle kojica Europa","description":"","publisher":{"@id":"https:\/\/kojicskin-europe.com\/#organization"},"potentialAction":[{"@type":"SearchAction","target":{"@type":"EntryPoint","urlTemplate":"https:\/\/kojicskin-europe.com\/?s={search_term_string}"},"query-input":{"@type":"PropertyValueSpecification","valueRequired":true,"valueName":"search_term_string"}}],"inLanguage":"it-IT"},{"@type":"Organization","@id":"https:\/\/kojicskin-europe.com\/#organization","name":"Pelle kojica Europa","url":"https:\/\/kojicskin-europe.com\/","logo":{"@type":"ImageObject","inLanguage":"it-IT","@id":"https:\/\/kojicskin-europe.com\/#\/schema\/logo\/image\/","url":"https:\/\/kojicskin-europe.com\/wp-content\/uploads\/2024\/11\/kojic-skin-europe-logo.png","contentUrl":"https:\/\/kojicskin-europe.com\/wp-content\/uploads\/2024\/11\/kojic-skin-europe-logo.png","width":2078,"height":541,"caption":"Kojic Skin Europe"},"image":{"@id":"https:\/\/kojicskin-europe.com\/#\/schema\/logo\/image\/"}}]}},"_links":{"self":[{"href":"https:\/\/kojicskin-europe.com\/it\/wp-json\/wp\/v2\/product\/149","targetHints":{"allow":["GET"]}}],"collection":[{"href":"https:\/\/kojicskin-europe.com\/it\/wp-json\/wp\/v2\/product"}],"about":[{"href":"https:\/\/kojicskin-europe.com\/it\/wp-json\/wp\/v2\/types\/product"}],"version-history":[{"count":0,"href":"https:\/\/kojicskin-europe.com\/it\/wp-json\/wp\/v2\/product\/149\/revisions"}],"wp:featuredmedia":[{"embeddable":true,"href":"https:\/\/kojicskin-europe.com\/it\/wp-json\/wp\/v2\/media\/33232"}],"wp:attachment":[{"href":"https:\/\/kojicskin-europe.com\/it\/wp-json\/wp\/v2\/media?parent=149"}],"wp:term":[{"taxonomy":"product_brand","embeddable":true,"href":"https:\/\/kojicskin-europe.com\/it\/wp-json\/wp\/v2\/product_brand?post=149"},{"taxonomy":"product_cat","embeddable":true,"href":"https:\/\/kojicskin-europe.com\/it\/wp-json\/wp\/v2\/product_cat?post=149"},{"taxonomy":"product_tag","embeddable":true,"href":"https:\/\/kojicskin-europe.com\/it\/wp-json\/wp\/v2\/product_tag?post=149"}],"curies":[{"name":"wp","href":"https:\/\/api.w.org\/{rel}","templated":true}]}}