{"id":972,"date":"2025-02-25T18:44:50","date_gmt":"2025-02-25T18:44:50","guid":{"rendered":"https:\/\/kojicskineurope.live-website.com\/?post_type=product&#038;p=972"},"modified":"2026-02-04T00:40:00","modified_gmt":"2026-02-03T23:40:00","slug":"pack-2-jabones-antiedad-dream-white-2x65g","status":"publish","type":"product","link":"https:\/\/kojicskin-europe.com\/es\/pack-2-savons-anti-age-dream-white-2x65g\/","title":{"rendered":"2 jabones antiedad \"Dream White\" 2x65g - Kojie San"},"content":{"rendered":"<p>Transforme su rutina de cuidado de la piel con el Pack de 2 Jabones Antienvejecimiento Dream White - 2x65g, de venta exclusiva en la tienda oficial europea de Kojie San: <strong>Piel k\u00f3jica - Europa<\/strong>. D\u00e9jese envolver por el c\u00e1lido y dulce aroma de la vainilla mientras <strong>ilumina tu piel<\/strong> y <strong>ralentizaci\u00f3n<\/strong> <strong>los signos del envejecimiento<\/strong> gracias a estos jabones aclarantes y antiedad.<\/p>\n<p><strong>Enriquecido con col\u00e1geno y elastina<\/strong>Kojie San Dream Jab\u00f3n blanco promociona <strong>reparaciones<\/strong> y el <strong>rejuvenecimiento de su piel.<\/strong> El \u00e1cido k\u00f3jico aporta <strong>renovaci\u00f3n celular<\/strong> para una piel m\u00e1s luminosa y uniforme.<\/p>\n<p>Conf\u00ede en <strong>Piel k\u00f3jica - Europa<\/strong>Su especialista en el cuidado de la piel para una belleza radiante y rejuvenecida.<\/p>","protected":false},"excerpt":{"rendered":"<ul>\n<li><strong>Fragancia de vainilla<\/strong> para una piel m\u00e1s luminosa y unos signos de envejecimiento m\u00e1s lentos.<\/li>\n<li><strong>Enriquecido con col\u00e1geno y elastina<\/strong> para una piel reparada y rejuvenecida.<\/li>\n<li><strong>\u00c1cido k\u00f3jico<\/strong> para la renovaci\u00f3n celular y la uniformidad del tono de la piel.<\/li>\n<li>Conf\u00ede en <strong>Piel k\u00f3jica - Europa<\/strong>Tienda oficial de Kojie San en Europa.<\/li>\n<li><b>Formato <\/b>: 2x65g<\/li>\n<\/ul>","protected":false},"featured_media":1002,"template":"","meta":{"ocean_post_layout":"","ocean_both_sidebars_style":"","ocean_both_sidebars_content_width":0,"ocean_both_sidebars_sidebars_width":0,"ocean_sidebar":"0","ocean_second_sidebar":"0","ocean_disable_margins":"enable","ocean_add_body_class":"","ocean_shortcode_before_top_bar":"","ocean_shortcode_after_top_bar":"","ocean_shortcode_before_header":"","ocean_shortcode_after_header":"","ocean_has_shortcode":"","ocean_shortcode_after_title":"","ocean_shortcode_before_footer_widgets":"","ocean_shortcode_after_footer_widgets":"","ocean_shortcode_before_footer_bottom":"","ocean_shortcode_after_footer_bottom":"","ocean_display_top_bar":"default","ocean_display_header":"default","ocean_header_style":"","ocean_center_header_left_menu":"0","ocean_custom_header_template":"0","ocean_custom_logo":0,"ocean_custom_retina_logo":0,"ocean_custom_logo_max_width":0,"ocean_custom_logo_tablet_max_width":0,"ocean_custom_logo_mobile_max_width":0,"ocean_custom_logo_max_height":0,"ocean_custom_logo_tablet_max_height":0,"ocean_custom_logo_mobile_max_height":0,"ocean_header_custom_menu":"0","ocean_menu_typo_font_family":"0","ocean_menu_typo_font_subset":"","ocean_menu_typo_font_size":0,"ocean_menu_typo_font_size_tablet":0,"ocean_menu_typo_font_size_mobile":0,"ocean_menu_typo_font_size_unit":"px","ocean_menu_typo_font_weight":"","ocean_menu_typo_font_weight_tablet":"","ocean_menu_typo_font_weight_mobile":"","ocean_menu_typo_transform":"","ocean_menu_typo_transform_tablet":"","ocean_menu_typo_transform_mobile":"","ocean_menu_typo_line_height":0,"ocean_menu_typo_line_height_tablet":0,"ocean_menu_typo_line_height_mobile":0,"ocean_menu_typo_line_height_unit":"","ocean_menu_typo_spacing":0,"ocean_menu_typo_spacing_tablet":0,"ocean_menu_typo_spacing_mobile":0,"ocean_menu_typo_spacing_unit":"","ocean_menu_link_color":"","ocean_menu_link_color_hover":"","ocean_menu_link_color_active":"","ocean_menu_link_background":"","ocean_menu_link_hover_background":"","ocean_menu_link_active_background":"","ocean_menu_social_links_bg":"","ocean_menu_social_hover_links_bg":"","ocean_menu_social_links_color":"","ocean_menu_social_hover_links_color":"","ocean_disable_title":"default","ocean_disable_heading":"default","ocean_post_title":"","ocean_post_subheading":"","ocean_post_title_style":"","ocean_post_title_background_color":"","ocean_post_title_background":0,"ocean_post_title_bg_image_position":"","ocean_post_title_bg_image_attachment":"","ocean_post_title_bg_image_repeat":"","ocean_post_title_bg_image_size":"","ocean_post_title_height":0,"ocean_post_title_bg_overlay":0.5,"ocean_post_title_bg_overlay_color":"","ocean_disable_breadcrumbs":"default","ocean_breadcrumbs_color":"","ocean_breadcrumbs_separator_color":"","ocean_breadcrumbs_links_color":"","ocean_breadcrumbs_links_hover_color":"","ocean_display_footer_widgets":"default","ocean_display_footer_bottom":"default","ocean_custom_footer_template":"0"},"product_brand":[],"product_cat":[23,17],"product_tag":[],"class_list":{"0":"post-972","1":"product","2":"type-product","3":"status-publish","4":"has-post-thumbnail","6":"product_cat-kojie-san","7":"product_cat-kojie-san-savons","9":"entry","10":"has-media","12":"first","13":"outofstock","14":"taxable","15":"shipping-taxable","16":"purchasable","17":"product-type-simple","18":"has-product-nav","19":"col","20":"span_1_of_3","21":"owp-content-center","22":"owp-thumbs-layout-horizontal","23":"owp-btn-normal","24":"owp-tabs-layout-horizontal","25":"has-no-thumbnails"},"yoast_head":"<!-- This site is optimized with the Yoast SEO plugin v27.3 - https:\/\/yoast.com\/product\/yoast-seo-wordpress\/ -->\n<title>2 savons anti-\u00e2ge &quot;Dream White&quot; 2x65g - Kojie San<\/title>\n<meta name=\"description\" content=\"Vendu exclusivement par Kojic Skin - Europe. Profitez des bienfaits du collag\u00e8ne, de l&#039;\u00e9lastine et de l&#039;acide kojique.\" \/>\n<meta name=\"robots\" content=\"index, follow, max-snippet:-1, max-image-preview:large, max-video-preview:-1\" \/>\n<link rel=\"canonical\" href=\"https:\/\/kojicskin-europe.com\/es\/pack-2-jabones-antiedad-dream-white-2x65g\/\" \/>\n<meta property=\"og:locale\" content=\"es_ES\" \/>\n<meta property=\"og:type\" content=\"article\" \/>\n<meta property=\"og:title\" content=\"2 savons anti-\u00e2ge &quot;Dream White&quot; 2x65g - Kojie San\" \/>\n<meta property=\"og:description\" content=\"Vendu exclusivement par Kojic Skin - Europe. Profitez des bienfaits du collag\u00e8ne, de l&#039;\u00e9lastine et de l&#039;acide kojique.\" \/>\n<meta property=\"og:url\" content=\"https:\/\/kojicskin-europe.com\/es\/pack-2-jabones-antiedad-dream-white-2x65g\/\" \/>\n<meta property=\"og:site_name\" content=\"Kojic Skin Europe\" \/>\n<meta property=\"article:modified_time\" content=\"2026-02-03T23:40:00+00:00\" \/>\n<meta property=\"og:image\" content=\"https:\/\/kojicskin-europe.com\/wp-content\/uploads\/2025\/02\/pack-2-savon-anti-age-dream-white-kojie-san.webp\" \/>\n\t<meta property=\"og:image:width\" content=\"800\" \/>\n\t<meta property=\"og:image:height\" content=\"800\" \/>\n\t<meta property=\"og:image:type\" content=\"image\/webp\" \/>\n<meta name=\"twitter:card\" content=\"summary_large_image\" \/>\n<meta name=\"twitter:label1\" content=\"Tiempo de lectura\" \/>\n\t<meta name=\"twitter:data1\" content=\"1 minuto\" \/>\n<script type=\"application\/ld+json\" class=\"yoast-schema-graph\">{\"@context\":\"https:\\\/\\\/schema.org\",\"@graph\":[{\"@type\":\"WebPage\",\"@id\":\"https:\\\/\\\/kojicskin-europe.com\\\/pack-2-savons-anti-age-dream-white-2x65g\\\/\",\"url\":\"https:\\\/\\\/kojicskin-europe.com\\\/pack-2-savons-anti-age-dream-white-2x65g\\\/\",\"name\":\"2 savons anti-\u00e2ge \\\"Dream White\\\" 2x65g - Kojie San\",\"isPartOf\":{\"@id\":\"https:\\\/\\\/kojicskin-europe.com\\\/#website\"},\"primaryImageOfPage\":{\"@id\":\"https:\\\/\\\/kojicskin-europe.com\\\/pack-2-savons-anti-age-dream-white-2x65g\\\/#primaryimage\"},\"image\":{\"@id\":\"https:\\\/\\\/kojicskin-europe.com\\\/pack-2-savons-anti-age-dream-white-2x65g\\\/#primaryimage\"},\"thumbnailUrl\":\"https:\\\/\\\/kojicskin-europe.com\\\/wp-content\\\/uploads\\\/2025\\\/02\\\/pack-2-savon-anti-age-dream-white-kojie-san.webp\",\"datePublished\":\"2025-02-25T18:44:50+00:00\",\"dateModified\":\"2026-02-03T23:40:00+00:00\",\"description\":\"Vendu exclusivement par Kojic Skin - Europe. Profitez des bienfaits du collag\u00e8ne, de l'\u00e9lastine et de l'acide kojique.\",\"breadcrumb\":{\"@id\":\"https:\\\/\\\/kojicskin-europe.com\\\/pack-2-savons-anti-age-dream-white-2x65g\\\/#breadcrumb\"},\"inLanguage\":\"es\",\"potentialAction\":[{\"@type\":\"ReadAction\",\"target\":[\"https:\\\/\\\/kojicskin-europe.com\\\/pack-2-savons-anti-age-dream-white-2x65g\\\/\"]}]},{\"@type\":\"ImageObject\",\"inLanguage\":\"es\",\"@id\":\"https:\\\/\\\/kojicskin-europe.com\\\/pack-2-savons-anti-age-dream-white-2x65g\\\/#primaryimage\",\"url\":\"https:\\\/\\\/kojicskin-europe.com\\\/wp-content\\\/uploads\\\/2025\\\/02\\\/pack-2-savon-anti-age-dream-white-kojie-san.webp\",\"contentUrl\":\"https:\\\/\\\/kojicskin-europe.com\\\/wp-content\\\/uploads\\\/2025\\\/02\\\/pack-2-savon-anti-age-dream-white-kojie-san.webp\",\"width\":800,\"height\":800},{\"@type\":\"BreadcrumbList\",\"@id\":\"https:\\\/\\\/kojicskin-europe.com\\\/pack-2-savons-anti-age-dream-white-2x65g\\\/#breadcrumb\",\"itemListElement\":[{\"@type\":\"ListItem\",\"position\":1,\"name\":\"Accueil\",\"item\":\"https:\\\/\\\/kojicskin-europe.com\\\/\"},{\"@type\":\"ListItem\",\"position\":2,\"name\":\"Kojie San\",\"item\":\"https:\\\/\\\/kojicskin-europe.com\\\/kojie-san\\\/\"},{\"@type\":\"ListItem\",\"position\":3,\"name\":\"2 savons anti-\u00e2ge \u00ab\u00a0Dream White\u00a0\u00bb 2x65g &#8211; Kojie San\"}]},{\"@type\":\"WebSite\",\"@id\":\"https:\\\/\\\/kojicskin-europe.com\\\/#website\",\"url\":\"https:\\\/\\\/kojicskin-europe.com\\\/\",\"name\":\"Kojic Skin Europe\",\"description\":\"\",\"publisher\":{\"@id\":\"https:\\\/\\\/kojicskin-europe.com\\\/#organization\"},\"potentialAction\":[{\"@type\":\"SearchAction\",\"target\":{\"@type\":\"EntryPoint\",\"urlTemplate\":\"https:\\\/\\\/kojicskin-europe.com\\\/?s={search_term_string}\"},\"query-input\":{\"@type\":\"PropertyValueSpecification\",\"valueRequired\":true,\"valueName\":\"search_term_string\"}}],\"inLanguage\":\"es\"},{\"@type\":\"Organization\",\"@id\":\"https:\\\/\\\/kojicskin-europe.com\\\/#organization\",\"name\":\"Kojic Skin Europe\",\"url\":\"https:\\\/\\\/kojicskin-europe.com\\\/\",\"logo\":{\"@type\":\"ImageObject\",\"inLanguage\":\"es\",\"@id\":\"https:\\\/\\\/kojicskin-europe.com\\\/#\\\/schema\\\/logo\\\/image\\\/\",\"url\":\"https:\\\/\\\/kojicskin-europe.com\\\/wp-content\\\/uploads\\\/2024\\\/11\\\/kojic-skin-europe-logo.png\",\"contentUrl\":\"https:\\\/\\\/kojicskin-europe.com\\\/wp-content\\\/uploads\\\/2024\\\/11\\\/kojic-skin-europe-logo.png\",\"width\":2078,\"height\":541,\"caption\":\"Kojic Skin Europe\"},\"image\":{\"@id\":\"https:\\\/\\\/kojicskin-europe.com\\\/#\\\/schema\\\/logo\\\/image\\\/\"}}]}<\/script>\n<!-- \/ Yoast SEO plugin. -->","yoast_head_json":{"title":"2 jabones antiedad \"Dream White\" 2x65g - Kojie San","description":"De venta exclusiva en Kojic Skin - Europa. Disfrute de los beneficios del col\u00e1geno, la elastina y el \u00e1cido k\u00f3jico.","robots":{"index":"index","follow":"follow","max-snippet":"max-snippet:-1","max-image-preview":"max-image-preview:large","max-video-preview":"max-video-preview:-1"},"canonical":"https:\/\/kojicskin-europe.com\/es\/pack-2-jabones-antiedad-dream-white-2x65g\/","og_locale":"es_ES","og_type":"article","og_title":"2 savons anti-\u00e2ge \"Dream White\" 2x65g - Kojie San","og_description":"Vendu exclusivement par Kojic Skin - Europe. Profitez des bienfaits du collag\u00e8ne, de l'\u00e9lastine et de l'acide kojique.","og_url":"https:\/\/kojicskin-europe.com\/es\/pack-2-jabones-antiedad-dream-white-2x65g\/","og_site_name":"Kojic Skin Europe","article_modified_time":"2026-02-03T23:40:00+00:00","og_image":[{"width":800,"height":800,"url":"https:\/\/kojicskin-europe.com\/wp-content\/uploads\/2025\/02\/pack-2-savon-anti-age-dream-white-kojie-san.webp","type":"image\/webp"}],"twitter_card":"summary_large_image","twitter_misc":{"Tiempo de lectura":"1 minuto"},"schema":{"@context":"https:\/\/schema.org","@graph":[{"@type":"WebPage","@id":"https:\/\/kojicskin-europe.com\/pack-2-savons-anti-age-dream-white-2x65g\/","url":"https:\/\/kojicskin-europe.com\/pack-2-savons-anti-age-dream-white-2x65g\/","name":"2 jabones antiedad \"Dream White\" 2x65g - Kojie San","isPartOf":{"@id":"https:\/\/kojicskin-europe.com\/#website"},"primaryImageOfPage":{"@id":"https:\/\/kojicskin-europe.com\/pack-2-savons-anti-age-dream-white-2x65g\/#primaryimage"},"image":{"@id":"https:\/\/kojicskin-europe.com\/pack-2-savons-anti-age-dream-white-2x65g\/#primaryimage"},"thumbnailUrl":"https:\/\/kojicskin-europe.com\/wp-content\/uploads\/2025\/02\/pack-2-savon-anti-age-dream-white-kojie-san.webp","datePublished":"2025-02-25T18:44:50+00:00","dateModified":"2026-02-03T23:40:00+00:00","description":"De venta exclusiva en Kojic Skin - Europa. Disfrute de los beneficios del col\u00e1geno, la elastina y el \u00e1cido k\u00f3jico.","breadcrumb":{"@id":"https:\/\/kojicskin-europe.com\/pack-2-savons-anti-age-dream-white-2x65g\/#breadcrumb"},"inLanguage":"es","potentialAction":[{"@type":"ReadAction","target":["https:\/\/kojicskin-europe.com\/pack-2-savons-anti-age-dream-white-2x65g\/"]}]},{"@type":"ImageObject","inLanguage":"es","@id":"https:\/\/kojicskin-europe.com\/pack-2-savons-anti-age-dream-white-2x65g\/#primaryimage","url":"https:\/\/kojicskin-europe.com\/wp-content\/uploads\/2025\/02\/pack-2-savon-anti-age-dream-white-kojie-san.webp","contentUrl":"https:\/\/kojicskin-europe.com\/wp-content\/uploads\/2025\/02\/pack-2-savon-anti-age-dream-white-kojie-san.webp","width":800,"height":800},{"@type":"BreadcrumbList","@id":"https:\/\/kojicskin-europe.com\/pack-2-savons-anti-age-dream-white-2x65g\/#breadcrumb","itemListElement":[{"@type":"ListItem","position":1,"name":"Accueil","item":"https:\/\/kojicskin-europe.com\/"},{"@type":"ListItem","position":2,"name":"Kojie San","item":"https:\/\/kojicskin-europe.com\/kojie-san\/"},{"@type":"ListItem","position":3,"name":"2 savons anti-\u00e2ge \u00ab\u00a0Dream White\u00a0\u00bb 2x65g &#8211; Kojie San"}]},{"@type":"WebSite","@id":"https:\/\/kojicskin-europe.com\/#website","url":"https:\/\/kojicskin-europe.com\/","name":"Piel K\u00f3jica Europa","description":"","publisher":{"@id":"https:\/\/kojicskin-europe.com\/#organization"},"potentialAction":[{"@type":"SearchAction","target":{"@type":"EntryPoint","urlTemplate":"https:\/\/kojicskin-europe.com\/?s={search_term_string}"},"query-input":{"@type":"PropertyValueSpecification","valueRequired":true,"valueName":"search_term_string"}}],"inLanguage":"es"},{"@type":"Organization","@id":"https:\/\/kojicskin-europe.com\/#organization","name":"Piel K\u00f3jica Europa","url":"https:\/\/kojicskin-europe.com\/","logo":{"@type":"ImageObject","inLanguage":"es","@id":"https:\/\/kojicskin-europe.com\/#\/schema\/logo\/image\/","url":"https:\/\/kojicskin-europe.com\/wp-content\/uploads\/2024\/11\/kojic-skin-europe-logo.png","contentUrl":"https:\/\/kojicskin-europe.com\/wp-content\/uploads\/2024\/11\/kojic-skin-europe-logo.png","width":2078,"height":541,"caption":"Kojic Skin Europe"},"image":{"@id":"https:\/\/kojicskin-europe.com\/#\/schema\/logo\/image\/"}}]}},"_links":{"self":[{"href":"https:\/\/kojicskin-europe.com\/es\/wp-json\/wp\/v2\/product\/972","targetHints":{"allow":["GET"]}}],"collection":[{"href":"https:\/\/kojicskin-europe.com\/es\/wp-json\/wp\/v2\/product"}],"about":[{"href":"https:\/\/kojicskin-europe.com\/es\/wp-json\/wp\/v2\/types\/product"}],"version-history":[{"count":0,"href":"https:\/\/kojicskin-europe.com\/es\/wp-json\/wp\/v2\/product\/972\/revisions"}],"wp:featuredmedia":[{"embeddable":true,"href":"https:\/\/kojicskin-europe.com\/es\/wp-json\/wp\/v2\/media\/1002"}],"wp:attachment":[{"href":"https:\/\/kojicskin-europe.com\/es\/wp-json\/wp\/v2\/media?parent=972"}],"wp:term":[{"taxonomy":"product_brand","embeddable":true,"href":"https:\/\/kojicskin-europe.com\/es\/wp-json\/wp\/v2\/product_brand?post=972"},{"taxonomy":"product_cat","embeddable":true,"href":"https:\/\/kojicskin-europe.com\/es\/wp-json\/wp\/v2\/product_cat?post=972"},{"taxonomy":"product_tag","embeddable":true,"href":"https:\/\/kojicskin-europe.com\/es\/wp-json\/wp\/v2\/product_tag?post=972"}],"curies":[{"name":"wp","href":"https:\/\/api.w.org\/{rel}","templated":true}]}}