{"id":39563,"date":"2026-03-31T23:31:08","date_gmt":"2026-03-31T21:31:08","guid":{"rendered":"https:\/\/kojicskin-europe.com\/?post_type=product&#038;p=39563"},"modified":"2026-04-17T13:39:21","modified_gmt":"2026-04-17T11:39:21","slug":"nettoyant-visage-oil-control-125g-kojie-san","status":"publish","type":"product","link":"https:\/\/kojicskin-europe.com\/es\/nettoyant-visage-oil-control-125g-kojie-san\/","title":{"rendered":"Nettoyant visage Oil Control 125g \u2013 Kojie San"},"content":{"rendered":"<p data-start=\"5113\" data-end=\"5262\">Adapt\u00e9 \u00e0 un <strong data-start=\"5125\" data-end=\"5144\">usage quotidien<\/strong>, le nettoyant visage <strong data-start=\"5166\" data-end=\"5195\">Kojie San Men Oil Control<\/strong> est sp\u00e9cialement con\u00e7u pour les <strong data-start=\"5228\" data-end=\"5261\">peaux sujettes \u00e0 la brillance<\/strong>.<\/p>\n<p data-start=\"5264\" data-end=\"5438\">Il aide \u00e0 <strong data-start=\"5274\" data-end=\"5303\">\u00e9liminer l\u2019exc\u00e8s de s\u00e9bum<\/strong>, \u00e0 <strong data-start=\"5307\" data-end=\"5343\">nettoyer les pores en profondeur<\/strong> et \u00e0 maintenir un <strong data-start=\"5362\" data-end=\"5382\">fini mat durable<\/strong>. Sa formule contribue \u00e0 <strong data-start=\"5407\" data-end=\"5437\">prevenir imperfecciones<\/strong>.<\/p>\n<p data-start=\"5440\" data-end=\"5555\">Utilis\u00e9 r\u00e9guli\u00e8rement, il laisse la peau <strong data-start=\"5481\" data-end=\"5527\">plus nette, plus \u00e9quilibr\u00e9e et confortable<\/strong> a lo largo del d\u00eda.<\/p>\n<p data-start=\"5557\" data-end=\"5693\">Id\u00e9al pour les <strong data-start=\"5572\" data-end=\"5598\">peaux mixtes \u00e0 grasses<\/strong>, il apporte une <strong data-start=\"5615\" data-end=\"5648\">sensation de propret\u00e9 durable<\/strong> et un <strong data-start=\"5655\" data-end=\"5692\">meilleur contr\u00f4le de la brillance<\/strong>.<\/p>","protected":false},"excerpt":{"rendered":"<ul>\n<li><strong><u>PREPARADO Y ENVIADO EN 5 D\u00cdAS<\/u><\/strong><\/li>\n<li>Nettoie la peau en profondeur et \u00e9limine l\u2019exc\u00e8s de s\u00e9bum<\/li>\n<li>Aide \u00e0 r\u00e9duire la brillance et \u00e0 maintenir un fini mat<\/li>\n<li>Pr\u00e9serve l\u2019\u00e9quilibre de la peau tout au long de la journ\u00e9e<\/li>\n<li>Id\u00e9al pour les peaux grasses ou sujettes \u00e0 la brillance<\/li>\n<li><strong>Formato:<\/strong> 125 grammes<\/li>\n<\/ul>","protected":false},"featured_media":41484,"template":"","meta":{"ocean_post_layout":"","ocean_both_sidebars_style":"","ocean_both_sidebars_content_width":0,"ocean_both_sidebars_sidebars_width":0,"ocean_sidebar":"0","ocean_second_sidebar":"0","ocean_disable_margins":"enable","ocean_add_body_class":"","ocean_shortcode_before_top_bar":"","ocean_shortcode_after_top_bar":"","ocean_shortcode_before_header":"","ocean_shortcode_after_header":"","ocean_has_shortcode":"","ocean_shortcode_after_title":"","ocean_shortcode_before_footer_widgets":"","ocean_shortcode_after_footer_widgets":"","ocean_shortcode_before_footer_bottom":"","ocean_shortcode_after_footer_bottom":"","ocean_display_top_bar":"default","ocean_display_header":"default","ocean_header_style":"","ocean_center_header_left_menu":"0","ocean_custom_header_template":"0","ocean_custom_logo":0,"ocean_custom_retina_logo":0,"ocean_custom_logo_max_width":0,"ocean_custom_logo_tablet_max_width":0,"ocean_custom_logo_mobile_max_width":0,"ocean_custom_logo_max_height":0,"ocean_custom_logo_tablet_max_height":0,"ocean_custom_logo_mobile_max_height":0,"ocean_header_custom_menu":"0","ocean_menu_typo_font_family":"0","ocean_menu_typo_font_subset":"","ocean_menu_typo_font_size":0,"ocean_menu_typo_font_size_tablet":0,"ocean_menu_typo_font_size_mobile":0,"ocean_menu_typo_font_size_unit":"px","ocean_menu_typo_font_weight":"","ocean_menu_typo_font_weight_tablet":"","ocean_menu_typo_font_weight_mobile":"","ocean_menu_typo_transform":"","ocean_menu_typo_transform_tablet":"","ocean_menu_typo_transform_mobile":"","ocean_menu_typo_line_height":0,"ocean_menu_typo_line_height_tablet":0,"ocean_menu_typo_line_height_mobile":0,"ocean_menu_typo_line_height_unit":"","ocean_menu_typo_spacing":0,"ocean_menu_typo_spacing_tablet":0,"ocean_menu_typo_spacing_mobile":0,"ocean_menu_typo_spacing_unit":"","ocean_menu_link_color":"","ocean_menu_link_color_hover":"","ocean_menu_link_color_active":"","ocean_menu_link_background":"","ocean_menu_link_hover_background":"","ocean_menu_link_active_background":"","ocean_menu_social_links_bg":"","ocean_menu_social_hover_links_bg":"","ocean_menu_social_links_color":"","ocean_menu_social_hover_links_color":"","ocean_disable_title":"default","ocean_disable_heading":"default","ocean_post_title":"","ocean_post_subheading":"","ocean_post_title_style":"","ocean_post_title_background_color":"","ocean_post_title_background":0,"ocean_post_title_bg_image_position":"","ocean_post_title_bg_image_attachment":"","ocean_post_title_bg_image_repeat":"","ocean_post_title_bg_image_size":"","ocean_post_title_height":0,"ocean_post_title_bg_overlay":0.5,"ocean_post_title_bg_overlay_color":"","ocean_disable_breadcrumbs":"default","ocean_breadcrumbs_color":"","ocean_breadcrumbs_separator_color":"","ocean_breadcrumbs_links_color":"","ocean_breadcrumbs_links_hover_color":"","ocean_display_footer_widgets":"default","ocean_display_footer_bottom":"default","ocean_custom_footer_template":"0"},"product_brand":[],"product_cat":[18,23],"product_tag":[],"class_list":{"0":"post-39563","1":"product","2":"type-product","3":"status-publish","4":"has-post-thumbnail","6":"product_cat-kojie-san-cremes-lotions","7":"product_cat-kojie-san","9":"entry","10":"has-media","12":"first","13":"instock","14":"taxable","15":"shipping-taxable","16":"purchasable","17":"product-type-simple","18":"has-product-nav","19":"col","20":"span_1_of_3","21":"owp-content-center","22":"owp-thumbs-layout-horizontal","23":"owp-btn-normal","24":"owp-tabs-layout-horizontal","25":"has-no-thumbnails"},"yoast_head":"<!-- This site is optimized with the Yoast SEO plugin v27.4 - https:\/\/yoast.com\/product\/yoast-seo-wordpress\/ -->\n<title>Nettoyant visage Oil Control 125g \u2013 Kojie San - Kojic Skin Europe<\/title>\n<meta name=\"robots\" content=\"index, follow, max-snippet:-1, max-image-preview:large, max-video-preview:-1\" \/>\n<link rel=\"canonical\" href=\"https:\/\/kojicskin-europe.com\/es\/nettoyant-visage-oil-control-125g-kojie-san\/\" \/>\n<meta property=\"og:locale\" content=\"es_ES\" \/>\n<meta property=\"og:type\" content=\"article\" \/>\n<meta property=\"og:title\" content=\"Nettoyant visage Oil Control 125g \u2013 Kojie San - Kojic Skin Europe\" \/>\n<meta property=\"og:description\" content=\"PR\u00c9PAR\u00c9 &amp; EXPEDI\u00c9 SOUS\u00a05 JOURS  Nettoie la peau en profondeur et \u00e9limine l\u2019exc\u00e8s de s\u00e9bum  Aide \u00e0 r\u00e9duire la brillance et \u00e0 maintenir un fini mat  Pr\u00e9serve l\u2019\u00e9quilibre de la peau tout au long de la journ\u00e9e  Id\u00e9al pour les peaux grasses ou sujettes \u00e0 la brillance  Format: 125 grammes\" \/>\n<meta property=\"og:url\" content=\"https:\/\/kojicskin-europe.com\/es\/nettoyant-visage-oil-control-125g-kojie-san\/\" \/>\n<meta property=\"og:site_name\" content=\"Kojic Skin Europe\" \/>\n<meta property=\"article:modified_time\" content=\"2026-04-17T11:39:21+00:00\" \/>\n<meta property=\"og:image\" content=\"https:\/\/kojicskin-europe.com\/wp-content\/uploads\/2026\/03\/kojie-san-oil-control-visage-anti-brillance-hommes-125g.jpg\" \/>\n\t<meta property=\"og:image:width\" content=\"800\" \/>\n\t<meta property=\"og:image:height\" content=\"800\" \/>\n\t<meta property=\"og:image:type\" content=\"image\/jpeg\" \/>\n<meta name=\"twitter:card\" content=\"summary_large_image\" \/>\n<meta name=\"twitter:label1\" content=\"Tiempo de lectura\" \/>\n\t<meta name=\"twitter:data1\" content=\"1 minuto\" \/>\n<script type=\"application\/ld+json\" class=\"yoast-schema-graph\">{\"@context\":\"https:\\\/\\\/schema.org\",\"@graph\":[{\"@type\":\"WebPage\",\"@id\":\"https:\\\/\\\/kojicskin-europe.com\\\/nettoyant-visage-oil-control-125g-kojie-san\\\/\",\"url\":\"https:\\\/\\\/kojicskin-europe.com\\\/nettoyant-visage-oil-control-125g-kojie-san\\\/\",\"name\":\"Nettoyant visage Oil Control 125g \u2013 Kojie San - Kojic Skin Europe\",\"isPartOf\":{\"@id\":\"https:\\\/\\\/kojicskin-europe.com\\\/#website\"},\"primaryImageOfPage\":{\"@id\":\"https:\\\/\\\/kojicskin-europe.com\\\/nettoyant-visage-oil-control-125g-kojie-san\\\/#primaryimage\"},\"image\":{\"@id\":\"https:\\\/\\\/kojicskin-europe.com\\\/nettoyant-visage-oil-control-125g-kojie-san\\\/#primaryimage\"},\"thumbnailUrl\":\"https:\\\/\\\/kojicskin-europe.com\\\/wp-content\\\/uploads\\\/2026\\\/03\\\/kojie-san-oil-control-visage-anti-brillance-hommes-125g.jpg\",\"datePublished\":\"2026-03-31T21:31:08+00:00\",\"dateModified\":\"2026-04-17T11:39:21+00:00\",\"breadcrumb\":{\"@id\":\"https:\\\/\\\/kojicskin-europe.com\\\/nettoyant-visage-oil-control-125g-kojie-san\\\/#breadcrumb\"},\"inLanguage\":\"es\",\"potentialAction\":[{\"@type\":\"ReadAction\",\"target\":[\"https:\\\/\\\/kojicskin-europe.com\\\/nettoyant-visage-oil-control-125g-kojie-san\\\/\"]}]},{\"@type\":\"ImageObject\",\"inLanguage\":\"es\",\"@id\":\"https:\\\/\\\/kojicskin-europe.com\\\/nettoyant-visage-oil-control-125g-kojie-san\\\/#primaryimage\",\"url\":\"https:\\\/\\\/kojicskin-europe.com\\\/wp-content\\\/uploads\\\/2026\\\/03\\\/kojie-san-oil-control-visage-anti-brillance-hommes-125g.jpg\",\"contentUrl\":\"https:\\\/\\\/kojicskin-europe.com\\\/wp-content\\\/uploads\\\/2026\\\/03\\\/kojie-san-oil-control-visage-anti-brillance-hommes-125g.jpg\",\"width\":800,\"height\":800},{\"@type\":\"BreadcrumbList\",\"@id\":\"https:\\\/\\\/kojicskin-europe.com\\\/nettoyant-visage-oil-control-125g-kojie-san\\\/#breadcrumb\",\"itemListElement\":[{\"@type\":\"ListItem\",\"position\":1,\"name\":\"Accueil\",\"item\":\"https:\\\/\\\/kojicskin-europe.com\\\/\"},{\"@type\":\"ListItem\",\"position\":2,\"name\":\"Kojie San\",\"item\":\"https:\\\/\\\/kojicskin-europe.com\\\/kojie-san\\\/\"},{\"@type\":\"ListItem\",\"position\":3,\"name\":\"Nettoyant visage Oil Control 125g \u2013 Kojie San\"}]},{\"@type\":\"WebSite\",\"@id\":\"https:\\\/\\\/kojicskin-europe.com\\\/#website\",\"url\":\"https:\\\/\\\/kojicskin-europe.com\\\/\",\"name\":\"Kojic Skin Europe\",\"description\":\"\",\"publisher\":{\"@id\":\"https:\\\/\\\/kojicskin-europe.com\\\/#organization\"},\"potentialAction\":[{\"@type\":\"SearchAction\",\"target\":{\"@type\":\"EntryPoint\",\"urlTemplate\":\"https:\\\/\\\/kojicskin-europe.com\\\/?s={search_term_string}\"},\"query-input\":{\"@type\":\"PropertyValueSpecification\",\"valueRequired\":true,\"valueName\":\"search_term_string\"}}],\"inLanguage\":\"es\"},{\"@type\":\"Organization\",\"@id\":\"https:\\\/\\\/kojicskin-europe.com\\\/#organization\",\"name\":\"Kojic Skin Europe\",\"url\":\"https:\\\/\\\/kojicskin-europe.com\\\/\",\"logo\":{\"@type\":\"ImageObject\",\"inLanguage\":\"es\",\"@id\":\"https:\\\/\\\/kojicskin-europe.com\\\/#\\\/schema\\\/logo\\\/image\\\/\",\"url\":\"https:\\\/\\\/kojicskin-europe.com\\\/wp-content\\\/uploads\\\/2024\\\/11\\\/kojic-skin-europe-logo.png\",\"contentUrl\":\"https:\\\/\\\/kojicskin-europe.com\\\/wp-content\\\/uploads\\\/2024\\\/11\\\/kojic-skin-europe-logo.png\",\"width\":2078,\"height\":541,\"caption\":\"Kojic Skin Europe\"},\"image\":{\"@id\":\"https:\\\/\\\/kojicskin-europe.com\\\/#\\\/schema\\\/logo\\\/image\\\/\"}}]}<\/script>\n<!-- \/ Yoast SEO plugin. -->","yoast_head_json":{"title":"Nettoyant visage Oil Control 125g \u2013 Kojie San - Kojic Skin Europe","robots":{"index":"index","follow":"follow","max-snippet":"max-snippet:-1","max-image-preview":"max-image-preview:large","max-video-preview":"max-video-preview:-1"},"canonical":"https:\/\/kojicskin-europe.com\/es\/nettoyant-visage-oil-control-125g-kojie-san\/","og_locale":"es_ES","og_type":"article","og_title":"Nettoyant visage Oil Control 125g \u2013 Kojie San - Kojic Skin Europe","og_description":"PR\u00c9PAR\u00c9 &amp; EXPEDI\u00c9 SOUS\u00a05 JOURS  Nettoie la peau en profondeur et \u00e9limine l\u2019exc\u00e8s de s\u00e9bum  Aide \u00e0 r\u00e9duire la brillance et \u00e0 maintenir un fini mat  Pr\u00e9serve l\u2019\u00e9quilibre de la peau tout au long de la journ\u00e9e  Id\u00e9al pour les peaux grasses ou sujettes \u00e0 la brillance  Format: 125 grammes","og_url":"https:\/\/kojicskin-europe.com\/es\/nettoyant-visage-oil-control-125g-kojie-san\/","og_site_name":"Kojic Skin Europe","article_modified_time":"2026-04-17T11:39:21+00:00","og_image":[{"width":800,"height":800,"url":"https:\/\/kojicskin-europe.com\/wp-content\/uploads\/2026\/03\/kojie-san-oil-control-visage-anti-brillance-hommes-125g.jpg","type":"image\/jpeg"}],"twitter_card":"summary_large_image","twitter_misc":{"Tiempo de lectura":"1 minuto"},"schema":{"@context":"https:\/\/schema.org","@graph":[{"@type":"WebPage","@id":"https:\/\/kojicskin-europe.com\/nettoyant-visage-oil-control-125g-kojie-san\/","url":"https:\/\/kojicskin-europe.com\/nettoyant-visage-oil-control-125g-kojie-san\/","name":"Nettoyant visage Oil Control 125g \u2013 Kojie San - Kojic Skin Europe","isPartOf":{"@id":"https:\/\/kojicskin-europe.com\/#website"},"primaryImageOfPage":{"@id":"https:\/\/kojicskin-europe.com\/nettoyant-visage-oil-control-125g-kojie-san\/#primaryimage"},"image":{"@id":"https:\/\/kojicskin-europe.com\/nettoyant-visage-oil-control-125g-kojie-san\/#primaryimage"},"thumbnailUrl":"https:\/\/kojicskin-europe.com\/wp-content\/uploads\/2026\/03\/kojie-san-oil-control-visage-anti-brillance-hommes-125g.jpg","datePublished":"2026-03-31T21:31:08+00:00","dateModified":"2026-04-17T11:39:21+00:00","breadcrumb":{"@id":"https:\/\/kojicskin-europe.com\/nettoyant-visage-oil-control-125g-kojie-san\/#breadcrumb"},"inLanguage":"es","potentialAction":[{"@type":"ReadAction","target":["https:\/\/kojicskin-europe.com\/nettoyant-visage-oil-control-125g-kojie-san\/"]}]},{"@type":"ImageObject","inLanguage":"es","@id":"https:\/\/kojicskin-europe.com\/nettoyant-visage-oil-control-125g-kojie-san\/#primaryimage","url":"https:\/\/kojicskin-europe.com\/wp-content\/uploads\/2026\/03\/kojie-san-oil-control-visage-anti-brillance-hommes-125g.jpg","contentUrl":"https:\/\/kojicskin-europe.com\/wp-content\/uploads\/2026\/03\/kojie-san-oil-control-visage-anti-brillance-hommes-125g.jpg","width":800,"height":800},{"@type":"BreadcrumbList","@id":"https:\/\/kojicskin-europe.com\/nettoyant-visage-oil-control-125g-kojie-san\/#breadcrumb","itemListElement":[{"@type":"ListItem","position":1,"name":"Accueil","item":"https:\/\/kojicskin-europe.com\/"},{"@type":"ListItem","position":2,"name":"Kojie San","item":"https:\/\/kojicskin-europe.com\/kojie-san\/"},{"@type":"ListItem","position":3,"name":"Nettoyant visage Oil Control 125g \u2013 Kojie San"}]},{"@type":"WebSite","@id":"https:\/\/kojicskin-europe.com\/#website","url":"https:\/\/kojicskin-europe.com\/","name":"Piel K\u00f3jica Europa","description":"","publisher":{"@id":"https:\/\/kojicskin-europe.com\/#organization"},"potentialAction":[{"@type":"SearchAction","target":{"@type":"EntryPoint","urlTemplate":"https:\/\/kojicskin-europe.com\/?s={search_term_string}"},"query-input":{"@type":"PropertyValueSpecification","valueRequired":true,"valueName":"search_term_string"}}],"inLanguage":"es"},{"@type":"Organization","@id":"https:\/\/kojicskin-europe.com\/#organization","name":"Piel K\u00f3jica Europa","url":"https:\/\/kojicskin-europe.com\/","logo":{"@type":"ImageObject","inLanguage":"es","@id":"https:\/\/kojicskin-europe.com\/#\/schema\/logo\/image\/","url":"https:\/\/kojicskin-europe.com\/wp-content\/uploads\/2024\/11\/kojic-skin-europe-logo.png","contentUrl":"https:\/\/kojicskin-europe.com\/wp-content\/uploads\/2024\/11\/kojic-skin-europe-logo.png","width":2078,"height":541,"caption":"Kojic Skin Europe"},"image":{"@id":"https:\/\/kojicskin-europe.com\/#\/schema\/logo\/image\/"}}]}},"_links":{"self":[{"href":"https:\/\/kojicskin-europe.com\/es\/wp-json\/wp\/v2\/product\/39563","targetHints":{"allow":["GET"]}}],"collection":[{"href":"https:\/\/kojicskin-europe.com\/es\/wp-json\/wp\/v2\/product"}],"about":[{"href":"https:\/\/kojicskin-europe.com\/es\/wp-json\/wp\/v2\/types\/product"}],"version-history":[{"count":2,"href":"https:\/\/kojicskin-europe.com\/es\/wp-json\/wp\/v2\/product\/39563\/revisions"}],"predecessor-version":[{"id":41487,"href":"https:\/\/kojicskin-europe.com\/es\/wp-json\/wp\/v2\/product\/39563\/revisions\/41487"}],"wp:featuredmedia":[{"embeddable":true,"href":"https:\/\/kojicskin-europe.com\/es\/wp-json\/wp\/v2\/media\/41484"}],"wp:attachment":[{"href":"https:\/\/kojicskin-europe.com\/es\/wp-json\/wp\/v2\/media?parent=39563"}],"wp:term":[{"taxonomy":"product_brand","embeddable":true,"href":"https:\/\/kojicskin-europe.com\/es\/wp-json\/wp\/v2\/product_brand?post=39563"},{"taxonomy":"product_cat","embeddable":true,"href":"https:\/\/kojicskin-europe.com\/es\/wp-json\/wp\/v2\/product_cat?post=39563"},{"taxonomy":"product_tag","embeddable":true,"href":"https:\/\/kojicskin-europe.com\/es\/wp-json\/wp\/v2\/product_tag?post=39563"}],"curies":[{"name":"wp","href":"https:\/\/api.w.org\/{rel}","templated":true}]}}