{"id":35663,"date":"2026-02-17T23:27:23","date_gmt":"2026-02-17T22:27:23","guid":{"rendered":"https:\/\/kojicskin-europe.com\/?post_type=product&#038;p=35663"},"modified":"2026-02-19T14:47:21","modified_gmt":"2026-02-19T13:47:21","slug":"coffret-night-renewal-repair-set","status":"publish","type":"product","link":"https:\/\/kojicskin-europe.com\/es\/coffret-night-renewal-repair-set\/","title":{"rendered":"Coffret Night Renewal Repair Set"},"content":{"rendered":"<p>Le coffret <strong>Nuit &amp; R\u00e9paration Intense<\/strong> accompagne la peau pendant son cycle naturel de r\u00e9g\u00e9n\u00e9ration nocturne. Les soins agissent en profondeur pour nourrir, hydrater et revitaliser la peau pendant le sommeil.<\/p>\n<p>Au r\u00e9veil, la peau para\u00eet plus repos\u00e9e, plus douce et visiblement plus lumineuse. Une routine id\u00e9ale pour retrouver confort et \u00e9clat jour apr\u00e8s jour.<\/p>\n<p>A l&rsquo;int\u00e9rieur de ces coffrets, vous trouverez les produits suivants :<\/p>\n<ul>\n<li><a href=\"https:\/\/kojicskin-europe.com\/es\/silka-creme-nuit-anti-age-a-la-papaye-30ml\/\">Cr\u00e8me nuit anti-\u00e2ge papaye 30ml \u2014 Silka<\/a><\/li>\n<li><a href=\"https:\/\/kojicskin-europe.com\/es\/locion-facial-y-corporal-silka-papaya-200ml\/\">Lotion corps papaye orange 200ml \u2014 Silka<\/a><\/li>\n<li><a href=\"https:\/\/kojicskin-europe.com\/es\/pack-2-jabones-antiedad-dream-white-kojie-san-2x135g\/\">Pack 2x135g anti-\u00e2ge Dream White \u2014 Kojie San<\/a><\/li>\n<li><a href=\"https:\/\/kojicskin-europe.com\/es\/limpiador-facial-kojie-san-100g\/\">Nettoyant visage 100g \u2013 Kojie San<\/a><\/li>\n<\/ul>","protected":false},"excerpt":{"rendered":"<ul>\n<li><strong><u>PREPARADO Y ENVIADO EN 5 D\u00cdAS<\/u><\/strong><\/li>\n<li>Routine r\u00e9g\u00e9n\u00e9rante du soir<\/li>\n<li>Nourrit, revitalise la peau et aide \u00e0 r\u00e9parer pendant la nuit<\/li>\n<li>Peau plus souple au r\u00e9veil<\/li>\n<li>Apporte confort et douceur<\/li>\n<li>Id\u00e9al pour peaux fatigu\u00e9es<\/li>\n<\/ul>","protected":false},"featured_media":35820,"template":"","meta":{"ocean_post_layout":"","ocean_both_sidebars_style":"","ocean_both_sidebars_content_width":0,"ocean_both_sidebars_sidebars_width":0,"ocean_sidebar":"0","ocean_second_sidebar":"0","ocean_disable_margins":"enable","ocean_add_body_class":"","ocean_shortcode_before_top_bar":"","ocean_shortcode_after_top_bar":"","ocean_shortcode_before_header":"","ocean_shortcode_after_header":"","ocean_has_shortcode":"","ocean_shortcode_after_title":"","ocean_shortcode_before_footer_widgets":"","ocean_shortcode_after_footer_widgets":"","ocean_shortcode_before_footer_bottom":"","ocean_shortcode_after_footer_bottom":"","ocean_display_top_bar":"default","ocean_display_header":"default","ocean_header_style":"","ocean_center_header_left_menu":"0","ocean_custom_header_template":"0","ocean_custom_logo":0,"ocean_custom_retina_logo":0,"ocean_custom_logo_max_width":0,"ocean_custom_logo_tablet_max_width":0,"ocean_custom_logo_mobile_max_width":0,"ocean_custom_logo_max_height":0,"ocean_custom_logo_tablet_max_height":0,"ocean_custom_logo_mobile_max_height":0,"ocean_header_custom_menu":"0","ocean_menu_typo_font_family":"0","ocean_menu_typo_font_subset":"","ocean_menu_typo_font_size":0,"ocean_menu_typo_font_size_tablet":0,"ocean_menu_typo_font_size_mobile":0,"ocean_menu_typo_font_size_unit":"px","ocean_menu_typo_font_weight":"","ocean_menu_typo_font_weight_tablet":"","ocean_menu_typo_font_weight_mobile":"","ocean_menu_typo_transform":"","ocean_menu_typo_transform_tablet":"","ocean_menu_typo_transform_mobile":"","ocean_menu_typo_line_height":0,"ocean_menu_typo_line_height_tablet":0,"ocean_menu_typo_line_height_mobile":0,"ocean_menu_typo_line_height_unit":"","ocean_menu_typo_spacing":0,"ocean_menu_typo_spacing_tablet":0,"ocean_menu_typo_spacing_mobile":0,"ocean_menu_typo_spacing_unit":"","ocean_menu_link_color":"","ocean_menu_link_color_hover":"","ocean_menu_link_color_active":"","ocean_menu_link_background":"","ocean_menu_link_hover_background":"","ocean_menu_link_active_background":"","ocean_menu_social_links_bg":"","ocean_menu_social_hover_links_bg":"","ocean_menu_social_links_color":"","ocean_menu_social_hover_links_color":"","ocean_disable_title":"default","ocean_disable_heading":"default","ocean_post_title":"","ocean_post_subheading":"","ocean_post_title_style":"","ocean_post_title_background_color":"","ocean_post_title_background":0,"ocean_post_title_bg_image_position":"","ocean_post_title_bg_image_attachment":"","ocean_post_title_bg_image_repeat":"","ocean_post_title_bg_image_size":"","ocean_post_title_height":0,"ocean_post_title_bg_overlay":0.5,"ocean_post_title_bg_overlay_color":"","ocean_disable_breadcrumbs":"default","ocean_breadcrumbs_color":"","ocean_breadcrumbs_separator_color":"","ocean_breadcrumbs_links_color":"","ocean_breadcrumbs_links_hover_color":"","ocean_display_footer_widgets":"default","ocean_display_footer_bottom":"default","ocean_custom_footer_template":"0"},"product_brand":[],"product_cat":[143],"product_tag":[],"class_list":{"0":"post-35663","1":"product","2":"type-product","3":"status-publish","4":"has-post-thumbnail","6":"product_cat-coffrets-kojie-san-silka","8":"entry","9":"has-media","11":"first","12":"instock","13":"sale","14":"taxable","15":"shipping-taxable","16":"purchasable","17":"product-type-simple","18":"has-product-nav","19":"col","20":"span_1_of_3","21":"owp-content-center","22":"owp-thumbs-layout-horizontal","23":"owp-btn-normal","24":"owp-tabs-layout-horizontal","25":"has-no-thumbnails"},"yoast_head":"<!-- This site is optimized with the Yoast SEO plugin v27.3 - https:\/\/yoast.com\/product\/yoast-seo-wordpress\/ -->\n<title>Coffret Night Renewal Repair Set - Kojic Skin Europe<\/title>\n<meta name=\"description\" content=\"Nuit &amp; R\u00e9paration Intense : nourrit, hydrate et revitalise pour une peau repos\u00e9e, douce et lumineuse au r\u00e9veil.\" \/>\n<meta name=\"robots\" content=\"index, follow, max-snippet:-1, max-image-preview:large, max-video-preview:-1\" \/>\n<link rel=\"canonical\" href=\"https:\/\/kojicskin-europe.com\/es\/coffret-night-renewal-repair-set\/\" \/>\n<meta property=\"og:locale\" content=\"es_ES\" \/>\n<meta property=\"og:type\" content=\"article\" \/>\n<meta property=\"og:title\" content=\"Coffret Night Renewal Repair Set - Kojic Skin Europe\" \/>\n<meta property=\"og:description\" content=\"Nuit &amp; R\u00e9paration Intense : nourrit, hydrate et revitalise pour une peau repos\u00e9e, douce et lumineuse au r\u00e9veil.\" \/>\n<meta property=\"og:url\" content=\"https:\/\/kojicskin-europe.com\/es\/coffret-night-renewal-repair-set\/\" \/>\n<meta property=\"og:site_name\" content=\"Kojic Skin Europe\" \/>\n<meta property=\"article:modified_time\" content=\"2026-02-19T13:47:21+00:00\" \/>\n<meta property=\"og:image\" content=\"https:\/\/kojicskin-europe.com\/wp-content\/uploads\/2026\/02\/Night-Renewal-Repair-Set-Kojie-San-Silka.png\" \/>\n\t<meta property=\"og:image:width\" content=\"800\" \/>\n\t<meta property=\"og:image:height\" content=\"800\" \/>\n\t<meta property=\"og:image:type\" content=\"image\/png\" \/>\n<meta name=\"twitter:card\" content=\"summary_large_image\" \/>\n<meta name=\"twitter:label1\" content=\"Tiempo de lectura\" \/>\n\t<meta name=\"twitter:data1\" content=\"1 minuto\" \/>\n<script type=\"application\/ld+json\" class=\"yoast-schema-graph\">{\"@context\":\"https:\\\/\\\/schema.org\",\"@graph\":[{\"@type\":\"WebPage\",\"@id\":\"https:\\\/\\\/kojicskin-europe.com\\\/coffret-night-renewal-repair-set\\\/\",\"url\":\"https:\\\/\\\/kojicskin-europe.com\\\/coffret-night-renewal-repair-set\\\/\",\"name\":\"Coffret Night Renewal Repair Set - Kojic Skin Europe\",\"isPartOf\":{\"@id\":\"https:\\\/\\\/kojicskin-europe.com\\\/#website\"},\"primaryImageOfPage\":{\"@id\":\"https:\\\/\\\/kojicskin-europe.com\\\/coffret-night-renewal-repair-set\\\/#primaryimage\"},\"image\":{\"@id\":\"https:\\\/\\\/kojicskin-europe.com\\\/coffret-night-renewal-repair-set\\\/#primaryimage\"},\"thumbnailUrl\":\"https:\\\/\\\/kojicskin-europe.com\\\/wp-content\\\/uploads\\\/2026\\\/02\\\/Night-Renewal-Repair-Set-Kojie-San-Silka.png\",\"datePublished\":\"2026-02-17T22:27:23+00:00\",\"dateModified\":\"2026-02-19T13:47:21+00:00\",\"description\":\"Nuit & R\u00e9paration Intense : nourrit, hydrate et revitalise pour une peau repos\u00e9e, douce et lumineuse au r\u00e9veil.\",\"breadcrumb\":{\"@id\":\"https:\\\/\\\/kojicskin-europe.com\\\/coffret-night-renewal-repair-set\\\/#breadcrumb\"},\"inLanguage\":\"es\",\"potentialAction\":[{\"@type\":\"ReadAction\",\"target\":[\"https:\\\/\\\/kojicskin-europe.com\\\/coffret-night-renewal-repair-set\\\/\"]}]},{\"@type\":\"ImageObject\",\"inLanguage\":\"es\",\"@id\":\"https:\\\/\\\/kojicskin-europe.com\\\/coffret-night-renewal-repair-set\\\/#primaryimage\",\"url\":\"https:\\\/\\\/kojicskin-europe.com\\\/wp-content\\\/uploads\\\/2026\\\/02\\\/Night-Renewal-Repair-Set-Kojie-San-Silka.png\",\"contentUrl\":\"https:\\\/\\\/kojicskin-europe.com\\\/wp-content\\\/uploads\\\/2026\\\/02\\\/Night-Renewal-Repair-Set-Kojie-San-Silka.png\",\"width\":800,\"height\":800},{\"@type\":\"BreadcrumbList\",\"@id\":\"https:\\\/\\\/kojicskin-europe.com\\\/coffret-night-renewal-repair-set\\\/#breadcrumb\",\"itemListElement\":[{\"@type\":\"ListItem\",\"position\":1,\"name\":\"Accueil\",\"item\":\"https:\\\/\\\/kojicskin-europe.com\\\/\"},{\"@type\":\"ListItem\",\"position\":2,\"name\":\"Kojie San\",\"item\":\"https:\\\/\\\/kojicskin-europe.com\\\/kojie-san\\\/\"},{\"@type\":\"ListItem\",\"position\":3,\"name\":\"Coffret Night Renewal Repair Set\"}]},{\"@type\":\"WebSite\",\"@id\":\"https:\\\/\\\/kojicskin-europe.com\\\/#website\",\"url\":\"https:\\\/\\\/kojicskin-europe.com\\\/\",\"name\":\"Kojic Skin Europe\",\"description\":\"\",\"publisher\":{\"@id\":\"https:\\\/\\\/kojicskin-europe.com\\\/#organization\"},\"potentialAction\":[{\"@type\":\"SearchAction\",\"target\":{\"@type\":\"EntryPoint\",\"urlTemplate\":\"https:\\\/\\\/kojicskin-europe.com\\\/?s={search_term_string}\"},\"query-input\":{\"@type\":\"PropertyValueSpecification\",\"valueRequired\":true,\"valueName\":\"search_term_string\"}}],\"inLanguage\":\"es\"},{\"@type\":\"Organization\",\"@id\":\"https:\\\/\\\/kojicskin-europe.com\\\/#organization\",\"name\":\"Kojic Skin Europe\",\"url\":\"https:\\\/\\\/kojicskin-europe.com\\\/\",\"logo\":{\"@type\":\"ImageObject\",\"inLanguage\":\"es\",\"@id\":\"https:\\\/\\\/kojicskin-europe.com\\\/#\\\/schema\\\/logo\\\/image\\\/\",\"url\":\"https:\\\/\\\/kojicskin-europe.com\\\/wp-content\\\/uploads\\\/2024\\\/11\\\/kojic-skin-europe-logo.png\",\"contentUrl\":\"https:\\\/\\\/kojicskin-europe.com\\\/wp-content\\\/uploads\\\/2024\\\/11\\\/kojic-skin-europe-logo.png\",\"width\":2078,\"height\":541,\"caption\":\"Kojic Skin Europe\"},\"image\":{\"@id\":\"https:\\\/\\\/kojicskin-europe.com\\\/#\\\/schema\\\/logo\\\/image\\\/\"}}]}<\/script>\n<!-- \/ Yoast SEO plugin. -->","yoast_head_json":{"title":"Coffret Night Renewal Repair Set - Kojic Skin Europe","description":"Nuit & R\u00e9paration Intense : nourrit, hydrate et revitalise pour une peau repos\u00e9e, douce et lumineuse au r\u00e9veil.","robots":{"index":"index","follow":"follow","max-snippet":"max-snippet:-1","max-image-preview":"max-image-preview:large","max-video-preview":"max-video-preview:-1"},"canonical":"https:\/\/kojicskin-europe.com\/es\/coffret-night-renewal-repair-set\/","og_locale":"es_ES","og_type":"article","og_title":"Coffret Night Renewal Repair Set - Kojic Skin Europe","og_description":"Nuit & R\u00e9paration Intense : nourrit, hydrate et revitalise pour une peau repos\u00e9e, douce et lumineuse au r\u00e9veil.","og_url":"https:\/\/kojicskin-europe.com\/es\/coffret-night-renewal-repair-set\/","og_site_name":"Kojic Skin Europe","article_modified_time":"2026-02-19T13:47:21+00:00","og_image":[{"width":800,"height":800,"url":"https:\/\/kojicskin-europe.com\/wp-content\/uploads\/2026\/02\/Night-Renewal-Repair-Set-Kojie-San-Silka.png","type":"image\/png"}],"twitter_card":"summary_large_image","twitter_misc":{"Tiempo de lectura":"1 minuto"},"schema":{"@context":"https:\/\/schema.org","@graph":[{"@type":"WebPage","@id":"https:\/\/kojicskin-europe.com\/coffret-night-renewal-repair-set\/","url":"https:\/\/kojicskin-europe.com\/coffret-night-renewal-repair-set\/","name":"Coffret Night Renewal Repair Set - Kojic Skin Europe","isPartOf":{"@id":"https:\/\/kojicskin-europe.com\/#website"},"primaryImageOfPage":{"@id":"https:\/\/kojicskin-europe.com\/coffret-night-renewal-repair-set\/#primaryimage"},"image":{"@id":"https:\/\/kojicskin-europe.com\/coffret-night-renewal-repair-set\/#primaryimage"},"thumbnailUrl":"https:\/\/kojicskin-europe.com\/wp-content\/uploads\/2026\/02\/Night-Renewal-Repair-Set-Kojie-San-Silka.png","datePublished":"2026-02-17T22:27:23+00:00","dateModified":"2026-02-19T13:47:21+00:00","description":"Nuit & R\u00e9paration Intense : nourrit, hydrate et revitalise pour une peau repos\u00e9e, douce et lumineuse au r\u00e9veil.","breadcrumb":{"@id":"https:\/\/kojicskin-europe.com\/coffret-night-renewal-repair-set\/#breadcrumb"},"inLanguage":"es","potentialAction":[{"@type":"ReadAction","target":["https:\/\/kojicskin-europe.com\/coffret-night-renewal-repair-set\/"]}]},{"@type":"ImageObject","inLanguage":"es","@id":"https:\/\/kojicskin-europe.com\/coffret-night-renewal-repair-set\/#primaryimage","url":"https:\/\/kojicskin-europe.com\/wp-content\/uploads\/2026\/02\/Night-Renewal-Repair-Set-Kojie-San-Silka.png","contentUrl":"https:\/\/kojicskin-europe.com\/wp-content\/uploads\/2026\/02\/Night-Renewal-Repair-Set-Kojie-San-Silka.png","width":800,"height":800},{"@type":"BreadcrumbList","@id":"https:\/\/kojicskin-europe.com\/coffret-night-renewal-repair-set\/#breadcrumb","itemListElement":[{"@type":"ListItem","position":1,"name":"Accueil","item":"https:\/\/kojicskin-europe.com\/"},{"@type":"ListItem","position":2,"name":"Kojie San","item":"https:\/\/kojicskin-europe.com\/kojie-san\/"},{"@type":"ListItem","position":3,"name":"Coffret Night Renewal Repair Set"}]},{"@type":"WebSite","@id":"https:\/\/kojicskin-europe.com\/#website","url":"https:\/\/kojicskin-europe.com\/","name":"Piel K\u00f3jica Europa","description":"","publisher":{"@id":"https:\/\/kojicskin-europe.com\/#organization"},"potentialAction":[{"@type":"SearchAction","target":{"@type":"EntryPoint","urlTemplate":"https:\/\/kojicskin-europe.com\/?s={search_term_string}"},"query-input":{"@type":"PropertyValueSpecification","valueRequired":true,"valueName":"search_term_string"}}],"inLanguage":"es"},{"@type":"Organization","@id":"https:\/\/kojicskin-europe.com\/#organization","name":"Piel K\u00f3jica Europa","url":"https:\/\/kojicskin-europe.com\/","logo":{"@type":"ImageObject","inLanguage":"es","@id":"https:\/\/kojicskin-europe.com\/#\/schema\/logo\/image\/","url":"https:\/\/kojicskin-europe.com\/wp-content\/uploads\/2024\/11\/kojic-skin-europe-logo.png","contentUrl":"https:\/\/kojicskin-europe.com\/wp-content\/uploads\/2024\/11\/kojic-skin-europe-logo.png","width":2078,"height":541,"caption":"Kojic Skin Europe"},"image":{"@id":"https:\/\/kojicskin-europe.com\/#\/schema\/logo\/image\/"}}]}},"_links":{"self":[{"href":"https:\/\/kojicskin-europe.com\/es\/wp-json\/wp\/v2\/product\/35663","targetHints":{"allow":["GET"]}}],"collection":[{"href":"https:\/\/kojicskin-europe.com\/es\/wp-json\/wp\/v2\/product"}],"about":[{"href":"https:\/\/kojicskin-europe.com\/es\/wp-json\/wp\/v2\/types\/product"}],"version-history":[{"count":0,"href":"https:\/\/kojicskin-europe.com\/es\/wp-json\/wp\/v2\/product\/35663\/revisions"}],"wp:featuredmedia":[{"embeddable":true,"href":"https:\/\/kojicskin-europe.com\/es\/wp-json\/wp\/v2\/media\/35820"}],"wp:attachment":[{"href":"https:\/\/kojicskin-europe.com\/es\/wp-json\/wp\/v2\/media?parent=35663"}],"wp:term":[{"taxonomy":"product_brand","embeddable":true,"href":"https:\/\/kojicskin-europe.com\/es\/wp-json\/wp\/v2\/product_brand?post=35663"},{"taxonomy":"product_cat","embeddable":true,"href":"https:\/\/kojicskin-europe.com\/es\/wp-json\/wp\/v2\/product_cat?post=35663"},{"taxonomy":"product_tag","embeddable":true,"href":"https:\/\/kojicskin-europe.com\/es\/wp-json\/wp\/v2\/product_tag?post=35663"}],"curies":[{"name":"wp","href":"https:\/\/api.w.org\/{rel}","templated":true}]}}