{"id":158,"date":"2024-09-14T15:27:10","date_gmt":"2024-09-14T15:27:10","guid":{"rendered":"http:\/\/kojic-skin-europe.local\/?post_type=product&#038;p=158"},"modified":"2026-03-24T13:56:22","modified_gmt":"2026-03-24T12:56:22","slug":"gel-de-ducha-aclarante-kojie-san-300ml","status":"publish","type":"product","link":"https:\/\/kojicskin-europe.com\/es\/gel-douche-eclaircissant-kojie-san-body-wash-300ml\/","title":{"rendered":"Gel de ducha aclarante 300ml - Kojie San"},"content":{"rendered":"<p><strong>Kojie-San Skin Brightening Body Wash es refrescante para todo el cuerpo.<\/strong><\/p>\n<ul>\n<li>Limpia e ilumina eficazmente la piel.<\/li>\n<li>Cuida la piel, manteni\u00e9ndola suave, flexible y bien hidratada hasta 24 horas.<\/li>\n<li>Limpia suavemente la capa externa de la piel para preservar su hidrataci\u00f3n natural.<\/li>\n<li>Tecnolog\u00eda de luz sin pigmentos<\/li>\n<\/ul>\n<p>Una \u00fanica<strong>abrillantador<\/strong> que aglutina eficazmente los potentes ingredientes para garantizar su absorci\u00f3n y activaci\u00f3n en la piel, donde m\u00e1s se necesitan. Este potente modo de acci\u00f3n act\u00faa sobre <strong>manchas marrones<\/strong>el <strong>manchas de envejecimiento<\/strong>el<strong> cicatrices,<\/strong> el <strong>melasma<\/strong> y el<strong>hiperpigmentaci\u00f3n<\/strong>n para darle una <strong>una tez m\u00e1s clara y uniforme<\/strong> !<\/p>\n<ul>\n<li>Adecuado para todo tipo de pieles<\/li>\n<li>Para obtener mejores resultados, utilizar dos veces al d\u00eda<\/li>\n<li>Dermatol\u00f3gicamente probado<\/li>\n<li>Sin parabenos<\/li>\n<\/ul>\n<p><strong>Instrucciones de uso<\/strong> Pulveriza un poco de limpiador corporal en la mano, haz espuma y masajea toda la piel. Aclara con agua.<\/p>\n<p>S\u00f3lo para uso externo. En caso de contacto con los ojos, aclarar con abundante agua. No apto para ni\u00f1os menores de 3 a\u00f1os.<\/p>\n<p><strong>Observaciones : <\/strong>Pruebe siempre primero un producto nuevo en la cara interna de la mu\u00f1eca o el brazo. Espere unas horas. Si se produce irritaci\u00f3n, interrumpa su uso.<\/p>","protected":false},"excerpt":{"rendered":"<ul>\n<li><strong><u>PREPARADO Y ENVIADO EN 5 D\u00cdAS<\/u><\/strong><\/li>\n<li>Producto original 100 % de Kojie San<\/li>\n<li>Refresca e ilumina eficazmente la piel<\/li>\n<li>Incluye una exclusiva tecnolog\u00eda de luz sin pigmentos para una iluminaci\u00f3n espec\u00edfica.<\/li>\n<li>Act\u00faa sobre manchas marrones, cicatrices, melasma e hiperpigmentaci\u00f3n.<\/li>\n<li>Dermatol\u00f3gicamente testado y sin parabenos.<\/li>\n<li>Adecuado para todo tipo de pieles, de uso diario.<\/li>\n<li><strong>Formato<\/strong> 300 ml<\/li>\n<\/ul>","protected":false},"featured_media":445,"template":"","meta":{"ocean_post_layout":"","ocean_both_sidebars_style":"","ocean_both_sidebars_content_width":0,"ocean_both_sidebars_sidebars_width":0,"ocean_sidebar":"0","ocean_second_sidebar":"0","ocean_disable_margins":"enable","ocean_add_body_class":"","ocean_shortcode_before_top_bar":"","ocean_shortcode_after_top_bar":"","ocean_shortcode_before_header":"","ocean_shortcode_after_header":"","ocean_has_shortcode":"","ocean_shortcode_after_title":"","ocean_shortcode_before_footer_widgets":"","ocean_shortcode_after_footer_widgets":"","ocean_shortcode_before_footer_bottom":"","ocean_shortcode_after_footer_bottom":"","ocean_display_top_bar":"default","ocean_display_header":"default","ocean_header_style":"","ocean_center_header_left_menu":"0","ocean_custom_header_template":"0","ocean_custom_logo":0,"ocean_custom_retina_logo":0,"ocean_custom_logo_max_width":0,"ocean_custom_logo_tablet_max_width":0,"ocean_custom_logo_mobile_max_width":0,"ocean_custom_logo_max_height":0,"ocean_custom_logo_tablet_max_height":0,"ocean_custom_logo_mobile_max_height":0,"ocean_header_custom_menu":"0","ocean_menu_typo_font_family":"0","ocean_menu_typo_font_subset":"","ocean_menu_typo_font_size":0,"ocean_menu_typo_font_size_tablet":0,"ocean_menu_typo_font_size_mobile":0,"ocean_menu_typo_font_size_unit":"px","ocean_menu_typo_font_weight":"","ocean_menu_typo_font_weight_tablet":"","ocean_menu_typo_font_weight_mobile":"","ocean_menu_typo_transform":"","ocean_menu_typo_transform_tablet":"","ocean_menu_typo_transform_mobile":"","ocean_menu_typo_line_height":0,"ocean_menu_typo_line_height_tablet":0,"ocean_menu_typo_line_height_mobile":0,"ocean_menu_typo_line_height_unit":"","ocean_menu_typo_spacing":0,"ocean_menu_typo_spacing_tablet":0,"ocean_menu_typo_spacing_mobile":0,"ocean_menu_typo_spacing_unit":"","ocean_menu_link_color":"","ocean_menu_link_color_hover":"","ocean_menu_link_color_active":"","ocean_menu_link_background":"","ocean_menu_link_hover_background":"","ocean_menu_link_active_background":"","ocean_menu_social_links_bg":"","ocean_menu_social_hover_links_bg":"","ocean_menu_social_links_color":"","ocean_menu_social_hover_links_color":"","ocean_disable_title":"default","ocean_disable_heading":"default","ocean_post_title":"","ocean_post_subheading":"","ocean_post_title_style":"","ocean_post_title_background_color":"","ocean_post_title_background":0,"ocean_post_title_bg_image_position":"","ocean_post_title_bg_image_attachment":"","ocean_post_title_bg_image_repeat":"","ocean_post_title_bg_image_size":"","ocean_post_title_height":0,"ocean_post_title_bg_overlay":0,"ocean_post_title_bg_overlay_color":"","ocean_disable_breadcrumbs":"default","ocean_breadcrumbs_color":"","ocean_breadcrumbs_separator_color":"","ocean_breadcrumbs_links_color":"","ocean_breadcrumbs_links_hover_color":"","ocean_display_footer_widgets":"default","ocean_display_footer_bottom":"default","ocean_custom_footer_template":"0"},"product_brand":[],"product_cat":[18,23],"product_tag":[],"class_list":{"0":"post-158","1":"product","2":"type-product","3":"status-publish","4":"has-post-thumbnail","6":"product_cat-kojie-san-cremes-lotions","7":"product_cat-kojie-san","9":"entry","10":"has-media","12":"first","13":"outofstock","14":"taxable","15":"shipping-taxable","16":"purchasable","17":"product-type-simple","18":"has-product-nav","19":"col","20":"span_1_of_3","21":"owp-content-center","22":"owp-thumbs-layout-horizontal","23":"owp-btn-normal","24":"owp-tabs-layout-horizontal","25":"has-no-thumbnails"},"yoast_head":"<!-- This site is optimized with the Yoast SEO plugin v27.3 - https:\/\/yoast.com\/product\/yoast-seo-wordpress\/ -->\n<title>Gel douche \u00e9claircissant &quot;Body Wash&quot; 300ml - Kojie San<\/title>\n<meta name=\"robots\" content=\"index, follow, max-snippet:-1, max-image-preview:large, max-video-preview:-1\" \/>\n<link rel=\"canonical\" href=\"https:\/\/kojicskin-europe.com\/es\/gel-de-ducha-aclarante-kojie-san-300ml\/\" \/>\n<meta property=\"og:locale\" content=\"es_ES\" \/>\n<meta property=\"og:type\" content=\"article\" \/>\n<meta property=\"og:title\" content=\"Gel douche \u00e9claircissant &quot;Body Wash&quot; 300ml - Kojie San\" \/>\n<meta property=\"og:description\" content=\"PR\u00c9PAR\u00c9 &amp; EXPEDI\u00c9 SOUS\u00a05 JOURS  Produit 100 % authentique de la marque Kojie San  Rafra\u00eechit et \u00e9claircit efficacement la peau  Inclut une technologie unique de lumi\u00e8re sans pigment pour un \u00e9claircissement cibl\u00e9.  Agit sur les taches brunes, cicatrices, m\u00e9lasma, et hyperpigmentation.  Test\u00e9 dermatologiquement et sans paraben.  Convient \u00e0 tous types de peau, pour une utilisation quotidienne.  Format : 300 ml\" \/>\n<meta property=\"og:url\" content=\"https:\/\/kojicskin-europe.com\/es\/gel-de-ducha-aclarante-kojie-san-300ml\/\" \/>\n<meta property=\"og:site_name\" content=\"Kojic Skin Europe\" \/>\n<meta property=\"article:modified_time\" content=\"2026-03-24T12:56:22+00:00\" \/>\n<meta property=\"og:image\" content=\"https:\/\/kojicskin-europe.com\/wp-content\/uploads\/2024\/09\/kojic-skin-europe-lotion-corps-eclaircissante-kojie-san.png\" \/>\n\t<meta property=\"og:image:width\" content=\"800\" \/>\n\t<meta property=\"og:image:height\" content=\"800\" \/>\n\t<meta property=\"og:image:type\" content=\"image\/png\" \/>\n<meta name=\"twitter:card\" content=\"summary_large_image\" \/>\n<meta name=\"twitter:label1\" content=\"Tiempo de lectura\" \/>\n\t<meta name=\"twitter:data1\" content=\"2 minutos\" \/>\n<script type=\"application\/ld+json\" class=\"yoast-schema-graph\">{\"@context\":\"https:\\\/\\\/schema.org\",\"@graph\":[{\"@type\":\"WebPage\",\"@id\":\"https:\\\/\\\/kojicskin-europe.com\\\/gel-douche-eclaircissant-kojie-san-body-wash-300ml\\\/\",\"url\":\"https:\\\/\\\/kojicskin-europe.com\\\/gel-douche-eclaircissant-kojie-san-body-wash-300ml\\\/\",\"name\":\"Gel douche \u00e9claircissant \\\"Body Wash\\\" 300ml - Kojie San\",\"isPartOf\":{\"@id\":\"https:\\\/\\\/kojicskin-europe.com\\\/#website\"},\"primaryImageOfPage\":{\"@id\":\"https:\\\/\\\/kojicskin-europe.com\\\/gel-douche-eclaircissant-kojie-san-body-wash-300ml\\\/#primaryimage\"},\"image\":{\"@id\":\"https:\\\/\\\/kojicskin-europe.com\\\/gel-douche-eclaircissant-kojie-san-body-wash-300ml\\\/#primaryimage\"},\"thumbnailUrl\":\"https:\\\/\\\/kojicskin-europe.com\\\/wp-content\\\/uploads\\\/2024\\\/09\\\/kojic-skin-europe-lotion-corps-eclaircissante-kojie-san.png\",\"datePublished\":\"2024-09-14T15:27:10+00:00\",\"dateModified\":\"2026-03-24T12:56:22+00:00\",\"breadcrumb\":{\"@id\":\"https:\\\/\\\/kojicskin-europe.com\\\/gel-douche-eclaircissant-kojie-san-body-wash-300ml\\\/#breadcrumb\"},\"inLanguage\":\"es\",\"potentialAction\":[{\"@type\":\"ReadAction\",\"target\":[\"https:\\\/\\\/kojicskin-europe.com\\\/gel-douche-eclaircissant-kojie-san-body-wash-300ml\\\/\"]}]},{\"@type\":\"ImageObject\",\"inLanguage\":\"es\",\"@id\":\"https:\\\/\\\/kojicskin-europe.com\\\/gel-douche-eclaircissant-kojie-san-body-wash-300ml\\\/#primaryimage\",\"url\":\"https:\\\/\\\/kojicskin-europe.com\\\/wp-content\\\/uploads\\\/2024\\\/09\\\/kojic-skin-europe-lotion-corps-eclaircissante-kojie-san.png\",\"contentUrl\":\"https:\\\/\\\/kojicskin-europe.com\\\/wp-content\\\/uploads\\\/2024\\\/09\\\/kojic-skin-europe-lotion-corps-eclaircissante-kojie-san.png\",\"width\":800,\"height\":800,\"caption\":\"Kojie San Lotion corps eclaircissante\"},{\"@type\":\"BreadcrumbList\",\"@id\":\"https:\\\/\\\/kojicskin-europe.com\\\/gel-douche-eclaircissant-kojie-san-body-wash-300ml\\\/#breadcrumb\",\"itemListElement\":[{\"@type\":\"ListItem\",\"position\":1,\"name\":\"Accueil\",\"item\":\"https:\\\/\\\/kojicskin-europe.com\\\/\"},{\"@type\":\"ListItem\",\"position\":2,\"name\":\"Kojie San\",\"item\":\"https:\\\/\\\/kojicskin-europe.com\\\/kojie-san\\\/\"},{\"@type\":\"ListItem\",\"position\":3,\"name\":\"Gel douche \u00e9claircissant \u00ab\u00a0Body Wash\u00a0\u00bb 300ml &#8211; Kojie San\"}]},{\"@type\":\"WebSite\",\"@id\":\"https:\\\/\\\/kojicskin-europe.com\\\/#website\",\"url\":\"https:\\\/\\\/kojicskin-europe.com\\\/\",\"name\":\"Kojic Skin Europe\",\"description\":\"\",\"publisher\":{\"@id\":\"https:\\\/\\\/kojicskin-europe.com\\\/#organization\"},\"potentialAction\":[{\"@type\":\"SearchAction\",\"target\":{\"@type\":\"EntryPoint\",\"urlTemplate\":\"https:\\\/\\\/kojicskin-europe.com\\\/?s={search_term_string}\"},\"query-input\":{\"@type\":\"PropertyValueSpecification\",\"valueRequired\":true,\"valueName\":\"search_term_string\"}}],\"inLanguage\":\"es\"},{\"@type\":\"Organization\",\"@id\":\"https:\\\/\\\/kojicskin-europe.com\\\/#organization\",\"name\":\"Kojic Skin Europe\",\"url\":\"https:\\\/\\\/kojicskin-europe.com\\\/\",\"logo\":{\"@type\":\"ImageObject\",\"inLanguage\":\"es\",\"@id\":\"https:\\\/\\\/kojicskin-europe.com\\\/#\\\/schema\\\/logo\\\/image\\\/\",\"url\":\"https:\\\/\\\/kojicskin-europe.com\\\/wp-content\\\/uploads\\\/2024\\\/11\\\/kojic-skin-europe-logo.png\",\"contentUrl\":\"https:\\\/\\\/kojicskin-europe.com\\\/wp-content\\\/uploads\\\/2024\\\/11\\\/kojic-skin-europe-logo.png\",\"width\":2078,\"height\":541,\"caption\":\"Kojic Skin Europe\"},\"image\":{\"@id\":\"https:\\\/\\\/kojicskin-europe.com\\\/#\\\/schema\\\/logo\\\/image\\\/\"}}]}<\/script>\n<!-- \/ Yoast SEO plugin. -->","yoast_head_json":{"title":"Gel de ducha aclarante 300ml - Kojie San","robots":{"index":"index","follow":"follow","max-snippet":"max-snippet:-1","max-image-preview":"max-image-preview:large","max-video-preview":"max-video-preview:-1"},"canonical":"https:\/\/kojicskin-europe.com\/es\/gel-de-ducha-aclarante-kojie-san-300ml\/","og_locale":"es_ES","og_type":"article","og_title":"Gel douche \u00e9claircissant \"Body Wash\" 300ml - Kojie San","og_description":"PR\u00c9PAR\u00c9 &amp; EXPEDI\u00c9 SOUS\u00a05 JOURS  Produit 100 % authentique de la marque Kojie San  Rafra\u00eechit et \u00e9claircit efficacement la peau  Inclut une technologie unique de lumi\u00e8re sans pigment pour un \u00e9claircissement cibl\u00e9.  Agit sur les taches brunes, cicatrices, m\u00e9lasma, et hyperpigmentation.  Test\u00e9 dermatologiquement et sans paraben.  Convient \u00e0 tous types de peau, pour une utilisation quotidienne.  Format : 300 ml","og_url":"https:\/\/kojicskin-europe.com\/es\/gel-de-ducha-aclarante-kojie-san-300ml\/","og_site_name":"Kojic Skin Europe","article_modified_time":"2026-03-24T12:56:22+00:00","og_image":[{"width":800,"height":800,"url":"https:\/\/kojicskin-europe.com\/wp-content\/uploads\/2024\/09\/kojic-skin-europe-lotion-corps-eclaircissante-kojie-san.png","type":"image\/png"}],"twitter_card":"summary_large_image","twitter_misc":{"Tiempo de lectura":"2 minutos"},"schema":{"@context":"https:\/\/schema.org","@graph":[{"@type":"WebPage","@id":"https:\/\/kojicskin-europe.com\/gel-douche-eclaircissant-kojie-san-body-wash-300ml\/","url":"https:\/\/kojicskin-europe.com\/gel-douche-eclaircissant-kojie-san-body-wash-300ml\/","name":"Gel de ducha aclarante 300ml - Kojie San","isPartOf":{"@id":"https:\/\/kojicskin-europe.com\/#website"},"primaryImageOfPage":{"@id":"https:\/\/kojicskin-europe.com\/gel-douche-eclaircissant-kojie-san-body-wash-300ml\/#primaryimage"},"image":{"@id":"https:\/\/kojicskin-europe.com\/gel-douche-eclaircissant-kojie-san-body-wash-300ml\/#primaryimage"},"thumbnailUrl":"https:\/\/kojicskin-europe.com\/wp-content\/uploads\/2024\/09\/kojic-skin-europe-lotion-corps-eclaircissante-kojie-san.png","datePublished":"2024-09-14T15:27:10+00:00","dateModified":"2026-03-24T12:56:22+00:00","breadcrumb":{"@id":"https:\/\/kojicskin-europe.com\/gel-douche-eclaircissant-kojie-san-body-wash-300ml\/#breadcrumb"},"inLanguage":"es","potentialAction":[{"@type":"ReadAction","target":["https:\/\/kojicskin-europe.com\/gel-douche-eclaircissant-kojie-san-body-wash-300ml\/"]}]},{"@type":"ImageObject","inLanguage":"es","@id":"https:\/\/kojicskin-europe.com\/gel-douche-eclaircissant-kojie-san-body-wash-300ml\/#primaryimage","url":"https:\/\/kojicskin-europe.com\/wp-content\/uploads\/2024\/09\/kojic-skin-europe-lotion-corps-eclaircissante-kojie-san.png","contentUrl":"https:\/\/kojicskin-europe.com\/wp-content\/uploads\/2024\/09\/kojic-skin-europe-lotion-corps-eclaircissante-kojie-san.png","width":800,"height":800,"caption":"Kojie San Lotion corps eclaircissante"},{"@type":"BreadcrumbList","@id":"https:\/\/kojicskin-europe.com\/gel-douche-eclaircissant-kojie-san-body-wash-300ml\/#breadcrumb","itemListElement":[{"@type":"ListItem","position":1,"name":"Accueil","item":"https:\/\/kojicskin-europe.com\/"},{"@type":"ListItem","position":2,"name":"Kojie San","item":"https:\/\/kojicskin-europe.com\/kojie-san\/"},{"@type":"ListItem","position":3,"name":"Gel douche \u00e9claircissant \u00ab\u00a0Body Wash\u00a0\u00bb 300ml &#8211; Kojie San"}]},{"@type":"WebSite","@id":"https:\/\/kojicskin-europe.com\/#website","url":"https:\/\/kojicskin-europe.com\/","name":"Piel K\u00f3jica Europa","description":"","publisher":{"@id":"https:\/\/kojicskin-europe.com\/#organization"},"potentialAction":[{"@type":"SearchAction","target":{"@type":"EntryPoint","urlTemplate":"https:\/\/kojicskin-europe.com\/?s={search_term_string}"},"query-input":{"@type":"PropertyValueSpecification","valueRequired":true,"valueName":"search_term_string"}}],"inLanguage":"es"},{"@type":"Organization","@id":"https:\/\/kojicskin-europe.com\/#organization","name":"Piel K\u00f3jica Europa","url":"https:\/\/kojicskin-europe.com\/","logo":{"@type":"ImageObject","inLanguage":"es","@id":"https:\/\/kojicskin-europe.com\/#\/schema\/logo\/image\/","url":"https:\/\/kojicskin-europe.com\/wp-content\/uploads\/2024\/11\/kojic-skin-europe-logo.png","contentUrl":"https:\/\/kojicskin-europe.com\/wp-content\/uploads\/2024\/11\/kojic-skin-europe-logo.png","width":2078,"height":541,"caption":"Kojic Skin Europe"},"image":{"@id":"https:\/\/kojicskin-europe.com\/#\/schema\/logo\/image\/"}}]}},"_links":{"self":[{"href":"https:\/\/kojicskin-europe.com\/es\/wp-json\/wp\/v2\/product\/158","targetHints":{"allow":["GET"]}}],"collection":[{"href":"https:\/\/kojicskin-europe.com\/es\/wp-json\/wp\/v2\/product"}],"about":[{"href":"https:\/\/kojicskin-europe.com\/es\/wp-json\/wp\/v2\/types\/product"}],"version-history":[{"count":0,"href":"https:\/\/kojicskin-europe.com\/es\/wp-json\/wp\/v2\/product\/158\/revisions"}],"wp:featuredmedia":[{"embeddable":true,"href":"https:\/\/kojicskin-europe.com\/es\/wp-json\/wp\/v2\/media\/445"}],"wp:attachment":[{"href":"https:\/\/kojicskin-europe.com\/es\/wp-json\/wp\/v2\/media?parent=158"}],"wp:term":[{"taxonomy":"product_brand","embeddable":true,"href":"https:\/\/kojicskin-europe.com\/es\/wp-json\/wp\/v2\/product_brand?post=158"},{"taxonomy":"product_cat","embeddable":true,"href":"https:\/\/kojicskin-europe.com\/es\/wp-json\/wp\/v2\/product_cat?post=158"},{"taxonomy":"product_tag","embeddable":true,"href":"https:\/\/kojicskin-europe.com\/es\/wp-json\/wp\/v2\/product_tag?post=158"}],"curies":[{"name":"wp","href":"https:\/\/api.w.org\/{rel}","templated":true}]}}