{"id":152,"date":"2024-09-14T15:27:08","date_gmt":"2024-09-14T15:27:08","guid":{"rendered":"http:\/\/kojic-skin-europe.local\/?post_type=product&#038;p=152"},"modified":"2026-04-03T12:43:46","modified_gmt":"2026-04-03T10:43:46","slug":"crema-de-dia-antiedad-dream-white-30g","status":"publish","type":"product","link":"https:\/\/kojicskin-europe.com\/es\/creme-jour-anti-age-dream-white-30g\/","title":{"rendered":"SFP30\" crema de d\u00eda antiedad 30g - Kojie San"},"content":{"rendered":"<p><strong>Crema facial antiedad iluminadora Kojie San con protecci\u00f3n solar SPF30 - Perfecta para una piel radiante y protegida<\/strong><\/p>\n<p>La <strong>crema facial antiedad<\/strong> Kojie San es un producto innovador para el cuidado de la piel con una doble acci\u00f3n iluminadora y protectora gracias a su f\u00f3rmula enriquecida con <strong>Protecci\u00f3n solar SPF30<\/strong>. Esta crema es la opci\u00f3n ideal para quienes desean conseguir una piel m\u00e1s clara al tiempo que la protegen de los da\u00f1inos rayos UV.<\/p>\n<p><strong>Principales principios activos :<\/strong><\/p>\n<ul>\n<li><strong>\u00c1cido k\u00f3jico<\/strong> Reconocido por su excepcional efecto blanqueador, ayuda a aclarar la piel y a reducir las manchas oscuras.<\/li>\n<li><strong>Col\u00e1geno<\/strong> Ayuda a mantener la piel firme y el\u00e1stica, reduciendo la aparici\u00f3n de arrugas.<\/li>\n<li><strong>Elastina<\/strong> Contribuye a la elasticidad y flexibilidad de la piel, ofreciendo un efecto de juventud prolongado.<\/li>\n<\/ul>\n<p><strong>\u00bfPor qu\u00e9 elegir la crema facial Kojie San?<\/strong><\/p>\n<ul>\n<li><strong>F\u00f3rmula intensiva<\/strong> Una crema ligera y no grasa que contiene una mezcla de extractos naturales y \u00e1cido k\u00f3jico de alta calidad.<\/li>\n<li><strong>Efecto blanqueador<\/strong> Reduce la formaci\u00f3n de manchas oscuras durante la exfoliaci\u00f3n y mejora la uniformidad de la tez.<\/li>\n<li><strong>Hidrataci\u00f3n y restauraci\u00f3n<\/strong> : Hidrata en profundidad y restaura la piel para un aspecto m\u00e1s sano y sonrosado.<\/li>\n<li><strong>Doble acci\u00f3n antiedad<\/strong> Contiene col\u00e1geno y elastina para obtener resultados visibles m\u00e1s r\u00e1pidamente que la crema tradicional.<\/li>\n<\/ul>\n<p><strong>Diferencia entre la crema Dream White Kojie San y la crema cl\u00e1sica Kojie San:<\/strong><\/p>\n<ul>\n<li>La <strong>Crema Dream White<\/strong> es una gama antiedad enriquecida con col\u00e1geno y elastina, que ofrece resultados m\u00e1s r\u00e1pidos y eficaces. Comparte los mismos ingredientes b\u00e1sicos que la crema cl\u00e1sica, pero con beneficios a\u00f1adidos para combatir los signos del envejecimiento.<\/li>\n<\/ul>\n<p><strong>Producto genuino vendido por Kojic Skin Europe :<\/strong><\/p>\n<ul>\n<li><strong>Piel K\u00f3jica Europa<\/strong> es el vendedor oficial en Europa de la renombrada marca asi\u00e1tica <strong>Kojie San<\/strong>garantizando productos aut\u00e9nticos y de alta calidad.<\/li>\n<\/ul>","protected":false},"excerpt":{"rendered":"<ul>\n<li><strong><u>PREPARADO Y ENVIADO EN 5 D\u00cdAS<\/u><\/strong><\/li>\n<li><strong>Date d&rsquo;expiration : entre avril et juillet 2026<\/strong><\/li>\n<li>Producto original 100 % de Kojie San<\/li>\n<li>Protecci\u00f3n solar y cuidado aclarante combinados.<\/li>\n<li>Producto a base de \u00e1cido k\u00f3jico, col\u00e1geno y elastina para una piel m\u00e1s firme y radiante.<\/li>\n<li>Vendido por Kojic Skin - Europe, la tienda oficial de Kojie San en Europa.<\/li>\n<li><strong>Formato<\/strong> : 30g<\/li>\n<\/ul>","protected":false},"featured_media":32944,"template":"","meta":{"ocean_post_layout":"","ocean_both_sidebars_style":"","ocean_both_sidebars_content_width":0,"ocean_both_sidebars_sidebars_width":0,"ocean_sidebar":"0","ocean_second_sidebar":"0","ocean_disable_margins":"enable","ocean_add_body_class":"","ocean_shortcode_before_top_bar":"","ocean_shortcode_after_top_bar":"","ocean_shortcode_before_header":"","ocean_shortcode_after_header":"","ocean_has_shortcode":"","ocean_shortcode_after_title":"","ocean_shortcode_before_footer_widgets":"","ocean_shortcode_after_footer_widgets":"","ocean_shortcode_before_footer_bottom":"","ocean_shortcode_after_footer_bottom":"","ocean_display_top_bar":"default","ocean_display_header":"default","ocean_header_style":"","ocean_center_header_left_menu":"0","ocean_custom_header_template":"0","ocean_custom_logo":0,"ocean_custom_retina_logo":0,"ocean_custom_logo_max_width":0,"ocean_custom_logo_tablet_max_width":0,"ocean_custom_logo_mobile_max_width":0,"ocean_custom_logo_max_height":0,"ocean_custom_logo_tablet_max_height":0,"ocean_custom_logo_mobile_max_height":0,"ocean_header_custom_menu":"0","ocean_menu_typo_font_family":"0","ocean_menu_typo_font_subset":"","ocean_menu_typo_font_size":0,"ocean_menu_typo_font_size_tablet":0,"ocean_menu_typo_font_size_mobile":0,"ocean_menu_typo_font_size_unit":"px","ocean_menu_typo_font_weight":"","ocean_menu_typo_font_weight_tablet":"","ocean_menu_typo_font_weight_mobile":"","ocean_menu_typo_transform":"","ocean_menu_typo_transform_tablet":"","ocean_menu_typo_transform_mobile":"","ocean_menu_typo_line_height":0,"ocean_menu_typo_line_height_tablet":0,"ocean_menu_typo_line_height_mobile":0,"ocean_menu_typo_line_height_unit":"","ocean_menu_typo_spacing":0,"ocean_menu_typo_spacing_tablet":0,"ocean_menu_typo_spacing_mobile":0,"ocean_menu_typo_spacing_unit":"","ocean_menu_link_color":"","ocean_menu_link_color_hover":"","ocean_menu_link_color_active":"","ocean_menu_link_background":"","ocean_menu_link_hover_background":"","ocean_menu_link_active_background":"","ocean_menu_social_links_bg":"","ocean_menu_social_hover_links_bg":"","ocean_menu_social_links_color":"","ocean_menu_social_hover_links_color":"","ocean_disable_title":"default","ocean_disable_heading":"default","ocean_post_title":"","ocean_post_subheading":"","ocean_post_title_style":"","ocean_post_title_background_color":"","ocean_post_title_background":0,"ocean_post_title_bg_image_position":"","ocean_post_title_bg_image_attachment":"","ocean_post_title_bg_image_repeat":"","ocean_post_title_bg_image_size":"","ocean_post_title_height":0,"ocean_post_title_bg_overlay":0,"ocean_post_title_bg_overlay_color":"","ocean_disable_breadcrumbs":"default","ocean_breadcrumbs_color":"","ocean_breadcrumbs_separator_color":"","ocean_breadcrumbs_links_color":"","ocean_breadcrumbs_links_hover_color":"","ocean_display_footer_widgets":"default","ocean_display_footer_bottom":"default","ocean_custom_footer_template":"0"},"product_brand":[],"product_cat":[18,23],"product_tag":[],"class_list":{"0":"post-152","1":"product","2":"type-product","3":"status-publish","4":"has-post-thumbnail","6":"product_cat-kojie-san-cremes-lotions","7":"product_cat-kojie-san","9":"entry","10":"has-media","12":"first","13":"instock","14":"sale","15":"taxable","16":"shipping-taxable","17":"purchasable","18":"product-type-simple","19":"has-product-nav","20":"col","21":"span_1_of_3","22":"owp-content-center","23":"owp-thumbs-layout-horizontal","24":"owp-btn-normal","25":"owp-tabs-layout-horizontal","26":"has-no-thumbnails"},"yoast_head":"<!-- This site is optimized with the Yoast SEO plugin v27.3 - https:\/\/yoast.com\/product\/yoast-seo-wordpress\/ -->\n<title>Cr\u00e8me de jour anti-\u00e2ge &quot;SFP30&quot; 30g - Kojie San<\/title>\n<meta name=\"description\" content=\"Comment obtenir un teint plus clair et uniforme tout en r\u00e9duisant les rides ? Essayez la cr\u00e8me visage Kojie San enrichie en collag\u00e8ne et \u00e9lastine !\" \/>\n<meta name=\"robots\" content=\"index, follow, max-snippet:-1, max-image-preview:large, max-video-preview:-1\" \/>\n<link rel=\"canonical\" href=\"https:\/\/kojicskin-europe.com\/es\/crema-de-dia-antiedad-dream-white-30g\/\" \/>\n<meta property=\"og:locale\" content=\"es_ES\" \/>\n<meta property=\"og:type\" content=\"article\" \/>\n<meta property=\"og:title\" content=\"Cr\u00e8me de jour anti-\u00e2ge &quot;SFP30&quot; 30g - Kojie San\" \/>\n<meta property=\"og:description\" content=\"Comment obtenir un teint plus clair et uniforme tout en r\u00e9duisant les rides ? Essayez la cr\u00e8me visage Kojie San enrichie en collag\u00e8ne et \u00e9lastine !\" \/>\n<meta property=\"og:url\" content=\"https:\/\/kojicskin-europe.com\/es\/crema-de-dia-antiedad-dream-white-30g\/\" \/>\n<meta property=\"og:site_name\" content=\"Kojic Skin Europe\" \/>\n<meta property=\"article:modified_time\" content=\"2026-04-03T10:43:46+00:00\" \/>\n<meta property=\"og:image\" content=\"https:\/\/kojicskin-europe.com\/wp-content\/uploads\/2025\/02\/creme-de-jour-dream-white-65g-kojie-san-date-courte-1.png\" \/>\n\t<meta property=\"og:image:width\" content=\"800\" \/>\n\t<meta property=\"og:image:height\" content=\"800\" \/>\n\t<meta property=\"og:image:type\" content=\"image\/png\" \/>\n<meta name=\"twitter:card\" content=\"summary_large_image\" \/>\n<meta name=\"twitter:label1\" content=\"Tiempo de lectura\" \/>\n\t<meta name=\"twitter:data1\" content=\"2 minutos\" \/>\n<script type=\"application\/ld+json\" class=\"yoast-schema-graph\">{\"@context\":\"https:\\\/\\\/schema.org\",\"@graph\":[{\"@type\":\"WebPage\",\"@id\":\"https:\\\/\\\/kojicskin-europe.com\\\/creme-jour-anti-age-dream-white-30g\\\/\",\"url\":\"https:\\\/\\\/kojicskin-europe.com\\\/creme-jour-anti-age-dream-white-30g\\\/\",\"name\":\"Cr\u00e8me de jour anti-\u00e2ge \\\"SFP30\\\" 30g - Kojie San\",\"isPartOf\":{\"@id\":\"https:\\\/\\\/kojicskin-europe.com\\\/#website\"},\"primaryImageOfPage\":{\"@id\":\"https:\\\/\\\/kojicskin-europe.com\\\/creme-jour-anti-age-dream-white-30g\\\/#primaryimage\"},\"image\":{\"@id\":\"https:\\\/\\\/kojicskin-europe.com\\\/creme-jour-anti-age-dream-white-30g\\\/#primaryimage\"},\"thumbnailUrl\":\"https:\\\/\\\/kojicskin-europe.com\\\/wp-content\\\/uploads\\\/2025\\\/02\\\/creme-de-jour-dream-white-65g-kojie-san-date-courte-1.png\",\"datePublished\":\"2024-09-14T15:27:08+00:00\",\"dateModified\":\"2026-04-03T10:43:46+00:00\",\"description\":\"Comment obtenir un teint plus clair et uniforme tout en r\u00e9duisant les rides ? Essayez la cr\u00e8me visage Kojie San enrichie en collag\u00e8ne et \u00e9lastine !\",\"breadcrumb\":{\"@id\":\"https:\\\/\\\/kojicskin-europe.com\\\/creme-jour-anti-age-dream-white-30g\\\/#breadcrumb\"},\"inLanguage\":\"es\",\"potentialAction\":[{\"@type\":\"ReadAction\",\"target\":[\"https:\\\/\\\/kojicskin-europe.com\\\/creme-jour-anti-age-dream-white-30g\\\/\"]}]},{\"@type\":\"ImageObject\",\"inLanguage\":\"es\",\"@id\":\"https:\\\/\\\/kojicskin-europe.com\\\/creme-jour-anti-age-dream-white-30g\\\/#primaryimage\",\"url\":\"https:\\\/\\\/kojicskin-europe.com\\\/wp-content\\\/uploads\\\/2025\\\/02\\\/creme-de-jour-dream-white-65g-kojie-san-date-courte-1.png\",\"contentUrl\":\"https:\\\/\\\/kojicskin-europe.com\\\/wp-content\\\/uploads\\\/2025\\\/02\\\/creme-de-jour-dream-white-65g-kojie-san-date-courte-1.png\",\"width\":800,\"height\":800},{\"@type\":\"BreadcrumbList\",\"@id\":\"https:\\\/\\\/kojicskin-europe.com\\\/creme-jour-anti-age-dream-white-30g\\\/#breadcrumb\",\"itemListElement\":[{\"@type\":\"ListItem\",\"position\":1,\"name\":\"Accueil\",\"item\":\"https:\\\/\\\/kojicskin-europe.com\\\/\"},{\"@type\":\"ListItem\",\"position\":2,\"name\":\"Kojie San\",\"item\":\"https:\\\/\\\/kojicskin-europe.com\\\/kojie-san\\\/\"},{\"@type\":\"ListItem\",\"position\":3,\"name\":\"Cr\u00e8me de jour anti-\u00e2ge \u00ab\u00a0SFP30\u00a0\u00bb 30g &#8211; Kojie San\"}]},{\"@type\":\"WebSite\",\"@id\":\"https:\\\/\\\/kojicskin-europe.com\\\/#website\",\"url\":\"https:\\\/\\\/kojicskin-europe.com\\\/\",\"name\":\"Kojic Skin Europe\",\"description\":\"\",\"publisher\":{\"@id\":\"https:\\\/\\\/kojicskin-europe.com\\\/#organization\"},\"potentialAction\":[{\"@type\":\"SearchAction\",\"target\":{\"@type\":\"EntryPoint\",\"urlTemplate\":\"https:\\\/\\\/kojicskin-europe.com\\\/?s={search_term_string}\"},\"query-input\":{\"@type\":\"PropertyValueSpecification\",\"valueRequired\":true,\"valueName\":\"search_term_string\"}}],\"inLanguage\":\"es\"},{\"@type\":\"Organization\",\"@id\":\"https:\\\/\\\/kojicskin-europe.com\\\/#organization\",\"name\":\"Kojic Skin Europe\",\"url\":\"https:\\\/\\\/kojicskin-europe.com\\\/\",\"logo\":{\"@type\":\"ImageObject\",\"inLanguage\":\"es\",\"@id\":\"https:\\\/\\\/kojicskin-europe.com\\\/#\\\/schema\\\/logo\\\/image\\\/\",\"url\":\"https:\\\/\\\/kojicskin-europe.com\\\/wp-content\\\/uploads\\\/2024\\\/11\\\/kojic-skin-europe-logo.png\",\"contentUrl\":\"https:\\\/\\\/kojicskin-europe.com\\\/wp-content\\\/uploads\\\/2024\\\/11\\\/kojic-skin-europe-logo.png\",\"width\":2078,\"height\":541,\"caption\":\"Kojic Skin Europe\"},\"image\":{\"@id\":\"https:\\\/\\\/kojicskin-europe.com\\\/#\\\/schema\\\/logo\\\/image\\\/\"}}]}<\/script>\n<!-- \/ Yoast SEO plugin. -->","yoast_head_json":{"title":"SFP30\" crema de d\u00eda antiedad 30g - Kojie San","description":"\u00bfC\u00f3mo conseguir un cutis m\u00e1s claro y uniforme a la vez que se reducen las arrugas? Prueba la crema facial Kojie San enriquecida con col\u00e1geno y elastina.","robots":{"index":"index","follow":"follow","max-snippet":"max-snippet:-1","max-image-preview":"max-image-preview:large","max-video-preview":"max-video-preview:-1"},"canonical":"https:\/\/kojicskin-europe.com\/es\/crema-de-dia-antiedad-dream-white-30g\/","og_locale":"es_ES","og_type":"article","og_title":"Cr\u00e8me de jour anti-\u00e2ge \"SFP30\" 30g - Kojie San","og_description":"Comment obtenir un teint plus clair et uniforme tout en r\u00e9duisant les rides ? Essayez la cr\u00e8me visage Kojie San enrichie en collag\u00e8ne et \u00e9lastine !","og_url":"https:\/\/kojicskin-europe.com\/es\/crema-de-dia-antiedad-dream-white-30g\/","og_site_name":"Kojic Skin Europe","article_modified_time":"2026-04-03T10:43:46+00:00","og_image":[{"width":800,"height":800,"url":"https:\/\/kojicskin-europe.com\/wp-content\/uploads\/2025\/02\/creme-de-jour-dream-white-65g-kojie-san-date-courte-1.png","type":"image\/png"}],"twitter_card":"summary_large_image","twitter_misc":{"Tiempo de lectura":"2 minutos"},"schema":{"@context":"https:\/\/schema.org","@graph":[{"@type":"WebPage","@id":"https:\/\/kojicskin-europe.com\/creme-jour-anti-age-dream-white-30g\/","url":"https:\/\/kojicskin-europe.com\/creme-jour-anti-age-dream-white-30g\/","name":"SFP30\" crema de d\u00eda antiedad 30g - Kojie San","isPartOf":{"@id":"https:\/\/kojicskin-europe.com\/#website"},"primaryImageOfPage":{"@id":"https:\/\/kojicskin-europe.com\/creme-jour-anti-age-dream-white-30g\/#primaryimage"},"image":{"@id":"https:\/\/kojicskin-europe.com\/creme-jour-anti-age-dream-white-30g\/#primaryimage"},"thumbnailUrl":"https:\/\/kojicskin-europe.com\/wp-content\/uploads\/2025\/02\/creme-de-jour-dream-white-65g-kojie-san-date-courte-1.png","datePublished":"2024-09-14T15:27:08+00:00","dateModified":"2026-04-03T10:43:46+00:00","description":"\u00bfC\u00f3mo conseguir un cutis m\u00e1s claro y uniforme a la vez que se reducen las arrugas? Prueba la crema facial Kojie San enriquecida con col\u00e1geno y elastina.","breadcrumb":{"@id":"https:\/\/kojicskin-europe.com\/creme-jour-anti-age-dream-white-30g\/#breadcrumb"},"inLanguage":"es","potentialAction":[{"@type":"ReadAction","target":["https:\/\/kojicskin-europe.com\/creme-jour-anti-age-dream-white-30g\/"]}]},{"@type":"ImageObject","inLanguage":"es","@id":"https:\/\/kojicskin-europe.com\/creme-jour-anti-age-dream-white-30g\/#primaryimage","url":"https:\/\/kojicskin-europe.com\/wp-content\/uploads\/2025\/02\/creme-de-jour-dream-white-65g-kojie-san-date-courte-1.png","contentUrl":"https:\/\/kojicskin-europe.com\/wp-content\/uploads\/2025\/02\/creme-de-jour-dream-white-65g-kojie-san-date-courte-1.png","width":800,"height":800},{"@type":"BreadcrumbList","@id":"https:\/\/kojicskin-europe.com\/creme-jour-anti-age-dream-white-30g\/#breadcrumb","itemListElement":[{"@type":"ListItem","position":1,"name":"Accueil","item":"https:\/\/kojicskin-europe.com\/"},{"@type":"ListItem","position":2,"name":"Kojie San","item":"https:\/\/kojicskin-europe.com\/kojie-san\/"},{"@type":"ListItem","position":3,"name":"Cr\u00e8me de jour anti-\u00e2ge \u00ab\u00a0SFP30\u00a0\u00bb 30g &#8211; Kojie San"}]},{"@type":"WebSite","@id":"https:\/\/kojicskin-europe.com\/#website","url":"https:\/\/kojicskin-europe.com\/","name":"Piel K\u00f3jica Europa","description":"","publisher":{"@id":"https:\/\/kojicskin-europe.com\/#organization"},"potentialAction":[{"@type":"SearchAction","target":{"@type":"EntryPoint","urlTemplate":"https:\/\/kojicskin-europe.com\/?s={search_term_string}"},"query-input":{"@type":"PropertyValueSpecification","valueRequired":true,"valueName":"search_term_string"}}],"inLanguage":"es"},{"@type":"Organization","@id":"https:\/\/kojicskin-europe.com\/#organization","name":"Piel K\u00f3jica Europa","url":"https:\/\/kojicskin-europe.com\/","logo":{"@type":"ImageObject","inLanguage":"es","@id":"https:\/\/kojicskin-europe.com\/#\/schema\/logo\/image\/","url":"https:\/\/kojicskin-europe.com\/wp-content\/uploads\/2024\/11\/kojic-skin-europe-logo.png","contentUrl":"https:\/\/kojicskin-europe.com\/wp-content\/uploads\/2024\/11\/kojic-skin-europe-logo.png","width":2078,"height":541,"caption":"Kojic Skin Europe"},"image":{"@id":"https:\/\/kojicskin-europe.com\/#\/schema\/logo\/image\/"}}]}},"_links":{"self":[{"href":"https:\/\/kojicskin-europe.com\/es\/wp-json\/wp\/v2\/product\/152","targetHints":{"allow":["GET"]}}],"collection":[{"href":"https:\/\/kojicskin-europe.com\/es\/wp-json\/wp\/v2\/product"}],"about":[{"href":"https:\/\/kojicskin-europe.com\/es\/wp-json\/wp\/v2\/types\/product"}],"version-history":[{"count":0,"href":"https:\/\/kojicskin-europe.com\/es\/wp-json\/wp\/v2\/product\/152\/revisions"}],"wp:featuredmedia":[{"embeddable":true,"href":"https:\/\/kojicskin-europe.com\/es\/wp-json\/wp\/v2\/media\/32944"}],"wp:attachment":[{"href":"https:\/\/kojicskin-europe.com\/es\/wp-json\/wp\/v2\/media?parent=152"}],"wp:term":[{"taxonomy":"product_brand","embeddable":true,"href":"https:\/\/kojicskin-europe.com\/es\/wp-json\/wp\/v2\/product_brand?post=152"},{"taxonomy":"product_cat","embeddable":true,"href":"https:\/\/kojicskin-europe.com\/es\/wp-json\/wp\/v2\/product_cat?post=152"},{"taxonomy":"product_tag","embeddable":true,"href":"https:\/\/kojicskin-europe.com\/es\/wp-json\/wp\/v2\/product_tag?post=152"}],"curies":[{"name":"wp","href":"https:\/\/api.w.org\/{rel}","templated":true}]}}