{"id":149,"date":"2024-09-14T15:27:07","date_gmt":"2024-09-14T15:27:07","guid":{"rendered":"http:\/\/kojic-skin-europe.local\/?post_type=product&#038;p=149"},"modified":"2026-04-15T00:46:13","modified_gmt":"2026-04-14T22:46:13","slug":"crema-de-noche-antiedad-dream-white-30g","status":"publish","type":"product","link":"https:\/\/kojicskin-europe.com\/es\/creme-de-nuit-visage-anti-age-dream-white-30g\/","title":{"rendered":"Crema de noche antiedad 30g - Kojie San"},"content":{"rendered":"<p>Crema de noche antiedad. Los principales principios activos son <strong>\u00e1cido k\u00f3jico<\/strong>, <strong>col\u00e1geno<\/strong> y <strong>elastina<\/strong>.<\/p>\n<p>La Crema Facial Aclarante de Noche Kojie San es una<strong> f\u00f3rmula de cuidados intensivos<\/strong>, <strong>ligero<\/strong> y <strong>no graso<\/strong>. Contiene una mezcla de<strong>extractos naturales<\/strong> y<strong>\u00e1cido k\u00f3jico<\/strong> <strong>alta calidad<\/strong>reconocida por su <strong>notable efecto blanqueador<\/strong>. Le ayuda a <strong>aclarar la piel<\/strong> y <strong>reducir la formaci\u00f3n de manchas oscuras al exfoliar<\/strong>, <strong>hidrato<\/strong> y <strong>restaura<\/strong> tambi\u00e9n<strong> la piel<\/strong> y lo lleva a un <strong>piel sana<\/strong> y <strong>ros\u00e1ceo<\/strong>.<\/p>\n<p>Una crema hidratante concentrada que ayuda a <strong>revitalizar<\/strong> y <strong>nutrir la piel<\/strong> durante el sue\u00f1o. Los efectos combinados de <strong>propiedades regenerativas<\/strong> la juventud del <strong>p\u00e9ptidos l\u00e1cteos (MPC)<\/strong> y<strong> acondicionadores alisadores<\/strong> ayudar a proporcionar <strong>hidrataci\u00f3n<\/strong> y un <strong>firmeza nutritiva<\/strong> en<strong> cara<\/strong> y <strong>cuello<\/strong>dejando la piel suave y radiante por la ma\u00f1ana. Ayuda a reducir <strong>la aparici\u00f3n de arrugas finas<\/strong> y <strong>arrugas<\/strong>.<\/p>\n<p><strong>\u00bfCu\u00e1l es la diferencia entre la crema Kojie San Dream White y la crema Kojie San classic?<\/strong> Tienen <strong>los mismos ingredientes<\/strong>pero la crema <strong>\"Dream White<\/strong> es un <strong>gama antiedad<\/strong> con <strong>col\u00e1geno<\/strong> y <strong>elastina extra<\/strong> . Por eso los resultados son <strong>visibles m\u00e1s r\u00e1pidamente<\/strong> que la crema cl\u00e1sica.<\/p>","protected":false},"excerpt":{"rendered":"<ul>\n<li><strong>PREPARADO Y ENVIADO EN 5 D\u00cdAS<\/strong><\/li>\n<li><strong>Date d&rsquo;expiration : 11 juillet 2026<\/strong><\/li>\n<li>Crema de noche antiedad<\/li>\n<li>Principios activos: \u00e1cido k\u00f3jico, col\u00e1geno, elastina<\/li>\n<li>Ilumina la piel, reduce las manchas oscuras<\/li>\n<li>Hidrata y restaura una piel sana y sonrosada<\/li>\n<li>Reduce las l\u00edneas de expresi\u00f3n y las arrugas para una piel suave y radiante<\/li>\n<li><strong>Formato<\/strong> : 30g<\/li>\n<\/ul>","protected":false},"featured_media":33232,"template":"","meta":{"ocean_post_layout":"","ocean_both_sidebars_style":"","ocean_both_sidebars_content_width":0,"ocean_both_sidebars_sidebars_width":0,"ocean_sidebar":"0","ocean_second_sidebar":"0","ocean_disable_margins":"enable","ocean_add_body_class":"","ocean_shortcode_before_top_bar":"","ocean_shortcode_after_top_bar":"","ocean_shortcode_before_header":"","ocean_shortcode_after_header":"","ocean_has_shortcode":"","ocean_shortcode_after_title":"","ocean_shortcode_before_footer_widgets":"","ocean_shortcode_after_footer_widgets":"","ocean_shortcode_before_footer_bottom":"","ocean_shortcode_after_footer_bottom":"","ocean_display_top_bar":"default","ocean_display_header":"default","ocean_header_style":"","ocean_center_header_left_menu":"0","ocean_custom_header_template":"0","ocean_custom_logo":0,"ocean_custom_retina_logo":0,"ocean_custom_logo_max_width":0,"ocean_custom_logo_tablet_max_width":0,"ocean_custom_logo_mobile_max_width":0,"ocean_custom_logo_max_height":0,"ocean_custom_logo_tablet_max_height":0,"ocean_custom_logo_mobile_max_height":0,"ocean_header_custom_menu":"0","ocean_menu_typo_font_family":"0","ocean_menu_typo_font_subset":"","ocean_menu_typo_font_size":0,"ocean_menu_typo_font_size_tablet":0,"ocean_menu_typo_font_size_mobile":0,"ocean_menu_typo_font_size_unit":"px","ocean_menu_typo_font_weight":"","ocean_menu_typo_font_weight_tablet":"","ocean_menu_typo_font_weight_mobile":"","ocean_menu_typo_transform":"","ocean_menu_typo_transform_tablet":"","ocean_menu_typo_transform_mobile":"","ocean_menu_typo_line_height":0,"ocean_menu_typo_line_height_tablet":0,"ocean_menu_typo_line_height_mobile":0,"ocean_menu_typo_line_height_unit":"","ocean_menu_typo_spacing":0,"ocean_menu_typo_spacing_tablet":0,"ocean_menu_typo_spacing_mobile":0,"ocean_menu_typo_spacing_unit":"","ocean_menu_link_color":"","ocean_menu_link_color_hover":"","ocean_menu_link_color_active":"","ocean_menu_link_background":"","ocean_menu_link_hover_background":"","ocean_menu_link_active_background":"","ocean_menu_social_links_bg":"","ocean_menu_social_hover_links_bg":"","ocean_menu_social_links_color":"","ocean_menu_social_hover_links_color":"","ocean_disable_title":"default","ocean_disable_heading":"default","ocean_post_title":"","ocean_post_subheading":"","ocean_post_title_style":"","ocean_post_title_background_color":"","ocean_post_title_background":0,"ocean_post_title_bg_image_position":"","ocean_post_title_bg_image_attachment":"","ocean_post_title_bg_image_repeat":"","ocean_post_title_bg_image_size":"","ocean_post_title_height":0,"ocean_post_title_bg_overlay":0,"ocean_post_title_bg_overlay_color":"","ocean_disable_breadcrumbs":"default","ocean_breadcrumbs_color":"","ocean_breadcrumbs_separator_color":"","ocean_breadcrumbs_links_color":"","ocean_breadcrumbs_links_hover_color":"","ocean_display_footer_widgets":"default","ocean_display_footer_bottom":"default","ocean_custom_footer_template":"0"},"product_brand":[],"product_cat":[18,23],"product_tag":[],"class_list":{"0":"post-149","1":"product","2":"type-product","3":"status-publish","4":"has-post-thumbnail","6":"product_cat-kojie-san-cremes-lotions","7":"product_cat-kojie-san","9":"entry","10":"has-media","12":"first","13":"instock","14":"sale","15":"taxable","16":"shipping-taxable","17":"purchasable","18":"product-type-simple","19":"has-product-nav","20":"col","21":"span_1_of_3","22":"owp-content-center","23":"owp-thumbs-layout-horizontal","24":"owp-btn-normal","25":"owp-tabs-layout-horizontal","26":"has-no-thumbnails"},"yoast_head":"<!-- This site is optimized with the Yoast SEO plugin v27.4 - https:\/\/yoast.com\/product\/yoast-seo-wordpress\/ -->\n<title>Cr\u00e8me de nuit visage anti-\u00e2ge 30g - Kojie San<\/title>\n<meta name=\"description\" content=\"Envie d&#039;une peau \u00e9clatante et rajeunie au r\u00e9veil ? D\u00e9couvrez notre cr\u00e8me de nuit anti-\u00e2ge \u00e9claircissante \u00e0 l&#039;acide kojique, collag\u00e8ne et \u00e9lastine.\" \/>\n<meta name=\"robots\" content=\"index, follow, max-snippet:-1, max-image-preview:large, max-video-preview:-1\" \/>\n<link rel=\"canonical\" href=\"https:\/\/kojicskin-europe.com\/es\/crema-de-noche-antiedad-dream-white-30g\/\" \/>\n<meta property=\"og:locale\" content=\"es_ES\" \/>\n<meta property=\"og:type\" content=\"article\" \/>\n<meta property=\"og:title\" content=\"Cr\u00e8me de nuit visage anti-\u00e2ge 30g - Kojie San\" \/>\n<meta property=\"og:description\" content=\"Envie d&#039;une peau \u00e9clatante et rajeunie au r\u00e9veil ? D\u00e9couvrez notre cr\u00e8me de nuit anti-\u00e2ge \u00e9claircissante \u00e0 l&#039;acide kojique, collag\u00e8ne et \u00e9lastine.\" \/>\n<meta property=\"og:url\" content=\"https:\/\/kojicskin-europe.com\/es\/crema-de-noche-antiedad-dream-white-30g\/\" \/>\n<meta property=\"og:site_name\" content=\"Kojic Skin Europe\" \/>\n<meta property=\"article:modified_time\" content=\"2026-04-14T22:46:13+00:00\" \/>\n<meta property=\"og:image\" content=\"https:\/\/kojicskin-europe.com\/wp-content\/uploads\/2024\/09\/creme_nuit_dreamwhite_kojie-san-dates-courtes2.png\" \/>\n\t<meta property=\"og:image:width\" content=\"800\" \/>\n\t<meta property=\"og:image:height\" content=\"800\" \/>\n\t<meta property=\"og:image:type\" content=\"image\/png\" \/>\n<meta name=\"twitter:card\" content=\"summary_large_image\" \/>\n<meta name=\"twitter:label1\" content=\"Tiempo de lectura\" \/>\n\t<meta name=\"twitter:data1\" content=\"2 minutos\" \/>\n<script type=\"application\/ld+json\" class=\"yoast-schema-graph\">{\"@context\":\"https:\\\/\\\/schema.org\",\"@graph\":[{\"@type\":\"WebPage\",\"@id\":\"https:\\\/\\\/kojicskin-europe.com\\\/creme-de-nuit-visage-anti-age-dream-white-30g\\\/\",\"url\":\"https:\\\/\\\/kojicskin-europe.com\\\/creme-de-nuit-visage-anti-age-dream-white-30g\\\/\",\"name\":\"Cr\u00e8me de nuit visage anti-\u00e2ge 30g - Kojie San\",\"isPartOf\":{\"@id\":\"https:\\\/\\\/kojicskin-europe.com\\\/#website\"},\"primaryImageOfPage\":{\"@id\":\"https:\\\/\\\/kojicskin-europe.com\\\/creme-de-nuit-visage-anti-age-dream-white-30g\\\/#primaryimage\"},\"image\":{\"@id\":\"https:\\\/\\\/kojicskin-europe.com\\\/creme-de-nuit-visage-anti-age-dream-white-30g\\\/#primaryimage\"},\"thumbnailUrl\":\"https:\\\/\\\/kojicskin-europe.com\\\/wp-content\\\/uploads\\\/2024\\\/09\\\/creme_nuit_dreamwhite_kojie-san-dates-courtes2.png\",\"datePublished\":\"2024-09-14T15:27:07+00:00\",\"dateModified\":\"2026-04-14T22:46:13+00:00\",\"description\":\"Envie d'une peau \u00e9clatante et rajeunie au r\u00e9veil ? D\u00e9couvrez notre cr\u00e8me de nuit anti-\u00e2ge \u00e9claircissante \u00e0 l'acide kojique, collag\u00e8ne et \u00e9lastine.\",\"breadcrumb\":{\"@id\":\"https:\\\/\\\/kojicskin-europe.com\\\/creme-de-nuit-visage-anti-age-dream-white-30g\\\/#breadcrumb\"},\"inLanguage\":\"es\",\"potentialAction\":[{\"@type\":\"ReadAction\",\"target\":[\"https:\\\/\\\/kojicskin-europe.com\\\/creme-de-nuit-visage-anti-age-dream-white-30g\\\/\"]}]},{\"@type\":\"ImageObject\",\"inLanguage\":\"es\",\"@id\":\"https:\\\/\\\/kojicskin-europe.com\\\/creme-de-nuit-visage-anti-age-dream-white-30g\\\/#primaryimage\",\"url\":\"https:\\\/\\\/kojicskin-europe.com\\\/wp-content\\\/uploads\\\/2024\\\/09\\\/creme_nuit_dreamwhite_kojie-san-dates-courtes2.png\",\"contentUrl\":\"https:\\\/\\\/kojicskin-europe.com\\\/wp-content\\\/uploads\\\/2024\\\/09\\\/creme_nuit_dreamwhite_kojie-san-dates-courtes2.png\",\"width\":800,\"height\":800},{\"@type\":\"BreadcrumbList\",\"@id\":\"https:\\\/\\\/kojicskin-europe.com\\\/creme-de-nuit-visage-anti-age-dream-white-30g\\\/#breadcrumb\",\"itemListElement\":[{\"@type\":\"ListItem\",\"position\":1,\"name\":\"Accueil\",\"item\":\"https:\\\/\\\/kojicskin-europe.com\\\/\"},{\"@type\":\"ListItem\",\"position\":2,\"name\":\"Kojie San\",\"item\":\"https:\\\/\\\/kojicskin-europe.com\\\/kojie-san\\\/\"},{\"@type\":\"ListItem\",\"position\":3,\"name\":\"Cr\u00e8me de nuit visage anti-\u00e2ge 30g &#8211; Kojie San\"}]},{\"@type\":\"WebSite\",\"@id\":\"https:\\\/\\\/kojicskin-europe.com\\\/#website\",\"url\":\"https:\\\/\\\/kojicskin-europe.com\\\/\",\"name\":\"Kojic Skin Europe\",\"description\":\"\",\"publisher\":{\"@id\":\"https:\\\/\\\/kojicskin-europe.com\\\/#organization\"},\"potentialAction\":[{\"@type\":\"SearchAction\",\"target\":{\"@type\":\"EntryPoint\",\"urlTemplate\":\"https:\\\/\\\/kojicskin-europe.com\\\/?s={search_term_string}\"},\"query-input\":{\"@type\":\"PropertyValueSpecification\",\"valueRequired\":true,\"valueName\":\"search_term_string\"}}],\"inLanguage\":\"es\"},{\"@type\":\"Organization\",\"@id\":\"https:\\\/\\\/kojicskin-europe.com\\\/#organization\",\"name\":\"Kojic Skin Europe\",\"url\":\"https:\\\/\\\/kojicskin-europe.com\\\/\",\"logo\":{\"@type\":\"ImageObject\",\"inLanguage\":\"es\",\"@id\":\"https:\\\/\\\/kojicskin-europe.com\\\/#\\\/schema\\\/logo\\\/image\\\/\",\"url\":\"https:\\\/\\\/kojicskin-europe.com\\\/wp-content\\\/uploads\\\/2024\\\/11\\\/kojic-skin-europe-logo.png\",\"contentUrl\":\"https:\\\/\\\/kojicskin-europe.com\\\/wp-content\\\/uploads\\\/2024\\\/11\\\/kojic-skin-europe-logo.png\",\"width\":2078,\"height\":541,\"caption\":\"Kojic Skin Europe\"},\"image\":{\"@id\":\"https:\\\/\\\/kojicskin-europe.com\\\/#\\\/schema\\\/logo\\\/image\\\/\"}}]}<\/script>\n<!-- \/ Yoast SEO plugin. -->","yoast_head_json":{"title":"Crema de noche antiedad 30g - Kojie San","description":"\u00bfQuieres despertarte con una piel radiante y m\u00e1s joven? Descubra nuestra crema de noche antiedad iluminadora con \u00e1cido k\u00f3jico, col\u00e1geno y elastina.","robots":{"index":"index","follow":"follow","max-snippet":"max-snippet:-1","max-image-preview":"max-image-preview:large","max-video-preview":"max-video-preview:-1"},"canonical":"https:\/\/kojicskin-europe.com\/es\/crema-de-noche-antiedad-dream-white-30g\/","og_locale":"es_ES","og_type":"article","og_title":"Cr\u00e8me de nuit visage anti-\u00e2ge 30g - Kojie San","og_description":"Envie d'une peau \u00e9clatante et rajeunie au r\u00e9veil ? D\u00e9couvrez notre cr\u00e8me de nuit anti-\u00e2ge \u00e9claircissante \u00e0 l'acide kojique, collag\u00e8ne et \u00e9lastine.","og_url":"https:\/\/kojicskin-europe.com\/es\/crema-de-noche-antiedad-dream-white-30g\/","og_site_name":"Kojic Skin Europe","article_modified_time":"2026-04-14T22:46:13+00:00","og_image":[{"width":800,"height":800,"url":"https:\/\/kojicskin-europe.com\/wp-content\/uploads\/2024\/09\/creme_nuit_dreamwhite_kojie-san-dates-courtes2.png","type":"image\/png"}],"twitter_card":"summary_large_image","twitter_misc":{"Tiempo de lectura":"2 minutos"},"schema":{"@context":"https:\/\/schema.org","@graph":[{"@type":"WebPage","@id":"https:\/\/kojicskin-europe.com\/creme-de-nuit-visage-anti-age-dream-white-30g\/","url":"https:\/\/kojicskin-europe.com\/creme-de-nuit-visage-anti-age-dream-white-30g\/","name":"Crema de noche antiedad 30g - Kojie San","isPartOf":{"@id":"https:\/\/kojicskin-europe.com\/#website"},"primaryImageOfPage":{"@id":"https:\/\/kojicskin-europe.com\/creme-de-nuit-visage-anti-age-dream-white-30g\/#primaryimage"},"image":{"@id":"https:\/\/kojicskin-europe.com\/creme-de-nuit-visage-anti-age-dream-white-30g\/#primaryimage"},"thumbnailUrl":"https:\/\/kojicskin-europe.com\/wp-content\/uploads\/2024\/09\/creme_nuit_dreamwhite_kojie-san-dates-courtes2.png","datePublished":"2024-09-14T15:27:07+00:00","dateModified":"2026-04-14T22:46:13+00:00","description":"\u00bfQuieres despertarte con una piel radiante y m\u00e1s joven? Descubra nuestra crema de noche antiedad iluminadora con \u00e1cido k\u00f3jico, col\u00e1geno y elastina.","breadcrumb":{"@id":"https:\/\/kojicskin-europe.com\/creme-de-nuit-visage-anti-age-dream-white-30g\/#breadcrumb"},"inLanguage":"es","potentialAction":[{"@type":"ReadAction","target":["https:\/\/kojicskin-europe.com\/creme-de-nuit-visage-anti-age-dream-white-30g\/"]}]},{"@type":"ImageObject","inLanguage":"es","@id":"https:\/\/kojicskin-europe.com\/creme-de-nuit-visage-anti-age-dream-white-30g\/#primaryimage","url":"https:\/\/kojicskin-europe.com\/wp-content\/uploads\/2024\/09\/creme_nuit_dreamwhite_kojie-san-dates-courtes2.png","contentUrl":"https:\/\/kojicskin-europe.com\/wp-content\/uploads\/2024\/09\/creme_nuit_dreamwhite_kojie-san-dates-courtes2.png","width":800,"height":800},{"@type":"BreadcrumbList","@id":"https:\/\/kojicskin-europe.com\/creme-de-nuit-visage-anti-age-dream-white-30g\/#breadcrumb","itemListElement":[{"@type":"ListItem","position":1,"name":"Accueil","item":"https:\/\/kojicskin-europe.com\/"},{"@type":"ListItem","position":2,"name":"Kojie San","item":"https:\/\/kojicskin-europe.com\/kojie-san\/"},{"@type":"ListItem","position":3,"name":"Cr\u00e8me de nuit visage anti-\u00e2ge 30g &#8211; Kojie San"}]},{"@type":"WebSite","@id":"https:\/\/kojicskin-europe.com\/#website","url":"https:\/\/kojicskin-europe.com\/","name":"Piel K\u00f3jica Europa","description":"","publisher":{"@id":"https:\/\/kojicskin-europe.com\/#organization"},"potentialAction":[{"@type":"SearchAction","target":{"@type":"EntryPoint","urlTemplate":"https:\/\/kojicskin-europe.com\/?s={search_term_string}"},"query-input":{"@type":"PropertyValueSpecification","valueRequired":true,"valueName":"search_term_string"}}],"inLanguage":"es"},{"@type":"Organization","@id":"https:\/\/kojicskin-europe.com\/#organization","name":"Piel K\u00f3jica Europa","url":"https:\/\/kojicskin-europe.com\/","logo":{"@type":"ImageObject","inLanguage":"es","@id":"https:\/\/kojicskin-europe.com\/#\/schema\/logo\/image\/","url":"https:\/\/kojicskin-europe.com\/wp-content\/uploads\/2024\/11\/kojic-skin-europe-logo.png","contentUrl":"https:\/\/kojicskin-europe.com\/wp-content\/uploads\/2024\/11\/kojic-skin-europe-logo.png","width":2078,"height":541,"caption":"Kojic Skin Europe"},"image":{"@id":"https:\/\/kojicskin-europe.com\/#\/schema\/logo\/image\/"}}]}},"_links":{"self":[{"href":"https:\/\/kojicskin-europe.com\/es\/wp-json\/wp\/v2\/product\/149","targetHints":{"allow":["GET"]}}],"collection":[{"href":"https:\/\/kojicskin-europe.com\/es\/wp-json\/wp\/v2\/product"}],"about":[{"href":"https:\/\/kojicskin-europe.com\/es\/wp-json\/wp\/v2\/types\/product"}],"version-history":[{"count":0,"href":"https:\/\/kojicskin-europe.com\/es\/wp-json\/wp\/v2\/product\/149\/revisions"}],"wp:featuredmedia":[{"embeddable":true,"href":"https:\/\/kojicskin-europe.com\/es\/wp-json\/wp\/v2\/media\/33232"}],"wp:attachment":[{"href":"https:\/\/kojicskin-europe.com\/es\/wp-json\/wp\/v2\/media?parent=149"}],"wp:term":[{"taxonomy":"product_brand","embeddable":true,"href":"https:\/\/kojicskin-europe.com\/es\/wp-json\/wp\/v2\/product_brand?post=149"},{"taxonomy":"product_cat","embeddable":true,"href":"https:\/\/kojicskin-europe.com\/es\/wp-json\/wp\/v2\/product_cat?post=149"},{"taxonomy":"product_tag","embeddable":true,"href":"https:\/\/kojicskin-europe.com\/es\/wp-json\/wp\/v2\/product_tag?post=149"}],"curies":[{"name":"wp","href":"https:\/\/api.w.org\/{rel}","templated":true}]}}