{"id":914,"date":"2025-02-25T18:44:31","date_gmt":"2025-02-25T18:44:31","guid":{"rendered":"https:\/\/kojicskineurope.live-website.com\/?post_type=product&#038;p=914"},"modified":"2026-04-10T20:11:27","modified_gmt":"2026-04-10T18:11:27","slug":"kojie-san-anti-blemish-cream-30g","status":"publish","type":"product","link":"https:\/\/kojicskin-europe.com\/en\/creme-anti-imperfections-kojie-san-30g\/","title":{"rendered":"Dream White 30g Blemish Control Face Cream - Kojie San"},"content":{"rendered":"<p><strong>Discover Kojie San Dream White anti-blemish cream<\/strong>a flagship product from the renowned Asian brand <strong>Kojie San<\/strong>now available in Europe thanks to <strong>Kojic Skin Europe<\/strong>the official seller. This regenerating cream is specially formulated to help reduce dark spots on the face and other skin imperfections, offering an effective solution for clearer, brighter skin.<\/p>\n<p><strong>Innovative formula:<\/strong><\/p>\n<ul>\n<li><strong>Powerful active ingredients<\/strong> Kojie San Dream White cream contains kojic acid and keratopeel, active ingredients that whiten, exfoliate and moisturise. These ingredients work in synergy to gently remove dead skin cells and reveal younger-looking skin.<\/li>\n<li><strong>Whitening effect<\/strong> Kojic acid is renowned for its excellent whitening effect, helping to reduce dark spots and even out skin tone.<\/li>\n<li><strong>Gentle exfoliation<\/strong> Keratopeel: Keratopeel exfoliates the top layer of skin cells, improving skin texture and appearance.<\/li>\n<\/ul>\n<p><strong>Advantages of Kojie San Dream White cream:<\/strong><\/p>\n<ul>\n<li><strong>Reducing imperfections<\/strong> Targets and effectively reduces dark spots, acne scars and other skin imperfections.<\/li>\n<li><strong>Hydration and regeneration<\/strong> Enriched with keratopeel, the cream deeply moisturises the skin while encouraging regeneration.<\/li>\n<li><strong>Brighter, more even skin tone<\/strong> : Used regularly, this cream reveals clearer, brighter, younger-looking skin.<\/li>\n<\/ul>\n<p><strong>Why choose Kojie San Dream White?<\/strong><\/p>\n<ul>\n<li><strong>Official seller<\/strong> Kojic Skin Europe is the exclusive distributor of the Kojie San brand in Europe, guaranteeing authentic, high-quality products.<\/li>\n<li><strong>Renowned Asian brand<\/strong> Kojie San is a trusted brand, renowned for its effective and innovative skincare products.<\/li>\n<\/ul>\n<p><strong>Instructions for use : <\/strong>Apply Kojie San Dream White cream to clean, dry skin, concentrating on areas with imperfections. Use daily for optimum results.<\/p>\n<p>&nbsp;<\/p>","protected":false},"excerpt":{"rendered":"<ul>\n<li><strong><u>PREPARED &amp; DISPATCHED WITHIN 5 DAYS<\/u><\/strong><\/li>\n<li><strong>Date d&rsquo;expiration : 6 mai 2026<\/strong><\/li>\n<li>Genuine 100 % product from Kojie San<\/li>\n<li>Products based on kojic acid<\/li>\n<li>Reduces dark spots and other skin imperfections.<\/li>\n<li>Sold by Kojic Skin Europe, the exclusive distributor of the Asian brand Kojie San in Europe.<\/li>\n<li><strong>Format<\/strong> : 30g<\/li>\n<\/ul>","protected":false},"featured_media":33234,"template":"","meta":{"ocean_post_layout":"","ocean_both_sidebars_style":"","ocean_both_sidebars_content_width":0,"ocean_both_sidebars_sidebars_width":0,"ocean_sidebar":"0","ocean_second_sidebar":"0","ocean_disable_margins":"enable","ocean_add_body_class":"","ocean_shortcode_before_top_bar":"","ocean_shortcode_after_top_bar":"","ocean_shortcode_before_header":"","ocean_shortcode_after_header":"","ocean_has_shortcode":"","ocean_shortcode_after_title":"","ocean_shortcode_before_footer_widgets":"","ocean_shortcode_after_footer_widgets":"","ocean_shortcode_before_footer_bottom":"","ocean_shortcode_after_footer_bottom":"","ocean_display_top_bar":"default","ocean_display_header":"default","ocean_header_style":"","ocean_center_header_left_menu":"0","ocean_custom_header_template":"0","ocean_custom_logo":0,"ocean_custom_retina_logo":0,"ocean_custom_logo_max_width":0,"ocean_custom_logo_tablet_max_width":0,"ocean_custom_logo_mobile_max_width":0,"ocean_custom_logo_max_height":0,"ocean_custom_logo_tablet_max_height":0,"ocean_custom_logo_mobile_max_height":0,"ocean_header_custom_menu":"0","ocean_menu_typo_font_family":"0","ocean_menu_typo_font_subset":"","ocean_menu_typo_font_size":0,"ocean_menu_typo_font_size_tablet":0,"ocean_menu_typo_font_size_mobile":0,"ocean_menu_typo_font_size_unit":"px","ocean_menu_typo_font_weight":"","ocean_menu_typo_font_weight_tablet":"","ocean_menu_typo_font_weight_mobile":"","ocean_menu_typo_transform":"","ocean_menu_typo_transform_tablet":"","ocean_menu_typo_transform_mobile":"","ocean_menu_typo_line_height":0,"ocean_menu_typo_line_height_tablet":0,"ocean_menu_typo_line_height_mobile":0,"ocean_menu_typo_line_height_unit":"","ocean_menu_typo_spacing":0,"ocean_menu_typo_spacing_tablet":0,"ocean_menu_typo_spacing_mobile":0,"ocean_menu_typo_spacing_unit":"","ocean_menu_link_color":"","ocean_menu_link_color_hover":"","ocean_menu_link_color_active":"","ocean_menu_link_background":"","ocean_menu_link_hover_background":"","ocean_menu_link_active_background":"","ocean_menu_social_links_bg":"","ocean_menu_social_hover_links_bg":"","ocean_menu_social_links_color":"","ocean_menu_social_hover_links_color":"","ocean_disable_title":"default","ocean_disable_heading":"default","ocean_post_title":"","ocean_post_subheading":"","ocean_post_title_style":"","ocean_post_title_background_color":"","ocean_post_title_background":0,"ocean_post_title_bg_image_position":"","ocean_post_title_bg_image_attachment":"","ocean_post_title_bg_image_repeat":"","ocean_post_title_bg_image_size":"","ocean_post_title_height":0,"ocean_post_title_bg_overlay":0.5,"ocean_post_title_bg_overlay_color":"","ocean_disable_breadcrumbs":"default","ocean_breadcrumbs_color":"","ocean_breadcrumbs_separator_color":"","ocean_breadcrumbs_links_color":"","ocean_breadcrumbs_links_hover_color":"","ocean_display_footer_widgets":"default","ocean_display_footer_bottom":"default","ocean_custom_footer_template":"0"},"product_brand":[],"product_cat":[18,23],"product_tag":[],"class_list":{"0":"post-914","1":"product","2":"type-product","3":"status-publish","4":"has-post-thumbnail","6":"product_cat-kojie-san-cremes-lotions","7":"product_cat-kojie-san","9":"entry","10":"has-media","12":"first","13":"instock","14":"sale","15":"taxable","16":"shipping-taxable","17":"purchasable","18":"product-type-simple","19":"has-product-nav","20":"col","21":"span_1_of_3","22":"owp-content-center","23":"owp-thumbs-layout-horizontal","24":"owp-btn-normal","25":"owp-tabs-layout-horizontal","26":"has-no-thumbnails"},"yoast_head":"<!-- This site is optimized with the Yoast SEO plugin v27.3 - https:\/\/yoast.com\/product\/yoast-seo-wordpress\/ -->\n<title>Cr\u00e8me visage &quot;anti imperfections&quot; Dream White 30g - Kojie San<\/title>\n<meta name=\"description\" content=\"Votre peau a-t-elle besoin de r\u00e9g\u00e9n\u00e9ration et d&#039;hydratation ? Commandez et testez notre cr\u00e8me Kojie San Dream White sur notre site web.\" \/>\n<meta name=\"robots\" content=\"index, follow, max-snippet:-1, max-image-preview:large, max-video-preview:-1\" \/>\n<link rel=\"canonical\" href=\"https:\/\/kojicskin-europe.com\/en\/kojie-san-anti-blemish-cream-30g\/\" \/>\n<meta property=\"og:locale\" content=\"en_GB\" \/>\n<meta property=\"og:type\" content=\"article\" \/>\n<meta property=\"og:title\" content=\"Cr\u00e8me visage &quot;anti imperfections&quot; Dream White 30g - Kojie San\" \/>\n<meta property=\"og:description\" content=\"Votre peau a-t-elle besoin de r\u00e9g\u00e9n\u00e9ration et d&#039;hydratation ? Commandez et testez notre cr\u00e8me Kojie San Dream White sur notre site web.\" \/>\n<meta property=\"og:url\" content=\"https:\/\/kojicskin-europe.com\/en\/kojie-san-anti-blemish-cream-30g\/\" \/>\n<meta property=\"og:site_name\" content=\"Kojic Skin Europe\" \/>\n<meta property=\"article:modified_time\" content=\"2026-04-10T18:11:27+00:00\" \/>\n<meta property=\"og:image\" content=\"https:\/\/kojicskin-europe.com\/wp-content\/uploads\/2025\/02\/creme_correctrice_dreamwhite_kojie-san-dates-courtes2.png\" \/>\n\t<meta property=\"og:image:width\" content=\"800\" \/>\n\t<meta property=\"og:image:height\" content=\"800\" \/>\n\t<meta property=\"og:image:type\" content=\"image\/png\" \/>\n<meta name=\"twitter:card\" content=\"summary_large_image\" \/>\n<meta name=\"twitter:label1\" content=\"Estimated reading time\" \/>\n\t<meta name=\"twitter:data1\" content=\"2 minutes\" \/>\n<script type=\"application\/ld+json\" class=\"yoast-schema-graph\">{\"@context\":\"https:\\\/\\\/schema.org\",\"@graph\":[{\"@type\":\"WebPage\",\"@id\":\"https:\\\/\\\/kojicskin-europe.com\\\/creme-anti-imperfections-kojie-san-30g\\\/\",\"url\":\"https:\\\/\\\/kojicskin-europe.com\\\/creme-anti-imperfections-kojie-san-30g\\\/\",\"name\":\"Cr\u00e8me visage \\\"anti imperfections\\\" Dream White 30g - Kojie San\",\"isPartOf\":{\"@id\":\"https:\\\/\\\/kojicskin-europe.com\\\/#website\"},\"primaryImageOfPage\":{\"@id\":\"https:\\\/\\\/kojicskin-europe.com\\\/creme-anti-imperfections-kojie-san-30g\\\/#primaryimage\"},\"image\":{\"@id\":\"https:\\\/\\\/kojicskin-europe.com\\\/creme-anti-imperfections-kojie-san-30g\\\/#primaryimage\"},\"thumbnailUrl\":\"https:\\\/\\\/kojicskin-europe.com\\\/wp-content\\\/uploads\\\/2025\\\/02\\\/creme_correctrice_dreamwhite_kojie-san-dates-courtes2.png\",\"datePublished\":\"2025-02-25T18:44:31+00:00\",\"dateModified\":\"2026-04-10T18:11:27+00:00\",\"description\":\"Votre peau a-t-elle besoin de r\u00e9g\u00e9n\u00e9ration et d'hydratation ? Commandez et testez notre cr\u00e8me Kojie San Dream White sur notre site web.\",\"breadcrumb\":{\"@id\":\"https:\\\/\\\/kojicskin-europe.com\\\/creme-anti-imperfections-kojie-san-30g\\\/#breadcrumb\"},\"inLanguage\":\"en-GB\",\"potentialAction\":[{\"@type\":\"ReadAction\",\"target\":[\"https:\\\/\\\/kojicskin-europe.com\\\/creme-anti-imperfections-kojie-san-30g\\\/\"]}]},{\"@type\":\"ImageObject\",\"inLanguage\":\"en-GB\",\"@id\":\"https:\\\/\\\/kojicskin-europe.com\\\/creme-anti-imperfections-kojie-san-30g\\\/#primaryimage\",\"url\":\"https:\\\/\\\/kojicskin-europe.com\\\/wp-content\\\/uploads\\\/2025\\\/02\\\/creme_correctrice_dreamwhite_kojie-san-dates-courtes2.png\",\"contentUrl\":\"https:\\\/\\\/kojicskin-europe.com\\\/wp-content\\\/uploads\\\/2025\\\/02\\\/creme_correctrice_dreamwhite_kojie-san-dates-courtes2.png\",\"width\":800,\"height\":800},{\"@type\":\"BreadcrumbList\",\"@id\":\"https:\\\/\\\/kojicskin-europe.com\\\/creme-anti-imperfections-kojie-san-30g\\\/#breadcrumb\",\"itemListElement\":[{\"@type\":\"ListItem\",\"position\":1,\"name\":\"Accueil\",\"item\":\"https:\\\/\\\/kojicskin-europe.com\\\/\"},{\"@type\":\"ListItem\",\"position\":2,\"name\":\"Kojie San\",\"item\":\"https:\\\/\\\/kojicskin-europe.com\\\/kojie-san\\\/\"},{\"@type\":\"ListItem\",\"position\":3,\"name\":\"Cr\u00e8me visage \u00ab\u00a0anti imperfections\u00a0\u00bb Dream White 30g &#8211; Kojie San\"}]},{\"@type\":\"WebSite\",\"@id\":\"https:\\\/\\\/kojicskin-europe.com\\\/#website\",\"url\":\"https:\\\/\\\/kojicskin-europe.com\\\/\",\"name\":\"Kojic Skin Europe\",\"description\":\"\",\"publisher\":{\"@id\":\"https:\\\/\\\/kojicskin-europe.com\\\/#organization\"},\"potentialAction\":[{\"@type\":\"SearchAction\",\"target\":{\"@type\":\"EntryPoint\",\"urlTemplate\":\"https:\\\/\\\/kojicskin-europe.com\\\/?s={search_term_string}\"},\"query-input\":{\"@type\":\"PropertyValueSpecification\",\"valueRequired\":true,\"valueName\":\"search_term_string\"}}],\"inLanguage\":\"en-GB\"},{\"@type\":\"Organization\",\"@id\":\"https:\\\/\\\/kojicskin-europe.com\\\/#organization\",\"name\":\"Kojic Skin Europe\",\"url\":\"https:\\\/\\\/kojicskin-europe.com\\\/\",\"logo\":{\"@type\":\"ImageObject\",\"inLanguage\":\"en-GB\",\"@id\":\"https:\\\/\\\/kojicskin-europe.com\\\/#\\\/schema\\\/logo\\\/image\\\/\",\"url\":\"https:\\\/\\\/kojicskin-europe.com\\\/wp-content\\\/uploads\\\/2024\\\/11\\\/kojic-skin-europe-logo.png\",\"contentUrl\":\"https:\\\/\\\/kojicskin-europe.com\\\/wp-content\\\/uploads\\\/2024\\\/11\\\/kojic-skin-europe-logo.png\",\"width\":2078,\"height\":541,\"caption\":\"Kojic Skin Europe\"},\"image\":{\"@id\":\"https:\\\/\\\/kojicskin-europe.com\\\/#\\\/schema\\\/logo\\\/image\\\/\"}}]}<\/script>\n<!-- \/ Yoast SEO plugin. -->","yoast_head_json":{"title":"Dream White Blemish Control Face Cream 30g - Kojie San","description":"Does your skin need regeneration and hydration? Order and test our Kojie San Dream White cream on our website.","robots":{"index":"index","follow":"follow","max-snippet":"max-snippet:-1","max-image-preview":"max-image-preview:large","max-video-preview":"max-video-preview:-1"},"canonical":"https:\/\/kojicskin-europe.com\/en\/kojie-san-anti-blemish-cream-30g\/","og_locale":"en_GB","og_type":"article","og_title":"Cr\u00e8me visage \"anti imperfections\" Dream White 30g - Kojie San","og_description":"Votre peau a-t-elle besoin de r\u00e9g\u00e9n\u00e9ration et d'hydratation ? Commandez et testez notre cr\u00e8me Kojie San Dream White sur notre site web.","og_url":"https:\/\/kojicskin-europe.com\/en\/kojie-san-anti-blemish-cream-30g\/","og_site_name":"Kojic Skin Europe","article_modified_time":"2026-04-10T18:11:27+00:00","og_image":[{"width":800,"height":800,"url":"https:\/\/kojicskin-europe.com\/wp-content\/uploads\/2025\/02\/creme_correctrice_dreamwhite_kojie-san-dates-courtes2.png","type":"image\/png"}],"twitter_card":"summary_large_image","twitter_misc":{"Estimated reading time":"2 minutes"},"schema":{"@context":"https:\/\/schema.org","@graph":[{"@type":"WebPage","@id":"https:\/\/kojicskin-europe.com\/creme-anti-imperfections-kojie-san-30g\/","url":"https:\/\/kojicskin-europe.com\/creme-anti-imperfections-kojie-san-30g\/","name":"Dream White Blemish Control Face Cream 30g - Kojie San","isPartOf":{"@id":"https:\/\/kojicskin-europe.com\/#website"},"primaryImageOfPage":{"@id":"https:\/\/kojicskin-europe.com\/creme-anti-imperfections-kojie-san-30g\/#primaryimage"},"image":{"@id":"https:\/\/kojicskin-europe.com\/creme-anti-imperfections-kojie-san-30g\/#primaryimage"},"thumbnailUrl":"https:\/\/kojicskin-europe.com\/wp-content\/uploads\/2025\/02\/creme_correctrice_dreamwhite_kojie-san-dates-courtes2.png","datePublished":"2025-02-25T18:44:31+00:00","dateModified":"2026-04-10T18:11:27+00:00","description":"Does your skin need regeneration and hydration? Order and test our Kojie San Dream White cream on our website.","breadcrumb":{"@id":"https:\/\/kojicskin-europe.com\/creme-anti-imperfections-kojie-san-30g\/#breadcrumb"},"inLanguage":"en-GB","potentialAction":[{"@type":"ReadAction","target":["https:\/\/kojicskin-europe.com\/creme-anti-imperfections-kojie-san-30g\/"]}]},{"@type":"ImageObject","inLanguage":"en-GB","@id":"https:\/\/kojicskin-europe.com\/creme-anti-imperfections-kojie-san-30g\/#primaryimage","url":"https:\/\/kojicskin-europe.com\/wp-content\/uploads\/2025\/02\/creme_correctrice_dreamwhite_kojie-san-dates-courtes2.png","contentUrl":"https:\/\/kojicskin-europe.com\/wp-content\/uploads\/2025\/02\/creme_correctrice_dreamwhite_kojie-san-dates-courtes2.png","width":800,"height":800},{"@type":"BreadcrumbList","@id":"https:\/\/kojicskin-europe.com\/creme-anti-imperfections-kojie-san-30g\/#breadcrumb","itemListElement":[{"@type":"ListItem","position":1,"name":"Accueil","item":"https:\/\/kojicskin-europe.com\/"},{"@type":"ListItem","position":2,"name":"Kojie San","item":"https:\/\/kojicskin-europe.com\/kojie-san\/"},{"@type":"ListItem","position":3,"name":"Cr\u00e8me visage \u00ab\u00a0anti imperfections\u00a0\u00bb Dream White 30g &#8211; Kojie San"}]},{"@type":"WebSite","@id":"https:\/\/kojicskin-europe.com\/#website","url":"https:\/\/kojicskin-europe.com\/","name":"Kojic Skin Europe","description":"","publisher":{"@id":"https:\/\/kojicskin-europe.com\/#organization"},"potentialAction":[{"@type":"SearchAction","target":{"@type":"EntryPoint","urlTemplate":"https:\/\/kojicskin-europe.com\/?s={search_term_string}"},"query-input":{"@type":"PropertyValueSpecification","valueRequired":true,"valueName":"search_term_string"}}],"inLanguage":"en-GB"},{"@type":"Organization","@id":"https:\/\/kojicskin-europe.com\/#organization","name":"Kojic Skin Europe","url":"https:\/\/kojicskin-europe.com\/","logo":{"@type":"ImageObject","inLanguage":"en-GB","@id":"https:\/\/kojicskin-europe.com\/#\/schema\/logo\/image\/","url":"https:\/\/kojicskin-europe.com\/wp-content\/uploads\/2024\/11\/kojic-skin-europe-logo.png","contentUrl":"https:\/\/kojicskin-europe.com\/wp-content\/uploads\/2024\/11\/kojic-skin-europe-logo.png","width":2078,"height":541,"caption":"Kojic Skin Europe"},"image":{"@id":"https:\/\/kojicskin-europe.com\/#\/schema\/logo\/image\/"}}]}},"_links":{"self":[{"href":"https:\/\/kojicskin-europe.com\/en\/wp-json\/wp\/v2\/product\/914","targetHints":{"allow":["GET"]}}],"collection":[{"href":"https:\/\/kojicskin-europe.com\/en\/wp-json\/wp\/v2\/product"}],"about":[{"href":"https:\/\/kojicskin-europe.com\/en\/wp-json\/wp\/v2\/types\/product"}],"version-history":[{"count":0,"href":"https:\/\/kojicskin-europe.com\/en\/wp-json\/wp\/v2\/product\/914\/revisions"}],"wp:featuredmedia":[{"embeddable":true,"href":"https:\/\/kojicskin-europe.com\/en\/wp-json\/wp\/v2\/media\/33234"}],"wp:attachment":[{"href":"https:\/\/kojicskin-europe.com\/en\/wp-json\/wp\/v2\/media?parent=914"}],"wp:term":[{"taxonomy":"product_brand","embeddable":true,"href":"https:\/\/kojicskin-europe.com\/en\/wp-json\/wp\/v2\/product_brand?post=914"},{"taxonomy":"product_cat","embeddable":true,"href":"https:\/\/kojicskin-europe.com\/en\/wp-json\/wp\/v2\/product_cat?post=914"},{"taxonomy":"product_tag","embeddable":true,"href":"https:\/\/kojicskin-europe.com\/en\/wp-json\/wp\/v2\/product_tag?post=914"}],"curies":[{"name":"wp","href":"https:\/\/api.w.org\/{rel}","templated":true}]}}