{"id":739,"date":"2024-12-28T13:36:44","date_gmt":"2024-12-28T13:36:44","guid":{"rendered":"http:\/\/kojic-skin-europe.local\/?post_type=product&#038;p=739"},"modified":"2026-04-10T18:37:25","modified_gmt":"2026-04-10T16:37:25","slug":"silka-papaya-face-lightening-cream-8g","status":"publish","type":"product","link":"https:\/\/kojicskin-europe.com\/en\/silka-creme-eclaircissante-visage-a-la-papaye-8g\/","title":{"rendered":"Papaya Face Cream 8g - Silka"},"content":{"rendered":"<p>This cream gently conceals <strong>dark spots<\/strong> and <strong>imperfections<\/strong>offering a <strong>uniform complexion<\/strong>, <strong>mat<\/strong> and <strong>pearly white<\/strong>. Enriched with <strong>papaya enzymes<\/strong> and in <strong>vitamin B3<\/strong>it helps to <strong>eliminate unwanted imperfections<\/strong> and <strong>Brighten skin from the inside out<\/strong>.<\/p>\n<p>The <strong>papaya enzymes<\/strong> gently exfoliate, eliminating <strong>dead cells<\/strong> and promoting <strong>healthy cell renewal<\/strong>while the <strong>vitamin B3<\/strong>or <strong>niacinamide<\/strong>reduces the appearance of <strong>dark spots<\/strong> and improves<strong>natural radiance<\/strong> of the skin. The <strong>vitamin E<\/strong>for its part, maintains the <strong>optimal hydration levels<\/strong>ensuring that your skin stays <strong>soft and supple<\/strong> throughout the day.<\/p>\n<p>It also protects the skin from <strong>external aggressions<\/strong>such as <strong>pollution<\/strong>forming a <strong>protective barrier<\/strong>. Used regularly, this cream transforms your complexion, making it more radiant. <strong>clear<\/strong>, <strong>uniform<\/strong> and <strong>glowing with health<\/strong><\/p>","protected":false},"excerpt":{"rendered":"<ul>\n<li><strong>Prepared and dispatched within 5 days<\/strong><\/li>\n<li>Conceals brown spots and imperfections for an even, matt, pearly-white complexion.<\/li>\n<li>Enriched with papaya enzymes and vitamin B3, to brighten skin and reduce dark spots.<\/li>\n<li>Gently exfoliates and promotes cell renewal.<\/li>\n<li>Maintains optimum hydration with vitamin E.<\/li>\n<li>Regular use for clearer, more even-toned, healthy-looking skin.<\/li>\n<li><strong>Format<\/strong> : 8 grams<\/li>\n<\/ul>","protected":false},"featured_media":740,"template":"","meta":{"ocean_post_layout":"","ocean_both_sidebars_style":"","ocean_both_sidebars_content_width":0,"ocean_both_sidebars_sidebars_width":0,"ocean_sidebar":"0","ocean_second_sidebar":"0","ocean_disable_margins":"enable","ocean_add_body_class":"","ocean_shortcode_before_top_bar":"","ocean_shortcode_after_top_bar":"","ocean_shortcode_before_header":"","ocean_shortcode_after_header":"","ocean_has_shortcode":"","ocean_shortcode_after_title":"","ocean_shortcode_before_footer_widgets":"","ocean_shortcode_after_footer_widgets":"","ocean_shortcode_before_footer_bottom":"","ocean_shortcode_after_footer_bottom":"","ocean_display_top_bar":"default","ocean_display_header":"default","ocean_header_style":"","ocean_center_header_left_menu":"0","ocean_custom_header_template":"0","ocean_custom_logo":0,"ocean_custom_retina_logo":0,"ocean_custom_logo_max_width":0,"ocean_custom_logo_tablet_max_width":0,"ocean_custom_logo_mobile_max_width":0,"ocean_custom_logo_max_height":0,"ocean_custom_logo_tablet_max_height":0,"ocean_custom_logo_mobile_max_height":0,"ocean_header_custom_menu":"0","ocean_menu_typo_font_family":"0","ocean_menu_typo_font_subset":"","ocean_menu_typo_font_size":0,"ocean_menu_typo_font_size_tablet":0,"ocean_menu_typo_font_size_mobile":0,"ocean_menu_typo_font_size_unit":"px","ocean_menu_typo_font_weight":"","ocean_menu_typo_font_weight_tablet":"","ocean_menu_typo_font_weight_mobile":"","ocean_menu_typo_transform":"","ocean_menu_typo_transform_tablet":"","ocean_menu_typo_transform_mobile":"","ocean_menu_typo_line_height":0,"ocean_menu_typo_line_height_tablet":0,"ocean_menu_typo_line_height_mobile":0,"ocean_menu_typo_line_height_unit":"","ocean_menu_typo_spacing":0,"ocean_menu_typo_spacing_tablet":0,"ocean_menu_typo_spacing_mobile":0,"ocean_menu_typo_spacing_unit":"","ocean_menu_link_color":"","ocean_menu_link_color_hover":"","ocean_menu_link_color_active":"","ocean_menu_link_background":"","ocean_menu_link_hover_background":"","ocean_menu_link_active_background":"","ocean_menu_social_links_bg":"","ocean_menu_social_hover_links_bg":"","ocean_menu_social_links_color":"","ocean_menu_social_hover_links_color":"","ocean_disable_title":"default","ocean_disable_heading":"default","ocean_post_title":"","ocean_post_subheading":"","ocean_post_title_style":"","ocean_post_title_background_color":"","ocean_post_title_background":0,"ocean_post_title_bg_image_position":"","ocean_post_title_bg_image_attachment":"","ocean_post_title_bg_image_repeat":"","ocean_post_title_bg_image_size":"","ocean_post_title_height":0,"ocean_post_title_bg_overlay":0.5,"ocean_post_title_bg_overlay_color":"","ocean_disable_breadcrumbs":"default","ocean_breadcrumbs_color":"","ocean_breadcrumbs_separator_color":"","ocean_breadcrumbs_links_color":"","ocean_breadcrumbs_links_hover_color":"","ocean_display_footer_widgets":"default","ocean_display_footer_bottom":"default","ocean_custom_footer_template":"0"},"product_brand":[],"product_cat":[30,28],"product_tag":[],"class_list":{"0":"post-739","1":"product","2":"type-product","3":"status-publish","4":"has-post-thumbnail","6":"product_cat-silka-cremes-deodorants","7":"product_cat-silka","9":"entry","10":"has-media","12":"first","13":"instock","14":"taxable","15":"shipping-taxable","16":"purchasable","17":"product-type-simple","18":"has-product-nav","19":"col","20":"span_1_of_3","21":"owp-content-center","22":"owp-thumbs-layout-horizontal","23":"owp-btn-normal","24":"owp-tabs-layout-horizontal"},"yoast_head":"<!-- This site is optimized with the Yoast SEO plugin v27.3 - https:\/\/yoast.com\/product\/yoast-seo-wordpress\/ -->\n<title>Cr\u00e8me pour visage \u00e0 la papaye 8g - Silka<\/title>\n<meta name=\"description\" content=\"Envie d&#039;une peau douce et prot\u00e9g\u00e9e ? Testez notre cr\u00e8me qui dissimule les taches brunes ! Achetez-la d\u00e8s maintenant sur Kojic Skin - Europe !\" \/>\n<meta name=\"robots\" content=\"index, follow, max-snippet:-1, max-image-preview:large, max-video-preview:-1\" \/>\n<link rel=\"canonical\" href=\"https:\/\/kojicskin-europe.com\/en\/silka-papaya-face-lightening-cream-8g\/\" \/>\n<meta property=\"og:locale\" content=\"en_GB\" \/>\n<meta property=\"og:type\" content=\"article\" \/>\n<meta property=\"og:title\" content=\"Cr\u00e8me pour visage \u00e0 la papaye 8g - Silka\" \/>\n<meta property=\"og:description\" content=\"Envie d&#039;une peau douce et prot\u00e9g\u00e9e ? Testez notre cr\u00e8me qui dissimule les taches brunes ! Achetez-la d\u00e8s maintenant sur Kojic Skin - Europe !\" \/>\n<meta property=\"og:url\" content=\"https:\/\/kojicskin-europe.com\/en\/silka-papaya-face-lightening-cream-8g\/\" \/>\n<meta property=\"og:site_name\" content=\"Kojic Skin Europe\" \/>\n<meta property=\"article:modified_time\" content=\"2026-04-10T16:37:25+00:00\" \/>\n<meta property=\"og:image\" content=\"https:\/\/kojicskin-europe.com\/wp-content\/uploads\/2024\/12\/silka-creme-eclaircissant-perles-papaye-kojic-skin-europe-boite-duo.webp\" \/>\n\t<meta property=\"og:image:width\" content=\"800\" \/>\n\t<meta property=\"og:image:height\" content=\"800\" \/>\n\t<meta property=\"og:image:type\" content=\"image\/webp\" \/>\n<meta name=\"twitter:card\" content=\"summary_large_image\" \/>\n<meta name=\"twitter:label1\" content=\"Estimated reading time\" \/>\n\t<meta name=\"twitter:data1\" content=\"1 minute\" \/>\n<script type=\"application\/ld+json\" class=\"yoast-schema-graph\">{\"@context\":\"https:\\\/\\\/schema.org\",\"@graph\":[{\"@type\":\"WebPage\",\"@id\":\"https:\\\/\\\/kojicskin-europe.com\\\/silka-creme-eclaircissante-visage-a-la-papaye-8g\\\/\",\"url\":\"https:\\\/\\\/kojicskin-europe.com\\\/silka-creme-eclaircissante-visage-a-la-papaye-8g\\\/\",\"name\":\"Cr\u00e8me pour visage \u00e0 la papaye 8g - Silka\",\"isPartOf\":{\"@id\":\"https:\\\/\\\/kojicskin-europe.com\\\/#website\"},\"primaryImageOfPage\":{\"@id\":\"https:\\\/\\\/kojicskin-europe.com\\\/silka-creme-eclaircissante-visage-a-la-papaye-8g\\\/#primaryimage\"},\"image\":{\"@id\":\"https:\\\/\\\/kojicskin-europe.com\\\/silka-creme-eclaircissante-visage-a-la-papaye-8g\\\/#primaryimage\"},\"thumbnailUrl\":\"https:\\\/\\\/kojicskin-europe.com\\\/wp-content\\\/uploads\\\/2024\\\/12\\\/silka-creme-eclaircissant-perles-papaye-kojic-skin-europe-boite-duo.webp\",\"datePublished\":\"2024-12-28T13:36:44+00:00\",\"dateModified\":\"2026-04-10T16:37:25+00:00\",\"description\":\"Envie d'une peau douce et prot\u00e9g\u00e9e ? Testez notre cr\u00e8me qui dissimule les taches brunes ! Achetez-la d\u00e8s maintenant sur Kojic Skin - Europe !\",\"breadcrumb\":{\"@id\":\"https:\\\/\\\/kojicskin-europe.com\\\/silka-creme-eclaircissante-visage-a-la-papaye-8g\\\/#breadcrumb\"},\"inLanguage\":\"en-GB\",\"potentialAction\":[{\"@type\":\"ReadAction\",\"target\":[\"https:\\\/\\\/kojicskin-europe.com\\\/silka-creme-eclaircissante-visage-a-la-papaye-8g\\\/\"]}]},{\"@type\":\"ImageObject\",\"inLanguage\":\"en-GB\",\"@id\":\"https:\\\/\\\/kojicskin-europe.com\\\/silka-creme-eclaircissante-visage-a-la-papaye-8g\\\/#primaryimage\",\"url\":\"https:\\\/\\\/kojicskin-europe.com\\\/wp-content\\\/uploads\\\/2024\\\/12\\\/silka-creme-eclaircissant-perles-papaye-kojic-skin-europe-boite-duo.webp\",\"contentUrl\":\"https:\\\/\\\/kojicskin-europe.com\\\/wp-content\\\/uploads\\\/2024\\\/12\\\/silka-creme-eclaircissant-perles-papaye-kojic-skin-europe-boite-duo.webp\",\"width\":800,\"height\":800,\"caption\":\"cr\u00e8me \u00e9claircissant \u00e0 la papaye silka vendu par kojic skin europe\"},{\"@type\":\"BreadcrumbList\",\"@id\":\"https:\\\/\\\/kojicskin-europe.com\\\/silka-creme-eclaircissante-visage-a-la-papaye-8g\\\/#breadcrumb\",\"itemListElement\":[{\"@type\":\"ListItem\",\"position\":1,\"name\":\"Accueil\",\"item\":\"https:\\\/\\\/kojicskin-europe.com\\\/\"},{\"@type\":\"ListItem\",\"position\":2,\"name\":\"Kojie San\",\"item\":\"https:\\\/\\\/kojicskin-europe.com\\\/kojie-san\\\/\"},{\"@type\":\"ListItem\",\"position\":3,\"name\":\"Cr\u00e8me pour visage \u00e0 la papaye 8g &#8211; Silka\"}]},{\"@type\":\"WebSite\",\"@id\":\"https:\\\/\\\/kojicskin-europe.com\\\/#website\",\"url\":\"https:\\\/\\\/kojicskin-europe.com\\\/\",\"name\":\"Kojic Skin Europe\",\"description\":\"\",\"publisher\":{\"@id\":\"https:\\\/\\\/kojicskin-europe.com\\\/#organization\"},\"potentialAction\":[{\"@type\":\"SearchAction\",\"target\":{\"@type\":\"EntryPoint\",\"urlTemplate\":\"https:\\\/\\\/kojicskin-europe.com\\\/?s={search_term_string}\"},\"query-input\":{\"@type\":\"PropertyValueSpecification\",\"valueRequired\":true,\"valueName\":\"search_term_string\"}}],\"inLanguage\":\"en-GB\"},{\"@type\":\"Organization\",\"@id\":\"https:\\\/\\\/kojicskin-europe.com\\\/#organization\",\"name\":\"Kojic Skin Europe\",\"url\":\"https:\\\/\\\/kojicskin-europe.com\\\/\",\"logo\":{\"@type\":\"ImageObject\",\"inLanguage\":\"en-GB\",\"@id\":\"https:\\\/\\\/kojicskin-europe.com\\\/#\\\/schema\\\/logo\\\/image\\\/\",\"url\":\"https:\\\/\\\/kojicskin-europe.com\\\/wp-content\\\/uploads\\\/2024\\\/11\\\/kojic-skin-europe-logo.png\",\"contentUrl\":\"https:\\\/\\\/kojicskin-europe.com\\\/wp-content\\\/uploads\\\/2024\\\/11\\\/kojic-skin-europe-logo.png\",\"width\":2078,\"height\":541,\"caption\":\"Kojic Skin Europe\"},\"image\":{\"@id\":\"https:\\\/\\\/kojicskin-europe.com\\\/#\\\/schema\\\/logo\\\/image\\\/\"}}]}<\/script>\n<!-- \/ Yoast SEO plugin. -->","yoast_head_json":{"title":"Papaya Face Cream 8g - Silka","description":"Looking for soft, protected skin? Try our cream that conceals dark spots! Buy it now from Kojic Skin - Europe!","robots":{"index":"index","follow":"follow","max-snippet":"max-snippet:-1","max-image-preview":"max-image-preview:large","max-video-preview":"max-video-preview:-1"},"canonical":"https:\/\/kojicskin-europe.com\/en\/silka-papaya-face-lightening-cream-8g\/","og_locale":"en_GB","og_type":"article","og_title":"Cr\u00e8me pour visage \u00e0 la papaye 8g - Silka","og_description":"Envie d'une peau douce et prot\u00e9g\u00e9e ? Testez notre cr\u00e8me qui dissimule les taches brunes ! Achetez-la d\u00e8s maintenant sur Kojic Skin - Europe !","og_url":"https:\/\/kojicskin-europe.com\/en\/silka-papaya-face-lightening-cream-8g\/","og_site_name":"Kojic Skin Europe","article_modified_time":"2026-04-10T16:37:25+00:00","og_image":[{"width":800,"height":800,"url":"https:\/\/kojicskin-europe.com\/wp-content\/uploads\/2024\/12\/silka-creme-eclaircissant-perles-papaye-kojic-skin-europe-boite-duo.webp","type":"image\/webp"}],"twitter_card":"summary_large_image","twitter_misc":{"Estimated reading time":"1 minute"},"schema":{"@context":"https:\/\/schema.org","@graph":[{"@type":"WebPage","@id":"https:\/\/kojicskin-europe.com\/silka-creme-eclaircissante-visage-a-la-papaye-8g\/","url":"https:\/\/kojicskin-europe.com\/silka-creme-eclaircissante-visage-a-la-papaye-8g\/","name":"Papaya Face Cream 8g - Silka","isPartOf":{"@id":"https:\/\/kojicskin-europe.com\/#website"},"primaryImageOfPage":{"@id":"https:\/\/kojicskin-europe.com\/silka-creme-eclaircissante-visage-a-la-papaye-8g\/#primaryimage"},"image":{"@id":"https:\/\/kojicskin-europe.com\/silka-creme-eclaircissante-visage-a-la-papaye-8g\/#primaryimage"},"thumbnailUrl":"https:\/\/kojicskin-europe.com\/wp-content\/uploads\/2024\/12\/silka-creme-eclaircissant-perles-papaye-kojic-skin-europe-boite-duo.webp","datePublished":"2024-12-28T13:36:44+00:00","dateModified":"2026-04-10T16:37:25+00:00","description":"Looking for soft, protected skin? Try our cream that conceals dark spots! Buy it now from Kojic Skin - Europe!","breadcrumb":{"@id":"https:\/\/kojicskin-europe.com\/silka-creme-eclaircissante-visage-a-la-papaye-8g\/#breadcrumb"},"inLanguage":"en-GB","potentialAction":[{"@type":"ReadAction","target":["https:\/\/kojicskin-europe.com\/silka-creme-eclaircissante-visage-a-la-papaye-8g\/"]}]},{"@type":"ImageObject","inLanguage":"en-GB","@id":"https:\/\/kojicskin-europe.com\/silka-creme-eclaircissante-visage-a-la-papaye-8g\/#primaryimage","url":"https:\/\/kojicskin-europe.com\/wp-content\/uploads\/2024\/12\/silka-creme-eclaircissant-perles-papaye-kojic-skin-europe-boite-duo.webp","contentUrl":"https:\/\/kojicskin-europe.com\/wp-content\/uploads\/2024\/12\/silka-creme-eclaircissant-perles-papaye-kojic-skin-europe-boite-duo.webp","width":800,"height":800,"caption":"cr\u00e8me \u00e9claircissant \u00e0 la papaye silka vendu par kojic skin europe"},{"@type":"BreadcrumbList","@id":"https:\/\/kojicskin-europe.com\/silka-creme-eclaircissante-visage-a-la-papaye-8g\/#breadcrumb","itemListElement":[{"@type":"ListItem","position":1,"name":"Accueil","item":"https:\/\/kojicskin-europe.com\/"},{"@type":"ListItem","position":2,"name":"Kojie San","item":"https:\/\/kojicskin-europe.com\/kojie-san\/"},{"@type":"ListItem","position":3,"name":"Cr\u00e8me pour visage \u00e0 la papaye 8g &#8211; Silka"}]},{"@type":"WebSite","@id":"https:\/\/kojicskin-europe.com\/#website","url":"https:\/\/kojicskin-europe.com\/","name":"Kojic Skin Europe","description":"","publisher":{"@id":"https:\/\/kojicskin-europe.com\/#organization"},"potentialAction":[{"@type":"SearchAction","target":{"@type":"EntryPoint","urlTemplate":"https:\/\/kojicskin-europe.com\/?s={search_term_string}"},"query-input":{"@type":"PropertyValueSpecification","valueRequired":true,"valueName":"search_term_string"}}],"inLanguage":"en-GB"},{"@type":"Organization","@id":"https:\/\/kojicskin-europe.com\/#organization","name":"Kojic Skin Europe","url":"https:\/\/kojicskin-europe.com\/","logo":{"@type":"ImageObject","inLanguage":"en-GB","@id":"https:\/\/kojicskin-europe.com\/#\/schema\/logo\/image\/","url":"https:\/\/kojicskin-europe.com\/wp-content\/uploads\/2024\/11\/kojic-skin-europe-logo.png","contentUrl":"https:\/\/kojicskin-europe.com\/wp-content\/uploads\/2024\/11\/kojic-skin-europe-logo.png","width":2078,"height":541,"caption":"Kojic Skin Europe"},"image":{"@id":"https:\/\/kojicskin-europe.com\/#\/schema\/logo\/image\/"}}]}},"_links":{"self":[{"href":"https:\/\/kojicskin-europe.com\/en\/wp-json\/wp\/v2\/product\/739","targetHints":{"allow":["GET"]}}],"collection":[{"href":"https:\/\/kojicskin-europe.com\/en\/wp-json\/wp\/v2\/product"}],"about":[{"href":"https:\/\/kojicskin-europe.com\/en\/wp-json\/wp\/v2\/types\/product"}],"version-history":[{"count":0,"href":"https:\/\/kojicskin-europe.com\/en\/wp-json\/wp\/v2\/product\/739\/revisions"}],"wp:featuredmedia":[{"embeddable":true,"href":"https:\/\/kojicskin-europe.com\/en\/wp-json\/wp\/v2\/media\/740"}],"wp:attachment":[{"href":"https:\/\/kojicskin-europe.com\/en\/wp-json\/wp\/v2\/media?parent=739"}],"wp:term":[{"taxonomy":"product_brand","embeddable":true,"href":"https:\/\/kojicskin-europe.com\/en\/wp-json\/wp\/v2\/product_brand?post=739"},{"taxonomy":"product_cat","embeddable":true,"href":"https:\/\/kojicskin-europe.com\/en\/wp-json\/wp\/v2\/product_cat?post=739"},{"taxonomy":"product_tag","embeddable":true,"href":"https:\/\/kojicskin-europe.com\/en\/wp-json\/wp\/v2\/product_tag?post=739"}],"curies":[{"name":"wp","href":"https:\/\/api.w.org\/{rel}","templated":true}]}}