{"id":1485,"date":"2025-03-15T12:46:56","date_gmt":"2025-03-15T12:46:56","guid":{"rendered":"https:\/\/kojicskineurope.live-website.com\/?post_type=product&#038;p=1485"},"modified":"2026-04-15T00:45:48","modified_gmt":"2026-04-14T22:45:48","slug":"2-kojie-san-lightening-soaps-2x135g","status":"publish","type":"product","link":"https:\/\/kojicskin-europe.com\/en\/2-savons-eclaircissants-2x135g-kojie-san\/","title":{"rendered":"2 lightening soaps 2x135g - Kojie San"},"content":{"rendered":"<p><strong>At Kojic Skin - Europe<\/strong>We are passionate about <strong>beauty<\/strong> and the <strong>well-being<\/strong>offering skin care solutions from <strong>high quality<\/strong>. <strong>Try our 135g lightening soap 2 pack<\/strong> and <strong>transform your beauty routine today<\/strong> !<\/p>\n<p>Soaps <strong>Kojie San<\/strong> a help to prevent <strong>the production of melanin<\/strong>making the skin <strong>clearer and lighter<\/strong>. They are particularly effective in reducing <strong>brown spots<\/strong>, <strong>freckles<\/strong>, <strong>acne<\/strong>, <strong>stretch marks<\/strong>, <strong>uneven skin tones<\/strong> and <strong>other skin problems<\/strong>.<\/p>\n<p>Perfect for those looking for a <strong>radiant skin<\/strong> and a <strong>uniform appearance<\/strong>thanks to the exceptional efficiency of <strong>kojic acid<\/strong> present in our products, in a <strong>practical format<\/strong>. <strong>Give your skin the care it deserves<\/strong> !<\/p>","protected":false},"excerpt":{"rendered":"<ul>\n<li><strong><u>PREPARED &amp; DISPATCHED WITHIN 5 DAYS<\/u><\/strong><\/li>\n<li>Genuine 100 % product from Kojie San<\/li>\n<li>Products based on kojic acid<\/li>\n<li>Helps prevent melanin production<\/li>\n<li>Effective against brown spots, freckles, acne...<\/li>\n<li><strong>Format<\/strong> : 2&#215;135<\/li>\n<\/ul>","protected":false},"featured_media":1709,"template":"","meta":{"ocean_post_layout":"","ocean_both_sidebars_style":"","ocean_both_sidebars_content_width":0,"ocean_both_sidebars_sidebars_width":0,"ocean_sidebar":"0","ocean_second_sidebar":"0","ocean_disable_margins":"enable","ocean_add_body_class":"","ocean_shortcode_before_top_bar":"","ocean_shortcode_after_top_bar":"","ocean_shortcode_before_header":"","ocean_shortcode_after_header":"","ocean_has_shortcode":"","ocean_shortcode_after_title":"","ocean_shortcode_before_footer_widgets":"","ocean_shortcode_after_footer_widgets":"","ocean_shortcode_before_footer_bottom":"","ocean_shortcode_after_footer_bottom":"","ocean_display_top_bar":"default","ocean_display_header":"default","ocean_header_style":"","ocean_center_header_left_menu":"0","ocean_custom_header_template":"0","ocean_custom_logo":0,"ocean_custom_retina_logo":0,"ocean_custom_logo_max_width":0,"ocean_custom_logo_tablet_max_width":0,"ocean_custom_logo_mobile_max_width":0,"ocean_custom_logo_max_height":0,"ocean_custom_logo_tablet_max_height":0,"ocean_custom_logo_mobile_max_height":0,"ocean_header_custom_menu":"0","ocean_menu_typo_font_family":"0","ocean_menu_typo_font_subset":"","ocean_menu_typo_font_size":0,"ocean_menu_typo_font_size_tablet":0,"ocean_menu_typo_font_size_mobile":0,"ocean_menu_typo_font_size_unit":"px","ocean_menu_typo_font_weight":"","ocean_menu_typo_font_weight_tablet":"","ocean_menu_typo_font_weight_mobile":"","ocean_menu_typo_transform":"","ocean_menu_typo_transform_tablet":"","ocean_menu_typo_transform_mobile":"","ocean_menu_typo_line_height":0,"ocean_menu_typo_line_height_tablet":0,"ocean_menu_typo_line_height_mobile":0,"ocean_menu_typo_line_height_unit":"","ocean_menu_typo_spacing":0,"ocean_menu_typo_spacing_tablet":0,"ocean_menu_typo_spacing_mobile":0,"ocean_menu_typo_spacing_unit":"","ocean_menu_link_color":"","ocean_menu_link_color_hover":"","ocean_menu_link_color_active":"","ocean_menu_link_background":"","ocean_menu_link_hover_background":"","ocean_menu_link_active_background":"","ocean_menu_social_links_bg":"","ocean_menu_social_hover_links_bg":"","ocean_menu_social_links_color":"","ocean_menu_social_hover_links_color":"","ocean_disable_title":"default","ocean_disable_heading":"default","ocean_post_title":"","ocean_post_subheading":"","ocean_post_title_style":"","ocean_post_title_background_color":"","ocean_post_title_background":0,"ocean_post_title_bg_image_position":"","ocean_post_title_bg_image_attachment":"","ocean_post_title_bg_image_repeat":"","ocean_post_title_bg_image_size":"","ocean_post_title_height":0,"ocean_post_title_bg_overlay":0.5,"ocean_post_title_bg_overlay_color":"","ocean_disable_breadcrumbs":"default","ocean_breadcrumbs_color":"","ocean_breadcrumbs_separator_color":"","ocean_breadcrumbs_links_color":"","ocean_breadcrumbs_links_hover_color":"","ocean_display_footer_widgets":"default","ocean_display_footer_bottom":"default","ocean_custom_footer_template":"0"},"product_brand":[],"product_cat":[23,17],"product_tag":[],"class_list":{"0":"post-1485","1":"product","2":"type-product","3":"status-publish","4":"has-post-thumbnail","6":"product_cat-kojie-san","7":"product_cat-kojie-san-savons","9":"entry","10":"has-media","12":"first","13":"instock","14":"taxable","15":"shipping-taxable","16":"purchasable","17":"product-type-simple","18":"has-product-nav","19":"col","20":"span_1_of_3","21":"owp-content-center","22":"owp-thumbs-layout-horizontal","23":"owp-btn-normal","24":"owp-tabs-layout-horizontal","25":"has-no-thumbnails"},"yoast_head":"<!-- This site is optimized with the Yoast SEO plugin v27.3 - https:\/\/yoast.com\/product\/yoast-seo-wordpress\/ -->\n<title>2 savons \u00e9claircissants 2x135g - Kojie San - Kojic Skin Europe<\/title>\n<meta name=\"robots\" content=\"index, follow, max-snippet:-1, max-image-preview:large, max-video-preview:-1\" \/>\n<link rel=\"canonical\" href=\"https:\/\/kojicskin-europe.com\/en\/2-kojie-san-lightening-soaps-2x135g\/\" \/>\n<meta property=\"og:locale\" content=\"en_GB\" \/>\n<meta property=\"og:type\" content=\"article\" \/>\n<meta property=\"og:title\" content=\"2 savons \u00e9claircissants 2x135g - Kojie San - Kojic Skin Europe\" \/>\n<meta property=\"og:description\" content=\"PR\u00c9PAR\u00c9 &amp; EXPEDI\u00c9 SOUS\u00a05 JOURS  Produit 100 % authentique de la marque Kojie San  Produits \u00e0 la base de l&#039;acide kojique  Aide \u00e0 pr\u00e9venir la production de m\u00e9lanine  Efficace contre les t\u00e2ches brunes, les t\u00e2ches de rousseur, l&#039;acn\u00e9...  Format : 2x135\" \/>\n<meta property=\"og:url\" content=\"https:\/\/kojicskin-europe.com\/en\/2-kojie-san-lightening-soaps-2x135g\/\" \/>\n<meta property=\"og:site_name\" content=\"Kojic Skin Europe\" \/>\n<meta property=\"article:modified_time\" content=\"2026-04-14T22:45:48+00:00\" \/>\n<meta property=\"og:image\" content=\"https:\/\/kojicskin-europe.com\/wp-content\/uploads\/2025\/03\/kojie-san-2-savons-eclaircissant-kojic-skin-europe.webp\" \/>\n\t<meta property=\"og:image:width\" content=\"800\" \/>\n\t<meta property=\"og:image:height\" content=\"800\" \/>\n\t<meta property=\"og:image:type\" content=\"image\/webp\" \/>\n<meta name=\"twitter:card\" content=\"summary_large_image\" \/>\n<meta name=\"twitter:label1\" content=\"Estimated reading time\" \/>\n\t<meta name=\"twitter:data1\" content=\"1 minute\" \/>\n<script type=\"application\/ld+json\" class=\"yoast-schema-graph\">{\"@context\":\"https:\\\/\\\/schema.org\",\"@graph\":[{\"@type\":\"WebPage\",\"@id\":\"https:\\\/\\\/kojicskin-europe.com\\\/2-savons-eclaircissants-2x135g-kojie-san\\\/\",\"url\":\"https:\\\/\\\/kojicskin-europe.com\\\/2-savons-eclaircissants-2x135g-kojie-san\\\/\",\"name\":\"2 savons \u00e9claircissants 2x135g - Kojie San - Kojic Skin Europe\",\"isPartOf\":{\"@id\":\"https:\\\/\\\/kojicskin-europe.com\\\/#website\"},\"primaryImageOfPage\":{\"@id\":\"https:\\\/\\\/kojicskin-europe.com\\\/2-savons-eclaircissants-2x135g-kojie-san\\\/#primaryimage\"},\"image\":{\"@id\":\"https:\\\/\\\/kojicskin-europe.com\\\/2-savons-eclaircissants-2x135g-kojie-san\\\/#primaryimage\"},\"thumbnailUrl\":\"https:\\\/\\\/kojicskin-europe.com\\\/wp-content\\\/uploads\\\/2025\\\/03\\\/kojie-san-2-savons-eclaircissant-kojic-skin-europe.webp\",\"datePublished\":\"2025-03-15T12:46:56+00:00\",\"dateModified\":\"2026-04-14T22:45:48+00:00\",\"breadcrumb\":{\"@id\":\"https:\\\/\\\/kojicskin-europe.com\\\/2-savons-eclaircissants-2x135g-kojie-san\\\/#breadcrumb\"},\"inLanguage\":\"en-GB\",\"potentialAction\":[{\"@type\":\"ReadAction\",\"target\":[\"https:\\\/\\\/kojicskin-europe.com\\\/2-savons-eclaircissants-2x135g-kojie-san\\\/\"]}]},{\"@type\":\"ImageObject\",\"inLanguage\":\"en-GB\",\"@id\":\"https:\\\/\\\/kojicskin-europe.com\\\/2-savons-eclaircissants-2x135g-kojie-san\\\/#primaryimage\",\"url\":\"https:\\\/\\\/kojicskin-europe.com\\\/wp-content\\\/uploads\\\/2025\\\/03\\\/kojie-san-2-savons-eclaircissant-kojic-skin-europe.webp\",\"contentUrl\":\"https:\\\/\\\/kojicskin-europe.com\\\/wp-content\\\/uploads\\\/2025\\\/03\\\/kojie-san-2-savons-eclaircissant-kojic-skin-europe.webp\",\"width\":800,\"height\":800},{\"@type\":\"BreadcrumbList\",\"@id\":\"https:\\\/\\\/kojicskin-europe.com\\\/2-savons-eclaircissants-2x135g-kojie-san\\\/#breadcrumb\",\"itemListElement\":[{\"@type\":\"ListItem\",\"position\":1,\"name\":\"Accueil\",\"item\":\"https:\\\/\\\/kojicskin-europe.com\\\/\"},{\"@type\":\"ListItem\",\"position\":2,\"name\":\"Kojie San\",\"item\":\"https:\\\/\\\/kojicskin-europe.com\\\/kojie-san\\\/\"},{\"@type\":\"ListItem\",\"position\":3,\"name\":\"2 savons \u00e9claircissants 2x135g &#8211; Kojie San\"}]},{\"@type\":\"WebSite\",\"@id\":\"https:\\\/\\\/kojicskin-europe.com\\\/#website\",\"url\":\"https:\\\/\\\/kojicskin-europe.com\\\/\",\"name\":\"Kojic Skin Europe\",\"description\":\"\",\"publisher\":{\"@id\":\"https:\\\/\\\/kojicskin-europe.com\\\/#organization\"},\"potentialAction\":[{\"@type\":\"SearchAction\",\"target\":{\"@type\":\"EntryPoint\",\"urlTemplate\":\"https:\\\/\\\/kojicskin-europe.com\\\/?s={search_term_string}\"},\"query-input\":{\"@type\":\"PropertyValueSpecification\",\"valueRequired\":true,\"valueName\":\"search_term_string\"}}],\"inLanguage\":\"en-GB\"},{\"@type\":\"Organization\",\"@id\":\"https:\\\/\\\/kojicskin-europe.com\\\/#organization\",\"name\":\"Kojic Skin Europe\",\"url\":\"https:\\\/\\\/kojicskin-europe.com\\\/\",\"logo\":{\"@type\":\"ImageObject\",\"inLanguage\":\"en-GB\",\"@id\":\"https:\\\/\\\/kojicskin-europe.com\\\/#\\\/schema\\\/logo\\\/image\\\/\",\"url\":\"https:\\\/\\\/kojicskin-europe.com\\\/wp-content\\\/uploads\\\/2024\\\/11\\\/kojic-skin-europe-logo.png\",\"contentUrl\":\"https:\\\/\\\/kojicskin-europe.com\\\/wp-content\\\/uploads\\\/2024\\\/11\\\/kojic-skin-europe-logo.png\",\"width\":2078,\"height\":541,\"caption\":\"Kojic Skin Europe\"},\"image\":{\"@id\":\"https:\\\/\\\/kojicskin-europe.com\\\/#\\\/schema\\\/logo\\\/image\\\/\"}}]}<\/script>\n<!-- \/ Yoast SEO plugin. -->","yoast_head_json":{"title":"2 Lightening Soaps 2x135g - Kojie San - Kojic Skin Europe","robots":{"index":"index","follow":"follow","max-snippet":"max-snippet:-1","max-image-preview":"max-image-preview:large","max-video-preview":"max-video-preview:-1"},"canonical":"https:\/\/kojicskin-europe.com\/en\/2-kojie-san-lightening-soaps-2x135g\/","og_locale":"en_GB","og_type":"article","og_title":"2 savons \u00e9claircissants 2x135g - Kojie San - Kojic Skin Europe","og_description":"PR\u00c9PAR\u00c9 &amp; EXPEDI\u00c9 SOUS\u00a05 JOURS  Produit 100 % authentique de la marque Kojie San  Produits \u00e0 la base de l'acide kojique  Aide \u00e0 pr\u00e9venir la production de m\u00e9lanine  Efficace contre les t\u00e2ches brunes, les t\u00e2ches de rousseur, l'acn\u00e9...  Format : 2x135","og_url":"https:\/\/kojicskin-europe.com\/en\/2-kojie-san-lightening-soaps-2x135g\/","og_site_name":"Kojic Skin Europe","article_modified_time":"2026-04-14T22:45:48+00:00","og_image":[{"width":800,"height":800,"url":"https:\/\/kojicskin-europe.com\/wp-content\/uploads\/2025\/03\/kojie-san-2-savons-eclaircissant-kojic-skin-europe.webp","type":"image\/webp"}],"twitter_card":"summary_large_image","twitter_misc":{"Estimated reading time":"1 minute"},"schema":{"@context":"https:\/\/schema.org","@graph":[{"@type":"WebPage","@id":"https:\/\/kojicskin-europe.com\/2-savons-eclaircissants-2x135g-kojie-san\/","url":"https:\/\/kojicskin-europe.com\/2-savons-eclaircissants-2x135g-kojie-san\/","name":"2 Lightening Soaps 2x135g - Kojie San - Kojic Skin Europe","isPartOf":{"@id":"https:\/\/kojicskin-europe.com\/#website"},"primaryImageOfPage":{"@id":"https:\/\/kojicskin-europe.com\/2-savons-eclaircissants-2x135g-kojie-san\/#primaryimage"},"image":{"@id":"https:\/\/kojicskin-europe.com\/2-savons-eclaircissants-2x135g-kojie-san\/#primaryimage"},"thumbnailUrl":"https:\/\/kojicskin-europe.com\/wp-content\/uploads\/2025\/03\/kojie-san-2-savons-eclaircissant-kojic-skin-europe.webp","datePublished":"2025-03-15T12:46:56+00:00","dateModified":"2026-04-14T22:45:48+00:00","breadcrumb":{"@id":"https:\/\/kojicskin-europe.com\/2-savons-eclaircissants-2x135g-kojie-san\/#breadcrumb"},"inLanguage":"en-GB","potentialAction":[{"@type":"ReadAction","target":["https:\/\/kojicskin-europe.com\/2-savons-eclaircissants-2x135g-kojie-san\/"]}]},{"@type":"ImageObject","inLanguage":"en-GB","@id":"https:\/\/kojicskin-europe.com\/2-savons-eclaircissants-2x135g-kojie-san\/#primaryimage","url":"https:\/\/kojicskin-europe.com\/wp-content\/uploads\/2025\/03\/kojie-san-2-savons-eclaircissant-kojic-skin-europe.webp","contentUrl":"https:\/\/kojicskin-europe.com\/wp-content\/uploads\/2025\/03\/kojie-san-2-savons-eclaircissant-kojic-skin-europe.webp","width":800,"height":800},{"@type":"BreadcrumbList","@id":"https:\/\/kojicskin-europe.com\/2-savons-eclaircissants-2x135g-kojie-san\/#breadcrumb","itemListElement":[{"@type":"ListItem","position":1,"name":"Accueil","item":"https:\/\/kojicskin-europe.com\/"},{"@type":"ListItem","position":2,"name":"Kojie San","item":"https:\/\/kojicskin-europe.com\/kojie-san\/"},{"@type":"ListItem","position":3,"name":"2 savons \u00e9claircissants 2x135g &#8211; Kojie San"}]},{"@type":"WebSite","@id":"https:\/\/kojicskin-europe.com\/#website","url":"https:\/\/kojicskin-europe.com\/","name":"Kojic Skin Europe","description":"","publisher":{"@id":"https:\/\/kojicskin-europe.com\/#organization"},"potentialAction":[{"@type":"SearchAction","target":{"@type":"EntryPoint","urlTemplate":"https:\/\/kojicskin-europe.com\/?s={search_term_string}"},"query-input":{"@type":"PropertyValueSpecification","valueRequired":true,"valueName":"search_term_string"}}],"inLanguage":"en-GB"},{"@type":"Organization","@id":"https:\/\/kojicskin-europe.com\/#organization","name":"Kojic Skin Europe","url":"https:\/\/kojicskin-europe.com\/","logo":{"@type":"ImageObject","inLanguage":"en-GB","@id":"https:\/\/kojicskin-europe.com\/#\/schema\/logo\/image\/","url":"https:\/\/kojicskin-europe.com\/wp-content\/uploads\/2024\/11\/kojic-skin-europe-logo.png","contentUrl":"https:\/\/kojicskin-europe.com\/wp-content\/uploads\/2024\/11\/kojic-skin-europe-logo.png","width":2078,"height":541,"caption":"Kojic Skin Europe"},"image":{"@id":"https:\/\/kojicskin-europe.com\/#\/schema\/logo\/image\/"}}]}},"_links":{"self":[{"href":"https:\/\/kojicskin-europe.com\/en\/wp-json\/wp\/v2\/product\/1485","targetHints":{"allow":["GET"]}}],"collection":[{"href":"https:\/\/kojicskin-europe.com\/en\/wp-json\/wp\/v2\/product"}],"about":[{"href":"https:\/\/kojicskin-europe.com\/en\/wp-json\/wp\/v2\/types\/product"}],"version-history":[{"count":1,"href":"https:\/\/kojicskin-europe.com\/en\/wp-json\/wp\/v2\/product\/1485\/revisions"}],"predecessor-version":[{"id":41201,"href":"https:\/\/kojicskin-europe.com\/en\/wp-json\/wp\/v2\/product\/1485\/revisions\/41201"}],"wp:featuredmedia":[{"embeddable":true,"href":"https:\/\/kojicskin-europe.com\/en\/wp-json\/wp\/v2\/media\/1709"}],"wp:attachment":[{"href":"https:\/\/kojicskin-europe.com\/en\/wp-json\/wp\/v2\/media?parent=1485"}],"wp:term":[{"taxonomy":"product_brand","embeddable":true,"href":"https:\/\/kojicskin-europe.com\/en\/wp-json\/wp\/v2\/product_brand?post=1485"},{"taxonomy":"product_cat","embeddable":true,"href":"https:\/\/kojicskin-europe.com\/en\/wp-json\/wp\/v2\/product_cat?post=1485"},{"taxonomy":"product_tag","embeddable":true,"href":"https:\/\/kojicskin-europe.com\/en\/wp-json\/wp\/v2\/product_tag?post=1485"}],"curies":[{"name":"wp","href":"https:\/\/api.w.org\/{rel}","templated":true}]}}