{"id":5450,"date":"2025-04-26T13:48:41","date_gmt":"2025-04-26T13:48:41","guid":{"rendered":"https:\/\/kojicskin-europe.com\/?page_id=5450"},"modified":"2025-05-01T08:49:51","modified_gmt":"2025-05-01T08:49:51","slug":"general-terms-and-conditions-of-sale","status":"publish","type":"page","link":"https:\/\/kojicskin-europe.com\/en\/conditions-generales-de-vente\/","title":{"rendered":"General terms and conditions of sale (GTCS)"},"content":{"rendered":"<div data-elementor-type=\"wp-page\" data-elementor-id=\"5450\" class=\"elementor elementor-5450\" data-elementor-post-type=\"page\">\n\t\t\t\t<div class=\"elementor-element elementor-element-492d280 e-flex e-con-boxed e-con e-parent\" data-id=\"492d280\" data-element_type=\"container\" data-e-type=\"container\">\n\t\t\t\t\t<div class=\"e-con-inner\">\n\t\t\t\t<div class=\"elementor-element elementor-element-fa14304 elementor-headline--style-highlight elementor-widget elementor-widget-animated-headline\" data-id=\"fa14304\" data-element_type=\"widget\" data-e-type=\"widget\" data-settings=\"{&quot;marker&quot;:&quot;underline&quot;,&quot;highlighted_text&quot;:&quot;Conditions g\\u00e9n\\u00e9rales de vente&quot;,&quot;headline_style&quot;:&quot;highlight&quot;,&quot;highlight_animation_duration&quot;:1200}\" data-widget_type=\"animated-headline.default\">\n\t\t\t\t<div class=\"elementor-widget-container\">\n\t\t\t\t\t\t\t<h1 class=\"elementor-headline\">\n\t\t\t\t<span class=\"elementor-headline-dynamic-wrapper elementor-headline-text-wrapper\">\n\t\t\t\t\t<span class=\"elementor-headline-dynamic-text elementor-headline-text-active\">Terms and conditions of sale<\/span>\n\t\t\t\t<\/span>\n\t\t\t\t<\/h1>\n\t\t\t\t\t\t<\/div>\n\t\t\t\t<\/div>\n\t\t\t\t\t<\/div>\n\t\t\t\t<\/div>\n\t\t<div class=\"elementor-element elementor-element-f7ae143 e-flex e-con-boxed e-con e-parent\" data-id=\"f7ae143\" data-element_type=\"container\" data-e-type=\"container\">\n\t\t\t\t\t<div class=\"e-con-inner\">\n\t\t\t\t<div class=\"elementor-element elementor-element-4f9ecec elementor-widget elementor-widget-spacer\" data-id=\"4f9ecec\" data-element_type=\"widget\" data-e-type=\"widget\" data-widget_type=\"spacer.default\">\n\t\t\t\t<div class=\"elementor-widget-container\">\n\t\t\t\t\t\t\t<div class=\"elementor-spacer\">\n\t\t\t<div class=\"elementor-spacer-inner\"><\/div>\n\t\t<\/div>\n\t\t\t\t\t\t<\/div>\n\t\t\t\t<\/div>\n\t\t\t\t\t<\/div>\n\t\t\t\t<\/div>\n\t\t<div class=\"elementor-element elementor-element-5c87347 e-flex e-con-boxed e-con e-parent\" data-id=\"5c87347\" data-element_type=\"container\" data-e-type=\"container\">\n\t\t\t\t\t<div class=\"e-con-inner\">\n\t\t\t\t<div class=\"elementor-element elementor-element-108dc34 elementor-widget elementor-widget-text-editor\" data-id=\"108dc34\" data-element_type=\"widget\" data-e-type=\"widget\" data-widget_type=\"text-editor.default\">\n\t\t\t\t<div class=\"elementor-widget-container\">\n\t\t\t\t\t\t\t\t\t<p><span style=\"font-weight: 400;\">Kojic Skin - Europe<\/span><\/p><p><span style=\"font-weight: 400;\">Registered office: 60 rue Fran\u00e7ois 1er, 75008 Paris; France<\/span><\/p><p><span style=\"font-weight: 400;\">E-mail address: contact@kojicskin-europe.com<\/span><\/p><p><span style=\"font-weight: 400;\">RCS (or R\u00e9pertoire des m\u00e9tiers) of: n\u00b092910311700016 ;<\/span><\/p><p><span style=\"font-weight: 400;\">The individuals responsible for publication are Vincent MAHOT &amp; Bleon HETEMI;<\/span><\/p><p><span style=\"font-weight: 400;\">These GTC have been generated free of charge by the http:\/\/kinic.fr communications company.<\/span><\/p><p><span style=\"font-weight: 400;\">Terms and conditions of sale of products sold on Kojic Skin - Europe<\/span><\/p><p><span style=\"font-weight: 400;\">Last update date: 21\/09\/2024<\/span><\/p>\t\t\t\t\t\t\t\t<\/div>\n\t\t\t\t<\/div>\n\t\t\t\t\t<\/div>\n\t\t\t\t<\/div>\n\t\t<div class=\"elementor-element elementor-element-30e6039 e-flex e-con-boxed e-con e-parent\" data-id=\"30e6039\" data-element_type=\"container\" data-e-type=\"container\">\n\t\t\t\t\t<div class=\"e-con-inner\">\n\t\t\t\t<div class=\"elementor-element elementor-element-8df3861 elementor-widget elementor-widget-text-editor\" data-id=\"8df3861\" data-element_type=\"widget\" data-e-type=\"widget\" data-widget_type=\"text-editor.default\">\n\t\t\t\t<div class=\"elementor-widget-container\">\n\t\t\t\t\t\t\t\t\t<ul><li><strong>Article 1 - Purpose<\/strong><\/li><\/ul><p>These General Terms and Conditions of Sale govern the sale of products offered on the website<br \/>kojicskin-europe.com.<\/p><ul><li><strong>Article 2 - Products<\/strong><\/li><\/ul><p>The essential characteristics of the products are described on each product sheet.<\/p><ul><li><strong>Article 3 - Prices<\/strong><\/li><\/ul><p>Prices are given in euros, inclusive of all taxes. Delivery charges are specified at the time of order.<br \/>of the order.<\/p><ul><li><strong>Article 4 - Ordering<\/strong><\/li><\/ul><p>Validation of the order implies acceptance of these GCS.<\/p><ul><li><strong>Article 5 - Payment<\/strong><\/li><\/ul><p>Payment can be made by the following methods: Sumup, PayPal, Amazon Pay or Klarna, at the time of purchase.<br \/>of the order.<\/p><ul><li><strong>Article 6 - Delivery<\/strong><\/li><\/ul><p>Orders are dispatched within a maximum of 5 working days (excluding weekends and public holidays).<br \/>Delivery times depend on the carrier chosen. The seller cannot be held responsible for<br \/>delays attributable to the carrier.<\/p><ul><li><strong>Article 7 - Right of withdrawal<\/strong><\/li><\/ul><p>In accordance with the law, consumers have 14 days to exercise their right of withdrawal by writing to<br \/>from receipt of the product.<\/p><ul><li><strong>Article 8 - Returns and refunds <\/strong><\/li><\/ul><p>Products are returned at the buyer's expense, in their original condition. After verification, a<br \/>refund will be made within 14 days.<\/p><ul><li><strong>Article 9 - Guarantees<\/strong><\/li><\/ul><p>The products are covered by the legal guarantee of conformity and the guarantee against hidden defects.<\/p><ul><li><strong>Article 10 - Customer service<\/strong><\/li><\/ul><p>If you have any questions, our customer service team can be contacted at contact@kojicskin-europe.com.<\/p><ul><li><strong>Article 11 - Disputes<\/strong><\/li><\/ul><p>In the event of a dispute, an amicable solution will be sought as a matter of priority. Failing this, jurisdiction is assigned to<br \/>to the courts within the jurisdiction of the registered office of MAHOT DISTRIBUTION.<\/p>\t\t\t\t\t\t\t\t<\/div>\n\t\t\t\t<\/div>\n\t\t\t\t\t<\/div>\n\t\t\t\t<\/div>\n\t\t\t\t<\/div>","protected":false},"excerpt":{"rendered":"<p>Conditions g\u00e9n\u00e9rales de vente Kojic Skin &#8211; Europe Si\u00e8ge social : 60 rue Fran\u00e7ois 1er, 75008 Paris ; France Adresse du courrier \u00e9lectronique : contact@kojicskin-europe.com RCS (ou R\u00e9pertoire des m\u00e9tiers) de :\u00a0 n\u00b092910311700016 ; Les responsables de la publication personnes physiques sont Vincent MAHOT &amp; Bleon HETEMI; Les pr\u00e9sentes CGV ont \u00e9t\u00e9 g\u00e9n\u00e9r\u00e9es gratuitement par [&hellip;]<\/p>\n","protected":false},"author":1,"featured_media":0,"parent":0,"menu_order":0,"comment_status":"closed","ping_status":"closed","template":"","meta":{"ocean_post_layout":"","ocean_both_sidebars_style":"","ocean_both_sidebars_content_width":0,"ocean_both_sidebars_sidebars_width":0,"ocean_sidebar":"","ocean_second_sidebar":"","ocean_disable_margins":"enable","ocean_add_body_class":"","ocean_shortcode_before_top_bar":"","ocean_shortcode_after_top_bar":"","ocean_shortcode_before_header":"","ocean_shortcode_after_header":"","ocean_has_shortcode":"","ocean_shortcode_after_title":"","ocean_shortcode_before_footer_widgets":"","ocean_shortcode_after_footer_widgets":"","ocean_shortcode_before_footer_bottom":"","ocean_shortcode_after_footer_bottom":"","ocean_display_top_bar":"default","ocean_display_header":"default","ocean_header_style":"","ocean_center_header_left_menu":"","ocean_custom_header_template":"","ocean_custom_logo":0,"ocean_custom_retina_logo":0,"ocean_custom_logo_max_width":0,"ocean_custom_logo_tablet_max_width":0,"ocean_custom_logo_mobile_max_width":0,"ocean_custom_logo_max_height":0,"ocean_custom_logo_tablet_max_height":0,"ocean_custom_logo_mobile_max_height":0,"ocean_header_custom_menu":"","ocean_menu_typo_font_family":"","ocean_menu_typo_font_subset":"","ocean_menu_typo_font_size":0,"ocean_menu_typo_font_size_tablet":0,"ocean_menu_typo_font_size_mobile":0,"ocean_menu_typo_font_size_unit":"px","ocean_menu_typo_font_weight":"","ocean_menu_typo_font_weight_tablet":"","ocean_menu_typo_font_weight_mobile":"","ocean_menu_typo_transform":"","ocean_menu_typo_transform_tablet":"","ocean_menu_typo_transform_mobile":"","ocean_menu_typo_line_height":0,"ocean_menu_typo_line_height_tablet":0,"ocean_menu_typo_line_height_mobile":0,"ocean_menu_typo_line_height_unit":"","ocean_menu_typo_spacing":0,"ocean_menu_typo_spacing_tablet":0,"ocean_menu_typo_spacing_mobile":0,"ocean_menu_typo_spacing_unit":"","ocean_menu_link_color":"","ocean_menu_link_color_hover":"","ocean_menu_link_color_active":"","ocean_menu_link_background":"","ocean_menu_link_hover_background":"","ocean_menu_link_active_background":"","ocean_menu_social_links_bg":"","ocean_menu_social_hover_links_bg":"","ocean_menu_social_links_color":"","ocean_menu_social_hover_links_color":"","ocean_disable_title":"default","ocean_disable_heading":"default","ocean_post_title":"","ocean_post_subheading":"","ocean_post_title_style":"","ocean_post_title_background_color":"","ocean_post_title_background":0,"ocean_post_title_bg_image_position":"","ocean_post_title_bg_image_attachment":"","ocean_post_title_bg_image_repeat":"","ocean_post_title_bg_image_size":"","ocean_post_title_height":0,"ocean_post_title_bg_overlay":0.5,"ocean_post_title_bg_overlay_color":"","ocean_disable_breadcrumbs":"default","ocean_breadcrumbs_color":"","ocean_breadcrumbs_separator_color":"","ocean_breadcrumbs_links_color":"","ocean_breadcrumbs_links_hover_color":"","ocean_display_footer_widgets":"default","ocean_display_footer_bottom":"default","ocean_custom_footer_template":"","footnotes":""},"class_list":["post-5450","page","type-page","status-publish","hentry","entry","owp-thumbs-layout-horizontal","owp-btn-normal","owp-tabs-layout-horizontal","has-no-thumbnails","has-product-nav"],"yoast_head":"<!-- This site is optimized with the Yoast SEO plugin v27.4 - https:\/\/yoast.com\/product\/yoast-seo-wordpress\/ -->\n<title>Conditions g\u00e9n\u00e9rales de vente (CGV) - Kojic Skin Europe<\/title>\n<meta name=\"description\" content=\"D\u00e9couvrez les conditions g\u00e9n\u00e9rales de vente de Kojic Skin Europe. Transparence et confiance au c\u0153ur de nos engagements pour une exp\u00e9rience client optimale.\" \/>\n<meta name=\"robots\" content=\"index, follow, max-snippet:-1, max-image-preview:large, max-video-preview:-1\" \/>\n<link rel=\"canonical\" href=\"https:\/\/kojicskin-europe.com\/en\/general-terms-and-conditions-of-sale\/\" \/>\n<meta property=\"og:locale\" content=\"en_GB\" \/>\n<meta property=\"og:type\" content=\"article\" \/>\n<meta property=\"og:title\" content=\"Conditions g\u00e9n\u00e9rales de vente (CGV) - Kojic Skin Europe\" \/>\n<meta property=\"og:description\" content=\"D\u00e9couvrez les conditions g\u00e9n\u00e9rales de vente de Kojic Skin Europe. Transparence et confiance au c\u0153ur de nos engagements pour une exp\u00e9rience client optimale.\" \/>\n<meta property=\"og:url\" content=\"https:\/\/kojicskin-europe.com\/en\/general-terms-and-conditions-of-sale\/\" \/>\n<meta property=\"og:site_name\" content=\"Kojic Skin Europe\" \/>\n<meta property=\"article:modified_time\" content=\"2025-05-01T08:49:51+00:00\" \/>\n<meta name=\"twitter:card\" content=\"summary_large_image\" \/>\n<meta name=\"twitter:label1\" content=\"Estimated reading time\" \/>\n\t<meta name=\"twitter:data1\" content=\"2 minutes\" \/>\n<script type=\"application\/ld+json\" class=\"yoast-schema-graph\">{\"@context\":\"https:\\\/\\\/schema.org\",\"@graph\":[{\"@type\":\"WebPage\",\"@id\":\"https:\\\/\\\/kojicskin-europe.com\\\/conditions-generales-de-vente\\\/\",\"url\":\"https:\\\/\\\/kojicskin-europe.com\\\/conditions-generales-de-vente\\\/\",\"name\":\"Conditions g\u00e9n\u00e9rales de vente (CGV) - Kojic Skin Europe\",\"isPartOf\":{\"@id\":\"https:\\\/\\\/kojicskin-europe.com\\\/#website\"},\"datePublished\":\"2025-04-26T13:48:41+00:00\",\"dateModified\":\"2025-05-01T08:49:51+00:00\",\"description\":\"D\u00e9couvrez les conditions g\u00e9n\u00e9rales de vente de Kojic Skin Europe. Transparence et confiance au c\u0153ur de nos engagements pour une exp\u00e9rience client optimale.\",\"breadcrumb\":{\"@id\":\"https:\\\/\\\/kojicskin-europe.com\\\/conditions-generales-de-vente\\\/#breadcrumb\"},\"inLanguage\":\"en-GB\",\"potentialAction\":[{\"@type\":\"ReadAction\",\"target\":[\"https:\\\/\\\/kojicskin-europe.com\\\/conditions-generales-de-vente\\\/\"]}]},{\"@type\":\"BreadcrumbList\",\"@id\":\"https:\\\/\\\/kojicskin-europe.com\\\/conditions-generales-de-vente\\\/#breadcrumb\",\"itemListElement\":[{\"@type\":\"ListItem\",\"position\":1,\"name\":\"Accueil\",\"item\":\"https:\\\/\\\/kojicskin-europe.com\\\/\"},{\"@type\":\"ListItem\",\"position\":2,\"name\":\"Conditions g\u00e9n\u00e9rales de vente (CGV)\"}]},{\"@type\":\"WebSite\",\"@id\":\"https:\\\/\\\/kojicskin-europe.com\\\/#website\",\"url\":\"https:\\\/\\\/kojicskin-europe.com\\\/\",\"name\":\"Kojic Skin Europe\",\"description\":\"\",\"publisher\":{\"@id\":\"https:\\\/\\\/kojicskin-europe.com\\\/#organization\"},\"potentialAction\":[{\"@type\":\"SearchAction\",\"target\":{\"@type\":\"EntryPoint\",\"urlTemplate\":\"https:\\\/\\\/kojicskin-europe.com\\\/?s={search_term_string}\"},\"query-input\":{\"@type\":\"PropertyValueSpecification\",\"valueRequired\":true,\"valueName\":\"search_term_string\"}}],\"inLanguage\":\"en-GB\"},{\"@type\":\"Organization\",\"@id\":\"https:\\\/\\\/kojicskin-europe.com\\\/#organization\",\"name\":\"Kojic Skin Europe\",\"url\":\"https:\\\/\\\/kojicskin-europe.com\\\/\",\"logo\":{\"@type\":\"ImageObject\",\"inLanguage\":\"en-GB\",\"@id\":\"https:\\\/\\\/kojicskin-europe.com\\\/#\\\/schema\\\/logo\\\/image\\\/\",\"url\":\"https:\\\/\\\/kojicskin-europe.com\\\/wp-content\\\/uploads\\\/2024\\\/11\\\/kojic-skin-europe-logo.png\",\"contentUrl\":\"https:\\\/\\\/kojicskin-europe.com\\\/wp-content\\\/uploads\\\/2024\\\/11\\\/kojic-skin-europe-logo.png\",\"width\":2078,\"height\":541,\"caption\":\"Kojic Skin Europe\"},\"image\":{\"@id\":\"https:\\\/\\\/kojicskin-europe.com\\\/#\\\/schema\\\/logo\\\/image\\\/\"}}]}<\/script>\n<!-- \/ Yoast SEO plugin. -->","yoast_head_json":{"title":"General terms and conditions of sale - Kojic Skin Europe","description":"Find out more about Kojic Skin Europe's terms and conditions of sale. Transparency and trust are at the heart of our commitments for an optimal customer experience.","robots":{"index":"index","follow":"follow","max-snippet":"max-snippet:-1","max-image-preview":"max-image-preview:large","max-video-preview":"max-video-preview:-1"},"canonical":"https:\/\/kojicskin-europe.com\/en\/general-terms-and-conditions-of-sale\/","og_locale":"en_GB","og_type":"article","og_title":"Conditions g\u00e9n\u00e9rales de vente (CGV) - Kojic Skin Europe","og_description":"D\u00e9couvrez les conditions g\u00e9n\u00e9rales de vente de Kojic Skin Europe. Transparence et confiance au c\u0153ur de nos engagements pour une exp\u00e9rience client optimale.","og_url":"https:\/\/kojicskin-europe.com\/en\/general-terms-and-conditions-of-sale\/","og_site_name":"Kojic Skin Europe","article_modified_time":"2025-05-01T08:49:51+00:00","twitter_card":"summary_large_image","twitter_misc":{"Estimated reading time":"2 minutes"},"schema":{"@context":"https:\/\/schema.org","@graph":[{"@type":"WebPage","@id":"https:\/\/kojicskin-europe.com\/conditions-generales-de-vente\/","url":"https:\/\/kojicskin-europe.com\/conditions-generales-de-vente\/","name":"General terms and conditions of sale - Kojic Skin Europe","isPartOf":{"@id":"https:\/\/kojicskin-europe.com\/#website"},"datePublished":"2025-04-26T13:48:41+00:00","dateModified":"2025-05-01T08:49:51+00:00","description":"Find out more about Kojic Skin Europe's terms and conditions of sale. Transparency and trust are at the heart of our commitments for an optimal customer experience.","breadcrumb":{"@id":"https:\/\/kojicskin-europe.com\/conditions-generales-de-vente\/#breadcrumb"},"inLanguage":"en-GB","potentialAction":[{"@type":"ReadAction","target":["https:\/\/kojicskin-europe.com\/conditions-generales-de-vente\/"]}]},{"@type":"BreadcrumbList","@id":"https:\/\/kojicskin-europe.com\/conditions-generales-de-vente\/#breadcrumb","itemListElement":[{"@type":"ListItem","position":1,"name":"Accueil","item":"https:\/\/kojicskin-europe.com\/"},{"@type":"ListItem","position":2,"name":"Conditions g\u00e9n\u00e9rales de vente (CGV)"}]},{"@type":"WebSite","@id":"https:\/\/kojicskin-europe.com\/#website","url":"https:\/\/kojicskin-europe.com\/","name":"Kojic Skin Europe","description":"","publisher":{"@id":"https:\/\/kojicskin-europe.com\/#organization"},"potentialAction":[{"@type":"SearchAction","target":{"@type":"EntryPoint","urlTemplate":"https:\/\/kojicskin-europe.com\/?s={search_term_string}"},"query-input":{"@type":"PropertyValueSpecification","valueRequired":true,"valueName":"search_term_string"}}],"inLanguage":"en-GB"},{"@type":"Organization","@id":"https:\/\/kojicskin-europe.com\/#organization","name":"Kojic Skin Europe","url":"https:\/\/kojicskin-europe.com\/","logo":{"@type":"ImageObject","inLanguage":"en-GB","@id":"https:\/\/kojicskin-europe.com\/#\/schema\/logo\/image\/","url":"https:\/\/kojicskin-europe.com\/wp-content\/uploads\/2024\/11\/kojic-skin-europe-logo.png","contentUrl":"https:\/\/kojicskin-europe.com\/wp-content\/uploads\/2024\/11\/kojic-skin-europe-logo.png","width":2078,"height":541,"caption":"Kojic Skin Europe"},"image":{"@id":"https:\/\/kojicskin-europe.com\/#\/schema\/logo\/image\/"}}]}},"_links":{"self":[{"href":"https:\/\/kojicskin-europe.com\/en\/wp-json\/wp\/v2\/pages\/5450","targetHints":{"allow":["GET"]}}],"collection":[{"href":"https:\/\/kojicskin-europe.com\/en\/wp-json\/wp\/v2\/pages"}],"about":[{"href":"https:\/\/kojicskin-europe.com\/en\/wp-json\/wp\/v2\/types\/page"}],"author":[{"embeddable":true,"href":"https:\/\/kojicskin-europe.com\/en\/wp-json\/wp\/v2\/users\/1"}],"replies":[{"embeddable":true,"href":"https:\/\/kojicskin-europe.com\/en\/wp-json\/wp\/v2\/comments?post=5450"}],"version-history":[{"count":0,"href":"https:\/\/kojicskin-europe.com\/en\/wp-json\/wp\/v2\/pages\/5450\/revisions"}],"wp:attachment":[{"href":"https:\/\/kojicskin-europe.com\/en\/wp-json\/wp\/v2\/media?parent=5450"}],"curies":[{"name":"wp","href":"https:\/\/api.w.org\/{rel}","templated":true}]}}