{"id":976,"date":"2025-02-25T18:44:51","date_gmt":"2025-02-25T18:44:51","guid":{"rendered":"https:\/\/kojicskineurope.live-website.com\/?post_type=product&#038;p=976"},"modified":"2026-04-02T20:35:38","modified_gmt":"2026-04-02T18:35:38","slug":"gesichtsreiniger-kojie-san-100g","status":"publish","type":"product","link":"https:\/\/kojicskin-europe.com\/de\/nettoyant-pour-visage-kojie-san-100g\/","title":{"rendered":"Gesichtsreiniger \"Facial Wash\" 100g - Kojie San"},"content":{"rendered":"<p><strong>Aufhellender &amp; reinigender Gesichtsreiniger \"Facial Wash\" von Kojie San<\/strong>Die meisten Sch\u00fclerinnen und Sch\u00fcler sind in der Lage, sich selbst zu beurteilen, <strong>Kojic Skin - Europa<\/strong>. Der Hauptwirkstoff ist Kojis\u00e4ure.<\/p>\n<p>Reinigt die Haut gr\u00fcndlich durch <strong>Unreinheiten entfernen<\/strong> und<strong> Make-up-R\u00fcckst\u00e4nde<\/strong>Sie k\u00f6nnen das Fett bek\u00e4mpfen und so vorbeugen.<strong> die Mitesser<\/strong>, <strong>wei\u00dfe Punkte<\/strong> und <strong>Akneausbr\u00fcche<\/strong>. Gl\u00e4ttet und hellt unregelm\u00e4\u00dfigen und fahlen Teint auf durch <strong>beseitigt die<\/strong> <strong>abgestorbene Zellen<\/strong> der Haut.<\/p>\n<p>Verwendet die Null-Pigment-Licht-Technologie, ein einzigartiges System von<strong>Aufkl\u00e4rung<\/strong> der Haut, die den leistungsstarken Wirkstoff effektiv bindet, um sicherzustellen, dass er von Ihrer Haut aufgenommen und dort aktiviert wird, wo er am dringendsten ben\u00f6tigt wird. Die starke Wirkungsweise zielt auf <strong>braune Flecken<\/strong>, <strong>Altersflecken<\/strong>, <strong>die Narben<\/strong>, <strong>Melasma<\/strong> und die<strong>Hyperpigmentierung<\/strong>und Ihnen einen sch\u00f6nen Teint verleihen <strong>heller<\/strong> und <strong>Uniform<\/strong>.<\/p>","protected":false},"excerpt":{"rendered":"<ul>\n<li><strong><u>VORBEREITET &amp; VERSENDET INNERHALB VON 5 TAGEN<\/u><\/strong><\/li>\n<li>Entfernt Unreinheiten und Make-up mit Kojis\u00e4ure<\/li>\n<li>Bek\u00e4mpft Mitesser und Akne, f\u00fcr eine reine Haut<\/li>\n<li>Gl\u00e4ttet den Teint und l\u00e4sst ihn strahlen, indem er abgestorbene Hautzellen entfernt<\/li>\n<li>Null-Pigment-Lichttechnologie f\u00fcr einen ebenm\u00e4\u00dfigen Teint<\/li>\n<li>Zielt effektiv auf braune Flecken, Narben und Hyperpigmentierung ab<\/li>\n<li><strong>Format<\/strong> : 100 ml<\/li>\n<\/ul>","protected":false},"featured_media":1003,"template":"","meta":{"ocean_post_layout":"","ocean_both_sidebars_style":"","ocean_both_sidebars_content_width":0,"ocean_both_sidebars_sidebars_width":0,"ocean_sidebar":"0","ocean_second_sidebar":"0","ocean_disable_margins":"enable","ocean_add_body_class":"","ocean_shortcode_before_top_bar":"","ocean_shortcode_after_top_bar":"","ocean_shortcode_before_header":"","ocean_shortcode_after_header":"","ocean_has_shortcode":"","ocean_shortcode_after_title":"","ocean_shortcode_before_footer_widgets":"","ocean_shortcode_after_footer_widgets":"","ocean_shortcode_before_footer_bottom":"","ocean_shortcode_after_footer_bottom":"","ocean_display_top_bar":"default","ocean_display_header":"default","ocean_header_style":"","ocean_center_header_left_menu":"0","ocean_custom_header_template":"0","ocean_custom_logo":0,"ocean_custom_retina_logo":0,"ocean_custom_logo_max_width":0,"ocean_custom_logo_tablet_max_width":0,"ocean_custom_logo_mobile_max_width":0,"ocean_custom_logo_max_height":0,"ocean_custom_logo_tablet_max_height":0,"ocean_custom_logo_mobile_max_height":0,"ocean_header_custom_menu":"0","ocean_menu_typo_font_family":"0","ocean_menu_typo_font_subset":"","ocean_menu_typo_font_size":0,"ocean_menu_typo_font_size_tablet":0,"ocean_menu_typo_font_size_mobile":0,"ocean_menu_typo_font_size_unit":"px","ocean_menu_typo_font_weight":"","ocean_menu_typo_font_weight_tablet":"","ocean_menu_typo_font_weight_mobile":"","ocean_menu_typo_transform":"","ocean_menu_typo_transform_tablet":"","ocean_menu_typo_transform_mobile":"","ocean_menu_typo_line_height":0,"ocean_menu_typo_line_height_tablet":0,"ocean_menu_typo_line_height_mobile":0,"ocean_menu_typo_line_height_unit":"","ocean_menu_typo_spacing":0,"ocean_menu_typo_spacing_tablet":0,"ocean_menu_typo_spacing_mobile":0,"ocean_menu_typo_spacing_unit":"","ocean_menu_link_color":"","ocean_menu_link_color_hover":"","ocean_menu_link_color_active":"","ocean_menu_link_background":"","ocean_menu_link_hover_background":"","ocean_menu_link_active_background":"","ocean_menu_social_links_bg":"","ocean_menu_social_hover_links_bg":"","ocean_menu_social_links_color":"","ocean_menu_social_hover_links_color":"","ocean_disable_title":"default","ocean_disable_heading":"default","ocean_post_title":"","ocean_post_subheading":"","ocean_post_title_style":"","ocean_post_title_background_color":"","ocean_post_title_background":0,"ocean_post_title_bg_image_position":"","ocean_post_title_bg_image_attachment":"","ocean_post_title_bg_image_repeat":"","ocean_post_title_bg_image_size":"","ocean_post_title_height":0,"ocean_post_title_bg_overlay":0.5,"ocean_post_title_bg_overlay_color":"","ocean_disable_breadcrumbs":"default","ocean_breadcrumbs_color":"","ocean_breadcrumbs_separator_color":"","ocean_breadcrumbs_links_color":"","ocean_breadcrumbs_links_hover_color":"","ocean_display_footer_widgets":"default","ocean_display_footer_bottom":"default","ocean_custom_footer_template":"0"},"product_brand":[],"product_cat":[18,23],"product_tag":[],"class_list":{"0":"post-976","1":"product","2":"type-product","3":"status-publish","4":"has-post-thumbnail","6":"product_cat-kojie-san-cremes-lotions","7":"product_cat-kojie-san","9":"entry","10":"has-media","12":"first","13":"instock","14":"taxable","15":"shipping-taxable","16":"purchasable","17":"product-type-simple","18":"has-product-nav","19":"col","20":"span_1_of_3","21":"owp-content-center","22":"owp-thumbs-layout-horizontal","23":"owp-btn-normal","24":"owp-tabs-layout-horizontal","25":"has-no-thumbnails"},"yoast_head":"<!-- This site is optimized with the Yoast SEO plugin v27.3 - https:\/\/yoast.com\/product\/yoast-seo-wordpress\/ -->\n<title>Nettoyant pour visage &quot;Facial Wash&quot; 100g - Kojie San<\/title>\n<meta name=\"description\" content=\"Dites adieu aux impuret\u00e9s et \u00e0 l&#039;acn\u00e9 avec le nettoyant pour visage Kojie San. Disponible chez Kojic Skin - Europe d\u00e9s maintenant sur notre site web.\" \/>\n<meta name=\"robots\" content=\"index, follow, max-snippet:-1, max-image-preview:large, max-video-preview:-1\" \/>\n<link rel=\"canonical\" href=\"https:\/\/kojicskin-europe.com\/de\/gesichtsreiniger-kojie-san-100g\/\" \/>\n<meta property=\"og:locale\" content=\"de_DE\" \/>\n<meta property=\"og:type\" content=\"article\" \/>\n<meta property=\"og:title\" content=\"Nettoyant pour visage &quot;Facial Wash&quot; 100g - Kojie San\" \/>\n<meta property=\"og:description\" content=\"Dites adieu aux impuret\u00e9s et \u00e0 l&#039;acn\u00e9 avec le nettoyant pour visage Kojie San. Disponible chez Kojic Skin - Europe d\u00e9s maintenant sur notre site web.\" \/>\n<meta property=\"og:url\" content=\"https:\/\/kojicskin-europe.com\/de\/gesichtsreiniger-kojie-san-100g\/\" \/>\n<meta property=\"og:site_name\" content=\"Kojic Skin Europe\" \/>\n<meta property=\"article:modified_time\" content=\"2026-04-02T18:35:38+00:00\" \/>\n<meta property=\"og:image\" content=\"https:\/\/kojicskin-europe.com\/wp-content\/uploads\/2025\/02\/nettoyant-visage-kojie-san-100-ml.webp\" \/>\n\t<meta property=\"og:image:width\" content=\"800\" \/>\n\t<meta property=\"og:image:height\" content=\"800\" \/>\n\t<meta property=\"og:image:type\" content=\"image\/webp\" \/>\n<meta name=\"twitter:card\" content=\"summary_large_image\" \/>\n<meta name=\"twitter:label1\" content=\"Gesch\u00e4tzte Lesezeit\" \/>\n\t<meta name=\"twitter:data1\" content=\"1\u00a0Minute\" \/>\n<script type=\"application\/ld+json\" class=\"yoast-schema-graph\">{\"@context\":\"https:\\\/\\\/schema.org\",\"@graph\":[{\"@type\":\"WebPage\",\"@id\":\"https:\\\/\\\/kojicskin-europe.com\\\/nettoyant-pour-visage-kojie-san-100g\\\/\",\"url\":\"https:\\\/\\\/kojicskin-europe.com\\\/nettoyant-pour-visage-kojie-san-100g\\\/\",\"name\":\"Nettoyant pour visage \\\"Facial Wash\\\" 100g - Kojie San\",\"isPartOf\":{\"@id\":\"https:\\\/\\\/kojicskin-europe.com\\\/#website\"},\"primaryImageOfPage\":{\"@id\":\"https:\\\/\\\/kojicskin-europe.com\\\/nettoyant-pour-visage-kojie-san-100g\\\/#primaryimage\"},\"image\":{\"@id\":\"https:\\\/\\\/kojicskin-europe.com\\\/nettoyant-pour-visage-kojie-san-100g\\\/#primaryimage\"},\"thumbnailUrl\":\"https:\\\/\\\/kojicskin-europe.com\\\/wp-content\\\/uploads\\\/2025\\\/02\\\/nettoyant-visage-kojie-san-100-ml.webp\",\"datePublished\":\"2025-02-25T18:44:51+00:00\",\"dateModified\":\"2026-04-02T18:35:38+00:00\",\"description\":\"Dites adieu aux impuret\u00e9s et \u00e0 l'acn\u00e9 avec le nettoyant pour visage Kojie San. Disponible chez Kojic Skin - Europe d\u00e9s maintenant sur notre site web.\",\"breadcrumb\":{\"@id\":\"https:\\\/\\\/kojicskin-europe.com\\\/nettoyant-pour-visage-kojie-san-100g\\\/#breadcrumb\"},\"inLanguage\":\"de\",\"potentialAction\":[{\"@type\":\"ReadAction\",\"target\":[\"https:\\\/\\\/kojicskin-europe.com\\\/nettoyant-pour-visage-kojie-san-100g\\\/\"]}]},{\"@type\":\"ImageObject\",\"inLanguage\":\"de\",\"@id\":\"https:\\\/\\\/kojicskin-europe.com\\\/nettoyant-pour-visage-kojie-san-100g\\\/#primaryimage\",\"url\":\"https:\\\/\\\/kojicskin-europe.com\\\/wp-content\\\/uploads\\\/2025\\\/02\\\/nettoyant-visage-kojie-san-100-ml.webp\",\"contentUrl\":\"https:\\\/\\\/kojicskin-europe.com\\\/wp-content\\\/uploads\\\/2025\\\/02\\\/nettoyant-visage-kojie-san-100-ml.webp\",\"width\":800,\"height\":800},{\"@type\":\"BreadcrumbList\",\"@id\":\"https:\\\/\\\/kojicskin-europe.com\\\/nettoyant-pour-visage-kojie-san-100g\\\/#breadcrumb\",\"itemListElement\":[{\"@type\":\"ListItem\",\"position\":1,\"name\":\"Accueil\",\"item\":\"https:\\\/\\\/kojicskin-europe.com\\\/\"},{\"@type\":\"ListItem\",\"position\":2,\"name\":\"Kojie San\",\"item\":\"https:\\\/\\\/kojicskin-europe.com\\\/kojie-san\\\/\"},{\"@type\":\"ListItem\",\"position\":3,\"name\":\"Nettoyant pour visage \u00ab\u00a0Facial Wash\u00a0\u00bb 100g &#8211; Kojie San\"}]},{\"@type\":\"WebSite\",\"@id\":\"https:\\\/\\\/kojicskin-europe.com\\\/#website\",\"url\":\"https:\\\/\\\/kojicskin-europe.com\\\/\",\"name\":\"Kojic Skin Europe\",\"description\":\"\",\"publisher\":{\"@id\":\"https:\\\/\\\/kojicskin-europe.com\\\/#organization\"},\"potentialAction\":[{\"@type\":\"SearchAction\",\"target\":{\"@type\":\"EntryPoint\",\"urlTemplate\":\"https:\\\/\\\/kojicskin-europe.com\\\/?s={search_term_string}\"},\"query-input\":{\"@type\":\"PropertyValueSpecification\",\"valueRequired\":true,\"valueName\":\"search_term_string\"}}],\"inLanguage\":\"de\"},{\"@type\":\"Organization\",\"@id\":\"https:\\\/\\\/kojicskin-europe.com\\\/#organization\",\"name\":\"Kojic Skin Europe\",\"url\":\"https:\\\/\\\/kojicskin-europe.com\\\/\",\"logo\":{\"@type\":\"ImageObject\",\"inLanguage\":\"de\",\"@id\":\"https:\\\/\\\/kojicskin-europe.com\\\/#\\\/schema\\\/logo\\\/image\\\/\",\"url\":\"https:\\\/\\\/kojicskin-europe.com\\\/wp-content\\\/uploads\\\/2024\\\/11\\\/kojic-skin-europe-logo.png\",\"contentUrl\":\"https:\\\/\\\/kojicskin-europe.com\\\/wp-content\\\/uploads\\\/2024\\\/11\\\/kojic-skin-europe-logo.png\",\"width\":2078,\"height\":541,\"caption\":\"Kojic Skin Europe\"},\"image\":{\"@id\":\"https:\\\/\\\/kojicskin-europe.com\\\/#\\\/schema\\\/logo\\\/image\\\/\"}}]}<\/script>\n<!-- \/ Yoast SEO plugin. -->","yoast_head_json":{"title":"Gesichtsreiniger \"Facial Wash\" 100g - Kojie San","description":"Verabschieden Sie sich von Unreinheiten und Akne mit dem Kojie San Gesichtsreiniger. Erh\u00e4ltlich bei Kojic Skin - Europe ab sofort auf unserer Website.","robots":{"index":"index","follow":"follow","max-snippet":"max-snippet:-1","max-image-preview":"max-image-preview:large","max-video-preview":"max-video-preview:-1"},"canonical":"https:\/\/kojicskin-europe.com\/de\/gesichtsreiniger-kojie-san-100g\/","og_locale":"de_DE","og_type":"article","og_title":"Nettoyant pour visage \"Facial Wash\" 100g - Kojie San","og_description":"Dites adieu aux impuret\u00e9s et \u00e0 l'acn\u00e9 avec le nettoyant pour visage Kojie San. Disponible chez Kojic Skin - Europe d\u00e9s maintenant sur notre site web.","og_url":"https:\/\/kojicskin-europe.com\/de\/gesichtsreiniger-kojie-san-100g\/","og_site_name":"Kojic Skin Europe","article_modified_time":"2026-04-02T18:35:38+00:00","og_image":[{"width":800,"height":800,"url":"https:\/\/kojicskin-europe.com\/wp-content\/uploads\/2025\/02\/nettoyant-visage-kojie-san-100-ml.webp","type":"image\/webp"}],"twitter_card":"summary_large_image","twitter_misc":{"Gesch\u00e4tzte Lesezeit":"1\u00a0Minute"},"schema":{"@context":"https:\/\/schema.org","@graph":[{"@type":"WebPage","@id":"https:\/\/kojicskin-europe.com\/nettoyant-pour-visage-kojie-san-100g\/","url":"https:\/\/kojicskin-europe.com\/nettoyant-pour-visage-kojie-san-100g\/","name":"Gesichtsreiniger \"Facial Wash\" 100g - Kojie San","isPartOf":{"@id":"https:\/\/kojicskin-europe.com\/#website"},"primaryImageOfPage":{"@id":"https:\/\/kojicskin-europe.com\/nettoyant-pour-visage-kojie-san-100g\/#primaryimage"},"image":{"@id":"https:\/\/kojicskin-europe.com\/nettoyant-pour-visage-kojie-san-100g\/#primaryimage"},"thumbnailUrl":"https:\/\/kojicskin-europe.com\/wp-content\/uploads\/2025\/02\/nettoyant-visage-kojie-san-100-ml.webp","datePublished":"2025-02-25T18:44:51+00:00","dateModified":"2026-04-02T18:35:38+00:00","description":"Verabschieden Sie sich von Unreinheiten und Akne mit dem Kojie San Gesichtsreiniger. Erh\u00e4ltlich bei Kojic Skin - Europe ab sofort auf unserer Website.","breadcrumb":{"@id":"https:\/\/kojicskin-europe.com\/nettoyant-pour-visage-kojie-san-100g\/#breadcrumb"},"inLanguage":"de","potentialAction":[{"@type":"ReadAction","target":["https:\/\/kojicskin-europe.com\/nettoyant-pour-visage-kojie-san-100g\/"]}]},{"@type":"ImageObject","inLanguage":"de","@id":"https:\/\/kojicskin-europe.com\/nettoyant-pour-visage-kojie-san-100g\/#primaryimage","url":"https:\/\/kojicskin-europe.com\/wp-content\/uploads\/2025\/02\/nettoyant-visage-kojie-san-100-ml.webp","contentUrl":"https:\/\/kojicskin-europe.com\/wp-content\/uploads\/2025\/02\/nettoyant-visage-kojie-san-100-ml.webp","width":800,"height":800},{"@type":"BreadcrumbList","@id":"https:\/\/kojicskin-europe.com\/nettoyant-pour-visage-kojie-san-100g\/#breadcrumb","itemListElement":[{"@type":"ListItem","position":1,"name":"Accueil","item":"https:\/\/kojicskin-europe.com\/"},{"@type":"ListItem","position":2,"name":"Kojie San","item":"https:\/\/kojicskin-europe.com\/kojie-san\/"},{"@type":"ListItem","position":3,"name":"Nettoyant pour visage \u00ab\u00a0Facial Wash\u00a0\u00bb 100g &#8211; Kojie San"}]},{"@type":"WebSite","@id":"https:\/\/kojicskin-europe.com\/#website","url":"https:\/\/kojicskin-europe.com\/","name":"Kojic Skin Europa","description":"","publisher":{"@id":"https:\/\/kojicskin-europe.com\/#organization"},"potentialAction":[{"@type":"SearchAction","target":{"@type":"EntryPoint","urlTemplate":"https:\/\/kojicskin-europe.com\/?s={search_term_string}"},"query-input":{"@type":"PropertyValueSpecification","valueRequired":true,"valueName":"search_term_string"}}],"inLanguage":"de"},{"@type":"Organization","@id":"https:\/\/kojicskin-europe.com\/#organization","name":"Kojic Skin Europa","url":"https:\/\/kojicskin-europe.com\/","logo":{"@type":"ImageObject","inLanguage":"de","@id":"https:\/\/kojicskin-europe.com\/#\/schema\/logo\/image\/","url":"https:\/\/kojicskin-europe.com\/wp-content\/uploads\/2024\/11\/kojic-skin-europe-logo.png","contentUrl":"https:\/\/kojicskin-europe.com\/wp-content\/uploads\/2024\/11\/kojic-skin-europe-logo.png","width":2078,"height":541,"caption":"Kojic Skin Europe"},"image":{"@id":"https:\/\/kojicskin-europe.com\/#\/schema\/logo\/image\/"}}]}},"_links":{"self":[{"href":"https:\/\/kojicskin-europe.com\/de\/wp-json\/wp\/v2\/product\/976","targetHints":{"allow":["GET"]}}],"collection":[{"href":"https:\/\/kojicskin-europe.com\/de\/wp-json\/wp\/v2\/product"}],"about":[{"href":"https:\/\/kojicskin-europe.com\/de\/wp-json\/wp\/v2\/types\/product"}],"version-history":[{"count":0,"href":"https:\/\/kojicskin-europe.com\/de\/wp-json\/wp\/v2\/product\/976\/revisions"}],"wp:featuredmedia":[{"embeddable":true,"href":"https:\/\/kojicskin-europe.com\/de\/wp-json\/wp\/v2\/media\/1003"}],"wp:attachment":[{"href":"https:\/\/kojicskin-europe.com\/de\/wp-json\/wp\/v2\/media?parent=976"}],"wp:term":[{"taxonomy":"product_brand","embeddable":true,"href":"https:\/\/kojicskin-europe.com\/de\/wp-json\/wp\/v2\/product_brand?post=976"},{"taxonomy":"product_cat","embeddable":true,"href":"https:\/\/kojicskin-europe.com\/de\/wp-json\/wp\/v2\/product_cat?post=976"},{"taxonomy":"product_tag","embeddable":true,"href":"https:\/\/kojicskin-europe.com\/de\/wp-json\/wp\/v2\/product_tag?post=976"}],"curies":[{"name":"wp","href":"https:\/\/api.w.org\/{rel}","templated":true}]}}