{"id":975,"date":"2025-02-25T18:44:51","date_gmt":"2025-02-25T18:44:51","guid":{"rendered":"https:\/\/kojicskineurope.live-website.com\/?post_type=product&#038;p=975"},"modified":"2026-02-04T01:09:08","modified_gmt":"2026-02-04T00:09:08","slug":"anti-aging-gesichtswasser-60ml-dream-white-kojie-san","status":"publish","type":"product","link":"https:\/\/kojicskin-europe.com\/de\/lotion-tonique-pour-visage-anti-age-60ml-dream-white-kojie-san\/","title":{"rendered":"Dream White\" belebende Lotion f\u00fcr das Anti-Aging-Gesicht 60ml - Kojie San"},"content":{"rendered":"<p>Dream White Aufhellende &amp; Belebende Gesichtslotion <strong>\"Anti-Aging Facial Toner\"<\/strong> von <strong>Kojie San<\/strong>Die Brosch\u00fcre wird \u00fcber den offiziellen Shop in Europa verkauft, <strong>Kojic Skin - Europa<\/strong>. Dieses aufhellende Anti-Aging-Produkt verwendet Kojis\u00e4ure und Kollagen als aktive Inhaltsstoffe.<\/p>\n<p>Die Lotion wurde f\u00fcr alle Hauttypen formuliert und enth\u00e4lt Meeres- und Botanikextrakte, die die Haut mit Feuchtigkeit versorgen und sie so auf die Verwendung von Cremes vorbereiten.<\/p>\n<p>Sie versorgt die Haut mit Feuchtigkeit, hellt sie auf und n\u00e4hrt sie. Die Lotion enth\u00e4lt au\u00dferdem porenverfeinernde Wirkstoffe f\u00fcr eine glattere und straffere Haut.<\/p>\n<p>Eine leichte L\u00f6sung, die aus einer Mischung nat\u00fcrlicher Inhaltsstoffe gewonnen wird und die Haut reinigt und mit Feuchtigkeit versorgt. Diese 2-in-1-Formel enth\u00e4lt Ginseng-Extrakt und Wildrosen\u00f6l, die f\u00fcr ihre F\u00e4higkeit bekannt sind, die Haut zu straffen und feine Linien und Falten zu gl\u00e4tten. Sie hilft auch, m\u00fcde und gesch\u00e4digte Haut zu beleben, beseitigt Unreinheiten und verhindert das Austrocknen.<\/p>\n<p>Kaufen Sie dieses Produkt jetzt auf <strong>Kojic Skin - Europa<\/strong><\/p>","protected":false},"excerpt":{"rendered":"<ul>\n<li><strong><u>VORBEREITET &amp; VERSENDET INNERHALB VON 5 TAGEN<\/u><\/strong><\/li>\n<li>Schenken Sie Ihrer Haut Jugendlichkeit mit der Kojie San Anti-Aging-Lotion. Kaufen Sie jetzt auf Kojic Skin - Europe!<\/li>\n<li>Versorgen Sie Ihren Teint mit Feuchtigkeit und lassen Sie ihn erstrahlen mit der Kojie San Lotion. Erh\u00e4ltlich bei Kojic Skin - Europe!<\/li>\n<li>Glattere und straffere Haut mit dem Kojie San Toner. Bestellen Sie noch heute bei Kojic Skin - Europe!<\/li>\n<li><strong>Format<\/strong> : 60 ml<\/li>\n<\/ul>","protected":false},"featured_media":1004,"template":"","meta":{"ocean_post_layout":"","ocean_both_sidebars_style":"","ocean_both_sidebars_content_width":0,"ocean_both_sidebars_sidebars_width":0,"ocean_sidebar":"0","ocean_second_sidebar":"0","ocean_disable_margins":"enable","ocean_add_body_class":"","ocean_shortcode_before_top_bar":"","ocean_shortcode_after_top_bar":"","ocean_shortcode_before_header":"","ocean_shortcode_after_header":"","ocean_has_shortcode":"","ocean_shortcode_after_title":"","ocean_shortcode_before_footer_widgets":"","ocean_shortcode_after_footer_widgets":"","ocean_shortcode_before_footer_bottom":"","ocean_shortcode_after_footer_bottom":"","ocean_display_top_bar":"default","ocean_display_header":"default","ocean_header_style":"","ocean_center_header_left_menu":"0","ocean_custom_header_template":"0","ocean_custom_logo":0,"ocean_custom_retina_logo":0,"ocean_custom_logo_max_width":0,"ocean_custom_logo_tablet_max_width":0,"ocean_custom_logo_mobile_max_width":0,"ocean_custom_logo_max_height":0,"ocean_custom_logo_tablet_max_height":0,"ocean_custom_logo_mobile_max_height":0,"ocean_header_custom_menu":"0","ocean_menu_typo_font_family":"0","ocean_menu_typo_font_subset":"","ocean_menu_typo_font_size":0,"ocean_menu_typo_font_size_tablet":0,"ocean_menu_typo_font_size_mobile":0,"ocean_menu_typo_font_size_unit":"px","ocean_menu_typo_font_weight":"","ocean_menu_typo_font_weight_tablet":"","ocean_menu_typo_font_weight_mobile":"","ocean_menu_typo_transform":"","ocean_menu_typo_transform_tablet":"","ocean_menu_typo_transform_mobile":"","ocean_menu_typo_line_height":0,"ocean_menu_typo_line_height_tablet":0,"ocean_menu_typo_line_height_mobile":0,"ocean_menu_typo_line_height_unit":"","ocean_menu_typo_spacing":0,"ocean_menu_typo_spacing_tablet":0,"ocean_menu_typo_spacing_mobile":0,"ocean_menu_typo_spacing_unit":"","ocean_menu_link_color":"","ocean_menu_link_color_hover":"","ocean_menu_link_color_active":"","ocean_menu_link_background":"","ocean_menu_link_hover_background":"","ocean_menu_link_active_background":"","ocean_menu_social_links_bg":"","ocean_menu_social_hover_links_bg":"","ocean_menu_social_links_color":"","ocean_menu_social_hover_links_color":"","ocean_disable_title":"default","ocean_disable_heading":"default","ocean_post_title":"","ocean_post_subheading":"","ocean_post_title_style":"","ocean_post_title_background_color":"","ocean_post_title_background":0,"ocean_post_title_bg_image_position":"","ocean_post_title_bg_image_attachment":"","ocean_post_title_bg_image_repeat":"","ocean_post_title_bg_image_size":"","ocean_post_title_height":0,"ocean_post_title_bg_overlay":0.5,"ocean_post_title_bg_overlay_color":"","ocean_disable_breadcrumbs":"default","ocean_breadcrumbs_color":"","ocean_breadcrumbs_separator_color":"","ocean_breadcrumbs_links_color":"","ocean_breadcrumbs_links_hover_color":"","ocean_display_footer_widgets":"default","ocean_display_footer_bottom":"default","ocean_custom_footer_template":"0"},"product_brand":[],"product_cat":[18,23],"product_tag":[],"class_list":{"0":"post-975","1":"product","2":"type-product","3":"status-publish","4":"has-post-thumbnail","6":"product_cat-kojie-san-cremes-lotions","7":"product_cat-kojie-san","9":"entry","10":"has-media","12":"first","13":"outofstock","14":"taxable","15":"shipping-taxable","16":"purchasable","17":"product-type-simple","18":"has-product-nav","19":"col","20":"span_1_of_3","21":"owp-content-center","22":"owp-thumbs-layout-horizontal","23":"owp-btn-normal","24":"owp-tabs-layout-horizontal","25":"has-no-thumbnails"},"yoast_head":"<!-- This site is optimized with the Yoast SEO plugin v27.3 - https:\/\/yoast.com\/product\/yoast-seo-wordpress\/ -->\n<title>Lotion tonifiante &quot;Dream White&quot; pour visage anti-\u00e2ge 60ml - Kojie San<\/title>\n<meta name=\"description\" content=\"\u00c9claircissez et rajeunissez votre peau avec l&#039;Anti-Aging Toner. Achetez sur Kojic Skin Europe d\u00e9s maintenant sur notre site web.\" \/>\n<meta name=\"robots\" content=\"index, follow, max-snippet:-1, max-image-preview:large, max-video-preview:-1\" \/>\n<link rel=\"canonical\" href=\"https:\/\/kojicskin-europe.com\/de\/anti-aging-gesichtswasser-60ml-dream-white-kojie-san\/\" \/>\n<meta property=\"og:locale\" content=\"de_DE\" \/>\n<meta property=\"og:type\" content=\"article\" \/>\n<meta property=\"og:title\" content=\"Lotion tonifiante &quot;Dream White&quot; pour visage anti-\u00e2ge 60ml - Kojie San\" \/>\n<meta property=\"og:description\" content=\"\u00c9claircissez et rajeunissez votre peau avec l&#039;Anti-Aging Toner. Achetez sur Kojic Skin Europe d\u00e9s maintenant sur notre site web.\" \/>\n<meta property=\"og:url\" content=\"https:\/\/kojicskin-europe.com\/de\/anti-aging-gesichtswasser-60ml-dream-white-kojie-san\/\" \/>\n<meta property=\"og:site_name\" content=\"Kojic Skin Europe\" \/>\n<meta property=\"article:modified_time\" content=\"2026-02-04T00:09:08+00:00\" \/>\n<meta property=\"og:image\" content=\"https:\/\/kojicskin-europe.com\/wp-content\/uploads\/2025\/02\/lotion-tonique-visage-collagene-anti-age-kojie-san.webp\" \/>\n\t<meta property=\"og:image:width\" content=\"800\" \/>\n\t<meta property=\"og:image:height\" content=\"800\" \/>\n\t<meta property=\"og:image:type\" content=\"image\/webp\" \/>\n<meta name=\"twitter:card\" content=\"summary_large_image\" \/>\n<meta name=\"twitter:label1\" content=\"Gesch\u00e4tzte Lesezeit\" \/>\n\t<meta name=\"twitter:data1\" content=\"2\u00a0Minuten\" \/>\n<script type=\"application\/ld+json\" class=\"yoast-schema-graph\">{\"@context\":\"https:\\\/\\\/schema.org\",\"@graph\":[{\"@type\":\"WebPage\",\"@id\":\"https:\\\/\\\/kojicskin-europe.com\\\/lotion-tonique-pour-visage-anti-age-60ml-dream-white-kojie-san\\\/\",\"url\":\"https:\\\/\\\/kojicskin-europe.com\\\/lotion-tonique-pour-visage-anti-age-60ml-dream-white-kojie-san\\\/\",\"name\":\"Lotion tonifiante \\\"Dream White\\\" pour visage anti-\u00e2ge 60ml - Kojie San\",\"isPartOf\":{\"@id\":\"https:\\\/\\\/kojicskin-europe.com\\\/#website\"},\"primaryImageOfPage\":{\"@id\":\"https:\\\/\\\/kojicskin-europe.com\\\/lotion-tonique-pour-visage-anti-age-60ml-dream-white-kojie-san\\\/#primaryimage\"},\"image\":{\"@id\":\"https:\\\/\\\/kojicskin-europe.com\\\/lotion-tonique-pour-visage-anti-age-60ml-dream-white-kojie-san\\\/#primaryimage\"},\"thumbnailUrl\":\"https:\\\/\\\/kojicskin-europe.com\\\/wp-content\\\/uploads\\\/2025\\\/02\\\/lotion-tonique-visage-collagene-anti-age-kojie-san.webp\",\"datePublished\":\"2025-02-25T18:44:51+00:00\",\"dateModified\":\"2026-02-04T00:09:08+00:00\",\"description\":\"\u00c9claircissez et rajeunissez votre peau avec l'Anti-Aging Toner. Achetez sur Kojic Skin Europe d\u00e9s maintenant sur notre site web.\",\"breadcrumb\":{\"@id\":\"https:\\\/\\\/kojicskin-europe.com\\\/lotion-tonique-pour-visage-anti-age-60ml-dream-white-kojie-san\\\/#breadcrumb\"},\"inLanguage\":\"de\",\"potentialAction\":[{\"@type\":\"ReadAction\",\"target\":[\"https:\\\/\\\/kojicskin-europe.com\\\/lotion-tonique-pour-visage-anti-age-60ml-dream-white-kojie-san\\\/\"]}]},{\"@type\":\"ImageObject\",\"inLanguage\":\"de\",\"@id\":\"https:\\\/\\\/kojicskin-europe.com\\\/lotion-tonique-pour-visage-anti-age-60ml-dream-white-kojie-san\\\/#primaryimage\",\"url\":\"https:\\\/\\\/kojicskin-europe.com\\\/wp-content\\\/uploads\\\/2025\\\/02\\\/lotion-tonique-visage-collagene-anti-age-kojie-san.webp\",\"contentUrl\":\"https:\\\/\\\/kojicskin-europe.com\\\/wp-content\\\/uploads\\\/2025\\\/02\\\/lotion-tonique-visage-collagene-anti-age-kojie-san.webp\",\"width\":800,\"height\":800},{\"@type\":\"BreadcrumbList\",\"@id\":\"https:\\\/\\\/kojicskin-europe.com\\\/lotion-tonique-pour-visage-anti-age-60ml-dream-white-kojie-san\\\/#breadcrumb\",\"itemListElement\":[{\"@type\":\"ListItem\",\"position\":1,\"name\":\"Accueil\",\"item\":\"https:\\\/\\\/kojicskin-europe.com\\\/\"},{\"@type\":\"ListItem\",\"position\":2,\"name\":\"Kojie San\",\"item\":\"https:\\\/\\\/kojicskin-europe.com\\\/kojie-san\\\/\"},{\"@type\":\"ListItem\",\"position\":3,\"name\":\"Lotion tonifiante \u00ab\u00a0Dream White\u00a0\u00bb pour visage anti-\u00e2ge 60ml &#8211; Kojie San\"}]},{\"@type\":\"WebSite\",\"@id\":\"https:\\\/\\\/kojicskin-europe.com\\\/#website\",\"url\":\"https:\\\/\\\/kojicskin-europe.com\\\/\",\"name\":\"Kojic Skin Europe\",\"description\":\"\",\"publisher\":{\"@id\":\"https:\\\/\\\/kojicskin-europe.com\\\/#organization\"},\"potentialAction\":[{\"@type\":\"SearchAction\",\"target\":{\"@type\":\"EntryPoint\",\"urlTemplate\":\"https:\\\/\\\/kojicskin-europe.com\\\/?s={search_term_string}\"},\"query-input\":{\"@type\":\"PropertyValueSpecification\",\"valueRequired\":true,\"valueName\":\"search_term_string\"}}],\"inLanguage\":\"de\"},{\"@type\":\"Organization\",\"@id\":\"https:\\\/\\\/kojicskin-europe.com\\\/#organization\",\"name\":\"Kojic Skin Europe\",\"url\":\"https:\\\/\\\/kojicskin-europe.com\\\/\",\"logo\":{\"@type\":\"ImageObject\",\"inLanguage\":\"de\",\"@id\":\"https:\\\/\\\/kojicskin-europe.com\\\/#\\\/schema\\\/logo\\\/image\\\/\",\"url\":\"https:\\\/\\\/kojicskin-europe.com\\\/wp-content\\\/uploads\\\/2024\\\/11\\\/kojic-skin-europe-logo.png\",\"contentUrl\":\"https:\\\/\\\/kojicskin-europe.com\\\/wp-content\\\/uploads\\\/2024\\\/11\\\/kojic-skin-europe-logo.png\",\"width\":2078,\"height\":541,\"caption\":\"Kojic Skin Europe\"},\"image\":{\"@id\":\"https:\\\/\\\/kojicskin-europe.com\\\/#\\\/schema\\\/logo\\\/image\\\/\"}}]}<\/script>\n<!-- \/ Yoast SEO plugin. -->","yoast_head_json":{"title":"Dream White\" belebende Lotion f\u00fcr das Anti-Aging-Gesicht 60ml - Kojie San","description":"Hellen Sie Ihre Haut auf und verj\u00fcngen Sie sie mit dem Anti-Aging Toner. Kaufen Sie jetzt auf Kojic Skin Europe auf unserer Website.","robots":{"index":"index","follow":"follow","max-snippet":"max-snippet:-1","max-image-preview":"max-image-preview:large","max-video-preview":"max-video-preview:-1"},"canonical":"https:\/\/kojicskin-europe.com\/de\/anti-aging-gesichtswasser-60ml-dream-white-kojie-san\/","og_locale":"de_DE","og_type":"article","og_title":"Lotion tonifiante \"Dream White\" pour visage anti-\u00e2ge 60ml - Kojie San","og_description":"\u00c9claircissez et rajeunissez votre peau avec l'Anti-Aging Toner. Achetez sur Kojic Skin Europe d\u00e9s maintenant sur notre site web.","og_url":"https:\/\/kojicskin-europe.com\/de\/anti-aging-gesichtswasser-60ml-dream-white-kojie-san\/","og_site_name":"Kojic Skin Europe","article_modified_time":"2026-02-04T00:09:08+00:00","og_image":[{"width":800,"height":800,"url":"https:\/\/kojicskin-europe.com\/wp-content\/uploads\/2025\/02\/lotion-tonique-visage-collagene-anti-age-kojie-san.webp","type":"image\/webp"}],"twitter_card":"summary_large_image","twitter_misc":{"Gesch\u00e4tzte Lesezeit":"2\u00a0Minuten"},"schema":{"@context":"https:\/\/schema.org","@graph":[{"@type":"WebPage","@id":"https:\/\/kojicskin-europe.com\/lotion-tonique-pour-visage-anti-age-60ml-dream-white-kojie-san\/","url":"https:\/\/kojicskin-europe.com\/lotion-tonique-pour-visage-anti-age-60ml-dream-white-kojie-san\/","name":"Dream White\" belebende Lotion f\u00fcr das Anti-Aging-Gesicht 60ml - Kojie San","isPartOf":{"@id":"https:\/\/kojicskin-europe.com\/#website"},"primaryImageOfPage":{"@id":"https:\/\/kojicskin-europe.com\/lotion-tonique-pour-visage-anti-age-60ml-dream-white-kojie-san\/#primaryimage"},"image":{"@id":"https:\/\/kojicskin-europe.com\/lotion-tonique-pour-visage-anti-age-60ml-dream-white-kojie-san\/#primaryimage"},"thumbnailUrl":"https:\/\/kojicskin-europe.com\/wp-content\/uploads\/2025\/02\/lotion-tonique-visage-collagene-anti-age-kojie-san.webp","datePublished":"2025-02-25T18:44:51+00:00","dateModified":"2026-02-04T00:09:08+00:00","description":"Hellen Sie Ihre Haut auf und verj\u00fcngen Sie sie mit dem Anti-Aging Toner. Kaufen Sie jetzt auf Kojic Skin Europe auf unserer Website.","breadcrumb":{"@id":"https:\/\/kojicskin-europe.com\/lotion-tonique-pour-visage-anti-age-60ml-dream-white-kojie-san\/#breadcrumb"},"inLanguage":"de","potentialAction":[{"@type":"ReadAction","target":["https:\/\/kojicskin-europe.com\/lotion-tonique-pour-visage-anti-age-60ml-dream-white-kojie-san\/"]}]},{"@type":"ImageObject","inLanguage":"de","@id":"https:\/\/kojicskin-europe.com\/lotion-tonique-pour-visage-anti-age-60ml-dream-white-kojie-san\/#primaryimage","url":"https:\/\/kojicskin-europe.com\/wp-content\/uploads\/2025\/02\/lotion-tonique-visage-collagene-anti-age-kojie-san.webp","contentUrl":"https:\/\/kojicskin-europe.com\/wp-content\/uploads\/2025\/02\/lotion-tonique-visage-collagene-anti-age-kojie-san.webp","width":800,"height":800},{"@type":"BreadcrumbList","@id":"https:\/\/kojicskin-europe.com\/lotion-tonique-pour-visage-anti-age-60ml-dream-white-kojie-san\/#breadcrumb","itemListElement":[{"@type":"ListItem","position":1,"name":"Accueil","item":"https:\/\/kojicskin-europe.com\/"},{"@type":"ListItem","position":2,"name":"Kojie San","item":"https:\/\/kojicskin-europe.com\/kojie-san\/"},{"@type":"ListItem","position":3,"name":"Lotion tonifiante \u00ab\u00a0Dream White\u00a0\u00bb pour visage anti-\u00e2ge 60ml &#8211; Kojie San"}]},{"@type":"WebSite","@id":"https:\/\/kojicskin-europe.com\/#website","url":"https:\/\/kojicskin-europe.com\/","name":"Kojic Skin Europa","description":"","publisher":{"@id":"https:\/\/kojicskin-europe.com\/#organization"},"potentialAction":[{"@type":"SearchAction","target":{"@type":"EntryPoint","urlTemplate":"https:\/\/kojicskin-europe.com\/?s={search_term_string}"},"query-input":{"@type":"PropertyValueSpecification","valueRequired":true,"valueName":"search_term_string"}}],"inLanguage":"de"},{"@type":"Organization","@id":"https:\/\/kojicskin-europe.com\/#organization","name":"Kojic Skin Europa","url":"https:\/\/kojicskin-europe.com\/","logo":{"@type":"ImageObject","inLanguage":"de","@id":"https:\/\/kojicskin-europe.com\/#\/schema\/logo\/image\/","url":"https:\/\/kojicskin-europe.com\/wp-content\/uploads\/2024\/11\/kojic-skin-europe-logo.png","contentUrl":"https:\/\/kojicskin-europe.com\/wp-content\/uploads\/2024\/11\/kojic-skin-europe-logo.png","width":2078,"height":541,"caption":"Kojic Skin Europe"},"image":{"@id":"https:\/\/kojicskin-europe.com\/#\/schema\/logo\/image\/"}}]}},"_links":{"self":[{"href":"https:\/\/kojicskin-europe.com\/de\/wp-json\/wp\/v2\/product\/975","targetHints":{"allow":["GET"]}}],"collection":[{"href":"https:\/\/kojicskin-europe.com\/de\/wp-json\/wp\/v2\/product"}],"about":[{"href":"https:\/\/kojicskin-europe.com\/de\/wp-json\/wp\/v2\/types\/product"}],"version-history":[{"count":0,"href":"https:\/\/kojicskin-europe.com\/de\/wp-json\/wp\/v2\/product\/975\/revisions"}],"wp:featuredmedia":[{"embeddable":true,"href":"https:\/\/kojicskin-europe.com\/de\/wp-json\/wp\/v2\/media\/1004"}],"wp:attachment":[{"href":"https:\/\/kojicskin-europe.com\/de\/wp-json\/wp\/v2\/media?parent=975"}],"wp:term":[{"taxonomy":"product_brand","embeddable":true,"href":"https:\/\/kojicskin-europe.com\/de\/wp-json\/wp\/v2\/product_brand?post=975"},{"taxonomy":"product_cat","embeddable":true,"href":"https:\/\/kojicskin-europe.com\/de\/wp-json\/wp\/v2\/product_cat?post=975"},{"taxonomy":"product_tag","embeddable":true,"href":"https:\/\/kojicskin-europe.com\/de\/wp-json\/wp\/v2\/product_tag?post=975"}],"curies":[{"name":"wp","href":"https:\/\/api.w.org\/{rel}","templated":true}]}}