{"id":969,"date":"2025-02-25T18:44:49","date_gmt":"2025-02-25T18:44:49","guid":{"rendered":"https:\/\/kojicskineurope.live-website.com\/?post_type=product&#038;p=969"},"modified":"2026-04-13T01:48:47","modified_gmt":"2026-04-12T23:48:47","slug":"silka-korper-und-gesichtslotion-mit-papaya-200ml","status":"publish","type":"product","link":"https:\/\/kojicskin-europe.com\/de\/silka-lotion-corps-et-visage-a-la-papaye-200ml\/","title":{"rendered":"Papaya K\u00f6rperlotion SPF6 200ml - Silka"},"content":{"rendered":"<p><strong>Enth\u00fcllen Sie eine strahlende Haut mit der Papaya Body &amp; Face Lotion - Silka!<\/strong><\/p>\n<p>Unsere Zauberformel vereint die Kraft der <strong>Papaya-Enzyme<\/strong> und des <strong>BHA<\/strong> um zu jagen <strong>abgestorbene Zellen<\/strong>und eine Haut zu enth\u00fcllen <strong>heller<\/strong>, <strong>frisch<\/strong> und <strong>verj\u00fcngt<\/strong>. Papaya-Enzyme bieten einen <strong>sanftes Peeling<\/strong> aber<strong> effektiv<\/strong>BHA dringt tief in die Haut ein, um Unreinheiten zu beseitigen und Unreinheiten vorzubeugen.<\/p>\n<p><strong>Nat\u00fcrlicher Glanz garantiert!<\/strong><\/p>\n<p>Mit der <strong>Vitamin B3<\/strong>oder <strong>Niacinamid<\/strong>Die Haut ist in der Lage, die <strong>sichtbar heller<\/strong>, <strong>Uniform<\/strong> und <strong>strahlend<\/strong>Die meisten von ihnen sind von innen heraus erleuchtet.<\/p>\n<p><strong>Weichheit &amp; Feuchtigkeit<\/strong><\/p>\n<p>Angereichert mit feuchtigkeitsspendenden und revitalisierenden Wirkstoffen, ist diese Lotion <strong>n\u00e4hrt intensiv<\/strong> Ihre Haut, die <strong>weich lassend<\/strong>, <strong>weich<\/strong> und perfekt <strong>hydratisiert<\/strong>. Au\u00dferdem mit<strong> ein SPF6<\/strong>Wenn Sie sich von den sch\u00e4dlichen Auswirkungen von UV-Strahlen und Sonnensch\u00e4den verabschieden, k\u00f6nnen Sie sich auch von den sch\u00e4dlichen Auswirkungen der Sonne verabschieden.<\/p>\n<p><strong>Verst\u00e4rkter Schutz<\/strong><\/p>\n<p>Mit der <strong>Vitamin E<\/strong>Ihre Haut ist <strong>gesch\u00fctzt<\/strong> gegen den <strong>Alterung<\/strong> vorzeitig aufgrund von<strong> Sonne<\/strong> und an die <strong>Umweltverschmutzung<\/strong>. Verwenden Sie dieses Wunder regelm\u00e4\u00dfig f\u00fcr eine Haut<strong> leuchtend<\/strong>, <strong>Uniform<\/strong> und gut <strong>den ganzen Tag \u00fcber gesch\u00fctzt<\/strong>.<\/p>\n<p><strong>Entscheiden Sie sich f\u00fcr Silka und entdecken Sie die nat\u00fcrliche Sch\u00f6nheit Ihrer Haut!<\/strong><\/p>\n<p>Verkauft \u00fcber den offiziellen Silka-Shop in Europa, Kojic Skin - Europe.<\/p>","protected":false},"excerpt":{"rendered":"<ul>\n<li><strong>Vorbereitet und versandt innerhalb von 5 Tagen<\/strong><\/li>\n<li>Papaya und BHA: Entfernt abgestorbene Hautzellen<\/li>\n<li>Hellere, frischere und verj\u00fcngte Haut<\/li>\n<li>Vitamin B3: hellere, gleichm\u00e4\u00dfigere und strahlende Haut<\/li>\n<li>Feuchtigkeitsspendend und revitalisierend: weiche, geschmeidige und mit Feuchtigkeit versorgte Haut<\/li>\n<li>Schutz SPF6: gegen UV-Strahlen und Sonnensch\u00e4den<\/li>\n<li><strong>Format <\/strong>: 200 ml<\/li>\n<\/ul>","protected":false},"featured_media":763,"template":"","meta":{"ocean_post_layout":"","ocean_both_sidebars_style":"","ocean_both_sidebars_content_width":0,"ocean_both_sidebars_sidebars_width":0,"ocean_sidebar":"0","ocean_second_sidebar":"0","ocean_disable_margins":"enable","ocean_add_body_class":"","ocean_shortcode_before_top_bar":"","ocean_shortcode_after_top_bar":"","ocean_shortcode_before_header":"","ocean_shortcode_after_header":"","ocean_has_shortcode":"","ocean_shortcode_after_title":"","ocean_shortcode_before_footer_widgets":"","ocean_shortcode_after_footer_widgets":"","ocean_shortcode_before_footer_bottom":"","ocean_shortcode_after_footer_bottom":"","ocean_display_top_bar":"default","ocean_display_header":"default","ocean_header_style":"","ocean_center_header_left_menu":"0","ocean_custom_header_template":"0","ocean_custom_logo":0,"ocean_custom_retina_logo":0,"ocean_custom_logo_max_width":0,"ocean_custom_logo_tablet_max_width":0,"ocean_custom_logo_mobile_max_width":0,"ocean_custom_logo_max_height":0,"ocean_custom_logo_tablet_max_height":0,"ocean_custom_logo_mobile_max_height":0,"ocean_header_custom_menu":"0","ocean_menu_typo_font_family":"0","ocean_menu_typo_font_subset":"","ocean_menu_typo_font_size":0,"ocean_menu_typo_font_size_tablet":0,"ocean_menu_typo_font_size_mobile":0,"ocean_menu_typo_font_size_unit":"px","ocean_menu_typo_font_weight":"","ocean_menu_typo_font_weight_tablet":"","ocean_menu_typo_font_weight_mobile":"","ocean_menu_typo_transform":"","ocean_menu_typo_transform_tablet":"","ocean_menu_typo_transform_mobile":"","ocean_menu_typo_line_height":0,"ocean_menu_typo_line_height_tablet":0,"ocean_menu_typo_line_height_mobile":0,"ocean_menu_typo_line_height_unit":"","ocean_menu_typo_spacing":0,"ocean_menu_typo_spacing_tablet":0,"ocean_menu_typo_spacing_mobile":0,"ocean_menu_typo_spacing_unit":"","ocean_menu_link_color":"","ocean_menu_link_color_hover":"","ocean_menu_link_color_active":"","ocean_menu_link_background":"","ocean_menu_link_hover_background":"","ocean_menu_link_active_background":"","ocean_menu_social_links_bg":"","ocean_menu_social_hover_links_bg":"","ocean_menu_social_links_color":"","ocean_menu_social_hover_links_color":"","ocean_disable_title":"default","ocean_disable_heading":"default","ocean_post_title":"","ocean_post_subheading":"","ocean_post_title_style":"","ocean_post_title_background_color":"","ocean_post_title_background":0,"ocean_post_title_bg_image_position":"","ocean_post_title_bg_image_attachment":"","ocean_post_title_bg_image_repeat":"","ocean_post_title_bg_image_size":"","ocean_post_title_height":0,"ocean_post_title_bg_overlay":0.5,"ocean_post_title_bg_overlay_color":"","ocean_disable_breadcrumbs":"default","ocean_breadcrumbs_color":"","ocean_breadcrumbs_separator_color":"","ocean_breadcrumbs_links_color":"","ocean_breadcrumbs_links_hover_color":"","ocean_display_footer_widgets":"default","ocean_display_footer_bottom":"default","ocean_custom_footer_template":"0"},"product_brand":[],"product_cat":[31,28],"product_tag":[],"class_list":{"0":"post-969","1":"product","2":"type-product","3":"status-publish","4":"has-post-thumbnail","6":"product_cat-silka-lotions-nettoyants","7":"product_cat-silka","9":"entry","10":"has-media","12":"first","13":"instock","14":"taxable","15":"shipping-taxable","16":"purchasable","17":"product-type-simple","18":"has-product-nav","19":"col","20":"span_1_of_3","21":"owp-content-center","22":"owp-thumbs-layout-horizontal","23":"owp-btn-normal","24":"owp-tabs-layout-horizontal","25":"has-no-thumbnails"},"yoast_head":"<!-- This site is optimized with the Yoast SEO plugin v27.3 - https:\/\/yoast.com\/product\/yoast-seo-wordpress\/ -->\n<title>Lotion corporelle SPF6 \u00e0 la papaye 200ml - Silka<\/title>\n<meta name=\"description\" content=\"Lotion papaye Silka : exfoliation douce, teint \u00e9clatant et protection contre le vieillissement pr\u00e9matur\u00e9. Commandez maintenant !\" \/>\n<meta name=\"robots\" content=\"index, follow, max-snippet:-1, max-image-preview:large, max-video-preview:-1\" \/>\n<link rel=\"canonical\" href=\"https:\/\/kojicskin-europe.com\/de\/silka-korper-und-gesichtslotion-mit-papaya-200ml\/\" \/>\n<meta property=\"og:locale\" content=\"de_DE\" \/>\n<meta property=\"og:type\" content=\"article\" \/>\n<meta property=\"og:title\" content=\"Lotion corporelle SPF6 \u00e0 la papaye 200ml - Silka\" \/>\n<meta property=\"og:description\" content=\"Lotion papaye Silka : exfoliation douce, teint \u00e9clatant et protection contre le vieillissement pr\u00e9matur\u00e9. Commandez maintenant !\" \/>\n<meta property=\"og:url\" content=\"https:\/\/kojicskin-europe.com\/de\/silka-korper-und-gesichtslotion-mit-papaya-200ml\/\" \/>\n<meta property=\"og:site_name\" content=\"Kojic Skin Europe\" \/>\n<meta property=\"article:modified_time\" content=\"2026-04-12T23:48:47+00:00\" \/>\n<meta property=\"og:image\" content=\"https:\/\/kojicskin-europe.com\/wp-content\/uploads\/2024\/12\/silka-Lotion-elaircissante-visage-corps-papaye-kojic-skin-europe.webp\" \/>\n\t<meta property=\"og:image:width\" content=\"800\" \/>\n\t<meta property=\"og:image:height\" content=\"800\" \/>\n\t<meta property=\"og:image:type\" content=\"image\/webp\" \/>\n<meta name=\"twitter:card\" content=\"summary_large_image\" \/>\n<meta name=\"twitter:label1\" content=\"Gesch\u00e4tzte Lesezeit\" \/>\n\t<meta name=\"twitter:data1\" content=\"2\u00a0Minuten\" \/>\n<script type=\"application\/ld+json\" class=\"yoast-schema-graph\">{\"@context\":\"https:\\\/\\\/schema.org\",\"@graph\":[{\"@type\":\"WebPage\",\"@id\":\"https:\\\/\\\/kojicskin-europe.com\\\/silka-lotion-corps-et-visage-a-la-papaye-200ml\\\/\",\"url\":\"https:\\\/\\\/kojicskin-europe.com\\\/silka-lotion-corps-et-visage-a-la-papaye-200ml\\\/\",\"name\":\"Lotion corporelle SPF6 \u00e0 la papaye 200ml - Silka\",\"isPartOf\":{\"@id\":\"https:\\\/\\\/kojicskin-europe.com\\\/#website\"},\"primaryImageOfPage\":{\"@id\":\"https:\\\/\\\/kojicskin-europe.com\\\/silka-lotion-corps-et-visage-a-la-papaye-200ml\\\/#primaryimage\"},\"image\":{\"@id\":\"https:\\\/\\\/kojicskin-europe.com\\\/silka-lotion-corps-et-visage-a-la-papaye-200ml\\\/#primaryimage\"},\"thumbnailUrl\":\"https:\\\/\\\/kojicskin-europe.com\\\/wp-content\\\/uploads\\\/2024\\\/12\\\/silka-Lotion-elaircissante-visage-corps-papaye-kojic-skin-europe.webp\",\"datePublished\":\"2025-02-25T18:44:49+00:00\",\"dateModified\":\"2026-04-12T23:48:47+00:00\",\"description\":\"Lotion papaye Silka : exfoliation douce, teint \u00e9clatant et protection contre le vieillissement pr\u00e9matur\u00e9. Commandez maintenant !\",\"breadcrumb\":{\"@id\":\"https:\\\/\\\/kojicskin-europe.com\\\/silka-lotion-corps-et-visage-a-la-papaye-200ml\\\/#breadcrumb\"},\"inLanguage\":\"de\",\"potentialAction\":[{\"@type\":\"ReadAction\",\"target\":[\"https:\\\/\\\/kojicskin-europe.com\\\/silka-lotion-corps-et-visage-a-la-papaye-200ml\\\/\"]}]},{\"@type\":\"ImageObject\",\"inLanguage\":\"de\",\"@id\":\"https:\\\/\\\/kojicskin-europe.com\\\/silka-lotion-corps-et-visage-a-la-papaye-200ml\\\/#primaryimage\",\"url\":\"https:\\\/\\\/kojicskin-europe.com\\\/wp-content\\\/uploads\\\/2024\\\/12\\\/silka-Lotion-elaircissante-visage-corps-papaye-kojic-skin-europe.webp\",\"contentUrl\":\"https:\\\/\\\/kojicskin-europe.com\\\/wp-content\\\/uploads\\\/2024\\\/12\\\/silka-Lotion-elaircissante-visage-corps-papaye-kojic-skin-europe.webp\",\"width\":800,\"height\":800},{\"@type\":\"BreadcrumbList\",\"@id\":\"https:\\\/\\\/kojicskin-europe.com\\\/silka-lotion-corps-et-visage-a-la-papaye-200ml\\\/#breadcrumb\",\"itemListElement\":[{\"@type\":\"ListItem\",\"position\":1,\"name\":\"Accueil\",\"item\":\"https:\\\/\\\/kojicskin-europe.com\\\/\"},{\"@type\":\"ListItem\",\"position\":2,\"name\":\"Kojie San\",\"item\":\"https:\\\/\\\/kojicskin-europe.com\\\/kojie-san\\\/\"},{\"@type\":\"ListItem\",\"position\":3,\"name\":\"Lotion corporelle SPF6 \u00e0 la papaye 200ml &#8211; Silka\"}]},{\"@type\":\"WebSite\",\"@id\":\"https:\\\/\\\/kojicskin-europe.com\\\/#website\",\"url\":\"https:\\\/\\\/kojicskin-europe.com\\\/\",\"name\":\"Kojic Skin Europe\",\"description\":\"\",\"publisher\":{\"@id\":\"https:\\\/\\\/kojicskin-europe.com\\\/#organization\"},\"potentialAction\":[{\"@type\":\"SearchAction\",\"target\":{\"@type\":\"EntryPoint\",\"urlTemplate\":\"https:\\\/\\\/kojicskin-europe.com\\\/?s={search_term_string}\"},\"query-input\":{\"@type\":\"PropertyValueSpecification\",\"valueRequired\":true,\"valueName\":\"search_term_string\"}}],\"inLanguage\":\"de\"},{\"@type\":\"Organization\",\"@id\":\"https:\\\/\\\/kojicskin-europe.com\\\/#organization\",\"name\":\"Kojic Skin Europe\",\"url\":\"https:\\\/\\\/kojicskin-europe.com\\\/\",\"logo\":{\"@type\":\"ImageObject\",\"inLanguage\":\"de\",\"@id\":\"https:\\\/\\\/kojicskin-europe.com\\\/#\\\/schema\\\/logo\\\/image\\\/\",\"url\":\"https:\\\/\\\/kojicskin-europe.com\\\/wp-content\\\/uploads\\\/2024\\\/11\\\/kojic-skin-europe-logo.png\",\"contentUrl\":\"https:\\\/\\\/kojicskin-europe.com\\\/wp-content\\\/uploads\\\/2024\\\/11\\\/kojic-skin-europe-logo.png\",\"width\":2078,\"height\":541,\"caption\":\"Kojic Skin Europe\"},\"image\":{\"@id\":\"https:\\\/\\\/kojicskin-europe.com\\\/#\\\/schema\\\/logo\\\/image\\\/\"}}]}<\/script>\n<!-- \/ Yoast SEO plugin. -->","yoast_head_json":{"title":"Papaya K\u00f6rperlotion SPF6 200ml - Silka","description":"Silka Papaya Lotion: Sanftes Peeling, strahlender Teint und Schutz vor vorzeitiger Hautalterung. Jetzt bestellen!","robots":{"index":"index","follow":"follow","max-snippet":"max-snippet:-1","max-image-preview":"max-image-preview:large","max-video-preview":"max-video-preview:-1"},"canonical":"https:\/\/kojicskin-europe.com\/de\/silka-korper-und-gesichtslotion-mit-papaya-200ml\/","og_locale":"de_DE","og_type":"article","og_title":"Lotion corporelle SPF6 \u00e0 la papaye 200ml - Silka","og_description":"Lotion papaye Silka : exfoliation douce, teint \u00e9clatant et protection contre le vieillissement pr\u00e9matur\u00e9. Commandez maintenant !","og_url":"https:\/\/kojicskin-europe.com\/de\/silka-korper-und-gesichtslotion-mit-papaya-200ml\/","og_site_name":"Kojic Skin Europe","article_modified_time":"2026-04-12T23:48:47+00:00","og_image":[{"width":800,"height":800,"url":"https:\/\/kojicskin-europe.com\/wp-content\/uploads\/2024\/12\/silka-Lotion-elaircissante-visage-corps-papaye-kojic-skin-europe.webp","type":"image\/webp"}],"twitter_card":"summary_large_image","twitter_misc":{"Gesch\u00e4tzte Lesezeit":"2\u00a0Minuten"},"schema":{"@context":"https:\/\/schema.org","@graph":[{"@type":"WebPage","@id":"https:\/\/kojicskin-europe.com\/silka-lotion-corps-et-visage-a-la-papaye-200ml\/","url":"https:\/\/kojicskin-europe.com\/silka-lotion-corps-et-visage-a-la-papaye-200ml\/","name":"Papaya K\u00f6rperlotion SPF6 200ml - Silka","isPartOf":{"@id":"https:\/\/kojicskin-europe.com\/#website"},"primaryImageOfPage":{"@id":"https:\/\/kojicskin-europe.com\/silka-lotion-corps-et-visage-a-la-papaye-200ml\/#primaryimage"},"image":{"@id":"https:\/\/kojicskin-europe.com\/silka-lotion-corps-et-visage-a-la-papaye-200ml\/#primaryimage"},"thumbnailUrl":"https:\/\/kojicskin-europe.com\/wp-content\/uploads\/2024\/12\/silka-Lotion-elaircissante-visage-corps-papaye-kojic-skin-europe.webp","datePublished":"2025-02-25T18:44:49+00:00","dateModified":"2026-04-12T23:48:47+00:00","description":"Silka Papaya Lotion: Sanftes Peeling, strahlender Teint und Schutz vor vorzeitiger Hautalterung. Jetzt bestellen!","breadcrumb":{"@id":"https:\/\/kojicskin-europe.com\/silka-lotion-corps-et-visage-a-la-papaye-200ml\/#breadcrumb"},"inLanguage":"de","potentialAction":[{"@type":"ReadAction","target":["https:\/\/kojicskin-europe.com\/silka-lotion-corps-et-visage-a-la-papaye-200ml\/"]}]},{"@type":"ImageObject","inLanguage":"de","@id":"https:\/\/kojicskin-europe.com\/silka-lotion-corps-et-visage-a-la-papaye-200ml\/#primaryimage","url":"https:\/\/kojicskin-europe.com\/wp-content\/uploads\/2024\/12\/silka-Lotion-elaircissante-visage-corps-papaye-kojic-skin-europe.webp","contentUrl":"https:\/\/kojicskin-europe.com\/wp-content\/uploads\/2024\/12\/silka-Lotion-elaircissante-visage-corps-papaye-kojic-skin-europe.webp","width":800,"height":800},{"@type":"BreadcrumbList","@id":"https:\/\/kojicskin-europe.com\/silka-lotion-corps-et-visage-a-la-papaye-200ml\/#breadcrumb","itemListElement":[{"@type":"ListItem","position":1,"name":"Accueil","item":"https:\/\/kojicskin-europe.com\/"},{"@type":"ListItem","position":2,"name":"Kojie San","item":"https:\/\/kojicskin-europe.com\/kojie-san\/"},{"@type":"ListItem","position":3,"name":"Lotion corporelle SPF6 \u00e0 la papaye 200ml &#8211; Silka"}]},{"@type":"WebSite","@id":"https:\/\/kojicskin-europe.com\/#website","url":"https:\/\/kojicskin-europe.com\/","name":"Kojic Skin Europa","description":"","publisher":{"@id":"https:\/\/kojicskin-europe.com\/#organization"},"potentialAction":[{"@type":"SearchAction","target":{"@type":"EntryPoint","urlTemplate":"https:\/\/kojicskin-europe.com\/?s={search_term_string}"},"query-input":{"@type":"PropertyValueSpecification","valueRequired":true,"valueName":"search_term_string"}}],"inLanguage":"de"},{"@type":"Organization","@id":"https:\/\/kojicskin-europe.com\/#organization","name":"Kojic Skin Europa","url":"https:\/\/kojicskin-europe.com\/","logo":{"@type":"ImageObject","inLanguage":"de","@id":"https:\/\/kojicskin-europe.com\/#\/schema\/logo\/image\/","url":"https:\/\/kojicskin-europe.com\/wp-content\/uploads\/2024\/11\/kojic-skin-europe-logo.png","contentUrl":"https:\/\/kojicskin-europe.com\/wp-content\/uploads\/2024\/11\/kojic-skin-europe-logo.png","width":2078,"height":541,"caption":"Kojic Skin Europe"},"image":{"@id":"https:\/\/kojicskin-europe.com\/#\/schema\/logo\/image\/"}}]}},"_links":{"self":[{"href":"https:\/\/kojicskin-europe.com\/de\/wp-json\/wp\/v2\/product\/969","targetHints":{"allow":["GET"]}}],"collection":[{"href":"https:\/\/kojicskin-europe.com\/de\/wp-json\/wp\/v2\/product"}],"about":[{"href":"https:\/\/kojicskin-europe.com\/de\/wp-json\/wp\/v2\/types\/product"}],"version-history":[{"count":0,"href":"https:\/\/kojicskin-europe.com\/de\/wp-json\/wp\/v2\/product\/969\/revisions"}],"wp:featuredmedia":[{"embeddable":true,"href":"https:\/\/kojicskin-europe.com\/de\/wp-json\/wp\/v2\/media\/763"}],"wp:attachment":[{"href":"https:\/\/kojicskin-europe.com\/de\/wp-json\/wp\/v2\/media?parent=969"}],"wp:term":[{"taxonomy":"product_brand","embeddable":true,"href":"https:\/\/kojicskin-europe.com\/de\/wp-json\/wp\/v2\/product_brand?post=969"},{"taxonomy":"product_cat","embeddable":true,"href":"https:\/\/kojicskin-europe.com\/de\/wp-json\/wp\/v2\/product_cat?post=969"},{"taxonomy":"product_tag","embeddable":true,"href":"https:\/\/kojicskin-europe.com\/de\/wp-json\/wp\/v2\/product_tag?post=969"}],"curies":[{"name":"wp","href":"https:\/\/api.w.org\/{rel}","templated":true}]}}