{"id":924,"date":"2025-02-25T18:44:33","date_gmt":"2025-02-25T18:44:33","guid":{"rendered":"https:\/\/kojicskineurope.live-website.com\/?post_type=product&#038;p=924"},"modified":"2026-04-05T18:09:14","modified_gmt":"2026-04-05T16:09:14","slug":"3-aufhellende-seifen-kojie-san-3x65g","status":"publish","type":"product","link":"https:\/\/kojicskin-europe.com\/de\/3-savons-eclaircissants-kojie-san-3x65g\/","title":{"rendered":"3 aufhellende Seifen 3x65g - Kojie San"},"content":{"rendered":"<p>Wir bei Kojic Skin - Europe haben eine Leidenschaft f\u00fcr Sch\u00f6nheit und Wohlbefinden und bieten hochwertige Hautpflegel\u00f6sungen an. Probieren Sie unsere 65g Packung mit 3 aufhellenden Seifen aus und ver\u00e4ndern Sie Ihre Sch\u00f6nheitsroutine noch heute!<\/p>\n<p>Kojie San Seifen helfen, die Melaninproduktion zu verhindern, wodurch die Haut heller und leichter wird. Sie sind besonders wirksam bei der Milderung von braunen Flecken, Sommersprossen, Akne, Dehnungsstreifen, ungleichm\u00e4\u00dfigen Hautt\u00f6nen und anderen Hautproblemen.<\/p>\n<p>Perfekt f\u00fcr alle, die sich eine strahlende Haut und ein ebenm\u00e4\u00dfiges Erscheinungsbild w\u00fcnschen, dank der au\u00dfergew\u00f6hnlichen Wirksamkeit der in unseren Produkten enthaltenen Kojis\u00e4ure in einer praktischen Gr\u00f6\u00dfe. G\u00f6nnen Sie Ihrer Haut die Pflege, die sie verdient!<\/p>","protected":false},"excerpt":{"rendered":"<ul>\n<li><strong><u>VORBEREITET &amp; VERSENDET INNERHALB VON 5 TAGEN<\/u><\/strong><\/li>\n<li>Produkt 100 % authentisch von der Marke Kojie San<\/li>\n<li>Produkte auf der Grundlage von Kojis\u00e4ure<\/li>\n<li>Hilft, die Melaninproduktion zu verhindern<\/li>\n<li>Wirksam gegen braune Flecken, Sommersprossen, Akne...<\/li>\n<li><strong>Format<\/strong> : 3x65g<\/li>\n<\/ul>","protected":false},"featured_media":438,"template":"","meta":{"ocean_post_layout":"","ocean_both_sidebars_style":"","ocean_both_sidebars_content_width":0,"ocean_both_sidebars_sidebars_width":0,"ocean_sidebar":"0","ocean_second_sidebar":"0","ocean_disable_margins":"enable","ocean_add_body_class":"","ocean_shortcode_before_top_bar":"","ocean_shortcode_after_top_bar":"","ocean_shortcode_before_header":"","ocean_shortcode_after_header":"","ocean_has_shortcode":"","ocean_shortcode_after_title":"","ocean_shortcode_before_footer_widgets":"","ocean_shortcode_after_footer_widgets":"","ocean_shortcode_before_footer_bottom":"","ocean_shortcode_after_footer_bottom":"","ocean_display_top_bar":"default","ocean_display_header":"default","ocean_header_style":"","ocean_center_header_left_menu":"0","ocean_custom_header_template":"0","ocean_custom_logo":0,"ocean_custom_retina_logo":0,"ocean_custom_logo_max_width":0,"ocean_custom_logo_tablet_max_width":0,"ocean_custom_logo_mobile_max_width":0,"ocean_custom_logo_max_height":0,"ocean_custom_logo_tablet_max_height":0,"ocean_custom_logo_mobile_max_height":0,"ocean_header_custom_menu":"0","ocean_menu_typo_font_family":"0","ocean_menu_typo_font_subset":"","ocean_menu_typo_font_size":0,"ocean_menu_typo_font_size_tablet":0,"ocean_menu_typo_font_size_mobile":0,"ocean_menu_typo_font_size_unit":"px","ocean_menu_typo_font_weight":"","ocean_menu_typo_font_weight_tablet":"","ocean_menu_typo_font_weight_mobile":"","ocean_menu_typo_transform":"","ocean_menu_typo_transform_tablet":"","ocean_menu_typo_transform_mobile":"","ocean_menu_typo_line_height":0,"ocean_menu_typo_line_height_tablet":0,"ocean_menu_typo_line_height_mobile":0,"ocean_menu_typo_line_height_unit":"","ocean_menu_typo_spacing":0,"ocean_menu_typo_spacing_tablet":0,"ocean_menu_typo_spacing_mobile":0,"ocean_menu_typo_spacing_unit":"","ocean_menu_link_color":"","ocean_menu_link_color_hover":"","ocean_menu_link_color_active":"","ocean_menu_link_background":"","ocean_menu_link_hover_background":"","ocean_menu_link_active_background":"","ocean_menu_social_links_bg":"","ocean_menu_social_hover_links_bg":"","ocean_menu_social_links_color":"","ocean_menu_social_hover_links_color":"","ocean_disable_title":"default","ocean_disable_heading":"default","ocean_post_title":"","ocean_post_subheading":"","ocean_post_title_style":"","ocean_post_title_background_color":"","ocean_post_title_background":0,"ocean_post_title_bg_image_position":"","ocean_post_title_bg_image_attachment":"","ocean_post_title_bg_image_repeat":"","ocean_post_title_bg_image_size":"","ocean_post_title_height":0,"ocean_post_title_bg_overlay":0.5,"ocean_post_title_bg_overlay_color":"","ocean_disable_breadcrumbs":"default","ocean_breadcrumbs_color":"","ocean_breadcrumbs_separator_color":"","ocean_breadcrumbs_links_color":"","ocean_breadcrumbs_links_hover_color":"","ocean_display_footer_widgets":"default","ocean_display_footer_bottom":"default","ocean_custom_footer_template":"0"},"product_brand":[],"product_cat":[23,17],"product_tag":[],"class_list":{"0":"post-924","1":"product","2":"type-product","3":"status-publish","4":"has-post-thumbnail","6":"product_cat-kojie-san","7":"product_cat-kojie-san-savons","9":"entry","10":"has-media","12":"first","13":"instock","14":"taxable","15":"shipping-taxable","16":"purchasable","17":"product-type-simple","18":"has-product-nav","19":"col","20":"span_1_of_3","21":"owp-content-center","22":"owp-thumbs-layout-horizontal","23":"owp-btn-normal","24":"owp-tabs-layout-horizontal","25":"has-no-thumbnails"},"yoast_head":"<!-- This site is optimized with the Yoast SEO plugin v27.3 - https:\/\/yoast.com\/product\/yoast-seo-wordpress\/ -->\n<title>3 savons \u00e9claircissants 3x65g - Kojie San - Kojic Skin Europe<\/title>\n<meta name=\"robots\" content=\"index, follow, max-snippet:-1, max-image-preview:large, max-video-preview:-1\" \/>\n<link rel=\"canonical\" href=\"https:\/\/kojicskin-europe.com\/de\/3-aufhellende-seifen-kojie-san-3x65g\/\" \/>\n<meta property=\"og:locale\" content=\"de_DE\" \/>\n<meta property=\"og:type\" content=\"article\" \/>\n<meta property=\"og:title\" content=\"3 savons \u00e9claircissants 3x65g - Kojie San - Kojic Skin Europe\" \/>\n<meta property=\"og:description\" content=\"PR\u00c9PAR\u00c9 &amp; EXPEDI\u00c9 SOUS\u00a05 JOURS  Produit 100 % authentique de la marque Kojie San  Produits \u00e0 la base de l&#039;acide kojique  Aide \u00e0 pr\u00e9venir la production de m\u00e9lanine  Efficace contre les t\u00e2ches brunes, les t\u00e2ches de rousseur, l&#039;acn\u00e9...  Format : 3x65g\" \/>\n<meta property=\"og:url\" content=\"https:\/\/kojicskin-europe.com\/de\/3-aufhellende-seifen-kojie-san-3x65g\/\" \/>\n<meta property=\"og:site_name\" content=\"Kojic Skin Europe\" \/>\n<meta property=\"article:modified_time\" content=\"2026-04-05T16:09:14+00:00\" \/>\n<meta property=\"og:image\" content=\"https:\/\/kojicskin-europe.com\/wp-content\/uploads\/2024\/09\/kojic-skin-europe-3-savons-eclaircissants-65g-kojie-san.png\" \/>\n\t<meta property=\"og:image:width\" content=\"800\" \/>\n\t<meta property=\"og:image:height\" content=\"800\" \/>\n\t<meta property=\"og:image:type\" content=\"image\/png\" \/>\n<meta name=\"twitter:card\" content=\"summary_large_image\" \/>\n<meta name=\"twitter:label1\" content=\"Gesch\u00e4tzte Lesezeit\" \/>\n\t<meta name=\"twitter:data1\" content=\"1\u00a0Minute\" \/>\n<script type=\"application\/ld+json\" class=\"yoast-schema-graph\">{\"@context\":\"https:\\\/\\\/schema.org\",\"@graph\":[{\"@type\":\"WebPage\",\"@id\":\"https:\\\/\\\/kojicskin-europe.com\\\/3-savons-eclaircissants-kojie-san-3x65g\\\/\",\"url\":\"https:\\\/\\\/kojicskin-europe.com\\\/3-savons-eclaircissants-kojie-san-3x65g\\\/\",\"name\":\"3 savons \u00e9claircissants 3x65g - Kojie San - Kojic Skin Europe\",\"isPartOf\":{\"@id\":\"https:\\\/\\\/kojicskin-europe.com\\\/#website\"},\"primaryImageOfPage\":{\"@id\":\"https:\\\/\\\/kojicskin-europe.com\\\/3-savons-eclaircissants-kojie-san-3x65g\\\/#primaryimage\"},\"image\":{\"@id\":\"https:\\\/\\\/kojicskin-europe.com\\\/3-savons-eclaircissants-kojie-san-3x65g\\\/#primaryimage\"},\"thumbnailUrl\":\"https:\\\/\\\/kojicskin-europe.com\\\/wp-content\\\/uploads\\\/2024\\\/09\\\/kojic-skin-europe-3-savons-eclaircissants-65g-kojie-san.png\",\"datePublished\":\"2025-02-25T18:44:33+00:00\",\"dateModified\":\"2026-04-05T16:09:14+00:00\",\"breadcrumb\":{\"@id\":\"https:\\\/\\\/kojicskin-europe.com\\\/3-savons-eclaircissants-kojie-san-3x65g\\\/#breadcrumb\"},\"inLanguage\":\"de\",\"potentialAction\":[{\"@type\":\"ReadAction\",\"target\":[\"https:\\\/\\\/kojicskin-europe.com\\\/3-savons-eclaircissants-kojie-san-3x65g\\\/\"]}]},{\"@type\":\"ImageObject\",\"inLanguage\":\"de\",\"@id\":\"https:\\\/\\\/kojicskin-europe.com\\\/3-savons-eclaircissants-kojie-san-3x65g\\\/#primaryimage\",\"url\":\"https:\\\/\\\/kojicskin-europe.com\\\/wp-content\\\/uploads\\\/2024\\\/09\\\/kojic-skin-europe-3-savons-eclaircissants-65g-kojie-san.png\",\"contentUrl\":\"https:\\\/\\\/kojicskin-europe.com\\\/wp-content\\\/uploads\\\/2024\\\/09\\\/kojic-skin-europe-3-savons-eclaircissants-65g-kojie-san.png\",\"width\":800,\"height\":800,\"caption\":\"kojic skin europe 3 savons \u00e9claircissants 65g Kojie San\"},{\"@type\":\"BreadcrumbList\",\"@id\":\"https:\\\/\\\/kojicskin-europe.com\\\/3-savons-eclaircissants-kojie-san-3x65g\\\/#breadcrumb\",\"itemListElement\":[{\"@type\":\"ListItem\",\"position\":1,\"name\":\"Accueil\",\"item\":\"https:\\\/\\\/kojicskin-europe.com\\\/\"},{\"@type\":\"ListItem\",\"position\":2,\"name\":\"Kojie San\",\"item\":\"https:\\\/\\\/kojicskin-europe.com\\\/kojie-san\\\/\"},{\"@type\":\"ListItem\",\"position\":3,\"name\":\"3 savons \u00e9claircissants 3x65g &#8211; Kojie San\"}]},{\"@type\":\"WebSite\",\"@id\":\"https:\\\/\\\/kojicskin-europe.com\\\/#website\",\"url\":\"https:\\\/\\\/kojicskin-europe.com\\\/\",\"name\":\"Kojic Skin Europe\",\"description\":\"\",\"publisher\":{\"@id\":\"https:\\\/\\\/kojicskin-europe.com\\\/#organization\"},\"potentialAction\":[{\"@type\":\"SearchAction\",\"target\":{\"@type\":\"EntryPoint\",\"urlTemplate\":\"https:\\\/\\\/kojicskin-europe.com\\\/?s={search_term_string}\"},\"query-input\":{\"@type\":\"PropertyValueSpecification\",\"valueRequired\":true,\"valueName\":\"search_term_string\"}}],\"inLanguage\":\"de\"},{\"@type\":\"Organization\",\"@id\":\"https:\\\/\\\/kojicskin-europe.com\\\/#organization\",\"name\":\"Kojic Skin Europe\",\"url\":\"https:\\\/\\\/kojicskin-europe.com\\\/\",\"logo\":{\"@type\":\"ImageObject\",\"inLanguage\":\"de\",\"@id\":\"https:\\\/\\\/kojicskin-europe.com\\\/#\\\/schema\\\/logo\\\/image\\\/\",\"url\":\"https:\\\/\\\/kojicskin-europe.com\\\/wp-content\\\/uploads\\\/2024\\\/11\\\/kojic-skin-europe-logo.png\",\"contentUrl\":\"https:\\\/\\\/kojicskin-europe.com\\\/wp-content\\\/uploads\\\/2024\\\/11\\\/kojic-skin-europe-logo.png\",\"width\":2078,\"height\":541,\"caption\":\"Kojic Skin Europe\"},\"image\":{\"@id\":\"https:\\\/\\\/kojicskin-europe.com\\\/#\\\/schema\\\/logo\\\/image\\\/\"}}]}<\/script>\n<!-- \/ Yoast SEO plugin. -->","yoast_head_json":{"title":"3 aufhellende Seifen 3x65g - Kojie San - Kojic Skin Europe","robots":{"index":"index","follow":"follow","max-snippet":"max-snippet:-1","max-image-preview":"max-image-preview:large","max-video-preview":"max-video-preview:-1"},"canonical":"https:\/\/kojicskin-europe.com\/de\/3-aufhellende-seifen-kojie-san-3x65g\/","og_locale":"de_DE","og_type":"article","og_title":"3 savons \u00e9claircissants 3x65g - Kojie San - Kojic Skin Europe","og_description":"PR\u00c9PAR\u00c9 &amp; EXPEDI\u00c9 SOUS\u00a05 JOURS  Produit 100 % authentique de la marque Kojie San  Produits \u00e0 la base de l'acide kojique  Aide \u00e0 pr\u00e9venir la production de m\u00e9lanine  Efficace contre les t\u00e2ches brunes, les t\u00e2ches de rousseur, l'acn\u00e9...  Format : 3x65g","og_url":"https:\/\/kojicskin-europe.com\/de\/3-aufhellende-seifen-kojie-san-3x65g\/","og_site_name":"Kojic Skin Europe","article_modified_time":"2026-04-05T16:09:14+00:00","og_image":[{"width":800,"height":800,"url":"https:\/\/kojicskin-europe.com\/wp-content\/uploads\/2024\/09\/kojic-skin-europe-3-savons-eclaircissants-65g-kojie-san.png","type":"image\/png"}],"twitter_card":"summary_large_image","twitter_misc":{"Gesch\u00e4tzte Lesezeit":"1\u00a0Minute"},"schema":{"@context":"https:\/\/schema.org","@graph":[{"@type":"WebPage","@id":"https:\/\/kojicskin-europe.com\/3-savons-eclaircissants-kojie-san-3x65g\/","url":"https:\/\/kojicskin-europe.com\/3-savons-eclaircissants-kojie-san-3x65g\/","name":"3 aufhellende Seifen 3x65g - Kojie San - Kojic Skin Europe","isPartOf":{"@id":"https:\/\/kojicskin-europe.com\/#website"},"primaryImageOfPage":{"@id":"https:\/\/kojicskin-europe.com\/3-savons-eclaircissants-kojie-san-3x65g\/#primaryimage"},"image":{"@id":"https:\/\/kojicskin-europe.com\/3-savons-eclaircissants-kojie-san-3x65g\/#primaryimage"},"thumbnailUrl":"https:\/\/kojicskin-europe.com\/wp-content\/uploads\/2024\/09\/kojic-skin-europe-3-savons-eclaircissants-65g-kojie-san.png","datePublished":"2025-02-25T18:44:33+00:00","dateModified":"2026-04-05T16:09:14+00:00","breadcrumb":{"@id":"https:\/\/kojicskin-europe.com\/3-savons-eclaircissants-kojie-san-3x65g\/#breadcrumb"},"inLanguage":"de","potentialAction":[{"@type":"ReadAction","target":["https:\/\/kojicskin-europe.com\/3-savons-eclaircissants-kojie-san-3x65g\/"]}]},{"@type":"ImageObject","inLanguage":"de","@id":"https:\/\/kojicskin-europe.com\/3-savons-eclaircissants-kojie-san-3x65g\/#primaryimage","url":"https:\/\/kojicskin-europe.com\/wp-content\/uploads\/2024\/09\/kojic-skin-europe-3-savons-eclaircissants-65g-kojie-san.png","contentUrl":"https:\/\/kojicskin-europe.com\/wp-content\/uploads\/2024\/09\/kojic-skin-europe-3-savons-eclaircissants-65g-kojie-san.png","width":800,"height":800,"caption":"kojic skin europe 3 savons \u00e9claircissants 65g Kojie San"},{"@type":"BreadcrumbList","@id":"https:\/\/kojicskin-europe.com\/3-savons-eclaircissants-kojie-san-3x65g\/#breadcrumb","itemListElement":[{"@type":"ListItem","position":1,"name":"Accueil","item":"https:\/\/kojicskin-europe.com\/"},{"@type":"ListItem","position":2,"name":"Kojie San","item":"https:\/\/kojicskin-europe.com\/kojie-san\/"},{"@type":"ListItem","position":3,"name":"3 savons \u00e9claircissants 3x65g &#8211; Kojie San"}]},{"@type":"WebSite","@id":"https:\/\/kojicskin-europe.com\/#website","url":"https:\/\/kojicskin-europe.com\/","name":"Kojic Skin Europa","description":"","publisher":{"@id":"https:\/\/kojicskin-europe.com\/#organization"},"potentialAction":[{"@type":"SearchAction","target":{"@type":"EntryPoint","urlTemplate":"https:\/\/kojicskin-europe.com\/?s={search_term_string}"},"query-input":{"@type":"PropertyValueSpecification","valueRequired":true,"valueName":"search_term_string"}}],"inLanguage":"de"},{"@type":"Organization","@id":"https:\/\/kojicskin-europe.com\/#organization","name":"Kojic Skin Europa","url":"https:\/\/kojicskin-europe.com\/","logo":{"@type":"ImageObject","inLanguage":"de","@id":"https:\/\/kojicskin-europe.com\/#\/schema\/logo\/image\/","url":"https:\/\/kojicskin-europe.com\/wp-content\/uploads\/2024\/11\/kojic-skin-europe-logo.png","contentUrl":"https:\/\/kojicskin-europe.com\/wp-content\/uploads\/2024\/11\/kojic-skin-europe-logo.png","width":2078,"height":541,"caption":"Kojic Skin Europe"},"image":{"@id":"https:\/\/kojicskin-europe.com\/#\/schema\/logo\/image\/"}}]}},"_links":{"self":[{"href":"https:\/\/kojicskin-europe.com\/de\/wp-json\/wp\/v2\/product\/924","targetHints":{"allow":["GET"]}}],"collection":[{"href":"https:\/\/kojicskin-europe.com\/de\/wp-json\/wp\/v2\/product"}],"about":[{"href":"https:\/\/kojicskin-europe.com\/de\/wp-json\/wp\/v2\/types\/product"}],"version-history":[{"count":0,"href":"https:\/\/kojicskin-europe.com\/de\/wp-json\/wp\/v2\/product\/924\/revisions"}],"wp:featuredmedia":[{"embeddable":true,"href":"https:\/\/kojicskin-europe.com\/de\/wp-json\/wp\/v2\/media\/438"}],"wp:attachment":[{"href":"https:\/\/kojicskin-europe.com\/de\/wp-json\/wp\/v2\/media?parent=924"}],"wp:term":[{"taxonomy":"product_brand","embeddable":true,"href":"https:\/\/kojicskin-europe.com\/de\/wp-json\/wp\/v2\/product_brand?post=924"},{"taxonomy":"product_cat","embeddable":true,"href":"https:\/\/kojicskin-europe.com\/de\/wp-json\/wp\/v2\/product_cat?post=924"},{"taxonomy":"product_tag","embeddable":true,"href":"https:\/\/kojicskin-europe.com\/de\/wp-json\/wp\/v2\/product_tag?post=924"}],"curies":[{"name":"wp","href":"https:\/\/api.w.org\/{rel}","templated":true}]}}