{"id":735,"date":"2024-12-28T13:26:59","date_gmt":"2024-12-28T13:26:59","guid":{"rendered":"http:\/\/kojic-skin-europe.local\/?post_type=product&#038;p=735"},"modified":"2026-04-10T12:06:54","modified_gmt":"2026-04-10T10:06:54","slug":"silka-aufhellende-seife-mit-papaya-135g","status":"publish","type":"product","link":"https:\/\/kojicskin-europe.com\/de\/silka-savon-eclaircissant-a-la-papaye-135g\/","title":{"rendered":"Papayaseife 135g - Silka"},"content":{"rendered":"<p>Entdecken Sie eine nat\u00fcrliche und effektive Methode, um eine<strong> Haut sichtbar<\/strong> mehr <strong>klar<\/strong> und <strong>strahlend<\/strong>. Unser Produkt ist angereichert mit <strong>Papaya-Enzym<\/strong>ein <strong>starker nat\u00fcrlicher Inhaltsstoff<\/strong> der hilft <strong>eliminieren<\/strong> die <strong>abgestorbene Zellen<\/strong> von <strong>die Haut<\/strong>und f\u00f6rdert so <strong>die Zellerneuerung<\/strong> f\u00fcr einen<strong> j\u00fcngerer Teint<\/strong> und <strong>heller<\/strong>.<\/p>\n<p><strong>Vitamin E<\/strong>, bekannt f\u00fcr seine Eigenschaften <strong>feuchtigkeitsspendend<\/strong> und<strong> Antioxidantien<\/strong>wird hinzugef\u00fcgt, um <strong>die Weichheit verbessern<\/strong>Die <strong>Flexibilit\u00e4t<\/strong> und die <strong>Resilienz<\/strong> Ihrer Haut, indem Sie sie<strong> sch\u00fctzend<\/strong> gegen die a<strong>gressionen von au\u00dfen<\/strong> und die <strong>Alterserscheinungen<\/strong>. Sein zarter fruchtiger Duft sorgt f\u00fcr ein<strong> Frische den ganzen Tag<\/strong>So wird jede Benutzung zum Vergn\u00fcgen.<\/p>\n<p>F\u00fcr r<strong>\u00fcr optimale Ergebnisse<\/strong>, <strong>verwenden Sie dieses Produkt regelm\u00e4\u00dfig<\/strong> und beobachten Sie, wie Ihre Haut nach und nach<strong> glatt<\/strong>, mehr<strong> klar<\/strong> und <strong>strahlend gesund<\/strong>.<\/p>","protected":false},"excerpt":{"rendered":"<ul>\n<li><strong>Vorbereitet und versandt innerhalb von 5 Tagen<\/strong><\/li>\n<li>Entdecken Sie eine nat\u00fcrliche und effektive Methode f\u00fcr eine sichtbar hellere und strahlendere Haut.<\/li>\n<li>Angereichert mit Papaya-Enzym, um abgestorbene Hautzellen zu entfernen und die Zellerneuerung zu f\u00f6rdern.<\/li>\n<li>Enth\u00e4lt Vitamin E, das Ihre Haut mit Feuchtigkeit versorgt, sie geschmeidig macht und sie vor sch\u00e4dlichen Umwelteinfl\u00fcssen und den Zeichen der Hautalterung sch\u00fctzt.<\/li>\n<li>Zarter fruchtiger Duft, der den ganzen Tag \u00fcber ein Gef\u00fchl der Frische vermittelt.<\/li>\n<li>Regelm\u00e4\u00dfig anwenden f\u00fcr eine glattere, klarere und gesund strahlende Haut.<\/li>\n<li><strong>Format<\/strong> : 135 Gramm<\/li>\n<\/ul>","protected":false},"featured_media":736,"template":"","meta":{"ocean_post_layout":"","ocean_both_sidebars_style":"","ocean_both_sidebars_content_width":0,"ocean_both_sidebars_sidebars_width":0,"ocean_sidebar":"0","ocean_second_sidebar":"0","ocean_disable_margins":"enable","ocean_add_body_class":"","ocean_shortcode_before_top_bar":"","ocean_shortcode_after_top_bar":"","ocean_shortcode_before_header":"","ocean_shortcode_after_header":"","ocean_has_shortcode":"","ocean_shortcode_after_title":"","ocean_shortcode_before_footer_widgets":"","ocean_shortcode_after_footer_widgets":"","ocean_shortcode_before_footer_bottom":"","ocean_shortcode_after_footer_bottom":"","ocean_display_top_bar":"default","ocean_display_header":"default","ocean_header_style":"","ocean_center_header_left_menu":"0","ocean_custom_header_template":"0","ocean_custom_logo":0,"ocean_custom_retina_logo":0,"ocean_custom_logo_max_width":0,"ocean_custom_logo_tablet_max_width":0,"ocean_custom_logo_mobile_max_width":0,"ocean_custom_logo_max_height":0,"ocean_custom_logo_tablet_max_height":0,"ocean_custom_logo_mobile_max_height":0,"ocean_header_custom_menu":"0","ocean_menu_typo_font_family":"0","ocean_menu_typo_font_subset":"","ocean_menu_typo_font_size":0,"ocean_menu_typo_font_size_tablet":0,"ocean_menu_typo_font_size_mobile":0,"ocean_menu_typo_font_size_unit":"px","ocean_menu_typo_font_weight":"","ocean_menu_typo_font_weight_tablet":"","ocean_menu_typo_font_weight_mobile":"","ocean_menu_typo_transform":"","ocean_menu_typo_transform_tablet":"","ocean_menu_typo_transform_mobile":"","ocean_menu_typo_line_height":0,"ocean_menu_typo_line_height_tablet":0,"ocean_menu_typo_line_height_mobile":0,"ocean_menu_typo_line_height_unit":"","ocean_menu_typo_spacing":0,"ocean_menu_typo_spacing_tablet":0,"ocean_menu_typo_spacing_mobile":0,"ocean_menu_typo_spacing_unit":"","ocean_menu_link_color":"","ocean_menu_link_color_hover":"","ocean_menu_link_color_active":"","ocean_menu_link_background":"","ocean_menu_link_hover_background":"","ocean_menu_link_active_background":"","ocean_menu_social_links_bg":"","ocean_menu_social_hover_links_bg":"","ocean_menu_social_links_color":"","ocean_menu_social_hover_links_color":"","ocean_disable_title":"default","ocean_disable_heading":"default","ocean_post_title":"","ocean_post_subheading":"","ocean_post_title_style":"","ocean_post_title_background_color":"","ocean_post_title_background":0,"ocean_post_title_bg_image_position":"","ocean_post_title_bg_image_attachment":"","ocean_post_title_bg_image_repeat":"","ocean_post_title_bg_image_size":"","ocean_post_title_height":0,"ocean_post_title_bg_overlay":0.5,"ocean_post_title_bg_overlay_color":"","ocean_disable_breadcrumbs":"default","ocean_breadcrumbs_color":"","ocean_breadcrumbs_separator_color":"","ocean_breadcrumbs_links_color":"","ocean_breadcrumbs_links_hover_color":"","ocean_display_footer_widgets":"default","ocean_display_footer_bottom":"default","ocean_custom_footer_template":"0"},"product_brand":[],"product_cat":[29,28],"product_tag":[],"class_list":{"0":"post-735","1":"product","2":"type-product","3":"status-publish","4":"has-post-thumbnail","6":"product_cat-silka-savons-gels-douche","7":"product_cat-silka","9":"entry","10":"has-media","12":"first","13":"instock","14":"taxable","15":"shipping-taxable","16":"purchasable","17":"product-type-simple","18":"has-product-nav","19":"col","20":"span_1_of_3","21":"owp-content-center","22":"owp-thumbs-layout-horizontal","23":"owp-btn-normal","24":"owp-tabs-layout-horizontal","25":"has-no-thumbnails"},"yoast_head":"<!-- This site is optimized with the Yoast SEO plugin v27.3 - https:\/\/yoast.com\/product\/yoast-seo-wordpress\/ -->\n<title>Savon \u00e0 la papaye 135g - Silka<\/title>\n<meta name=\"description\" content=\"Comment obtenir un teint plus jeune et lumineux ? Essayez notre produit avec de la vitamine E ! Achetez-le d\u00e8s maintenant sur Kojic Skin - Europe !\" \/>\n<meta name=\"robots\" content=\"index, follow, max-snippet:-1, max-image-preview:large, max-video-preview:-1\" \/>\n<link rel=\"canonical\" href=\"https:\/\/kojicskin-europe.com\/de\/silka-aufhellende-seife-mit-papaya-135g\/\" \/>\n<meta property=\"og:locale\" content=\"de_DE\" \/>\n<meta property=\"og:type\" content=\"article\" \/>\n<meta property=\"og:title\" content=\"Savon \u00e0 la papaye 135g - Silka\" \/>\n<meta property=\"og:description\" content=\"Comment obtenir un teint plus jeune et lumineux ? Essayez notre produit avec de la vitamine E ! Achetez-le d\u00e8s maintenant sur Kojic Skin - Europe !\" \/>\n<meta property=\"og:url\" content=\"https:\/\/kojicskin-europe.com\/de\/silka-aufhellende-seife-mit-papaya-135g\/\" \/>\n<meta property=\"og:site_name\" content=\"Kojic Skin Europe\" \/>\n<meta property=\"article:modified_time\" content=\"2026-04-10T10:06:54+00:00\" \/>\n<meta property=\"og:image\" content=\"https:\/\/kojicskin-europe.com\/wp-content\/uploads\/2024\/12\/silka-savon-eclaircissant-papaye-kojic-skin-europe.webp\" \/>\n\t<meta property=\"og:image:width\" content=\"800\" \/>\n\t<meta property=\"og:image:height\" content=\"800\" \/>\n\t<meta property=\"og:image:type\" content=\"image\/webp\" \/>\n<meta name=\"twitter:card\" content=\"summary_large_image\" \/>\n<meta name=\"twitter:label1\" content=\"Gesch\u00e4tzte Lesezeit\" \/>\n\t<meta name=\"twitter:data1\" content=\"1\u00a0Minute\" \/>\n<script type=\"application\/ld+json\" class=\"yoast-schema-graph\">{\"@context\":\"https:\\\/\\\/schema.org\",\"@graph\":[{\"@type\":\"WebPage\",\"@id\":\"https:\\\/\\\/kojicskin-europe.com\\\/silka-savon-eclaircissant-a-la-papaye-135g\\\/\",\"url\":\"https:\\\/\\\/kojicskin-europe.com\\\/silka-savon-eclaircissant-a-la-papaye-135g\\\/\",\"name\":\"Savon \u00e0 la papaye 135g - Silka\",\"isPartOf\":{\"@id\":\"https:\\\/\\\/kojicskin-europe.com\\\/#website\"},\"primaryImageOfPage\":{\"@id\":\"https:\\\/\\\/kojicskin-europe.com\\\/silka-savon-eclaircissant-a-la-papaye-135g\\\/#primaryimage\"},\"image\":{\"@id\":\"https:\\\/\\\/kojicskin-europe.com\\\/silka-savon-eclaircissant-a-la-papaye-135g\\\/#primaryimage\"},\"thumbnailUrl\":\"https:\\\/\\\/kojicskin-europe.com\\\/wp-content\\\/uploads\\\/2024\\\/12\\\/silka-savon-eclaircissant-papaye-kojic-skin-europe.webp\",\"datePublished\":\"2024-12-28T13:26:59+00:00\",\"dateModified\":\"2026-04-10T10:06:54+00:00\",\"description\":\"Comment obtenir un teint plus jeune et lumineux ? Essayez notre produit avec de la vitamine E ! Achetez-le d\u00e8s maintenant sur Kojic Skin - Europe !\",\"breadcrumb\":{\"@id\":\"https:\\\/\\\/kojicskin-europe.com\\\/silka-savon-eclaircissant-a-la-papaye-135g\\\/#breadcrumb\"},\"inLanguage\":\"de\",\"potentialAction\":[{\"@type\":\"ReadAction\",\"target\":[\"https:\\\/\\\/kojicskin-europe.com\\\/silka-savon-eclaircissant-a-la-papaye-135g\\\/\"]}]},{\"@type\":\"ImageObject\",\"inLanguage\":\"de\",\"@id\":\"https:\\\/\\\/kojicskin-europe.com\\\/silka-savon-eclaircissant-a-la-papaye-135g\\\/#primaryimage\",\"url\":\"https:\\\/\\\/kojicskin-europe.com\\\/wp-content\\\/uploads\\\/2024\\\/12\\\/silka-savon-eclaircissant-papaye-kojic-skin-europe.webp\",\"contentUrl\":\"https:\\\/\\\/kojicskin-europe.com\\\/wp-content\\\/uploads\\\/2024\\\/12\\\/silka-savon-eclaircissant-papaye-kojic-skin-europe.webp\",\"width\":800,\"height\":800,\"caption\":\"savon \u00e9claircissant \u00e0 la papaye silka vendu par kojic skin europe\"},{\"@type\":\"BreadcrumbList\",\"@id\":\"https:\\\/\\\/kojicskin-europe.com\\\/silka-savon-eclaircissant-a-la-papaye-135g\\\/#breadcrumb\",\"itemListElement\":[{\"@type\":\"ListItem\",\"position\":1,\"name\":\"Accueil\",\"item\":\"https:\\\/\\\/kojicskin-europe.com\\\/\"},{\"@type\":\"ListItem\",\"position\":2,\"name\":\"Kojie San\",\"item\":\"https:\\\/\\\/kojicskin-europe.com\\\/kojie-san\\\/\"},{\"@type\":\"ListItem\",\"position\":3,\"name\":\"Savon \u00e0 la papaye 135g &#8211; Silka\"}]},{\"@type\":\"WebSite\",\"@id\":\"https:\\\/\\\/kojicskin-europe.com\\\/#website\",\"url\":\"https:\\\/\\\/kojicskin-europe.com\\\/\",\"name\":\"Kojic Skin Europe\",\"description\":\"\",\"publisher\":{\"@id\":\"https:\\\/\\\/kojicskin-europe.com\\\/#organization\"},\"potentialAction\":[{\"@type\":\"SearchAction\",\"target\":{\"@type\":\"EntryPoint\",\"urlTemplate\":\"https:\\\/\\\/kojicskin-europe.com\\\/?s={search_term_string}\"},\"query-input\":{\"@type\":\"PropertyValueSpecification\",\"valueRequired\":true,\"valueName\":\"search_term_string\"}}],\"inLanguage\":\"de\"},{\"@type\":\"Organization\",\"@id\":\"https:\\\/\\\/kojicskin-europe.com\\\/#organization\",\"name\":\"Kojic Skin Europe\",\"url\":\"https:\\\/\\\/kojicskin-europe.com\\\/\",\"logo\":{\"@type\":\"ImageObject\",\"inLanguage\":\"de\",\"@id\":\"https:\\\/\\\/kojicskin-europe.com\\\/#\\\/schema\\\/logo\\\/image\\\/\",\"url\":\"https:\\\/\\\/kojicskin-europe.com\\\/wp-content\\\/uploads\\\/2024\\\/11\\\/kojic-skin-europe-logo.png\",\"contentUrl\":\"https:\\\/\\\/kojicskin-europe.com\\\/wp-content\\\/uploads\\\/2024\\\/11\\\/kojic-skin-europe-logo.png\",\"width\":2078,\"height\":541,\"caption\":\"Kojic Skin Europe\"},\"image\":{\"@id\":\"https:\\\/\\\/kojicskin-europe.com\\\/#\\\/schema\\\/logo\\\/image\\\/\"}}]}<\/script>\n<!-- \/ Yoast SEO plugin. -->","yoast_head_json":{"title":"Papayaseife 135g - Silka","description":"Wie kann man einen j\u00fcngeren und strahlenderen Teint bekommen? Probieren Sie unser Produkt mit Vitamin E aus! Kaufen Sie es jetzt bei Kojic Skin - Europe!","robots":{"index":"index","follow":"follow","max-snippet":"max-snippet:-1","max-image-preview":"max-image-preview:large","max-video-preview":"max-video-preview:-1"},"canonical":"https:\/\/kojicskin-europe.com\/de\/silka-aufhellende-seife-mit-papaya-135g\/","og_locale":"de_DE","og_type":"article","og_title":"Savon \u00e0 la papaye 135g - Silka","og_description":"Comment obtenir un teint plus jeune et lumineux ? Essayez notre produit avec de la vitamine E ! Achetez-le d\u00e8s maintenant sur Kojic Skin - Europe !","og_url":"https:\/\/kojicskin-europe.com\/de\/silka-aufhellende-seife-mit-papaya-135g\/","og_site_name":"Kojic Skin Europe","article_modified_time":"2026-04-10T10:06:54+00:00","og_image":[{"width":800,"height":800,"url":"https:\/\/kojicskin-europe.com\/wp-content\/uploads\/2024\/12\/silka-savon-eclaircissant-papaye-kojic-skin-europe.webp","type":"image\/webp"}],"twitter_card":"summary_large_image","twitter_misc":{"Gesch\u00e4tzte Lesezeit":"1\u00a0Minute"},"schema":{"@context":"https:\/\/schema.org","@graph":[{"@type":"WebPage","@id":"https:\/\/kojicskin-europe.com\/silka-savon-eclaircissant-a-la-papaye-135g\/","url":"https:\/\/kojicskin-europe.com\/silka-savon-eclaircissant-a-la-papaye-135g\/","name":"Papayaseife 135g - Silka","isPartOf":{"@id":"https:\/\/kojicskin-europe.com\/#website"},"primaryImageOfPage":{"@id":"https:\/\/kojicskin-europe.com\/silka-savon-eclaircissant-a-la-papaye-135g\/#primaryimage"},"image":{"@id":"https:\/\/kojicskin-europe.com\/silka-savon-eclaircissant-a-la-papaye-135g\/#primaryimage"},"thumbnailUrl":"https:\/\/kojicskin-europe.com\/wp-content\/uploads\/2024\/12\/silka-savon-eclaircissant-papaye-kojic-skin-europe.webp","datePublished":"2024-12-28T13:26:59+00:00","dateModified":"2026-04-10T10:06:54+00:00","description":"Wie kann man einen j\u00fcngeren und strahlenderen Teint bekommen? Probieren Sie unser Produkt mit Vitamin E aus! Kaufen Sie es jetzt bei Kojic Skin - Europe!","breadcrumb":{"@id":"https:\/\/kojicskin-europe.com\/silka-savon-eclaircissant-a-la-papaye-135g\/#breadcrumb"},"inLanguage":"de","potentialAction":[{"@type":"ReadAction","target":["https:\/\/kojicskin-europe.com\/silka-savon-eclaircissant-a-la-papaye-135g\/"]}]},{"@type":"ImageObject","inLanguage":"de","@id":"https:\/\/kojicskin-europe.com\/silka-savon-eclaircissant-a-la-papaye-135g\/#primaryimage","url":"https:\/\/kojicskin-europe.com\/wp-content\/uploads\/2024\/12\/silka-savon-eclaircissant-papaye-kojic-skin-europe.webp","contentUrl":"https:\/\/kojicskin-europe.com\/wp-content\/uploads\/2024\/12\/silka-savon-eclaircissant-papaye-kojic-skin-europe.webp","width":800,"height":800,"caption":"savon \u00e9claircissant \u00e0 la papaye silka vendu par kojic skin europe"},{"@type":"BreadcrumbList","@id":"https:\/\/kojicskin-europe.com\/silka-savon-eclaircissant-a-la-papaye-135g\/#breadcrumb","itemListElement":[{"@type":"ListItem","position":1,"name":"Accueil","item":"https:\/\/kojicskin-europe.com\/"},{"@type":"ListItem","position":2,"name":"Kojie San","item":"https:\/\/kojicskin-europe.com\/kojie-san\/"},{"@type":"ListItem","position":3,"name":"Savon \u00e0 la papaye 135g &#8211; Silka"}]},{"@type":"WebSite","@id":"https:\/\/kojicskin-europe.com\/#website","url":"https:\/\/kojicskin-europe.com\/","name":"Kojic Skin Europa","description":"","publisher":{"@id":"https:\/\/kojicskin-europe.com\/#organization"},"potentialAction":[{"@type":"SearchAction","target":{"@type":"EntryPoint","urlTemplate":"https:\/\/kojicskin-europe.com\/?s={search_term_string}"},"query-input":{"@type":"PropertyValueSpecification","valueRequired":true,"valueName":"search_term_string"}}],"inLanguage":"de"},{"@type":"Organization","@id":"https:\/\/kojicskin-europe.com\/#organization","name":"Kojic Skin Europa","url":"https:\/\/kojicskin-europe.com\/","logo":{"@type":"ImageObject","inLanguage":"de","@id":"https:\/\/kojicskin-europe.com\/#\/schema\/logo\/image\/","url":"https:\/\/kojicskin-europe.com\/wp-content\/uploads\/2024\/11\/kojic-skin-europe-logo.png","contentUrl":"https:\/\/kojicskin-europe.com\/wp-content\/uploads\/2024\/11\/kojic-skin-europe-logo.png","width":2078,"height":541,"caption":"Kojic Skin Europe"},"image":{"@id":"https:\/\/kojicskin-europe.com\/#\/schema\/logo\/image\/"}}]}},"_links":{"self":[{"href":"https:\/\/kojicskin-europe.com\/de\/wp-json\/wp\/v2\/product\/735","targetHints":{"allow":["GET"]}}],"collection":[{"href":"https:\/\/kojicskin-europe.com\/de\/wp-json\/wp\/v2\/product"}],"about":[{"href":"https:\/\/kojicskin-europe.com\/de\/wp-json\/wp\/v2\/types\/product"}],"version-history":[{"count":0,"href":"https:\/\/kojicskin-europe.com\/de\/wp-json\/wp\/v2\/product\/735\/revisions"}],"wp:featuredmedia":[{"embeddable":true,"href":"https:\/\/kojicskin-europe.com\/de\/wp-json\/wp\/v2\/media\/736"}],"wp:attachment":[{"href":"https:\/\/kojicskin-europe.com\/de\/wp-json\/wp\/v2\/media?parent=735"}],"wp:term":[{"taxonomy":"product_brand","embeddable":true,"href":"https:\/\/kojicskin-europe.com\/de\/wp-json\/wp\/v2\/product_brand?post=735"},{"taxonomy":"product_cat","embeddable":true,"href":"https:\/\/kojicskin-europe.com\/de\/wp-json\/wp\/v2\/product_cat?post=735"},{"taxonomy":"product_tag","embeddable":true,"href":"https:\/\/kojicskin-europe.com\/de\/wp-json\/wp\/v2\/product_tag?post=735"}],"curies":[{"name":"wp","href":"https:\/\/api.w.org\/{rel}","templated":true}]}}