{"id":158,"date":"2024-09-14T15:27:10","date_gmt":"2024-09-14T15:27:10","guid":{"rendered":"http:\/\/kojic-skin-europe.local\/?post_type=product&#038;p=158"},"modified":"2026-03-24T13:56:22","modified_gmt":"2026-03-24T12:56:22","slug":"aufhellendes-duschgel-kojie-san-body-wash-300ml","status":"publish","type":"product","link":"https:\/\/kojicskin-europe.com\/de\/gel-douche-eclaircissant-kojie-san-body-wash-300ml\/","title":{"rendered":"Aufhellendes Duschgel \"Body Wash\" 300ml - Kojie San"},"content":{"rendered":"<p><strong>Kojie-San K\u00f6rperreiniger, hautaufhellend ist erfrischend f\u00fcr Ihren ganzen K\u00f6rper.<\/strong><\/p>\n<ul>\n<li>Reinigt und wirkt effektiv aufhellend auf Ihre Haut.<\/li>\n<li>Pflegt die Haut, h\u00e4lt die Haut bis zu 24 Stunden lang weich, geschmeidig und gut mit Feuchtigkeit versorgt.<\/li>\n<li>Reinigt sanft die \u00e4u\u00dfere Hautschicht, um den nat\u00fcrlichen Feuchtigkeitsgehalt Ihrer Haut zu bewahren.<\/li>\n<li>Pigmentfreie Lichttechnologie<\/li>\n<\/ul>\n<p>Ein einzigartiges System von<strong>Aufkl\u00e4rung<\/strong> der Haut, die hochwirksame Inhaltsstoffe effektiv bindet, um sicherzustellen, dass sie in Ihrer Haut aufgenommen und aktiviert werden, wo sie am dringendsten ben\u00f6tigt werden. Diese starke Wirkungsweise wirkt auf <strong>braune Flecken<\/strong>Die <strong>Altersflecken<\/strong>Die<strong> Narben,<\/strong> die <strong>Melasma<\/strong> und die<strong>hyperpigmentatio<\/strong>n, um Ihnen einen <strong>hellerer und ebenm\u00e4\u00dfigerer Teint<\/strong> !<\/p>\n<ul>\n<li>F\u00fcr alle Hauttypen geeignet<\/li>\n<li>F\u00fcr beste Ergebnisse verwenden Sie zweimal t\u00e4glich<\/li>\n<li>Dermatologisch getestet<\/li>\n<li>Ohne Paraben<\/li>\n<\/ul>\n<p><strong>Gebrauchsanweisung<\/strong> : Spr\u00fchen Sie etwas K\u00f6rperreiniger auf Ihre Hand, sch\u00e4umen Sie ihn auf und massieren Sie ihn in Ihre gesamte Haut ein. Sp\u00fclen Sie sie mit Wasser ab.<\/p>\n<p>Nur zur \u00e4u\u00dferlichen Anwendung. Bei Augenkontakt mit reichlich Wasser sp\u00fclen. Nicht f\u00fcr Kinder unter 3 Jahren.<\/p>\n<p><strong>Bemerkungen: <\/strong>probieren Sie ein neues Produkt immer zuerst im Inneren Ihres Handgelenks oder Arms aus. Warten Sie einige Stunden. Wenn es zu Irritationen kommt, beenden Sie die Anwendung.<\/p>","protected":false},"excerpt":{"rendered":"<ul>\n<li><strong><u>VORBEREITET &amp; VERSENDET INNERHALB VON 5 TAGEN<\/u><\/strong><\/li>\n<li>Produkt 100 % authentisch von der Marke Kojie San<\/li>\n<li>Erfrischt und hellt die Haut effektiv auf<\/li>\n<li>Beinhaltet eine einzigartige, pigmentfreie Lichttechnologie f\u00fcr eine gezielte Aufhellung.<\/li>\n<li>Wirkt gegen braune Flecken, Narben, Melasma und Hyperpigmentierung.<\/li>\n<li>Dermatologisch getestet und parabenfrei.<\/li>\n<li>F\u00fcr alle Hauttypen geeignet, f\u00fcr die t\u00e4gliche Anwendung.<\/li>\n<li><strong>Format<\/strong> : 300 ml<\/li>\n<\/ul>","protected":false},"featured_media":445,"template":"","meta":{"ocean_post_layout":"","ocean_both_sidebars_style":"","ocean_both_sidebars_content_width":0,"ocean_both_sidebars_sidebars_width":0,"ocean_sidebar":"0","ocean_second_sidebar":"0","ocean_disable_margins":"enable","ocean_add_body_class":"","ocean_shortcode_before_top_bar":"","ocean_shortcode_after_top_bar":"","ocean_shortcode_before_header":"","ocean_shortcode_after_header":"","ocean_has_shortcode":"","ocean_shortcode_after_title":"","ocean_shortcode_before_footer_widgets":"","ocean_shortcode_after_footer_widgets":"","ocean_shortcode_before_footer_bottom":"","ocean_shortcode_after_footer_bottom":"","ocean_display_top_bar":"default","ocean_display_header":"default","ocean_header_style":"","ocean_center_header_left_menu":"0","ocean_custom_header_template":"0","ocean_custom_logo":0,"ocean_custom_retina_logo":0,"ocean_custom_logo_max_width":0,"ocean_custom_logo_tablet_max_width":0,"ocean_custom_logo_mobile_max_width":0,"ocean_custom_logo_max_height":0,"ocean_custom_logo_tablet_max_height":0,"ocean_custom_logo_mobile_max_height":0,"ocean_header_custom_menu":"0","ocean_menu_typo_font_family":"0","ocean_menu_typo_font_subset":"","ocean_menu_typo_font_size":0,"ocean_menu_typo_font_size_tablet":0,"ocean_menu_typo_font_size_mobile":0,"ocean_menu_typo_font_size_unit":"px","ocean_menu_typo_font_weight":"","ocean_menu_typo_font_weight_tablet":"","ocean_menu_typo_font_weight_mobile":"","ocean_menu_typo_transform":"","ocean_menu_typo_transform_tablet":"","ocean_menu_typo_transform_mobile":"","ocean_menu_typo_line_height":0,"ocean_menu_typo_line_height_tablet":0,"ocean_menu_typo_line_height_mobile":0,"ocean_menu_typo_line_height_unit":"","ocean_menu_typo_spacing":0,"ocean_menu_typo_spacing_tablet":0,"ocean_menu_typo_spacing_mobile":0,"ocean_menu_typo_spacing_unit":"","ocean_menu_link_color":"","ocean_menu_link_color_hover":"","ocean_menu_link_color_active":"","ocean_menu_link_background":"","ocean_menu_link_hover_background":"","ocean_menu_link_active_background":"","ocean_menu_social_links_bg":"","ocean_menu_social_hover_links_bg":"","ocean_menu_social_links_color":"","ocean_menu_social_hover_links_color":"","ocean_disable_title":"default","ocean_disable_heading":"default","ocean_post_title":"","ocean_post_subheading":"","ocean_post_title_style":"","ocean_post_title_background_color":"","ocean_post_title_background":0,"ocean_post_title_bg_image_position":"","ocean_post_title_bg_image_attachment":"","ocean_post_title_bg_image_repeat":"","ocean_post_title_bg_image_size":"","ocean_post_title_height":0,"ocean_post_title_bg_overlay":0,"ocean_post_title_bg_overlay_color":"","ocean_disable_breadcrumbs":"default","ocean_breadcrumbs_color":"","ocean_breadcrumbs_separator_color":"","ocean_breadcrumbs_links_color":"","ocean_breadcrumbs_links_hover_color":"","ocean_display_footer_widgets":"default","ocean_display_footer_bottom":"default","ocean_custom_footer_template":"0"},"product_brand":[],"product_cat":[18,23],"product_tag":[],"class_list":{"0":"post-158","1":"product","2":"type-product","3":"status-publish","4":"has-post-thumbnail","6":"product_cat-kojie-san-cremes-lotions","7":"product_cat-kojie-san","9":"entry","10":"has-media","12":"first","13":"outofstock","14":"taxable","15":"shipping-taxable","16":"purchasable","17":"product-type-simple","18":"has-product-nav","19":"col","20":"span_1_of_3","21":"owp-content-center","22":"owp-thumbs-layout-horizontal","23":"owp-btn-normal","24":"owp-tabs-layout-horizontal","25":"has-no-thumbnails"},"yoast_head":"<!-- This site is optimized with the Yoast SEO plugin v27.3 - https:\/\/yoast.com\/product\/yoast-seo-wordpress\/ -->\n<title>Gel douche \u00e9claircissant &quot;Body Wash&quot; 300ml - Kojie San<\/title>\n<meta name=\"robots\" content=\"index, follow, max-snippet:-1, max-image-preview:large, max-video-preview:-1\" \/>\n<link rel=\"canonical\" href=\"https:\/\/kojicskin-europe.com\/de\/aufhellendes-duschgel-kojie-san-body-wash-300ml\/\" \/>\n<meta property=\"og:locale\" content=\"de_DE\" \/>\n<meta property=\"og:type\" content=\"article\" \/>\n<meta property=\"og:title\" content=\"Gel douche \u00e9claircissant &quot;Body Wash&quot; 300ml - Kojie San\" \/>\n<meta property=\"og:description\" content=\"PR\u00c9PAR\u00c9 &amp; EXPEDI\u00c9 SOUS\u00a05 JOURS  Produit 100 % authentique de la marque Kojie San  Rafra\u00eechit et \u00e9claircit efficacement la peau  Inclut une technologie unique de lumi\u00e8re sans pigment pour un \u00e9claircissement cibl\u00e9.  Agit sur les taches brunes, cicatrices, m\u00e9lasma, et hyperpigmentation.  Test\u00e9 dermatologiquement et sans paraben.  Convient \u00e0 tous types de peau, pour une utilisation quotidienne.  Format : 300 ml\" \/>\n<meta property=\"og:url\" content=\"https:\/\/kojicskin-europe.com\/de\/aufhellendes-duschgel-kojie-san-body-wash-300ml\/\" \/>\n<meta property=\"og:site_name\" content=\"Kojic Skin Europe\" \/>\n<meta property=\"article:modified_time\" content=\"2026-03-24T12:56:22+00:00\" \/>\n<meta property=\"og:image\" content=\"https:\/\/kojicskin-europe.com\/wp-content\/uploads\/2024\/09\/kojic-skin-europe-lotion-corps-eclaircissante-kojie-san.png\" \/>\n\t<meta property=\"og:image:width\" content=\"800\" \/>\n\t<meta property=\"og:image:height\" content=\"800\" \/>\n\t<meta property=\"og:image:type\" content=\"image\/png\" \/>\n<meta name=\"twitter:card\" content=\"summary_large_image\" \/>\n<meta name=\"twitter:label1\" content=\"Gesch\u00e4tzte Lesezeit\" \/>\n\t<meta name=\"twitter:data1\" content=\"2\u00a0Minuten\" \/>\n<script type=\"application\/ld+json\" class=\"yoast-schema-graph\">{\"@context\":\"https:\\\/\\\/schema.org\",\"@graph\":[{\"@type\":\"WebPage\",\"@id\":\"https:\\\/\\\/kojicskin-europe.com\\\/gel-douche-eclaircissant-kojie-san-body-wash-300ml\\\/\",\"url\":\"https:\\\/\\\/kojicskin-europe.com\\\/gel-douche-eclaircissant-kojie-san-body-wash-300ml\\\/\",\"name\":\"Gel douche \u00e9claircissant \\\"Body Wash\\\" 300ml - Kojie San\",\"isPartOf\":{\"@id\":\"https:\\\/\\\/kojicskin-europe.com\\\/#website\"},\"primaryImageOfPage\":{\"@id\":\"https:\\\/\\\/kojicskin-europe.com\\\/gel-douche-eclaircissant-kojie-san-body-wash-300ml\\\/#primaryimage\"},\"image\":{\"@id\":\"https:\\\/\\\/kojicskin-europe.com\\\/gel-douche-eclaircissant-kojie-san-body-wash-300ml\\\/#primaryimage\"},\"thumbnailUrl\":\"https:\\\/\\\/kojicskin-europe.com\\\/wp-content\\\/uploads\\\/2024\\\/09\\\/kojic-skin-europe-lotion-corps-eclaircissante-kojie-san.png\",\"datePublished\":\"2024-09-14T15:27:10+00:00\",\"dateModified\":\"2026-03-24T12:56:22+00:00\",\"breadcrumb\":{\"@id\":\"https:\\\/\\\/kojicskin-europe.com\\\/gel-douche-eclaircissant-kojie-san-body-wash-300ml\\\/#breadcrumb\"},\"inLanguage\":\"de\",\"potentialAction\":[{\"@type\":\"ReadAction\",\"target\":[\"https:\\\/\\\/kojicskin-europe.com\\\/gel-douche-eclaircissant-kojie-san-body-wash-300ml\\\/\"]}]},{\"@type\":\"ImageObject\",\"inLanguage\":\"de\",\"@id\":\"https:\\\/\\\/kojicskin-europe.com\\\/gel-douche-eclaircissant-kojie-san-body-wash-300ml\\\/#primaryimage\",\"url\":\"https:\\\/\\\/kojicskin-europe.com\\\/wp-content\\\/uploads\\\/2024\\\/09\\\/kojic-skin-europe-lotion-corps-eclaircissante-kojie-san.png\",\"contentUrl\":\"https:\\\/\\\/kojicskin-europe.com\\\/wp-content\\\/uploads\\\/2024\\\/09\\\/kojic-skin-europe-lotion-corps-eclaircissante-kojie-san.png\",\"width\":800,\"height\":800,\"caption\":\"Kojie San Lotion corps eclaircissante\"},{\"@type\":\"BreadcrumbList\",\"@id\":\"https:\\\/\\\/kojicskin-europe.com\\\/gel-douche-eclaircissant-kojie-san-body-wash-300ml\\\/#breadcrumb\",\"itemListElement\":[{\"@type\":\"ListItem\",\"position\":1,\"name\":\"Accueil\",\"item\":\"https:\\\/\\\/kojicskin-europe.com\\\/\"},{\"@type\":\"ListItem\",\"position\":2,\"name\":\"Kojie San\",\"item\":\"https:\\\/\\\/kojicskin-europe.com\\\/kojie-san\\\/\"},{\"@type\":\"ListItem\",\"position\":3,\"name\":\"Gel douche \u00e9claircissant \u00ab\u00a0Body Wash\u00a0\u00bb 300ml &#8211; Kojie San\"}]},{\"@type\":\"WebSite\",\"@id\":\"https:\\\/\\\/kojicskin-europe.com\\\/#website\",\"url\":\"https:\\\/\\\/kojicskin-europe.com\\\/\",\"name\":\"Kojic Skin Europe\",\"description\":\"\",\"publisher\":{\"@id\":\"https:\\\/\\\/kojicskin-europe.com\\\/#organization\"},\"potentialAction\":[{\"@type\":\"SearchAction\",\"target\":{\"@type\":\"EntryPoint\",\"urlTemplate\":\"https:\\\/\\\/kojicskin-europe.com\\\/?s={search_term_string}\"},\"query-input\":{\"@type\":\"PropertyValueSpecification\",\"valueRequired\":true,\"valueName\":\"search_term_string\"}}],\"inLanguage\":\"de\"},{\"@type\":\"Organization\",\"@id\":\"https:\\\/\\\/kojicskin-europe.com\\\/#organization\",\"name\":\"Kojic Skin Europe\",\"url\":\"https:\\\/\\\/kojicskin-europe.com\\\/\",\"logo\":{\"@type\":\"ImageObject\",\"inLanguage\":\"de\",\"@id\":\"https:\\\/\\\/kojicskin-europe.com\\\/#\\\/schema\\\/logo\\\/image\\\/\",\"url\":\"https:\\\/\\\/kojicskin-europe.com\\\/wp-content\\\/uploads\\\/2024\\\/11\\\/kojic-skin-europe-logo.png\",\"contentUrl\":\"https:\\\/\\\/kojicskin-europe.com\\\/wp-content\\\/uploads\\\/2024\\\/11\\\/kojic-skin-europe-logo.png\",\"width\":2078,\"height\":541,\"caption\":\"Kojic Skin Europe\"},\"image\":{\"@id\":\"https:\\\/\\\/kojicskin-europe.com\\\/#\\\/schema\\\/logo\\\/image\\\/\"}}]}<\/script>\n<!-- \/ Yoast SEO plugin. -->","yoast_head_json":{"title":"Aufhellendes Duschgel \"Body Wash\" 300ml - Kojie San","robots":{"index":"index","follow":"follow","max-snippet":"max-snippet:-1","max-image-preview":"max-image-preview:large","max-video-preview":"max-video-preview:-1"},"canonical":"https:\/\/kojicskin-europe.com\/de\/aufhellendes-duschgel-kojie-san-body-wash-300ml\/","og_locale":"de_DE","og_type":"article","og_title":"Gel douche \u00e9claircissant \"Body Wash\" 300ml - Kojie San","og_description":"PR\u00c9PAR\u00c9 &amp; EXPEDI\u00c9 SOUS\u00a05 JOURS  Produit 100 % authentique de la marque Kojie San  Rafra\u00eechit et \u00e9claircit efficacement la peau  Inclut une technologie unique de lumi\u00e8re sans pigment pour un \u00e9claircissement cibl\u00e9.  Agit sur les taches brunes, cicatrices, m\u00e9lasma, et hyperpigmentation.  Test\u00e9 dermatologiquement et sans paraben.  Convient \u00e0 tous types de peau, pour une utilisation quotidienne.  Format : 300 ml","og_url":"https:\/\/kojicskin-europe.com\/de\/aufhellendes-duschgel-kojie-san-body-wash-300ml\/","og_site_name":"Kojic Skin Europe","article_modified_time":"2026-03-24T12:56:22+00:00","og_image":[{"width":800,"height":800,"url":"https:\/\/kojicskin-europe.com\/wp-content\/uploads\/2024\/09\/kojic-skin-europe-lotion-corps-eclaircissante-kojie-san.png","type":"image\/png"}],"twitter_card":"summary_large_image","twitter_misc":{"Gesch\u00e4tzte Lesezeit":"2\u00a0Minuten"},"schema":{"@context":"https:\/\/schema.org","@graph":[{"@type":"WebPage","@id":"https:\/\/kojicskin-europe.com\/gel-douche-eclaircissant-kojie-san-body-wash-300ml\/","url":"https:\/\/kojicskin-europe.com\/gel-douche-eclaircissant-kojie-san-body-wash-300ml\/","name":"Aufhellendes Duschgel \"Body Wash\" 300ml - Kojie San","isPartOf":{"@id":"https:\/\/kojicskin-europe.com\/#website"},"primaryImageOfPage":{"@id":"https:\/\/kojicskin-europe.com\/gel-douche-eclaircissant-kojie-san-body-wash-300ml\/#primaryimage"},"image":{"@id":"https:\/\/kojicskin-europe.com\/gel-douche-eclaircissant-kojie-san-body-wash-300ml\/#primaryimage"},"thumbnailUrl":"https:\/\/kojicskin-europe.com\/wp-content\/uploads\/2024\/09\/kojic-skin-europe-lotion-corps-eclaircissante-kojie-san.png","datePublished":"2024-09-14T15:27:10+00:00","dateModified":"2026-03-24T12:56:22+00:00","breadcrumb":{"@id":"https:\/\/kojicskin-europe.com\/gel-douche-eclaircissant-kojie-san-body-wash-300ml\/#breadcrumb"},"inLanguage":"de","potentialAction":[{"@type":"ReadAction","target":["https:\/\/kojicskin-europe.com\/gel-douche-eclaircissant-kojie-san-body-wash-300ml\/"]}]},{"@type":"ImageObject","inLanguage":"de","@id":"https:\/\/kojicskin-europe.com\/gel-douche-eclaircissant-kojie-san-body-wash-300ml\/#primaryimage","url":"https:\/\/kojicskin-europe.com\/wp-content\/uploads\/2024\/09\/kojic-skin-europe-lotion-corps-eclaircissante-kojie-san.png","contentUrl":"https:\/\/kojicskin-europe.com\/wp-content\/uploads\/2024\/09\/kojic-skin-europe-lotion-corps-eclaircissante-kojie-san.png","width":800,"height":800,"caption":"Kojie San Lotion corps eclaircissante"},{"@type":"BreadcrumbList","@id":"https:\/\/kojicskin-europe.com\/gel-douche-eclaircissant-kojie-san-body-wash-300ml\/#breadcrumb","itemListElement":[{"@type":"ListItem","position":1,"name":"Accueil","item":"https:\/\/kojicskin-europe.com\/"},{"@type":"ListItem","position":2,"name":"Kojie San","item":"https:\/\/kojicskin-europe.com\/kojie-san\/"},{"@type":"ListItem","position":3,"name":"Gel douche \u00e9claircissant \u00ab\u00a0Body Wash\u00a0\u00bb 300ml &#8211; Kojie San"}]},{"@type":"WebSite","@id":"https:\/\/kojicskin-europe.com\/#website","url":"https:\/\/kojicskin-europe.com\/","name":"Kojic Skin Europa","description":"","publisher":{"@id":"https:\/\/kojicskin-europe.com\/#organization"},"potentialAction":[{"@type":"SearchAction","target":{"@type":"EntryPoint","urlTemplate":"https:\/\/kojicskin-europe.com\/?s={search_term_string}"},"query-input":{"@type":"PropertyValueSpecification","valueRequired":true,"valueName":"search_term_string"}}],"inLanguage":"de"},{"@type":"Organization","@id":"https:\/\/kojicskin-europe.com\/#organization","name":"Kojic Skin Europa","url":"https:\/\/kojicskin-europe.com\/","logo":{"@type":"ImageObject","inLanguage":"de","@id":"https:\/\/kojicskin-europe.com\/#\/schema\/logo\/image\/","url":"https:\/\/kojicskin-europe.com\/wp-content\/uploads\/2024\/11\/kojic-skin-europe-logo.png","contentUrl":"https:\/\/kojicskin-europe.com\/wp-content\/uploads\/2024\/11\/kojic-skin-europe-logo.png","width":2078,"height":541,"caption":"Kojic Skin Europe"},"image":{"@id":"https:\/\/kojicskin-europe.com\/#\/schema\/logo\/image\/"}}]}},"_links":{"self":[{"href":"https:\/\/kojicskin-europe.com\/de\/wp-json\/wp\/v2\/product\/158","targetHints":{"allow":["GET"]}}],"collection":[{"href":"https:\/\/kojicskin-europe.com\/de\/wp-json\/wp\/v2\/product"}],"about":[{"href":"https:\/\/kojicskin-europe.com\/de\/wp-json\/wp\/v2\/types\/product"}],"version-history":[{"count":0,"href":"https:\/\/kojicskin-europe.com\/de\/wp-json\/wp\/v2\/product\/158\/revisions"}],"wp:featuredmedia":[{"embeddable":true,"href":"https:\/\/kojicskin-europe.com\/de\/wp-json\/wp\/v2\/media\/445"}],"wp:attachment":[{"href":"https:\/\/kojicskin-europe.com\/de\/wp-json\/wp\/v2\/media?parent=158"}],"wp:term":[{"taxonomy":"product_brand","embeddable":true,"href":"https:\/\/kojicskin-europe.com\/de\/wp-json\/wp\/v2\/product_brand?post=158"},{"taxonomy":"product_cat","embeddable":true,"href":"https:\/\/kojicskin-europe.com\/de\/wp-json\/wp\/v2\/product_cat?post=158"},{"taxonomy":"product_tag","embeddable":true,"href":"https:\/\/kojicskin-europe.com\/de\/wp-json\/wp\/v2\/product_tag?post=158"}],"curies":[{"name":"wp","href":"https:\/\/api.w.org\/{rel}","templated":true}]}}